{"id":12456,"date":"2023-06-06T07:02:55","date_gmt":"2023-06-06T07:02:55","guid":{"rendered":"https:\/\/giatsu.com\/?post_type=product&#038;p=12456"},"modified":"2025-04-16T08:50:24","modified_gmt":"2025-04-16T08:50:24","slug":"ballon-aerothermique-avec-contribution-solaire-vaws","status":"publish","type":"product","link":"https:\/\/giatsu.com\/fr\/aerotermia-2\/accumulateurs-aerothermiques\/ballon-aerothermique-avec-contribution-solaire-vaws\/","title":{"rendered":"BALLON A\u00c9ROTHERMIQUE AVEC CONTRIBUTION SOLAIRE VAW+S"},"content":{"rendered":"<div class=\"wpb-content-wrapper\"><div class=\"container mb-1 moduloprincipalespictos\">\n<h2 class=\"text-center tituloprincipales\">Caracter\u00edsticas principales<\/h2>\n<div class=\"row row-cols-1 row-cols-md-2 row-cols-xl-3\">\n<div class=\"col-xs-6 col-md-3 order-last\">\n<div class=\"card\">\n                            <img decoding=\"async\" class=\"card-img-top w-100 d-block fit-cover pictoprincipalgrande\" src=\"https:\/\/giatsu.com\/wp-content\/uploads\/2023\/08\/wifi-incluido-cb8169.webp\" \/><\/p>\n<div class=\"card-body p-4\">\n<h3 class=\"font-weight-bold card-title\">WiFi inclus<\/h3>\n<p class=\"card-text\">Gr\u00e2ce \u00e0 l&rsquo;application GIApp, vous pouvez contr\u00f4ler l&rsquo;\u00e9quipement depuis un smartphone, une tablette ou \u00e0 la voix avec Alexa et Google Home.<\/p>\n<\/p><\/div><\/div><\/div>\n<div class=\"col-xs-6 col-md-3 order-last\">\n<div class=\"card\">\n                            <img decoding=\"async\" class=\"card-img-top w-100 d-block fit-cover pictoprincipalgrande\" src=\"https:\/\/giatsu.com\/wp-content\/uploads\/2023\/08\/facil_control_e_instalacion-2bc27d.webp\" \/><\/p>\n<div class=\"card-body p-4\">\n<h3 class=\"font-weight-bold card-title\">Contr\u00f4le facile et installation<\/h3>\n<p class=\"card-text\">Pour toute installation de climatisation gainable de mani\u00e8re simple et facile.<\/p>\n<\/p><\/div><\/div><\/div>\n<div class=\"col-xs-6 col-md-3 order-last\">\n<div class=\"card\">\n                            <img decoding=\"async\" class=\"card-img-top w-100 d-block fit-cover pictoprincipalgrande\" src=\"https:\/\/giatsu.com\/wp-content\/uploads\/2023\/08\/antilegionela-51edba.webp\" \/><\/p>\n<div class=\"card-body p-4\">\n<h3 class=\"font-weight-bold card-title\">Anti-l\u00e9gionellose<\/h3>\n<p class=\"card-text\">Protection contre les bact\u00e9ries d\u00e9velopp\u00e9es dans les \u00e9quipements d&rsquo;eau et les tours de refroidissement.<\/p>\n<\/p><\/div><\/div><\/div>\n<div class=\"col-xs-6 col-md-3 order-last\">\n<div class=\"card\">\n                            <img decoding=\"async\" class=\"card-img-top w-100 d-block fit-cover pictoprincipalgrande\" src=\"https:\/\/giatsu.com\/wp-content\/uploads\/2023\/08\/compatible-con-energia-solar-8962e7.webp\" \/><\/p>\n<div class=\"card-body p-4\">\n<h3 class=\"font-weight-bold card-title\">Compatible avec \u00e9nergie solaire<\/h3>\n<p class=\"card-text\">L&rsquo;\u00e9quipement est pr\u00e9par\u00e9 pour fonctionner avec des \u00e9quipements solaires thermiques, ce qui augmente l&rsquo;efficacit\u00e9 de l&rsquo;installation.<\/p>\n<\/p><\/div><\/div><\/div>\n<div class=\"col-xs-6 col-md-3 order-last\">\n<div class=\"card\">\n                            <img decoding=\"async\" class=\"card-img-top w-100 d-block fit-cover pictoprincipalgrande\" src=\"https:\/\/giatsu.com\/wp-content\/uploads\/2023\/08\/maxima-temperatura-de-salida-de-agua-cf2d09.webp\" \/><\/p>\n<div class=\"card-body p-4\">\n<h3 class=\"font-weight-bold card-title\">Temp\u00e9rature maximale de sortie d&rsquo;eau<\/h3>\n<p class=\"card-text\">C&rsquo;est la temp\u00e9rature chaude maximale \u00e0 laquelle l&rsquo;eau peut sortir avec un degr\u00e9 de sortie sp\u00e9cifi\u00e9 par d\u00e9faut.<\/p>\n<\/p><\/div><\/div><\/div><\/div><\/div>\n<hr>\n<p>        [vc_row mobile_bg_img_hidden=\u00a0\u00bbno\u00a0\u00bb tablet_bg_img_hidden=\u00a0\u00bbno\u00a0\u00bb woodmart_parallax=\u00a0\u00bb0&Prime; woodmart_gradient_switch=\u00a0\u00bbno\u00a0\u00bb row_reverse_mobile=\u00a0\u00bb0&Prime; row_reverse_tablet=\u00a0\u00bb0&Prime; woodmart_disable_overflow=\u00a0\u00bb0&Prime; el_class=\u00a0\u00bbfilaImgCaracteristica\u00a0\u00bb][vc_column mobile_bg_img_hidden=\u00a0\u00bbno\u00a0\u00bb tablet_bg_img_hidden=\u00a0\u00bbno\u00a0\u00bb woodmart_parallax=\u00a0\u00bb0&Prime; woodmart_sticky_column=\u00a0\u00bbfalse\u00a0\u00bb parallax_scroll=\u00a0\u00bbno\u00a0\u00bb mobile_reset_margin=\u00a0\u00bbno\u00a0\u00bb tablet_reset_margin=\u00a0\u00bbno\u00a0\u00bb]<\/p>\n<div class=\"container mb-1\">\n<h3 class=\"text-center\">Informaci\u00f3n t\u00e9cnica<\/h3>\n<div class=\"row row-cols-1 row-cols-md-2 row-cols-xl-3 justify-content-md-center\">\n<div class=\"col-xs-1 col-md-1\">\n<div class=\"card\">\n                            <img decoding=\"async\" class=\"card-img-top w-100 d-block fit-cover pictoprincipalgrande\" src=\"https:\/\/giatsu.com\/wp-content\/uploads\/2023\/08\/tanque_acero_inox-6d0546.webp\" \/><\/p>\n<div class=\"card-body p-4\">\n<h4 class=\"card-text textospictospeques\">R\u00c3\u00a9servoir en acier inoxydable<\/h4>\n<\/p><\/div><\/div><\/div>\n<div class=\"col-xs-1 col-md-1\">\n<div class=\"card\">\n                            <img decoding=\"async\" class=\"card-img-top w-100 d-block fit-cover pictoprincipalgrande\" src=\"https:\/\/giatsu.com\/wp-content\/uploads\/2023\/08\/sustituye_calentador_y_termo-2404a1.webp\" \/><\/p>\n<div class=\"card-body p-4\">\n<h4 class=\"card-text textospictospeques\">Remplace le radiateur et le thermos<\/h4>\n<\/p><\/div><\/div><\/div>\n<div class=\"col-xs-1 col-md-1\">\n<div class=\"card\">\n                            <img decoding=\"async\" class=\"card-img-top w-100 d-block fit-cover pictoprincipalgrande\" src=\"https:\/\/giatsu.com\/wp-content\/uploads\/2023\/08\/funcion_descarche-8cb55b.webp\" \/><\/p>\n<div class=\"card-body p-4\">\n<h4 class=\"card-text textospictospeques\">Fonction de d\u00e9givrage<\/h4>\n<\/p><\/div><\/div><\/div><\/div><\/div>\n<div class=\"row justify-content-md-center\">\n<div class=\"vc_btn3-container vc_btn3-inline\" id=\"botonDescargarFicha\">\n                        <a target=\"_blank\" class=\"btn btn-light border rounded-4 botondescarga\" href=\"https:\/\/giatsu.com\/documentacion\/\/giatsu-fichas-tecnicas-acumuladores-aerotermicos-vaw-frances.pdf\" title=\"\">T\u00e9l\u00e9charger la fiche<\/a>\n                 <\/div><\/div>\n<div class=\"row\">\n<hr>\n<div class=\"col text-center\"><a target=\"_blank\" href=\"https:\/\/giatsu.com\/documentacion\/\/giatsu-fichas-tecnicas-acumuladores-aerotermicos--.pdf\" class=\"btn btn-light border rounded-4 botonDescargaManual botondescarga\">Manuel de l&rsquo;utilisateur<\/a><\/div>\n<hr>\n<\/div>\n<\/div>","protected":false},"excerpt":{"rendered":"<p>Le <strong>ballon a&eacute;rothermique solaire VAW+S<\/strong> est con&ccedil;u pour vous offrir une puissance et des performances exceptionnelles en mati&egrave;re de production d\u00a0\u00bbeau chaude.<\/p>\n<p>Dot&eacute; de caract&eacute;ristiques avanc&eacute;es et d\u00a0\u00bbune technologie de pointe, il excelle en termes d\u00a0\u00bbefficacit&eacute; et de durabilit&eacute;.<\/p>\n<p>Il<strong>garantit une efficacit&eacute; maximale, m&ecirc;me &agrave; des temp&eacute;ratures &eacute;lev&eacute;es<\/strong>. Profitez d\u00a0\u00bbun approvisionnement constant en eau chaude et tirez le meilleur parti de son potentiel.<\/p>\n<p><strong>&Eacute;conomisez de l\u00a0\u00bb&eacute;nergie et r&eacute;duisez vos co&ucirc;ts<\/strong> gr&acirc;ce &agrave; son rendement A+.<\/p>\n<p>L\u00a0\u00bb<strong>int&eacute;gration d\u00a0\u00bbun syst&egrave;me solaire thermique<\/strong> est une caract&eacute;ristique cl&eacute; de notre produit. Optimisez l\u00a0\u00bbutilisation de l\u00a0\u00bb&eacute;nergie solaire dans votre syst&egrave;me d\u00a0\u00bbeau chaude, gardez un contr&ocirc;le total et profitez d\u00a0\u00bbune solution durable et efficace.<\/p>\n<p>Fabriqu&eacute;s en <strong>acier inoxydable de haute qualit&eacute;<\/strong>, nos r&eacute;servoirs de stockage thermique offrent une durabilit&eacute; et une r&eacute;sistance exceptionnelles. Oubliez les probl&egrave;mes de corrosion et profitez d\u00a0\u00bbun produit de qualit&eacute; qui vous accompagnera sur le long terme.<\/p>\n<p>La <strong>fonction antil&eacute;gionellose<\/strong> est une priorit&eacute; dans notre offre et la pression de 70&ordm;c assure une alimentation en eau chaude s&ucirc;re et saine pour vous et votre famille.<\/p>\n<p>Mod&egrave;les disponibles : 500L.<\/p>\n<div class='divPictosEnergia'>[vc_single_image image=&rsquo;12661&prime; alignment=&rsquo;center&rsquo; woodmart_inline=&rsquo;no&rsquo; parallax_scroll=&rsquo;no&rsquo; el_class=&rsquo;imgEnergia&rsquo; img_size=&rsquo;72&#215;36&prime;]<\/div>\n<div class='pictosvoz'>[vc_single_image image=&rsquo;13599&prime; alignment=&rsquo;center&rsquo; woodmart_inline=&rsquo;no&rsquo; parallax_scroll=&rsquo;no&rsquo; el_class=&rsquo;imgEnergia&rsquo; img_size=&rsquo;65&#215;65&prime;][vc_single_image image=&rsquo;13604&prime; alignment=&rsquo;center&rsquo; woodmart_inline=&rsquo;no&rsquo; parallax_scroll=&rsquo;no&rsquo; el_class=&rsquo;imgEnergia&rsquo; img_size=&rsquo;65&#215;65&prime;]<\/div>\n","protected":false},"featured_media":10853,"template":"","meta":{"_monsterinsights_skip_tracking":false,"_monsterinsights_sitenote_active":false,"_monsterinsights_sitenote_note":"","_monsterinsights_sitenote_category":0},"product_brand":[],"product_cat":[732,563],"product_tag":[],"class_list":{"0":"post-12456","1":"product","2":"type-product","3":"status-publish","4":"has-post-thumbnail","6":"product_cat-accumulateurs-aerothermiques","7":"product_cat-aerotermia-2","9":"first","10":"instock","11":"shipping-taxable","12":"product-type-simple"},"yoast_head":"<!-- This site is optimized with the Yoast SEO plugin v27.4 - https:\/\/yoast.com\/product\/yoast-seo-wordpress\/ -->\n<title>R\u00e9servoir de stockage ventil\u00e9 avec contribution solaire VAW+S<\/title>\n<meta name=\"description\" content=\"Dot\u00e9 de fonctions avanc\u00e9es et d&#039;&#039;une technologie de pointe, il excelle en termes d&#039;&#039;efficacit\u00e9 et de durabilit\u00e9. Il garantit une efficacit\u00e9 maximale, m\u00eame \u00e0 des temp\u00e9ratures \u00e9lev\u00e9es. Profitez d&#039;&#039;un approvisionnement constant en eau chaude et tirez le meilleur parti de son potentiel.\" \/>\n<meta name=\"robots\" content=\"index, follow, max-snippet:-1, max-image-preview:large, max-video-preview:-1\" \/>\n<link rel=\"canonical\" href=\"https:\/\/giatsu.com\/fr\/aerotermia-2\/accumulateurs-aerothermiques\/ballon-aerothermique-avec-contribution-solaire-vaws\/\" \/>\n<meta property=\"og:locale\" content=\"fr_FR\" \/>\n<meta property=\"og:type\" content=\"article\" \/>\n<meta property=\"og:title\" content=\"R\u00e9servoir de stockage ventil\u00e9 avec contribution solaire VAW+S\" \/>\n<meta property=\"og:description\" content=\"Dot\u00e9 de fonctions avanc\u00e9es et d&#039;&#039;une technologie de pointe, il excelle en termes d&#039;&#039;efficacit\u00e9 et de durabilit\u00e9. Il garantit une efficacit\u00e9 maximale, m\u00eame \u00e0 des temp\u00e9ratures \u00e9lev\u00e9es. Profitez d&#039;&#039;un approvisionnement constant en eau chaude et tirez le meilleur parti de son potentiel.\" \/>\n<meta property=\"og:url\" content=\"https:\/\/giatsu.com\/fr\/aerotermia-2\/accumulateurs-aerothermiques\/ballon-aerothermique-avec-contribution-solaire-vaws\/\" \/>\n<meta property=\"og:site_name\" content=\"GIATSU\" \/>\n<meta property=\"article:modified_time\" content=\"2025-04-16T08:50:24+00:00\" \/>\n<meta property=\"og:image\" content=\"https:\/\/giatsu.com\/wp-content\/uploads\/2023\/08\/vaws-7170c9.webp\" \/>\n\t<meta property=\"og:image:width\" content=\"800\" \/>\n\t<meta property=\"og:image:height\" content=\"800\" \/>\n\t<meta property=\"og:image:type\" content=\"image\/webp\" \/>\n<meta name=\"twitter:card\" content=\"summary_large_image\" \/>\n<meta name=\"twitter:label1\" content=\"Dur\u00e9e de lecture estim\u00e9e\" \/>\n\t<meta name=\"twitter:data1\" content=\"1 minute\" \/>\n<script type=\"application\/ld+json\" class=\"yoast-schema-graph\">{\"@context\":\"https:\\\/\\\/schema.org\",\"@graph\":[{\"@type\":\"WebPage\",\"@id\":\"https:\\\/\\\/giatsu.com\\\/fr\\\/aerotermia-2\\\/accumulateurs-aerothermiques\\\/ballon-aerothermique-avec-contribution-solaire-vaws\\\/\",\"url\":\"https:\\\/\\\/giatsu.com\\\/fr\\\/aerotermia-2\\\/accumulateurs-aerothermiques\\\/ballon-aerothermique-avec-contribution-solaire-vaws\\\/\",\"name\":\"R\u00e9servoir de stockage ventil\u00e9 avec contribution solaire VAW+S\",\"isPartOf\":{\"@id\":\"https:\\\/\\\/giatsu.com\\\/es\\\/#website\"},\"primaryImageOfPage\":{\"@id\":\"https:\\\/\\\/giatsu.com\\\/fr\\\/aerotermia-2\\\/accumulateurs-aerothermiques\\\/ballon-aerothermique-avec-contribution-solaire-vaws\\\/#primaryimage\"},\"image\":{\"@id\":\"https:\\\/\\\/giatsu.com\\\/fr\\\/aerotermia-2\\\/accumulateurs-aerothermiques\\\/ballon-aerothermique-avec-contribution-solaire-vaws\\\/#primaryimage\"},\"thumbnailUrl\":\"https:\\\/\\\/giatsu.com\\\/wp-content\\\/uploads\\\/2023\\\/08\\\/vaws-7170c9.webp\",\"datePublished\":\"2023-06-06T07:02:55+00:00\",\"dateModified\":\"2025-04-16T08:50:24+00:00\",\"description\":\"Dot\u00e9 de fonctions avanc\u00e9es et d''une technologie de pointe, il excelle en termes d''efficacit\u00e9 et de durabilit\u00e9. Il garantit une efficacit\u00e9 maximale, m\u00eame \u00e0 des temp\u00e9ratures \u00e9lev\u00e9es. Profitez d''un approvisionnement constant en eau chaude et tirez le meilleur parti de son potentiel.\",\"breadcrumb\":{\"@id\":\"https:\\\/\\\/giatsu.com\\\/fr\\\/aerotermia-2\\\/accumulateurs-aerothermiques\\\/ballon-aerothermique-avec-contribution-solaire-vaws\\\/#breadcrumb\"},\"inLanguage\":\"fr-FR\",\"potentialAction\":[{\"@type\":\"ReadAction\",\"target\":[\"https:\\\/\\\/giatsu.com\\\/fr\\\/aerotermia-2\\\/accumulateurs-aerothermiques\\\/ballon-aerothermique-avec-contribution-solaire-vaws\\\/\"]}]},{\"@type\":\"ImageObject\",\"inLanguage\":\"fr-FR\",\"@id\":\"https:\\\/\\\/giatsu.com\\\/fr\\\/aerotermia-2\\\/accumulateurs-aerothermiques\\\/ballon-aerothermique-avec-contribution-solaire-vaws\\\/#primaryimage\",\"url\":\"https:\\\/\\\/giatsu.com\\\/wp-content\\\/uploads\\\/2023\\\/08\\\/vaws-7170c9.webp\",\"contentUrl\":\"https:\\\/\\\/giatsu.com\\\/wp-content\\\/uploads\\\/2023\\\/08\\\/vaws-7170c9.webp\",\"width\":800,\"height\":800},{\"@type\":\"BreadcrumbList\",\"@id\":\"https:\\\/\\\/giatsu.com\\\/fr\\\/aerotermia-2\\\/accumulateurs-aerothermiques\\\/ballon-aerothermique-avec-contribution-solaire-vaws\\\/#breadcrumb\",\"itemListElement\":[{\"@type\":\"ListItem\",\"position\":1,\"name\":\"Home\",\"item\":\"https:\\\/\\\/giatsu.com\\\/es\\\/\"},{\"@type\":\"ListItem\",\"position\":2,\"name\":\"PRODUCTOS\",\"item\":\"https:\\\/\\\/giatsu.com\\\/es\\\/productos\\\/\"},{\"@type\":\"ListItem\",\"position\":3,\"name\":\"BALLON A\u00c9ROTHERMIQUE AVEC CONTRIBUTION SOLAIRE VAW+S\"}]},{\"@type\":\"WebSite\",\"@id\":\"https:\\\/\\\/giatsu.com\\\/es\\\/#website\",\"url\":\"https:\\\/\\\/giatsu.com\\\/es\\\/\",\"name\":\"GIATSU\",\"description\":\"Quality Comfort Everywhere\",\"potentialAction\":[{\"@type\":\"SearchAction\",\"target\":{\"@type\":\"EntryPoint\",\"urlTemplate\":\"https:\\\/\\\/giatsu.com\\\/es\\\/?s={search_term_string}\"},\"query-input\":{\"@type\":\"PropertyValueSpecification\",\"valueRequired\":true,\"valueName\":\"search_term_string\"}}],\"inLanguage\":\"fr-FR\"}]}<\/script>\n<!-- \/ Yoast SEO plugin. -->","yoast_head_json":{"title":"R\u00e9servoir de stockage ventil\u00e9 avec contribution solaire VAW+S","description":"Dot\u00e9 de fonctions avanc\u00e9es et d''une technologie de pointe, il excelle en termes d''efficacit\u00e9 et de durabilit\u00e9. Il garantit une efficacit\u00e9 maximale, m\u00eame \u00e0 des temp\u00e9ratures \u00e9lev\u00e9es. Profitez d''un approvisionnement constant en eau chaude et tirez le meilleur parti de son potentiel.","robots":{"index":"index","follow":"follow","max-snippet":"max-snippet:-1","max-image-preview":"max-image-preview:large","max-video-preview":"max-video-preview:-1"},"canonical":"https:\/\/giatsu.com\/fr\/aerotermia-2\/accumulateurs-aerothermiques\/ballon-aerothermique-avec-contribution-solaire-vaws\/","og_locale":"fr_FR","og_type":"article","og_title":"R\u00e9servoir de stockage ventil\u00e9 avec contribution solaire VAW+S","og_description":"Dot\u00e9 de fonctions avanc\u00e9es et d''une technologie de pointe, il excelle en termes d''efficacit\u00e9 et de durabilit\u00e9. Il garantit une efficacit\u00e9 maximale, m\u00eame \u00e0 des temp\u00e9ratures \u00e9lev\u00e9es. Profitez d''un approvisionnement constant en eau chaude et tirez le meilleur parti de son potentiel.","og_url":"https:\/\/giatsu.com\/fr\/aerotermia-2\/accumulateurs-aerothermiques\/ballon-aerothermique-avec-contribution-solaire-vaws\/","og_site_name":"GIATSU","article_modified_time":"2025-04-16T08:50:24+00:00","og_image":[{"width":800,"height":800,"url":"https:\/\/giatsu.com\/wp-content\/uploads\/2023\/08\/vaws-7170c9.webp","type":"image\/webp"}],"twitter_card":"summary_large_image","twitter_misc":{"Dur\u00e9e de lecture estim\u00e9e":"1 minute"},"schema":{"@context":"https:\/\/schema.org","@graph":[{"@type":"WebPage","@id":"https:\/\/giatsu.com\/fr\/aerotermia-2\/accumulateurs-aerothermiques\/ballon-aerothermique-avec-contribution-solaire-vaws\/","url":"https:\/\/giatsu.com\/fr\/aerotermia-2\/accumulateurs-aerothermiques\/ballon-aerothermique-avec-contribution-solaire-vaws\/","name":"R\u00e9servoir de stockage ventil\u00e9 avec contribution solaire VAW+S","isPartOf":{"@id":"https:\/\/giatsu.com\/es\/#website"},"primaryImageOfPage":{"@id":"https:\/\/giatsu.com\/fr\/aerotermia-2\/accumulateurs-aerothermiques\/ballon-aerothermique-avec-contribution-solaire-vaws\/#primaryimage"},"image":{"@id":"https:\/\/giatsu.com\/fr\/aerotermia-2\/accumulateurs-aerothermiques\/ballon-aerothermique-avec-contribution-solaire-vaws\/#primaryimage"},"thumbnailUrl":"https:\/\/giatsu.com\/wp-content\/uploads\/2023\/08\/vaws-7170c9.webp","datePublished":"2023-06-06T07:02:55+00:00","dateModified":"2025-04-16T08:50:24+00:00","description":"Dot\u00e9 de fonctions avanc\u00e9es et d''une technologie de pointe, il excelle en termes d''efficacit\u00e9 et de durabilit\u00e9. Il garantit une efficacit\u00e9 maximale, m\u00eame \u00e0 des temp\u00e9ratures \u00e9lev\u00e9es. Profitez d''un approvisionnement constant en eau chaude et tirez le meilleur parti de son potentiel.","breadcrumb":{"@id":"https:\/\/giatsu.com\/fr\/aerotermia-2\/accumulateurs-aerothermiques\/ballon-aerothermique-avec-contribution-solaire-vaws\/#breadcrumb"},"inLanguage":"fr-FR","potentialAction":[{"@type":"ReadAction","target":["https:\/\/giatsu.com\/fr\/aerotermia-2\/accumulateurs-aerothermiques\/ballon-aerothermique-avec-contribution-solaire-vaws\/"]}]},{"@type":"ImageObject","inLanguage":"fr-FR","@id":"https:\/\/giatsu.com\/fr\/aerotermia-2\/accumulateurs-aerothermiques\/ballon-aerothermique-avec-contribution-solaire-vaws\/#primaryimage","url":"https:\/\/giatsu.com\/wp-content\/uploads\/2023\/08\/vaws-7170c9.webp","contentUrl":"https:\/\/giatsu.com\/wp-content\/uploads\/2023\/08\/vaws-7170c9.webp","width":800,"height":800},{"@type":"BreadcrumbList","@id":"https:\/\/giatsu.com\/fr\/aerotermia-2\/accumulateurs-aerothermiques\/ballon-aerothermique-avec-contribution-solaire-vaws\/#breadcrumb","itemListElement":[{"@type":"ListItem","position":1,"name":"Home","item":"https:\/\/giatsu.com\/es\/"},{"@type":"ListItem","position":2,"name":"PRODUCTOS","item":"https:\/\/giatsu.com\/es\/productos\/"},{"@type":"ListItem","position":3,"name":"BALLON A\u00c9ROTHERMIQUE AVEC CONTRIBUTION SOLAIRE VAW+S"}]},{"@type":"WebSite","@id":"https:\/\/giatsu.com\/es\/#website","url":"https:\/\/giatsu.com\/es\/","name":"GIATSU","description":"Quality Comfort Everywhere","potentialAction":[{"@type":"SearchAction","target":{"@type":"EntryPoint","urlTemplate":"https:\/\/giatsu.com\/es\/?s={search_term_string}"},"query-input":{"@type":"PropertyValueSpecification","valueRequired":true,"valueName":"search_term_string"}}],"inLanguage":"fr-FR"}]}},"_links":{"self":[{"href":"https:\/\/giatsu.com\/fr\/wp-json\/wp\/v2\/product\/12456","targetHints":{"allow":["GET"]}}],"collection":[{"href":"https:\/\/giatsu.com\/fr\/wp-json\/wp\/v2\/product"}],"about":[{"href":"https:\/\/giatsu.com\/fr\/wp-json\/wp\/v2\/types\/product"}],"wp:featuredmedia":[{"embeddable":true,"href":"https:\/\/giatsu.com\/fr\/wp-json\/wp\/v2\/media\/10853"}],"wp:attachment":[{"href":"https:\/\/giatsu.com\/fr\/wp-json\/wp\/v2\/media?parent=12456"}],"wp:term":[{"taxonomy":"product_brand","embeddable":true,"href":"https:\/\/giatsu.com\/fr\/wp-json\/wp\/v2\/product_brand?post=12456"},{"taxonomy":"product_cat","embeddable":true,"href":"https:\/\/giatsu.com\/fr\/wp-json\/wp\/v2\/product_cat?post=12456"},{"taxonomy":"product_tag","embeddable":true,"href":"https:\/\/giatsu.com\/fr\/wp-json\/wp\/v2\/product_tag?post=12456"}],"curies":[{"name":"wp","href":"https:\/\/api.w.org\/{rel}","templated":true}]}}