{"id":12439,"date":"2023-06-06T07:02:44","date_gmt":"2023-06-06T07:02:44","guid":{"rendered":"https:\/\/giatsu.com\/?post_type=product&#038;p=12439"},"modified":"2025-04-25T11:20:08","modified_gmt":"2025-04-25T11:20:08","slug":"equipement-de-fenetre-w2","status":"publish","type":"product","link":"https:\/\/giatsu.com\/fr\/commercial-2\/equipement-de-fenetre\/equipement-de-fenetre-w2\/","title":{"rendered":"\u00c9QUIPEMENT DE FEN\u00caTRE W2"},"content":{"rendered":"<div class=\"wpb-content-wrapper\"><div class=\"container mb-1 moduloprincipalespictos\">\n<h2 class=\"text-center tituloprincipales\">Caracter\u00edsticas principales<\/h2>\n<div class=\"row row-cols-1 row-cols-md-2 row-cols-xl-3\">\n<div class=\"col-xs-6 col-md-3 order-last\">\n<div class=\"card\">\n                            <img decoding=\"async\" class=\"card-img-top w-100 d-block fit-cover pictoprincipalgrande\" src=\"https:\/\/giatsu.com\/wp-content\/uploads\/2023\/08\/temporizador-8a6fb8.webp\" \/><\/p>\n<div class=\"card-body p-4\">\n<h3 class=\"font-weight-bold card-title\">Minuteur<\/h3>\n<p class=\"card-text\">Permet de programmer le temps de fonctionnement et la temp\u00e9rature exacte de l?eau, en optimisant la consommation.<\/p>\n<\/p><\/div><\/div><\/div>\n<div class=\"col-xs-6 col-md-3 order-last\">\n<div class=\"card\">\n                            <img decoding=\"async\" class=\"card-img-top w-100 d-block fit-cover pictoprincipalgrande\" src=\"https:\/\/giatsu.com\/wp-content\/uploads\/2023\/08\/auto-swing-vertical-2eea27.webp\" \/><\/p>\n<div class=\"card-body p-4\">\n<h3 class=\"font-weight-bold card-title\">Auto-oscillation verticale<\/h3>\n<p class=\"card-text\">Mouvement vertical des lamelles de sortie d&rsquo;air automatiquement pour r\u00e9partir uniform\u00e9ment l&rsquo;air.<\/p>\n<\/p><\/div><\/div><\/div>\n<div class=\"col-xs-6 col-md-3 order-last\">\n<div class=\"card\">\n                            <img decoding=\"async\" class=\"card-img-top w-100 d-block fit-cover pictoprincipalgrande\" src=\"https:\/\/giatsu.com\/wp-content\/uploads\/2023\/08\/modo-frio-y-calor-fde88b.webp\" \/><\/p>\n<div class=\"card-body p-4\">\n<h3 class=\"font-weight-bold card-title\">Mode refroidissement\/chauffage<\/h3>\n<p class=\"card-text\">L&rsquo;unit\u00e9 est capable de fournir la climatisation et le chauffage.<\/p>\n<\/p><\/div><\/div><\/div>\n<div class=\"col-xs-6 col-md-3 order-last\">\n<div class=\"card\">\n                            <img decoding=\"async\" class=\"card-img-top w-100 d-block fit-cover pictoprincipalgrande\" src=\"https:\/\/giatsu.com\/wp-content\/uploads\/2023\/11\/i-feel-nuevo-6e7fd7.webp\" \/><\/p>\n<div class=\"card-body p-4\">\n<h3 class=\"font-weight-bold card-title\">Fonction I Feel<\/h3>\n<p class=\"card-text\">Le contr\u00f4leur sans fil a un capteur de temp\u00e9rature qui ajuste le fonctionnement de l&rsquo;\u00e9quipement.<\/p>\n<\/p><\/div><\/div><\/div><\/div><\/div>\n<hr>\n<p>        [vc_row mobile_bg_img_hidden=\u00a0\u00bbno\u00a0\u00bb tablet_bg_img_hidden=\u00a0\u00bbno\u00a0\u00bb woodmart_parallax=\u00a0\u00bb0&Prime; woodmart_gradient_switch=\u00a0\u00bbno\u00a0\u00bb row_reverse_mobile=\u00a0\u00bb0&Prime; row_reverse_tablet=\u00a0\u00bb0&Prime; woodmart_disable_overflow=\u00a0\u00bb0&Prime; el_class=\u00a0\u00bbfilaImgCaracteristica\u00a0\u00bb][vc_column mobile_bg_img_hidden=\u00a0\u00bbno\u00a0\u00bb tablet_bg_img_hidden=\u00a0\u00bbno\u00a0\u00bb woodmart_parallax=\u00a0\u00bb0&Prime; woodmart_sticky_column=\u00a0\u00bbfalse\u00a0\u00bb parallax_scroll=\u00a0\u00bbno\u00a0\u00bb mobile_reset_margin=\u00a0\u00bbno\u00a0\u00bb tablet_reset_margin=\u00a0\u00bbno\u00a0\u00bb]<\/p>\n<div class=\"container mb-1\">\n<h3 class=\"text-center\">Informaci\u00f3n t\u00e9cnica<\/h3>\n<div class=\"row row-cols-1 row-cols-md-2 row-cols-xl-3 justify-content-md-center\">\n<div class=\"col-xs-1 col-md-1\">\n<div class=\"card\">\n                            <img decoding=\"async\" class=\"card-img-top w-100 d-block fit-cover pictoprincipalgrande\" src=\"https:\/\/giatsu.com\/wp-content\/uploads\/2023\/08\/modo-noche-b8d8e1.webp\" \/><\/p>\n<div class=\"card-body p-4\">\n<h4 class=\"card-text textospictospeques\">Mode nuit<\/h4>\n<\/p><\/div><\/div><\/div>\n<div class=\"col-xs-1 col-md-1\">\n<div class=\"card\">\n                            <img decoding=\"async\" class=\"card-img-top w-100 d-block fit-cover pictoprincipalgrande\" src=\"https:\/\/giatsu.com\/wp-content\/uploads\/2023\/08\/deshumificador-0818c1.webp\" \/><\/p>\n<div class=\"card-body p-4\">\n<h4 class=\"card-text textospictospeques\">D\u00c3\u00a9shumidificateur<\/h4>\n<\/p><\/div><\/div><\/div>\n<div class=\"col-xs-1 col-md-1\">\n<div class=\"card\">\n                            <img decoding=\"async\" class=\"card-img-top w-100 d-block fit-cover pictoprincipalgrande\" src=\"https:\/\/giatsu.com\/wp-content\/uploads\/2023\/08\/toma-de-aire-fresco-aec453.webp\" \/><\/p>\n<div class=\"card-body p-4\">\n<h4 class=\"card-text textospictospeques\">Prise d&rsquo;air frais<\/h4>\n<\/p><\/div><\/div><\/div>\n<div class=\"col-xs-1 col-md-1\">\n<div class=\"card\">\n                            <img decoding=\"async\" class=\"card-img-top w-100 d-block fit-cover pictoprincipalgrande\" src=\"https:\/\/giatsu.com\/wp-content\/uploads\/2023\/08\/mando_a_distancia-fd84f3.webp\" \/><\/p>\n<div class=\"card-body p-4\">\n<h4 class=\"card-text textospictospeques\">T\u00c3\u00a9l\u00c3\u00a9commande<\/h4>\n<\/p><\/div><\/div><\/div>\n<div class=\"col-xs-1 col-md-1\">\n<div class=\"card\">\n                            <img decoding=\"async\" class=\"card-img-top w-100 d-block fit-cover pictoprincipalgrande\" src=\"https:\/\/giatsu.com\/wp-content\/uploads\/2023\/08\/auto_restart-50f34a.webp\" \/><\/p>\n<div class=\"card-body p-4\">\n<h4 class=\"card-text textospictospeques\">Red\u00e9marrage automatique<\/h4>\n<\/p><\/div><\/div><\/div><\/div><\/div>\n<div class=\"row justify-content-md-center\">\n<div class=\"vc_btn3-container vc_btn3-inline\" id=\"botonDescargarFicha\">\n                        <a target=\"_blank\" class=\"btn btn-light border rounded-4 botondescarga\" href=\"https:\/\/giatsu.com\/documentacion\/\/giatsu-fichas-tecnicas-equipos-de-ventana-w2-frances.pdf\" title=\"\">T\u00e9l\u00e9charger la fiche<\/a>\n                 <\/div><\/div>\n<div class=\"row\">\n<hr>\n<div class=\"col text-center\"><a target=\"_blank\" href=\"https:\/\/giatsu.com\/documentacion\/\/giatsu-manual-de-usuario-e-instalacion-equipos-de-ventana-w2-multiidioma.pdf\" class=\"btn btn-light border rounded-4 botonDescargaManual botondescarga\">Manuel de l&rsquo;utilisateur<\/a><\/div>\n<hr>\n<\/div>\n<\/div>","protected":false},"excerpt":{"rendered":"<p>Notre <strong>unit&eacute; de fen&ecirc;tre Giatsu W2<\/strong> est la solution id&eacute;ale pour refroidir et chauffer des pi&egrave;ces jusqu\u00a0\u00bb&agrave; 25m2.<\/p>\n<p>Elle est <strong>polyvalente et compacte<\/strong>: refroidissement, chauffage et d&eacute;shumidification en une seule unit&eacute;.<\/p>\n<p>Elle est facile &agrave; installer et plus facile &agrave; entretenir que la plupart des climatiseurs.<\/p>\n<p><strong>Id&eacute;al pour les chantiers, les kiosques et les travaux &eacute;ph&eacute;m&egrave;res. <\/strong><\/p>\n<ul>\n<li>La temp&eacute;rature est mesur&eacute;e &agrave; l\u00a0\u00bbendroit o&ugrave; se trouve la t&eacute;l&eacute;commande.<\/li>\n<li>Oscillation verticale des ailettes pour une meilleure circulation de l\u00a0\u00bbair.<\/li>\n<li>Fonction de d&eacute;shumidification, aide &agrave; r&eacute;duire l\u00a0\u00bbhumidit&eacute; dans l\u00a0\u00bbenvironnement, cr&eacute;ant un espace plus sain et plus confortable.<\/li>\n<li>Gr&acirc;ce &agrave; la minuterie int&eacute;gr&eacute;e, vous pouvez programmer la mise en marche et l\u00a0\u00bbarr&ecirc;t de l\u00a0\u00bbappareil en fonction de votre emploi du temps et de vos besoins.<\/li>\n<li>R&eacute;duit les &eacute;missions sonores pendant la nuit.<\/li>\n<\/ul>\n<p>Puissance disponible 3,5KW<\/p>\n<div class='divPictosEnergia'>[vc_single_image image=&rsquo;10410&prime; alignment=&rsquo;center&rsquo; woodmart_inline=&rsquo;no&rsquo; parallax_scroll=&rsquo;no&rsquo; el_class=&rsquo;imgEnergia&rsquo; img_size=&rsquo;72&#215;36&prime;][vc_single_image image=&rsquo;13495&prime; alignment=&rsquo;center&rsquo; woodmart_inline=&rsquo;no&rsquo; parallax_scroll=&rsquo;no&rsquo; el_class=&rsquo;imgEnergia&rsquo; img_size=&rsquo;72&#215;36&prime;]<\/div>\n<div class='pictosvoz'><\/div>\n","protected":false},"featured_media":9694,"template":"","meta":{"_monsterinsights_skip_tracking":false,"_monsterinsights_sitenote_active":false,"_monsterinsights_sitenote_note":"","_monsterinsights_sitenote_category":0},"product_brand":[],"product_cat":[704,771],"product_tag":[],"class_list":{"0":"post-12439","1":"product","2":"type-product","3":"status-publish","4":"has-post-thumbnail","6":"product_cat-commercial-2","7":"product_cat-equipement-de-fenetre","9":"first","10":"instock","11":"shipping-taxable","12":"product-type-simple"},"yoast_head":"<!-- This site is optimized with the Yoast SEO plugin v26.6 - https:\/\/yoast.com\/wordpress\/plugins\/seo\/ -->\n<title>\u00c9QUIPEMENT DE FEN\u00caTRE W2<\/title>\n<meta name=\"description\" content=\"C&#039;&#039;est la solution id\u00e9ale pour chauffer et refroidir des pi\u00e8ces jusqu&#039;&#039;\u00e0 25m2.\" \/>\n<meta name=\"robots\" content=\"index, follow, max-snippet:-1, max-image-preview:large, max-video-preview:-1\" \/>\n<link rel=\"canonical\" href=\"https:\/\/giatsu.com\/fr\/commercial-2\/equipement-de-fenetre\/equipement-de-fenetre-w2\/\" \/>\n<meta property=\"og:locale\" content=\"fr_FR\" \/>\n<meta property=\"og:type\" content=\"article\" \/>\n<meta property=\"og:title\" content=\"\u00c9QUIPEMENT DE FEN\u00caTRE W2\" \/>\n<meta property=\"og:description\" content=\"C&#039;&#039;est la solution id\u00e9ale pour chauffer et refroidir des pi\u00e8ces jusqu&#039;&#039;\u00e0 25m2.\" \/>\n<meta property=\"og:url\" content=\"https:\/\/giatsu.com\/fr\/commercial-2\/equipement-de-fenetre\/equipement-de-fenetre-w2\/\" \/>\n<meta property=\"og:site_name\" content=\"GIATSU\" \/>\n<meta property=\"article:modified_time\" content=\"2025-04-25T11:20:08+00:00\" \/>\n<meta property=\"og:image\" content=\"https:\/\/giatsu.com\/wp-content\/uploads\/2023\/08\/w2-3-a2647c.webp\" \/>\n\t<meta property=\"og:image:width\" content=\"800\" \/>\n\t<meta property=\"og:image:height\" content=\"800\" \/>\n\t<meta property=\"og:image:type\" content=\"image\/webp\" \/>\n<meta name=\"twitter:card\" content=\"summary_large_image\" \/>\n<meta name=\"twitter:label1\" content=\"Dur\u00e9e de lecture estim\u00e9e\" \/>\n\t<meta name=\"twitter:data1\" content=\"1 minute\" \/>\n<script type=\"application\/ld+json\" class=\"yoast-schema-graph\">{\"@context\":\"https:\/\/schema.org\",\"@graph\":[{\"@type\":\"WebPage\",\"@id\":\"https:\/\/giatsu.com\/fr\/commercial-2\/equipement-de-fenetre\/equipement-de-fenetre-w2\/\",\"url\":\"https:\/\/giatsu.com\/fr\/commercial-2\/equipement-de-fenetre\/equipement-de-fenetre-w2\/\",\"name\":\"\u00c9QUIPEMENT DE FEN\u00caTRE W2\",\"isPartOf\":{\"@id\":\"https:\/\/giatsu.com\/es\/#website\"},\"primaryImageOfPage\":{\"@id\":\"https:\/\/giatsu.com\/fr\/commercial-2\/equipement-de-fenetre\/equipement-de-fenetre-w2\/#primaryimage\"},\"image\":{\"@id\":\"https:\/\/giatsu.com\/fr\/commercial-2\/equipement-de-fenetre\/equipement-de-fenetre-w2\/#primaryimage\"},\"thumbnailUrl\":\"https:\/\/giatsu.com\/wp-content\/uploads\/2023\/08\/w2-3-a2647c.webp\",\"datePublished\":\"2023-06-06T07:02:44+00:00\",\"dateModified\":\"2025-04-25T11:20:08+00:00\",\"description\":\"C''est la solution id\u00e9ale pour chauffer et refroidir des pi\u00e8ces jusqu''\u00e0 25m2.\",\"breadcrumb\":{\"@id\":\"https:\/\/giatsu.com\/fr\/commercial-2\/equipement-de-fenetre\/equipement-de-fenetre-w2\/#breadcrumb\"},\"inLanguage\":\"fr-FR\",\"potentialAction\":[{\"@type\":\"ReadAction\",\"target\":[\"https:\/\/giatsu.com\/fr\/commercial-2\/equipement-de-fenetre\/equipement-de-fenetre-w2\/\"]}]},{\"@type\":\"ImageObject\",\"inLanguage\":\"fr-FR\",\"@id\":\"https:\/\/giatsu.com\/fr\/commercial-2\/equipement-de-fenetre\/equipement-de-fenetre-w2\/#primaryimage\",\"url\":\"https:\/\/giatsu.com\/wp-content\/uploads\/2023\/08\/w2-3-a2647c.webp\",\"contentUrl\":\"https:\/\/giatsu.com\/wp-content\/uploads\/2023\/08\/w2-3-a2647c.webp\",\"width\":800,\"height\":800},{\"@type\":\"BreadcrumbList\",\"@id\":\"https:\/\/giatsu.com\/fr\/commercial-2\/equipement-de-fenetre\/equipement-de-fenetre-w2\/#breadcrumb\",\"itemListElement\":[{\"@type\":\"ListItem\",\"position\":1,\"name\":\"Home\",\"item\":\"https:\/\/giatsu.com\/es\/\"},{\"@type\":\"ListItem\",\"position\":2,\"name\":\"PRODUCTOS\",\"item\":\"https:\/\/giatsu.com\/es\/productos\/\"},{\"@type\":\"ListItem\",\"position\":3,\"name\":\"\u00c9QUIPEMENT DE FEN\u00caTRE W2\"}]},{\"@type\":\"WebSite\",\"@id\":\"https:\/\/giatsu.com\/es\/#website\",\"url\":\"https:\/\/giatsu.com\/es\/\",\"name\":\"GIATSU\",\"description\":\"Quality Comfort Everywhere\",\"potentialAction\":[{\"@type\":\"SearchAction\",\"target\":{\"@type\":\"EntryPoint\",\"urlTemplate\":\"https:\/\/giatsu.com\/es\/?s={search_term_string}\"},\"query-input\":{\"@type\":\"PropertyValueSpecification\",\"valueRequired\":true,\"valueName\":\"search_term_string\"}}],\"inLanguage\":\"fr-FR\"}]}<\/script>\n<!-- \/ Yoast SEO plugin. -->","yoast_head_json":{"title":"\u00c9QUIPEMENT DE FEN\u00caTRE W2","description":"C''est la solution id\u00e9ale pour chauffer et refroidir des pi\u00e8ces jusqu''\u00e0 25m2.","robots":{"index":"index","follow":"follow","max-snippet":"max-snippet:-1","max-image-preview":"max-image-preview:large","max-video-preview":"max-video-preview:-1"},"canonical":"https:\/\/giatsu.com\/fr\/commercial-2\/equipement-de-fenetre\/equipement-de-fenetre-w2\/","og_locale":"fr_FR","og_type":"article","og_title":"\u00c9QUIPEMENT DE FEN\u00caTRE W2","og_description":"C''est la solution id\u00e9ale pour chauffer et refroidir des pi\u00e8ces jusqu''\u00e0 25m2.","og_url":"https:\/\/giatsu.com\/fr\/commercial-2\/equipement-de-fenetre\/equipement-de-fenetre-w2\/","og_site_name":"GIATSU","article_modified_time":"2025-04-25T11:20:08+00:00","og_image":[{"width":800,"height":800,"url":"https:\/\/giatsu.com\/wp-content\/uploads\/2023\/08\/w2-3-a2647c.webp","type":"image\/webp"}],"twitter_card":"summary_large_image","twitter_misc":{"Dur\u00e9e de lecture estim\u00e9e":"1 minute"},"schema":{"@context":"https:\/\/schema.org","@graph":[{"@type":"WebPage","@id":"https:\/\/giatsu.com\/fr\/commercial-2\/equipement-de-fenetre\/equipement-de-fenetre-w2\/","url":"https:\/\/giatsu.com\/fr\/commercial-2\/equipement-de-fenetre\/equipement-de-fenetre-w2\/","name":"\u00c9QUIPEMENT DE FEN\u00caTRE W2","isPartOf":{"@id":"https:\/\/giatsu.com\/es\/#website"},"primaryImageOfPage":{"@id":"https:\/\/giatsu.com\/fr\/commercial-2\/equipement-de-fenetre\/equipement-de-fenetre-w2\/#primaryimage"},"image":{"@id":"https:\/\/giatsu.com\/fr\/commercial-2\/equipement-de-fenetre\/equipement-de-fenetre-w2\/#primaryimage"},"thumbnailUrl":"https:\/\/giatsu.com\/wp-content\/uploads\/2023\/08\/w2-3-a2647c.webp","datePublished":"2023-06-06T07:02:44+00:00","dateModified":"2025-04-25T11:20:08+00:00","description":"C''est la solution id\u00e9ale pour chauffer et refroidir des pi\u00e8ces jusqu''\u00e0 25m2.","breadcrumb":{"@id":"https:\/\/giatsu.com\/fr\/commercial-2\/equipement-de-fenetre\/equipement-de-fenetre-w2\/#breadcrumb"},"inLanguage":"fr-FR","potentialAction":[{"@type":"ReadAction","target":["https:\/\/giatsu.com\/fr\/commercial-2\/equipement-de-fenetre\/equipement-de-fenetre-w2\/"]}]},{"@type":"ImageObject","inLanguage":"fr-FR","@id":"https:\/\/giatsu.com\/fr\/commercial-2\/equipement-de-fenetre\/equipement-de-fenetre-w2\/#primaryimage","url":"https:\/\/giatsu.com\/wp-content\/uploads\/2023\/08\/w2-3-a2647c.webp","contentUrl":"https:\/\/giatsu.com\/wp-content\/uploads\/2023\/08\/w2-3-a2647c.webp","width":800,"height":800},{"@type":"BreadcrumbList","@id":"https:\/\/giatsu.com\/fr\/commercial-2\/equipement-de-fenetre\/equipement-de-fenetre-w2\/#breadcrumb","itemListElement":[{"@type":"ListItem","position":1,"name":"Home","item":"https:\/\/giatsu.com\/es\/"},{"@type":"ListItem","position":2,"name":"PRODUCTOS","item":"https:\/\/giatsu.com\/es\/productos\/"},{"@type":"ListItem","position":3,"name":"\u00c9QUIPEMENT DE FEN\u00caTRE W2"}]},{"@type":"WebSite","@id":"https:\/\/giatsu.com\/es\/#website","url":"https:\/\/giatsu.com\/es\/","name":"GIATSU","description":"Quality Comfort Everywhere","potentialAction":[{"@type":"SearchAction","target":{"@type":"EntryPoint","urlTemplate":"https:\/\/giatsu.com\/es\/?s={search_term_string}"},"query-input":{"@type":"PropertyValueSpecification","valueRequired":true,"valueName":"search_term_string"}}],"inLanguage":"fr-FR"}]}},"_links":{"self":[{"href":"https:\/\/giatsu.com\/fr\/wp-json\/wp\/v2\/product\/12439","targetHints":{"allow":["GET"]}}],"collection":[{"href":"https:\/\/giatsu.com\/fr\/wp-json\/wp\/v2\/product"}],"about":[{"href":"https:\/\/giatsu.com\/fr\/wp-json\/wp\/v2\/types\/product"}],"wp:featuredmedia":[{"embeddable":true,"href":"https:\/\/giatsu.com\/fr\/wp-json\/wp\/v2\/media\/9694"}],"wp:attachment":[{"href":"https:\/\/giatsu.com\/fr\/wp-json\/wp\/v2\/media?parent=12439"}],"wp:term":[{"taxonomy":"product_brand","embeddable":true,"href":"https:\/\/giatsu.com\/fr\/wp-json\/wp\/v2\/product_brand?post=12439"},{"taxonomy":"product_cat","embeddable":true,"href":"https:\/\/giatsu.com\/fr\/wp-json\/wp\/v2\/product_cat?post=12439"},{"taxonomy":"product_tag","embeddable":true,"href":"https:\/\/giatsu.com\/fr\/wp-json\/wp\/v2\/product_tag?post=12439"}],"curies":[{"name":"wp","href":"https:\/\/api.w.org\/{rel}","templated":true}]}}