{"id":12422,"date":"2023-06-06T07:02:34","date_gmt":"2023-06-06T07:02:34","guid":{"rendered":"https:\/\/giatsu.com\/?post_type=product&#038;p=12422"},"modified":"2025-09-19T12:19:11","modified_gmt":"2025-09-19T12:19:11","slug":"chauffe-eau-electrique-capricornio-eco","status":"publish","type":"product","link":"https:\/\/giatsu.com\/fr\/eau-chaude\/chauffe-eau-electriques\/chauffe-eau-electrique-capricornio-eco\/","title":{"rendered":"CHAUFFE-EAU \u00c9LECTRIQUE CAPRICORNIO ECO"},"content":{"rendered":"<div class=\"wpb-content-wrapper\"><div class=\"container mb-1 moduloprincipalespictos\">\n<h2 class=\"text-center tituloprincipales\">Caracter\u00edsticas principales<\/h2>\n<div class=\"row row-cols-1 row-cols-md-2 row-cols-xl-3\">\n<div class=\"col-xs-6 col-md-3 order-last\">\n<div class=\"card\">\n                            <img decoding=\"async\" class=\"card-img-top w-100 d-block fit-cover pictoprincipalgrande\" src=\"https:\/\/giatsu.com\/wp-content\/uploads\/2023\/08\/aislamiento-de-poliuretano-de-alta-densidad-e2510f.webp\" \/><\/p>\n<div class=\"card-body p-4\">\n<h3 class=\"font-weight-bold card-title\">Isolation en polyur\u00e9thane haute densit\u00e9<\/h3>\n<p class=\"card-text\">Il permet de maintenir plus longtemps la temp\u00e9rature de l&rsquo;eau du ballon chaud gr\u00e2ce \u00e0 son pouvoir isolant.<\/p>\n<\/p><\/div><\/div><\/div>\n<div class=\"col-xs-6 col-md-3 order-last\">\n<div class=\"card\">\n                            <img decoding=\"async\" class=\"card-img-top w-100 d-block fit-cover pictoprincipalgrande\" src=\"https:\/\/giatsu.com\/wp-content\/uploads\/2023\/08\/anodo-de-magnesio-anticorrosion-88b41c.webp\" \/><\/p>\n<div class=\"card-body p-4\">\n<h3 class=\"font-weight-bold card-title\">Anode en magn\u00e9sium anti-corrosion<\/h3>\n<p class=\"card-text\">Il int\u00e8gre une anode en magn\u00e9sium anticorrosion qui augmente la dur\u00e9e de vie utile du r\u00e9servoir et sa r\u00e9sistance.<\/p>\n<\/p><\/div><\/div><\/div>\n<div class=\"col-xs-6 col-md-3 order-last\">\n<div class=\"card\">\n                            <img decoding=\"async\" class=\"card-img-top w-100 d-block fit-cover pictoprincipalgrande\" src=\"https:\/\/giatsu.com\/wp-content\/uploads\/2023\/08\/valvula-de-seguridad-212379.webp\" \/><\/p>\n<div class=\"card-body p-4\">\n<h3 class=\"font-weight-bold card-title\">Valve de s\u00e9curit\u00e9<\/h3>\n<p class=\"card-text\">Avec cet \u00e9l\u00e9ment de s\u00e9curit\u00e9, d&rsquo;\u00e9ventuelles ruptures et fuites d&rsquo;eau sont \u00e9vit\u00e9es.<\/p>\n<\/p><\/div><\/div><\/div><\/div><\/div>\n<hr>\n<p>        [vc_row mobile_bg_img_hidden=\u00a0\u00bbno\u00a0\u00bb tablet_bg_img_hidden=\u00a0\u00bbno\u00a0\u00bb woodmart_parallax=\u00a0\u00bb0&Prime; woodmart_gradient_switch=\u00a0\u00bbno\u00a0\u00bb row_reverse_mobile=\u00a0\u00bb0&Prime; row_reverse_tablet=\u00a0\u00bb0&Prime; woodmart_disable_overflow=\u00a0\u00bb0&Prime; el_class=\u00a0\u00bbfilaImgCaracteristica\u00a0\u00bb][vc_column mobile_bg_img_hidden=\u00a0\u00bbno\u00a0\u00bb tablet_bg_img_hidden=\u00a0\u00bbno\u00a0\u00bb woodmart_parallax=\u00a0\u00bb0&Prime; woodmart_sticky_column=\u00a0\u00bbfalse\u00a0\u00bb parallax_scroll=\u00a0\u00bbno\u00a0\u00bb mobile_reset_margin=\u00a0\u00bbno\u00a0\u00bb tablet_reset_margin=\u00a0\u00bbno\u00a0\u00bb]<\/p>\n<div class=\"container mb-1\">\n<h3 class=\"text-center\">Informaci\u00f3n t\u00e9cnica<\/h3>\n<div class=\"row row-cols-1 row-cols-md-2 row-cols-xl-3 justify-content-md-center\">\n<div class=\"col-xs-1 col-md-1\">\n<div class=\"card\">\n                            <img decoding=\"async\" class=\"card-img-top w-100 d-block fit-cover pictoprincipalgrande\" src=\"https:\/\/giatsu.com\/wp-content\/uploads\/2023\/08\/tanque-esmaltado-en-polvo-seco-5f2e43.webp\" \/><\/p>\n<div class=\"card-body p-4\">\n<h4 class=\"card-text textospictospeques\">R\u00e9servoir \u00e9maill\u00e9 \u00e0 poudre s\u00e8che<\/h4>\n<\/p><\/div><\/div><\/div>\n<div class=\"col-xs-1 col-md-1\">\n<div class=\"card\">\n                            <img decoding=\"async\" class=\"card-img-top w-100 d-block fit-cover pictoprincipalgrande\" src=\"https:\/\/giatsu.com\/wp-content\/uploads\/2023\/08\/resistencia_incoloy-840-932d36.webp\" \/><\/p>\n<div class=\"card-body p-4\">\n<h4 class=\"card-text textospictospeques\">R\u00e9sistance des couleurs 840<\/h4>\n<\/p><\/div><\/div><\/div><\/div><\/div>\n<\/div>","protected":false},"excerpt":{"rendered":"<p>Le <strong>chauffe-eau &eacute;lectrique vertical CAPRICORNIO ECO<\/strong> red&eacute;finit vos attentes.<\/p>\n<p>Notre produit est con&ccedil;u pour vous offrir une exp&eacute;rience exceptionnelle en mati&egrave;re d\u00a0\u00bbeau chaude, en combinant des caract&eacute;ristiques avanc&eacute;es et une technologie de pointe.<\/p>\n<p>L\u00a0\u00bb<strong>&eacute;l&eacute;ment chauffant en incoloy 840<\/strong> est l\u00a0\u00bbune de nos caract&eacute;ristiques exceptionnelles. Il offre une r&eacute;sistance sup&eacute;rieure &agrave; la corrosion, garantissant une longue dur&eacute;e de vie et des performances optimales &agrave; tout moment. Profitez de l\u00a0\u00bbeau chaude sans vous soucier des effets du temps et des agents corrosifs.<\/p>\n<p>Capricorn ECO se distingue par son <strong>temps de chauffe r&eacute;duit<\/strong>, ce qui signifie que vous pouvez profiter de l\u00a0\u00bbeau chaude en quelques minutes. Oubliez l\u00a0\u00bbattente et profitez au maximum de votre temps.<\/p>\n<p>L\u00a0\u00bb<strong>isolation en polyur&eacute;thane haute densit&eacute;<\/strong> garantit une efficacit&eacute; &eacute;nerg&eacute;tique exceptionnelle en conservant la chaleur &agrave; l\u00a0\u00bbint&eacute;rieur du chauffe-eau.<\/p>\n<p>Gr&acirc;ce au r&eacute;gulateur de temp&eacute;rature, vous pouvez r&eacute;gler la temp&eacute;rature de l\u00a0\u00bbeau en fonction de vos pr&eacute;f&eacute;rences et de vos besoins. Personnalisez votre exp&eacute;rience de l\u00a0\u00bbeau chaude pour un confort absolu.<\/p>\n<p>Capacit&eacute;s disponibles : 30L, 50L, 80L, 100L<\/p>\n<div class='divPictosEnergia'>[vc_single_image image=&rsquo;9193&prime; alignment=&rsquo;center&rsquo; woodmart_inline=&rsquo;no&rsquo; parallax_scroll=&rsquo;no&rsquo; el_class=&rsquo;imgEnergia&rsquo; img_size=&rsquo;72&#215;36&prime;][vc_single_image image=&rsquo;10310&prime; alignment=&rsquo;center&rsquo; woodmart_inline=&rsquo;no&rsquo; parallax_scroll=&rsquo;no&rsquo; el_class=&rsquo;imgEnergia&rsquo; img_size=&rsquo;72&#215;36&prime;]<\/div>\n<div class='pictosvoz'><\/div>\n","protected":false},"featured_media":9413,"template":"","meta":{"_monsterinsights_skip_tracking":false,"_monsterinsights_sitenote_active":false,"_monsterinsights_sitenote_note":"","_monsterinsights_sitenote_category":0},"product_brand":[],"product_cat":[850,848],"product_tag":[],"class_list":{"0":"post-12422","1":"product","2":"type-product","3":"status-publish","4":"has-post-thumbnail","6":"product_cat-chauffe-eau-electriques","7":"product_cat-eau-chaude","9":"first","10":"instock","11":"shipping-taxable","12":"product-type-simple"},"yoast_head":"<!-- This site is optimized with the Yoast SEO plugin v27.4 - https:\/\/yoast.com\/product\/yoast-seo-wordpress\/ -->\n<title>CHAUFFE-EAU \u00c9LECTRIQUE CAPRICORNIO ECO<\/title>\n<meta name=\"description\" content=\"Capricorn ECO se distingue par son temps de chauffe court, ce qui signifie que vous pouvez profiter de l&#039;&#039;eau chaude en quelques minutes. Oubliez l&#039;&#039;attente et profitez au maximum de votre temps.\" \/>\n<meta name=\"robots\" content=\"index, follow, max-snippet:-1, max-image-preview:large, max-video-preview:-1\" \/>\n<link rel=\"canonical\" href=\"https:\/\/giatsu.com\/fr\/eau-chaude\/chauffe-eau-electriques\/chauffe-eau-electrique-capricornio-eco\/\" \/>\n<meta property=\"og:locale\" content=\"fr_FR\" \/>\n<meta property=\"og:type\" content=\"article\" \/>\n<meta property=\"og:title\" content=\"CHAUFFE-EAU \u00c9LECTRIQUE CAPRICORNIO ECO\" \/>\n<meta property=\"og:description\" content=\"Capricorn ECO se distingue par son temps de chauffe court, ce qui signifie que vous pouvez profiter de l&#039;&#039;eau chaude en quelques minutes. Oubliez l&#039;&#039;attente et profitez au maximum de votre temps.\" \/>\n<meta property=\"og:url\" content=\"https:\/\/giatsu.com\/fr\/eau-chaude\/chauffe-eau-electriques\/chauffe-eau-electrique-capricornio-eco\/\" \/>\n<meta property=\"og:site_name\" content=\"GIATSU\" \/>\n<meta property=\"article:modified_time\" content=\"2025-09-19T12:19:11+00:00\" \/>\n<meta property=\"og:image\" content=\"https:\/\/giatsu.com\/wp-content\/uploads\/2023\/08\/capricornio2-a9c554.webp\" \/>\n\t<meta property=\"og:image:width\" content=\"800\" \/>\n\t<meta property=\"og:image:height\" content=\"800\" \/>\n\t<meta property=\"og:image:type\" content=\"image\/webp\" \/>\n<meta name=\"twitter:card\" content=\"summary_large_image\" \/>\n<meta name=\"twitter:label1\" content=\"Dur\u00e9e de lecture estim\u00e9e\" \/>\n\t<meta name=\"twitter:data1\" content=\"1 minute\" \/>\n<script type=\"application\/ld+json\" class=\"yoast-schema-graph\">{\"@context\":\"https:\\\/\\\/schema.org\",\"@graph\":[{\"@type\":\"WebPage\",\"@id\":\"https:\\\/\\\/giatsu.com\\\/fr\\\/eau-chaude\\\/chauffe-eau-electriques\\\/chauffe-eau-electrique-capricornio-eco\\\/\",\"url\":\"https:\\\/\\\/giatsu.com\\\/fr\\\/eau-chaude\\\/chauffe-eau-electriques\\\/chauffe-eau-electrique-capricornio-eco\\\/\",\"name\":\"CHAUFFE-EAU \u00c9LECTRIQUE CAPRICORNIO ECO\",\"isPartOf\":{\"@id\":\"https:\\\/\\\/giatsu.com\\\/es\\\/#website\"},\"primaryImageOfPage\":{\"@id\":\"https:\\\/\\\/giatsu.com\\\/fr\\\/eau-chaude\\\/chauffe-eau-electriques\\\/chauffe-eau-electrique-capricornio-eco\\\/#primaryimage\"},\"image\":{\"@id\":\"https:\\\/\\\/giatsu.com\\\/fr\\\/eau-chaude\\\/chauffe-eau-electriques\\\/chauffe-eau-electrique-capricornio-eco\\\/#primaryimage\"},\"thumbnailUrl\":\"https:\\\/\\\/giatsu.com\\\/wp-content\\\/uploads\\\/2023\\\/08\\\/capricornio2-a9c554.webp\",\"datePublished\":\"2023-06-06T07:02:34+00:00\",\"dateModified\":\"2025-09-19T12:19:11+00:00\",\"description\":\"Capricorn ECO se distingue par son temps de chauffe court, ce qui signifie que vous pouvez profiter de l''eau chaude en quelques minutes. Oubliez l''attente et profitez au maximum de votre temps.\",\"breadcrumb\":{\"@id\":\"https:\\\/\\\/giatsu.com\\\/fr\\\/eau-chaude\\\/chauffe-eau-electriques\\\/chauffe-eau-electrique-capricornio-eco\\\/#breadcrumb\"},\"inLanguage\":\"fr-FR\",\"potentialAction\":[{\"@type\":\"ReadAction\",\"target\":[\"https:\\\/\\\/giatsu.com\\\/fr\\\/eau-chaude\\\/chauffe-eau-electriques\\\/chauffe-eau-electrique-capricornio-eco\\\/\"]}]},{\"@type\":\"ImageObject\",\"inLanguage\":\"fr-FR\",\"@id\":\"https:\\\/\\\/giatsu.com\\\/fr\\\/eau-chaude\\\/chauffe-eau-electriques\\\/chauffe-eau-electrique-capricornio-eco\\\/#primaryimage\",\"url\":\"https:\\\/\\\/giatsu.com\\\/wp-content\\\/uploads\\\/2023\\\/08\\\/capricornio2-a9c554.webp\",\"contentUrl\":\"https:\\\/\\\/giatsu.com\\\/wp-content\\\/uploads\\\/2023\\\/08\\\/capricornio2-a9c554.webp\",\"width\":800,\"height\":800},{\"@type\":\"BreadcrumbList\",\"@id\":\"https:\\\/\\\/giatsu.com\\\/fr\\\/eau-chaude\\\/chauffe-eau-electriques\\\/chauffe-eau-electrique-capricornio-eco\\\/#breadcrumb\",\"itemListElement\":[{\"@type\":\"ListItem\",\"position\":1,\"name\":\"Home\",\"item\":\"https:\\\/\\\/giatsu.com\\\/es\\\/\"},{\"@type\":\"ListItem\",\"position\":2,\"name\":\"PRODUCTOS\",\"item\":\"https:\\\/\\\/giatsu.com\\\/es\\\/productos\\\/\"},{\"@type\":\"ListItem\",\"position\":3,\"name\":\"CHAUFFE-EAU \u00c9LECTRIQUE CAPRICORNIO ECO\"}]},{\"@type\":\"WebSite\",\"@id\":\"https:\\\/\\\/giatsu.com\\\/es\\\/#website\",\"url\":\"https:\\\/\\\/giatsu.com\\\/es\\\/\",\"name\":\"GIATSU\",\"description\":\"Quality Comfort Everywhere\",\"potentialAction\":[{\"@type\":\"SearchAction\",\"target\":{\"@type\":\"EntryPoint\",\"urlTemplate\":\"https:\\\/\\\/giatsu.com\\\/es\\\/?s={search_term_string}\"},\"query-input\":{\"@type\":\"PropertyValueSpecification\",\"valueRequired\":true,\"valueName\":\"search_term_string\"}}],\"inLanguage\":\"fr-FR\"}]}<\/script>\n<!-- \/ Yoast SEO plugin. -->","yoast_head_json":{"title":"CHAUFFE-EAU \u00c9LECTRIQUE CAPRICORNIO ECO","description":"Capricorn ECO se distingue par son temps de chauffe court, ce qui signifie que vous pouvez profiter de l''eau chaude en quelques minutes. Oubliez l''attente et profitez au maximum de votre temps.","robots":{"index":"index","follow":"follow","max-snippet":"max-snippet:-1","max-image-preview":"max-image-preview:large","max-video-preview":"max-video-preview:-1"},"canonical":"https:\/\/giatsu.com\/fr\/eau-chaude\/chauffe-eau-electriques\/chauffe-eau-electrique-capricornio-eco\/","og_locale":"fr_FR","og_type":"article","og_title":"CHAUFFE-EAU \u00c9LECTRIQUE CAPRICORNIO ECO","og_description":"Capricorn ECO se distingue par son temps de chauffe court, ce qui signifie que vous pouvez profiter de l''eau chaude en quelques minutes. Oubliez l''attente et profitez au maximum de votre temps.","og_url":"https:\/\/giatsu.com\/fr\/eau-chaude\/chauffe-eau-electriques\/chauffe-eau-electrique-capricornio-eco\/","og_site_name":"GIATSU","article_modified_time":"2025-09-19T12:19:11+00:00","og_image":[{"width":800,"height":800,"url":"https:\/\/giatsu.com\/wp-content\/uploads\/2023\/08\/capricornio2-a9c554.webp","type":"image\/webp"}],"twitter_card":"summary_large_image","twitter_misc":{"Dur\u00e9e de lecture estim\u00e9e":"1 minute"},"schema":{"@context":"https:\/\/schema.org","@graph":[{"@type":"WebPage","@id":"https:\/\/giatsu.com\/fr\/eau-chaude\/chauffe-eau-electriques\/chauffe-eau-electrique-capricornio-eco\/","url":"https:\/\/giatsu.com\/fr\/eau-chaude\/chauffe-eau-electriques\/chauffe-eau-electrique-capricornio-eco\/","name":"CHAUFFE-EAU \u00c9LECTRIQUE CAPRICORNIO ECO","isPartOf":{"@id":"https:\/\/giatsu.com\/es\/#website"},"primaryImageOfPage":{"@id":"https:\/\/giatsu.com\/fr\/eau-chaude\/chauffe-eau-electriques\/chauffe-eau-electrique-capricornio-eco\/#primaryimage"},"image":{"@id":"https:\/\/giatsu.com\/fr\/eau-chaude\/chauffe-eau-electriques\/chauffe-eau-electrique-capricornio-eco\/#primaryimage"},"thumbnailUrl":"https:\/\/giatsu.com\/wp-content\/uploads\/2023\/08\/capricornio2-a9c554.webp","datePublished":"2023-06-06T07:02:34+00:00","dateModified":"2025-09-19T12:19:11+00:00","description":"Capricorn ECO se distingue par son temps de chauffe court, ce qui signifie que vous pouvez profiter de l''eau chaude en quelques minutes. Oubliez l''attente et profitez au maximum de votre temps.","breadcrumb":{"@id":"https:\/\/giatsu.com\/fr\/eau-chaude\/chauffe-eau-electriques\/chauffe-eau-electrique-capricornio-eco\/#breadcrumb"},"inLanguage":"fr-FR","potentialAction":[{"@type":"ReadAction","target":["https:\/\/giatsu.com\/fr\/eau-chaude\/chauffe-eau-electriques\/chauffe-eau-electrique-capricornio-eco\/"]}]},{"@type":"ImageObject","inLanguage":"fr-FR","@id":"https:\/\/giatsu.com\/fr\/eau-chaude\/chauffe-eau-electriques\/chauffe-eau-electrique-capricornio-eco\/#primaryimage","url":"https:\/\/giatsu.com\/wp-content\/uploads\/2023\/08\/capricornio2-a9c554.webp","contentUrl":"https:\/\/giatsu.com\/wp-content\/uploads\/2023\/08\/capricornio2-a9c554.webp","width":800,"height":800},{"@type":"BreadcrumbList","@id":"https:\/\/giatsu.com\/fr\/eau-chaude\/chauffe-eau-electriques\/chauffe-eau-electrique-capricornio-eco\/#breadcrumb","itemListElement":[{"@type":"ListItem","position":1,"name":"Home","item":"https:\/\/giatsu.com\/es\/"},{"@type":"ListItem","position":2,"name":"PRODUCTOS","item":"https:\/\/giatsu.com\/es\/productos\/"},{"@type":"ListItem","position":3,"name":"CHAUFFE-EAU \u00c9LECTRIQUE CAPRICORNIO ECO"}]},{"@type":"WebSite","@id":"https:\/\/giatsu.com\/es\/#website","url":"https:\/\/giatsu.com\/es\/","name":"GIATSU","description":"Quality Comfort Everywhere","potentialAction":[{"@type":"SearchAction","target":{"@type":"EntryPoint","urlTemplate":"https:\/\/giatsu.com\/es\/?s={search_term_string}"},"query-input":{"@type":"PropertyValueSpecification","valueRequired":true,"valueName":"search_term_string"}}],"inLanguage":"fr-FR"}]}},"_links":{"self":[{"href":"https:\/\/giatsu.com\/fr\/wp-json\/wp\/v2\/product\/12422","targetHints":{"allow":["GET"]}}],"collection":[{"href":"https:\/\/giatsu.com\/fr\/wp-json\/wp\/v2\/product"}],"about":[{"href":"https:\/\/giatsu.com\/fr\/wp-json\/wp\/v2\/types\/product"}],"wp:featuredmedia":[{"embeddable":true,"href":"https:\/\/giatsu.com\/fr\/wp-json\/wp\/v2\/media\/9413"}],"wp:attachment":[{"href":"https:\/\/giatsu.com\/fr\/wp-json\/wp\/v2\/media?parent=12422"}],"wp:term":[{"taxonomy":"product_brand","embeddable":true,"href":"https:\/\/giatsu.com\/fr\/wp-json\/wp\/v2\/product_brand?post=12422"},{"taxonomy":"product_cat","embeddable":true,"href":"https:\/\/giatsu.com\/fr\/wp-json\/wp\/v2\/product_cat?post=12422"},{"taxonomy":"product_tag","embeddable":true,"href":"https:\/\/giatsu.com\/fr\/wp-json\/wp\/v2\/product_tag?post=12422"}],"curies":[{"name":"wp","href":"https:\/\/api.w.org\/{rel}","templated":true}]}}