{"id":12414,"date":"2023-06-06T07:02:32","date_gmt":"2023-06-06T07:02:32","guid":{"rendered":"https:\/\/giatsu.com\/?post_type=product&#038;p=12414"},"modified":"2025-09-19T12:20:26","modified_gmt":"2025-09-19T12:20:26","slug":"chaudiere-electrique-intelligente","status":"publish","type":"product","link":"https:\/\/giatsu.com\/fr\/eau-chaude\/chauffe-eau-electriques\/chaudiere-electrique-intelligente\/","title":{"rendered":"CHAUDI\u00c8RE \u00c9LECTRIQUE INTELLIGENTE"},"content":{"rendered":"<div class=\"wpb-content-wrapper\"><div class=\"container mb-1 moduloprincipalespictos\">\n<h2 class=\"text-center tituloprincipales\">Caracter\u00edsticas principales<\/h2>\n<div class=\"row row-cols-1 row-cols-md-2 row-cols-xl-3\">\n<div class=\"col-xs-6 col-md-3 order-last\">\n<div class=\"card\">\n                            <img decoding=\"async\" class=\"card-img-top w-100 d-block fit-cover pictoprincipalgrande\" src=\"https:\/\/giatsu.com\/wp-content\/uploads\/2023\/08\/wifi-incluido-cb8169.webp\" \/><\/p>\n<div class=\"card-body p-4\">\n<h3 class=\"font-weight-bold card-title\">wifi inclus<\/h3>\n<p class=\"card-text\">Gr\u00e2ce \u00e0 l&rsquo;application GIApp, vous pouvez contr\u00f4ler l&rsquo;\u00e9quipement depuis un smartphone, une tablette ou \u00e0 la voix avec Alexa et Google Home.<\/p>\n<\/p><\/div><\/div><\/div>\n<div class=\"col-xs-6 col-md-3 order-last\">\n<div class=\"card\">\n                            <img decoding=\"async\" class=\"card-img-top w-100 d-block fit-cover pictoprincipalgrande\" src=\"https:\/\/giatsu.com\/wp-content\/uploads\/2023\/08\/anodo_electronico-559b8a.webp\" \/><\/p>\n<div class=\"card-body p-4\">\n<h3 class=\"font-weight-bold card-title\">Anode \u00e9lectronique<\/h3>\n<p class=\"card-text\">L?anode \u00e9lectronique ne n\u00e9cessite aucun entretien, ce qui se traduit par une meilleure protection contre la corrosion pendant la dur\u00e9e de vie utile du chauffe-eau.<\/p>\n<\/p><\/div><\/div><\/div>\n<div class=\"col-xs-6 col-md-3 order-last\">\n<div class=\"card\">\n                            <img decoding=\"async\" class=\"card-img-top w-100 d-block fit-cover pictoprincipalgrande\" src=\"https:\/\/giatsu.com\/wp-content\/uploads\/2023\/08\/modo_smart-d6223e.webp\" \/><\/p>\n<div class=\"card-body p-4\">\n<h3 class=\"font-weight-bold card-title\">Mode Smart<\/h3>\n<p class=\"card-text\">HTW Smart Plus s?adapte automatiquement aux habitudes de chaque utilisateur, obtenant une temp\u00e9rature pr\u00e9cise bas\u00e9e sur la demande r\u00e9elle et des \u00e9conomies allant jusqu?\u00e0 20% de consommation.<\/p>\n<\/p><\/div><\/div><\/div>\n<div class=\"col-xs-6 col-md-3 order-last\">\n<div class=\"card\">\n                            <img decoding=\"async\" class=\"card-img-top w-100 d-block fit-cover pictoprincipalgrande\" src=\"https:\/\/giatsu.com\/wp-content\/uploads\/2023\/08\/resistencia-blindada-a9307e.webp\" \/><\/p>\n<div class=\"card-body p-4\">\n<h3 class=\"font-weight-bold card-title\">R\u00e9sistance blind\u00e9e<\/h3>\n<p class=\"card-text\">R\u00e9sistance prot\u00e9g\u00e9e de la corrosion et de l&rsquo;accumulation de d\u00e9p\u00f4ts min\u00e9raux qui peuvent affecter les performances du thermos.<\/p>\n<\/p><\/div><\/div><\/div><\/div><\/div>\n<hr>\n<p>        [vc_row mobile_bg_img_hidden=\u00a0\u00bbno\u00a0\u00bb tablet_bg_img_hidden=\u00a0\u00bbno\u00a0\u00bb woodmart_parallax=\u00a0\u00bb0&Prime; woodmart_gradient_switch=\u00a0\u00bbno\u00a0\u00bb row_reverse_mobile=\u00a0\u00bb0&Prime; row_reverse_tablet=\u00a0\u00bb0&Prime; woodmart_disable_overflow=\u00a0\u00bb0&Prime; el_class=\u00a0\u00bbfilaImgCaracteristica\u00a0\u00bb][vc_column mobile_bg_img_hidden=\u00a0\u00bbno\u00a0\u00bb tablet_bg_img_hidden=\u00a0\u00bbno\u00a0\u00bb woodmart_parallax=\u00a0\u00bb0&Prime; woodmart_sticky_column=\u00a0\u00bbfalse\u00a0\u00bb parallax_scroll=\u00a0\u00bbno\u00a0\u00bb mobile_reset_margin=\u00a0\u00bbno\u00a0\u00bb tablet_reset_margin=\u00a0\u00bbno\u00a0\u00bb]<\/p>\n<div class=\"container mb-1\">\n<h3 class=\"text-center\">Informaci\u00f3n t\u00e9cnica<\/h3>\n<div class=\"row row-cols-1 row-cols-md-2 row-cols-xl-3 justify-content-md-center\">\n<div class=\"col-xs-1 col-md-1\">\n<div class=\"card\">\n                            <img decoding=\"async\" class=\"card-img-top w-100 d-block fit-cover pictoprincipalgrande\" src=\"https:\/\/giatsu.com\/wp-content\/uploads\/2023\/08\/funcion-anti-congelante-bdb344.webp\" \/><\/p>\n<div class=\"card-body p-4\">\n<h4 class=\"card-text textospictospeques\">Fonction antigel<\/h4>\n<\/p><\/div><\/div><\/div>\n<div class=\"col-xs-1 col-md-1\">\n<div class=\"card\">\n                            <img decoding=\"async\" class=\"card-img-top w-100 d-block fit-cover pictoprincipalgrande\" src=\"https:\/\/giatsu.com\/wp-content\/uploads\/2023\/08\/proteccion_contra_el_sobrecalentamiento_en_seco-2c9e53.webp\" \/><\/p>\n<div class=\"card-body p-4\">\n<h4 class=\"card-text textospictospeques\">Protection contre la surchauffe \u00e0 sec<\/h4>\n<\/p><\/div><\/div><\/div>\n<div class=\"col-xs-1 col-md-1\">\n<div class=\"card\">\n                            <img decoding=\"async\" class=\"card-img-top w-100 d-block fit-cover pictoprincipalgrande\" src=\"https:\/\/giatsu.com\/wp-content\/uploads\/2023\/08\/funcion_anti-legionela-ce85aa.webp\" \/><\/p>\n<div class=\"card-body p-4\">\n<h4 class=\"card-text textospictospeques\">Fonction anti l\u00e9gionelle<\/h4>\n<\/p><\/div><\/div><\/div>\n<div class=\"col-xs-1 col-md-1\">\n<div class=\"card\">\n                            <img decoding=\"async\" class=\"card-img-top w-100 d-block fit-cover pictoprincipalgrande\" src=\"https:\/\/giatsu.com\/wp-content\/uploads\/2023\/08\/aislamiento_de-poliuretano_alta_densidad-a91c43.webp\" \/><\/p>\n<div class=\"card-body p-4\">\n<h4 class=\"card-text textospictospeques\">Isolation en polyur\u00e9thane haute densit\u00e9<\/h4>\n<\/p><\/div><\/div><\/div><\/div><\/div>\n<div class=\"row justify-content-md-center\">\n<div class=\"vc_btn3-container vc_btn3-inline\" id=\"botonDescargarFicha\">\n                        <a target=\"_blank\" class=\"btn btn-light border rounded-4 botondescarga\" href=\"https:\/\/giatsu.com\/documentacion\/\/giatsu-fichas-tecnicas-termos-electricos-intelligent-frances.pdf\" title=\"\">T\u00e9l\u00e9charger la fiche<\/a>\n                 <\/div><\/div>\n<div class=\"row\">\n<hr>\n<div class=\"col text-center\"><a target=\"_blank\" href=\"https:\/\/giatsu.com\/documentacion\/\/giatsu-manual-de-usuario-e-instalacion-termos-electricos-intelligent-multiidioma.pdf\" class=\"btn btn-light border rounded-4 botonDescargaManual botondescarga\">Manuel de l&rsquo;utilisateur<\/a><\/div>\n<hr>\n<\/div>\n<\/div>","protected":false},"excerpt":{"rendered":"<p>Notre <strong>chauffe-eau &eacute;lectrique INTELLIGENT<\/strong> est con&ccedil;u pour vous offrir une exp&eacute;rience exceptionnelle en mati&egrave;re d\u00a0\u00bbeau chaude, en associant des fonctionnalit&eacute;s avanc&eacute;es &agrave; une technologie intelligente.<\/p>\n<p>Gr&acirc;ce &agrave; la <strong>fonction Smart<\/strong>, il apprend vos habitudes de consommation pour s\u00a0\u00bbadapter &agrave; vos besoins. Au fur et &agrave; mesure que vous l\u00a0\u00bbutilisez, le chauffe-eau s\u00a0\u00bbajuste automatiquement pour vous offrir la bonne temp&eacute;rature au bon moment. Profitez d\u00a0\u00bbune exp&eacute;rience personnalis&eacute;e et efficace.<\/p>\n<p>La <strong>connectivit&eacute; Wi-Fi <\/strong>et la commande APP vous permettent de contr&ocirc;ler votre chauffe-eau de mani&egrave;re simple et pratique. De n\u00a0\u00bbimporte o&ugrave;, &agrave; n\u00a0\u00bbimporte quel moment, vous pouvez r&eacute;gler la temp&eacute;rature, programmer des horaires et recevoir des notifications personnalis&eacute;es. Gardez le contr&ocirc;le total entre vos mains.<\/p>\n<p>Dot&eacute; d\u00a0\u00bbune <strong> anode &eacute;lectronique<\/strong> de pointe, ce composant innovant prolonge la dur&eacute;e de vie du chauffe-eau et r&eacute;duit l\u00a0\u00bbaccumulation de s&eacute;diments. Gagnez du temps et de l\u00a0\u00bb&eacute;nergie, et profitez d\u00a0\u00bbun chauffe-eau fiable qui ne n&eacute;cessite que peu d\u00a0\u00bbentretien.<\/p>\n<p>L\u00a0\u00bb<strong>isolation en polyur&eacute;thane haute densit&eacute;<\/strong> garantit une efficacit&eacute; &eacute;nerg&eacute;tique exceptionnelle. Conservez la chaleur &agrave; l\u00a0\u00bbint&eacute;rieur du chauffe-eau et b&eacute;n&eacute;ficiez de performances optimales. R&eacute;duisez vos co&ucirc;ts &eacute;nerg&eacute;tiques et contribuez &agrave; un avenir plus durable.<\/p>\n<p>Capacit&eacute;s disponibles : 30L 50L 80L<\/p>\n<div class='divPictosEnergia'>[vc_single_image image=&rsquo;9193&prime; alignment=&rsquo;center&rsquo; woodmart_inline=&rsquo;no&rsquo; parallax_scroll=&rsquo;no&rsquo; el_class=&rsquo;imgEnergia&rsquo; img_size=&rsquo;72&#215;36&prime;]<\/div>\n<div class='pictosvoz'><\/div>\n","protected":false},"featured_media":9158,"template":"","meta":{"_monsterinsights_skip_tracking":false,"_monsterinsights_sitenote_active":false,"_monsterinsights_sitenote_note":"","_monsterinsights_sitenote_category":0},"product_brand":[],"product_cat":[850,848],"product_tag":[],"class_list":{"0":"post-12414","1":"product","2":"type-product","3":"status-publish","4":"has-post-thumbnail","6":"product_cat-chauffe-eau-electriques","7":"product_cat-eau-chaude","9":"first","10":"instock","11":"shipping-taxable","12":"product-type-simple"},"yoast_head":"<!-- This site is optimized with the Yoast SEO plugin v27.4 - https:\/\/yoast.com\/product\/yoast-seo-wordpress\/ -->\n<title>Chauffe-eau \u00e9lectrique INTELLIGENT<\/title>\n<meta name=\"description\" content=\"Le chauffe-eau \u00e9lectrique intelligent Giatsu offre une connectivit\u00e9 Wi-Fi et une fonction Smart qui apprend vos habitudes de consommation pour optimiser les performances et \u00e9conomiser de l&#039;&#039;\u00e9nergie. Il comprend une anode \u00e9lectronique n\u00e9cessitant peu d&#039;&#039;entretien et est disponible en 30, 50, 80 et 100 litres.\" \/>\n<meta name=\"robots\" content=\"index, follow, max-snippet:-1, max-image-preview:large, max-video-preview:-1\" \/>\n<link rel=\"canonical\" href=\"https:\/\/giatsu.com\/fr\/eau-chaude\/chauffe-eau-electriques\/chaudiere-electrique-intelligente\/\" \/>\n<meta property=\"og:locale\" content=\"fr_FR\" \/>\n<meta property=\"og:type\" content=\"article\" \/>\n<meta property=\"og:title\" content=\"Chauffe-eau \u00e9lectrique INTELLIGENT\" \/>\n<meta property=\"og:description\" content=\"Le chauffe-eau \u00e9lectrique intelligent Giatsu offre une connectivit\u00e9 Wi-Fi et une fonction Smart qui apprend vos habitudes de consommation pour optimiser les performances et \u00e9conomiser de l&#039;&#039;\u00e9nergie. Il comprend une anode \u00e9lectronique n\u00e9cessitant peu d&#039;&#039;entretien et est disponible en 30, 50, 80 et 100 litres.\" \/>\n<meta property=\"og:url\" content=\"https:\/\/giatsu.com\/fr\/eau-chaude\/chauffe-eau-electriques\/chaudiere-electrique-intelligente\/\" \/>\n<meta property=\"og:site_name\" content=\"GIATSU\" \/>\n<meta property=\"article:modified_time\" content=\"2025-09-19T12:20:26+00:00\" \/>\n<meta property=\"og:image\" content=\"https:\/\/giatsu.com\/wp-content\/uploads\/2023\/08\/intelligent5-865966.webp\" \/>\n\t<meta property=\"og:image:width\" content=\"800\" \/>\n\t<meta property=\"og:image:height\" content=\"800\" \/>\n\t<meta property=\"og:image:type\" content=\"image\/webp\" \/>\n<meta name=\"twitter:card\" content=\"summary_large_image\" \/>\n<meta name=\"twitter:label1\" content=\"Dur\u00e9e de lecture estim\u00e9e\" \/>\n\t<meta name=\"twitter:data1\" content=\"1 minute\" \/>\n<script type=\"application\/ld+json\" class=\"yoast-schema-graph\">{\"@context\":\"https:\\\/\\\/schema.org\",\"@graph\":[{\"@type\":\"WebPage\",\"@id\":\"https:\\\/\\\/giatsu.com\\\/fr\\\/eau-chaude\\\/chauffe-eau-electriques\\\/chaudiere-electrique-intelligente\\\/\",\"url\":\"https:\\\/\\\/giatsu.com\\\/fr\\\/eau-chaude\\\/chauffe-eau-electriques\\\/chaudiere-electrique-intelligente\\\/\",\"name\":\"Chauffe-eau \u00e9lectrique INTELLIGENT\",\"isPartOf\":{\"@id\":\"https:\\\/\\\/giatsu.com\\\/es\\\/#website\"},\"primaryImageOfPage\":{\"@id\":\"https:\\\/\\\/giatsu.com\\\/fr\\\/eau-chaude\\\/chauffe-eau-electriques\\\/chaudiere-electrique-intelligente\\\/#primaryimage\"},\"image\":{\"@id\":\"https:\\\/\\\/giatsu.com\\\/fr\\\/eau-chaude\\\/chauffe-eau-electriques\\\/chaudiere-electrique-intelligente\\\/#primaryimage\"},\"thumbnailUrl\":\"https:\\\/\\\/giatsu.com\\\/wp-content\\\/uploads\\\/2023\\\/08\\\/intelligent5-865966.webp\",\"datePublished\":\"2023-06-06T07:02:32+00:00\",\"dateModified\":\"2025-09-19T12:20:26+00:00\",\"description\":\"Le chauffe-eau \u00e9lectrique intelligent Giatsu offre une connectivit\u00e9 Wi-Fi et une fonction Smart qui apprend vos habitudes de consommation pour optimiser les performances et \u00e9conomiser de l''\u00e9nergie. Il comprend une anode \u00e9lectronique n\u00e9cessitant peu d''entretien et est disponible en 30, 50, 80 et 100 litres.\",\"breadcrumb\":{\"@id\":\"https:\\\/\\\/giatsu.com\\\/fr\\\/eau-chaude\\\/chauffe-eau-electriques\\\/chaudiere-electrique-intelligente\\\/#breadcrumb\"},\"inLanguage\":\"fr-FR\",\"potentialAction\":[{\"@type\":\"ReadAction\",\"target\":[\"https:\\\/\\\/giatsu.com\\\/fr\\\/eau-chaude\\\/chauffe-eau-electriques\\\/chaudiere-electrique-intelligente\\\/\"]}]},{\"@type\":\"ImageObject\",\"inLanguage\":\"fr-FR\",\"@id\":\"https:\\\/\\\/giatsu.com\\\/fr\\\/eau-chaude\\\/chauffe-eau-electriques\\\/chaudiere-electrique-intelligente\\\/#primaryimage\",\"url\":\"https:\\\/\\\/giatsu.com\\\/wp-content\\\/uploads\\\/2023\\\/08\\\/intelligent5-865966.webp\",\"contentUrl\":\"https:\\\/\\\/giatsu.com\\\/wp-content\\\/uploads\\\/2023\\\/08\\\/intelligent5-865966.webp\",\"width\":800,\"height\":800},{\"@type\":\"BreadcrumbList\",\"@id\":\"https:\\\/\\\/giatsu.com\\\/fr\\\/eau-chaude\\\/chauffe-eau-electriques\\\/chaudiere-electrique-intelligente\\\/#breadcrumb\",\"itemListElement\":[{\"@type\":\"ListItem\",\"position\":1,\"name\":\"Home\",\"item\":\"https:\\\/\\\/giatsu.com\\\/es\\\/\"},{\"@type\":\"ListItem\",\"position\":2,\"name\":\"PRODUCTOS\",\"item\":\"https:\\\/\\\/giatsu.com\\\/es\\\/productos\\\/\"},{\"@type\":\"ListItem\",\"position\":3,\"name\":\"CHAUDI\u00c8RE \u00c9LECTRIQUE INTELLIGENTE\"}]},{\"@type\":\"WebSite\",\"@id\":\"https:\\\/\\\/giatsu.com\\\/es\\\/#website\",\"url\":\"https:\\\/\\\/giatsu.com\\\/es\\\/\",\"name\":\"GIATSU\",\"description\":\"Quality Comfort Everywhere\",\"potentialAction\":[{\"@type\":\"SearchAction\",\"target\":{\"@type\":\"EntryPoint\",\"urlTemplate\":\"https:\\\/\\\/giatsu.com\\\/es\\\/?s={search_term_string}\"},\"query-input\":{\"@type\":\"PropertyValueSpecification\",\"valueRequired\":true,\"valueName\":\"search_term_string\"}}],\"inLanguage\":\"fr-FR\"}]}<\/script>\n<!-- \/ Yoast SEO plugin. -->","yoast_head_json":{"title":"Chauffe-eau \u00e9lectrique INTELLIGENT","description":"Le chauffe-eau \u00e9lectrique intelligent Giatsu offre une connectivit\u00e9 Wi-Fi et une fonction Smart qui apprend vos habitudes de consommation pour optimiser les performances et \u00e9conomiser de l''\u00e9nergie. Il comprend une anode \u00e9lectronique n\u00e9cessitant peu d''entretien et est disponible en 30, 50, 80 et 100 litres.","robots":{"index":"index","follow":"follow","max-snippet":"max-snippet:-1","max-image-preview":"max-image-preview:large","max-video-preview":"max-video-preview:-1"},"canonical":"https:\/\/giatsu.com\/fr\/eau-chaude\/chauffe-eau-electriques\/chaudiere-electrique-intelligente\/","og_locale":"fr_FR","og_type":"article","og_title":"Chauffe-eau \u00e9lectrique INTELLIGENT","og_description":"Le chauffe-eau \u00e9lectrique intelligent Giatsu offre une connectivit\u00e9 Wi-Fi et une fonction Smart qui apprend vos habitudes de consommation pour optimiser les performances et \u00e9conomiser de l''\u00e9nergie. Il comprend une anode \u00e9lectronique n\u00e9cessitant peu d''entretien et est disponible en 30, 50, 80 et 100 litres.","og_url":"https:\/\/giatsu.com\/fr\/eau-chaude\/chauffe-eau-electriques\/chaudiere-electrique-intelligente\/","og_site_name":"GIATSU","article_modified_time":"2025-09-19T12:20:26+00:00","og_image":[{"width":800,"height":800,"url":"https:\/\/giatsu.com\/wp-content\/uploads\/2023\/08\/intelligent5-865966.webp","type":"image\/webp"}],"twitter_card":"summary_large_image","twitter_misc":{"Dur\u00e9e de lecture estim\u00e9e":"1 minute"},"schema":{"@context":"https:\/\/schema.org","@graph":[{"@type":"WebPage","@id":"https:\/\/giatsu.com\/fr\/eau-chaude\/chauffe-eau-electriques\/chaudiere-electrique-intelligente\/","url":"https:\/\/giatsu.com\/fr\/eau-chaude\/chauffe-eau-electriques\/chaudiere-electrique-intelligente\/","name":"Chauffe-eau \u00e9lectrique INTELLIGENT","isPartOf":{"@id":"https:\/\/giatsu.com\/es\/#website"},"primaryImageOfPage":{"@id":"https:\/\/giatsu.com\/fr\/eau-chaude\/chauffe-eau-electriques\/chaudiere-electrique-intelligente\/#primaryimage"},"image":{"@id":"https:\/\/giatsu.com\/fr\/eau-chaude\/chauffe-eau-electriques\/chaudiere-electrique-intelligente\/#primaryimage"},"thumbnailUrl":"https:\/\/giatsu.com\/wp-content\/uploads\/2023\/08\/intelligent5-865966.webp","datePublished":"2023-06-06T07:02:32+00:00","dateModified":"2025-09-19T12:20:26+00:00","description":"Le chauffe-eau \u00e9lectrique intelligent Giatsu offre une connectivit\u00e9 Wi-Fi et une fonction Smart qui apprend vos habitudes de consommation pour optimiser les performances et \u00e9conomiser de l''\u00e9nergie. Il comprend une anode \u00e9lectronique n\u00e9cessitant peu d''entretien et est disponible en 30, 50, 80 et 100 litres.","breadcrumb":{"@id":"https:\/\/giatsu.com\/fr\/eau-chaude\/chauffe-eau-electriques\/chaudiere-electrique-intelligente\/#breadcrumb"},"inLanguage":"fr-FR","potentialAction":[{"@type":"ReadAction","target":["https:\/\/giatsu.com\/fr\/eau-chaude\/chauffe-eau-electriques\/chaudiere-electrique-intelligente\/"]}]},{"@type":"ImageObject","inLanguage":"fr-FR","@id":"https:\/\/giatsu.com\/fr\/eau-chaude\/chauffe-eau-electriques\/chaudiere-electrique-intelligente\/#primaryimage","url":"https:\/\/giatsu.com\/wp-content\/uploads\/2023\/08\/intelligent5-865966.webp","contentUrl":"https:\/\/giatsu.com\/wp-content\/uploads\/2023\/08\/intelligent5-865966.webp","width":800,"height":800},{"@type":"BreadcrumbList","@id":"https:\/\/giatsu.com\/fr\/eau-chaude\/chauffe-eau-electriques\/chaudiere-electrique-intelligente\/#breadcrumb","itemListElement":[{"@type":"ListItem","position":1,"name":"Home","item":"https:\/\/giatsu.com\/es\/"},{"@type":"ListItem","position":2,"name":"PRODUCTOS","item":"https:\/\/giatsu.com\/es\/productos\/"},{"@type":"ListItem","position":3,"name":"CHAUDI\u00c8RE \u00c9LECTRIQUE INTELLIGENTE"}]},{"@type":"WebSite","@id":"https:\/\/giatsu.com\/es\/#website","url":"https:\/\/giatsu.com\/es\/","name":"GIATSU","description":"Quality Comfort Everywhere","potentialAction":[{"@type":"SearchAction","target":{"@type":"EntryPoint","urlTemplate":"https:\/\/giatsu.com\/es\/?s={search_term_string}"},"query-input":{"@type":"PropertyValueSpecification","valueRequired":true,"valueName":"search_term_string"}}],"inLanguage":"fr-FR"}]}},"_links":{"self":[{"href":"https:\/\/giatsu.com\/fr\/wp-json\/wp\/v2\/product\/12414","targetHints":{"allow":["GET"]}}],"collection":[{"href":"https:\/\/giatsu.com\/fr\/wp-json\/wp\/v2\/product"}],"about":[{"href":"https:\/\/giatsu.com\/fr\/wp-json\/wp\/v2\/types\/product"}],"wp:featuredmedia":[{"embeddable":true,"href":"https:\/\/giatsu.com\/fr\/wp-json\/wp\/v2\/media\/9158"}],"wp:attachment":[{"href":"https:\/\/giatsu.com\/fr\/wp-json\/wp\/v2\/media?parent=12414"}],"wp:term":[{"taxonomy":"product_brand","embeddable":true,"href":"https:\/\/giatsu.com\/fr\/wp-json\/wp\/v2\/product_brand?post=12414"},{"taxonomy":"product_cat","embeddable":true,"href":"https:\/\/giatsu.com\/fr\/wp-json\/wp\/v2\/product_cat?post=12414"},{"taxonomy":"product_tag","embeddable":true,"href":"https:\/\/giatsu.com\/fr\/wp-json\/wp\/v2\/product_tag?post=12414"}],"curies":[{"name":"wp","href":"https:\/\/api.w.org\/{rel}","templated":true}]}}