{"id":12404,"date":"2023-06-06T07:02:26","date_gmt":"2023-06-06T07:02:26","guid":{"rendered":"https:\/\/giatsu.com\/?post_type=product&#038;p=12404"},"modified":"2025-09-19T12:22:46","modified_gmt":"2025-09-19T12:22:46","slug":"chauffe-eau-electrique-reversible-piscis","status":"publish","type":"product","link":"https:\/\/giatsu.com\/fr\/eau-chaude\/chauffe-eau-electriques\/chauffe-eau-electrique-reversible-piscis\/","title":{"rendered":"CHAUFFE-EAU \u00c9LECTRIQUE R\u00c9VERSIBLE PISCIS"},"content":{"rendered":"<div class=\"wpb-content-wrapper\"><div class=\"container mb-1 moduloprincipalespictos\">\n<h2 class=\"text-center tituloprincipales\">Caracter\u00edsticas principales<\/h2>\n<div class=\"row row-cols-1 row-cols-md-2 row-cols-xl-3\">\n<div class=\"col-xs-6 col-md-3 order-last\">\n<div class=\"card\">\n                            <img decoding=\"async\" class=\"card-img-top w-100 d-block fit-cover pictoprincipalgrande\" src=\"https:\/\/giatsu.com\/wp-content\/uploads\/2023\/08\/aislamiento-de-poliuretano-de-alta-densidad-e2510f.webp\" \/><\/p>\n<div class=\"card-body p-4\">\n<h3 class=\"font-weight-bold card-title\">Isolation en polyur\u00e9thane haute densit\u00e9<\/h3>\n<p class=\"card-text\">Il permet de maintenir plus longtemps la temp\u00e9rature de l&rsquo;eau du ballon chaud gr\u00e2ce \u00e0 son pouvoir isolant.<\/p>\n<\/p><\/div><\/div><\/div>\n<div class=\"col-xs-6 col-md-3 order-last\">\n<div class=\"card\">\n                            <img decoding=\"async\" class=\"card-img-top w-100 d-block fit-cover pictoprincipalgrande\" src=\"https:\/\/giatsu.com\/wp-content\/uploads\/2023\/08\/instalacion-reversible-e23ff4.webp\" \/><\/p>\n<div class=\"card-body p-4\">\n<h3 class=\"font-weight-bold card-title\">Installation r\u00e9versible<\/h3>\n<p class=\"card-text\">Il peut \u00eatre install\u00e9 \u00e0 la fois verticalement et horizontalement.<\/p>\n<\/p><\/div><\/div><\/div>\n<div class=\"col-xs-6 col-md-3 order-last\">\n<div class=\"card\">\n                            <img decoding=\"async\" class=\"card-img-top w-100 d-block fit-cover pictoprincipalgrande\" src=\"https:\/\/giatsu.com\/wp-content\/uploads\/2023\/08\/valvula-de-seguridad-212379.webp\" \/><\/p>\n<div class=\"card-body p-4\">\n<h3 class=\"font-weight-bold card-title\">Valve de s\u00e9curit\u00e9<\/h3>\n<p class=\"card-text\">Avec cet \u00e9l\u00e9ment de s\u00e9curit\u00e9, d&rsquo;\u00e9ventuelles ruptures et fuites d&rsquo;eau sont \u00e9vit\u00e9es.<\/p>\n<\/p><\/div><\/div><\/div><\/div><\/div>\n<hr>\n<p>        [vc_row mobile_bg_img_hidden=\u00a0\u00bbno\u00a0\u00bb tablet_bg_img_hidden=\u00a0\u00bbno\u00a0\u00bb woodmart_parallax=\u00a0\u00bb0&Prime; woodmart_gradient_switch=\u00a0\u00bbno\u00a0\u00bb row_reverse_mobile=\u00a0\u00bb0&Prime; row_reverse_tablet=\u00a0\u00bb0&Prime; woodmart_disable_overflow=\u00a0\u00bb0&Prime; el_class=\u00a0\u00bbfilaImgCaracteristica\u00a0\u00bb][vc_column mobile_bg_img_hidden=\u00a0\u00bbno\u00a0\u00bb tablet_bg_img_hidden=\u00a0\u00bbno\u00a0\u00bb woodmart_parallax=\u00a0\u00bb0&Prime; woodmart_sticky_column=\u00a0\u00bbfalse\u00a0\u00bb parallax_scroll=\u00a0\u00bbno\u00a0\u00bb mobile_reset_margin=\u00a0\u00bbno\u00a0\u00bb tablet_reset_margin=\u00a0\u00bbno\u00a0\u00bb]<\/p>\n<div class=\"container mb-1\">\n<h3 class=\"text-center\">Informaci\u00f3n t\u00e9cnica<\/h3>\n<div class=\"row row-cols-1 row-cols-md-2 row-cols-xl-3 justify-content-md-center\">\n<div class=\"col-xs-1 col-md-1\">\n<div class=\"card\">\n                            <img decoding=\"async\" class=\"card-img-top w-100 d-block fit-cover pictoprincipalgrande\" src=\"https:\/\/giatsu.com\/wp-content\/uploads\/2023\/08\/tanque-esmaltado-en-polvo-seco-5f2e43.webp\" \/><\/p>\n<div class=\"card-body p-4\">\n<h4 class=\"card-text textospictospeques\">R\u00e9servoir \u00e9maill\u00e9 \u00e0 poudre s\u00e8che<\/h4>\n<\/p><\/div><\/div><\/div>\n<div class=\"col-xs-1 col-md-1\">\n<div class=\"card\">\n                            <img decoding=\"async\" class=\"card-img-top w-100 d-block fit-cover pictoprincipalgrande\" src=\"https:\/\/giatsu.com\/wp-content\/uploads\/2023\/08\/resistencia_incoloy-840-932d36.webp\" \/><\/p>\n<div class=\"card-body p-4\">\n<h4 class=\"card-text textospictospeques\">R\u00e9sistance des couleurs 840<\/h4>\n<\/p><\/div><\/div><\/div>\n<div class=\"col-xs-1 col-md-1\">\n<div class=\"card\">\n                            <img decoding=\"async\" class=\"card-img-top w-100 d-block fit-cover pictoprincipalgrande\" src=\"https:\/\/giatsu.com\/wp-content\/uploads\/2023\/08\/anodo_magnesio_anti-corrosion-f888d7.webp\" \/><\/p>\n<div class=\"card-body p-4\">\n<h4 class=\"card-text textospictospeques\">Anode en magn\u00e9sium anti-corrosion<\/h4>\n<\/p><\/div><\/div><\/div><\/div><\/div>\n<div class=\"row justify-content-md-center\">\n<div class=\"vc_btn3-container vc_btn3-inline\" id=\"botonDescargarFicha\">\n                        <a target=\"_blank\" class=\"btn btn-light border rounded-4 botondescarga\" href=\"https:\/\/giatsu.com\/documentacion\/\/giatsu-fichas-tecnicas-termos-electricos-piscis-frances.pdf\" title=\"\">T\u00e9l\u00e9charger la fiche<\/a>\n                 <\/div><\/div>\n<div class=\"row\">\n<hr>\n<div class=\"col text-center\"><a target=\"_blank\" href=\"https:\/\/giatsu.com\/documentacion\/\/giatsu-manual-de-usuario-e-instalacion-termos-electricos-piscis-frances.pdf\" class=\"btn btn-light border rounded-4 botonDescargaManual botondescarga\">Manuel de l&rsquo;utilisateur<\/a><\/div>\n<hr>\n<\/div>\n<\/div>","protected":false},"excerpt":{"rendered":"<p>Le <strong>chauffe-eau &eacute;lectrique r&eacute;versible Giatsu Pisces de Giatsu<\/strong> se distingue par son temps de chauffe court, ce qui signifie que vous aurez de l\u00a0\u00bbeau chaude en quelques minutes. Dites adieu aux longues attentes et profitez d\u00a0\u00bbune exp&eacute;rience confortable et pratique.<\/p>\n<p>Avec une <strong>large gamme de litres disponibles<\/strong>, de 30 &agrave; 150 litres, vous trouverez la taille id&eacute;ale pour r&eacute;pondre &agrave; vos besoins sp&eacute;cifiques en mati&egrave;re d\u00a0\u00bbeau chaude sanitaire.<\/p>\n<p>La qualit&eacute; et l\u00a0\u00bbisolation sont fondamentales pour notre produit. Gr&acirc;ce &agrave; une <strong>isolation en polyur&eacute;thane haute densit&eacute;<\/strong>, nous garantissons une perte de chaleur minimale et une efficacit&eacute; &eacute;nerg&eacute;tique accrue. Profitez de l\u00a0\u00bbeau chaude plus longtemps, tout en &eacute;conomisant sur les co&ucirc;ts &eacute;nerg&eacute;tiques.<\/p>\n<p>Il est dot&eacute; d\u00a0\u00bbune<strong> installation r&eacute;versible ou multipositions<\/strong>, ce qui signifie qu\u00a0\u00bbil s\u00a0\u00bbadapte &agrave; n\u00a0\u00bbimporte quel espace, de sorte que vous pouvez tirer le meilleur parti de votre espace disponible sans compromettre la fonctionnalit&eacute; ou l\u00a0\u00bbefficacit&eacute;.<\/p>\n<p>Capacit&eacute;s disponibles : 30L, 50L, 80L, 100L, 150L<\/p>\n<div class='divPictosEnergia'>[vc_single_image image=&rsquo;9193&prime; alignment=&rsquo;center&rsquo; woodmart_inline=&rsquo;no&rsquo; parallax_scroll=&rsquo;no&rsquo; el_class=&rsquo;imgEnergia&rsquo; img_size=&rsquo;72&#215;36&prime;]<\/div>\n<div class='pictosvoz'><\/div>\n","protected":false},"featured_media":9453,"template":"","meta":{"_monsterinsights_skip_tracking":false,"_monsterinsights_sitenote_active":false,"_monsterinsights_sitenote_note":"","_monsterinsights_sitenote_category":0},"product_brand":[],"product_cat":[850,848],"product_tag":[],"class_list":{"0":"post-12404","1":"product","2":"type-product","3":"status-publish","4":"has-post-thumbnail","6":"product_cat-chauffe-eau-electriques","7":"product_cat-eau-chaude","9":"first","10":"instock","11":"shipping-taxable","12":"product-type-simple"},"yoast_head":"<!-- This site is optimized with the Yoast SEO plugin v27.4 - https:\/\/yoast.com\/product\/yoast-seo-wordpress\/ -->\n<title>Chauffe-eau \u00e9lectrique r\u00e9versible Poisson<\/title>\n<meta name=\"description\" content=\"Chaudi\u00e8re \u00e9lectrique avec syst\u00e8me r\u00e9versible, isolation \u00e0 haute densit\u00e9 pour une efficacit\u00e9 \u00e9nerg\u00e9tique et un chauffage rapide. Disponible dans des capacit\u00e9s de 30L \u00e0 150L, avec installation multi-positions.\" \/>\n<meta name=\"robots\" content=\"index, follow, max-snippet:-1, max-image-preview:large, max-video-preview:-1\" \/>\n<link rel=\"canonical\" href=\"https:\/\/giatsu.com\/fr\/eau-chaude\/chauffe-eau-electriques\/chauffe-eau-electrique-reversible-piscis\/\" \/>\n<meta property=\"og:locale\" content=\"fr_FR\" \/>\n<meta property=\"og:type\" content=\"article\" \/>\n<meta property=\"og:title\" content=\"Chauffe-eau \u00e9lectrique r\u00e9versible Poisson\" \/>\n<meta property=\"og:description\" content=\"Chaudi\u00e8re \u00e9lectrique avec syst\u00e8me r\u00e9versible, isolation \u00e0 haute densit\u00e9 pour une efficacit\u00e9 \u00e9nerg\u00e9tique et un chauffage rapide. Disponible dans des capacit\u00e9s de 30L \u00e0 150L, avec installation multi-positions.\" \/>\n<meta property=\"og:url\" content=\"https:\/\/giatsu.com\/fr\/eau-chaude\/chauffe-eau-electriques\/chauffe-eau-electrique-reversible-piscis\/\" \/>\n<meta property=\"og:site_name\" content=\"GIATSU\" \/>\n<meta property=\"article:modified_time\" content=\"2025-09-19T12:22:46+00:00\" \/>\n<meta property=\"og:image\" content=\"https:\/\/giatsu.com\/wp-content\/uploads\/2023\/08\/piscis2-144af2.webp\" \/>\n\t<meta property=\"og:image:width\" content=\"800\" \/>\n\t<meta property=\"og:image:height\" content=\"800\" \/>\n\t<meta property=\"og:image:type\" content=\"image\/webp\" \/>\n<meta name=\"twitter:card\" content=\"summary_large_image\" \/>\n<meta name=\"twitter:label1\" content=\"Dur\u00e9e de lecture estim\u00e9e\" \/>\n\t<meta name=\"twitter:data1\" content=\"1 minute\" \/>\n<script type=\"application\/ld+json\" class=\"yoast-schema-graph\">{\"@context\":\"https:\\\/\\\/schema.org\",\"@graph\":[{\"@type\":\"WebPage\",\"@id\":\"https:\\\/\\\/giatsu.com\\\/fr\\\/eau-chaude\\\/chauffe-eau-electriques\\\/chauffe-eau-electrique-reversible-piscis\\\/\",\"url\":\"https:\\\/\\\/giatsu.com\\\/fr\\\/eau-chaude\\\/chauffe-eau-electriques\\\/chauffe-eau-electrique-reversible-piscis\\\/\",\"name\":\"Chauffe-eau \u00e9lectrique r\u00e9versible Poisson\",\"isPartOf\":{\"@id\":\"https:\\\/\\\/giatsu.com\\\/es\\\/#website\"},\"primaryImageOfPage\":{\"@id\":\"https:\\\/\\\/giatsu.com\\\/fr\\\/eau-chaude\\\/chauffe-eau-electriques\\\/chauffe-eau-electrique-reversible-piscis\\\/#primaryimage\"},\"image\":{\"@id\":\"https:\\\/\\\/giatsu.com\\\/fr\\\/eau-chaude\\\/chauffe-eau-electriques\\\/chauffe-eau-electrique-reversible-piscis\\\/#primaryimage\"},\"thumbnailUrl\":\"https:\\\/\\\/giatsu.com\\\/wp-content\\\/uploads\\\/2023\\\/08\\\/piscis2-144af2.webp\",\"datePublished\":\"2023-06-06T07:02:26+00:00\",\"dateModified\":\"2025-09-19T12:22:46+00:00\",\"description\":\"Chaudi\u00e8re \u00e9lectrique avec syst\u00e8me r\u00e9versible, isolation \u00e0 haute densit\u00e9 pour une efficacit\u00e9 \u00e9nerg\u00e9tique et un chauffage rapide. Disponible dans des capacit\u00e9s de 30L \u00e0 150L, avec installation multi-positions.\",\"breadcrumb\":{\"@id\":\"https:\\\/\\\/giatsu.com\\\/fr\\\/eau-chaude\\\/chauffe-eau-electriques\\\/chauffe-eau-electrique-reversible-piscis\\\/#breadcrumb\"},\"inLanguage\":\"fr-FR\",\"potentialAction\":[{\"@type\":\"ReadAction\",\"target\":[\"https:\\\/\\\/giatsu.com\\\/fr\\\/eau-chaude\\\/chauffe-eau-electriques\\\/chauffe-eau-electrique-reversible-piscis\\\/\"]}]},{\"@type\":\"ImageObject\",\"inLanguage\":\"fr-FR\",\"@id\":\"https:\\\/\\\/giatsu.com\\\/fr\\\/eau-chaude\\\/chauffe-eau-electriques\\\/chauffe-eau-electrique-reversible-piscis\\\/#primaryimage\",\"url\":\"https:\\\/\\\/giatsu.com\\\/wp-content\\\/uploads\\\/2023\\\/08\\\/piscis2-144af2.webp\",\"contentUrl\":\"https:\\\/\\\/giatsu.com\\\/wp-content\\\/uploads\\\/2023\\\/08\\\/piscis2-144af2.webp\",\"width\":800,\"height\":800},{\"@type\":\"BreadcrumbList\",\"@id\":\"https:\\\/\\\/giatsu.com\\\/fr\\\/eau-chaude\\\/chauffe-eau-electriques\\\/chauffe-eau-electrique-reversible-piscis\\\/#breadcrumb\",\"itemListElement\":[{\"@type\":\"ListItem\",\"position\":1,\"name\":\"Home\",\"item\":\"https:\\\/\\\/giatsu.com\\\/es\\\/\"},{\"@type\":\"ListItem\",\"position\":2,\"name\":\"PRODUCTOS\",\"item\":\"https:\\\/\\\/giatsu.com\\\/es\\\/productos\\\/\"},{\"@type\":\"ListItem\",\"position\":3,\"name\":\"CHAUFFE-EAU \u00c9LECTRIQUE R\u00c9VERSIBLE PISCIS\"}]},{\"@type\":\"WebSite\",\"@id\":\"https:\\\/\\\/giatsu.com\\\/es\\\/#website\",\"url\":\"https:\\\/\\\/giatsu.com\\\/es\\\/\",\"name\":\"GIATSU\",\"description\":\"Quality Comfort Everywhere\",\"potentialAction\":[{\"@type\":\"SearchAction\",\"target\":{\"@type\":\"EntryPoint\",\"urlTemplate\":\"https:\\\/\\\/giatsu.com\\\/es\\\/?s={search_term_string}\"},\"query-input\":{\"@type\":\"PropertyValueSpecification\",\"valueRequired\":true,\"valueName\":\"search_term_string\"}}],\"inLanguage\":\"fr-FR\"}]}<\/script>\n<!-- \/ Yoast SEO plugin. -->","yoast_head_json":{"title":"Chauffe-eau \u00e9lectrique r\u00e9versible Poisson","description":"Chaudi\u00e8re \u00e9lectrique avec syst\u00e8me r\u00e9versible, isolation \u00e0 haute densit\u00e9 pour une efficacit\u00e9 \u00e9nerg\u00e9tique et un chauffage rapide. Disponible dans des capacit\u00e9s de 30L \u00e0 150L, avec installation multi-positions.","robots":{"index":"index","follow":"follow","max-snippet":"max-snippet:-1","max-image-preview":"max-image-preview:large","max-video-preview":"max-video-preview:-1"},"canonical":"https:\/\/giatsu.com\/fr\/eau-chaude\/chauffe-eau-electriques\/chauffe-eau-electrique-reversible-piscis\/","og_locale":"fr_FR","og_type":"article","og_title":"Chauffe-eau \u00e9lectrique r\u00e9versible Poisson","og_description":"Chaudi\u00e8re \u00e9lectrique avec syst\u00e8me r\u00e9versible, isolation \u00e0 haute densit\u00e9 pour une efficacit\u00e9 \u00e9nerg\u00e9tique et un chauffage rapide. Disponible dans des capacit\u00e9s de 30L \u00e0 150L, avec installation multi-positions.","og_url":"https:\/\/giatsu.com\/fr\/eau-chaude\/chauffe-eau-electriques\/chauffe-eau-electrique-reversible-piscis\/","og_site_name":"GIATSU","article_modified_time":"2025-09-19T12:22:46+00:00","og_image":[{"width":800,"height":800,"url":"https:\/\/giatsu.com\/wp-content\/uploads\/2023\/08\/piscis2-144af2.webp","type":"image\/webp"}],"twitter_card":"summary_large_image","twitter_misc":{"Dur\u00e9e de lecture estim\u00e9e":"1 minute"},"schema":{"@context":"https:\/\/schema.org","@graph":[{"@type":"WebPage","@id":"https:\/\/giatsu.com\/fr\/eau-chaude\/chauffe-eau-electriques\/chauffe-eau-electrique-reversible-piscis\/","url":"https:\/\/giatsu.com\/fr\/eau-chaude\/chauffe-eau-electriques\/chauffe-eau-electrique-reversible-piscis\/","name":"Chauffe-eau \u00e9lectrique r\u00e9versible Poisson","isPartOf":{"@id":"https:\/\/giatsu.com\/es\/#website"},"primaryImageOfPage":{"@id":"https:\/\/giatsu.com\/fr\/eau-chaude\/chauffe-eau-electriques\/chauffe-eau-electrique-reversible-piscis\/#primaryimage"},"image":{"@id":"https:\/\/giatsu.com\/fr\/eau-chaude\/chauffe-eau-electriques\/chauffe-eau-electrique-reversible-piscis\/#primaryimage"},"thumbnailUrl":"https:\/\/giatsu.com\/wp-content\/uploads\/2023\/08\/piscis2-144af2.webp","datePublished":"2023-06-06T07:02:26+00:00","dateModified":"2025-09-19T12:22:46+00:00","description":"Chaudi\u00e8re \u00e9lectrique avec syst\u00e8me r\u00e9versible, isolation \u00e0 haute densit\u00e9 pour une efficacit\u00e9 \u00e9nerg\u00e9tique et un chauffage rapide. Disponible dans des capacit\u00e9s de 30L \u00e0 150L, avec installation multi-positions.","breadcrumb":{"@id":"https:\/\/giatsu.com\/fr\/eau-chaude\/chauffe-eau-electriques\/chauffe-eau-electrique-reversible-piscis\/#breadcrumb"},"inLanguage":"fr-FR","potentialAction":[{"@type":"ReadAction","target":["https:\/\/giatsu.com\/fr\/eau-chaude\/chauffe-eau-electriques\/chauffe-eau-electrique-reversible-piscis\/"]}]},{"@type":"ImageObject","inLanguage":"fr-FR","@id":"https:\/\/giatsu.com\/fr\/eau-chaude\/chauffe-eau-electriques\/chauffe-eau-electrique-reversible-piscis\/#primaryimage","url":"https:\/\/giatsu.com\/wp-content\/uploads\/2023\/08\/piscis2-144af2.webp","contentUrl":"https:\/\/giatsu.com\/wp-content\/uploads\/2023\/08\/piscis2-144af2.webp","width":800,"height":800},{"@type":"BreadcrumbList","@id":"https:\/\/giatsu.com\/fr\/eau-chaude\/chauffe-eau-electriques\/chauffe-eau-electrique-reversible-piscis\/#breadcrumb","itemListElement":[{"@type":"ListItem","position":1,"name":"Home","item":"https:\/\/giatsu.com\/es\/"},{"@type":"ListItem","position":2,"name":"PRODUCTOS","item":"https:\/\/giatsu.com\/es\/productos\/"},{"@type":"ListItem","position":3,"name":"CHAUFFE-EAU \u00c9LECTRIQUE R\u00c9VERSIBLE PISCIS"}]},{"@type":"WebSite","@id":"https:\/\/giatsu.com\/es\/#website","url":"https:\/\/giatsu.com\/es\/","name":"GIATSU","description":"Quality Comfort Everywhere","potentialAction":[{"@type":"SearchAction","target":{"@type":"EntryPoint","urlTemplate":"https:\/\/giatsu.com\/es\/?s={search_term_string}"},"query-input":{"@type":"PropertyValueSpecification","valueRequired":true,"valueName":"search_term_string"}}],"inLanguage":"fr-FR"}]}},"_links":{"self":[{"href":"https:\/\/giatsu.com\/fr\/wp-json\/wp\/v2\/product\/12404","targetHints":{"allow":["GET"]}}],"collection":[{"href":"https:\/\/giatsu.com\/fr\/wp-json\/wp\/v2\/product"}],"about":[{"href":"https:\/\/giatsu.com\/fr\/wp-json\/wp\/v2\/types\/product"}],"wp:featuredmedia":[{"embeddable":true,"href":"https:\/\/giatsu.com\/fr\/wp-json\/wp\/v2\/media\/9453"}],"wp:attachment":[{"href":"https:\/\/giatsu.com\/fr\/wp-json\/wp\/v2\/media?parent=12404"}],"wp:term":[{"taxonomy":"product_brand","embeddable":true,"href":"https:\/\/giatsu.com\/fr\/wp-json\/wp\/v2\/product_brand?post=12404"},{"taxonomy":"product_cat","embeddable":true,"href":"https:\/\/giatsu.com\/fr\/wp-json\/wp\/v2\/product_cat?post=12404"},{"taxonomy":"product_tag","embeddable":true,"href":"https:\/\/giatsu.com\/fr\/wp-json\/wp\/v2\/product_tag?post=12404"}],"curies":[{"name":"wp","href":"https:\/\/api.w.org\/{rel}","templated":true}]}}