{"id":12394,"date":"2023-06-06T07:02:24","date_gmt":"2023-06-06T07:02:24","guid":{"rendered":"https:\/\/giatsu.com\/?post_type=product&#038;p=12394"},"modified":"2025-09-19T12:13:48","modified_gmt":"2025-09-19T12:13:48","slug":"double-chauffage-au-gaz","status":"publish","type":"product","link":"https:\/\/giatsu.com\/fr\/eau-chaude\/chauffage-au-gaz\/double-chauffage-au-gaz\/","title":{"rendered":"DOUBLE CHAUFFAGE AU GAZ"},"content":{"rendered":"<div class=\"wpb-content-wrapper\"><div class=\"container mb-1 moduloprincipalespictos\">\n<h2 class=\"text-center tituloprincipales\">Caracter\u00edsticas principales<\/h2>\n<div class=\"row row-cols-1 row-cols-md-2 row-cols-xl-3\">\n<div class=\"col-xs-6 col-md-3 order-last\">\n<div class=\"card\">\n                            <img decoding=\"async\" class=\"card-img-top w-100 d-block fit-cover pictoprincipalgrande\" src=\"https:\/\/giatsu.com\/wp-content\/uploads\/2023\/08\/clase-6-nox-ea2613.webp\" \/><\/p>\n<div class=\"card-body p-4\">\n<h3 class=\"font-weight-bold card-title\">Classe 6 NOx<\/h3>\n<p class=\"card-text\">Les \u00e9missions de NOx de cet appareil de chauffage sont inf\u00e9rieures \u00e0 56 mg\/kWh.<\/p>\n<\/p><\/div><\/div><\/div>\n<div class=\"col-xs-6 col-md-3 order-last\">\n<div class=\"card\">\n                            <img decoding=\"async\" class=\"card-img-top w-100 d-block fit-cover pictoprincipalgrande\" src=\"https:\/\/giatsu.com\/wp-content\/uploads\/2023\/08\/display-tactil-digital-b20e4d.webp\" \/><\/p>\n<div class=\"card-body p-4\">\n<h3 class=\"font-weight-bold card-title\">\u00c9cran tactile num\u00e9rique<\/h3>\n<p class=\"card-text\">L&rsquo;unit\u00e9 dispose d&rsquo;un \u00e9cran tactile \u00e0 travers lequel l&rsquo;utilisateur peut acc\u00e9der au r\u00e9glage de toutes les fonctions.<\/p>\n<\/p><\/div><\/div><\/div>\n<div class=\"col-xs-6 col-md-3 order-last\">\n<div class=\"card\">\n                            <img decoding=\"async\" class=\"card-img-top w-100 d-block fit-cover pictoprincipalgrande\" src=\"https:\/\/giatsu.com\/wp-content\/uploads\/2023\/08\/sin-llama-piloto-c253ba.webp\" \/><\/p>\n<div class=\"card-body p-4\">\n<h3 class=\"font-weight-bold card-title\">Sans veilleuse<\/h3>\n<p class=\"card-text\">La flamme ne s&rsquo;allume qu&rsquo;en cas de demande d&rsquo;eau chaude, ce qui permet une utilisation plus s\u00fbre et des \u00e9conomies plus importantes.<\/p>\n<\/p><\/div><\/div><\/div><\/div><\/div>\n<hr>\n<p>        [vc_row mobile_bg_img_hidden=\u00a0\u00bbno\u00a0\u00bb tablet_bg_img_hidden=\u00a0\u00bbno\u00a0\u00bb woodmart_parallax=\u00a0\u00bb0&Prime; woodmart_gradient_switch=\u00a0\u00bbno\u00a0\u00bb row_reverse_mobile=\u00a0\u00bb0&Prime; row_reverse_tablet=\u00a0\u00bb0&Prime; woodmart_disable_overflow=\u00a0\u00bb0&Prime; el_class=\u00a0\u00bbfilaImgCaracteristica\u00a0\u00bb][vc_column mobile_bg_img_hidden=\u00a0\u00bbno\u00a0\u00bb tablet_bg_img_hidden=\u00a0\u00bbno\u00a0\u00bb woodmart_parallax=\u00a0\u00bb0&Prime; woodmart_sticky_column=\u00a0\u00bbfalse\u00a0\u00bb parallax_scroll=\u00a0\u00bbno\u00a0\u00bb mobile_reset_margin=\u00a0\u00bbno\u00a0\u00bb tablet_reset_margin=\u00a0\u00bbno\u00a0\u00bb]<\/p>\n<div class=\"container mb-1\">\n<h3 class=\"text-center\">Informaci\u00f3n t\u00e9cnica<\/h3>\n<div class=\"row row-cols-1 row-cols-md-2 row-cols-xl-3 justify-content-md-center\">\n<div class=\"col-xs-1 col-md-1\">\n<div class=\"card\">\n                            <img decoding=\"async\" class=\"card-img-top w-100 d-block fit-cover pictoprincipalgrande\" src=\"https:\/\/giatsu.com\/wp-content\/uploads\/2023\/08\/camara-estanca-8e29df.webp\" \/><\/p>\n<div class=\"card-body p-4\">\n<h4 class=\"card-text textospictospeques\">chambre \u00e9tanche<\/h4>\n<\/p><\/div><\/div><\/div>\n<div class=\"col-xs-1 col-md-1\">\n<div class=\"card\">\n                            <img decoding=\"async\" class=\"card-img-top w-100 d-block fit-cover pictoprincipalgrande\" src=\"https:\/\/giatsu.com\/wp-content\/uploads\/2023\/08\/sensor_de_gas_y_temperatura-e09d39.webp\" \/><\/p>\n<div class=\"card-body p-4\">\n<h4 class=\"card-text textospictospeques\">Capteur de gaz et de temp\u00e9rature<\/h4>\n<\/p><\/div><\/div><\/div>\n<div class=\"col-xs-1 col-md-1\">\n<div class=\"card\">\n                            <img decoding=\"async\" class=\"card-img-top w-100 d-block fit-cover pictoprincipalgrande\" src=\"https:\/\/giatsu.com\/wp-content\/uploads\/2023\/08\/multiples_protecciones-eee867.webp\" \/><\/p>\n<div class=\"card-body p-4\">\n<h4 class=\"card-text textospictospeques\">Protections multiples<\/h4>\n<\/p><\/div><\/div><\/div>\n<div class=\"col-xs-1 col-md-1\">\n<div class=\"card\">\n                            <img decoding=\"async\" class=\"card-img-top w-100 d-block fit-cover pictoprincipalgrande\" src=\"https:\/\/giatsu.com\/wp-content\/uploads\/2023\/08\/kit_salida_de_gases_incluido-34f11b.webp\" \/><\/p>\n<div class=\"card-body p-4\">\n<h4 class=\"card-text textospictospeques\">Kit de sortie de gaz inclus<\/h4>\n<\/p><\/div><\/div><\/div><\/div><\/div>\n<div class=\"row justify-content-md-center\">\n<div class=\"vc_btn3-container vc_btn3-inline\" id=\"botonDescargarFicha\">\n                        <a target=\"_blank\" class=\"btn btn-light border rounded-4 botondescarga\" href=\"https:\/\/giatsu.com\/documentacion\/\/giatsu-fichas-tecnicas-calentadores-a-gas-dual-.pdf\" title=\"\">T\u00e9l\u00e9charger la fiche<\/a>\n                 <\/div><\/div>\n<div class=\"row\">\n<hr>\n<div class=\"col text-center\"><a target=\"_blank\" href=\"https:\/\/giatsu.com\/documentacion\/\/giatsu-manual-de-usuario-e-instalacion-calentadores-a-gas-dual-multiidioma.pdf\" class=\"btn btn-light border rounded-4 botonDescargaManual botondescarga\">Manuel de l&rsquo;utilisateur<\/a><\/div>\n<hr>\n<\/div>\n<\/div>","protected":false},"excerpt":{"rendered":"<p>Le <strong>DUAL Watertight Heater<\/strong> obtient une classification &eacute;nerg&eacute;tique A en raison de sa faible consommation et de sa grande efficacit&eacute; &eacute;nerg&eacute;tique.<\/p>\n<p>Ses <strong>&eacute;missions de gaz inf&eacute;rieures &agrave; 56 mg\/kWh<\/strong> lui permettent de r&eacute;pondre aux exigences de la norme ErP, ce qui se traduit par un moindre impact sur l\u00a0\u00bbenvironnement.<\/p>\n<p>Gr&acirc;ce &agrave; sa <strong>chambre &eacute;tanche<\/strong>, l\u00a0\u00bbutilisateur ne risque pas d\u00a0\u00bbinhaler des gaz toxiques en cas de fuite, car les gaz de combustion restent en permanence &agrave; l\u00a0\u00bbint&eacute;rieur de l\u00a0\u00bbappareil.<\/p>\n<p>Son <strong>&eacute;cran digital est directement reli&eacute; &agrave; l\u00a0\u00bbunit&eacute; de contr&ocirc;le du chauffe-eau,<\/strong> ce qui permet &agrave; l\u00a0\u00bbutilisateur de r&eacute;gler la temp&eacute;rature &agrave; laquelle il souhaite que l\u00a0\u00bbeau sorte.<\/p>\n<p>Comme il n\u00a0\u00bby a pas de risque de fuite, ce chauffe-eau peut &ecirc;tre plac&eacute; dans n\u00a0\u00bbimporte quelle pi&egrave;ce de la maison, quelle que soit la ventilation.<\/p>\n<p>Capacit&eacute;s disponibles : 11L NG, 11L LPG<\/p>\n<div class='divPictosEnergia'>[vc_single_image image=&rsquo;9138&prime; alignment=&rsquo;center&rsquo; woodmart_inline=&rsquo;no&rsquo; parallax_scroll=&rsquo;no&rsquo; el_class=&rsquo;imgEnergia&rsquo; img_size=&rsquo;72&#215;36&prime;][vc_single_image image=&rsquo;13412&prime; alignment=&rsquo;center&rsquo; woodmart_inline=&rsquo;no&rsquo; parallax_scroll=&rsquo;no&rsquo; el_class=&rsquo;imgEnergia&rsquo; img_size=&rsquo;72&#215;36&prime;]<\/div>\n<div class='pictosvoz'><\/div>\n","protected":false},"featured_media":9368,"template":"","meta":{"_monsterinsights_skip_tracking":false,"_monsterinsights_sitenote_active":false,"_monsterinsights_sitenote_note":"","_monsterinsights_sitenote_category":0},"product_brand":[],"product_cat":[849,848],"product_tag":[],"class_list":{"0":"post-12394","1":"product","2":"type-product","3":"status-publish","4":"has-post-thumbnail","6":"product_cat-chauffage-au-gaz","7":"product_cat-eau-chaude","9":"first","10":"instock","11":"shipping-taxable","12":"product-type-simple"},"yoast_head":"<!-- This site is optimized with the Yoast SEO plugin v27.4 - https:\/\/yoast.com\/product\/yoast-seo-wordpress\/ -->\n<title>Giatsu Dual Gas Heater<\/title>\n<meta name=\"description\" content=\"Giatsu Dual gas heater, avec une production allant jusqu&#039;&#039;\u00e0 11L\/min, un \u00e9cran tactile et de faibles \u00e9missions de NOx. Disponible pour le gaz naturel et le GPL, y compris le kit de sortie de gaz.\" \/>\n<meta name=\"robots\" content=\"index, follow, max-snippet:-1, max-image-preview:large, max-video-preview:-1\" \/>\n<link rel=\"canonical\" href=\"https:\/\/giatsu.com\/fr\/eau-chaude\/chauffage-au-gaz\/double-chauffage-au-gaz\/\" \/>\n<meta property=\"og:locale\" content=\"fr_FR\" \/>\n<meta property=\"og:type\" content=\"article\" \/>\n<meta property=\"og:title\" content=\"Giatsu Dual Gas Heater\" \/>\n<meta property=\"og:description\" content=\"Giatsu Dual gas heater, avec une production allant jusqu&#039;&#039;\u00e0 11L\/min, un \u00e9cran tactile et de faibles \u00e9missions de NOx. Disponible pour le gaz naturel et le GPL, y compris le kit de sortie de gaz.\" \/>\n<meta property=\"og:url\" content=\"https:\/\/giatsu.com\/fr\/eau-chaude\/chauffage-au-gaz\/double-chauffage-au-gaz\/\" \/>\n<meta property=\"og:site_name\" content=\"GIATSU\" \/>\n<meta property=\"article:modified_time\" content=\"2025-09-19T12:13:48+00:00\" \/>\n<meta property=\"og:image\" content=\"https:\/\/giatsu.com\/wp-content\/uploads\/2023\/08\/dual2-27a555.webp\" \/>\n\t<meta property=\"og:image:width\" content=\"800\" \/>\n\t<meta property=\"og:image:height\" content=\"800\" \/>\n\t<meta property=\"og:image:type\" content=\"image\/webp\" \/>\n<meta name=\"twitter:card\" content=\"summary_large_image\" \/>\n<meta name=\"twitter:label1\" content=\"Dur\u00e9e de lecture estim\u00e9e\" \/>\n\t<meta name=\"twitter:data1\" content=\"1 minute\" \/>\n<script type=\"application\/ld+json\" class=\"yoast-schema-graph\">{\"@context\":\"https:\\\/\\\/schema.org\",\"@graph\":[{\"@type\":\"WebPage\",\"@id\":\"https:\\\/\\\/giatsu.com\\\/fr\\\/eau-chaude\\\/chauffage-au-gaz\\\/double-chauffage-au-gaz\\\/\",\"url\":\"https:\\\/\\\/giatsu.com\\\/fr\\\/eau-chaude\\\/chauffage-au-gaz\\\/double-chauffage-au-gaz\\\/\",\"name\":\"Giatsu Dual Gas Heater\",\"isPartOf\":{\"@id\":\"https:\\\/\\\/giatsu.com\\\/es\\\/#website\"},\"primaryImageOfPage\":{\"@id\":\"https:\\\/\\\/giatsu.com\\\/fr\\\/eau-chaude\\\/chauffage-au-gaz\\\/double-chauffage-au-gaz\\\/#primaryimage\"},\"image\":{\"@id\":\"https:\\\/\\\/giatsu.com\\\/fr\\\/eau-chaude\\\/chauffage-au-gaz\\\/double-chauffage-au-gaz\\\/#primaryimage\"},\"thumbnailUrl\":\"https:\\\/\\\/giatsu.com\\\/wp-content\\\/uploads\\\/2023\\\/08\\\/dual2-27a555.webp\",\"datePublished\":\"2023-06-06T07:02:24+00:00\",\"dateModified\":\"2025-09-19T12:13:48+00:00\",\"description\":\"Giatsu Dual gas heater, avec une production allant jusqu''\u00e0 11L\\\/min, un \u00e9cran tactile et de faibles \u00e9missions de NOx. Disponible pour le gaz naturel et le GPL, y compris le kit de sortie de gaz.\",\"breadcrumb\":{\"@id\":\"https:\\\/\\\/giatsu.com\\\/fr\\\/eau-chaude\\\/chauffage-au-gaz\\\/double-chauffage-au-gaz\\\/#breadcrumb\"},\"inLanguage\":\"fr-FR\",\"potentialAction\":[{\"@type\":\"ReadAction\",\"target\":[\"https:\\\/\\\/giatsu.com\\\/fr\\\/eau-chaude\\\/chauffage-au-gaz\\\/double-chauffage-au-gaz\\\/\"]}]},{\"@type\":\"ImageObject\",\"inLanguage\":\"fr-FR\",\"@id\":\"https:\\\/\\\/giatsu.com\\\/fr\\\/eau-chaude\\\/chauffage-au-gaz\\\/double-chauffage-au-gaz\\\/#primaryimage\",\"url\":\"https:\\\/\\\/giatsu.com\\\/wp-content\\\/uploads\\\/2023\\\/08\\\/dual2-27a555.webp\",\"contentUrl\":\"https:\\\/\\\/giatsu.com\\\/wp-content\\\/uploads\\\/2023\\\/08\\\/dual2-27a555.webp\",\"width\":800,\"height\":800},{\"@type\":\"BreadcrumbList\",\"@id\":\"https:\\\/\\\/giatsu.com\\\/fr\\\/eau-chaude\\\/chauffage-au-gaz\\\/double-chauffage-au-gaz\\\/#breadcrumb\",\"itemListElement\":[{\"@type\":\"ListItem\",\"position\":1,\"name\":\"Home\",\"item\":\"https:\\\/\\\/giatsu.com\\\/es\\\/\"},{\"@type\":\"ListItem\",\"position\":2,\"name\":\"PRODUCTOS\",\"item\":\"https:\\\/\\\/giatsu.com\\\/es\\\/productos\\\/\"},{\"@type\":\"ListItem\",\"position\":3,\"name\":\"DOUBLE CHAUFFAGE AU GAZ\"}]},{\"@type\":\"WebSite\",\"@id\":\"https:\\\/\\\/giatsu.com\\\/es\\\/#website\",\"url\":\"https:\\\/\\\/giatsu.com\\\/es\\\/\",\"name\":\"GIATSU\",\"description\":\"Quality Comfort Everywhere\",\"potentialAction\":[{\"@type\":\"SearchAction\",\"target\":{\"@type\":\"EntryPoint\",\"urlTemplate\":\"https:\\\/\\\/giatsu.com\\\/es\\\/?s={search_term_string}\"},\"query-input\":{\"@type\":\"PropertyValueSpecification\",\"valueRequired\":true,\"valueName\":\"search_term_string\"}}],\"inLanguage\":\"fr-FR\"}]}<\/script>\n<!-- \/ Yoast SEO plugin. -->","yoast_head_json":{"title":"Giatsu Dual Gas Heater","description":"Giatsu Dual gas heater, avec une production allant jusqu''\u00e0 11L\/min, un \u00e9cran tactile et de faibles \u00e9missions de NOx. Disponible pour le gaz naturel et le GPL, y compris le kit de sortie de gaz.","robots":{"index":"index","follow":"follow","max-snippet":"max-snippet:-1","max-image-preview":"max-image-preview:large","max-video-preview":"max-video-preview:-1"},"canonical":"https:\/\/giatsu.com\/fr\/eau-chaude\/chauffage-au-gaz\/double-chauffage-au-gaz\/","og_locale":"fr_FR","og_type":"article","og_title":"Giatsu Dual Gas Heater","og_description":"Giatsu Dual gas heater, avec une production allant jusqu''\u00e0 11L\/min, un \u00e9cran tactile et de faibles \u00e9missions de NOx. Disponible pour le gaz naturel et le GPL, y compris le kit de sortie de gaz.","og_url":"https:\/\/giatsu.com\/fr\/eau-chaude\/chauffage-au-gaz\/double-chauffage-au-gaz\/","og_site_name":"GIATSU","article_modified_time":"2025-09-19T12:13:48+00:00","og_image":[{"width":800,"height":800,"url":"https:\/\/giatsu.com\/wp-content\/uploads\/2023\/08\/dual2-27a555.webp","type":"image\/webp"}],"twitter_card":"summary_large_image","twitter_misc":{"Dur\u00e9e de lecture estim\u00e9e":"1 minute"},"schema":{"@context":"https:\/\/schema.org","@graph":[{"@type":"WebPage","@id":"https:\/\/giatsu.com\/fr\/eau-chaude\/chauffage-au-gaz\/double-chauffage-au-gaz\/","url":"https:\/\/giatsu.com\/fr\/eau-chaude\/chauffage-au-gaz\/double-chauffage-au-gaz\/","name":"Giatsu Dual Gas Heater","isPartOf":{"@id":"https:\/\/giatsu.com\/es\/#website"},"primaryImageOfPage":{"@id":"https:\/\/giatsu.com\/fr\/eau-chaude\/chauffage-au-gaz\/double-chauffage-au-gaz\/#primaryimage"},"image":{"@id":"https:\/\/giatsu.com\/fr\/eau-chaude\/chauffage-au-gaz\/double-chauffage-au-gaz\/#primaryimage"},"thumbnailUrl":"https:\/\/giatsu.com\/wp-content\/uploads\/2023\/08\/dual2-27a555.webp","datePublished":"2023-06-06T07:02:24+00:00","dateModified":"2025-09-19T12:13:48+00:00","description":"Giatsu Dual gas heater, avec une production allant jusqu''\u00e0 11L\/min, un \u00e9cran tactile et de faibles \u00e9missions de NOx. Disponible pour le gaz naturel et le GPL, y compris le kit de sortie de gaz.","breadcrumb":{"@id":"https:\/\/giatsu.com\/fr\/eau-chaude\/chauffage-au-gaz\/double-chauffage-au-gaz\/#breadcrumb"},"inLanguage":"fr-FR","potentialAction":[{"@type":"ReadAction","target":["https:\/\/giatsu.com\/fr\/eau-chaude\/chauffage-au-gaz\/double-chauffage-au-gaz\/"]}]},{"@type":"ImageObject","inLanguage":"fr-FR","@id":"https:\/\/giatsu.com\/fr\/eau-chaude\/chauffage-au-gaz\/double-chauffage-au-gaz\/#primaryimage","url":"https:\/\/giatsu.com\/wp-content\/uploads\/2023\/08\/dual2-27a555.webp","contentUrl":"https:\/\/giatsu.com\/wp-content\/uploads\/2023\/08\/dual2-27a555.webp","width":800,"height":800},{"@type":"BreadcrumbList","@id":"https:\/\/giatsu.com\/fr\/eau-chaude\/chauffage-au-gaz\/double-chauffage-au-gaz\/#breadcrumb","itemListElement":[{"@type":"ListItem","position":1,"name":"Home","item":"https:\/\/giatsu.com\/es\/"},{"@type":"ListItem","position":2,"name":"PRODUCTOS","item":"https:\/\/giatsu.com\/es\/productos\/"},{"@type":"ListItem","position":3,"name":"DOUBLE CHAUFFAGE AU GAZ"}]},{"@type":"WebSite","@id":"https:\/\/giatsu.com\/es\/#website","url":"https:\/\/giatsu.com\/es\/","name":"GIATSU","description":"Quality Comfort Everywhere","potentialAction":[{"@type":"SearchAction","target":{"@type":"EntryPoint","urlTemplate":"https:\/\/giatsu.com\/es\/?s={search_term_string}"},"query-input":{"@type":"PropertyValueSpecification","valueRequired":true,"valueName":"search_term_string"}}],"inLanguage":"fr-FR"}]}},"_links":{"self":[{"href":"https:\/\/giatsu.com\/fr\/wp-json\/wp\/v2\/product\/12394","targetHints":{"allow":["GET"]}}],"collection":[{"href":"https:\/\/giatsu.com\/fr\/wp-json\/wp\/v2\/product"}],"about":[{"href":"https:\/\/giatsu.com\/fr\/wp-json\/wp\/v2\/types\/product"}],"wp:featuredmedia":[{"embeddable":true,"href":"https:\/\/giatsu.com\/fr\/wp-json\/wp\/v2\/media\/9368"}],"wp:attachment":[{"href":"https:\/\/giatsu.com\/fr\/wp-json\/wp\/v2\/media?parent=12394"}],"wp:term":[{"taxonomy":"product_brand","embeddable":true,"href":"https:\/\/giatsu.com\/fr\/wp-json\/wp\/v2\/product_brand?post=12394"},{"taxonomy":"product_cat","embeddable":true,"href":"https:\/\/giatsu.com\/fr\/wp-json\/wp\/v2\/product_cat?post=12394"},{"taxonomy":"product_tag","embeddable":true,"href":"https:\/\/giatsu.com\/fr\/wp-json\/wp\/v2\/product_tag?post=12394"}],"curies":[{"name":"wp","href":"https:\/\/api.w.org\/{rel}","templated":true}]}}