{"id":12385,"date":"2023-06-06T07:02:21","date_gmt":"2023-06-06T07:02:21","guid":{"rendered":"https:\/\/giatsu.com\/?post_type=product&#038;p=12385"},"modified":"2025-09-19T12:10:46","modified_gmt":"2025-09-19T12:10:46","slug":"chauffe-eau-a-gaz-en-losange","status":"publish","type":"product","link":"https:\/\/giatsu.com\/fr\/eau-chaude\/chauffage-au-gaz\/chauffe-eau-a-gaz-en-losange\/","title":{"rendered":"CHAUFFE-EAU \u00c0 GAZ EN LOSANGE"},"content":{"rendered":"<div class=\"wpb-content-wrapper\"><div class=\"container mb-1 moduloprincipalespictos\">\n<h2 class=\"text-center tituloprincipales\">Caracter\u00edsticas principales<\/h2>\n<div class=\"row row-cols-1 row-cols-md-2 row-cols-xl-3\">\n<div class=\"col-xs-6 col-md-3 order-last\">\n<div class=\"card\">\n                            <img decoding=\"async\" class=\"card-img-top w-100 d-block fit-cover pictoprincipalgrande\" src=\"https:\/\/giatsu.com\/wp-content\/uploads\/2023\/08\/slim-55326d.webp\" \/><\/p>\n<div class=\"card-body p-4\">\n<h3 class=\"font-weight-bold card-title\">Slim design<\/h3>\n<p class=\"card-text\">La hauteur du produit est r\u00e9duite pour s?adapter \u00e0 des installations de faible encombrement.<\/p>\n<\/p><\/div><\/div><\/div>\n<div class=\"col-xs-6 col-md-3 order-last\">\n<div class=\"card\">\n                            <img decoding=\"async\" class=\"card-img-top w-100 d-block fit-cover pictoprincipalgrande\" src=\"https:\/\/giatsu.com\/wp-content\/uploads\/2023\/08\/clase-6-nox-ea2613.webp\" \/><\/p>\n<div class=\"card-body p-4\">\n<h3 class=\"font-weight-bold card-title\">Classe 6 NOx<\/h3>\n<p class=\"card-text\">Les \u00e9missions de NOx de cet appareil de chauffage sont inf\u00e9rieures \u00e0 56 mg\/kWh.<\/p>\n<\/p><\/div><\/div><\/div>\n<div class=\"col-xs-6 col-md-3 order-last\">\n<div class=\"card\">\n                            <img decoding=\"async\" class=\"card-img-top w-100 d-block fit-cover pictoprincipalgrande\" src=\"https:\/\/giatsu.com\/wp-content\/uploads\/2023\/08\/compatible-con-energia-solar-8962e7.webp\" \/><\/p>\n<div class=\"card-body p-4\">\n<h3 class=\"font-weight-bold card-title\">Compatible avec \u00e9nergie solaire<\/h3>\n<p class=\"card-text\">L&rsquo;\u00e9quipement est pr\u00e9par\u00e9 pour fonctionner avec des \u00e9quipements solaires thermiques, ce qui augmente l&rsquo;efficacit\u00e9 de l&rsquo;installation.<\/p>\n<\/p><\/div><\/div><\/div>\n<div class=\"col-xs-6 col-md-3 order-last\">\n<div class=\"card\">\n                            <img decoding=\"async\" class=\"card-img-top w-100 d-block fit-cover pictoprincipalgrande\" src=\"https:\/\/giatsu.com\/wp-content\/uploads\/2023\/08\/sin-llama-piloto-c253ba.webp\" \/><\/p>\n<div class=\"card-body p-4\">\n<h3 class=\"font-weight-bold card-title\">Sans veilleuse<\/h3>\n<p class=\"card-text\">La flamme ne s&rsquo;allume qu&rsquo;en cas de demande d&rsquo;eau chaude, ce qui permet une utilisation plus s\u00fbre et des \u00e9conomies plus importantes.<\/p>\n<\/p><\/div><\/div><\/div><\/div><\/div>\n<hr>\n<p>        [vc_row mobile_bg_img_hidden=\u00a0\u00bbno\u00a0\u00bb tablet_bg_img_hidden=\u00a0\u00bbno\u00a0\u00bb woodmart_parallax=\u00a0\u00bb0&Prime; woodmart_gradient_switch=\u00a0\u00bbno\u00a0\u00bb row_reverse_mobile=\u00a0\u00bb0&Prime; row_reverse_tablet=\u00a0\u00bb0&Prime; woodmart_disable_overflow=\u00a0\u00bb0&Prime; el_class=\u00a0\u00bbfilaImgCaracteristica\u00a0\u00bb][vc_column mobile_bg_img_hidden=\u00a0\u00bbno\u00a0\u00bb tablet_bg_img_hidden=\u00a0\u00bbno\u00a0\u00bb woodmart_parallax=\u00a0\u00bb0&Prime; woodmart_sticky_column=\u00a0\u00bbfalse\u00a0\u00bb parallax_scroll=\u00a0\u00bbno\u00a0\u00bb mobile_reset_margin=\u00a0\u00bbno\u00a0\u00bb tablet_reset_margin=\u00a0\u00bbno\u00a0\u00bb]<\/p>\n<div class=\"container mb-1\">\n<h3 class=\"text-center\">Informaci\u00f3n t\u00e9cnica<\/h3>\n<div class=\"row row-cols-1 row-cols-md-2 row-cols-xl-3 justify-content-md-center\">\n<div class=\"col-xs-1 col-md-1\">\n<div class=\"card\">\n                            <img decoding=\"async\" class=\"card-img-top w-100 d-block fit-cover pictoprincipalgrande\" src=\"https:\/\/giatsu.com\/wp-content\/uploads\/2023\/08\/intercambiador_de_cobre_libre_de_oxigeno-622e44.webp\" \/><\/p>\n<div class=\"card-body p-4\">\n<h4 class=\"card-text textospictospeques\">\u00c9changeur en cuivre sans oxyg\u00e8ne<\/h4>\n<\/p><\/div><\/div><\/div>\n<div class=\"col-xs-1 col-md-1\">\n<div class=\"card\">\n                            <img decoding=\"async\" class=\"card-img-top w-100 d-block fit-cover pictoprincipalgrande\" src=\"https:\/\/giatsu.com\/wp-content\/uploads\/2023\/08\/gran_produccion_de_acs_12l-df21a6.webp\" \/><\/p>\n<div class=\"card-body p-4\">\n<h4 class=\"card-text textospictospeques\">Grande production d&rsquo;ECS 12L<\/h4>\n<\/p><\/div><\/div><\/div>\n<div class=\"col-xs-1 col-md-1\">\n<div class=\"card\">\n                            <img decoding=\"async\" class=\"card-img-top w-100 d-block fit-cover pictoprincipalgrande\" src=\"https:\/\/giatsu.com\/wp-content\/uploads\/2023\/08\/kit_salida_de_gases_incluido-34f11b.webp\" \/><\/p>\n<div class=\"card-body p-4\">\n<h4 class=\"card-text textospictospeques\">Kit de sortie de gaz inclus<\/h4>\n<\/p><\/div><\/div><\/div><\/div><\/div>\n<div class=\"row justify-content-md-center\">\n<div class=\"vc_btn3-container vc_btn3-inline\" id=\"botonDescargarFicha\">\n                        <a target=\"_blank\" class=\"btn btn-light border rounded-4 botondescarga\" href=\"https:\/\/giatsu.com\/documentacion\/\/giatsu-fichas-tecnicas-calentadores-a-gas-rombo-frances.pdf\" title=\"\">T\u00e9l\u00e9charger la fiche<\/a>\n                 <\/div><\/div>\n<div class=\"row\">\n<hr>\n<div class=\"col text-center\"><a target=\"_blank\" href=\"https:\/\/giatsu.com\/documentacion\/\/giatsu-manual-de-usuario-e-instalacion-calentadores-a-gas-rombo-multiidioma.pdf\" class=\"btn btn-light border rounded-4 botonDescargaManual botondescarga\">Manuel de l&rsquo;utilisateur<\/a><\/div>\n<hr>\n<\/div>\n<\/div>","protected":false},"excerpt":{"rendered":"<p>Le <strong>chauffe-eau Rombo de Giatsu<\/strong> est &agrave; la fois efficace, design et durable.<\/p>\n<p>Gr&acirc;ce &agrave; son <strong>thermostat<\/strong>, l\u00a0\u00bbeau est chauff&eacute;e automatiquement en fonction des conditions ext&eacute;rieures.<\/p>\n<p><strong>Faibles &eacute;missions de NOx pour une plan&egrave;te plus propre :<\/strong> il int&egrave;gre une technologie avanc&eacute;e qui minimise les &eacute;missions d\u00a0\u00bboxyde d\u00a0\u00bbazote (NOx) dans l\u00a0\u00bbenvironnement.<\/p>\n<p>Design fin<strong>:<\/strong> facile &agrave; transporter et &agrave; installer gr&acirc;ce &agrave; son design fin d\u00a0\u00bbune profondeur de seulement 15 cm.<\/p>\n<p><strong>Compatibilit&eacute; avec l\u00a0\u00bb&eacute;nergie solaire pour un avenir durable :<\/strong> regardez vers l\u00a0\u00bbavenir avec notre chauffage au gaz &eacute;tanche qui est compatible avec les syst&egrave;mes d\u00a0\u00bb&eacute;nergie solaire, r&eacute;duisant davantage votre consommation de combustibles fossiles et vos co&ucirc;ts &eacute;nerg&eacute;tiques.<\/p>\n<p><strong>Plus d\u00a0\u00bb&eacute;conomies de consommation :<\/strong> il a &eacute;t&eacute; con&ccedil;u pour offrir des performances optimales avec une consommation de gaz tr&egrave;s efficace. Cela se traduit par des &eacute;conomies significatives sur vos factures d\u00a0\u00bb&eacute;nergie sans sacrifier le confort d\u00a0\u00bbavoir de l\u00a0\u00bbeau chaude &agrave; tout moment.<\/p>\n<p>Capacit&eacute;s disponibles : 12L GN 12L LPG<\/p>\n<div class='divPictosEnergia'>[vc_single_image image=&rsquo;9138&prime; alignment=&rsquo;center&rsquo; woodmart_inline=&rsquo;no&rsquo; parallax_scroll=&rsquo;no&rsquo; el_class=&rsquo;imgEnergia&rsquo; img_size=&rsquo;72&#215;36&prime;]<\/div>\n<div class='pictosvoz'><\/div>\n","protected":false},"featured_media":9118,"template":"","meta":{"_monsterinsights_skip_tracking":false,"_monsterinsights_sitenote_active":false,"_monsterinsights_sitenote_note":"","_monsterinsights_sitenote_category":0},"product_brand":[],"product_cat":[849,848],"product_tag":[],"class_list":{"0":"post-12385","1":"product","2":"type-product","3":"status-publish","4":"has-post-thumbnail","6":"product_cat-chauffage-au-gaz","7":"product_cat-eau-chaude","9":"first","10":"instock","11":"shipping-taxable","12":"product-type-simple"},"yoast_head":"<!-- This site is optimized with the Yoast SEO plugin v26.6 - https:\/\/yoast.com\/wordpress\/plugins\/seo\/ -->\n<title>Chauffage \u00e9tanche Giatsu Rombo<\/title>\n<meta name=\"description\" content=\"Chauffage au gaz de conception compacte, efficace et \u00e0 faibles \u00e9missions de NOx. Compatible avec l&#039;&#039;\u00e9nergie solaire, disponible en version 12L pour le gaz naturel et le GPL.\" \/>\n<meta name=\"robots\" content=\"index, follow, max-snippet:-1, max-image-preview:large, max-video-preview:-1\" \/>\n<link rel=\"canonical\" href=\"https:\/\/giatsu.com\/fr\/eau-chaude\/chauffage-au-gaz\/chauffe-eau-a-gaz-en-losange\/\" \/>\n<meta property=\"og:locale\" content=\"fr_FR\" \/>\n<meta property=\"og:type\" content=\"article\" \/>\n<meta property=\"og:title\" content=\"Chauffage \u00e9tanche Giatsu Rombo\" \/>\n<meta property=\"og:description\" content=\"Chauffage au gaz de conception compacte, efficace et \u00e0 faibles \u00e9missions de NOx. Compatible avec l&#039;&#039;\u00e9nergie solaire, disponible en version 12L pour le gaz naturel et le GPL.\" \/>\n<meta property=\"og:url\" content=\"https:\/\/giatsu.com\/fr\/eau-chaude\/chauffage-au-gaz\/chauffe-eau-a-gaz-en-losange\/\" \/>\n<meta property=\"og:site_name\" content=\"GIATSU\" \/>\n<meta property=\"article:modified_time\" content=\"2025-09-19T12:10:46+00:00\" \/>\n<meta property=\"og:image\" content=\"https:\/\/giatsu.com\/wp-content\/uploads\/2023\/08\/rombo4-06e6fd.webp\" \/>\n\t<meta property=\"og:image:width\" content=\"800\" \/>\n\t<meta property=\"og:image:height\" content=\"800\" \/>\n\t<meta property=\"og:image:type\" content=\"image\/webp\" \/>\n<meta name=\"twitter:card\" content=\"summary_large_image\" \/>\n<meta name=\"twitter:label1\" content=\"Dur\u00e9e de lecture estim\u00e9e\" \/>\n\t<meta name=\"twitter:data1\" content=\"1 minute\" \/>\n<script type=\"application\/ld+json\" class=\"yoast-schema-graph\">{\"@context\":\"https:\/\/schema.org\",\"@graph\":[{\"@type\":\"WebPage\",\"@id\":\"https:\/\/giatsu.com\/fr\/eau-chaude\/chauffage-au-gaz\/chauffe-eau-a-gaz-en-losange\/\",\"url\":\"https:\/\/giatsu.com\/fr\/eau-chaude\/chauffage-au-gaz\/chauffe-eau-a-gaz-en-losange\/\",\"name\":\"Chauffage \u00e9tanche Giatsu Rombo\",\"isPartOf\":{\"@id\":\"https:\/\/giatsu.com\/es\/#website\"},\"primaryImageOfPage\":{\"@id\":\"https:\/\/giatsu.com\/fr\/eau-chaude\/chauffage-au-gaz\/chauffe-eau-a-gaz-en-losange\/#primaryimage\"},\"image\":{\"@id\":\"https:\/\/giatsu.com\/fr\/eau-chaude\/chauffage-au-gaz\/chauffe-eau-a-gaz-en-losange\/#primaryimage\"},\"thumbnailUrl\":\"https:\/\/giatsu.com\/wp-content\/uploads\/2023\/08\/rombo4-06e6fd.webp\",\"datePublished\":\"2023-06-06T07:02:21+00:00\",\"dateModified\":\"2025-09-19T12:10:46+00:00\",\"description\":\"Chauffage au gaz de conception compacte, efficace et \u00e0 faibles \u00e9missions de NOx. Compatible avec l''\u00e9nergie solaire, disponible en version 12L pour le gaz naturel et le GPL.\",\"breadcrumb\":{\"@id\":\"https:\/\/giatsu.com\/fr\/eau-chaude\/chauffage-au-gaz\/chauffe-eau-a-gaz-en-losange\/#breadcrumb\"},\"inLanguage\":\"fr-FR\",\"potentialAction\":[{\"@type\":\"ReadAction\",\"target\":[\"https:\/\/giatsu.com\/fr\/eau-chaude\/chauffage-au-gaz\/chauffe-eau-a-gaz-en-losange\/\"]}]},{\"@type\":\"ImageObject\",\"inLanguage\":\"fr-FR\",\"@id\":\"https:\/\/giatsu.com\/fr\/eau-chaude\/chauffage-au-gaz\/chauffe-eau-a-gaz-en-losange\/#primaryimage\",\"url\":\"https:\/\/giatsu.com\/wp-content\/uploads\/2023\/08\/rombo4-06e6fd.webp\",\"contentUrl\":\"https:\/\/giatsu.com\/wp-content\/uploads\/2023\/08\/rombo4-06e6fd.webp\",\"width\":800,\"height\":800},{\"@type\":\"BreadcrumbList\",\"@id\":\"https:\/\/giatsu.com\/fr\/eau-chaude\/chauffage-au-gaz\/chauffe-eau-a-gaz-en-losange\/#breadcrumb\",\"itemListElement\":[{\"@type\":\"ListItem\",\"position\":1,\"name\":\"Home\",\"item\":\"https:\/\/giatsu.com\/es\/\"},{\"@type\":\"ListItem\",\"position\":2,\"name\":\"PRODUCTOS\",\"item\":\"https:\/\/giatsu.com\/es\/productos\/\"},{\"@type\":\"ListItem\",\"position\":3,\"name\":\"CHAUFFE-EAU \u00c0 GAZ EN LOSANGE\"}]},{\"@type\":\"WebSite\",\"@id\":\"https:\/\/giatsu.com\/es\/#website\",\"url\":\"https:\/\/giatsu.com\/es\/\",\"name\":\"GIATSU\",\"description\":\"Quality Comfort Everywhere\",\"potentialAction\":[{\"@type\":\"SearchAction\",\"target\":{\"@type\":\"EntryPoint\",\"urlTemplate\":\"https:\/\/giatsu.com\/es\/?s={search_term_string}\"},\"query-input\":{\"@type\":\"PropertyValueSpecification\",\"valueRequired\":true,\"valueName\":\"search_term_string\"}}],\"inLanguage\":\"fr-FR\"}]}<\/script>\n<!-- \/ Yoast SEO plugin. -->","yoast_head_json":{"title":"Chauffage \u00e9tanche Giatsu Rombo","description":"Chauffage au gaz de conception compacte, efficace et \u00e0 faibles \u00e9missions de NOx. Compatible avec l''\u00e9nergie solaire, disponible en version 12L pour le gaz naturel et le GPL.","robots":{"index":"index","follow":"follow","max-snippet":"max-snippet:-1","max-image-preview":"max-image-preview:large","max-video-preview":"max-video-preview:-1"},"canonical":"https:\/\/giatsu.com\/fr\/eau-chaude\/chauffage-au-gaz\/chauffe-eau-a-gaz-en-losange\/","og_locale":"fr_FR","og_type":"article","og_title":"Chauffage \u00e9tanche Giatsu Rombo","og_description":"Chauffage au gaz de conception compacte, efficace et \u00e0 faibles \u00e9missions de NOx. Compatible avec l''\u00e9nergie solaire, disponible en version 12L pour le gaz naturel et le GPL.","og_url":"https:\/\/giatsu.com\/fr\/eau-chaude\/chauffage-au-gaz\/chauffe-eau-a-gaz-en-losange\/","og_site_name":"GIATSU","article_modified_time":"2025-09-19T12:10:46+00:00","og_image":[{"width":800,"height":800,"url":"https:\/\/giatsu.com\/wp-content\/uploads\/2023\/08\/rombo4-06e6fd.webp","type":"image\/webp"}],"twitter_card":"summary_large_image","twitter_misc":{"Dur\u00e9e de lecture estim\u00e9e":"1 minute"},"schema":{"@context":"https:\/\/schema.org","@graph":[{"@type":"WebPage","@id":"https:\/\/giatsu.com\/fr\/eau-chaude\/chauffage-au-gaz\/chauffe-eau-a-gaz-en-losange\/","url":"https:\/\/giatsu.com\/fr\/eau-chaude\/chauffage-au-gaz\/chauffe-eau-a-gaz-en-losange\/","name":"Chauffage \u00e9tanche Giatsu Rombo","isPartOf":{"@id":"https:\/\/giatsu.com\/es\/#website"},"primaryImageOfPage":{"@id":"https:\/\/giatsu.com\/fr\/eau-chaude\/chauffage-au-gaz\/chauffe-eau-a-gaz-en-losange\/#primaryimage"},"image":{"@id":"https:\/\/giatsu.com\/fr\/eau-chaude\/chauffage-au-gaz\/chauffe-eau-a-gaz-en-losange\/#primaryimage"},"thumbnailUrl":"https:\/\/giatsu.com\/wp-content\/uploads\/2023\/08\/rombo4-06e6fd.webp","datePublished":"2023-06-06T07:02:21+00:00","dateModified":"2025-09-19T12:10:46+00:00","description":"Chauffage au gaz de conception compacte, efficace et \u00e0 faibles \u00e9missions de NOx. Compatible avec l''\u00e9nergie solaire, disponible en version 12L pour le gaz naturel et le GPL.","breadcrumb":{"@id":"https:\/\/giatsu.com\/fr\/eau-chaude\/chauffage-au-gaz\/chauffe-eau-a-gaz-en-losange\/#breadcrumb"},"inLanguage":"fr-FR","potentialAction":[{"@type":"ReadAction","target":["https:\/\/giatsu.com\/fr\/eau-chaude\/chauffage-au-gaz\/chauffe-eau-a-gaz-en-losange\/"]}]},{"@type":"ImageObject","inLanguage":"fr-FR","@id":"https:\/\/giatsu.com\/fr\/eau-chaude\/chauffage-au-gaz\/chauffe-eau-a-gaz-en-losange\/#primaryimage","url":"https:\/\/giatsu.com\/wp-content\/uploads\/2023\/08\/rombo4-06e6fd.webp","contentUrl":"https:\/\/giatsu.com\/wp-content\/uploads\/2023\/08\/rombo4-06e6fd.webp","width":800,"height":800},{"@type":"BreadcrumbList","@id":"https:\/\/giatsu.com\/fr\/eau-chaude\/chauffage-au-gaz\/chauffe-eau-a-gaz-en-losange\/#breadcrumb","itemListElement":[{"@type":"ListItem","position":1,"name":"Home","item":"https:\/\/giatsu.com\/es\/"},{"@type":"ListItem","position":2,"name":"PRODUCTOS","item":"https:\/\/giatsu.com\/es\/productos\/"},{"@type":"ListItem","position":3,"name":"CHAUFFE-EAU \u00c0 GAZ EN LOSANGE"}]},{"@type":"WebSite","@id":"https:\/\/giatsu.com\/es\/#website","url":"https:\/\/giatsu.com\/es\/","name":"GIATSU","description":"Quality Comfort Everywhere","potentialAction":[{"@type":"SearchAction","target":{"@type":"EntryPoint","urlTemplate":"https:\/\/giatsu.com\/es\/?s={search_term_string}"},"query-input":{"@type":"PropertyValueSpecification","valueRequired":true,"valueName":"search_term_string"}}],"inLanguage":"fr-FR"}]}},"_links":{"self":[{"href":"https:\/\/giatsu.com\/fr\/wp-json\/wp\/v2\/product\/12385","targetHints":{"allow":["GET"]}}],"collection":[{"href":"https:\/\/giatsu.com\/fr\/wp-json\/wp\/v2\/product"}],"about":[{"href":"https:\/\/giatsu.com\/fr\/wp-json\/wp\/v2\/types\/product"}],"wp:featuredmedia":[{"embeddable":true,"href":"https:\/\/giatsu.com\/fr\/wp-json\/wp\/v2\/media\/9118"}],"wp:attachment":[{"href":"https:\/\/giatsu.com\/fr\/wp-json\/wp\/v2\/media?parent=12385"}],"wp:term":[{"taxonomy":"product_brand","embeddable":true,"href":"https:\/\/giatsu.com\/fr\/wp-json\/wp\/v2\/product_brand?post=12385"},{"taxonomy":"product_cat","embeddable":true,"href":"https:\/\/giatsu.com\/fr\/wp-json\/wp\/v2\/product_cat?post=12385"},{"taxonomy":"product_tag","embeddable":true,"href":"https:\/\/giatsu.com\/fr\/wp-json\/wp\/v2\/product_tag?post=12385"}],"curies":[{"name":"wp","href":"https:\/\/api.w.org\/{rel}","templated":true}]}}