{"id":12377,"date":"2023-06-06T07:02:19","date_gmt":"2023-06-06T07:02:19","guid":{"rendered":"https:\/\/giatsu.com\/?post_type=product&#038;p=12377"},"modified":"2025-09-19T12:08:06","modified_gmt":"2025-09-19T12:08:06","slug":"chauffage-au-gaz-sena","status":"publish","type":"product","link":"https:\/\/giatsu.com\/fr\/eau-chaude\/chauffage-au-gaz\/chauffage-au-gaz-sena\/","title":{"rendered":"CHAUFFAGE AU GAZ SENA"},"content":{"rendered":"<div class=\"wpb-content-wrapper\"><div class=\"container mb-1 moduloprincipalespictos\">\n<h2 class=\"text-center tituloprincipales\">Caracter\u00edsticas principales<\/h2>\n<div class=\"row row-cols-1 row-cols-md-2 row-cols-xl-3\">\n<div class=\"col-xs-6 col-md-3 order-last\">\n<div class=\"card\">\n                            <img decoding=\"async\" class=\"card-img-top w-100 d-block fit-cover pictoprincipalgrande\" src=\"https:\/\/giatsu.com\/wp-content\/uploads\/2023\/08\/slim-55326d.webp\" \/><\/p>\n<div class=\"card-body p-4\">\n<h3 class=\"font-weight-bold card-title\">Slim design<\/h3>\n<p class=\"card-text\">La hauteur du produit est r\u00e9duite pour s?adapter \u00e0 des installations de faible encombrement.<\/p>\n<\/p><\/div><\/div><\/div>\n<div class=\"col-xs-6 col-md-3 order-last\">\n<div class=\"card\">\n                            <img decoding=\"async\" class=\"card-img-top w-100 d-block fit-cover pictoprincipalgrande\" src=\"https:\/\/giatsu.com\/wp-content\/uploads\/2023\/08\/led-9ce7c9.webp\" \/><\/p>\n<div class=\"card-body p-4\">\n<h3 class=\"font-weight-bold card-title\">\u00c9cran LED<\/h3>\n<p class=\"card-text\">Un grand \u00e9cran LED informe sur le fonctionnement du syst\u00e8me de climatisation.<\/p>\n<\/p><\/div><\/div><\/div>\n<div class=\"col-xs-6 col-md-3 order-last\">\n<div class=\"card\">\n                            <img decoding=\"async\" class=\"card-img-top w-100 d-block fit-cover pictoprincipalgrande\" src=\"\" \/><\/p>\n<div class=\"card-body p-4\">\n<h3 class=\"font-weight-bold card-title\">Grande production de ECS<\/h3>\n<p class=\"card-text\">Indique les quantit\u00e9s d&rsquo;eau chaude sanitaire en litres\/minute.<\/p>\n<\/p><\/div><\/div><\/div>\n<div class=\"col-xs-6 col-md-3 order-last\">\n<div class=\"card\">\n                            <img decoding=\"async\" class=\"card-img-top w-100 d-block fit-cover pictoprincipalgrande\" src=\"https:\/\/giatsu.com\/wp-content\/uploads\/2023\/08\/sin-llama-piloto-c253ba.webp\" \/><\/p>\n<div class=\"card-body p-4\">\n<h3 class=\"font-weight-bold card-title\">Sans veilleuse<\/h3>\n<p class=\"card-text\">La flamme ne s&rsquo;allume qu&rsquo;en cas de demande d&rsquo;eau chaude, ce qui permet une utilisation plus s\u00fbre et des \u00e9conomies plus importantes.<\/p>\n<\/p><\/div><\/div><\/div><\/div><\/div>\n<hr>\n<p>        [vc_row mobile_bg_img_hidden=\u00a0\u00bbno\u00a0\u00bb tablet_bg_img_hidden=\u00a0\u00bbno\u00a0\u00bb woodmart_parallax=\u00a0\u00bb0&Prime; woodmart_gradient_switch=\u00a0\u00bbno\u00a0\u00bb row_reverse_mobile=\u00a0\u00bb0&Prime; row_reverse_tablet=\u00a0\u00bb0&Prime; woodmart_disable_overflow=\u00a0\u00bb0&Prime; el_class=\u00a0\u00bbfilaImgCaracteristica\u00a0\u00bb][vc_column mobile_bg_img_hidden=\u00a0\u00bbno\u00a0\u00bb tablet_bg_img_hidden=\u00a0\u00bbno\u00a0\u00bb woodmart_parallax=\u00a0\u00bb0&Prime; woodmart_sticky_column=\u00a0\u00bbfalse\u00a0\u00bb parallax_scroll=\u00a0\u00bbno\u00a0\u00bb mobile_reset_margin=\u00a0\u00bbno\u00a0\u00bb tablet_reset_margin=\u00a0\u00bbno\u00a0\u00bb]<\/p>\n<div class=\"container mb-1\">\n<h3 class=\"text-center\">Informaci\u00f3n t\u00e9cnica<\/h3>\n<div class=\"row row-cols-1 row-cols-md-2 row-cols-xl-3 justify-content-md-center\">\n<div class=\"col-xs-1 col-md-1\">\n<div class=\"card\">\n                            <img decoding=\"async\" class=\"card-img-top w-100 d-block fit-cover pictoprincipalgrande\" src=\"https:\/\/giatsu.com\/wp-content\/uploads\/2023\/08\/multiple_proteccion-f5df43.webp\" \/><\/p>\n<div class=\"card-body p-4\">\n<h4 class=\"card-text textospictospeques\">Protection multiple<\/h4>\n<\/p><\/div><\/div><\/div>\n<div class=\"col-xs-1 col-md-1\">\n<div class=\"card\">\n                            <img decoding=\"async\" class=\"card-img-top w-100 d-block fit-cover pictoprincipalgrande\" src=\"https:\/\/giatsu.com\/wp-content\/uploads\/2023\/08\/sensor_de_gas_y_temperatura-e09d39.webp\" \/><\/p>\n<div class=\"card-body p-4\">\n<h4 class=\"card-text textospictospeques\">Capteur de gaz et de temp\u00e9rature<\/h4>\n<\/p><\/div><\/div><\/div>\n<div class=\"col-xs-1 col-md-1\">\n<div class=\"card\">\n                            <img decoding=\"async\" class=\"card-img-top w-100 d-block fit-cover pictoprincipalgrande\" src=\"https:\/\/giatsu.com\/wp-content\/uploads\/2023\/08\/clase-nox6-272ee7.webp\" \/><\/p>\n<div class=\"card-body p-4\">\n<h4 class=\"card-text textospictospeques\">Classe NOx6<\/h4>\n<\/p><\/div><\/div><\/div><\/div><\/div>\n<\/div>","protected":false},"excerpt":{"rendered":"<p>Sena est le chauffe-eau &agrave; gaz atmosph&eacute;rique qui <strong>allie s&eacute;curit&eacute;, efficacit&eacute; et style<\/strong> dans un m&ecirc;me ensemble.<\/p>\n<p>Con&ccedil;u pour vous offrir une exp&eacute;rience sup&eacute;rieure, notre produit est &eacute;quip&eacute; de fonctions avanc&eacute;es qui font la diff&eacute;rence.<\/p>\n<p>Gr&acirc;ce &agrave; ses <strong>faibles &eacute;missions de NOx<\/strong>, il est respectueux de l\u00a0\u00bbenvironnement et contribue &agrave; l\u00a0\u00bbassainissement de l\u00a0\u00bbair. Vous profiterez de l\u00a0\u00bbeau chaude sans vous soucier des &eacute;missions nocives.<\/p>\n<p>Son <strong>design fin<\/strong> permet non seulement d\u00a0\u00bb&eacute;conomiser de l\u00a0\u00bbespace, mais aussi d\u00a0\u00bbajouter une touche de modernit&eacute;. En outre, sa <strong>conception<\/strong> innovante <strong>sans flamme et sans pilote<\/strong> vous permettra de b&eacute;n&eacute;ficier d\u00a0\u00bbun fonctionnement efficace et s&ucirc;r. <strong>Vous &eacute;conomiserez sur les co&ucirc;ts de gaz<\/strong> et profiterez d\u00a0\u00bbun syst&egrave;me qui s\u00a0\u00bbactive automatiquement lorsque de l\u00a0\u00bbeau chaude est requise, sans gaspiller d\u00a0\u00bb&eacute;nergie.<\/p>\n<p>La s&eacute;curit&eacute; est notre priorit&eacute; absolue. Notre chauffe-eau est <strong>&eacute;quip&eacute; de plusieurs dispositifs de s&eacute;curit&eacute;<\/strong>, garantissant un fonctionnement fiable et prot&eacute;geant votre famille et votre maison.<\/p>\n<p>Capacit&eacute; disponible : 11L NG, 11L LPG<\/p>\n<div class='divPictosEnergia'>[vc_single_image image=&rsquo;9138&prime; alignment=&rsquo;center&rsquo; woodmart_inline=&rsquo;no&rsquo; parallax_scroll=&rsquo;no&rsquo; el_class=&rsquo;imgEnergia&rsquo; img_size=&rsquo;72&#215;36&prime;]<\/div>\n<div class='pictosvoz'><\/div>\n","protected":false},"featured_media":9393,"template":"","meta":{"_monsterinsights_skip_tracking":false,"_monsterinsights_sitenote_active":false,"_monsterinsights_sitenote_note":"","_monsterinsights_sitenote_category":0},"product_brand":[],"product_cat":[849,848],"product_tag":[],"class_list":{"0":"post-12377","1":"product","2":"type-product","3":"status-publish","4":"has-post-thumbnail","6":"product_cat-chauffage-au-gaz","7":"product_cat-eau-chaude","9":"first","10":"instock","11":"shipping-taxable","12":"product-type-simple"},"yoast_head":"<!-- This site is optimized with the Yoast SEO plugin v26.6 - https:\/\/yoast.com\/wordpress\/plugins\/seo\/ -->\n<title>CHAUFFAGE AU GAZ SENA<\/title>\n<meta name=\"description\" content=\"Gr\u00e2ce \u00e0 ses faibles \u00e9missions de NOx, il est respectueux de l&#039;&#039;environnement et contribue \u00e0 assainir l&#039;&#039;air. Vous profiterez de l&#039;&#039;eau chaude sans vous soucier des \u00e9missions nocives.\" \/>\n<meta name=\"robots\" content=\"index, follow, max-snippet:-1, max-image-preview:large, max-video-preview:-1\" \/>\n<link rel=\"canonical\" href=\"https:\/\/giatsu.com\/fr\/eau-chaude\/chauffage-au-gaz\/chauffage-au-gaz-sena\/\" \/>\n<meta property=\"og:locale\" content=\"fr_FR\" \/>\n<meta property=\"og:type\" content=\"article\" \/>\n<meta property=\"og:title\" content=\"CHAUFFAGE AU GAZ SENA\" \/>\n<meta property=\"og:description\" content=\"Gr\u00e2ce \u00e0 ses faibles \u00e9missions de NOx, il est respectueux de l&#039;&#039;environnement et contribue \u00e0 assainir l&#039;&#039;air. Vous profiterez de l&#039;&#039;eau chaude sans vous soucier des \u00e9missions nocives.\" \/>\n<meta property=\"og:url\" content=\"https:\/\/giatsu.com\/fr\/eau-chaude\/chauffage-au-gaz\/chauffage-au-gaz-sena\/\" \/>\n<meta property=\"og:site_name\" content=\"GIATSU\" \/>\n<meta property=\"article:modified_time\" content=\"2025-09-19T12:08:06+00:00\" \/>\n<meta property=\"og:image\" content=\"https:\/\/giatsu.com\/wp-content\/uploads\/2023\/08\/sena-198b00.webp\" \/>\n\t<meta property=\"og:image:width\" content=\"800\" \/>\n\t<meta property=\"og:image:height\" content=\"800\" \/>\n\t<meta property=\"og:image:type\" content=\"image\/webp\" \/>\n<meta name=\"twitter:card\" content=\"summary_large_image\" \/>\n<meta name=\"twitter:label1\" content=\"Dur\u00e9e de lecture estim\u00e9e\" \/>\n\t<meta name=\"twitter:data1\" content=\"1 minute\" \/>\n<script type=\"application\/ld+json\" class=\"yoast-schema-graph\">{\"@context\":\"https:\/\/schema.org\",\"@graph\":[{\"@type\":\"WebPage\",\"@id\":\"https:\/\/giatsu.com\/fr\/eau-chaude\/chauffage-au-gaz\/chauffage-au-gaz-sena\/\",\"url\":\"https:\/\/giatsu.com\/fr\/eau-chaude\/chauffage-au-gaz\/chauffage-au-gaz-sena\/\",\"name\":\"CHAUFFAGE AU GAZ SENA\",\"isPartOf\":{\"@id\":\"https:\/\/giatsu.com\/es\/#website\"},\"primaryImageOfPage\":{\"@id\":\"https:\/\/giatsu.com\/fr\/eau-chaude\/chauffage-au-gaz\/chauffage-au-gaz-sena\/#primaryimage\"},\"image\":{\"@id\":\"https:\/\/giatsu.com\/fr\/eau-chaude\/chauffage-au-gaz\/chauffage-au-gaz-sena\/#primaryimage\"},\"thumbnailUrl\":\"https:\/\/giatsu.com\/wp-content\/uploads\/2023\/08\/sena-198b00.webp\",\"datePublished\":\"2023-06-06T07:02:19+00:00\",\"dateModified\":\"2025-09-19T12:08:06+00:00\",\"description\":\"Gr\u00e2ce \u00e0 ses faibles \u00e9missions de NOx, il est respectueux de l''environnement et contribue \u00e0 assainir l''air. Vous profiterez de l''eau chaude sans vous soucier des \u00e9missions nocives.\",\"breadcrumb\":{\"@id\":\"https:\/\/giatsu.com\/fr\/eau-chaude\/chauffage-au-gaz\/chauffage-au-gaz-sena\/#breadcrumb\"},\"inLanguage\":\"fr-FR\",\"potentialAction\":[{\"@type\":\"ReadAction\",\"target\":[\"https:\/\/giatsu.com\/fr\/eau-chaude\/chauffage-au-gaz\/chauffage-au-gaz-sena\/\"]}]},{\"@type\":\"ImageObject\",\"inLanguage\":\"fr-FR\",\"@id\":\"https:\/\/giatsu.com\/fr\/eau-chaude\/chauffage-au-gaz\/chauffage-au-gaz-sena\/#primaryimage\",\"url\":\"https:\/\/giatsu.com\/wp-content\/uploads\/2023\/08\/sena-198b00.webp\",\"contentUrl\":\"https:\/\/giatsu.com\/wp-content\/uploads\/2023\/08\/sena-198b00.webp\",\"width\":800,\"height\":800},{\"@type\":\"BreadcrumbList\",\"@id\":\"https:\/\/giatsu.com\/fr\/eau-chaude\/chauffage-au-gaz\/chauffage-au-gaz-sena\/#breadcrumb\",\"itemListElement\":[{\"@type\":\"ListItem\",\"position\":1,\"name\":\"Home\",\"item\":\"https:\/\/giatsu.com\/es\/\"},{\"@type\":\"ListItem\",\"position\":2,\"name\":\"PRODUCTOS\",\"item\":\"https:\/\/giatsu.com\/es\/productos\/\"},{\"@type\":\"ListItem\",\"position\":3,\"name\":\"CHAUFFAGE AU GAZ SENA\"}]},{\"@type\":\"WebSite\",\"@id\":\"https:\/\/giatsu.com\/es\/#website\",\"url\":\"https:\/\/giatsu.com\/es\/\",\"name\":\"GIATSU\",\"description\":\"Quality Comfort Everywhere\",\"potentialAction\":[{\"@type\":\"SearchAction\",\"target\":{\"@type\":\"EntryPoint\",\"urlTemplate\":\"https:\/\/giatsu.com\/es\/?s={search_term_string}\"},\"query-input\":{\"@type\":\"PropertyValueSpecification\",\"valueRequired\":true,\"valueName\":\"search_term_string\"}}],\"inLanguage\":\"fr-FR\"}]}<\/script>\n<!-- \/ Yoast SEO plugin. -->","yoast_head_json":{"title":"CHAUFFAGE AU GAZ SENA","description":"Gr\u00e2ce \u00e0 ses faibles \u00e9missions de NOx, il est respectueux de l''environnement et contribue \u00e0 assainir l''air. Vous profiterez de l''eau chaude sans vous soucier des \u00e9missions nocives.","robots":{"index":"index","follow":"follow","max-snippet":"max-snippet:-1","max-image-preview":"max-image-preview:large","max-video-preview":"max-video-preview:-1"},"canonical":"https:\/\/giatsu.com\/fr\/eau-chaude\/chauffage-au-gaz\/chauffage-au-gaz-sena\/","og_locale":"fr_FR","og_type":"article","og_title":"CHAUFFAGE AU GAZ SENA","og_description":"Gr\u00e2ce \u00e0 ses faibles \u00e9missions de NOx, il est respectueux de l''environnement et contribue \u00e0 assainir l''air. Vous profiterez de l''eau chaude sans vous soucier des \u00e9missions nocives.","og_url":"https:\/\/giatsu.com\/fr\/eau-chaude\/chauffage-au-gaz\/chauffage-au-gaz-sena\/","og_site_name":"GIATSU","article_modified_time":"2025-09-19T12:08:06+00:00","og_image":[{"width":800,"height":800,"url":"https:\/\/giatsu.com\/wp-content\/uploads\/2023\/08\/sena-198b00.webp","type":"image\/webp"}],"twitter_card":"summary_large_image","twitter_misc":{"Dur\u00e9e de lecture estim\u00e9e":"1 minute"},"schema":{"@context":"https:\/\/schema.org","@graph":[{"@type":"WebPage","@id":"https:\/\/giatsu.com\/fr\/eau-chaude\/chauffage-au-gaz\/chauffage-au-gaz-sena\/","url":"https:\/\/giatsu.com\/fr\/eau-chaude\/chauffage-au-gaz\/chauffage-au-gaz-sena\/","name":"CHAUFFAGE AU GAZ SENA","isPartOf":{"@id":"https:\/\/giatsu.com\/es\/#website"},"primaryImageOfPage":{"@id":"https:\/\/giatsu.com\/fr\/eau-chaude\/chauffage-au-gaz\/chauffage-au-gaz-sena\/#primaryimage"},"image":{"@id":"https:\/\/giatsu.com\/fr\/eau-chaude\/chauffage-au-gaz\/chauffage-au-gaz-sena\/#primaryimage"},"thumbnailUrl":"https:\/\/giatsu.com\/wp-content\/uploads\/2023\/08\/sena-198b00.webp","datePublished":"2023-06-06T07:02:19+00:00","dateModified":"2025-09-19T12:08:06+00:00","description":"Gr\u00e2ce \u00e0 ses faibles \u00e9missions de NOx, il est respectueux de l''environnement et contribue \u00e0 assainir l''air. Vous profiterez de l''eau chaude sans vous soucier des \u00e9missions nocives.","breadcrumb":{"@id":"https:\/\/giatsu.com\/fr\/eau-chaude\/chauffage-au-gaz\/chauffage-au-gaz-sena\/#breadcrumb"},"inLanguage":"fr-FR","potentialAction":[{"@type":"ReadAction","target":["https:\/\/giatsu.com\/fr\/eau-chaude\/chauffage-au-gaz\/chauffage-au-gaz-sena\/"]}]},{"@type":"ImageObject","inLanguage":"fr-FR","@id":"https:\/\/giatsu.com\/fr\/eau-chaude\/chauffage-au-gaz\/chauffage-au-gaz-sena\/#primaryimage","url":"https:\/\/giatsu.com\/wp-content\/uploads\/2023\/08\/sena-198b00.webp","contentUrl":"https:\/\/giatsu.com\/wp-content\/uploads\/2023\/08\/sena-198b00.webp","width":800,"height":800},{"@type":"BreadcrumbList","@id":"https:\/\/giatsu.com\/fr\/eau-chaude\/chauffage-au-gaz\/chauffage-au-gaz-sena\/#breadcrumb","itemListElement":[{"@type":"ListItem","position":1,"name":"Home","item":"https:\/\/giatsu.com\/es\/"},{"@type":"ListItem","position":2,"name":"PRODUCTOS","item":"https:\/\/giatsu.com\/es\/productos\/"},{"@type":"ListItem","position":3,"name":"CHAUFFAGE AU GAZ SENA"}]},{"@type":"WebSite","@id":"https:\/\/giatsu.com\/es\/#website","url":"https:\/\/giatsu.com\/es\/","name":"GIATSU","description":"Quality Comfort Everywhere","potentialAction":[{"@type":"SearchAction","target":{"@type":"EntryPoint","urlTemplate":"https:\/\/giatsu.com\/es\/?s={search_term_string}"},"query-input":{"@type":"PropertyValueSpecification","valueRequired":true,"valueName":"search_term_string"}}],"inLanguage":"fr-FR"}]}},"_links":{"self":[{"href":"https:\/\/giatsu.com\/fr\/wp-json\/wp\/v2\/product\/12377","targetHints":{"allow":["GET"]}}],"collection":[{"href":"https:\/\/giatsu.com\/fr\/wp-json\/wp\/v2\/product"}],"about":[{"href":"https:\/\/giatsu.com\/fr\/wp-json\/wp\/v2\/types\/product"}],"wp:featuredmedia":[{"embeddable":true,"href":"https:\/\/giatsu.com\/fr\/wp-json\/wp\/v2\/media\/9393"}],"wp:attachment":[{"href":"https:\/\/giatsu.com\/fr\/wp-json\/wp\/v2\/media?parent=12377"}],"wp:term":[{"taxonomy":"product_brand","embeddable":true,"href":"https:\/\/giatsu.com\/fr\/wp-json\/wp\/v2\/product_brand?post=12377"},{"taxonomy":"product_cat","embeddable":true,"href":"https:\/\/giatsu.com\/fr\/wp-json\/wp\/v2\/product_cat?post=12377"},{"taxonomy":"product_tag","embeddable":true,"href":"https:\/\/giatsu.com\/fr\/wp-json\/wp\/v2\/product_tag?post=12377"}],"curies":[{"name":"wp","href":"https:\/\/api.w.org\/{rel}","templated":true}]}}