{"id":9083,"date":"2023-07-25T10:48:30","date_gmt":"2023-07-25T10:48:30","guid":{"rendered":"https:\/\/giatsu.es\/?post_type=product&#038;p=9083"},"modified":"2026-02-11T14:54:47","modified_gmt":"2026-02-11T14:54:47","slug":"vrf-km","status":"publish","type":"product","link":"https:\/\/giatsu.com\/es\/industrial\/exteriores-vrf\/vrf-km\/","title":{"rendered":"VRF CENTR\u00cdFUGO INVISIBLE"},"content":{"rendered":"<div class=\"wpb-content-wrapper\"><div class=\"container mb-1 moduloprincipalespictos\">\n<h2 class=\"text-center tituloprincipales\">Caracter\u00edsticas principales<\/h2>\n<div class=\"row row-cols-1 row-cols-md-2 row-cols-xl-3\">\n<div class=\"col-xs-6 col-md-3 order-last\">\n<div class=\"card\">\n                            <img decoding=\"async\" class=\"card-img-top w-100 d-block fit-cover pictoprincipalgrande\" src=\"https:\/\/giatsu.com\/wp-content\/uploads\/2023\/08\/diseno_compacto-a5c2f3.webp\" \/><\/p>\n<div class=\"card-body p-4\">\n<h3 class=\"font-weight-bold card-title\">Dise\u00f1o compacto<\/h3>\n<p class=\"card-text\">Ahorra espacio gracias a su dise\u00f1o y tama\u00f1o compacto, ideal para usar en ba\u00f1os, oficinas y habitaciones <\/p>\n<\/p><\/div><\/div><\/div>\n<div class=\"col-xs-6 col-md-3 order-last\">\n<div class=\"card\">\n                            <img decoding=\"async\" class=\"card-img-top w-100 d-block fit-cover pictoprincipalgrande\" src=\"https:\/\/giatsu.com\/wp-content\/uploads\/2023\/06\/tecnologia_inverter-495dd8.webp\" \/><\/p>\n<div class=\"card-body p-4\">\n<h3 class=\"font-weight-bold card-title\">Tecnolog\u00eda inverter<\/h3>\n<p class=\"card-text\">Al trabajar el compresor de forma continua se consigue un ahorro de hasta el 50% de energ\u00eda con respecto a equipos convencionales.<\/p>\n<\/p><\/div><\/div><\/div><\/div><\/div>\n<hr>\n<p>        [vc_row mobile_bg_img_hidden=\u00bbno\u00bb tablet_bg_img_hidden=\u00bbno\u00bb woodmart_parallax=\u00bb0&#8243; woodmart_gradient_switch=\u00bbno\u00bb row_reverse_mobile=\u00bb0&#8243; row_reverse_tablet=\u00bb0&#8243; woodmart_disable_overflow=\u00bb0&#8243; el_class=\u00bbfilaImgCaracteristica\u00bb][vc_column mobile_bg_img_hidden=\u00bbno\u00bb tablet_bg_img_hidden=\u00bbno\u00bb woodmart_parallax=\u00bb0&#8243; woodmart_sticky_column=\u00bbfalse\u00bb parallax_scroll=\u00bbno\u00bb mobile_reset_margin=\u00bbno\u00bb tablet_reset_margin=\u00bbno\u00bb]<\/p>\n<div class=\"container mb-1\">\n<h3 class=\"text-center\">Informaci\u00f3n t\u00e9cnica<\/h3>\n<div class=\"row row-cols-1 row-cols-md-2 row-cols-xl-3 justify-content-md-center\">\n<div class=\"col-xs-1 col-md-1\">\n<div class=\"card\">\n                            <img decoding=\"async\" class=\"card-img-top w-100 d-block fit-cover pictoprincipalgrande\" src=\"https:\/\/giatsu.com\/wp-content\/uploads\/2023\/08\/gas_refrigerante-21d266.webp\" \/><\/p>\n<div class=\"card-body p-4\">\n<h4 class=\"card-text textospictospeques\">Gas refrigerante<\/h4>\n<\/p><\/div><\/div><\/div><\/div><\/div>\n<div class=\"row justify-content-md-center\">\n<div class=\"vc_btn3-container vc_btn3-inline\" id=\"botonDescargarFicha\">\n                        <a target=\"_blank\" class=\"btn btn-light border rounded-4 botondescarga\" href=\"https:\/\/giatsu.com\/documentacion\/\/giatsu-fichas-tecnicas-vrf-invisible-2-espanol.pdf\" title=\"\">Descargar ficha t\u00e9cnica<\/a>\n                 <\/div><\/div>\n<div class=\"row\">\n<hr>\n<div class=\"col text-center\"><a target=\"_blank\" href=\"https:\/\/giatsu.com\/documentacion\/\/-manual-de-usuario-e-instalacion---multiidioma.pdf\" class=\"btn btn-light border rounded-4 botonDescargaManual botondescarga\">Manual de usuario<\/a><\/div>\n<hr>\n<\/div>\n<\/div>","protected":false},"excerpt":{"rendered":"<p>Dise&ntilde;ado para transformar la experiencia del confort mientras se adapta perfectamente a la est&eacute;tica de cada espacio, este VRF redefine la climatizaci&oacute;n fusionando tecnolog&iacute;a de vanguardia con un enfoque en la est&eacute;tica y el rendimiento.<\/p>\n<p>La unidad exterior oculta permite que la climatizaci&oacute;n sea imperceptible a la vista. La tecnolog&iacute;a se funde con el entorno, permitiendo que el espacio mantenga su esencia mientras disfruta de un confort inigualable.<\/p>\n<p>La relaci&oacute;n peso-potencia asegura que el rendimiento no se vea comprometido por el peso del sistema, permitiendo un flujo de aire constante y una climatizaci&oacute;n precisa.<\/p>\n<p>El bajo nivel de ruido es un atributo fundamental de esta creaci&oacute;n, asegurando que el espacio conserve su serenidad mientras disfruta de una temperatura perfectamente ajustada.<\/p>\n<p>Con una capacidad de hasta 100 metros de longitud total de tuber&iacute;a, este VRF desaf&iacute;a las limitaciones de distancia. Ya sea en un proyecto residencial o comercial, la climatizaci&oacute;n puede llegar a todos los rincones sin esfuerzo.<\/p>\n<p>Potencias disponibles: 10KW, 14KW, 16KW, 22KW<\/p>\n<div class='pictosvoz'><\/div>\n","protected":false},"featured_media":10060,"template":"","meta":{"_monsterinsights_skip_tracking":false,"_monsterinsights_sitenote_active":false,"_monsterinsights_sitenote_note":"","_monsterinsights_sitenote_category":0},"product_brand":[],"product_cat":[586,566],"product_tag":[640,641,642,643],"class_list":{"0":"post-9083","1":"product","2":"type-product","3":"status-publish","4":"has-post-thumbnail","6":"product_cat-exteriores-vrf","7":"product_cat-industrial","8":"product_tag-gia-cen2-10komp","9":"product_tag-gia-cen2-14komp","10":"product_tag-gia-cen2-16komp","11":"product_tag-gia-cen2-22komp","13":"first","14":"instock","15":"shipping-taxable","16":"product-type-simple"},"yoast_head":"<!-- This site is optimized with the Yoast SEO plugin v27.4 - https:\/\/yoast.com\/product\/yoast-seo-wordpress\/ -->\n<title>VRF CENTR\u00cdGUFO INVISIBLE<\/title>\n<meta name=\"description\" content=\"La unidad exterior oculta garantiza una integraci\u00f3n discreta, fusionando tecnolog\u00eda y entorno. Mantiene la est\u00e9tica del espacio sin renunciar a un confort t\u00e9rmico excepcional.\" \/>\n<meta name=\"robots\" content=\"index, follow, max-snippet:-1, max-image-preview:large, max-video-preview:-1\" \/>\n<link rel=\"canonical\" href=\"https:\/\/giatsu.com\/es\/industrial\/exteriores-vrf\/vrf-km\/\" \/>\n<meta property=\"og:locale\" content=\"es_ES\" \/>\n<meta property=\"og:type\" content=\"article\" \/>\n<meta property=\"og:title\" content=\"VRF CENTR\u00cdGUFO INVISIBLE\" \/>\n<meta property=\"og:description\" content=\"La unidad exterior oculta garantiza una integraci\u00f3n discreta, fusionando tecnolog\u00eda y entorno. Mantiene la est\u00e9tica del espacio sin renunciar a un confort t\u00e9rmico excepcional.\" \/>\n<meta property=\"og:url\" content=\"https:\/\/giatsu.com\/es\/industrial\/exteriores-vrf\/vrf-km\/\" \/>\n<meta property=\"og:site_name\" content=\"GIATSU\" \/>\n<meta property=\"article:modified_time\" content=\"2026-02-11T14:54:47+00:00\" \/>\n<meta property=\"og:image\" content=\"https:\/\/giatsu.com\/wp-content\/uploads\/2023\/08\/vrf-centrifugo-invisible-km2-ab19f1.webp\" \/>\n\t<meta property=\"og:image:width\" content=\"800\" \/>\n\t<meta property=\"og:image:height\" content=\"800\" \/>\n\t<meta property=\"og:image:type\" content=\"image\/webp\" \/>\n<meta name=\"twitter:card\" content=\"summary_large_image\" \/>\n<meta name=\"twitter:label1\" content=\"Tiempo de lectura\" \/>\n\t<meta name=\"twitter:data1\" content=\"2 minutos\" \/>\n<script type=\"application\/ld+json\" class=\"yoast-schema-graph\">{\"@context\":\"https:\\\/\\\/schema.org\",\"@graph\":[{\"@type\":\"WebPage\",\"@id\":\"https:\\\/\\\/giatsu.com\\\/es\\\/industrial\\\/exteriores-vrf\\\/vrf-km\\\/\",\"url\":\"https:\\\/\\\/giatsu.com\\\/es\\\/industrial\\\/exteriores-vrf\\\/vrf-km\\\/\",\"name\":\"VRF CENTR\u00cdGUFO INVISIBLE\",\"isPartOf\":{\"@id\":\"https:\\\/\\\/giatsu.com\\\/es\\\/#website\"},\"primaryImageOfPage\":{\"@id\":\"https:\\\/\\\/giatsu.com\\\/es\\\/industrial\\\/exteriores-vrf\\\/vrf-km\\\/#primaryimage\"},\"image\":{\"@id\":\"https:\\\/\\\/giatsu.com\\\/es\\\/industrial\\\/exteriores-vrf\\\/vrf-km\\\/#primaryimage\"},\"thumbnailUrl\":\"https:\\\/\\\/giatsu.com\\\/wp-content\\\/uploads\\\/2023\\\/08\\\/vrf-centrifugo-invisible-km2-ab19f1.webp\",\"datePublished\":\"2023-07-25T10:48:30+00:00\",\"dateModified\":\"2026-02-11T14:54:47+00:00\",\"description\":\"La unidad exterior oculta garantiza una integraci\u00f3n discreta, fusionando tecnolog\u00eda y entorno. Mantiene la est\u00e9tica del espacio sin renunciar a un confort t\u00e9rmico excepcional.\",\"breadcrumb\":{\"@id\":\"https:\\\/\\\/giatsu.com\\\/es\\\/industrial\\\/exteriores-vrf\\\/vrf-km\\\/#breadcrumb\"},\"inLanguage\":\"es\",\"potentialAction\":[{\"@type\":\"ReadAction\",\"target\":[\"https:\\\/\\\/giatsu.com\\\/es\\\/industrial\\\/exteriores-vrf\\\/vrf-km\\\/\"]}]},{\"@type\":\"ImageObject\",\"inLanguage\":\"es\",\"@id\":\"https:\\\/\\\/giatsu.com\\\/es\\\/industrial\\\/exteriores-vrf\\\/vrf-km\\\/#primaryimage\",\"url\":\"https:\\\/\\\/giatsu.com\\\/wp-content\\\/uploads\\\/2023\\\/08\\\/vrf-centrifugo-invisible-km2-ab19f1.webp\",\"contentUrl\":\"https:\\\/\\\/giatsu.com\\\/wp-content\\\/uploads\\\/2023\\\/08\\\/vrf-centrifugo-invisible-km2-ab19f1.webp\",\"width\":800,\"height\":800},{\"@type\":\"BreadcrumbList\",\"@id\":\"https:\\\/\\\/giatsu.com\\\/es\\\/industrial\\\/exteriores-vrf\\\/vrf-km\\\/#breadcrumb\",\"itemListElement\":[{\"@type\":\"ListItem\",\"position\":1,\"name\":\"Home\",\"item\":\"https:\\\/\\\/giatsu.com\\\/es\\\/\"},{\"@type\":\"ListItem\",\"position\":2,\"name\":\"PRODUCTOS\",\"item\":\"https:\\\/\\\/giatsu.com\\\/es\\\/productos\\\/\"},{\"@type\":\"ListItem\",\"position\":3,\"name\":\"VRF CENTR\u00cdFUGO INVISIBLE\"}]},{\"@type\":\"WebSite\",\"@id\":\"https:\\\/\\\/giatsu.com\\\/es\\\/#website\",\"url\":\"https:\\\/\\\/giatsu.com\\\/es\\\/\",\"name\":\"GIATSU\",\"description\":\"Quality Comfort Everywhere\",\"potentialAction\":[{\"@type\":\"SearchAction\",\"target\":{\"@type\":\"EntryPoint\",\"urlTemplate\":\"https:\\\/\\\/giatsu.com\\\/es\\\/?s={search_term_string}\"},\"query-input\":{\"@type\":\"PropertyValueSpecification\",\"valueRequired\":true,\"valueName\":\"search_term_string\"}}],\"inLanguage\":\"es\"}]}<\/script>\n<!-- \/ Yoast SEO plugin. -->","yoast_head_json":{"title":"VRF CENTR\u00cdGUFO INVISIBLE","description":"La unidad exterior oculta garantiza una integraci\u00f3n discreta, fusionando tecnolog\u00eda y entorno. Mantiene la est\u00e9tica del espacio sin renunciar a un confort t\u00e9rmico excepcional.","robots":{"index":"index","follow":"follow","max-snippet":"max-snippet:-1","max-image-preview":"max-image-preview:large","max-video-preview":"max-video-preview:-1"},"canonical":"https:\/\/giatsu.com\/es\/industrial\/exteriores-vrf\/vrf-km\/","og_locale":"es_ES","og_type":"article","og_title":"VRF CENTR\u00cdGUFO INVISIBLE","og_description":"La unidad exterior oculta garantiza una integraci\u00f3n discreta, fusionando tecnolog\u00eda y entorno. Mantiene la est\u00e9tica del espacio sin renunciar a un confort t\u00e9rmico excepcional.","og_url":"https:\/\/giatsu.com\/es\/industrial\/exteriores-vrf\/vrf-km\/","og_site_name":"GIATSU","article_modified_time":"2026-02-11T14:54:47+00:00","og_image":[{"width":800,"height":800,"url":"https:\/\/giatsu.com\/wp-content\/uploads\/2023\/08\/vrf-centrifugo-invisible-km2-ab19f1.webp","type":"image\/webp"}],"twitter_card":"summary_large_image","twitter_misc":{"Tiempo de lectura":"2 minutos"},"schema":{"@context":"https:\/\/schema.org","@graph":[{"@type":"WebPage","@id":"https:\/\/giatsu.com\/es\/industrial\/exteriores-vrf\/vrf-km\/","url":"https:\/\/giatsu.com\/es\/industrial\/exteriores-vrf\/vrf-km\/","name":"VRF CENTR\u00cdGUFO INVISIBLE","isPartOf":{"@id":"https:\/\/giatsu.com\/es\/#website"},"primaryImageOfPage":{"@id":"https:\/\/giatsu.com\/es\/industrial\/exteriores-vrf\/vrf-km\/#primaryimage"},"image":{"@id":"https:\/\/giatsu.com\/es\/industrial\/exteriores-vrf\/vrf-km\/#primaryimage"},"thumbnailUrl":"https:\/\/giatsu.com\/wp-content\/uploads\/2023\/08\/vrf-centrifugo-invisible-km2-ab19f1.webp","datePublished":"2023-07-25T10:48:30+00:00","dateModified":"2026-02-11T14:54:47+00:00","description":"La unidad exterior oculta garantiza una integraci\u00f3n discreta, fusionando tecnolog\u00eda y entorno. Mantiene la est\u00e9tica del espacio sin renunciar a un confort t\u00e9rmico excepcional.","breadcrumb":{"@id":"https:\/\/giatsu.com\/es\/industrial\/exteriores-vrf\/vrf-km\/#breadcrumb"},"inLanguage":"es","potentialAction":[{"@type":"ReadAction","target":["https:\/\/giatsu.com\/es\/industrial\/exteriores-vrf\/vrf-km\/"]}]},{"@type":"ImageObject","inLanguage":"es","@id":"https:\/\/giatsu.com\/es\/industrial\/exteriores-vrf\/vrf-km\/#primaryimage","url":"https:\/\/giatsu.com\/wp-content\/uploads\/2023\/08\/vrf-centrifugo-invisible-km2-ab19f1.webp","contentUrl":"https:\/\/giatsu.com\/wp-content\/uploads\/2023\/08\/vrf-centrifugo-invisible-km2-ab19f1.webp","width":800,"height":800},{"@type":"BreadcrumbList","@id":"https:\/\/giatsu.com\/es\/industrial\/exteriores-vrf\/vrf-km\/#breadcrumb","itemListElement":[{"@type":"ListItem","position":1,"name":"Home","item":"https:\/\/giatsu.com\/es\/"},{"@type":"ListItem","position":2,"name":"PRODUCTOS","item":"https:\/\/giatsu.com\/es\/productos\/"},{"@type":"ListItem","position":3,"name":"VRF CENTR\u00cdFUGO INVISIBLE"}]},{"@type":"WebSite","@id":"https:\/\/giatsu.com\/es\/#website","url":"https:\/\/giatsu.com\/es\/","name":"GIATSU","description":"Quality Comfort Everywhere","potentialAction":[{"@type":"SearchAction","target":{"@type":"EntryPoint","urlTemplate":"https:\/\/giatsu.com\/es\/?s={search_term_string}"},"query-input":{"@type":"PropertyValueSpecification","valueRequired":true,"valueName":"search_term_string"}}],"inLanguage":"es"}]}},"_links":{"self":[{"href":"https:\/\/giatsu.com\/es\/wp-json\/wp\/v2\/product\/9083","targetHints":{"allow":["GET"]}}],"collection":[{"href":"https:\/\/giatsu.com\/es\/wp-json\/wp\/v2\/product"}],"about":[{"href":"https:\/\/giatsu.com\/es\/wp-json\/wp\/v2\/types\/product"}],"wp:featuredmedia":[{"embeddable":true,"href":"https:\/\/giatsu.com\/es\/wp-json\/wp\/v2\/media\/10060"}],"wp:attachment":[{"href":"https:\/\/giatsu.com\/es\/wp-json\/wp\/v2\/media?parent=9083"}],"wp:term":[{"taxonomy":"product_brand","embeddable":true,"href":"https:\/\/giatsu.com\/es\/wp-json\/wp\/v2\/product_brand?post=9083"},{"taxonomy":"product_cat","embeddable":true,"href":"https:\/\/giatsu.com\/es\/wp-json\/wp\/v2\/product_cat?post=9083"},{"taxonomy":"product_tag","embeddable":true,"href":"https:\/\/giatsu.com\/es\/wp-json\/wp\/v2\/product_tag?post=9083"}],"curies":[{"name":"wp","href":"https:\/\/api.w.org\/{rel}","templated":true}]}}