{"id":8343,"date":"2023-06-06T07:05:15","date_gmt":"2023-06-06T07:05:15","guid":{"rendered":"https:\/\/giatsu.es\/?post_type=product&#038;p=8343"},"modified":"2023-11-06T08:39:09","modified_gmt":"2023-11-06T08:39:09","slug":"conjunto-suelo-techo-twin-admira","status":"publish","type":"product","link":"https:\/\/giatsu.com\/es\/comercial\/suelo-techo\/conjunto-suelo-techo-twin-admira\/","title":{"rendered":"TWIN DE SUELO-TECHO ADMIRA"},"content":{"rendered":"<div class=\"wpb-content-wrapper\"><div class=\"container mb-1 moduloprincipalespictos\">\n<h2 class=\"text-center tituloprincipales\">Caracter\u00edsticas principales<\/h2>\n<div class=\"row row-cols-1 row-cols-md-2 row-cols-xl-3\">\n<div class=\"col-xs-6 col-md-3 order-last\">\n<div class=\"card\">\n                            <img decoding=\"async\" class=\"card-img-top w-100 d-block fit-cover pictoprincipalgrande\" src=\"https:\/\/giatsu.com\/wp-content\/uploads\/2023\/08\/wifi-opcional-273a8f.webp\" \/><\/p>\n<div class=\"card-body p-4\">\n<h3 class=\"font-weight-bold card-title\">WIFI opcional<\/h3>\n<p class=\"card-text\">Comprando el WIFIUFO adicional, se puede controlar el equipo desde un smartphone, tablet o por voz con Alexa y Google Home.<\/p>\n<\/p><\/div><\/div><\/div>\n<div class=\"col-xs-6 col-md-3 order-last\">\n<div class=\"card\">\n                            <img decoding=\"async\" class=\"card-img-top w-100 d-block fit-cover pictoprincipalgrande\" src=\"https:\/\/giatsu.com\/wp-content\/uploads\/2023\/06\/tecnologia_inverter-495dd8.webp\" \/><\/p>\n<div class=\"card-body p-4\">\n<h3 class=\"font-weight-bold card-title\">Tecnolog\u00eda inverter<\/h3>\n<p class=\"card-text\">Al trabajar el compresor de forma continua se consigue un ahorro de hasta el 50% de energ\u00eda con respecto a equipos convencionales.<\/p>\n<\/p><\/div><\/div><\/div>\n<div class=\"col-xs-6 col-md-3 order-last\">\n<div class=\"card\">\n                            <img decoding=\"async\" class=\"card-img-top w-100 d-block fit-cover pictoprincipalgrande\" src=\"https:\/\/giatsu.com\/wp-content\/uploads\/2023\/08\/golden-fin-e40702.webp\" \/><\/p>\n<div class=\"card-body p-4\">\n<h3 class=\"font-weight-bold card-title\">Golden Fin<\/h3>\n<p class=\"card-text\">Este recubrimiento se aplica a las bater\u00edas de la unidad interior y exterior proporcionando protecci\u00f3n contra la corrosi\u00f3n de ambientes salinos.<\/p>\n<\/p><\/div><\/div><\/div>\n<div class=\"col-xs-6 col-md-3 order-last\">\n<div class=\"card\">\n                            <img decoding=\"async\" class=\"card-img-top w-100 d-block fit-cover pictoprincipalgrande\" src=\"https:\/\/giatsu.com\/wp-content\/uploads\/2023\/08\/conecta_plus_grande-25cb98.webp\" \/><\/p>\n<div class=\"card-body p-4\">\n<h3 class=\"font-weight-bold card-title\">Conecta+ opcional<\/h3>\n<p class=\"card-text\">Placa especial para una conexi\u00f3n autom\u00e1tica ON\/ OFF del aire acondicionado en tarjetas de hotel, apartamentos tur\u00edsticos o sensores ventana.<\/p>\n<\/p><\/div><\/div><\/div><\/div><\/div>\n<hr>\n<p>        [vc_row mobile_bg_img_hidden=\u00bbno\u00bb tablet_bg_img_hidden=\u00bbno\u00bb woodmart_parallax=\u00bb0&#8243; woodmart_gradient_switch=\u00bbno\u00bb row_reverse_mobile=\u00bb0&#8243; row_reverse_tablet=\u00bb0&#8243; woodmart_disable_overflow=\u00bb0&#8243; el_class=\u00bbfilaImgCaracteristica\u00bb][vc_column mobile_bg_img_hidden=\u00bbno\u00bb tablet_bg_img_hidden=\u00bbno\u00bb woodmart_parallax=\u00bb0&#8243; woodmart_sticky_column=\u00bbfalse\u00bb parallax_scroll=\u00bbno\u00bb mobile_reset_margin=\u00bbno\u00bb tablet_reset_margin=\u00bbno\u00bb]<\/p>\n<div class=\"container mb-1\">\n<h3 class=\"text-center\">Informaci\u00f3n t\u00e9cnica<\/h3>\n<div class=\"row row-cols-1 row-cols-md-2 row-cols-xl-3 justify-content-md-center\">\n<div class=\"col-xs-1 col-md-1\">\n<div class=\"card\">\n                            <img decoding=\"async\" class=\"card-img-top w-100 d-block fit-cover pictoprincipalgrande\" src=\"https:\/\/giatsu.com\/wp-content\/uploads\/2023\/08\/contacto-on-off-y-alarma-e8b7e6.webp\" \/><\/p>\n<div class=\"card-body p-4\">\n<h4 class=\"card-text textospictospeques\">Contacto ON\/ OFF y alarma<\/h4>\n<\/p><\/div><\/div><\/div>\n<div class=\"col-xs-1 col-md-1\">\n<div class=\"card\">\n                            <img decoding=\"async\" class=\"card-img-top w-100 d-block fit-cover pictoprincipalgrande\" src=\"https:\/\/giatsu.com\/wp-content\/uploads\/2023\/08\/control_integrado-87949f.webp\" \/><\/p>\n<div class=\"card-body p-4\">\n<h4 class=\"card-text textospictospeques\">Control integrado<\/h4>\n<\/p><\/div><\/div><\/div>\n<div class=\"col-xs-1 col-md-1\">\n<div class=\"card\">\n                            <img decoding=\"async\" class=\"card-img-top w-100 d-block fit-cover pictoprincipalgrande\" src=\"https:\/\/giatsu.com\/wp-content\/uploads\/2023\/08\/temporizador_24_h-f6c646.webp\" \/><\/p>\n<div class=\"card-body p-4\">\n<h4 class=\"card-text textospictospeques\">Temporizador 24h<\/h4>\n<\/p><\/div><\/div><\/div>\n<div class=\"col-xs-1 col-md-1\">\n<div class=\"card\">\n                            <img decoding=\"async\" class=\"card-img-top w-100 d-block fit-cover pictoprincipalgrande\" src=\"https:\/\/giatsu.com\/wp-content\/uploads\/2023\/08\/control_por_voz-255c03.webp\" \/><\/p>\n<div class=\"card-body p-4\">\n<h4 class=\"card-text textospictospeques\">Control por voz<\/h4>\n<\/p><\/div><\/div><\/div><\/div><\/div>\n<div class=\"row justify-content-md-center\">\n<div class=\"vc_btn3-container vc_btn3-inline\" id=\"botonDescargarFicha\">\n                        <a target=\"_blank\" class=\"btn btn-light border rounded-4 botondescarga\" href=\"https:\/\/giatsu.com\/documentacion\/\/giatsu-fichas-tecnicas-suelo-techo-lcac-admira-espanol.pdf\" title=\"\" rel=\"noopener\">Descargar ficha t\u00e9cnica<\/a>\n                 <\/div><\/div>\n<div class=\"row\">\n<hr>\n<div class=\"col text-center\"><a target=\"_blank\" href=\"https:\/\/giatsu.com\/documentacion\/\/giatsu-manual-de-usuario-e-instalacion-suelo-techo-lcac-admira-multiidioma.pdf\" class=\"btn btn-light border rounded-4 botonDescargaManual botondescarga\" rel=\"noopener\">Manual de usuario<\/a><\/div>\n<hr>\n<\/div>\n<\/div>","protected":false},"excerpt":{"rendered":"<p>Experimenta una potencia sin igual en un dise&ntilde;o compacto con los <strong>Conjuntos Twin de suelo-techo Admira.<\/strong><\/p>\n<p>Dise&ntilde;ados para ofrecer un&nbsp;rendimiento excepcional&nbsp;y&nbsp;caracter&iacute;sticas innovadoras, estos sistemas de aire acondicionado son la soluci&oacute;n perfecta para climatizar tu espacio.<\/p>\n<p>Caracter&iacute;sticas clave:<\/p>\n<p>&ndash;&nbsp;<strong>M&aacute;xima potencia en m&iacute;nimo espacio:<\/strong><\/p>\n<p>A pesar de su tama&ntilde;o compacto, los conjuntos suelo-techo Twin Admira ofrecen una potencia excepcional. Con tecnolog&iacute;a avanzada y eficiente, estos sistemas de aire acondicionado son capaces de proporcionar un rendimiento &oacute;ptimo incluso en espacios reducidos.<\/p>\n<p>&ndash;<strong>&nbsp;Full Inverter:<\/strong><\/p>\n<p>Los conjuntos suelo-techo Twin Admira est&aacute;n equipados con la tecnolog&iacute;a Full Inverter, lo que garantiza un rendimiento energ&eacute;ticamente eficiente y un control preciso de la temperatura. El compresor inverter ajusta continuamente la velocidad de funcionamiento seg&uacute;n la demanda de refrigeraci&oacute;n, lo que resulta en un menor consumo de energ&iacute;a y un mayor confort.<\/p>\n<p>&ndash;&nbsp;<strong>Control por voz:<\/strong><\/p>\n<p>Compatibles con el control por voz, lo que te permite controlar el sistema de aire acondicionado de forma conveniente y sin esfuerzo. Mediante comandos de voz, puedes ajustar la temperatura, cambiar los ajustes y disfrutar de un ambiente climatizado perfecto sin necesidad de usar el control remoto.<\/p>\n<p>Potencias disponibles: 10,5KW 14KW 16KW<\/p>\n<div class='divPictosEnergia'>[vc_single_image image=&#8217;10405&#8242; alignment=&#8217;center&#8217; woodmart_inline=&#8217;no&#8217; parallax_scroll=&#8217;no&#8217; el_class=&#8217;imgEnergia&#8217; img_size=&#8217;72&#215;36&#8242;][vc_single_image image=&#8217;10400&#8242; alignment=&#8217;center&#8217; woodmart_inline=&#8217;no&#8217; parallax_scroll=&#8217;no&#8217; el_class=&#8217;imgEnergia&#8217; img_size=&#8217;72&#215;36&#8242;]<\/div>\n<div class='pictosvoz'><\/div>\n","protected":false},"featured_media":9870,"template":"","meta":{"_monsterinsights_skip_tracking":false,"_monsterinsights_sitenote_active":false,"_monsterinsights_sitenote_note":"","_monsterinsights_sitenote_category":0},"product_brand":[],"product_cat":[559,572],"product_tag":[554,555,556],"class_list":{"0":"post-8343","1":"product","2":"type-product","3":"status-publish","4":"has-post-thumbnail","6":"product_cat-comercial","7":"product_cat-suelo-techo","8":"product_tag-gia-2cf18admr32","9":"product_tag-gia-2cf24admr32t3","10":"product_tag-gia-2cf30admr32t3","12":"first","13":"instock","14":"shipping-taxable","15":"product-type-simple"},"yoast_head":"<!-- This site is optimized with the Yoast SEO plugin v26.6 - https:\/\/yoast.com\/wordpress\/plugins\/seo\/ -->\n<title>CONJUNTO SUELO TECHO TWIN ADMIRA<\/title>\n<meta name=\"description\" content=\"Dise\u00f1ados para ofrecer un rendimiento excepcional y caracter\u00edsticas innovadoras, estos sistemas de aire acondicionado son la soluci\u00f3n perfecta para climatizar tu espacio.\" \/>\n<meta name=\"robots\" content=\"index, follow, max-snippet:-1, max-image-preview:large, max-video-preview:-1\" \/>\n<link rel=\"canonical\" href=\"https:\/\/giatsu.com\/es\/comercial\/suelo-techo\/conjunto-suelo-techo-twin-admira\/\" \/>\n<meta property=\"og:locale\" content=\"es_ES\" \/>\n<meta property=\"og:type\" content=\"article\" \/>\n<meta property=\"og:title\" content=\"CONJUNTO SUELO TECHO TWIN ADMIRA\" \/>\n<meta property=\"og:description\" content=\"Dise\u00f1ados para ofrecer un rendimiento excepcional y caracter\u00edsticas innovadoras, estos sistemas de aire acondicionado son la soluci\u00f3n perfecta para climatizar tu espacio.\" \/>\n<meta property=\"og:url\" content=\"https:\/\/giatsu.com\/es\/comercial\/suelo-techo\/conjunto-suelo-techo-twin-admira\/\" \/>\n<meta property=\"og:site_name\" content=\"GIATSU\" \/>\n<meta property=\"article:modified_time\" content=\"2023-11-06T08:39:09+00:00\" \/>\n<meta property=\"og:image\" content=\"https:\/\/giatsu.com\/wp-content\/uploads\/2023\/08\/sutetwin5-100276.webp\" \/>\n\t<meta property=\"og:image:width\" content=\"800\" \/>\n\t<meta property=\"og:image:height\" content=\"800\" \/>\n\t<meta property=\"og:image:type\" content=\"image\/webp\" \/>\n<meta name=\"twitter:card\" content=\"summary_large_image\" \/>\n<script type=\"application\/ld+json\" class=\"yoast-schema-graph\">{\"@context\":\"https:\/\/schema.org\",\"@graph\":[{\"@type\":\"WebPage\",\"@id\":\"https:\/\/giatsu.com\/es\/comercial\/suelo-techo\/conjunto-suelo-techo-twin-admira\/\",\"url\":\"https:\/\/giatsu.com\/es\/comercial\/suelo-techo\/conjunto-suelo-techo-twin-admira\/\",\"name\":\"CONJUNTO SUELO TECHO TWIN ADMIRA\",\"isPartOf\":{\"@id\":\"https:\/\/giatsu.com\/es\/#website\"},\"primaryImageOfPage\":{\"@id\":\"https:\/\/giatsu.com\/es\/comercial\/suelo-techo\/conjunto-suelo-techo-twin-admira\/#primaryimage\"},\"image\":{\"@id\":\"https:\/\/giatsu.com\/es\/comercial\/suelo-techo\/conjunto-suelo-techo-twin-admira\/#primaryimage\"},\"thumbnailUrl\":\"https:\/\/giatsu.com\/wp-content\/uploads\/2023\/08\/sutetwin5-100276.webp\",\"datePublished\":\"2023-06-06T07:05:15+00:00\",\"dateModified\":\"2023-11-06T08:39:09+00:00\",\"description\":\"Dise\u00f1ados para ofrecer un rendimiento excepcional y caracter\u00edsticas innovadoras, estos sistemas de aire acondicionado son la soluci\u00f3n perfecta para climatizar tu espacio.\",\"breadcrumb\":{\"@id\":\"https:\/\/giatsu.com\/es\/comercial\/suelo-techo\/conjunto-suelo-techo-twin-admira\/#breadcrumb\"},\"inLanguage\":\"es\",\"potentialAction\":[{\"@type\":\"ReadAction\",\"target\":[\"https:\/\/giatsu.com\/es\/comercial\/suelo-techo\/conjunto-suelo-techo-twin-admira\/\"]}]},{\"@type\":\"ImageObject\",\"inLanguage\":\"es\",\"@id\":\"https:\/\/giatsu.com\/es\/comercial\/suelo-techo\/conjunto-suelo-techo-twin-admira\/#primaryimage\",\"url\":\"https:\/\/giatsu.com\/wp-content\/uploads\/2023\/08\/sutetwin5-100276.webp\",\"contentUrl\":\"https:\/\/giatsu.com\/wp-content\/uploads\/2023\/08\/sutetwin5-100276.webp\",\"width\":800,\"height\":800},{\"@type\":\"BreadcrumbList\",\"@id\":\"https:\/\/giatsu.com\/es\/comercial\/suelo-techo\/conjunto-suelo-techo-twin-admira\/#breadcrumb\",\"itemListElement\":[{\"@type\":\"ListItem\",\"position\":1,\"name\":\"Home\",\"item\":\"https:\/\/giatsu.com\/es\/\"},{\"@type\":\"ListItem\",\"position\":2,\"name\":\"PRODUCTOS\",\"item\":\"https:\/\/giatsu.com\/es\/productos\/\"},{\"@type\":\"ListItem\",\"position\":3,\"name\":\"TWIN DE SUELO-TECHO ADMIRA\"}]},{\"@type\":\"WebSite\",\"@id\":\"https:\/\/giatsu.com\/es\/#website\",\"url\":\"https:\/\/giatsu.com\/es\/\",\"name\":\"GIATSU\",\"description\":\"Quality Comfort Everywhere\",\"potentialAction\":[{\"@type\":\"SearchAction\",\"target\":{\"@type\":\"EntryPoint\",\"urlTemplate\":\"https:\/\/giatsu.com\/es\/?s={search_term_string}\"},\"query-input\":{\"@type\":\"PropertyValueSpecification\",\"valueRequired\":true,\"valueName\":\"search_term_string\"}}],\"inLanguage\":\"es\"}]}<\/script>\n<!-- \/ Yoast SEO plugin. -->","yoast_head_json":{"title":"CONJUNTO SUELO TECHO TWIN ADMIRA","description":"Dise\u00f1ados para ofrecer un rendimiento excepcional y caracter\u00edsticas innovadoras, estos sistemas de aire acondicionado son la soluci\u00f3n perfecta para climatizar tu espacio.","robots":{"index":"index","follow":"follow","max-snippet":"max-snippet:-1","max-image-preview":"max-image-preview:large","max-video-preview":"max-video-preview:-1"},"canonical":"https:\/\/giatsu.com\/es\/comercial\/suelo-techo\/conjunto-suelo-techo-twin-admira\/","og_locale":"es_ES","og_type":"article","og_title":"CONJUNTO SUELO TECHO TWIN ADMIRA","og_description":"Dise\u00f1ados para ofrecer un rendimiento excepcional y caracter\u00edsticas innovadoras, estos sistemas de aire acondicionado son la soluci\u00f3n perfecta para climatizar tu espacio.","og_url":"https:\/\/giatsu.com\/es\/comercial\/suelo-techo\/conjunto-suelo-techo-twin-admira\/","og_site_name":"GIATSU","article_modified_time":"2023-11-06T08:39:09+00:00","og_image":[{"width":800,"height":800,"url":"https:\/\/giatsu.com\/wp-content\/uploads\/2023\/08\/sutetwin5-100276.webp","type":"image\/webp"}],"twitter_card":"summary_large_image","schema":{"@context":"https:\/\/schema.org","@graph":[{"@type":"WebPage","@id":"https:\/\/giatsu.com\/es\/comercial\/suelo-techo\/conjunto-suelo-techo-twin-admira\/","url":"https:\/\/giatsu.com\/es\/comercial\/suelo-techo\/conjunto-suelo-techo-twin-admira\/","name":"CONJUNTO SUELO TECHO TWIN ADMIRA","isPartOf":{"@id":"https:\/\/giatsu.com\/es\/#website"},"primaryImageOfPage":{"@id":"https:\/\/giatsu.com\/es\/comercial\/suelo-techo\/conjunto-suelo-techo-twin-admira\/#primaryimage"},"image":{"@id":"https:\/\/giatsu.com\/es\/comercial\/suelo-techo\/conjunto-suelo-techo-twin-admira\/#primaryimage"},"thumbnailUrl":"https:\/\/giatsu.com\/wp-content\/uploads\/2023\/08\/sutetwin5-100276.webp","datePublished":"2023-06-06T07:05:15+00:00","dateModified":"2023-11-06T08:39:09+00:00","description":"Dise\u00f1ados para ofrecer un rendimiento excepcional y caracter\u00edsticas innovadoras, estos sistemas de aire acondicionado son la soluci\u00f3n perfecta para climatizar tu espacio.","breadcrumb":{"@id":"https:\/\/giatsu.com\/es\/comercial\/suelo-techo\/conjunto-suelo-techo-twin-admira\/#breadcrumb"},"inLanguage":"es","potentialAction":[{"@type":"ReadAction","target":["https:\/\/giatsu.com\/es\/comercial\/suelo-techo\/conjunto-suelo-techo-twin-admira\/"]}]},{"@type":"ImageObject","inLanguage":"es","@id":"https:\/\/giatsu.com\/es\/comercial\/suelo-techo\/conjunto-suelo-techo-twin-admira\/#primaryimage","url":"https:\/\/giatsu.com\/wp-content\/uploads\/2023\/08\/sutetwin5-100276.webp","contentUrl":"https:\/\/giatsu.com\/wp-content\/uploads\/2023\/08\/sutetwin5-100276.webp","width":800,"height":800},{"@type":"BreadcrumbList","@id":"https:\/\/giatsu.com\/es\/comercial\/suelo-techo\/conjunto-suelo-techo-twin-admira\/#breadcrumb","itemListElement":[{"@type":"ListItem","position":1,"name":"Home","item":"https:\/\/giatsu.com\/es\/"},{"@type":"ListItem","position":2,"name":"PRODUCTOS","item":"https:\/\/giatsu.com\/es\/productos\/"},{"@type":"ListItem","position":3,"name":"TWIN DE SUELO-TECHO ADMIRA"}]},{"@type":"WebSite","@id":"https:\/\/giatsu.com\/es\/#website","url":"https:\/\/giatsu.com\/es\/","name":"GIATSU","description":"Quality Comfort Everywhere","potentialAction":[{"@type":"SearchAction","target":{"@type":"EntryPoint","urlTemplate":"https:\/\/giatsu.com\/es\/?s={search_term_string}"},"query-input":{"@type":"PropertyValueSpecification","valueRequired":true,"valueName":"search_term_string"}}],"inLanguage":"es"}]}},"_links":{"self":[{"href":"https:\/\/giatsu.com\/es\/wp-json\/wp\/v2\/product\/8343","targetHints":{"allow":["GET"]}}],"collection":[{"href":"https:\/\/giatsu.com\/es\/wp-json\/wp\/v2\/product"}],"about":[{"href":"https:\/\/giatsu.com\/es\/wp-json\/wp\/v2\/types\/product"}],"wp:featuredmedia":[{"embeddable":true,"href":"https:\/\/giatsu.com\/es\/wp-json\/wp\/v2\/media\/9870"}],"wp:attachment":[{"href":"https:\/\/giatsu.com\/es\/wp-json\/wp\/v2\/media?parent=8343"}],"wp:term":[{"taxonomy":"product_brand","embeddable":true,"href":"https:\/\/giatsu.com\/es\/wp-json\/wp\/v2\/product_brand?post=8343"},{"taxonomy":"product_cat","embeddable":true,"href":"https:\/\/giatsu.com\/es\/wp-json\/wp\/v2\/product_cat?post=8343"},{"taxonomy":"product_tag","embeddable":true,"href":"https:\/\/giatsu.com\/es\/wp-json\/wp\/v2\/product_tag?post=8343"}],"curies":[{"name":"wp","href":"https:\/\/api.w.org\/{rel}","templated":true}]}}