{"id":8340,"date":"2023-06-06T07:05:07","date_gmt":"2023-06-06T07:05:07","guid":{"rendered":"https:\/\/giatsu.es\/?post_type=product&#038;p=8340"},"modified":"2023-11-06T08:32:57","modified_gmt":"2023-11-06T08:32:57","slug":"conjuntos-consola-axiales-admira","status":"publish","type":"product","link":"https:\/\/giatsu.com\/es\/comercial\/consolas\/conjuntos-consola-axiales-admira\/","title":{"rendered":"CONJUNTOS CONSOLA AXIALES ADMIRA"},"content":{"rendered":"<div class=\"wpb-content-wrapper\"><div class=\"container mb-1 moduloprincipalespictos\">\n<h2 class=\"text-center tituloprincipales\">Caracter\u00edsticas principales<\/h2>\n<div class=\"row row-cols-1 row-cols-md-2 row-cols-xl-3\">\n<div class=\"col-xs-6 col-md-3 order-last\">\n<div class=\"card\">\n                            <img decoding=\"async\" class=\"card-img-top w-100 d-block fit-cover pictoprincipalgrande\" src=\"https:\/\/giatsu.com\/wp-content\/uploads\/2023\/08\/golden-fin-e40702.webp\" \/><\/p>\n<div class=\"card-body p-4\">\n<h3 class=\"font-weight-bold card-title\">Golden Fin<\/h3>\n<p class=\"card-text\">Este recubrimiento se aplica a las bater\u00edas de la unidad interior y exterior proporcionando protecci\u00f3n contra la corrosi\u00f3n de ambientes salinos.<\/p>\n<\/p><\/div><\/div><\/div>\n<div class=\"col-xs-6 col-md-3 order-last\">\n<div class=\"card\">\n                            <img decoding=\"async\" class=\"card-img-top w-100 d-block fit-cover pictoprincipalgrande\" src=\"https:\/\/giatsu.com\/wp-content\/uploads\/2023\/06\/tecnologia_inverter-495dd8.webp\" \/><\/p>\n<div class=\"card-body p-4\">\n<h3 class=\"font-weight-bold card-title\">Tecnolog\u00eda inverter<\/h3>\n<p class=\"card-text\">Al trabajar el compresor de forma continua se consigue un ahorro de hasta el 50% de energ\u00eda con respecto a equipos convencionales.<\/p>\n<\/p><\/div><\/div><\/div>\n<div class=\"col-xs-6 col-md-3 order-last\">\n<div class=\"card\">\n                            <img decoding=\"async\" class=\"card-img-top w-100 d-block fit-cover pictoprincipalgrande\" src=\"https:\/\/giatsu.com\/wp-content\/uploads\/2023\/08\/control-remoto-6dcd21.webp\" \/><\/p>\n<div class=\"card-body p-4\">\n<h3 class=\"font-weight-bold card-title\">Control remoto<\/h3>\n<p class=\"card-text\">Incorpora de serie un control remoto que permite el control de distintos par\u00e1metros de las unidades interiores.<\/p>\n<\/p><\/div><\/div><\/div><\/div><\/div>\n<hr>\n<p>        [vc_row mobile_bg_img_hidden=\u00bbno\u00bb tablet_bg_img_hidden=\u00bbno\u00bb woodmart_parallax=\u00bb0&#8243; woodmart_gradient_switch=\u00bbno\u00bb row_reverse_mobile=\u00bb0&#8243; row_reverse_tablet=\u00bb0&#8243; woodmart_disable_overflow=\u00bb0&#8243; el_class=\u00bbfilaImgCaracteristica\u00bb][vc_column mobile_bg_img_hidden=\u00bbno\u00bb tablet_bg_img_hidden=\u00bbno\u00bb woodmart_parallax=\u00bb0&#8243; woodmart_sticky_column=\u00bbfalse\u00bb parallax_scroll=\u00bbno\u00bb mobile_reset_margin=\u00bbno\u00bb tablet_reset_margin=\u00bbno\u00bb]<\/p>\n<div class=\"container mb-1\">\n<h3 class=\"text-center\">Informaci\u00f3n t\u00e9cnica<\/h3>\n<div class=\"row row-cols-1 row-cols-md-2 row-cols-xl-3 justify-content-md-center\">\n<div class=\"col-xs-1 col-md-1\">\n<div class=\"card\">\n                            <img decoding=\"async\" class=\"card-img-top w-100 d-block fit-cover pictoprincipalgrande\" src=\"https:\/\/giatsu.com\/wp-content\/uploads\/2023\/08\/contacto-on-off-y-alarma-e8b7e6.webp\" \/><\/p>\n<div class=\"card-body p-4\">\n<h4 class=\"card-text textospictospeques\">Contacto ON\/ OFF y alarma<\/h4>\n<\/p><\/div><\/div><\/div>\n<div class=\"col-xs-1 col-md-1\">\n<div class=\"card\">\n                            <img decoding=\"async\" class=\"card-img-top w-100 d-block fit-cover pictoprincipalgrande\" src=\"https:\/\/giatsu.com\/wp-content\/uploads\/2023\/08\/temporizador_24_h-f6c646.webp\" \/><\/p>\n<div class=\"card-body p-4\">\n<h4 class=\"card-text textospictospeques\">Temporizador 24h<\/h4>\n<\/p><\/div><\/div><\/div><\/div><\/div>\n<div class=\"row justify-content-md-center\">\n<div class=\"vc_btn3-container vc_btn3-inline\" id=\"botonDescargarFicha\">\n                        <a target=\"_blank\" class=\"btn btn-light border rounded-4 botondescarga\" href=\"https:\/\/giatsu.com\/documentacion\/\/giatsu-fichas-tecnicas-consola-1x1-admira-espanol.pdf\" title=\"\" rel=\"noopener\">Descargar ficha t\u00e9cnica<\/a>\n                 <\/div><\/div>\n<\/div>","protected":false},"excerpt":{"rendered":"<p>Experimenta un nivel superior de confort y control con la<strong> Consola Admira<\/strong>.<\/p>\n<p>Dise&ntilde;ada para climatizar de forma uniforme y ofrecer caracter&iacute;sticas personalizables, esta unidad de aire acondicionado destaca por su rendimiento excepcional. Caracter&iacute;sticas clave:<\/p>\n<ul>\n<li><strong>4 entradas y 2 salidas de aire para&nbsp;climatizar de forma uniforme:<\/strong> La consola Admira cuenta con 4 entradas y 2 salidas de aire estrat&eacute;gicamente ubicadas para garantizar una distribuci&oacute;n uniforme del aire en toda la habitaci&oacute;n. Esto asegura que cada rinc&oacute;n reciba un flujo de aire constante y una temperatura agradable, brindando un ambiente confortable en todo momento.<\/li>\n<li><strong>Velocidad del ventilador ajustable:<\/strong>&nbsp;Permite ajustar la velocidad del ventilador seg&uacute;n tus preferencias. Puedes elegir entre diferentes niveles de velocidad para adaptar el flujo de aire a tus necesidades espec&iacute;ficas, ya sea que desees una brisa suave o una circulaci&oacute;n de aire m&aacute;s intensa.<\/li>\n<li><strong>Contacto on\/off para tarjeteros:<\/strong> Viene con un contacto de encendido y apagado especialmente dise&ntilde;ado para tarjeteros. Esta funci&oacute;n te permite integrar el sistema de aire acondicionado con los sistemas de control de acceso y optimizar el consumo de energ&iacute;a cuando la habitaci&oacute;n no est&aacute; ocupada.<\/li>\n<\/ul>\n<p>Potencias disponibles: 3,5KW&nbsp; 5,2KW<\/p>\n<div class='divPictosEnergia'>[vc_single_image image=&#8217;10405&#8242; alignment=&#8217;center&#8217; woodmart_inline=&#8217;no&#8217; parallax_scroll=&#8217;no&#8217; el_class=&#8217;imgEnergia&#8217; img_size=&#8217;72&#215;36&#8242;][vc_single_image image=&#8217;10400&#8242; alignment=&#8217;center&#8217; woodmart_inline=&#8217;no&#8217; parallax_scroll=&#8217;no&#8217; el_class=&#8217;imgEnergia&#8217; img_size=&#8217;72&#215;36&#8242;]<\/div>\n<div class='pictosvoz'><\/div>\n","protected":false},"featured_media":9653,"template":"","meta":{"_monsterinsights_skip_tracking":false,"_monsterinsights_sitenote_active":false,"_monsterinsights_sitenote_note":"","_monsterinsights_sitenote_category":0},"product_brand":[],"product_cat":[559,571],"product_tag":[342,343],"class_list":{"0":"post-8340","1":"product","2":"type-product","3":"status-publish","4":"has-post-thumbnail","6":"product_cat-comercial","7":"product_cat-consolas","8":"product_tag-gia-f-12admr32","9":"product_tag-gia-f-18admr32","11":"first","12":"instock","13":"shipping-taxable","14":"product-type-simple"},"yoast_head":"<!-- This site is optimized with the Yoast SEO plugin v26.6 - https:\/\/yoast.com\/wordpress\/plugins\/seo\/ -->\n<title>CONJUNTOS CONSOLA AXIALES ADMIRA<\/title>\n<meta name=\"description\" content=\"Dise\u00f1ada para climatizar de forma uniforme y ofrecer caracter\u00edsticas personalizables, esta unidad de aire acondicionado destaca por su rendimiento excepcional.\" \/>\n<meta name=\"robots\" content=\"index, follow, max-snippet:-1, max-image-preview:large, max-video-preview:-1\" \/>\n<link rel=\"canonical\" href=\"https:\/\/giatsu.com\/es\/comercial\/consolas\/conjuntos-consola-axiales-admira\/\" \/>\n<meta property=\"og:locale\" content=\"es_ES\" \/>\n<meta property=\"og:type\" content=\"article\" \/>\n<meta property=\"og:title\" content=\"CONJUNTOS CONSOLA AXIALES ADMIRA\" \/>\n<meta property=\"og:description\" content=\"Dise\u00f1ada para climatizar de forma uniforme y ofrecer caracter\u00edsticas personalizables, esta unidad de aire acondicionado destaca por su rendimiento excepcional.\" \/>\n<meta property=\"og:url\" content=\"https:\/\/giatsu.com\/es\/comercial\/consolas\/conjuntos-consola-axiales-admira\/\" \/>\n<meta property=\"og:site_name\" content=\"GIATSU\" \/>\n<meta property=\"article:modified_time\" content=\"2023-11-06T08:32:57+00:00\" \/>\n<meta property=\"og:image\" content=\"https:\/\/giatsu.com\/wp-content\/uploads\/2023\/08\/consola3-ba2a66.webp\" \/>\n\t<meta property=\"og:image:width\" content=\"800\" \/>\n\t<meta property=\"og:image:height\" content=\"800\" \/>\n\t<meta property=\"og:image:type\" content=\"image\/webp\" \/>\n<meta name=\"twitter:card\" content=\"summary_large_image\" \/>\n<script type=\"application\/ld+json\" class=\"yoast-schema-graph\">{\"@context\":\"https:\/\/schema.org\",\"@graph\":[{\"@type\":\"WebPage\",\"@id\":\"https:\/\/giatsu.com\/es\/comercial\/consolas\/conjuntos-consola-axiales-admira\/\",\"url\":\"https:\/\/giatsu.com\/es\/comercial\/consolas\/conjuntos-consola-axiales-admira\/\",\"name\":\"CONJUNTOS CONSOLA AXIALES ADMIRA\",\"isPartOf\":{\"@id\":\"https:\/\/giatsu.com\/es\/#website\"},\"primaryImageOfPage\":{\"@id\":\"https:\/\/giatsu.com\/es\/comercial\/consolas\/conjuntos-consola-axiales-admira\/#primaryimage\"},\"image\":{\"@id\":\"https:\/\/giatsu.com\/es\/comercial\/consolas\/conjuntos-consola-axiales-admira\/#primaryimage\"},\"thumbnailUrl\":\"https:\/\/giatsu.com\/wp-content\/uploads\/2023\/08\/consola3-ba2a66.webp\",\"datePublished\":\"2023-06-06T07:05:07+00:00\",\"dateModified\":\"2023-11-06T08:32:57+00:00\",\"description\":\"Dise\u00f1ada para climatizar de forma uniforme y ofrecer caracter\u00edsticas personalizables, esta unidad de aire acondicionado destaca por su rendimiento excepcional.\",\"breadcrumb\":{\"@id\":\"https:\/\/giatsu.com\/es\/comercial\/consolas\/conjuntos-consola-axiales-admira\/#breadcrumb\"},\"inLanguage\":\"es\",\"potentialAction\":[{\"@type\":\"ReadAction\",\"target\":[\"https:\/\/giatsu.com\/es\/comercial\/consolas\/conjuntos-consola-axiales-admira\/\"]}]},{\"@type\":\"ImageObject\",\"inLanguage\":\"es\",\"@id\":\"https:\/\/giatsu.com\/es\/comercial\/consolas\/conjuntos-consola-axiales-admira\/#primaryimage\",\"url\":\"https:\/\/giatsu.com\/wp-content\/uploads\/2023\/08\/consola3-ba2a66.webp\",\"contentUrl\":\"https:\/\/giatsu.com\/wp-content\/uploads\/2023\/08\/consola3-ba2a66.webp\",\"width\":800,\"height\":800},{\"@type\":\"BreadcrumbList\",\"@id\":\"https:\/\/giatsu.com\/es\/comercial\/consolas\/conjuntos-consola-axiales-admira\/#breadcrumb\",\"itemListElement\":[{\"@type\":\"ListItem\",\"position\":1,\"name\":\"Home\",\"item\":\"https:\/\/giatsu.com\/es\/\"},{\"@type\":\"ListItem\",\"position\":2,\"name\":\"PRODUCTOS\",\"item\":\"https:\/\/giatsu.com\/es\/productos\/\"},{\"@type\":\"ListItem\",\"position\":3,\"name\":\"CONJUNTOS CONSOLA AXIALES ADMIRA\"}]},{\"@type\":\"WebSite\",\"@id\":\"https:\/\/giatsu.com\/es\/#website\",\"url\":\"https:\/\/giatsu.com\/es\/\",\"name\":\"GIATSU\",\"description\":\"Quality Comfort Everywhere\",\"potentialAction\":[{\"@type\":\"SearchAction\",\"target\":{\"@type\":\"EntryPoint\",\"urlTemplate\":\"https:\/\/giatsu.com\/es\/?s={search_term_string}\"},\"query-input\":{\"@type\":\"PropertyValueSpecification\",\"valueRequired\":true,\"valueName\":\"search_term_string\"}}],\"inLanguage\":\"es\"}]}<\/script>\n<!-- \/ Yoast SEO plugin. -->","yoast_head_json":{"title":"CONJUNTOS CONSOLA AXIALES ADMIRA","description":"Dise\u00f1ada para climatizar de forma uniforme y ofrecer caracter\u00edsticas personalizables, esta unidad de aire acondicionado destaca por su rendimiento excepcional.","robots":{"index":"index","follow":"follow","max-snippet":"max-snippet:-1","max-image-preview":"max-image-preview:large","max-video-preview":"max-video-preview:-1"},"canonical":"https:\/\/giatsu.com\/es\/comercial\/consolas\/conjuntos-consola-axiales-admira\/","og_locale":"es_ES","og_type":"article","og_title":"CONJUNTOS CONSOLA AXIALES ADMIRA","og_description":"Dise\u00f1ada para climatizar de forma uniforme y ofrecer caracter\u00edsticas personalizables, esta unidad de aire acondicionado destaca por su rendimiento excepcional.","og_url":"https:\/\/giatsu.com\/es\/comercial\/consolas\/conjuntos-consola-axiales-admira\/","og_site_name":"GIATSU","article_modified_time":"2023-11-06T08:32:57+00:00","og_image":[{"width":800,"height":800,"url":"https:\/\/giatsu.com\/wp-content\/uploads\/2023\/08\/consola3-ba2a66.webp","type":"image\/webp"}],"twitter_card":"summary_large_image","schema":{"@context":"https:\/\/schema.org","@graph":[{"@type":"WebPage","@id":"https:\/\/giatsu.com\/es\/comercial\/consolas\/conjuntos-consola-axiales-admira\/","url":"https:\/\/giatsu.com\/es\/comercial\/consolas\/conjuntos-consola-axiales-admira\/","name":"CONJUNTOS CONSOLA AXIALES ADMIRA","isPartOf":{"@id":"https:\/\/giatsu.com\/es\/#website"},"primaryImageOfPage":{"@id":"https:\/\/giatsu.com\/es\/comercial\/consolas\/conjuntos-consola-axiales-admira\/#primaryimage"},"image":{"@id":"https:\/\/giatsu.com\/es\/comercial\/consolas\/conjuntos-consola-axiales-admira\/#primaryimage"},"thumbnailUrl":"https:\/\/giatsu.com\/wp-content\/uploads\/2023\/08\/consola3-ba2a66.webp","datePublished":"2023-06-06T07:05:07+00:00","dateModified":"2023-11-06T08:32:57+00:00","description":"Dise\u00f1ada para climatizar de forma uniforme y ofrecer caracter\u00edsticas personalizables, esta unidad de aire acondicionado destaca por su rendimiento excepcional.","breadcrumb":{"@id":"https:\/\/giatsu.com\/es\/comercial\/consolas\/conjuntos-consola-axiales-admira\/#breadcrumb"},"inLanguage":"es","potentialAction":[{"@type":"ReadAction","target":["https:\/\/giatsu.com\/es\/comercial\/consolas\/conjuntos-consola-axiales-admira\/"]}]},{"@type":"ImageObject","inLanguage":"es","@id":"https:\/\/giatsu.com\/es\/comercial\/consolas\/conjuntos-consola-axiales-admira\/#primaryimage","url":"https:\/\/giatsu.com\/wp-content\/uploads\/2023\/08\/consola3-ba2a66.webp","contentUrl":"https:\/\/giatsu.com\/wp-content\/uploads\/2023\/08\/consola3-ba2a66.webp","width":800,"height":800},{"@type":"BreadcrumbList","@id":"https:\/\/giatsu.com\/es\/comercial\/consolas\/conjuntos-consola-axiales-admira\/#breadcrumb","itemListElement":[{"@type":"ListItem","position":1,"name":"Home","item":"https:\/\/giatsu.com\/es\/"},{"@type":"ListItem","position":2,"name":"PRODUCTOS","item":"https:\/\/giatsu.com\/es\/productos\/"},{"@type":"ListItem","position":3,"name":"CONJUNTOS CONSOLA AXIALES ADMIRA"}]},{"@type":"WebSite","@id":"https:\/\/giatsu.com\/es\/#website","url":"https:\/\/giatsu.com\/es\/","name":"GIATSU","description":"Quality Comfort Everywhere","potentialAction":[{"@type":"SearchAction","target":{"@type":"EntryPoint","urlTemplate":"https:\/\/giatsu.com\/es\/?s={search_term_string}"},"query-input":{"@type":"PropertyValueSpecification","valueRequired":true,"valueName":"search_term_string"}}],"inLanguage":"es"}]}},"_links":{"self":[{"href":"https:\/\/giatsu.com\/es\/wp-json\/wp\/v2\/product\/8340","targetHints":{"allow":["GET"]}}],"collection":[{"href":"https:\/\/giatsu.com\/es\/wp-json\/wp\/v2\/product"}],"about":[{"href":"https:\/\/giatsu.com\/es\/wp-json\/wp\/v2\/types\/product"}],"wp:featuredmedia":[{"embeddable":true,"href":"https:\/\/giatsu.com\/es\/wp-json\/wp\/v2\/media\/9653"}],"wp:attachment":[{"href":"https:\/\/giatsu.com\/es\/wp-json\/wp\/v2\/media?parent=8340"}],"wp:term":[{"taxonomy":"product_brand","embeddable":true,"href":"https:\/\/giatsu.com\/es\/wp-json\/wp\/v2\/product_brand?post=8340"},{"taxonomy":"product_cat","embeddable":true,"href":"https:\/\/giatsu.com\/es\/wp-json\/wp\/v2\/product_cat?post=8340"},{"taxonomy":"product_tag","embeddable":true,"href":"https:\/\/giatsu.com\/es\/wp-json\/wp\/v2\/product_tag?post=8340"}],"curies":[{"name":"wp","href":"https:\/\/api.w.org\/{rel}","templated":true}]}}