{"id":8339,"date":"2023-06-06T07:05:04","date_gmt":"2023-06-06T07:05:04","guid":{"rendered":"https:\/\/giatsu.es\/?post_type=product&#038;p=8339"},"modified":"2024-08-13T13:49:58","modified_gmt":"2024-08-13T13:49:58","slug":"conjuntos-conducto-admira","status":"publish","type":"product","link":"https:\/\/giatsu.com\/es\/comercial\/conductos\/conjuntos-conducto-admira\/","title":{"rendered":"CONJUNTOS CONDUCTOS TWIN, TRIPLE, QUATTRO ADMIRA"},"content":{"rendered":"<div class=\"wpb-content-wrapper\"><p>        [vc_row mobile_bg_img_hidden=\u00bbno\u00bb tablet_bg_img_hidden=\u00bbno\u00bb woodmart_parallax=\u00bb0&#8243; woodmart_gradient_switch=\u00bbno\u00bb row_reverse_mobile=\u00bb0&#8243; row_reverse_tablet=\u00bb0&#8243; woodmart_disable_overflow=\u00bb0&#8243; el_class=\u00bbfilaImgCaracteristica\u00bb][vc_column mobile_bg_img_hidden=\u00bbno\u00bb tablet_bg_img_hidden=\u00bbno\u00bb woodmart_parallax=\u00bb0&#8243; woodmart_sticky_column=\u00bbfalse\u00bb parallax_scroll=\u00bbno\u00bb mobile_reset_margin=\u00bbno\u00bb tablet_reset_margin=\u00bbno\u00bb]<\/p>\n<div class=\"row justify-content-md-center\">\n<div class=\"vc_btn3-container vc_btn3-inline\" id=\"botonDescargarFicha\">\n                        <a target=\"_blank\" class=\"btn btn-light border rounded-4 botondescarga\" href=\"\/giatsu-fichas-tecnicas-conductos-lcac-admira-espanol.pdf\" title=\"\" rel=\"noopener\">Descargar ficha t\u00e9cnica<\/a>\n                 <\/div><\/div>\n<\/div>","protected":false},"excerpt":{"rendered":"<p>El sistema de <strong>Admira Twin \/ Triple\/ Quattro de conducto&nbsp; permite combinar 2, 3 o 4 unidades interiores de la misma potencia con una unidad exterior. <\/strong><\/p>\n<p>Estos equipos viene equipado con caracter&iacute;sticas innovadoras que lo hacen&nbsp; versatil y eficiente:<\/p>\n<p><strong>Wifi en toda la gama<\/strong>, podr&aacute;s controlar y ajustar la temperatura de tu equipo en cualquier momento y desde cualquier lugar, a trav&eacute;s de tu dispositivo m&oacute;vil.<\/p>\n<p>El <strong>doble sistema de aspiraci&oacute;n inferior y posterior<\/strong> garantiza una&nbsp;distribuci&oacute;n eficiente del aire, alcanzando todos los rincones de tu espacio. Esto significa que disfrutar&aacute;s de una climatizaci&oacute;n uniforme y confortable en cada estancia.<\/p>\n<p>La&nbsp;<strong>bomba de condensado con elevaci&oacute;n de 1.000mm<\/strong>&nbsp;asegura un drenaje adecuado del agua condensada, evitando problemas y manteniendo el sistema en &oacute;ptimas condiciones.<\/p>\n<p>Modo de <strong>Instalaci&oacute;n Horizontal y Vertical<\/strong> ( seg&uacute;n modelo)<\/p>\n<p>Con la&nbsp;<strong>capacidad de regulaci&oacute;n a 160 Pa<\/strong>,&nbsp; se adapta a tus necesidades espec&iacute;ficas, brindando una climatizaci&oacute;n precisa y eficiente.<\/p>\n<p>Adem&aacute;s, el nuevo&nbsp;mando de pared con wifi incluido KJR120N&nbsp;te proporciona un control total sobre el sistema de conducto Admira.&nbsp;<\/p>\n<p>Potencias disponibles: 5.2 KW \/ 7,1KW \/ 8 KW \/ 10,5KW \/ 14KW&nbsp; \/ 16KW&nbsp;<\/p>\n<div class='pictosvoz'><\/div>\n","protected":false},"featured_media":9623,"template":"","meta":{"_monsterinsights_skip_tracking":false,"_monsterinsights_sitenote_active":false,"_monsterinsights_sitenote_note":"","_monsterinsights_sitenote_category":0},"product_brand":[],"product_cat":[559,570],"product_tag":[548,549,550,551],"class_list":{"0":"post-8339","1":"product","2":"type-product","3":"status-publish","4":"has-post-thumbnail","6":"product_cat-comercial","7":"product_cat-conductos","8":"product_tag-gia-2d12admr32","9":"product_tag-gia-2d18admr32","10":"product_tag-gia-2d24admr32t3","11":"product_tag-gia-2d30admr32t3","13":"first","14":"instock","15":"shipping-taxable","16":"product-type-simple"},"yoast_head":"<!-- This site is optimized with the Yoast SEO plugin v27.4 - https:\/\/yoast.com\/product\/yoast-seo-wordpress\/ -->\n<title>CONJUNTOS CONDUCTO ADMIRA<\/title>\n<meta name=\"description\" content=\"El doble sistema de aspiraci\u00f3n inferior y posterior garantiza una distribuci\u00f3n eficiente del aire, alcanzando todos los rincones de tu espacio. Esto significa que disfrutar\u00e1s de una climatizaci\u00f3n uniforme y confortable en cada estancia.\" \/>\n<meta name=\"robots\" content=\"index, follow, max-snippet:-1, max-image-preview:large, max-video-preview:-1\" \/>\n<link rel=\"canonical\" href=\"https:\/\/giatsu.com\/es\/comercial\/conductos\/conjuntos-conducto-admira\/\" \/>\n<meta property=\"og:locale\" content=\"es_ES\" \/>\n<meta property=\"og:type\" content=\"article\" \/>\n<meta property=\"og:title\" content=\"CONJUNTOS CONDUCTO ADMIRA\" \/>\n<meta property=\"og:description\" content=\"El doble sistema de aspiraci\u00f3n inferior y posterior garantiza una distribuci\u00f3n eficiente del aire, alcanzando todos los rincones de tu espacio. Esto significa que disfrutar\u00e1s de una climatizaci\u00f3n uniforme y confortable en cada estancia.\" \/>\n<meta property=\"og:url\" content=\"https:\/\/giatsu.com\/es\/comercial\/conductos\/conjuntos-conducto-admira\/\" \/>\n<meta property=\"og:site_name\" content=\"GIATSU\" \/>\n<meta property=\"article:modified_time\" content=\"2024-08-13T13:49:58+00:00\" \/>\n<meta property=\"og:image\" content=\"https:\/\/giatsu.com\/wp-content\/uploads\/2023\/08\/conductotwin2-e62a66.webp\" \/>\n\t<meta property=\"og:image:width\" content=\"800\" \/>\n\t<meta property=\"og:image:height\" content=\"800\" \/>\n\t<meta property=\"og:image:type\" content=\"image\/webp\" \/>\n<meta name=\"twitter:card\" content=\"summary_large_image\" \/>\n<script type=\"application\/ld+json\" class=\"yoast-schema-graph\">{\"@context\":\"https:\\\/\\\/schema.org\",\"@graph\":[{\"@type\":\"WebPage\",\"@id\":\"https:\\\/\\\/giatsu.com\\\/es\\\/comercial\\\/conductos\\\/conjuntos-conducto-admira\\\/\",\"url\":\"https:\\\/\\\/giatsu.com\\\/es\\\/comercial\\\/conductos\\\/conjuntos-conducto-admira\\\/\",\"name\":\"CONJUNTOS CONDUCTO ADMIRA\",\"isPartOf\":{\"@id\":\"https:\\\/\\\/giatsu.com\\\/es\\\/#website\"},\"primaryImageOfPage\":{\"@id\":\"https:\\\/\\\/giatsu.com\\\/es\\\/comercial\\\/conductos\\\/conjuntos-conducto-admira\\\/#primaryimage\"},\"image\":{\"@id\":\"https:\\\/\\\/giatsu.com\\\/es\\\/comercial\\\/conductos\\\/conjuntos-conducto-admira\\\/#primaryimage\"},\"thumbnailUrl\":\"https:\\\/\\\/giatsu.com\\\/wp-content\\\/uploads\\\/2023\\\/08\\\/conductotwin2-e62a66.webp\",\"datePublished\":\"2023-06-06T07:05:04+00:00\",\"dateModified\":\"2024-08-13T13:49:58+00:00\",\"description\":\"El doble sistema de aspiraci\u00f3n inferior y posterior garantiza una distribuci\u00f3n eficiente del aire, alcanzando todos los rincones de tu espacio. Esto significa que disfrutar\u00e1s de una climatizaci\u00f3n uniforme y confortable en cada estancia.\",\"breadcrumb\":{\"@id\":\"https:\\\/\\\/giatsu.com\\\/es\\\/comercial\\\/conductos\\\/conjuntos-conducto-admira\\\/#breadcrumb\"},\"inLanguage\":\"es\",\"potentialAction\":[{\"@type\":\"ReadAction\",\"target\":[\"https:\\\/\\\/giatsu.com\\\/es\\\/comercial\\\/conductos\\\/conjuntos-conducto-admira\\\/\"]}]},{\"@type\":\"ImageObject\",\"inLanguage\":\"es\",\"@id\":\"https:\\\/\\\/giatsu.com\\\/es\\\/comercial\\\/conductos\\\/conjuntos-conducto-admira\\\/#primaryimage\",\"url\":\"https:\\\/\\\/giatsu.com\\\/wp-content\\\/uploads\\\/2023\\\/08\\\/conductotwin2-e62a66.webp\",\"contentUrl\":\"https:\\\/\\\/giatsu.com\\\/wp-content\\\/uploads\\\/2023\\\/08\\\/conductotwin2-e62a66.webp\",\"width\":800,\"height\":800},{\"@type\":\"BreadcrumbList\",\"@id\":\"https:\\\/\\\/giatsu.com\\\/es\\\/comercial\\\/conductos\\\/conjuntos-conducto-admira\\\/#breadcrumb\",\"itemListElement\":[{\"@type\":\"ListItem\",\"position\":1,\"name\":\"Home\",\"item\":\"https:\\\/\\\/giatsu.com\\\/es\\\/\"},{\"@type\":\"ListItem\",\"position\":2,\"name\":\"PRODUCTOS\",\"item\":\"https:\\\/\\\/giatsu.com\\\/es\\\/productos\\\/\"},{\"@type\":\"ListItem\",\"position\":3,\"name\":\"CONJUNTOS CONDUCTOS TWIN, TRIPLE, QUATTRO ADMIRA\"}]},{\"@type\":\"WebSite\",\"@id\":\"https:\\\/\\\/giatsu.com\\\/es\\\/#website\",\"url\":\"https:\\\/\\\/giatsu.com\\\/es\\\/\",\"name\":\"GIATSU\",\"description\":\"Quality Comfort Everywhere\",\"potentialAction\":[{\"@type\":\"SearchAction\",\"target\":{\"@type\":\"EntryPoint\",\"urlTemplate\":\"https:\\\/\\\/giatsu.com\\\/es\\\/?s={search_term_string}\"},\"query-input\":{\"@type\":\"PropertyValueSpecification\",\"valueRequired\":true,\"valueName\":\"search_term_string\"}}],\"inLanguage\":\"es\"}]}<\/script>\n<!-- \/ Yoast SEO plugin. -->","yoast_head_json":{"title":"CONJUNTOS CONDUCTO ADMIRA","description":"El doble sistema de aspiraci\u00f3n inferior y posterior garantiza una distribuci\u00f3n eficiente del aire, alcanzando todos los rincones de tu espacio. Esto significa que disfrutar\u00e1s de una climatizaci\u00f3n uniforme y confortable en cada estancia.","robots":{"index":"index","follow":"follow","max-snippet":"max-snippet:-1","max-image-preview":"max-image-preview:large","max-video-preview":"max-video-preview:-1"},"canonical":"https:\/\/giatsu.com\/es\/comercial\/conductos\/conjuntos-conducto-admira\/","og_locale":"es_ES","og_type":"article","og_title":"CONJUNTOS CONDUCTO ADMIRA","og_description":"El doble sistema de aspiraci\u00f3n inferior y posterior garantiza una distribuci\u00f3n eficiente del aire, alcanzando todos los rincones de tu espacio. Esto significa que disfrutar\u00e1s de una climatizaci\u00f3n uniforme y confortable en cada estancia.","og_url":"https:\/\/giatsu.com\/es\/comercial\/conductos\/conjuntos-conducto-admira\/","og_site_name":"GIATSU","article_modified_time":"2024-08-13T13:49:58+00:00","og_image":[{"width":800,"height":800,"url":"https:\/\/giatsu.com\/wp-content\/uploads\/2023\/08\/conductotwin2-e62a66.webp","type":"image\/webp"}],"twitter_card":"summary_large_image","schema":{"@context":"https:\/\/schema.org","@graph":[{"@type":"WebPage","@id":"https:\/\/giatsu.com\/es\/comercial\/conductos\/conjuntos-conducto-admira\/","url":"https:\/\/giatsu.com\/es\/comercial\/conductos\/conjuntos-conducto-admira\/","name":"CONJUNTOS CONDUCTO ADMIRA","isPartOf":{"@id":"https:\/\/giatsu.com\/es\/#website"},"primaryImageOfPage":{"@id":"https:\/\/giatsu.com\/es\/comercial\/conductos\/conjuntos-conducto-admira\/#primaryimage"},"image":{"@id":"https:\/\/giatsu.com\/es\/comercial\/conductos\/conjuntos-conducto-admira\/#primaryimage"},"thumbnailUrl":"https:\/\/giatsu.com\/wp-content\/uploads\/2023\/08\/conductotwin2-e62a66.webp","datePublished":"2023-06-06T07:05:04+00:00","dateModified":"2024-08-13T13:49:58+00:00","description":"El doble sistema de aspiraci\u00f3n inferior y posterior garantiza una distribuci\u00f3n eficiente del aire, alcanzando todos los rincones de tu espacio. Esto significa que disfrutar\u00e1s de una climatizaci\u00f3n uniforme y confortable en cada estancia.","breadcrumb":{"@id":"https:\/\/giatsu.com\/es\/comercial\/conductos\/conjuntos-conducto-admira\/#breadcrumb"},"inLanguage":"es","potentialAction":[{"@type":"ReadAction","target":["https:\/\/giatsu.com\/es\/comercial\/conductos\/conjuntos-conducto-admira\/"]}]},{"@type":"ImageObject","inLanguage":"es","@id":"https:\/\/giatsu.com\/es\/comercial\/conductos\/conjuntos-conducto-admira\/#primaryimage","url":"https:\/\/giatsu.com\/wp-content\/uploads\/2023\/08\/conductotwin2-e62a66.webp","contentUrl":"https:\/\/giatsu.com\/wp-content\/uploads\/2023\/08\/conductotwin2-e62a66.webp","width":800,"height":800},{"@type":"BreadcrumbList","@id":"https:\/\/giatsu.com\/es\/comercial\/conductos\/conjuntos-conducto-admira\/#breadcrumb","itemListElement":[{"@type":"ListItem","position":1,"name":"Home","item":"https:\/\/giatsu.com\/es\/"},{"@type":"ListItem","position":2,"name":"PRODUCTOS","item":"https:\/\/giatsu.com\/es\/productos\/"},{"@type":"ListItem","position":3,"name":"CONJUNTOS CONDUCTOS TWIN, TRIPLE, QUATTRO ADMIRA"}]},{"@type":"WebSite","@id":"https:\/\/giatsu.com\/es\/#website","url":"https:\/\/giatsu.com\/es\/","name":"GIATSU","description":"Quality Comfort Everywhere","potentialAction":[{"@type":"SearchAction","target":{"@type":"EntryPoint","urlTemplate":"https:\/\/giatsu.com\/es\/?s={search_term_string}"},"query-input":{"@type":"PropertyValueSpecification","valueRequired":true,"valueName":"search_term_string"}}],"inLanguage":"es"}]}},"_links":{"self":[{"href":"https:\/\/giatsu.com\/es\/wp-json\/wp\/v2\/product\/8339","targetHints":{"allow":["GET"]}}],"collection":[{"href":"https:\/\/giatsu.com\/es\/wp-json\/wp\/v2\/product"}],"about":[{"href":"https:\/\/giatsu.com\/es\/wp-json\/wp\/v2\/types\/product"}],"wp:featuredmedia":[{"embeddable":true,"href":"https:\/\/giatsu.com\/es\/wp-json\/wp\/v2\/media\/9623"}],"wp:attachment":[{"href":"https:\/\/giatsu.com\/es\/wp-json\/wp\/v2\/media?parent=8339"}],"wp:term":[{"taxonomy":"product_brand","embeddable":true,"href":"https:\/\/giatsu.com\/es\/wp-json\/wp\/v2\/product_brand?post=8339"},{"taxonomy":"product_cat","embeddable":true,"href":"https:\/\/giatsu.com\/es\/wp-json\/wp\/v2\/product_cat?post=8339"},{"taxonomy":"product_tag","embeddable":true,"href":"https:\/\/giatsu.com\/es\/wp-json\/wp\/v2\/product_tag?post=8339"}],"curies":[{"name":"wp","href":"https:\/\/api.w.org\/{rel}","templated":true}]}}