{"id":8336,"date":"2023-06-06T07:04:56","date_gmt":"2023-06-06T07:04:56","guid":{"rendered":"https:\/\/giatsu.es\/?post_type=product&#038;p=8336"},"modified":"2025-04-11T06:11:35","modified_gmt":"2025-04-11T06:11:35","slug":"conjunto-cassette-twin-admira","status":"publish","type":"product","link":"https:\/\/giatsu.com\/es\/comercial\/cassettes\/conjunto-cassette-twin-admira\/","title":{"rendered":"CONJUNTO TWIN CASSETTE ADMIRA"},"content":{"rendered":"<div class=\"wpb-content-wrapper\"><div class=\"container mb-1 moduloprincipalespictos\">\n<h2 class=\"text-center tituloprincipales\">Caracter\u00edsticas principales<\/h2>\n<div class=\"row row-cols-1 row-cols-md-2 row-cols-xl-3\">\n<div class=\"col-xs-6 col-md-3 order-last\">\n<div class=\"card\">\n                            <img decoding=\"async\" class=\"card-img-top w-100 d-block fit-cover pictoprincipalgrande\" src=\"https:\/\/giatsu.com\/wp-content\/uploads\/2023\/08\/golden-fin-e40702.webp\" \/><\/p>\n<div class=\"card-body p-4\">\n<h3 class=\"font-weight-bold card-title\">Golden Fin<\/h3>\n<p class=\"card-text\">Este recubrimiento se aplica a las bater\u00edas de la unidad interior y exterior proporcionando protecci\u00f3n contra la corrosi\u00f3n de ambientes salinos.<\/p>\n<\/p><\/div><\/div><\/div>\n<div class=\"col-xs-6 col-md-3 order-last\">\n<div class=\"card\">\n                            <img decoding=\"async\" class=\"card-img-top w-100 d-block fit-cover pictoprincipalgrande\" src=\"https:\/\/giatsu.com\/wp-content\/uploads\/2023\/06\/tecnologia_inverter-495dd8.webp\" \/><\/p>\n<div class=\"card-body p-4\">\n<h3 class=\"font-weight-bold card-title\">Tecnolog\u00eda inverter<\/h3>\n<p class=\"card-text\">Al trabajar el compresor de forma continua se consigue un ahorro de hasta el 50% de energ\u00eda con respecto a equipos convencionales.<\/p>\n<\/p><\/div><\/div><\/div>\n<div class=\"col-xs-6 col-md-3 order-last\">\n<div class=\"card\">\n                            <img decoding=\"async\" class=\"card-img-top w-100 d-block fit-cover pictoprincipalgrande\" src=\"https:\/\/giatsu.com\/wp-content\/uploads\/2023\/08\/bomba-de-condensados-8f2ae0.webp\" \/><\/p>\n<div class=\"card-body p-4\">\n<h3 class=\"font-weight-bold card-title\">Bomba de condensados<\/h3>\n<p class=\"card-text\">La unidad dispone de bomba de condensados incorporada de serie.<\/p>\n<\/p><\/div><\/div><\/div>\n<div class=\"col-xs-6 col-md-3 order-last\">\n<div class=\"card\">\n                            <img decoding=\"async\" class=\"card-img-top w-100 d-block fit-cover pictoprincipalgrande\" src=\"https:\/\/giatsu.com\/wp-content\/uploads\/2023\/08\/control-por-voz-b50a28.webp\" \/><\/p>\n<div class=\"card-body p-4\">\n<h3 class=\"font-weight-bold card-title\">Control por voz<\/h3>\n<p class=\"card-text\">El aparato puede ser controlado por voz, mediante una conexi\u00f3n Wifi.<\/p>\n<\/p><\/div><\/div><\/div><\/div><\/div>\n<hr>\n<p>        [vc_row mobile_bg_img_hidden=\u00bbno\u00bb tablet_bg_img_hidden=\u00bbno\u00bb woodmart_parallax=\u00bb0&#8243; woodmart_gradient_switch=\u00bbno\u00bb row_reverse_mobile=\u00bb0&#8243; row_reverse_tablet=\u00bb0&#8243; woodmart_disable_overflow=\u00bb0&#8243; el_class=\u00bbfilaImgCaracteristica\u00bb][vc_column mobile_bg_img_hidden=\u00bbno\u00bb tablet_bg_img_hidden=\u00bbno\u00bb woodmart_parallax=\u00bb0&#8243; woodmart_sticky_column=\u00bbfalse\u00bb parallax_scroll=\u00bbno\u00bb mobile_reset_margin=\u00bbno\u00bb tablet_reset_margin=\u00bbno\u00bb]<\/p>\n<div class=\"container mb-1\">\n<h3 class=\"text-center\">Informaci\u00f3n t\u00e9cnica<\/h3>\n<div class=\"row row-cols-1 row-cols-md-2 row-cols-xl-3 justify-content-md-center\">\n<div class=\"col-xs-1 col-md-1\">\n<div class=\"card\">\n                            <img decoding=\"async\" class=\"card-img-top w-100 d-block fit-cover pictoprincipalgrande\" src=\"https:\/\/giatsu.com\/wp-content\/uploads\/2023\/08\/contacto-on-off-y-alarma-e8b7e6.webp\" \/><\/p>\n<div class=\"card-body p-4\">\n<h4 class=\"card-text textospictospeques\">Contacto ON\/ OFF y alarma<\/h4>\n<\/p><\/div><\/div><\/div>\n<div class=\"col-xs-1 col-md-1\">\n<div class=\"card\">\n                            <img decoding=\"async\" class=\"card-img-top w-100 d-block fit-cover pictoprincipalgrande\" src=\"https:\/\/giatsu.com\/wp-content\/uploads\/2023\/08\/diseno_slim-ddefc4.webp\" \/><\/p>\n<div class=\"card-body p-4\">\n<h4 class=\"card-text textospictospeques\">Dise\u00f1o slim<\/h4>\n<\/p><\/div><\/div><\/div>\n<div class=\"col-xs-1 col-md-1\">\n<div class=\"card\">\n                            <img decoding=\"async\" class=\"card-img-top w-100 d-block fit-cover pictoprincipalgrande\" src=\"https:\/\/giatsu.com\/wp-content\/uploads\/2023\/08\/aire-360a-516dc9.webp\" \/><\/p>\n<div class=\"card-body p-4\">\n<h4 class=\"card-text textospictospeques\">Aire 360\u00ba<\/h4>\n<\/p><\/div><\/div><\/div><\/div><\/div>\n<div class=\"row justify-content-md-center\">\n<div class=\"vc_btn3-container vc_btn3-inline\" id=\"botonDescargarFicha\">\n                        <a target=\"_blank\" class=\"btn btn-light border rounded-4 botondescarga\" href=\"https:\/\/giatsu.com\/documentacion\/\/giatsu-fichas-tecnicas-cassettes-lcac-admira-espanol.pdf\" title=\"\">Descargar ficha t\u00e9cnica<\/a>\n                 <\/div><\/div>\n<\/div>","protected":false},"excerpt":{"rendered":"<p>Disfruta de un rendimiento excepcional y caracter&iacute;sticas innovadoras con el&nbsp;<strong>CASSETTE TWIN ADMIRA<\/strong>.<\/p>\n<p>Dise&ntilde;ado para brindarte un m&aacute;ximo confort y conveniencia, destacando por su eficiencia y funcionalidad.<\/p>\n<p>Caracter&iacute;sticas clave:<\/p>\n<ul>\n<li><strong>Unidades interiores muy ligeras:<\/strong> el twin de cassette Admira cuenta con unidades interiores especialmente dise&ntilde;adas para ser ligeras y compactas.&nbsp;<\/li>\n<li><strong>Full Inverter:<\/strong> con la tecnolog&iacute;a Full Inverter, ofrece un rendimiento energ&eacute;ticamente eficiente y un control preciso de la temperatura. El compresor inverter ajusta continuamente la velocidad de funcionamiento seg&uacute;n la demanda de refrigeraci&oacute;n, lo que resulta en un menor consumo de energ&iacute;a y una mayor comodidad.<\/li>\n<li><strong>Control por voz:<\/strong> compatible con sistemas de control por voz, lo que te permite controlar el sistema de aire acondicionado de manera conveniente y manos libres. Simplemente, utiliza comandos de voz para ajustar la temperatura, activar o desactivar el sistema y disfrutar de un ambiente c&oacute;modo sin necesidad de utilizar el control remoto.<\/li>\n<\/ul>\n<p>Potencias disponibles: 7,03 (3,30~7,91) i 8,79 (2,23~9,38)<\/p>\n<div class='divPictosEnergia'>[vc_single_image image=&#8217;10410&#8242; alignment=&#8217;center&#8217; woodmart_inline=&#8217;no&#8217; parallax_scroll=&#8217;no&#8217; el_class=&#8217;imgEnergia&#8217; img_size=&#8217;72&#215;36&#8242;][vc_single_image image=&#8217;10510&#8242; alignment=&#8217;center&#8217; woodmart_inline=&#8217;no&#8217; parallax_scroll=&#8217;no&#8217; el_class=&#8217;imgEnergia&#8217; img_size=&#8217;72&#215;36&#8242;][vc_single_image image=&#8217;10405&#8242; alignment=&#8217;center&#8217; woodmart_inline=&#8217;no&#8217; parallax_scroll=&#8217;no&#8217; el_class=&#8217;imgEnergia&#8217; img_size=&#8217;72&#215;36&#8242;]<\/div>\n<div class='pictosvoz'><\/div>\n","protected":false},"featured_media":9548,"template":"","meta":{"_monsterinsights_skip_tracking":false,"_monsterinsights_sitenote_active":false,"_monsterinsights_sitenote_note":"","_monsterinsights_sitenote_category":0},"product_brand":[],"product_cat":[569,559],"product_tag":[552,553],"class_list":{"0":"post-8336","1":"product","2":"type-product","3":"status-publish","4":"has-post-thumbnail","6":"product_cat-cassettes","7":"product_cat-comercial","8":"product_tag-gia-2c924admr32t3","9":"product_tag-gia-2c930admr32t3","11":"first","12":"instock","13":"shipping-taxable","14":"product-type-simple"},"yoast_head":"<!-- This site is optimized with the Yoast SEO plugin v26.6 - https:\/\/yoast.com\/wordpress\/plugins\/seo\/ -->\n<title>Conjunto Twin Cassette Admira<\/title>\n<meta name=\"description\" content=\"El Conjunto Cassette Twin Admira de Giatsu combina unidades interiores ligeras con tecnolog\u00eda Full Inverter para un rendimiento eficiente y control preciso de la temperatura. Incluye Wi-Fi opcional para control remoto mediante la aplicaci\u00f3n GIApp y es compatible con Alexa y Google Home.\" \/>\n<meta name=\"robots\" content=\"index, follow, max-snippet:-1, max-image-preview:large, max-video-preview:-1\" \/>\n<link rel=\"canonical\" href=\"https:\/\/giatsu.com\/es\/comercial\/cassettes\/conjunto-cassette-twin-admira\/\" \/>\n<meta property=\"og:locale\" content=\"es_ES\" \/>\n<meta property=\"og:type\" content=\"article\" \/>\n<meta property=\"og:title\" content=\"Conjunto Twin Cassette Admira\" \/>\n<meta property=\"og:description\" content=\"El Conjunto Cassette Twin Admira de Giatsu combina unidades interiores ligeras con tecnolog\u00eda Full Inverter para un rendimiento eficiente y control preciso de la temperatura. Incluye Wi-Fi opcional para control remoto mediante la aplicaci\u00f3n GIApp y es compatible con Alexa y Google Home.\" \/>\n<meta property=\"og:url\" content=\"https:\/\/giatsu.com\/es\/comercial\/cassettes\/conjunto-cassette-twin-admira\/\" \/>\n<meta property=\"og:site_name\" content=\"GIATSU\" \/>\n<meta property=\"article:modified_time\" content=\"2025-04-11T06:11:35+00:00\" \/>\n<meta property=\"og:image\" content=\"https:\/\/giatsu.com\/wp-content\/uploads\/2023\/08\/twin3-0974b0.webp\" \/>\n\t<meta property=\"og:image:width\" content=\"800\" \/>\n\t<meta property=\"og:image:height\" content=\"800\" \/>\n\t<meta property=\"og:image:type\" content=\"image\/webp\" \/>\n<meta name=\"twitter:card\" content=\"summary_large_image\" \/>\n<meta name=\"twitter:label1\" content=\"Tiempo de lectura\" \/>\n\t<meta name=\"twitter:data1\" content=\"1 minuto\" \/>\n<script type=\"application\/ld+json\" class=\"yoast-schema-graph\">{\"@context\":\"https:\/\/schema.org\",\"@graph\":[{\"@type\":\"WebPage\",\"@id\":\"https:\/\/giatsu.com\/es\/comercial\/cassettes\/conjunto-cassette-twin-admira\/\",\"url\":\"https:\/\/giatsu.com\/es\/comercial\/cassettes\/conjunto-cassette-twin-admira\/\",\"name\":\"Conjunto Twin Cassette Admira\",\"isPartOf\":{\"@id\":\"https:\/\/giatsu.com\/es\/#website\"},\"primaryImageOfPage\":{\"@id\":\"https:\/\/giatsu.com\/es\/comercial\/cassettes\/conjunto-cassette-twin-admira\/#primaryimage\"},\"image\":{\"@id\":\"https:\/\/giatsu.com\/es\/comercial\/cassettes\/conjunto-cassette-twin-admira\/#primaryimage\"},\"thumbnailUrl\":\"https:\/\/giatsu.com\/wp-content\/uploads\/2023\/08\/twin3-0974b0.webp\",\"datePublished\":\"2023-06-06T07:04:56+00:00\",\"dateModified\":\"2025-04-11T06:11:35+00:00\",\"description\":\"El Conjunto Cassette Twin Admira de Giatsu combina unidades interiores ligeras con tecnolog\u00eda Full Inverter para un rendimiento eficiente y control preciso de la temperatura. Incluye Wi-Fi opcional para control remoto mediante la aplicaci\u00f3n GIApp y es compatible con Alexa y Google Home.\",\"breadcrumb\":{\"@id\":\"https:\/\/giatsu.com\/es\/comercial\/cassettes\/conjunto-cassette-twin-admira\/#breadcrumb\"},\"inLanguage\":\"es\",\"potentialAction\":[{\"@type\":\"ReadAction\",\"target\":[\"https:\/\/giatsu.com\/es\/comercial\/cassettes\/conjunto-cassette-twin-admira\/\"]}]},{\"@type\":\"ImageObject\",\"inLanguage\":\"es\",\"@id\":\"https:\/\/giatsu.com\/es\/comercial\/cassettes\/conjunto-cassette-twin-admira\/#primaryimage\",\"url\":\"https:\/\/giatsu.com\/wp-content\/uploads\/2023\/08\/twin3-0974b0.webp\",\"contentUrl\":\"https:\/\/giatsu.com\/wp-content\/uploads\/2023\/08\/twin3-0974b0.webp\",\"width\":800,\"height\":800},{\"@type\":\"BreadcrumbList\",\"@id\":\"https:\/\/giatsu.com\/es\/comercial\/cassettes\/conjunto-cassette-twin-admira\/#breadcrumb\",\"itemListElement\":[{\"@type\":\"ListItem\",\"position\":1,\"name\":\"Home\",\"item\":\"https:\/\/giatsu.com\/es\/\"},{\"@type\":\"ListItem\",\"position\":2,\"name\":\"PRODUCTOS\",\"item\":\"https:\/\/giatsu.com\/es\/productos\/\"},{\"@type\":\"ListItem\",\"position\":3,\"name\":\"CONJUNTO TWIN CASSETTE ADMIRA\"}]},{\"@type\":\"WebSite\",\"@id\":\"https:\/\/giatsu.com\/es\/#website\",\"url\":\"https:\/\/giatsu.com\/es\/\",\"name\":\"GIATSU\",\"description\":\"Quality Comfort Everywhere\",\"potentialAction\":[{\"@type\":\"SearchAction\",\"target\":{\"@type\":\"EntryPoint\",\"urlTemplate\":\"https:\/\/giatsu.com\/es\/?s={search_term_string}\"},\"query-input\":{\"@type\":\"PropertyValueSpecification\",\"valueRequired\":true,\"valueName\":\"search_term_string\"}}],\"inLanguage\":\"es\"}]}<\/script>\n<!-- \/ Yoast SEO plugin. -->","yoast_head_json":{"title":"Conjunto Twin Cassette Admira","description":"El Conjunto Cassette Twin Admira de Giatsu combina unidades interiores ligeras con tecnolog\u00eda Full Inverter para un rendimiento eficiente y control preciso de la temperatura. Incluye Wi-Fi opcional para control remoto mediante la aplicaci\u00f3n GIApp y es compatible con Alexa y Google Home.","robots":{"index":"index","follow":"follow","max-snippet":"max-snippet:-1","max-image-preview":"max-image-preview:large","max-video-preview":"max-video-preview:-1"},"canonical":"https:\/\/giatsu.com\/es\/comercial\/cassettes\/conjunto-cassette-twin-admira\/","og_locale":"es_ES","og_type":"article","og_title":"Conjunto Twin Cassette Admira","og_description":"El Conjunto Cassette Twin Admira de Giatsu combina unidades interiores ligeras con tecnolog\u00eda Full Inverter para un rendimiento eficiente y control preciso de la temperatura. Incluye Wi-Fi opcional para control remoto mediante la aplicaci\u00f3n GIApp y es compatible con Alexa y Google Home.","og_url":"https:\/\/giatsu.com\/es\/comercial\/cassettes\/conjunto-cassette-twin-admira\/","og_site_name":"GIATSU","article_modified_time":"2025-04-11T06:11:35+00:00","og_image":[{"width":800,"height":800,"url":"https:\/\/giatsu.com\/wp-content\/uploads\/2023\/08\/twin3-0974b0.webp","type":"image\/webp"}],"twitter_card":"summary_large_image","twitter_misc":{"Tiempo de lectura":"1 minuto"},"schema":{"@context":"https:\/\/schema.org","@graph":[{"@type":"WebPage","@id":"https:\/\/giatsu.com\/es\/comercial\/cassettes\/conjunto-cassette-twin-admira\/","url":"https:\/\/giatsu.com\/es\/comercial\/cassettes\/conjunto-cassette-twin-admira\/","name":"Conjunto Twin Cassette Admira","isPartOf":{"@id":"https:\/\/giatsu.com\/es\/#website"},"primaryImageOfPage":{"@id":"https:\/\/giatsu.com\/es\/comercial\/cassettes\/conjunto-cassette-twin-admira\/#primaryimage"},"image":{"@id":"https:\/\/giatsu.com\/es\/comercial\/cassettes\/conjunto-cassette-twin-admira\/#primaryimage"},"thumbnailUrl":"https:\/\/giatsu.com\/wp-content\/uploads\/2023\/08\/twin3-0974b0.webp","datePublished":"2023-06-06T07:04:56+00:00","dateModified":"2025-04-11T06:11:35+00:00","description":"El Conjunto Cassette Twin Admira de Giatsu combina unidades interiores ligeras con tecnolog\u00eda Full Inverter para un rendimiento eficiente y control preciso de la temperatura. Incluye Wi-Fi opcional para control remoto mediante la aplicaci\u00f3n GIApp y es compatible con Alexa y Google Home.","breadcrumb":{"@id":"https:\/\/giatsu.com\/es\/comercial\/cassettes\/conjunto-cassette-twin-admira\/#breadcrumb"},"inLanguage":"es","potentialAction":[{"@type":"ReadAction","target":["https:\/\/giatsu.com\/es\/comercial\/cassettes\/conjunto-cassette-twin-admira\/"]}]},{"@type":"ImageObject","inLanguage":"es","@id":"https:\/\/giatsu.com\/es\/comercial\/cassettes\/conjunto-cassette-twin-admira\/#primaryimage","url":"https:\/\/giatsu.com\/wp-content\/uploads\/2023\/08\/twin3-0974b0.webp","contentUrl":"https:\/\/giatsu.com\/wp-content\/uploads\/2023\/08\/twin3-0974b0.webp","width":800,"height":800},{"@type":"BreadcrumbList","@id":"https:\/\/giatsu.com\/es\/comercial\/cassettes\/conjunto-cassette-twin-admira\/#breadcrumb","itemListElement":[{"@type":"ListItem","position":1,"name":"Home","item":"https:\/\/giatsu.com\/es\/"},{"@type":"ListItem","position":2,"name":"PRODUCTOS","item":"https:\/\/giatsu.com\/es\/productos\/"},{"@type":"ListItem","position":3,"name":"CONJUNTO TWIN CASSETTE ADMIRA"}]},{"@type":"WebSite","@id":"https:\/\/giatsu.com\/es\/#website","url":"https:\/\/giatsu.com\/es\/","name":"GIATSU","description":"Quality Comfort Everywhere","potentialAction":[{"@type":"SearchAction","target":{"@type":"EntryPoint","urlTemplate":"https:\/\/giatsu.com\/es\/?s={search_term_string}"},"query-input":{"@type":"PropertyValueSpecification","valueRequired":true,"valueName":"search_term_string"}}],"inLanguage":"es"}]}},"_links":{"self":[{"href":"https:\/\/giatsu.com\/es\/wp-json\/wp\/v2\/product\/8336","targetHints":{"allow":["GET"]}}],"collection":[{"href":"https:\/\/giatsu.com\/es\/wp-json\/wp\/v2\/product"}],"about":[{"href":"https:\/\/giatsu.com\/es\/wp-json\/wp\/v2\/types\/product"}],"wp:featuredmedia":[{"embeddable":true,"href":"https:\/\/giatsu.com\/es\/wp-json\/wp\/v2\/media\/9548"}],"wp:attachment":[{"href":"https:\/\/giatsu.com\/es\/wp-json\/wp\/v2\/media?parent=8336"}],"wp:term":[{"taxonomy":"product_brand","embeddable":true,"href":"https:\/\/giatsu.com\/es\/wp-json\/wp\/v2\/product_brand?post=8336"},{"taxonomy":"product_cat","embeddable":true,"href":"https:\/\/giatsu.com\/es\/wp-json\/wp\/v2\/product_cat?post=8336"},{"taxonomy":"product_tag","embeddable":true,"href":"https:\/\/giatsu.com\/es\/wp-json\/wp\/v2\/product_tag?post=8336"}],"curies":[{"name":"wp","href":"https:\/\/api.w.org\/{rel}","templated":true}]}}