{"id":8325,"date":"2023-06-06T07:04:29","date_gmt":"2023-06-06T07:04:29","guid":{"rendered":"https:\/\/giatsu.es\/?post_type=product&#038;p=8325"},"modified":"2025-04-16T15:53:19","modified_gmt":"2025-04-16T15:53:19","slug":"cassette-4-vias-60x60-vrf","status":"publish","type":"product","link":"https:\/\/giatsu.com\/es\/industrial\/vrf\/cassettes-vrf\/cassette-4-vias-60x60-vrf\/","title":{"rendered":"CASSETTE 4 V\u00cdAS COMPACT 60X60 SERIE KM"},"content":{"rendered":"<div class=\"wpb-content-wrapper\"><div class=\"container mb-1 moduloprincipalespictos\">\n<h2 class=\"text-center tituloprincipales\">Caracter\u00edsticas principales<\/h2>\n<div class=\"row row-cols-1 row-cols-md-2 row-cols-xl-3\">\n<div class=\"col-xs-6 col-md-3 order-last\">\n<div class=\"card\">\n                            <img decoding=\"async\" class=\"card-img-top w-100 d-block fit-cover pictoprincipalgrande\" src=\"https:\/\/giatsu.com\/wp-content\/uploads\/2023\/08\/bomba-de-condensados-8f2ae0.webp\" \/><\/p>\n<div class=\"card-body p-4\">\n<h3 class=\"font-weight-bold card-title\">Bomba de condensados<\/h3>\n<p class=\"card-text\">La unidad dispone de bomba de condensados incorporada de serie.<\/p>\n<\/p><\/div><\/div><\/div>\n<div class=\"col-xs-6 col-md-3 order-last\">\n<div class=\"card\">\n                            <img decoding=\"async\" class=\"card-img-top w-100 d-block fit-cover pictoprincipalgrande\" src=\"https:\/\/giatsu.com\/wp-content\/uploads\/2023\/11\/entrada-de-aire-fresco-56f6ed.webp\" \/><\/p>\n<div class=\"card-body p-4\">\n<h3 class=\"font-weight-bold card-title\">Entrada de aire fresco<\/h3>\n<p class=\"card-text\">Posibilidad de entrada de aire fresco directamente a la unidad interior.<\/p>\n<\/p><\/div><\/div><\/div>\n<div class=\"col-xs-6 col-md-3 order-last\">\n<div class=\"card\">\n                            <img decoding=\"async\" class=\"card-img-top w-100 d-block fit-cover pictoprincipalgrande\" src=\"https:\/\/giatsu.com\/wp-content\/uploads\/2023\/08\/numero-de-salidas-de-aire-1db1c1.webp\" \/><\/p>\n<div class=\"card-body p-4\">\n<h3 class=\"font-weight-bold card-title\">N\u00famero de salidas de aire<\/h3>\n<p class=\"card-text\">El n\u00famero de salidas de aire favorece una mayor distribuci\u00f3n del aire.<\/p>\n<\/p><\/div><\/div><\/div><\/div><\/div>\n<hr>\n<p>        [vc_row mobile_bg_img_hidden=\u00bbno\u00bb tablet_bg_img_hidden=\u00bbno\u00bb woodmart_parallax=\u00bb0&#8243; woodmart_gradient_switch=\u00bbno\u00bb row_reverse_mobile=\u00bb0&#8243; row_reverse_tablet=\u00bb0&#8243; woodmart_disable_overflow=\u00bb0&#8243; el_class=\u00bbfilaImgCaracteristica\u00bb][vc_column mobile_bg_img_hidden=\u00bbno\u00bb tablet_bg_img_hidden=\u00bbno\u00bb woodmart_parallax=\u00bb0&#8243; woodmart_sticky_column=\u00bbfalse\u00bb parallax_scroll=\u00bbno\u00bb mobile_reset_margin=\u00bbno\u00bb tablet_reset_margin=\u00bbno\u00bb]<\/p>\n<div class=\"container mb-1\">\n<h3 class=\"text-center\">Informaci\u00f3n t\u00e9cnica<\/h3>\n<div class=\"row row-cols-1 row-cols-md-2 row-cols-xl-3 justify-content-md-center\">\n<div class=\"col-xs-1 col-md-1\">\n<div class=\"card\">\n                            <img decoding=\"async\" class=\"card-img-top w-100 d-block fit-cover pictoprincipalgrande\" src=\"https:\/\/giatsu.com\/wp-content\/uploads\/2023\/08\/swing_horizontal-0bfc74.webp\" \/><\/p>\n<div class=\"card-body p-4\">\n<h4 class=\"card-text textospictospeques\">Swing horizontal<\/h4>\n<\/p><\/div><\/div><\/div>\n<div class=\"col-xs-1 col-md-1\">\n<div class=\"card\">\n                            <img decoding=\"async\" class=\"card-img-top w-100 d-block fit-cover pictoprincipalgrande\" src=\"https:\/\/giatsu.com\/wp-content\/uploads\/2023\/08\/funcion_anti_frio-822de4.webp\" \/><\/p>\n<div class=\"card-body p-4\">\n<h4 class=\"card-text textospictospeques\">Funci\u00f3n anti fr\u00edo<\/h4>\n<\/p><\/div><\/div><\/div>\n<div class=\"col-xs-1 col-md-1\">\n<div class=\"card\">\n                            <img decoding=\"async\" class=\"card-img-top w-100 d-block fit-cover pictoprincipalgrande\" src=\"https:\/\/giatsu.com\/wp-content\/uploads\/2023\/08\/controles_opcionales-680cc0.webp\" \/><\/p>\n<div class=\"card-body p-4\">\n<h4 class=\"card-text textospictospeques\">Controles opcionales<\/h4>\n<\/p><\/div><\/div><\/div><\/div><\/div>\n<div class=\"row justify-content-md-center\">\n<div class=\"vc_btn3-container vc_btn3-inline\" id=\"botonDescargarFicha\">\n                        <a target=\"_blank\" class=\"btn btn-light border rounded-4 botondescarga\" href=\"https:\/\/giatsu.com\/documentacion\/\/gia-fichas-tecnicas-vrf-v4+-.pdf\" title=\"\">Descargar ficha t\u00e9cnica<\/a>\n                 <\/div><\/div>\n<div class=\"row\">\n<hr>\n<div class=\"col text-center\"><a target=\"_blank\" href=\"https:\/\/giatsu.com\/documentacion\/\/giatsu-manual-de-usuario-e-instalacion-vrf--multiidioma.pdf\" class=\"btn btn-light border rounded-4 botonDescargaManual botondescarga\">Manual de usuario<\/a><\/div>\n<hr>\n<\/div>\n<\/div>","protected":false},"excerpt":{"rendered":"<p>Descubre la&nbsp;<strong>unidad interior Cassette 4 v&iacute;as compacto 60&times;60 del sistema VRF<\/strong>, la soluci&oacute;n perfecta para climatizar tus espacios con eficiencia y comodidad.<\/p>\n<p>Gracias a su <strong>dise&ntilde;o compacto y ligero<\/strong>, se puede instalar r&aacute;pidamente en el techo sin complicaciones adicionales. Esto te ahorra tiempo y esfuerzo durante la instalaci&oacute;n, permiti&eacute;ndote disfrutar r&aacute;pidamente de un clima agradable en tus espacios.<\/p>\n<p>Esta unidad interior cuenta con un<strong>&nbsp;gran caudal de aire<\/strong>, lo que garantiza una&nbsp;distribuci&oacute;n uniforme del aire&nbsp;en todas las direcciones. Las cuatro lamas direccionables permiten ajustar el flujo de aire seg&uacute;n tus preferencias, asegurando un confort &oacute;ptimo en toda la habitaci&oacute;n. Disfrutar&aacute;s de una sensaci&oacute;n de frescura en cada rinc&oacute;n, incluso en los d&iacute;as m&aacute;s calurosos.<\/p>\n<p>La&nbsp;<strong>potente bomba de condensados<\/strong> asegura una eliminaci&oacute;n eficiente de la condensaci&oacute;n. Esto ayuda a mantener un entorno libre de humedad y previene problemas relacionados con la acumulaci&oacute;n de agua. Podr&aacute;s disfrutar de un ambiente seco y fresco sin preocuparte por los inconvenientes ocasionados por la condensaci&oacute;n.<\/p>\n<p>El <strong>flujo de aire circular<\/strong> de esta unidad interior garantiza una climatizaci&oacute;n eficiente y uniforme en toda la habitaci&oacute;n. El aire se distribuye de manera circular, evitando zonas de temperatura desigual y generando un ambiente agradable en cada rinc&oacute;n. Podr&aacute;s disfrutar de una sensaci&oacute;n de confort constante, sin puntos calientes o fr&iacute;os indeseados.<\/p>\n<p>Potencias disponibles: 2,2KW, 2,8KW,&nbsp; 3,6KW,&nbsp; 4,5KW<\/p>\n<div class='pictosvoz'><\/div>\n","protected":false},"featured_media":9980,"template":"","meta":{"_monsterinsights_skip_tracking":false,"_monsterinsights_sitenote_active":false,"_monsterinsights_sitenote_note":"","_monsterinsights_sitenote_category":0},"product_brand":[],"product_cat":[593,566,582],"product_tag":[459],"class_list":{"0":"post-8325","1":"product","2":"type-product","3":"status-publish","4":"has-post-thumbnail","6":"product_cat-cassettes-vrf","7":"product_cat-industrial","8":"product_cat-vrf","9":"product_tag-gia-mi245q4cdn1","11":"first","12":"instock","13":"shipping-taxable","14":"product-type-simple"},"yoast_head":"<!-- This site is optimized with the Yoast SEO plugin v26.6 - https:\/\/yoast.com\/wordpress\/plugins\/seo\/ -->\n<title>Cassette 4 v\u00edas 60x60 VRF<\/title>\n<meta name=\"description\" content=\"Unidad interior compacta y de f\u00e1cil instalaci\u00f3n, con distribuci\u00f3n uniforme del aire gracias a sus lamas direccionables.\" \/>\n<meta name=\"robots\" content=\"index, follow, max-snippet:-1, max-image-preview:large, max-video-preview:-1\" \/>\n<link rel=\"canonical\" href=\"https:\/\/giatsu.com\/es\/industrial\/vrf\/cassettes-vrf\/cassette-4-vias-60x60-vrf\/\" \/>\n<meta property=\"og:locale\" content=\"es_ES\" \/>\n<meta property=\"og:type\" content=\"article\" \/>\n<meta property=\"og:title\" content=\"Cassette 4 v\u00edas 60x60 VRF\" \/>\n<meta property=\"og:description\" content=\"Unidad interior compacta y de f\u00e1cil instalaci\u00f3n, con distribuci\u00f3n uniforme del aire gracias a sus lamas direccionables.\" \/>\n<meta property=\"og:url\" content=\"https:\/\/giatsu.com\/es\/industrial\/vrf\/cassettes-vrf\/cassette-4-vias-60x60-vrf\/\" \/>\n<meta property=\"og:site_name\" content=\"GIATSU\" \/>\n<meta property=\"article:modified_time\" content=\"2025-04-16T15:53:19+00:00\" \/>\n<meta property=\"og:image\" content=\"https:\/\/giatsu.com\/wp-content\/uploads\/2023\/08\/cassette-vrf2-b3fc19.webp\" \/>\n\t<meta property=\"og:image:width\" content=\"800\" \/>\n\t<meta property=\"og:image:height\" content=\"800\" \/>\n\t<meta property=\"og:image:type\" content=\"image\/webp\" \/>\n<meta name=\"twitter:card\" content=\"summary_large_image\" \/>\n<meta name=\"twitter:label1\" content=\"Tiempo de lectura\" \/>\n\t<meta name=\"twitter:data1\" content=\"1 minuto\" \/>\n<script type=\"application\/ld+json\" class=\"yoast-schema-graph\">{\"@context\":\"https:\/\/schema.org\",\"@graph\":[{\"@type\":\"WebPage\",\"@id\":\"https:\/\/giatsu.com\/es\/industrial\/vrf\/cassettes-vrf\/cassette-4-vias-60x60-vrf\/\",\"url\":\"https:\/\/giatsu.com\/es\/industrial\/vrf\/cassettes-vrf\/cassette-4-vias-60x60-vrf\/\",\"name\":\"Cassette 4 v\u00edas 60x60 VRF\",\"isPartOf\":{\"@id\":\"https:\/\/giatsu.com\/es\/#website\"},\"primaryImageOfPage\":{\"@id\":\"https:\/\/giatsu.com\/es\/industrial\/vrf\/cassettes-vrf\/cassette-4-vias-60x60-vrf\/#primaryimage\"},\"image\":{\"@id\":\"https:\/\/giatsu.com\/es\/industrial\/vrf\/cassettes-vrf\/cassette-4-vias-60x60-vrf\/#primaryimage\"},\"thumbnailUrl\":\"https:\/\/giatsu.com\/wp-content\/uploads\/2023\/08\/cassette-vrf2-b3fc19.webp\",\"datePublished\":\"2023-06-06T07:04:29+00:00\",\"dateModified\":\"2025-04-16T15:53:19+00:00\",\"description\":\"Unidad interior compacta y de f\u00e1cil instalaci\u00f3n, con distribuci\u00f3n uniforme del aire gracias a sus lamas direccionables.\",\"breadcrumb\":{\"@id\":\"https:\/\/giatsu.com\/es\/industrial\/vrf\/cassettes-vrf\/cassette-4-vias-60x60-vrf\/#breadcrumb\"},\"inLanguage\":\"es\",\"potentialAction\":[{\"@type\":\"ReadAction\",\"target\":[\"https:\/\/giatsu.com\/es\/industrial\/vrf\/cassettes-vrf\/cassette-4-vias-60x60-vrf\/\"]}]},{\"@type\":\"ImageObject\",\"inLanguage\":\"es\",\"@id\":\"https:\/\/giatsu.com\/es\/industrial\/vrf\/cassettes-vrf\/cassette-4-vias-60x60-vrf\/#primaryimage\",\"url\":\"https:\/\/giatsu.com\/wp-content\/uploads\/2023\/08\/cassette-vrf2-b3fc19.webp\",\"contentUrl\":\"https:\/\/giatsu.com\/wp-content\/uploads\/2023\/08\/cassette-vrf2-b3fc19.webp\",\"width\":800,\"height\":800},{\"@type\":\"BreadcrumbList\",\"@id\":\"https:\/\/giatsu.com\/es\/industrial\/vrf\/cassettes-vrf\/cassette-4-vias-60x60-vrf\/#breadcrumb\",\"itemListElement\":[{\"@type\":\"ListItem\",\"position\":1,\"name\":\"Home\",\"item\":\"https:\/\/giatsu.com\/es\/\"},{\"@type\":\"ListItem\",\"position\":2,\"name\":\"PRODUCTOS\",\"item\":\"https:\/\/giatsu.com\/es\/productos\/\"},{\"@type\":\"ListItem\",\"position\":3,\"name\":\"CASSETTE 4 V\u00cdAS COMPACT 60X60 SERIE KM\"}]},{\"@type\":\"WebSite\",\"@id\":\"https:\/\/giatsu.com\/es\/#website\",\"url\":\"https:\/\/giatsu.com\/es\/\",\"name\":\"GIATSU\",\"description\":\"Quality Comfort Everywhere\",\"potentialAction\":[{\"@type\":\"SearchAction\",\"target\":{\"@type\":\"EntryPoint\",\"urlTemplate\":\"https:\/\/giatsu.com\/es\/?s={search_term_string}\"},\"query-input\":{\"@type\":\"PropertyValueSpecification\",\"valueRequired\":true,\"valueName\":\"search_term_string\"}}],\"inLanguage\":\"es\"}]}<\/script>\n<!-- \/ Yoast SEO plugin. -->","yoast_head_json":{"title":"Cassette 4 v\u00edas 60x60 VRF","description":"Unidad interior compacta y de f\u00e1cil instalaci\u00f3n, con distribuci\u00f3n uniforme del aire gracias a sus lamas direccionables.","robots":{"index":"index","follow":"follow","max-snippet":"max-snippet:-1","max-image-preview":"max-image-preview:large","max-video-preview":"max-video-preview:-1"},"canonical":"https:\/\/giatsu.com\/es\/industrial\/vrf\/cassettes-vrf\/cassette-4-vias-60x60-vrf\/","og_locale":"es_ES","og_type":"article","og_title":"Cassette 4 v\u00edas 60x60 VRF","og_description":"Unidad interior compacta y de f\u00e1cil instalaci\u00f3n, con distribuci\u00f3n uniforme del aire gracias a sus lamas direccionables.","og_url":"https:\/\/giatsu.com\/es\/industrial\/vrf\/cassettes-vrf\/cassette-4-vias-60x60-vrf\/","og_site_name":"GIATSU","article_modified_time":"2025-04-16T15:53:19+00:00","og_image":[{"width":800,"height":800,"url":"https:\/\/giatsu.com\/wp-content\/uploads\/2023\/08\/cassette-vrf2-b3fc19.webp","type":"image\/webp"}],"twitter_card":"summary_large_image","twitter_misc":{"Tiempo de lectura":"1 minuto"},"schema":{"@context":"https:\/\/schema.org","@graph":[{"@type":"WebPage","@id":"https:\/\/giatsu.com\/es\/industrial\/vrf\/cassettes-vrf\/cassette-4-vias-60x60-vrf\/","url":"https:\/\/giatsu.com\/es\/industrial\/vrf\/cassettes-vrf\/cassette-4-vias-60x60-vrf\/","name":"Cassette 4 v\u00edas 60x60 VRF","isPartOf":{"@id":"https:\/\/giatsu.com\/es\/#website"},"primaryImageOfPage":{"@id":"https:\/\/giatsu.com\/es\/industrial\/vrf\/cassettes-vrf\/cassette-4-vias-60x60-vrf\/#primaryimage"},"image":{"@id":"https:\/\/giatsu.com\/es\/industrial\/vrf\/cassettes-vrf\/cassette-4-vias-60x60-vrf\/#primaryimage"},"thumbnailUrl":"https:\/\/giatsu.com\/wp-content\/uploads\/2023\/08\/cassette-vrf2-b3fc19.webp","datePublished":"2023-06-06T07:04:29+00:00","dateModified":"2025-04-16T15:53:19+00:00","description":"Unidad interior compacta y de f\u00e1cil instalaci\u00f3n, con distribuci\u00f3n uniforme del aire gracias a sus lamas direccionables.","breadcrumb":{"@id":"https:\/\/giatsu.com\/es\/industrial\/vrf\/cassettes-vrf\/cassette-4-vias-60x60-vrf\/#breadcrumb"},"inLanguage":"es","potentialAction":[{"@type":"ReadAction","target":["https:\/\/giatsu.com\/es\/industrial\/vrf\/cassettes-vrf\/cassette-4-vias-60x60-vrf\/"]}]},{"@type":"ImageObject","inLanguage":"es","@id":"https:\/\/giatsu.com\/es\/industrial\/vrf\/cassettes-vrf\/cassette-4-vias-60x60-vrf\/#primaryimage","url":"https:\/\/giatsu.com\/wp-content\/uploads\/2023\/08\/cassette-vrf2-b3fc19.webp","contentUrl":"https:\/\/giatsu.com\/wp-content\/uploads\/2023\/08\/cassette-vrf2-b3fc19.webp","width":800,"height":800},{"@type":"BreadcrumbList","@id":"https:\/\/giatsu.com\/es\/industrial\/vrf\/cassettes-vrf\/cassette-4-vias-60x60-vrf\/#breadcrumb","itemListElement":[{"@type":"ListItem","position":1,"name":"Home","item":"https:\/\/giatsu.com\/es\/"},{"@type":"ListItem","position":2,"name":"PRODUCTOS","item":"https:\/\/giatsu.com\/es\/productos\/"},{"@type":"ListItem","position":3,"name":"CASSETTE 4 V\u00cdAS COMPACT 60X60 SERIE KM"}]},{"@type":"WebSite","@id":"https:\/\/giatsu.com\/es\/#website","url":"https:\/\/giatsu.com\/es\/","name":"GIATSU","description":"Quality Comfort Everywhere","potentialAction":[{"@type":"SearchAction","target":{"@type":"EntryPoint","urlTemplate":"https:\/\/giatsu.com\/es\/?s={search_term_string}"},"query-input":{"@type":"PropertyValueSpecification","valueRequired":true,"valueName":"search_term_string"}}],"inLanguage":"es"}]}},"_links":{"self":[{"href":"https:\/\/giatsu.com\/es\/wp-json\/wp\/v2\/product\/8325","targetHints":{"allow":["GET"]}}],"collection":[{"href":"https:\/\/giatsu.com\/es\/wp-json\/wp\/v2\/product"}],"about":[{"href":"https:\/\/giatsu.com\/es\/wp-json\/wp\/v2\/types\/product"}],"wp:featuredmedia":[{"embeddable":true,"href":"https:\/\/giatsu.com\/es\/wp-json\/wp\/v2\/media\/9980"}],"wp:attachment":[{"href":"https:\/\/giatsu.com\/es\/wp-json\/wp\/v2\/media?parent=8325"}],"wp:term":[{"taxonomy":"product_brand","embeddable":true,"href":"https:\/\/giatsu.com\/es\/wp-json\/wp\/v2\/product_brand?post=8325"},{"taxonomy":"product_cat","embeddable":true,"href":"https:\/\/giatsu.com\/es\/wp-json\/wp\/v2\/product_cat?post=8325"},{"taxonomy":"product_tag","embeddable":true,"href":"https:\/\/giatsu.com\/es\/wp-json\/wp\/v2\/product_tag?post=8325"}],"curies":[{"name":"wp","href":"https:\/\/api.w.org\/{rel}","templated":true}]}}