{"id":8323,"date":"2023-06-06T07:04:19","date_gmt":"2023-06-06T07:04:19","guid":{"rendered":"https:\/\/giatsu.es\/?post_type=product&#038;p=8323"},"modified":"2025-04-25T11:20:24","modified_gmt":"2025-04-25T11:20:24","slug":"split-mural-serie-km","status":"publish","type":"product","link":"https:\/\/giatsu.com\/es\/industrial\/vrf\/split\/split-mural-serie-km\/","title":{"rendered":"SPLIT MURAL SERIE KM"},"content":{"rendered":"<div class=\"wpb-content-wrapper\"><div class=\"container mb-1 moduloprincipalespictos\">\n<h2 class=\"text-center tituloprincipales\">Caracter\u00edsticas principales<\/h2>\n<div class=\"row row-cols-1 row-cols-md-2 row-cols-xl-3\">\n<div class=\"col-xs-6 col-md-3 order-last\">\n<div class=\"card\">\n                            <img decoding=\"async\" class=\"card-img-top w-100 d-block fit-cover pictoprincipalgrande\" src=\"https:\/\/giatsu.com\/wp-content\/uploads\/2023\/08\/led-9ce7c9.webp\" \/><\/p>\n<div class=\"card-body p-4\">\n<h3 class=\"font-weight-bold card-title\">Pantalla LED<\/h3>\n<p class=\"card-text\">Una gran pantalla LED informa sobre el funcionamiento del sistema de aire acondicionado.<\/p>\n<\/p><\/div><\/div><\/div>\n<div class=\"col-xs-6 col-md-3 order-last\">\n<div class=\"card\">\n                            <img decoding=\"async\" class=\"card-img-top w-100 d-block fit-cover pictoprincipalgrande\" src=\"https:\/\/giatsu.com\/wp-content\/uploads\/2023\/08\/mando_distancia-a17a7c.webp\" \/><\/p>\n<div class=\"card-body p-4\">\n<h3 class=\"font-weight-bold card-title\">Mando a distancia<\/h3>\n<p class=\"card-text\">Incluye control cableado con programaci\u00f3n semanal.<\/p>\n<\/p><\/div><\/div><\/div><\/div><\/div>\n<hr>\n<p>        [vc_row mobile_bg_img_hidden=\u00bbno\u00bb tablet_bg_img_hidden=\u00bbno\u00bb woodmart_parallax=\u00bb0&#8243; woodmart_gradient_switch=\u00bbno\u00bb row_reverse_mobile=\u00bb0&#8243; row_reverse_tablet=\u00bb0&#8243; woodmart_disable_overflow=\u00bb0&#8243; el_class=\u00bbfilaImgCaracteristica\u00bb][vc_column mobile_bg_img_hidden=\u00bbno\u00bb tablet_bg_img_hidden=\u00bbno\u00bb woodmart_parallax=\u00bb0&#8243; woodmart_sticky_column=\u00bbfalse\u00bb parallax_scroll=\u00bbno\u00bb mobile_reset_margin=\u00bbno\u00bb tablet_reset_margin=\u00bbno\u00bb]<\/p>\n<div class=\"container mb-1\">\n<h3 class=\"text-center\">Informaci\u00f3n t\u00e9cnica<\/h3>\n<div class=\"row row-cols-1 row-cols-md-2 row-cols-xl-3 justify-content-md-center\">\n<div class=\"col-xs-1 col-md-1\">\n<div class=\"card\">\n                            <img decoding=\"async\" class=\"card-img-top w-100 d-block fit-cover pictoprincipalgrande\" src=\"https:\/\/giatsu.com\/wp-content\/uploads\/2023\/08\/auto_swing-21613f.webp\" \/><\/p>\n<div class=\"card-body p-4\">\n<h4 class=\"card-text textospictospeques\">Auto swing<\/h4>\n<\/p><\/div><\/div><\/div><\/div><\/div>\n<div class=\"row justify-content-md-center\">\n<div class=\"vc_btn3-container vc_btn3-inline\" id=\"botonDescargarFicha\">\n                        <a target=\"_blank\" class=\"btn btn-light border rounded-4 botondescarga\" href=\"https:\/\/giatsu.com\/documentacion\/\/giatsu-fichas-tecnicas-vrf-km-espanol.pdf\" title=\"\">Descargar ficha t\u00e9cnica<\/a>\n                 <\/div><\/div>\n<div class=\"row\">\n<hr>\n<div class=\"col text-center\"><a target=\"_blank\" href=\"https:\/\/giatsu.com\/documentacion\/\/giatsu-manual-de-usuario-e-instalacion-vrf-km-ingles.pdf\" class=\"btn btn-light border rounded-4 botonDescargaManual botondescarga\">Manual de usuario<\/a><\/div>\n<hr>\n<\/div>\n<\/div>","protected":false},"excerpt":{"rendered":"<p class=\"\" data-start=\"119\" data-end=\"244\"><strong data-start=\"119\" data-end=\"160\">Descubre el Split Mural VRF de Giatsu<\/strong>, la soluci&oacute;n ideal para climatizar tus espacios con eficiencia y comodidad.<\/p>\n<p class=\"\" data-start=\"246\" data-end=\"430\">Con su <strong>dise&ntilde;o elegante y caracter&iacute;sticas innovadoras<\/strong>, esta unidad interior te brinda<strong> <\/strong>un control total del clima, facilitando tanto su mantenimiento como su uso, sin complicaciones.<\/p>\n<p class=\"\" data-start=\"432\" data-end=\"624\">Equipado con un <strong data-start=\"448\" data-end=\"474\">temporizador integrado<\/strong> y una <strong data-start=\"481\" data-end=\"517\">pantalla de temperatura ambiente<\/strong>, podr&aacute;s programar la climatizaci&oacute;n del espacio de acuerdo a tus necesidades y preferencias personales.<\/p>\n<p class=\"\" data-start=\"727\" data-end=\"970\">La funci&oacute;n <strong data-start=\"738\" data-end=\"752\">auto-swing<\/strong> asegura una distribuci&oacute;n <strong data-start=\"778\" data-end=\"802\">eficiente y uniforme<\/strong> del aire. Mueve autom&aacute;ticamente las aletas de manera horizontal y vertical, garantizando una cobertura completa y un confort constante en cada rinc&oacute;n de la habitaci&oacute;n.<\/p>\n<p class=\"\" data-start=\"972\" data-end=\"1267\">El control y la programaci&oacute;n de la unidad interior se realizan f&aacute;cilmente mediante un <strong data-start=\"1036\" data-end=\"1057\">mando inal&aacute;mbrico<\/strong>, lo que te permite ajustar la temperatura, el modo de funcionamiento y otras configuraciones desde cualquier punto de la habitaci&oacute;n. De esta forma, obtendr&aacute;s una experiencia de<strong> climatizaci&oacute;n<\/strong> <strong data-start=\"1249\" data-end=\"1266\">personalizada <\/strong>y adaptada a tus necesidades.<\/p>\n<p>Potencias disponibles: 2,2KW,&nbsp; 2,8KW,&nbsp; 3,6KW,&nbsp; 5,6KW,&nbsp; 7,1KW<\/p>\n<div class='pictosvoz'><\/div>\n","protected":false},"featured_media":9875,"template":"","meta":{"_monsterinsights_skip_tracking":false,"_monsterinsights_sitenote_active":false,"_monsterinsights_sitenote_note":"","_monsterinsights_sitenote_category":0},"product_brand":[],"product_cat":[566,582,591],"product_tag":[447,448,449,450,451],"class_list":{"0":"post-8323","1":"product","2":"type-product","3":"status-publish","4":"has-post-thumbnail","6":"product_cat-industrial","7":"product_cat-vrf","8":"product_cat-split","9":"product_tag-gia-22spkomp","10":"product_tag-gia-28spkomp","11":"product_tag-gia-36spkomp","12":"product_tag-gia-56spkomp","13":"product_tag-gia-71spkomp","15":"first","16":"instock","17":"shipping-taxable","18":"product-type-simple"},"yoast_head":"<!-- This site is optimized with the Yoast SEO plugin v27.4 - https:\/\/yoast.com\/product\/yoast-seo-wordpress\/ -->\n<title>Split Mural Serie KM<\/title>\n<meta name=\"description\" content=\"Split mural elegante y eficiente, con pantalla LED, mando a distancia con programaci\u00f3n semanal y funci\u00f3n auto-swing para una distribuci\u00f3n uniforme del aire.\" \/>\n<meta name=\"robots\" content=\"index, follow, max-snippet:-1, max-image-preview:large, max-video-preview:-1\" \/>\n<link rel=\"canonical\" href=\"https:\/\/giatsu.com\/es\/industrial\/vrf\/split\/split-mural-serie-km\/\" \/>\n<meta property=\"og:locale\" content=\"es_ES\" \/>\n<meta property=\"og:type\" content=\"article\" \/>\n<meta property=\"og:title\" content=\"Split Mural Serie KM\" \/>\n<meta property=\"og:description\" content=\"Split mural elegante y eficiente, con pantalla LED, mando a distancia con programaci\u00f3n semanal y funci\u00f3n auto-swing para una distribuci\u00f3n uniforme del aire.\" \/>\n<meta property=\"og:url\" content=\"https:\/\/giatsu.com\/es\/industrial\/vrf\/split\/split-mural-serie-km\/\" \/>\n<meta property=\"og:site_name\" content=\"GIATSU\" \/>\n<meta property=\"article:modified_time\" content=\"2025-04-25T11:20:24+00:00\" \/>\n<meta property=\"og:image\" content=\"https:\/\/giatsu.com\/wp-content\/uploads\/2023\/08\/split-vrf3-e9c105.webp\" \/>\n\t<meta property=\"og:image:width\" content=\"800\" \/>\n\t<meta property=\"og:image:height\" content=\"800\" \/>\n\t<meta property=\"og:image:type\" content=\"image\/webp\" \/>\n<meta name=\"twitter:card\" content=\"summary_large_image\" \/>\n<meta name=\"twitter:label1\" content=\"Tiempo de lectura\" \/>\n\t<meta name=\"twitter:data1\" content=\"1 minuto\" \/>\n<script type=\"application\/ld+json\" class=\"yoast-schema-graph\">{\"@context\":\"https:\\\/\\\/schema.org\",\"@graph\":[{\"@type\":\"WebPage\",\"@id\":\"https:\\\/\\\/giatsu.com\\\/es\\\/industrial\\\/vrf\\\/split\\\/split-mural-serie-km\\\/\",\"url\":\"https:\\\/\\\/giatsu.com\\\/es\\\/industrial\\\/vrf\\\/split\\\/split-mural-serie-km\\\/\",\"name\":\"Split Mural Serie KM\",\"isPartOf\":{\"@id\":\"https:\\\/\\\/giatsu.com\\\/es\\\/#website\"},\"primaryImageOfPage\":{\"@id\":\"https:\\\/\\\/giatsu.com\\\/es\\\/industrial\\\/vrf\\\/split\\\/split-mural-serie-km\\\/#primaryimage\"},\"image\":{\"@id\":\"https:\\\/\\\/giatsu.com\\\/es\\\/industrial\\\/vrf\\\/split\\\/split-mural-serie-km\\\/#primaryimage\"},\"thumbnailUrl\":\"https:\\\/\\\/giatsu.com\\\/wp-content\\\/uploads\\\/2023\\\/08\\\/split-vrf3-e9c105.webp\",\"datePublished\":\"2023-06-06T07:04:19+00:00\",\"dateModified\":\"2025-04-25T11:20:24+00:00\",\"description\":\"Split mural elegante y eficiente, con pantalla LED, mando a distancia con programaci\u00f3n semanal y funci\u00f3n auto-swing para una distribuci\u00f3n uniforme del aire.\",\"breadcrumb\":{\"@id\":\"https:\\\/\\\/giatsu.com\\\/es\\\/industrial\\\/vrf\\\/split\\\/split-mural-serie-km\\\/#breadcrumb\"},\"inLanguage\":\"es\",\"potentialAction\":[{\"@type\":\"ReadAction\",\"target\":[\"https:\\\/\\\/giatsu.com\\\/es\\\/industrial\\\/vrf\\\/split\\\/split-mural-serie-km\\\/\"]}]},{\"@type\":\"ImageObject\",\"inLanguage\":\"es\",\"@id\":\"https:\\\/\\\/giatsu.com\\\/es\\\/industrial\\\/vrf\\\/split\\\/split-mural-serie-km\\\/#primaryimage\",\"url\":\"https:\\\/\\\/giatsu.com\\\/wp-content\\\/uploads\\\/2023\\\/08\\\/split-vrf3-e9c105.webp\",\"contentUrl\":\"https:\\\/\\\/giatsu.com\\\/wp-content\\\/uploads\\\/2023\\\/08\\\/split-vrf3-e9c105.webp\",\"width\":800,\"height\":800},{\"@type\":\"BreadcrumbList\",\"@id\":\"https:\\\/\\\/giatsu.com\\\/es\\\/industrial\\\/vrf\\\/split\\\/split-mural-serie-km\\\/#breadcrumb\",\"itemListElement\":[{\"@type\":\"ListItem\",\"position\":1,\"name\":\"Home\",\"item\":\"https:\\\/\\\/giatsu.com\\\/es\\\/\"},{\"@type\":\"ListItem\",\"position\":2,\"name\":\"PRODUCTOS\",\"item\":\"https:\\\/\\\/giatsu.com\\\/es\\\/productos\\\/\"},{\"@type\":\"ListItem\",\"position\":3,\"name\":\"SPLIT MURAL SERIE KM\"}]},{\"@type\":\"WebSite\",\"@id\":\"https:\\\/\\\/giatsu.com\\\/es\\\/#website\",\"url\":\"https:\\\/\\\/giatsu.com\\\/es\\\/\",\"name\":\"GIATSU\",\"description\":\"Quality Comfort Everywhere\",\"potentialAction\":[{\"@type\":\"SearchAction\",\"target\":{\"@type\":\"EntryPoint\",\"urlTemplate\":\"https:\\\/\\\/giatsu.com\\\/es\\\/?s={search_term_string}\"},\"query-input\":{\"@type\":\"PropertyValueSpecification\",\"valueRequired\":true,\"valueName\":\"search_term_string\"}}],\"inLanguage\":\"es\"}]}<\/script>\n<!-- \/ Yoast SEO plugin. -->","yoast_head_json":{"title":"Split Mural Serie KM","description":"Split mural elegante y eficiente, con pantalla LED, mando a distancia con programaci\u00f3n semanal y funci\u00f3n auto-swing para una distribuci\u00f3n uniforme del aire.","robots":{"index":"index","follow":"follow","max-snippet":"max-snippet:-1","max-image-preview":"max-image-preview:large","max-video-preview":"max-video-preview:-1"},"canonical":"https:\/\/giatsu.com\/es\/industrial\/vrf\/split\/split-mural-serie-km\/","og_locale":"es_ES","og_type":"article","og_title":"Split Mural Serie KM","og_description":"Split mural elegante y eficiente, con pantalla LED, mando a distancia con programaci\u00f3n semanal y funci\u00f3n auto-swing para una distribuci\u00f3n uniforme del aire.","og_url":"https:\/\/giatsu.com\/es\/industrial\/vrf\/split\/split-mural-serie-km\/","og_site_name":"GIATSU","article_modified_time":"2025-04-25T11:20:24+00:00","og_image":[{"width":800,"height":800,"url":"https:\/\/giatsu.com\/wp-content\/uploads\/2023\/08\/split-vrf3-e9c105.webp","type":"image\/webp"}],"twitter_card":"summary_large_image","twitter_misc":{"Tiempo de lectura":"1 minuto"},"schema":{"@context":"https:\/\/schema.org","@graph":[{"@type":"WebPage","@id":"https:\/\/giatsu.com\/es\/industrial\/vrf\/split\/split-mural-serie-km\/","url":"https:\/\/giatsu.com\/es\/industrial\/vrf\/split\/split-mural-serie-km\/","name":"Split Mural Serie KM","isPartOf":{"@id":"https:\/\/giatsu.com\/es\/#website"},"primaryImageOfPage":{"@id":"https:\/\/giatsu.com\/es\/industrial\/vrf\/split\/split-mural-serie-km\/#primaryimage"},"image":{"@id":"https:\/\/giatsu.com\/es\/industrial\/vrf\/split\/split-mural-serie-km\/#primaryimage"},"thumbnailUrl":"https:\/\/giatsu.com\/wp-content\/uploads\/2023\/08\/split-vrf3-e9c105.webp","datePublished":"2023-06-06T07:04:19+00:00","dateModified":"2025-04-25T11:20:24+00:00","description":"Split mural elegante y eficiente, con pantalla LED, mando a distancia con programaci\u00f3n semanal y funci\u00f3n auto-swing para una distribuci\u00f3n uniforme del aire.","breadcrumb":{"@id":"https:\/\/giatsu.com\/es\/industrial\/vrf\/split\/split-mural-serie-km\/#breadcrumb"},"inLanguage":"es","potentialAction":[{"@type":"ReadAction","target":["https:\/\/giatsu.com\/es\/industrial\/vrf\/split\/split-mural-serie-km\/"]}]},{"@type":"ImageObject","inLanguage":"es","@id":"https:\/\/giatsu.com\/es\/industrial\/vrf\/split\/split-mural-serie-km\/#primaryimage","url":"https:\/\/giatsu.com\/wp-content\/uploads\/2023\/08\/split-vrf3-e9c105.webp","contentUrl":"https:\/\/giatsu.com\/wp-content\/uploads\/2023\/08\/split-vrf3-e9c105.webp","width":800,"height":800},{"@type":"BreadcrumbList","@id":"https:\/\/giatsu.com\/es\/industrial\/vrf\/split\/split-mural-serie-km\/#breadcrumb","itemListElement":[{"@type":"ListItem","position":1,"name":"Home","item":"https:\/\/giatsu.com\/es\/"},{"@type":"ListItem","position":2,"name":"PRODUCTOS","item":"https:\/\/giatsu.com\/es\/productos\/"},{"@type":"ListItem","position":3,"name":"SPLIT MURAL SERIE KM"}]},{"@type":"WebSite","@id":"https:\/\/giatsu.com\/es\/#website","url":"https:\/\/giatsu.com\/es\/","name":"GIATSU","description":"Quality Comfort Everywhere","potentialAction":[{"@type":"SearchAction","target":{"@type":"EntryPoint","urlTemplate":"https:\/\/giatsu.com\/es\/?s={search_term_string}"},"query-input":{"@type":"PropertyValueSpecification","valueRequired":true,"valueName":"search_term_string"}}],"inLanguage":"es"}]}},"_links":{"self":[{"href":"https:\/\/giatsu.com\/es\/wp-json\/wp\/v2\/product\/8323","targetHints":{"allow":["GET"]}}],"collection":[{"href":"https:\/\/giatsu.com\/es\/wp-json\/wp\/v2\/product"}],"about":[{"href":"https:\/\/giatsu.com\/es\/wp-json\/wp\/v2\/types\/product"}],"wp:featuredmedia":[{"embeddable":true,"href":"https:\/\/giatsu.com\/es\/wp-json\/wp\/v2\/media\/9875"}],"wp:attachment":[{"href":"https:\/\/giatsu.com\/es\/wp-json\/wp\/v2\/media?parent=8323"}],"wp:term":[{"taxonomy":"product_brand","embeddable":true,"href":"https:\/\/giatsu.com\/es\/wp-json\/wp\/v2\/product_brand?post=8323"},{"taxonomy":"product_cat","embeddable":true,"href":"https:\/\/giatsu.com\/es\/wp-json\/wp\/v2\/product_cat?post=8323"},{"taxonomy":"product_tag","embeddable":true,"href":"https:\/\/giatsu.com\/es\/wp-json\/wp\/v2\/product_tag?post=8323"}],"curies":[{"name":"wp","href":"https:\/\/api.w.org\/{rel}","templated":true}]}}