{"id":8321,"date":"2023-06-06T07:04:12","date_gmt":"2023-06-06T07:04:12","guid":{"rendered":"https:\/\/giatsu.es\/?post_type=product&#038;p=8321"},"modified":"2025-04-22T06:16:39","modified_gmt":"2025-04-22T06:16:39","slug":"conducto-baja-presion-km","status":"publish","type":"product","link":"https:\/\/giatsu.com\/es\/industrial\/vrf\/conductos-vrf\/conducto-baja-presion-km\/","title":{"rendered":"CONDUCTO BAJA PRESI\u00d3N KM"},"content":{"rendered":"<div class=\"wpb-content-wrapper\"><div class=\"container mb-1 moduloprincipalespictos\">\n<h2 class=\"text-center tituloprincipales\">Caracter\u00edsticas principales<\/h2>\n<div class=\"row row-cols-1 row-cols-md-2 row-cols-xl-3\">\n<div class=\"col-xs-6 col-md-3 order-last\">\n<div class=\"card\">\n                            <img decoding=\"async\" class=\"card-img-top w-100 d-block fit-cover pictoprincipalgrande\" src=\"https:\/\/giatsu.com\/wp-content\/uploads\/2023\/08\/control-cableado-c520c6.webp\" \/><\/p>\n<div class=\"card-body p-4\">\n<h3 class=\"font-weight-bold card-title\">Control cableado<\/h3>\n<p class=\"card-text\">Incluye control cableado con programaci\u00f3n semanal.<\/p>\n<\/p><\/div><\/div><\/div><\/div><\/div>\n<hr>\n<p>        [vc_row mobile_bg_img_hidden=\u00bbno\u00bb tablet_bg_img_hidden=\u00bbno\u00bb woodmart_parallax=\u00bb0&#8243; woodmart_gradient_switch=\u00bbno\u00bb row_reverse_mobile=\u00bb0&#8243; row_reverse_tablet=\u00bb0&#8243; woodmart_disable_overflow=\u00bb0&#8243; el_class=\u00bbfilaImgCaracteristica\u00bb][vc_column mobile_bg_img_hidden=\u00bbno\u00bb tablet_bg_img_hidden=\u00bbno\u00bb woodmart_parallax=\u00bb0&#8243; woodmart_sticky_column=\u00bbfalse\u00bb parallax_scroll=\u00bbno\u00bb mobile_reset_margin=\u00bbno\u00bb tablet_reset_margin=\u00bbno\u00bb]<\/p>\n<div class=\"container mb-1\">\n<h3 class=\"text-center\">Informaci\u00f3n t\u00e9cnica<\/h3>\n<div class=\"row row-cols-1 row-cols-md-2 row-cols-xl-3 justify-content-md-center\">\n<div class=\"col-xs-1 col-md-1\">\n<div class=\"card\">\n                            <img decoding=\"async\" class=\"card-img-top w-100 d-block fit-cover pictoprincipalgrande\" src=\"https:\/\/giatsu.com\/wp-content\/uploads\/2023\/08\/altura_reducida-acd45c.webp\" \/><\/p>\n<div class=\"card-body p-4\">\n<h4 class=\"card-text textospictospeques\">Altura reducida<\/h4>\n<\/p><\/div><\/div><\/div>\n<div class=\"col-xs-1 col-md-1\">\n<div class=\"card\">\n                            <img decoding=\"async\" class=\"card-img-top w-100 d-block fit-cover pictoprincipalgrande\" src=\"https:\/\/giatsu.com\/wp-content\/uploads\/2023\/08\/funcion-anti-congelante-bdb344.webp\" \/><\/p>\n<div class=\"card-body p-4\">\n<h4 class=\"card-text textospictospeques\">Funci\u00f3n anticongelante<\/h4>\n<\/p><\/div><\/div><\/div>\n<div class=\"col-xs-1 col-md-1\">\n<div class=\"card\">\n                            <img decoding=\"async\" class=\"card-img-top w-100 d-block fit-cover pictoprincipalgrande\" src=\"https:\/\/giatsu.com\/wp-content\/uploads\/2023\/08\/auto_restart-50f34a.webp\" \/><\/p>\n<div class=\"card-body p-4\">\n<h4 class=\"card-text textospictospeques\">Auto restart<\/h4>\n<\/p><\/div><\/div><\/div><\/div><\/div>\n<div class=\"row justify-content-md-center\">\n<div class=\"vc_btn3-container vc_btn3-inline\" id=\"botonDescargarFicha\">\n                        <a target=\"_blank\" class=\"btn btn-light border rounded-4 botondescarga\" href=\"https:\/\/giatsu.com\/documentacion\/\/giatsu-fichas-tecnicas-vrf-km-espanol.pdf\" title=\"\">Descargar ficha t\u00e9cnica<\/a>\n                 <\/div><\/div>\n<div class=\"row\">\n<hr>\n<div class=\"col text-center\"><a target=\"_blank\" href=\"https:\/\/giatsu.com\/documentacion\/\/giatsu-manual-de-usuario-e-instalacion-vrf-km-ingles.pdf\" class=\"btn btn-light border rounded-4 botonDescargaManual botondescarga\">Manual de usuario<\/a><\/div>\n<hr>\n<\/div>\n<\/div>","protected":false},"excerpt":{"rendered":"<p class=\"MsoNormal\">Dise&ntilde;ado para entregar un rendimiento eficaz con un enfoque en la tranquilidad y la adaptabilidad, este conducto combina tecnolog&iacute;a avanzada con una est&eacute;tica elegante.<\/p>\n<p class=\"MsoNormal\">Gracias a <strong>su motor silencioso<\/strong>, el ruido de fondo se convierte en un eco lejano en comparaci&oacute;n con la eficacia que ofrece. Ya sea en una oficina, en casa o en espacios p&uacute;blicos, este conducto garantiza que la atm&oacute;sfera se mantenga tranquila y c&oacute;moda.<\/p>\n<p class=\"MsoNormal\">La <strong>expansi&oacute;n electr&oacute;nica<\/strong> es una caracter&iacute;stica que optimiza la eficiencia y el control. Con la capacidad de adaptarse a las demandas cambiantes, este conducto asegura que el flujo de aire sea constante y preciso.<\/p>\n<p>La altura reducida de este conducto es una respuesta a las limitaciones arquitect&oacute;nicas. Sin comprometer la potencia ni la eficiencia, su dise&ntilde;o compacto garantiza que encaje en espacios donde la altura es un factor determinante.&nbsp;<\/p>\n<p>Potencias disponibles: 2,8KW&nbsp; 3,6KW&nbsp; 4,5KW&nbsp; 5,6KW<\/p>\n<div class='pictosvoz'><\/div>\n","protected":false},"featured_media":11186,"template":"","meta":{"_monsterinsights_skip_tracking":false,"_monsterinsights_sitenote_active":false,"_monsterinsights_sitenote_note":"","_monsterinsights_sitenote_category":0},"product_brand":[],"product_cat":[594,566,582],"product_tag":[416,417],"class_list":{"0":"post-8321","1":"product","2":"type-product","3":"status-publish","4":"has-post-thumbnail","6":"product_cat-conductos-vrf","7":"product_cat-industrial","8":"product_cat-vrf","9":"product_tag-gia-36cbkomp","10":"product_tag-gia-56cbkomp","12":"first","13":"instock","14":"shipping-taxable","15":"product-type-simple"},"yoast_head":"<!-- This site is optimized with the Yoast SEO plugin v27.4 - https:\/\/yoast.com\/product\/yoast-seo-wordpress\/ -->\n<title>Conducto Baja Presi\u00f3n KM<\/title>\n<meta name=\"description\" content=\"Conducto con un dise\u00f1o compacto y altura reducida, ideal para espacios limitados. Equipado con motor silencioso y expansi\u00f3n electr\u00f3nica, garantiza un flujo de aire constante y eficiente.\" \/>\n<meta name=\"robots\" content=\"index, follow, max-snippet:-1, max-image-preview:large, max-video-preview:-1\" \/>\n<link rel=\"canonical\" href=\"https:\/\/giatsu.com\/es\/industrial\/vrf\/conductos-vrf\/conducto-baja-presion-km\/\" \/>\n<meta property=\"og:locale\" content=\"es_ES\" \/>\n<meta property=\"og:type\" content=\"article\" \/>\n<meta property=\"og:title\" content=\"Conducto Baja Presi\u00f3n KM\" \/>\n<meta property=\"og:description\" content=\"Conducto con un dise\u00f1o compacto y altura reducida, ideal para espacios limitados. Equipado con motor silencioso y expansi\u00f3n electr\u00f3nica, garantiza un flujo de aire constante y eficiente.\" \/>\n<meta property=\"og:url\" content=\"https:\/\/giatsu.com\/es\/industrial\/vrf\/conductos-vrf\/conducto-baja-presion-km\/\" \/>\n<meta property=\"og:site_name\" content=\"GIATSU\" \/>\n<meta property=\"article:modified_time\" content=\"2025-04-22T06:16:39+00:00\" \/>\n<meta property=\"og:image\" content=\"https:\/\/giatsu.com\/wp-content\/uploads\/2023\/08\/conducto-baja-82bc51.webp\" \/>\n\t<meta property=\"og:image:width\" content=\"800\" \/>\n\t<meta property=\"og:image:height\" content=\"800\" \/>\n\t<meta property=\"og:image:type\" content=\"image\/webp\" \/>\n<meta name=\"twitter:card\" content=\"summary_large_image\" \/>\n<script type=\"application\/ld+json\" class=\"yoast-schema-graph\">{\"@context\":\"https:\\\/\\\/schema.org\",\"@graph\":[{\"@type\":\"WebPage\",\"@id\":\"https:\\\/\\\/giatsu.com\\\/es\\\/industrial\\\/vrf\\\/conductos-vrf\\\/conducto-baja-presion-km\\\/\",\"url\":\"https:\\\/\\\/giatsu.com\\\/es\\\/industrial\\\/vrf\\\/conductos-vrf\\\/conducto-baja-presion-km\\\/\",\"name\":\"Conducto Baja Presi\u00f3n KM\",\"isPartOf\":{\"@id\":\"https:\\\/\\\/giatsu.com\\\/es\\\/#website\"},\"primaryImageOfPage\":{\"@id\":\"https:\\\/\\\/giatsu.com\\\/es\\\/industrial\\\/vrf\\\/conductos-vrf\\\/conducto-baja-presion-km\\\/#primaryimage\"},\"image\":{\"@id\":\"https:\\\/\\\/giatsu.com\\\/es\\\/industrial\\\/vrf\\\/conductos-vrf\\\/conducto-baja-presion-km\\\/#primaryimage\"},\"thumbnailUrl\":\"https:\\\/\\\/giatsu.com\\\/wp-content\\\/uploads\\\/2023\\\/08\\\/conducto-baja-82bc51.webp\",\"datePublished\":\"2023-06-06T07:04:12+00:00\",\"dateModified\":\"2025-04-22T06:16:39+00:00\",\"description\":\"Conducto con un dise\u00f1o compacto y altura reducida, ideal para espacios limitados. Equipado con motor silencioso y expansi\u00f3n electr\u00f3nica, garantiza un flujo de aire constante y eficiente.\",\"breadcrumb\":{\"@id\":\"https:\\\/\\\/giatsu.com\\\/es\\\/industrial\\\/vrf\\\/conductos-vrf\\\/conducto-baja-presion-km\\\/#breadcrumb\"},\"inLanguage\":\"es\",\"potentialAction\":[{\"@type\":\"ReadAction\",\"target\":[\"https:\\\/\\\/giatsu.com\\\/es\\\/industrial\\\/vrf\\\/conductos-vrf\\\/conducto-baja-presion-km\\\/\"]}]},{\"@type\":\"ImageObject\",\"inLanguage\":\"es\",\"@id\":\"https:\\\/\\\/giatsu.com\\\/es\\\/industrial\\\/vrf\\\/conductos-vrf\\\/conducto-baja-presion-km\\\/#primaryimage\",\"url\":\"https:\\\/\\\/giatsu.com\\\/wp-content\\\/uploads\\\/2023\\\/08\\\/conducto-baja-82bc51.webp\",\"contentUrl\":\"https:\\\/\\\/giatsu.com\\\/wp-content\\\/uploads\\\/2023\\\/08\\\/conducto-baja-82bc51.webp\",\"width\":800,\"height\":800},{\"@type\":\"BreadcrumbList\",\"@id\":\"https:\\\/\\\/giatsu.com\\\/es\\\/industrial\\\/vrf\\\/conductos-vrf\\\/conducto-baja-presion-km\\\/#breadcrumb\",\"itemListElement\":[{\"@type\":\"ListItem\",\"position\":1,\"name\":\"Home\",\"item\":\"https:\\\/\\\/giatsu.com\\\/es\\\/\"},{\"@type\":\"ListItem\",\"position\":2,\"name\":\"PRODUCTOS\",\"item\":\"https:\\\/\\\/giatsu.com\\\/es\\\/productos\\\/\"},{\"@type\":\"ListItem\",\"position\":3,\"name\":\"CONDUCTO BAJA PRESI\u00d3N KM\"}]},{\"@type\":\"WebSite\",\"@id\":\"https:\\\/\\\/giatsu.com\\\/es\\\/#website\",\"url\":\"https:\\\/\\\/giatsu.com\\\/es\\\/\",\"name\":\"GIATSU\",\"description\":\"Quality Comfort Everywhere\",\"potentialAction\":[{\"@type\":\"SearchAction\",\"target\":{\"@type\":\"EntryPoint\",\"urlTemplate\":\"https:\\\/\\\/giatsu.com\\\/es\\\/?s={search_term_string}\"},\"query-input\":{\"@type\":\"PropertyValueSpecification\",\"valueRequired\":true,\"valueName\":\"search_term_string\"}}],\"inLanguage\":\"es\"}]}<\/script>\n<!-- \/ Yoast SEO plugin. -->","yoast_head_json":{"title":"Conducto Baja Presi\u00f3n KM","description":"Conducto con un dise\u00f1o compacto y altura reducida, ideal para espacios limitados. Equipado con motor silencioso y expansi\u00f3n electr\u00f3nica, garantiza un flujo de aire constante y eficiente.","robots":{"index":"index","follow":"follow","max-snippet":"max-snippet:-1","max-image-preview":"max-image-preview:large","max-video-preview":"max-video-preview:-1"},"canonical":"https:\/\/giatsu.com\/es\/industrial\/vrf\/conductos-vrf\/conducto-baja-presion-km\/","og_locale":"es_ES","og_type":"article","og_title":"Conducto Baja Presi\u00f3n KM","og_description":"Conducto con un dise\u00f1o compacto y altura reducida, ideal para espacios limitados. Equipado con motor silencioso y expansi\u00f3n electr\u00f3nica, garantiza un flujo de aire constante y eficiente.","og_url":"https:\/\/giatsu.com\/es\/industrial\/vrf\/conductos-vrf\/conducto-baja-presion-km\/","og_site_name":"GIATSU","article_modified_time":"2025-04-22T06:16:39+00:00","og_image":[{"width":800,"height":800,"url":"https:\/\/giatsu.com\/wp-content\/uploads\/2023\/08\/conducto-baja-82bc51.webp","type":"image\/webp"}],"twitter_card":"summary_large_image","schema":{"@context":"https:\/\/schema.org","@graph":[{"@type":"WebPage","@id":"https:\/\/giatsu.com\/es\/industrial\/vrf\/conductos-vrf\/conducto-baja-presion-km\/","url":"https:\/\/giatsu.com\/es\/industrial\/vrf\/conductos-vrf\/conducto-baja-presion-km\/","name":"Conducto Baja Presi\u00f3n KM","isPartOf":{"@id":"https:\/\/giatsu.com\/es\/#website"},"primaryImageOfPage":{"@id":"https:\/\/giatsu.com\/es\/industrial\/vrf\/conductos-vrf\/conducto-baja-presion-km\/#primaryimage"},"image":{"@id":"https:\/\/giatsu.com\/es\/industrial\/vrf\/conductos-vrf\/conducto-baja-presion-km\/#primaryimage"},"thumbnailUrl":"https:\/\/giatsu.com\/wp-content\/uploads\/2023\/08\/conducto-baja-82bc51.webp","datePublished":"2023-06-06T07:04:12+00:00","dateModified":"2025-04-22T06:16:39+00:00","description":"Conducto con un dise\u00f1o compacto y altura reducida, ideal para espacios limitados. Equipado con motor silencioso y expansi\u00f3n electr\u00f3nica, garantiza un flujo de aire constante y eficiente.","breadcrumb":{"@id":"https:\/\/giatsu.com\/es\/industrial\/vrf\/conductos-vrf\/conducto-baja-presion-km\/#breadcrumb"},"inLanguage":"es","potentialAction":[{"@type":"ReadAction","target":["https:\/\/giatsu.com\/es\/industrial\/vrf\/conductos-vrf\/conducto-baja-presion-km\/"]}]},{"@type":"ImageObject","inLanguage":"es","@id":"https:\/\/giatsu.com\/es\/industrial\/vrf\/conductos-vrf\/conducto-baja-presion-km\/#primaryimage","url":"https:\/\/giatsu.com\/wp-content\/uploads\/2023\/08\/conducto-baja-82bc51.webp","contentUrl":"https:\/\/giatsu.com\/wp-content\/uploads\/2023\/08\/conducto-baja-82bc51.webp","width":800,"height":800},{"@type":"BreadcrumbList","@id":"https:\/\/giatsu.com\/es\/industrial\/vrf\/conductos-vrf\/conducto-baja-presion-km\/#breadcrumb","itemListElement":[{"@type":"ListItem","position":1,"name":"Home","item":"https:\/\/giatsu.com\/es\/"},{"@type":"ListItem","position":2,"name":"PRODUCTOS","item":"https:\/\/giatsu.com\/es\/productos\/"},{"@type":"ListItem","position":3,"name":"CONDUCTO BAJA PRESI\u00d3N KM"}]},{"@type":"WebSite","@id":"https:\/\/giatsu.com\/es\/#website","url":"https:\/\/giatsu.com\/es\/","name":"GIATSU","description":"Quality Comfort Everywhere","potentialAction":[{"@type":"SearchAction","target":{"@type":"EntryPoint","urlTemplate":"https:\/\/giatsu.com\/es\/?s={search_term_string}"},"query-input":{"@type":"PropertyValueSpecification","valueRequired":true,"valueName":"search_term_string"}}],"inLanguage":"es"}]}},"_links":{"self":[{"href":"https:\/\/giatsu.com\/es\/wp-json\/wp\/v2\/product\/8321","targetHints":{"allow":["GET"]}}],"collection":[{"href":"https:\/\/giatsu.com\/es\/wp-json\/wp\/v2\/product"}],"about":[{"href":"https:\/\/giatsu.com\/es\/wp-json\/wp\/v2\/types\/product"}],"wp:featuredmedia":[{"embeddable":true,"href":"https:\/\/giatsu.com\/es\/wp-json\/wp\/v2\/media\/11186"}],"wp:attachment":[{"href":"https:\/\/giatsu.com\/es\/wp-json\/wp\/v2\/media?parent=8321"}],"wp:term":[{"taxonomy":"product_brand","embeddable":true,"href":"https:\/\/giatsu.com\/es\/wp-json\/wp\/v2\/product_brand?post=8321"},{"taxonomy":"product_cat","embeddable":true,"href":"https:\/\/giatsu.com\/es\/wp-json\/wp\/v2\/product_cat?post=8321"},{"taxonomy":"product_tag","embeddable":true,"href":"https:\/\/giatsu.com\/es\/wp-json\/wp\/v2\/product_tag?post=8321"}],"curies":[{"name":"wp","href":"https:\/\/api.w.org\/{rel}","templated":true}]}}