{"id":8318,"date":"2023-06-06T07:04:04","date_gmt":"2023-06-06T07:04:04","guid":{"rendered":"https:\/\/giatsu.es\/?post_type=product&#038;p=8318"},"modified":"2025-04-25T11:40:38","modified_gmt":"2025-04-25T11:40:38","slug":"columna-km","status":"publish","type":"product","link":"https:\/\/giatsu.com\/es\/industrial\/vrf\/columnas-vrf\/columna-km\/","title":{"rendered":"COLUMNA SERIE KM"},"content":{"rendered":"<div class=\"wpb-content-wrapper\"><div class=\"container mb-1 moduloprincipalespictos\">\n<h2 class=\"text-center tituloprincipales\">Caracter\u00edsticas principales<\/h2>\n<div class=\"row row-cols-1 row-cols-md-2 row-cols-xl-3\">\n<div class=\"col-xs-6 col-md-3 order-last\">\n<div class=\"card\">\n                            <img decoding=\"async\" class=\"card-img-top w-100 d-block fit-cover pictoprincipalgrande\" src=\"https:\/\/giatsu.com\/wp-content\/uploads\/2023\/08\/led-9ce7c9.webp\" \/><\/p>\n<div class=\"card-body p-4\">\n<h3 class=\"font-weight-bold card-title\">Pantalla LED<\/h3>\n<p class=\"card-text\">Una gran pantalla LED informa sobre el funcionamiento del sistema de aire acondicionado.<\/p>\n<\/p><\/div><\/div><\/div>\n<div class=\"col-xs-6 col-md-3 order-last\">\n<div class=\"card\">\n                            <img decoding=\"async\" class=\"card-img-top w-100 d-block fit-cover pictoprincipalgrande\" src=\"https:\/\/giatsu.com\/wp-content\/uploads\/2023\/08\/mando_distancia-a17a7c.webp\" \/><\/p>\n<div class=\"card-body p-4\">\n<h3 class=\"font-weight-bold card-title\">Mando a distancia<\/h3>\n<p class=\"card-text\">Incluye control cableado con programaci\u00f3n semanal.<\/p>\n<\/p><\/div><\/div><\/div><\/div><\/div>\n<hr>\n<p>        [vc_row mobile_bg_img_hidden=\u00bbno\u00bb tablet_bg_img_hidden=\u00bbno\u00bb woodmart_parallax=\u00bb0&#8243; woodmart_gradient_switch=\u00bbno\u00bb row_reverse_mobile=\u00bb0&#8243; row_reverse_tablet=\u00bb0&#8243; woodmart_disable_overflow=\u00bb0&#8243; el_class=\u00bbfilaImgCaracteristica\u00bb][vc_column mobile_bg_img_hidden=\u00bbno\u00bb tablet_bg_img_hidden=\u00bbno\u00bb woodmart_parallax=\u00bb0&#8243; woodmart_sticky_column=\u00bbfalse\u00bb parallax_scroll=\u00bbno\u00bb mobile_reset_margin=\u00bbno\u00bb tablet_reset_margin=\u00bbno\u00bb]<\/p>\n<div class=\"container mb-1\">\n<h3 class=\"text-center\">Informaci\u00f3n t\u00e9cnica<\/h3>\n<div class=\"row row-cols-1 row-cols-md-2 row-cols-xl-3 justify-content-md-center\">\n<div class=\"col-xs-1 col-md-1\">\n<div class=\"card\">\n                            <img decoding=\"async\" class=\"card-img-top w-100 d-block fit-cover pictoprincipalgrande\" src=\"https:\/\/giatsu.com\/wp-content\/uploads\/2023\/08\/auto_swing-21613f.webp\" \/><\/p>\n<div class=\"card-body p-4\">\n<h4 class=\"card-text textospictospeques\">Auto swing<\/h4>\n<\/p><\/div><\/div><\/div>\n<div class=\"col-xs-1 col-md-1\">\n<div class=\"card\">\n                            <img decoding=\"async\" class=\"card-img-top w-100 d-block fit-cover pictoprincipalgrande\" src=\"https:\/\/giatsu.com\/wp-content\/uploads\/2023\/08\/display_tactil_multifuncional-ee077c.webp\" \/><\/p>\n<div class=\"card-body p-4\">\n<h4 class=\"card-text textospictospeques\">Display t\u00e1ctil multifuncional<\/h4>\n<\/p><\/div><\/div><\/div><\/div><\/div>\n<div class=\"row justify-content-md-center\">\n<div class=\"vc_btn3-container vc_btn3-inline\" id=\"botonDescargarFicha\">\n                        <a target=\"_blank\" class=\"btn btn-light border rounded-4 botondescarga\" href=\"https:\/\/giatsu.com\/documentacion\/\/giatsu-fichas-tecnicas-vrf-km-espanol.pdf\" title=\"\">Descargar ficha t\u00e9cnica<\/a>\n                 <\/div><\/div>\n<div class=\"row\">\n<hr>\n<div class=\"col text-center\"><a target=\"_blank\" href=\"https:\/\/giatsu.com\/documentacion\/\/giatsu-manual-de-usuario-e-instalacion-vrf-km-ingles.pdf\" class=\"btn btn-light border rounded-4 botonDescargaManual botondescarga\">Manual de usuario<\/a><\/div>\n<div class=\"col text-center\"><a target=\"_blank\" href=\"https:\/\/giatsu.com\/documentacion\/\/giatsu-manual-de-usuario-e-instalacion-vrf-km-ingles.pdf\" class=\"btn btn-light border rounded-4 botonDescargaManual botondescarga\">Manual de instalaci\u00f3n<\/a><\/div>\n<hr>\n<\/div>\n<\/div>","protected":false},"excerpt":{"rendered":"<p class=\"\" data-start=\"106\" data-end=\"369\">La <strong>Columna Unidad Interior VRF<\/strong> destaca como un s&iacute;mbolo de sofisticaci&oacute;n y eficiencia. Dise&ntilde;ada para transformar la est&eacute;tica de los espacios interiores, ofrece un confort excepcional y redefine la climatizaci&oacute;n con su <strong>elegante apariencia y rendimiento<\/strong> superior.<\/p>\n<p class=\"\" data-start=\"371\" data-end=\"543\">Gracias a su <strong>alto caudal de aire<\/strong>, asegura una distribuci&oacute;n uniforme y eficiente, manteniendo el ambiente fresco y c&oacute;modo, independientemente de las condiciones exteriores.<\/p>\n<p class=\"\" data-start=\"545\" data-end=\"700\">Uno de sus principales atributos es su <strong>funcionamiento silencioso<\/strong>. Con tecnolog&iacute;a avanzada, esta columna opera sin perturbar la serenidad del entorno.<\/p>\n<p class=\"\" data-start=\"702\" data-end=\"942\">Su versatilidad la convierte en la opci&oacute;n ideal para diversos entornos, desde residenciales hasta comercios. Ya sea en una sala de estar, oficina o espacio p&uacute;blico, su combinaci&oacute;n de dise&ntilde;o elegante y rendimiento superior aporta un toque de clase y confort.<\/p>\n<p>Potencias disponibles: 16KW<\/p>\n<div class='pictosvoz'><\/div>\n","protected":false},"featured_media":11161,"template":"","meta":{"_monsterinsights_skip_tracking":false,"_monsterinsights_sitenote_active":false,"_monsterinsights_sitenote_note":"","_monsterinsights_sitenote_category":0},"product_brand":[],"product_cat":[595,566,582],"product_tag":[514],"class_list":{"0":"post-8318","1":"product","2":"type-product","3":"status-publish","4":"has-post-thumbnail","6":"product_cat-columnas-vrf","7":"product_cat-industrial","8":"product_cat-vrf","9":"product_tag-gia-160colkomp","11":"first","12":"instock","13":"shipping-taxable","14":"product-type-simple"},"yoast_head":"<!-- This site is optimized with the Yoast SEO plugin v27.3 - https:\/\/yoast.com\/product\/yoast-seo-wordpress\/ -->\n<title>Columna KW<\/title>\n<meta name=\"description\" content=\"Unidad vertical de climatizaci\u00f3n con potencias de hasta 14,1 kW. Su dise\u00f1o elegante incluye pantalla LED y opci\u00f3n de control Wi-Fi, ideal para espacios amplios como oficinas y comercios.\" \/>\n<meta name=\"robots\" content=\"index, follow, max-snippet:-1, max-image-preview:large, max-video-preview:-1\" \/>\n<link rel=\"canonical\" href=\"https:\/\/giatsu.com\/es\/industrial\/vrf\/columnas-vrf\/columna-km\/\" \/>\n<meta property=\"og:locale\" content=\"es_ES\" \/>\n<meta property=\"og:type\" content=\"article\" \/>\n<meta property=\"og:title\" content=\"Columna KW\" \/>\n<meta property=\"og:description\" content=\"Unidad vertical de climatizaci\u00f3n con potencias de hasta 14,1 kW. Su dise\u00f1o elegante incluye pantalla LED y opci\u00f3n de control Wi-Fi, ideal para espacios amplios como oficinas y comercios.\" \/>\n<meta property=\"og:url\" content=\"https:\/\/giatsu.com\/es\/industrial\/vrf\/columnas-vrf\/columna-km\/\" \/>\n<meta property=\"og:site_name\" content=\"GIATSU\" \/>\n<meta property=\"article:modified_time\" content=\"2025-04-25T11:40:38+00:00\" \/>\n<meta property=\"og:image\" content=\"https:\/\/giatsu.com\/wp-content\/uploads\/2023\/08\/columna-vrf2-ff554d.webp\" \/>\n\t<meta property=\"og:image:width\" content=\"800\" \/>\n\t<meta property=\"og:image:height\" content=\"800\" \/>\n\t<meta property=\"og:image:type\" content=\"image\/webp\" \/>\n<meta name=\"twitter:card\" content=\"summary_large_image\" \/>\n<meta name=\"twitter:label1\" content=\"Tiempo de lectura\" \/>\n\t<meta name=\"twitter:data1\" content=\"1 minuto\" \/>\n<script type=\"application\/ld+json\" class=\"yoast-schema-graph\">{\"@context\":\"https:\\\/\\\/schema.org\",\"@graph\":[{\"@type\":\"WebPage\",\"@id\":\"https:\\\/\\\/giatsu.com\\\/es\\\/industrial\\\/vrf\\\/columnas-vrf\\\/columna-km\\\/\",\"url\":\"https:\\\/\\\/giatsu.com\\\/es\\\/industrial\\\/vrf\\\/columnas-vrf\\\/columna-km\\\/\",\"name\":\"Columna KW\",\"isPartOf\":{\"@id\":\"https:\\\/\\\/giatsu.com\\\/es\\\/#website\"},\"primaryImageOfPage\":{\"@id\":\"https:\\\/\\\/giatsu.com\\\/es\\\/industrial\\\/vrf\\\/columnas-vrf\\\/columna-km\\\/#primaryimage\"},\"image\":{\"@id\":\"https:\\\/\\\/giatsu.com\\\/es\\\/industrial\\\/vrf\\\/columnas-vrf\\\/columna-km\\\/#primaryimage\"},\"thumbnailUrl\":\"https:\\\/\\\/giatsu.com\\\/wp-content\\\/uploads\\\/2023\\\/08\\\/columna-vrf2-ff554d.webp\",\"datePublished\":\"2023-06-06T07:04:04+00:00\",\"dateModified\":\"2025-04-25T11:40:38+00:00\",\"description\":\"Unidad vertical de climatizaci\u00f3n con potencias de hasta 14,1 kW. Su dise\u00f1o elegante incluye pantalla LED y opci\u00f3n de control Wi-Fi, ideal para espacios amplios como oficinas y comercios.\",\"breadcrumb\":{\"@id\":\"https:\\\/\\\/giatsu.com\\\/es\\\/industrial\\\/vrf\\\/columnas-vrf\\\/columna-km\\\/#breadcrumb\"},\"inLanguage\":\"es\",\"potentialAction\":[{\"@type\":\"ReadAction\",\"target\":[\"https:\\\/\\\/giatsu.com\\\/es\\\/industrial\\\/vrf\\\/columnas-vrf\\\/columna-km\\\/\"]}]},{\"@type\":\"ImageObject\",\"inLanguage\":\"es\",\"@id\":\"https:\\\/\\\/giatsu.com\\\/es\\\/industrial\\\/vrf\\\/columnas-vrf\\\/columna-km\\\/#primaryimage\",\"url\":\"https:\\\/\\\/giatsu.com\\\/wp-content\\\/uploads\\\/2023\\\/08\\\/columna-vrf2-ff554d.webp\",\"contentUrl\":\"https:\\\/\\\/giatsu.com\\\/wp-content\\\/uploads\\\/2023\\\/08\\\/columna-vrf2-ff554d.webp\",\"width\":800,\"height\":800},{\"@type\":\"BreadcrumbList\",\"@id\":\"https:\\\/\\\/giatsu.com\\\/es\\\/industrial\\\/vrf\\\/columnas-vrf\\\/columna-km\\\/#breadcrumb\",\"itemListElement\":[{\"@type\":\"ListItem\",\"position\":1,\"name\":\"Home\",\"item\":\"https:\\\/\\\/giatsu.com\\\/es\\\/\"},{\"@type\":\"ListItem\",\"position\":2,\"name\":\"PRODUCTOS\",\"item\":\"https:\\\/\\\/giatsu.com\\\/es\\\/productos\\\/\"},{\"@type\":\"ListItem\",\"position\":3,\"name\":\"COLUMNA SERIE KM\"}]},{\"@type\":\"WebSite\",\"@id\":\"https:\\\/\\\/giatsu.com\\\/es\\\/#website\",\"url\":\"https:\\\/\\\/giatsu.com\\\/es\\\/\",\"name\":\"GIATSU\",\"description\":\"Quality Comfort Everywhere\",\"potentialAction\":[{\"@type\":\"SearchAction\",\"target\":{\"@type\":\"EntryPoint\",\"urlTemplate\":\"https:\\\/\\\/giatsu.com\\\/es\\\/?s={search_term_string}\"},\"query-input\":{\"@type\":\"PropertyValueSpecification\",\"valueRequired\":true,\"valueName\":\"search_term_string\"}}],\"inLanguage\":\"es\"}]}<\/script>\n<!-- \/ Yoast SEO plugin. -->","yoast_head_json":{"title":"Columna KW","description":"Unidad vertical de climatizaci\u00f3n con potencias de hasta 14,1 kW. Su dise\u00f1o elegante incluye pantalla LED y opci\u00f3n de control Wi-Fi, ideal para espacios amplios como oficinas y comercios.","robots":{"index":"index","follow":"follow","max-snippet":"max-snippet:-1","max-image-preview":"max-image-preview:large","max-video-preview":"max-video-preview:-1"},"canonical":"https:\/\/giatsu.com\/es\/industrial\/vrf\/columnas-vrf\/columna-km\/","og_locale":"es_ES","og_type":"article","og_title":"Columna KW","og_description":"Unidad vertical de climatizaci\u00f3n con potencias de hasta 14,1 kW. Su dise\u00f1o elegante incluye pantalla LED y opci\u00f3n de control Wi-Fi, ideal para espacios amplios como oficinas y comercios.","og_url":"https:\/\/giatsu.com\/es\/industrial\/vrf\/columnas-vrf\/columna-km\/","og_site_name":"GIATSU","article_modified_time":"2025-04-25T11:40:38+00:00","og_image":[{"width":800,"height":800,"url":"https:\/\/giatsu.com\/wp-content\/uploads\/2023\/08\/columna-vrf2-ff554d.webp","type":"image\/webp"}],"twitter_card":"summary_large_image","twitter_misc":{"Tiempo de lectura":"1 minuto"},"schema":{"@context":"https:\/\/schema.org","@graph":[{"@type":"WebPage","@id":"https:\/\/giatsu.com\/es\/industrial\/vrf\/columnas-vrf\/columna-km\/","url":"https:\/\/giatsu.com\/es\/industrial\/vrf\/columnas-vrf\/columna-km\/","name":"Columna KW","isPartOf":{"@id":"https:\/\/giatsu.com\/es\/#website"},"primaryImageOfPage":{"@id":"https:\/\/giatsu.com\/es\/industrial\/vrf\/columnas-vrf\/columna-km\/#primaryimage"},"image":{"@id":"https:\/\/giatsu.com\/es\/industrial\/vrf\/columnas-vrf\/columna-km\/#primaryimage"},"thumbnailUrl":"https:\/\/giatsu.com\/wp-content\/uploads\/2023\/08\/columna-vrf2-ff554d.webp","datePublished":"2023-06-06T07:04:04+00:00","dateModified":"2025-04-25T11:40:38+00:00","description":"Unidad vertical de climatizaci\u00f3n con potencias de hasta 14,1 kW. Su dise\u00f1o elegante incluye pantalla LED y opci\u00f3n de control Wi-Fi, ideal para espacios amplios como oficinas y comercios.","breadcrumb":{"@id":"https:\/\/giatsu.com\/es\/industrial\/vrf\/columnas-vrf\/columna-km\/#breadcrumb"},"inLanguage":"es","potentialAction":[{"@type":"ReadAction","target":["https:\/\/giatsu.com\/es\/industrial\/vrf\/columnas-vrf\/columna-km\/"]}]},{"@type":"ImageObject","inLanguage":"es","@id":"https:\/\/giatsu.com\/es\/industrial\/vrf\/columnas-vrf\/columna-km\/#primaryimage","url":"https:\/\/giatsu.com\/wp-content\/uploads\/2023\/08\/columna-vrf2-ff554d.webp","contentUrl":"https:\/\/giatsu.com\/wp-content\/uploads\/2023\/08\/columna-vrf2-ff554d.webp","width":800,"height":800},{"@type":"BreadcrumbList","@id":"https:\/\/giatsu.com\/es\/industrial\/vrf\/columnas-vrf\/columna-km\/#breadcrumb","itemListElement":[{"@type":"ListItem","position":1,"name":"Home","item":"https:\/\/giatsu.com\/es\/"},{"@type":"ListItem","position":2,"name":"PRODUCTOS","item":"https:\/\/giatsu.com\/es\/productos\/"},{"@type":"ListItem","position":3,"name":"COLUMNA SERIE KM"}]},{"@type":"WebSite","@id":"https:\/\/giatsu.com\/es\/#website","url":"https:\/\/giatsu.com\/es\/","name":"GIATSU","description":"Quality Comfort Everywhere","potentialAction":[{"@type":"SearchAction","target":{"@type":"EntryPoint","urlTemplate":"https:\/\/giatsu.com\/es\/?s={search_term_string}"},"query-input":{"@type":"PropertyValueSpecification","valueRequired":true,"valueName":"search_term_string"}}],"inLanguage":"es"}]}},"_links":{"self":[{"href":"https:\/\/giatsu.com\/es\/wp-json\/wp\/v2\/product\/8318","targetHints":{"allow":["GET"]}}],"collection":[{"href":"https:\/\/giatsu.com\/es\/wp-json\/wp\/v2\/product"}],"about":[{"href":"https:\/\/giatsu.com\/es\/wp-json\/wp\/v2\/types\/product"}],"wp:featuredmedia":[{"embeddable":true,"href":"https:\/\/giatsu.com\/es\/wp-json\/wp\/v2\/media\/11161"}],"wp:attachment":[{"href":"https:\/\/giatsu.com\/es\/wp-json\/wp\/v2\/media?parent=8318"}],"wp:term":[{"taxonomy":"product_brand","embeddable":true,"href":"https:\/\/giatsu.com\/es\/wp-json\/wp\/v2\/product_brand?post=8318"},{"taxonomy":"product_cat","embeddable":true,"href":"https:\/\/giatsu.com\/es\/wp-json\/wp\/v2\/product_cat?post=8318"},{"taxonomy":"product_tag","embeddable":true,"href":"https:\/\/giatsu.com\/es\/wp-json\/wp\/v2\/product_tag?post=8318"}],"curies":[{"name":"wp","href":"https:\/\/api.w.org\/{rel}","templated":true}]}}