{"id":8314,"date":"2023-06-06T07:03:55","date_gmt":"2023-06-06T07:03:55","guid":{"rendered":"https:\/\/giatsu.es\/?post_type=product&#038;p=8314"},"modified":"2025-04-16T08:17:02","modified_gmt":"2025-04-16T08:17:02","slug":"big-duct-ix49","status":"publish","type":"product","link":"https:\/\/giatsu.com\/es\/industrial\/big-duct\/big-duct-ix49\/","title":{"rendered":"BIG DUCT IX49"},"content":{"rendered":"<div class=\"wpb-content-wrapper\"><div class=\"container mb-1 moduloprincipalespictos\">\n<h2 class=\"text-center tituloprincipales\">Caracter\u00edsticas principales<\/h2>\n<div class=\"row row-cols-1 row-cols-md-2 row-cols-xl-3\">\n<div class=\"col-xs-6 col-md-3 order-last\">\n<div class=\"card\">\n                            <img decoding=\"async\" class=\"card-img-top w-100 d-block fit-cover pictoprincipalgrande\" src=\"https:\/\/giatsu.com\/wp-content\/uploads\/2023\/08\/control-cableado-c520c6.webp\" \/><\/p>\n<div class=\"card-body p-4\">\n<h3 class=\"font-weight-bold card-title\">Control cableado<\/h3>\n<p class=\"card-text\">Incluye control cableado con programaci\u00f3n semanal.<\/p>\n<\/p><\/div><\/div><\/div>\n<div class=\"col-xs-6 col-md-3 order-last\">\n<div class=\"card\">\n                            <img decoding=\"async\" class=\"card-img-top w-100 d-block fit-cover pictoprincipalgrande\" src=\"https:\/\/giatsu.com\/wp-content\/uploads\/2023\/06\/tecnologia_inverter-495dd8.webp\" \/><\/p>\n<div class=\"card-body p-4\">\n<h3 class=\"font-weight-bold card-title\">Tecnolog\u00eda inverter<\/h3>\n<p class=\"card-text\">Al trabajar el compresor de forma continua se consigue un ahorro de hasta el 50% de energ\u00eda con respecto a equipos convencionales.<\/p>\n<\/p><\/div><\/div><\/div><\/div><\/div>\n<hr>\n<p>        [vc_row mobile_bg_img_hidden=\u00bbno\u00bb tablet_bg_img_hidden=\u00bbno\u00bb woodmart_parallax=\u00bb0&#8243; woodmart_gradient_switch=\u00bbno\u00bb row_reverse_mobile=\u00bb0&#8243; row_reverse_tablet=\u00bb0&#8243; woodmart_disable_overflow=\u00bb0&#8243; el_class=\u00bbfilaImgCaracteristica\u00bb][vc_column mobile_bg_img_hidden=\u00bbno\u00bb tablet_bg_img_hidden=\u00bbno\u00bb woodmart_parallax=\u00bb0&#8243; woodmart_sticky_column=\u00bbfalse\u00bb parallax_scroll=\u00bbno\u00bb mobile_reset_margin=\u00bbno\u00bb tablet_reset_margin=\u00bbno\u00bb]<\/p>\n<div class=\"container mb-1\">\n<h3 class=\"text-center\">Informaci\u00f3n t\u00e9cnica<\/h3>\n<div class=\"row row-cols-1 row-cols-md-2 row-cols-xl-3 justify-content-md-center\">\n<div class=\"col-xs-1 col-md-1\">\n<div class=\"card\">\n                            <img decoding=\"async\" class=\"card-img-top w-100 d-block fit-cover pictoprincipalgrande\" src=\"https:\/\/giatsu.com\/wp-content\/uploads\/2023\/08\/gas_refrigerante-21d266.webp\" \/><\/p>\n<div class=\"card-body p-4\">\n<h4 class=\"card-text textospictospeques\">Gas refrigerante<\/h4>\n<\/p><\/div><\/div><\/div>\n<div class=\"col-xs-1 col-md-1\">\n<div class=\"card\">\n                            <img decoding=\"async\" class=\"card-img-top w-100 d-block fit-cover pictoprincipalgrande\" src=\"https:\/\/giatsu.com\/wp-content\/uploads\/2023\/08\/ahorro_de_consumo_y_espacio-442a30.webp\" \/><\/p>\n<div class=\"card-body p-4\">\n<h4 class=\"card-text textospictospeques\">Ahorro de consumo y espacio<\/h4>\n<\/p><\/div><\/div><\/div><\/div><\/div>\n<div class=\"row justify-content-md-center\">\n<div class=\"vc_btn3-container vc_btn3-inline\" id=\"botonDescargarFicha\">\n                        <a target=\"_blank\" class=\"btn btn-light border rounded-4 botondescarga\" href=\"https:\/\/giatsu.com\/documentacion\/\/giatsu-fichas-tecnicas-big-duct-ix49-espanol.pdf\" title=\"\">Descargar ficha t\u00e9cnica<\/a>\n                 <\/div><\/div>\n<div class=\"row\">\n<hr>\n<div class=\"col text-center\"><a target=\"_blank\" href=\"https:\/\/giatsu.com\/documentacion\/\/giatsu-manual-de-usuario-e-instalacion-vrf-ix49-espanol.pdf\" class=\"btn btn-light border rounded-4 botonDescargaManual botondescarga\">Manual de usuario<\/a><\/div>\n<div class=\"col text-center\"><a target=\"_blank\" href=\"https:\/\/giatsu.com\/documentacion\/\/giatsu-manual-de-instalacion-vrf-ix49-espanol.pdf\" class=\"btn btn-light border rounded-4 botonDescargaManual botondescarga\">Manual de instalaci\u00f3n<\/a><\/div>\n<hr>\n<\/div>\n<\/div>","protected":false},"excerpt":{"rendered":"<p class=\"MsoNormal\">Conducto de alta presi&oacute;n.<\/p>\n<p class=\"MsoNormal\">Dise&ntilde;ado para desafiar las limitaciones de espacio sin comprometer el rendimiento, este conducto redefine la climatizaci&oacute;n al fusionar tecnolog&iacute;a de vanguardia con potencia y dise&ntilde;o inteligente.<\/p>\n<p class=\"MsoNormal\">El coraz&oacute;n de este sistema radica en su <strong>compresor DC Twin Rotary Inverter,<\/strong> no solo garantiza un rendimiento excepcional, sino tambi&eacute;n una eficiencia energ&eacute;tica incomparable, lo que se traduce en ahorros significativos a lo largo del tiempo.<\/p>\n<p class=\"MsoNormal\">El rasgo m&aacute;s sobresaliente de este conducto es su <strong>capacidad de ofrecer una gran potencia en un m&iacute;nimo espacio<\/strong>. Perfecto para entornos donde el espacio es valioso, esta caracter&iacute;stica redefine las posibilidades de climatizaci&oacute;n en espacios reducidos sin sacrificar el confort.<\/p>\n<p class=\"MsoNormal\">Con una impresionante capacidad de aire de hasta 800 m&sup3;\/h, garantiza una distribuci&oacute;n uniforme y eficiente del aire en todo el entorno.<\/p>\n<p class=\"MsoNormal\">A pesar de su potencia, la unidad interior de este conducto es excepcionalmente ligera, lo que facilita la instalaci&oacute;n y la flexibilidad en la elecci&oacute;n de la ubicaci&oacute;n. Esta caracter&iacute;stica es especialmente valiosa para proyectos donde la versatilidad es esencial.<\/p>\n<p>Potencias disponibles: 20KW, 22,4KW, 26KW, 28KW, 40KW, 45KW, 56KW<\/p>\n<div class='pictosvoz'><\/div>\n","protected":false},"featured_media":11131,"template":"","meta":{"_monsterinsights_skip_tracking":false,"_monsterinsights_sitenote_active":false,"_monsterinsights_sitenote_note":"","_monsterinsights_sitenote_category":0},"product_brand":[],"product_cat":[590,566],"product_tag":[412,413,414,415],"class_list":{"0":"post-8314","1":"product","2":"type-product","3":"status-publish","4":"has-post-thumbnail","6":"product_cat-big-duct","7":"product_cat-industrial","8":"product_tag-giav200t3kompbd","9":"product_tag-giav224t3kompbd","10":"product_tag-giav260t3kompbd","11":"product_tag-giav280t3kompbd","13":"first","14":"instock","15":"shipping-taxable","16":"product-type-simple"},"yoast_head":"<!-- This site is optimized with the Yoast SEO plugin v27.4 - https:\/\/yoast.com\/product\/yoast-seo-wordpress\/ -->\n<title>BIG DUCT IX49 CONDUCTO DE ALTA PRESION<\/title>\n<meta name=\"description\" content=\"Dise\u00f1ado para desafiar las limitaciones de espacio sin comprometer el rendimiento, este conducto redefine la climatizaci\u00f3n al fusionar tecnolog\u00eda de vanguardia con potencia y dise\u00f1o inteligente.\" \/>\n<meta name=\"robots\" content=\"index, follow, max-snippet:-1, max-image-preview:large, max-video-preview:-1\" \/>\n<link rel=\"canonical\" href=\"https:\/\/giatsu.com\/es\/industrial\/big-duct\/big-duct-ix49\/\" \/>\n<meta property=\"og:locale\" content=\"es_ES\" \/>\n<meta property=\"og:type\" content=\"article\" \/>\n<meta property=\"og:title\" content=\"BIG DUCT IX49 CONDUCTO DE ALTA PRESION\" \/>\n<meta property=\"og:description\" content=\"Dise\u00f1ado para desafiar las limitaciones de espacio sin comprometer el rendimiento, este conducto redefine la climatizaci\u00f3n al fusionar tecnolog\u00eda de vanguardia con potencia y dise\u00f1o inteligente.\" \/>\n<meta property=\"og:url\" content=\"https:\/\/giatsu.com\/es\/industrial\/big-duct\/big-duct-ix49\/\" \/>\n<meta property=\"og:site_name\" content=\"GIATSU\" \/>\n<meta property=\"article:modified_time\" content=\"2025-04-16T08:17:02+00:00\" \/>\n<meta property=\"og:image\" content=\"https:\/\/giatsu.com\/wp-content\/uploads\/2023\/08\/bigduct2-05fd57.webp\" \/>\n\t<meta property=\"og:image:width\" content=\"800\" \/>\n\t<meta property=\"og:image:height\" content=\"800\" \/>\n\t<meta property=\"og:image:type\" content=\"image\/webp\" \/>\n<meta name=\"twitter:card\" content=\"summary_large_image\" \/>\n<meta name=\"twitter:label1\" content=\"Tiempo de lectura\" \/>\n\t<meta name=\"twitter:data1\" content=\"1 minuto\" \/>\n<script type=\"application\/ld+json\" class=\"yoast-schema-graph\">{\"@context\":\"https:\\\/\\\/schema.org\",\"@graph\":[{\"@type\":\"WebPage\",\"@id\":\"https:\\\/\\\/giatsu.com\\\/es\\\/industrial\\\/big-duct\\\/big-duct-ix49\\\/\",\"url\":\"https:\\\/\\\/giatsu.com\\\/es\\\/industrial\\\/big-duct\\\/big-duct-ix49\\\/\",\"name\":\"BIG DUCT IX49 CONDUCTO DE ALTA PRESION\",\"isPartOf\":{\"@id\":\"https:\\\/\\\/giatsu.com\\\/es\\\/#website\"},\"primaryImageOfPage\":{\"@id\":\"https:\\\/\\\/giatsu.com\\\/es\\\/industrial\\\/big-duct\\\/big-duct-ix49\\\/#primaryimage\"},\"image\":{\"@id\":\"https:\\\/\\\/giatsu.com\\\/es\\\/industrial\\\/big-duct\\\/big-duct-ix49\\\/#primaryimage\"},\"thumbnailUrl\":\"https:\\\/\\\/giatsu.com\\\/wp-content\\\/uploads\\\/2023\\\/08\\\/bigduct2-05fd57.webp\",\"datePublished\":\"2023-06-06T07:03:55+00:00\",\"dateModified\":\"2025-04-16T08:17:02+00:00\",\"description\":\"Dise\u00f1ado para desafiar las limitaciones de espacio sin comprometer el rendimiento, este conducto redefine la climatizaci\u00f3n al fusionar tecnolog\u00eda de vanguardia con potencia y dise\u00f1o inteligente.\",\"breadcrumb\":{\"@id\":\"https:\\\/\\\/giatsu.com\\\/es\\\/industrial\\\/big-duct\\\/big-duct-ix49\\\/#breadcrumb\"},\"inLanguage\":\"es\",\"potentialAction\":[{\"@type\":\"ReadAction\",\"target\":[\"https:\\\/\\\/giatsu.com\\\/es\\\/industrial\\\/big-duct\\\/big-duct-ix49\\\/\"]}]},{\"@type\":\"ImageObject\",\"inLanguage\":\"es\",\"@id\":\"https:\\\/\\\/giatsu.com\\\/es\\\/industrial\\\/big-duct\\\/big-duct-ix49\\\/#primaryimage\",\"url\":\"https:\\\/\\\/giatsu.com\\\/wp-content\\\/uploads\\\/2023\\\/08\\\/bigduct2-05fd57.webp\",\"contentUrl\":\"https:\\\/\\\/giatsu.com\\\/wp-content\\\/uploads\\\/2023\\\/08\\\/bigduct2-05fd57.webp\",\"width\":800,\"height\":800},{\"@type\":\"BreadcrumbList\",\"@id\":\"https:\\\/\\\/giatsu.com\\\/es\\\/industrial\\\/big-duct\\\/big-duct-ix49\\\/#breadcrumb\",\"itemListElement\":[{\"@type\":\"ListItem\",\"position\":1,\"name\":\"Home\",\"item\":\"https:\\\/\\\/giatsu.com\\\/es\\\/\"},{\"@type\":\"ListItem\",\"position\":2,\"name\":\"PRODUCTOS\",\"item\":\"https:\\\/\\\/giatsu.com\\\/es\\\/productos\\\/\"},{\"@type\":\"ListItem\",\"position\":3,\"name\":\"BIG DUCT IX49\"}]},{\"@type\":\"WebSite\",\"@id\":\"https:\\\/\\\/giatsu.com\\\/es\\\/#website\",\"url\":\"https:\\\/\\\/giatsu.com\\\/es\\\/\",\"name\":\"GIATSU\",\"description\":\"Quality Comfort Everywhere\",\"potentialAction\":[{\"@type\":\"SearchAction\",\"target\":{\"@type\":\"EntryPoint\",\"urlTemplate\":\"https:\\\/\\\/giatsu.com\\\/es\\\/?s={search_term_string}\"},\"query-input\":{\"@type\":\"PropertyValueSpecification\",\"valueRequired\":true,\"valueName\":\"search_term_string\"}}],\"inLanguage\":\"es\"}]}<\/script>\n<!-- \/ Yoast SEO plugin. -->","yoast_head_json":{"title":"BIG DUCT IX49 CONDUCTO DE ALTA PRESION","description":"Dise\u00f1ado para desafiar las limitaciones de espacio sin comprometer el rendimiento, este conducto redefine la climatizaci\u00f3n al fusionar tecnolog\u00eda de vanguardia con potencia y dise\u00f1o inteligente.","robots":{"index":"index","follow":"follow","max-snippet":"max-snippet:-1","max-image-preview":"max-image-preview:large","max-video-preview":"max-video-preview:-1"},"canonical":"https:\/\/giatsu.com\/es\/industrial\/big-duct\/big-duct-ix49\/","og_locale":"es_ES","og_type":"article","og_title":"BIG DUCT IX49 CONDUCTO DE ALTA PRESION","og_description":"Dise\u00f1ado para desafiar las limitaciones de espacio sin comprometer el rendimiento, este conducto redefine la climatizaci\u00f3n al fusionar tecnolog\u00eda de vanguardia con potencia y dise\u00f1o inteligente.","og_url":"https:\/\/giatsu.com\/es\/industrial\/big-duct\/big-duct-ix49\/","og_site_name":"GIATSU","article_modified_time":"2025-04-16T08:17:02+00:00","og_image":[{"width":800,"height":800,"url":"https:\/\/giatsu.com\/wp-content\/uploads\/2023\/08\/bigduct2-05fd57.webp","type":"image\/webp"}],"twitter_card":"summary_large_image","twitter_misc":{"Tiempo de lectura":"1 minuto"},"schema":{"@context":"https:\/\/schema.org","@graph":[{"@type":"WebPage","@id":"https:\/\/giatsu.com\/es\/industrial\/big-duct\/big-duct-ix49\/","url":"https:\/\/giatsu.com\/es\/industrial\/big-duct\/big-duct-ix49\/","name":"BIG DUCT IX49 CONDUCTO DE ALTA PRESION","isPartOf":{"@id":"https:\/\/giatsu.com\/es\/#website"},"primaryImageOfPage":{"@id":"https:\/\/giatsu.com\/es\/industrial\/big-duct\/big-duct-ix49\/#primaryimage"},"image":{"@id":"https:\/\/giatsu.com\/es\/industrial\/big-duct\/big-duct-ix49\/#primaryimage"},"thumbnailUrl":"https:\/\/giatsu.com\/wp-content\/uploads\/2023\/08\/bigduct2-05fd57.webp","datePublished":"2023-06-06T07:03:55+00:00","dateModified":"2025-04-16T08:17:02+00:00","description":"Dise\u00f1ado para desafiar las limitaciones de espacio sin comprometer el rendimiento, este conducto redefine la climatizaci\u00f3n al fusionar tecnolog\u00eda de vanguardia con potencia y dise\u00f1o inteligente.","breadcrumb":{"@id":"https:\/\/giatsu.com\/es\/industrial\/big-duct\/big-duct-ix49\/#breadcrumb"},"inLanguage":"es","potentialAction":[{"@type":"ReadAction","target":["https:\/\/giatsu.com\/es\/industrial\/big-duct\/big-duct-ix49\/"]}]},{"@type":"ImageObject","inLanguage":"es","@id":"https:\/\/giatsu.com\/es\/industrial\/big-duct\/big-duct-ix49\/#primaryimage","url":"https:\/\/giatsu.com\/wp-content\/uploads\/2023\/08\/bigduct2-05fd57.webp","contentUrl":"https:\/\/giatsu.com\/wp-content\/uploads\/2023\/08\/bigduct2-05fd57.webp","width":800,"height":800},{"@type":"BreadcrumbList","@id":"https:\/\/giatsu.com\/es\/industrial\/big-duct\/big-duct-ix49\/#breadcrumb","itemListElement":[{"@type":"ListItem","position":1,"name":"Home","item":"https:\/\/giatsu.com\/es\/"},{"@type":"ListItem","position":2,"name":"PRODUCTOS","item":"https:\/\/giatsu.com\/es\/productos\/"},{"@type":"ListItem","position":3,"name":"BIG DUCT IX49"}]},{"@type":"WebSite","@id":"https:\/\/giatsu.com\/es\/#website","url":"https:\/\/giatsu.com\/es\/","name":"GIATSU","description":"Quality Comfort Everywhere","potentialAction":[{"@type":"SearchAction","target":{"@type":"EntryPoint","urlTemplate":"https:\/\/giatsu.com\/es\/?s={search_term_string}"},"query-input":{"@type":"PropertyValueSpecification","valueRequired":true,"valueName":"search_term_string"}}],"inLanguage":"es"}]}},"_links":{"self":[{"href":"https:\/\/giatsu.com\/es\/wp-json\/wp\/v2\/product\/8314","targetHints":{"allow":["GET"]}}],"collection":[{"href":"https:\/\/giatsu.com\/es\/wp-json\/wp\/v2\/product"}],"about":[{"href":"https:\/\/giatsu.com\/es\/wp-json\/wp\/v2\/types\/product"}],"wp:featuredmedia":[{"embeddable":true,"href":"https:\/\/giatsu.com\/es\/wp-json\/wp\/v2\/media\/11131"}],"wp:attachment":[{"href":"https:\/\/giatsu.com\/es\/wp-json\/wp\/v2\/media?parent=8314"}],"wp:term":[{"taxonomy":"product_brand","embeddable":true,"href":"https:\/\/giatsu.com\/es\/wp-json\/wp\/v2\/product_brand?post=8314"},{"taxonomy":"product_cat","embeddable":true,"href":"https:\/\/giatsu.com\/es\/wp-json\/wp\/v2\/product_cat?post=8314"},{"taxonomy":"product_tag","embeddable":true,"href":"https:\/\/giatsu.com\/es\/wp-json\/wp\/v2\/product_tag?post=8314"}],"curies":[{"name":"wp","href":"https:\/\/api.w.org\/{rel}","templated":true}]}}