{"id":8311,"date":"2023-06-06T07:03:48","date_gmt":"2023-06-06T07:03:48","guid":{"rendered":"https:\/\/giatsu.es\/?post_type=product&#038;p=8311"},"modified":"2025-04-16T15:29:58","modified_gmt":"2025-04-16T15:29:58","slug":"minivrf-trifasica-km","status":"publish","type":"product","link":"https:\/\/giatsu.com\/es\/industrial\/exteriores-vrf\/minivrf-trifasica-km\/","title":{"rendered":"MINI VRF TRIFASICA KM"},"content":{"rendered":"<div class=\"wpb-content-wrapper\"><div class=\"container mb-1 moduloprincipalespictos\">\n<h2 class=\"text-center tituloprincipales\">Caracter\u00edsticas principales<\/h2>\n<div class=\"row row-cols-1 row-cols-md-2 row-cols-xl-3\">\n<div class=\"col-xs-6 col-md-3 order-last\">\n<div class=\"card\">\n                            <img decoding=\"async\" class=\"card-img-top w-100 d-block fit-cover pictoprincipalgrande\" src=\"https:\/\/giatsu.com\/wp-content\/uploads\/2023\/06\/tecnologia_inverter-495dd8.webp\" \/><\/p>\n<div class=\"card-body p-4\">\n<h3 class=\"font-weight-bold card-title\">Tecnolog\u00eda inverter<\/h3>\n<p class=\"card-text\">Al trabajar el compresor de forma continua se consigue un ahorro de hasta el 50% de energ\u00eda con respecto a equipos convencionales.<\/p>\n<\/p><\/div><\/div><\/div><\/div><\/div>\n<hr>\n<p>        [vc_row mobile_bg_img_hidden=\u00bbno\u00bb tablet_bg_img_hidden=\u00bbno\u00bb woodmart_parallax=\u00bb0&#8243; woodmart_gradient_switch=\u00bbno\u00bb row_reverse_mobile=\u00bb0&#8243; row_reverse_tablet=\u00bb0&#8243; woodmart_disable_overflow=\u00bb0&#8243; el_class=\u00bbfilaImgCaracteristica\u00bb][vc_column mobile_bg_img_hidden=\u00bbno\u00bb tablet_bg_img_hidden=\u00bbno\u00bb woodmart_parallax=\u00bb0&#8243; woodmart_sticky_column=\u00bbfalse\u00bb parallax_scroll=\u00bbno\u00bb mobile_reset_margin=\u00bbno\u00bb tablet_reset_margin=\u00bbno\u00bb]<\/p>\n<div class=\"container mb-1\">\n<h3 class=\"text-center\">Informaci\u00f3n t\u00e9cnica<\/h3>\n<div class=\"row row-cols-1 row-cols-md-2 row-cols-xl-3 justify-content-md-center\">\n<div class=\"col-xs-1 col-md-1\">\n<div class=\"card\">\n                            <img decoding=\"async\" class=\"card-img-top w-100 d-block fit-cover pictoprincipalgrande\" src=\"https:\/\/giatsu.com\/wp-content\/uploads\/2023\/08\/gas_refrigerante-21d266.webp\" \/><\/p>\n<div class=\"card-body p-4\">\n<h4 class=\"card-text textospictospeques\">Gas refrigerante<\/h4>\n<\/p><\/div><\/div><\/div><\/div><\/div>\n<div class=\"row justify-content-md-center\">\n<div class=\"vc_btn3-container vc_btn3-inline\" id=\"botonDescargarFicha\">\n                        <a target=\"_blank\" class=\"btn btn-light border rounded-4 botondescarga\" href=\"https:\/\/giatsu.com\/documentacion\/\/giatsu-fichas-tecnicas-vrf-km-.pdf\" title=\"\">Descargar ficha t\u00e9cnica<\/a>\n                 <\/div><\/div>\n<div class=\"row\">\n<hr>\n<div class=\"col text-center\"><a target=\"_blank\" href=\"https:\/\/giatsu.com\/documentacion\/\/-manual-de-usuario-e-instalacion---multiidioma.pdf\" class=\"btn btn-light border rounded-4 botonDescargaManual botondescarga\">Manual de usuario<\/a><\/div>\n<div class=\"col text-center\"><a target=\"_blank\" href=\"https:\/\/giatsu.com\/documentacion\/\/giatsu-manual-de-usuario-e-instalacion-vrf-km-multiidioma.pdf\" class=\"btn btn-light border rounded-4 botonDescargaManual botondescarga\">Manual de instalaci\u00f3n<\/a><\/div>\n<hr>\n<\/div>\n<\/div>","protected":false},"excerpt":{"rendered":"<p class=\"MsoNormal\">Dise&ntilde;ada para cumplir con los desaf&iacute;os de espacios limitados sin comprometer el rendimiento, esta unidad redefine las expectativas de la climatizaci&oacute;n.<\/p>\n<p class=\"MsoNormal\">Con una <strong>descarga de aire frontal<\/strong>, su dise&ntilde;o discreto y compacto demuestra que la innovaci&oacute;n puede fusionarse con la est&eacute;tica.<\/p>\n<p class=\"MsoNormal\">La caracter&iacute;stica m&aacute;s sobresaliente es su <strong>tama&ntilde;o reducido<\/strong>, un avance en s&iacute; mismo. Esta unidad logra combinar una potencia impresionante con dimensiones m&iacute;nimas, permitiendo una flexibilidad de instalaci&oacute;n que desaf&iacute;a los l&iacute;mites tradicionales de la climatizaci&oacute;n.<\/p>\n<p class=\"MsoNormal\">Sin embargo, lo que realmente distingue a esta unidad es su <strong>bajo nivel sonoro<\/strong>. El ruido de fondo se convierte en un eco lejano en comparaci&oacute;n con el confort que proporciona. Esta unidad demuestra que el poder y la tranquilidad pueden coexistir.<\/p>\n<p>Potencias disponibles: 16KW, 18KW, 20KW, 22,40KW, 26KW, 28KW, 33,50KW<\/p>\n<div class='pictosvoz'><\/div>\n","protected":false},"featured_media":11096,"template":"","meta":{"_monsterinsights_skip_tracking":false,"_monsterinsights_sitenote_active":false,"_monsterinsights_sitenote_note":"","_monsterinsights_sitenote_category":0},"product_brand":[],"product_cat":[586,566],"product_tag":[388,389,390,391,392,393,394,395],"class_list":{"0":"post-8311","1":"product","2":"type-product","3":"status-publish","4":"has-post-thumbnail","6":"product_cat-exteriores-vrf","7":"product_cat-industrial","8":"product_tag-giav160t3komp","9":"product_tag-giav180t3komp","10":"product_tag-giav200t3komp","11":"product_tag-giav224t3komp","12":"product_tag-giav260t3komp","13":"product_tag-giav280t3komp","14":"product_tag-giav335t3komp","15":"product_tag-giavn160t3komp","17":"first","18":"instock","19":"shipping-taxable","20":"product-type-simple"},"yoast_head":"<!-- This site is optimized with the Yoast SEO plugin v27.3 - https:\/\/yoast.com\/product\/yoast-seo-wordpress\/ -->\n<title>MINI VRF TRIFASICA KM<\/title>\n<meta name=\"description\" content=\"La caracter\u00edstica m\u00e1s sobresaliente es su tama\u00f1o reducido, un avance en s\u00ed mismo. Esta unidad logra combinar una potencia impresionante con dimensiones m\u00ednimas, permitiendo una flexibilidad de instalaci\u00f3n que desaf\u00eda los l\u00edmites tradicionales de la climatizaci\u00f3n.\" \/>\n<meta name=\"robots\" content=\"index, follow, max-snippet:-1, max-image-preview:large, max-video-preview:-1\" \/>\n<link rel=\"canonical\" href=\"https:\/\/giatsu.com\/es\/industrial\/exteriores-vrf\/minivrf-trifasica-km\/\" \/>\n<meta property=\"og:locale\" content=\"es_ES\" \/>\n<meta property=\"og:type\" content=\"article\" \/>\n<meta property=\"og:title\" content=\"MINI VRF TRIFASICA KM\" \/>\n<meta property=\"og:description\" content=\"La caracter\u00edstica m\u00e1s sobresaliente es su tama\u00f1o reducido, un avance en s\u00ed mismo. Esta unidad logra combinar una potencia impresionante con dimensiones m\u00ednimas, permitiendo una flexibilidad de instalaci\u00f3n que desaf\u00eda los l\u00edmites tradicionales de la climatizaci\u00f3n.\" \/>\n<meta property=\"og:url\" content=\"https:\/\/giatsu.com\/es\/industrial\/exteriores-vrf\/minivrf-trifasica-km\/\" \/>\n<meta property=\"og:site_name\" content=\"GIATSU\" \/>\n<meta property=\"article:modified_time\" content=\"2025-04-16T15:29:58+00:00\" \/>\n<meta property=\"og:image\" content=\"https:\/\/giatsu.com\/wp-content\/uploads\/2023\/08\/minivrf3-779fec.webp\" \/>\n\t<meta property=\"og:image:width\" content=\"800\" \/>\n\t<meta property=\"og:image:height\" content=\"800\" \/>\n\t<meta property=\"og:image:type\" content=\"image\/webp\" \/>\n<meta name=\"twitter:card\" content=\"summary_large_image\" \/>\n<meta name=\"twitter:label1\" content=\"Tiempo de lectura\" \/>\n\t<meta name=\"twitter:data1\" content=\"1 minuto\" \/>\n<script type=\"application\/ld+json\" class=\"yoast-schema-graph\">{\"@context\":\"https:\\\/\\\/schema.org\",\"@graph\":[{\"@type\":\"WebPage\",\"@id\":\"https:\\\/\\\/giatsu.com\\\/es\\\/industrial\\\/exteriores-vrf\\\/minivrf-trifasica-km\\\/\",\"url\":\"https:\\\/\\\/giatsu.com\\\/es\\\/industrial\\\/exteriores-vrf\\\/minivrf-trifasica-km\\\/\",\"name\":\"MINI VRF TRIFASICA KM\",\"isPartOf\":{\"@id\":\"https:\\\/\\\/giatsu.com\\\/es\\\/#website\"},\"primaryImageOfPage\":{\"@id\":\"https:\\\/\\\/giatsu.com\\\/es\\\/industrial\\\/exteriores-vrf\\\/minivrf-trifasica-km\\\/#primaryimage\"},\"image\":{\"@id\":\"https:\\\/\\\/giatsu.com\\\/es\\\/industrial\\\/exteriores-vrf\\\/minivrf-trifasica-km\\\/#primaryimage\"},\"thumbnailUrl\":\"https:\\\/\\\/giatsu.com\\\/wp-content\\\/uploads\\\/2023\\\/08\\\/minivrf3-779fec.webp\",\"datePublished\":\"2023-06-06T07:03:48+00:00\",\"dateModified\":\"2025-04-16T15:29:58+00:00\",\"description\":\"La caracter\u00edstica m\u00e1s sobresaliente es su tama\u00f1o reducido, un avance en s\u00ed mismo. Esta unidad logra combinar una potencia impresionante con dimensiones m\u00ednimas, permitiendo una flexibilidad de instalaci\u00f3n que desaf\u00eda los l\u00edmites tradicionales de la climatizaci\u00f3n.\",\"breadcrumb\":{\"@id\":\"https:\\\/\\\/giatsu.com\\\/es\\\/industrial\\\/exteriores-vrf\\\/minivrf-trifasica-km\\\/#breadcrumb\"},\"inLanguage\":\"es\",\"potentialAction\":[{\"@type\":\"ReadAction\",\"target\":[\"https:\\\/\\\/giatsu.com\\\/es\\\/industrial\\\/exteriores-vrf\\\/minivrf-trifasica-km\\\/\"]}]},{\"@type\":\"ImageObject\",\"inLanguage\":\"es\",\"@id\":\"https:\\\/\\\/giatsu.com\\\/es\\\/industrial\\\/exteriores-vrf\\\/minivrf-trifasica-km\\\/#primaryimage\",\"url\":\"https:\\\/\\\/giatsu.com\\\/wp-content\\\/uploads\\\/2023\\\/08\\\/minivrf3-779fec.webp\",\"contentUrl\":\"https:\\\/\\\/giatsu.com\\\/wp-content\\\/uploads\\\/2023\\\/08\\\/minivrf3-779fec.webp\",\"width\":800,\"height\":800},{\"@type\":\"BreadcrumbList\",\"@id\":\"https:\\\/\\\/giatsu.com\\\/es\\\/industrial\\\/exteriores-vrf\\\/minivrf-trifasica-km\\\/#breadcrumb\",\"itemListElement\":[{\"@type\":\"ListItem\",\"position\":1,\"name\":\"Home\",\"item\":\"https:\\\/\\\/giatsu.com\\\/es\\\/\"},{\"@type\":\"ListItem\",\"position\":2,\"name\":\"PRODUCTOS\",\"item\":\"https:\\\/\\\/giatsu.com\\\/es\\\/productos\\\/\"},{\"@type\":\"ListItem\",\"position\":3,\"name\":\"MINI VRF TRIFASICA KM\"}]},{\"@type\":\"WebSite\",\"@id\":\"https:\\\/\\\/giatsu.com\\\/es\\\/#website\",\"url\":\"https:\\\/\\\/giatsu.com\\\/es\\\/\",\"name\":\"GIATSU\",\"description\":\"Quality Comfort Everywhere\",\"potentialAction\":[{\"@type\":\"SearchAction\",\"target\":{\"@type\":\"EntryPoint\",\"urlTemplate\":\"https:\\\/\\\/giatsu.com\\\/es\\\/?s={search_term_string}\"},\"query-input\":{\"@type\":\"PropertyValueSpecification\",\"valueRequired\":true,\"valueName\":\"search_term_string\"}}],\"inLanguage\":\"es\"}]}<\/script>\n<!-- \/ Yoast SEO plugin. -->","yoast_head_json":{"title":"MINI VRF TRIFASICA KM","description":"La caracter\u00edstica m\u00e1s sobresaliente es su tama\u00f1o reducido, un avance en s\u00ed mismo. Esta unidad logra combinar una potencia impresionante con dimensiones m\u00ednimas, permitiendo una flexibilidad de instalaci\u00f3n que desaf\u00eda los l\u00edmites tradicionales de la climatizaci\u00f3n.","robots":{"index":"index","follow":"follow","max-snippet":"max-snippet:-1","max-image-preview":"max-image-preview:large","max-video-preview":"max-video-preview:-1"},"canonical":"https:\/\/giatsu.com\/es\/industrial\/exteriores-vrf\/minivrf-trifasica-km\/","og_locale":"es_ES","og_type":"article","og_title":"MINI VRF TRIFASICA KM","og_description":"La caracter\u00edstica m\u00e1s sobresaliente es su tama\u00f1o reducido, un avance en s\u00ed mismo. Esta unidad logra combinar una potencia impresionante con dimensiones m\u00ednimas, permitiendo una flexibilidad de instalaci\u00f3n que desaf\u00eda los l\u00edmites tradicionales de la climatizaci\u00f3n.","og_url":"https:\/\/giatsu.com\/es\/industrial\/exteriores-vrf\/minivrf-trifasica-km\/","og_site_name":"GIATSU","article_modified_time":"2025-04-16T15:29:58+00:00","og_image":[{"width":800,"height":800,"url":"https:\/\/giatsu.com\/wp-content\/uploads\/2023\/08\/minivrf3-779fec.webp","type":"image\/webp"}],"twitter_card":"summary_large_image","twitter_misc":{"Tiempo de lectura":"1 minuto"},"schema":{"@context":"https:\/\/schema.org","@graph":[{"@type":"WebPage","@id":"https:\/\/giatsu.com\/es\/industrial\/exteriores-vrf\/minivrf-trifasica-km\/","url":"https:\/\/giatsu.com\/es\/industrial\/exteriores-vrf\/minivrf-trifasica-km\/","name":"MINI VRF TRIFASICA KM","isPartOf":{"@id":"https:\/\/giatsu.com\/es\/#website"},"primaryImageOfPage":{"@id":"https:\/\/giatsu.com\/es\/industrial\/exteriores-vrf\/minivrf-trifasica-km\/#primaryimage"},"image":{"@id":"https:\/\/giatsu.com\/es\/industrial\/exteriores-vrf\/minivrf-trifasica-km\/#primaryimage"},"thumbnailUrl":"https:\/\/giatsu.com\/wp-content\/uploads\/2023\/08\/minivrf3-779fec.webp","datePublished":"2023-06-06T07:03:48+00:00","dateModified":"2025-04-16T15:29:58+00:00","description":"La caracter\u00edstica m\u00e1s sobresaliente es su tama\u00f1o reducido, un avance en s\u00ed mismo. Esta unidad logra combinar una potencia impresionante con dimensiones m\u00ednimas, permitiendo una flexibilidad de instalaci\u00f3n que desaf\u00eda los l\u00edmites tradicionales de la climatizaci\u00f3n.","breadcrumb":{"@id":"https:\/\/giatsu.com\/es\/industrial\/exteriores-vrf\/minivrf-trifasica-km\/#breadcrumb"},"inLanguage":"es","potentialAction":[{"@type":"ReadAction","target":["https:\/\/giatsu.com\/es\/industrial\/exteriores-vrf\/minivrf-trifasica-km\/"]}]},{"@type":"ImageObject","inLanguage":"es","@id":"https:\/\/giatsu.com\/es\/industrial\/exteriores-vrf\/minivrf-trifasica-km\/#primaryimage","url":"https:\/\/giatsu.com\/wp-content\/uploads\/2023\/08\/minivrf3-779fec.webp","contentUrl":"https:\/\/giatsu.com\/wp-content\/uploads\/2023\/08\/minivrf3-779fec.webp","width":800,"height":800},{"@type":"BreadcrumbList","@id":"https:\/\/giatsu.com\/es\/industrial\/exteriores-vrf\/minivrf-trifasica-km\/#breadcrumb","itemListElement":[{"@type":"ListItem","position":1,"name":"Home","item":"https:\/\/giatsu.com\/es\/"},{"@type":"ListItem","position":2,"name":"PRODUCTOS","item":"https:\/\/giatsu.com\/es\/productos\/"},{"@type":"ListItem","position":3,"name":"MINI VRF TRIFASICA KM"}]},{"@type":"WebSite","@id":"https:\/\/giatsu.com\/es\/#website","url":"https:\/\/giatsu.com\/es\/","name":"GIATSU","description":"Quality Comfort Everywhere","potentialAction":[{"@type":"SearchAction","target":{"@type":"EntryPoint","urlTemplate":"https:\/\/giatsu.com\/es\/?s={search_term_string}"},"query-input":{"@type":"PropertyValueSpecification","valueRequired":true,"valueName":"search_term_string"}}],"inLanguage":"es"}]}},"_links":{"self":[{"href":"https:\/\/giatsu.com\/es\/wp-json\/wp\/v2\/product\/8311","targetHints":{"allow":["GET"]}}],"collection":[{"href":"https:\/\/giatsu.com\/es\/wp-json\/wp\/v2\/product"}],"about":[{"href":"https:\/\/giatsu.com\/es\/wp-json\/wp\/v2\/types\/product"}],"wp:featuredmedia":[{"embeddable":true,"href":"https:\/\/giatsu.com\/es\/wp-json\/wp\/v2\/media\/11096"}],"wp:attachment":[{"href":"https:\/\/giatsu.com\/es\/wp-json\/wp\/v2\/media?parent=8311"}],"wp:term":[{"taxonomy":"product_brand","embeddable":true,"href":"https:\/\/giatsu.com\/es\/wp-json\/wp\/v2\/product_brand?post=8311"},{"taxonomy":"product_cat","embeddable":true,"href":"https:\/\/giatsu.com\/es\/wp-json\/wp\/v2\/product_cat?post=8311"},{"taxonomy":"product_tag","embeddable":true,"href":"https:\/\/giatsu.com\/es\/wp-json\/wp\/v2\/product_tag?post=8311"}],"curies":[{"name":"wp","href":"https:\/\/api.w.org\/{rel}","templated":true}]}}