{"id":8304,"date":"2023-06-06T07:03:31","date_gmt":"2023-06-06T07:03:31","guid":{"rendered":"https:\/\/giatsu.es\/?post_type=product&#038;p=8304"},"modified":"2024-07-08T09:36:27","modified_gmt":"2024-07-08T09:36:27","slug":"conjunto-conducto-media-potencia-vrf","status":"publish","type":"product","link":"https:\/\/giatsu.com\/es\/industrial\/big-duct\/conjunto-conducto-media-potencia-vrf\/","title":{"rendered":"CONJUNTO CONDUCTO MEDIA PRESION INVISIBLE"},"content":{"rendered":"<div class=\"wpb-content-wrapper\"><div class=\"container mb-1 moduloprincipalespictos\">\n<h2 class=\"text-center tituloprincipales\">Caracter\u00edsticas principales<\/h2>\n<div class=\"row row-cols-1 row-cols-md-2 row-cols-xl-3\">\n<div class=\"col-xs-6 col-md-3 order-last\">\n<div class=\"card\">\n                            <img decoding=\"async\" class=\"card-img-top w-100 d-block fit-cover pictoprincipalgrande\" src=\"https:\/\/giatsu.com\/wp-content\/uploads\/2023\/08\/bomba-condensados-45c40c.webp\" \/><\/p>\n<div class=\"card-body p-4\">\n<h3 class=\"font-weight-bold card-title\">Bomba de Condensados<\/h3>\n<p class=\"card-text\">Incluye bomba de condensados con elevaci\u00f3n de 750 mm.<\/p>\n<\/p><\/div><\/div><\/div>\n<div class=\"col-xs-6 col-md-3 order-last\">\n<div class=\"card\">\n                            <img decoding=\"async\" class=\"card-img-top w-100 d-block fit-cover pictoprincipalgrande\" src=\"https:\/\/giatsu.com\/wp-content\/uploads\/2023\/08\/diseno_compacto-a5c2f3.webp\" \/><\/p>\n<div class=\"card-body p-4\">\n<h3 class=\"font-weight-bold card-title\">Dise\u00f1o compacto<\/h3>\n<p class=\"card-text\">Ahorra espacio gracias a su dise\u00f1o y tama\u00f1o compacto, ideal para usar en ba\u00f1os, oficinas y habitaciones <\/p>\n<\/p><\/div><\/div><\/div>\n<div class=\"col-xs-6 col-md-3 order-last\">\n<div class=\"card\">\n                            <img decoding=\"async\" class=\"card-img-top w-100 d-block fit-cover pictoprincipalgrande\" src=\"https:\/\/giatsu.com\/wp-content\/uploads\/2023\/06\/tecnologia_inverter-495dd8.webp\" \/><\/p>\n<div class=\"card-body p-4\">\n<h3 class=\"font-weight-bold card-title\">Tecnolog\u00eda inverter<\/h3>\n<p class=\"card-text\">Al trabajar el compresor de forma continua se consigue un ahorro de hasta el 50% de energ\u00eda con respecto a equipos convencionales.<\/p>\n<\/p><\/div><\/div><\/div><\/div><\/div>\n<hr>\n<p>        [vc_row mobile_bg_img_hidden=\u00bbno\u00bb tablet_bg_img_hidden=\u00bbno\u00bb woodmart_parallax=\u00bb0&#8243; woodmart_gradient_switch=\u00bbno\u00bb row_reverse_mobile=\u00bb0&#8243; row_reverse_tablet=\u00bb0&#8243; woodmart_disable_overflow=\u00bb0&#8243; el_class=\u00bbfilaImgCaracteristica\u00bb][vc_column mobile_bg_img_hidden=\u00bbno\u00bb tablet_bg_img_hidden=\u00bbno\u00bb woodmart_parallax=\u00bb0&#8243; woodmart_sticky_column=\u00bbfalse\u00bb parallax_scroll=\u00bbno\u00bb mobile_reset_margin=\u00bbno\u00bb tablet_reset_margin=\u00bbno\u00bb]<\/p>\n<div class=\"container mb-1\">\n<h3 class=\"text-center\">Informaci\u00f3n t\u00e9cnica<\/h3>\n<div class=\"row row-cols-1 row-cols-md-2 row-cols-xl-3 justify-content-md-center\">\n<div class=\"col-xs-1 col-md-1\">\n<div class=\"card\">\n                            <img decoding=\"async\" class=\"card-img-top w-100 d-block fit-cover pictoprincipalgrande\" src=\"https:\/\/giatsu.com\/wp-content\/uploads\/2023\/08\/altura_reducida-acd45c.webp\" \/><\/p>\n<div class=\"card-body p-4\">\n<h4 class=\"card-text textospictospeques\">Altura reducida<\/h4>\n<\/p><\/div><\/div><\/div>\n<div class=\"col-xs-1 col-md-1\">\n<div class=\"card\">\n                            <img decoding=\"async\" class=\"card-img-top w-100 d-block fit-cover pictoprincipalgrande\" src=\"https:\/\/giatsu.com\/wp-content\/uploads\/2023\/08\/gas_refrigerante-21d266.webp\" \/><\/p>\n<div class=\"card-body p-4\">\n<h4 class=\"card-text textospictospeques\">Gas refrigerante<\/h4>\n<\/p><\/div><\/div><\/div>\n<div class=\"col-xs-1 col-md-1\">\n<div class=\"card\">\n                            <img decoding=\"async\" class=\"card-img-top w-100 d-block fit-cover pictoprincipalgrande\" src=\"https:\/\/giatsu.com\/wp-content\/uploads\/2023\/08\/funcion_anti_frio-822de4.webp\" \/><\/p>\n<div class=\"card-body p-4\">\n<h4 class=\"card-text textospictospeques\">Funci\u00f3n anti fr\u00edo<\/h4>\n<\/p><\/div><\/div><\/div>\n<div class=\"col-xs-1 col-md-1\">\n<div class=\"card\">\n                            <img decoding=\"async\" class=\"card-img-top w-100 d-block fit-cover pictoprincipalgrande\" src=\"https:\/\/giatsu.com\/wp-content\/uploads\/2023\/08\/filtros_para_eliminar_el_olor_limpiar_y_purificar_el_aire-ae9d96.webp\" \/><\/p>\n<div class=\"card-body p-4\">\n<h4 class=\"card-text textospictospeques\">filtros para eliminar el olor, limpiar y purificar el aire<\/h4>\n<\/p><\/div><\/div><\/div>\n<div class=\"col-xs-1 col-md-1\">\n<div class=\"card\">\n                            <img decoding=\"async\" class=\"card-img-top w-100 d-block fit-cover pictoprincipalgrande\" src=\"https:\/\/giatsu.com\/wp-content\/uploads\/2023\/08\/auto_restart-50f34a.webp\" \/><\/p>\n<div class=\"card-body p-4\">\n<h4 class=\"card-text textospictospeques\">Auto restart<\/h4>\n<\/p><\/div><\/div><\/div><\/div><\/div>\n<div class=\"row justify-content-md-center\">\n<div class=\"vc_btn3-container vc_btn3-inline\" id=\"botonDescargarFicha\">\n                        <a target=\"_blank\" class=\"btn btn-light border rounded-4 botondescarga\" href=\"https:\/\/giatsu.com\/documentacion\/\/giatsu-fichas-tecnicas-vrf-km-espanol.pdf\" title=\"\" rel=\"noopener\">Descargar ficha t\u00e9cnica<\/a>\n                 <\/div><\/div>\n<div class=\"row\">\n<hr>\n<div class=\"col text-center\"><a target=\"_blank\" href=\"https:\/\/giatsu.com\/documentacion\/\/giatsu-manual-de-usuario-e-instalacion-vrf-km-multiidioma.pdf\" class=\"btn btn-light border rounded-4 botonDescargaManual botondescarga\" rel=\"noopener\">Manual de usuario<\/a><\/div>\n<div class=\"col text-center\"><a target=\"_blank\" href=\"https:\/\/giatsu.com\/documentacion\/\/giatsu-manual-de-instalacion-vrf-km-multiidioma.pdf\" class=\"btn btn-light border rounded-4 botonDescargaManual botondescarga\" rel=\"noopener\">Manual de instalaci\u00f3n<\/a><\/div>\n<hr>\n<\/div>\n<\/div>","protected":false},"excerpt":{"rendered":"<div>\n<p>El <strong>conjunto de conducto de media presi&oacute;n centrifuga invisible<\/strong> combina tecnolog&iacute;a de vanguardia con un dise&ntilde;o compacto y funcional.<\/p>\n<p>Este sistema de climatizaci&oacute;n se destaca por varias caracter&iacute;sticas impresionantes que lo convierten en una opci&oacute;n ideal para mantener tu espacio a la temperatura perfecta con eficiencia y comodidad.<\/p>\n<p><strong>Equipado con compresores y ventiladores DC Inverter<\/strong>, es extremadamente eficiente en el consumo de energ&iacute;a, lo que se traduce en ahorros significativos en tus costos de electricidad.<\/p>\n<p>Su <strong>dise&ntilde;o compacto<\/strong> permite una instalaci&oacute;n vers&aacute;til, ya que se puede integrar f&aacute;cilmente en espacios reducidos.<\/p>\n<p>La calidad del aire es una prioridad en este conjunto de conducto, gracias a la <strong>inclusi&oacute;n de filtros que atrapan part&iacute;culas da&ntilde;inas<\/strong>, como polvo y al&eacute;rgenos, asegurando un ambiente limpio y saludable.<\/p>\n<p>La <strong>funci&oacute;n antihielo<\/strong> es un salvavidas en climas fr&iacute;os, ya que evita la acumulaci&oacute;n de hielo en el sistema, manteniendo un funcionamiento &oacute;ptimo incluso en temperaturas extremadamente bajas.<\/p>\n<p>Otra caracter&iacute;stica importante es su <strong>altura reducida<\/strong>, lo que facilita su instalaci&oacute;n en techos bajos y espacios con limitaciones de altura. Adem&aacute;s, el sistema incluye la funci&oacute;n de auto-restart, que permite que el conjunto se encienda autom&aacute;ticamente en caso de cortes de energ&iacute;a, garantizando que tu confort no se vea comprometido.<\/p>\n<\/div>\n<p>Potencias disponibles: 40KW, 14KW, 16KW<\/p>\n<div class='pictosvoz'><\/div>\n","protected":false},"featured_media":11540,"template":"","meta":{"_monsterinsights_skip_tracking":false,"_monsterinsights_sitenote_active":false,"_monsterinsights_sitenote_note":"","_monsterinsights_sitenote_category":0},"product_brand":[],"product_cat":[590,566],"product_tag":[545,546,547],"class_list":{"0":"post-8304","1":"product","2":"type-product","3":"status-publish","4":"has-post-thumbnail","6":"product_cat-big-duct","7":"product_cat-industrial","8":"product_tag-giac100cmcen","9":"product_tag-giac140cmcen","10":"product_tag-giac150cmcen","12":"first","13":"instock","14":"shipping-taxable","15":"product-type-simple"},"yoast_head":"<!-- This site is optimized with the Yoast SEO plugin v27.4 - https:\/\/yoast.com\/product\/yoast-seo-wordpress\/ -->\n<title>CONJUNTO CONDUCTO MEDIA PRESION INVISIBLE<\/title>\n<meta name=\"description\" content=\"Dise\u00f1ado para elevar tus expectativas en cuanto a rendimiento y comodidad. Este sistema, impulsado por una centr\u00edfuga invisible, redefine la eficiencia al eliminar cualquier obst\u00e1culo visual en tu espacio, mientras trabaja incansablemente para proporcionar un flujo de aire excepcional.\" \/>\n<meta name=\"robots\" content=\"index, follow, max-snippet:-1, max-image-preview:large, max-video-preview:-1\" \/>\n<link rel=\"canonical\" href=\"https:\/\/giatsu.com\/es\/industrial\/big-duct\/conjunto-conducto-media-potencia-vrf\/\" \/>\n<meta property=\"og:locale\" content=\"es_ES\" \/>\n<meta property=\"og:type\" content=\"article\" \/>\n<meta property=\"og:title\" content=\"CONJUNTO CONDUCTO MEDIA PRESION INVISIBLE\" \/>\n<meta property=\"og:description\" content=\"Dise\u00f1ado para elevar tus expectativas en cuanto a rendimiento y comodidad. Este sistema, impulsado por una centr\u00edfuga invisible, redefine la eficiencia al eliminar cualquier obst\u00e1culo visual en tu espacio, mientras trabaja incansablemente para proporcionar un flujo de aire excepcional.\" \/>\n<meta property=\"og:url\" content=\"https:\/\/giatsu.com\/es\/industrial\/big-duct\/conjunto-conducto-media-potencia-vrf\/\" \/>\n<meta property=\"og:site_name\" content=\"GIATSU\" \/>\n<meta property=\"article:modified_time\" content=\"2024-07-08T09:36:27+00:00\" \/>\n<meta property=\"og:image\" content=\"https:\/\/giatsu.com\/wp-content\/uploads\/2023\/10\/conducto-media-4f51d9.webp\" \/>\n\t<meta property=\"og:image:width\" content=\"800\" \/>\n\t<meta property=\"og:image:height\" content=\"800\" \/>\n\t<meta property=\"og:image:type\" content=\"image\/webp\" \/>\n<meta name=\"twitter:card\" content=\"summary_large_image\" \/>\n<script type=\"application\/ld+json\" class=\"yoast-schema-graph\">{\"@context\":\"https:\\\/\\\/schema.org\",\"@graph\":[{\"@type\":\"WebPage\",\"@id\":\"https:\\\/\\\/giatsu.com\\\/es\\\/industrial\\\/big-duct\\\/conjunto-conducto-media-potencia-vrf\\\/\",\"url\":\"https:\\\/\\\/giatsu.com\\\/es\\\/industrial\\\/big-duct\\\/conjunto-conducto-media-potencia-vrf\\\/\",\"name\":\"CONJUNTO CONDUCTO MEDIA PRESION INVISIBLE\",\"isPartOf\":{\"@id\":\"https:\\\/\\\/giatsu.com\\\/es\\\/#website\"},\"primaryImageOfPage\":{\"@id\":\"https:\\\/\\\/giatsu.com\\\/es\\\/industrial\\\/big-duct\\\/conjunto-conducto-media-potencia-vrf\\\/#primaryimage\"},\"image\":{\"@id\":\"https:\\\/\\\/giatsu.com\\\/es\\\/industrial\\\/big-duct\\\/conjunto-conducto-media-potencia-vrf\\\/#primaryimage\"},\"thumbnailUrl\":\"https:\\\/\\\/giatsu.com\\\/wp-content\\\/uploads\\\/2023\\\/10\\\/conducto-media-4f51d9.webp\",\"datePublished\":\"2023-06-06T07:03:31+00:00\",\"dateModified\":\"2024-07-08T09:36:27+00:00\",\"description\":\"Dise\u00f1ado para elevar tus expectativas en cuanto a rendimiento y comodidad. Este sistema, impulsado por una centr\u00edfuga invisible, redefine la eficiencia al eliminar cualquier obst\u00e1culo visual en tu espacio, mientras trabaja incansablemente para proporcionar un flujo de aire excepcional.\",\"breadcrumb\":{\"@id\":\"https:\\\/\\\/giatsu.com\\\/es\\\/industrial\\\/big-duct\\\/conjunto-conducto-media-potencia-vrf\\\/#breadcrumb\"},\"inLanguage\":\"es\",\"potentialAction\":[{\"@type\":\"ReadAction\",\"target\":[\"https:\\\/\\\/giatsu.com\\\/es\\\/industrial\\\/big-duct\\\/conjunto-conducto-media-potencia-vrf\\\/\"]}]},{\"@type\":\"ImageObject\",\"inLanguage\":\"es\",\"@id\":\"https:\\\/\\\/giatsu.com\\\/es\\\/industrial\\\/big-duct\\\/conjunto-conducto-media-potencia-vrf\\\/#primaryimage\",\"url\":\"https:\\\/\\\/giatsu.com\\\/wp-content\\\/uploads\\\/2023\\\/10\\\/conducto-media-4f51d9.webp\",\"contentUrl\":\"https:\\\/\\\/giatsu.com\\\/wp-content\\\/uploads\\\/2023\\\/10\\\/conducto-media-4f51d9.webp\",\"width\":800,\"height\":800},{\"@type\":\"BreadcrumbList\",\"@id\":\"https:\\\/\\\/giatsu.com\\\/es\\\/industrial\\\/big-duct\\\/conjunto-conducto-media-potencia-vrf\\\/#breadcrumb\",\"itemListElement\":[{\"@type\":\"ListItem\",\"position\":1,\"name\":\"Home\",\"item\":\"https:\\\/\\\/giatsu.com\\\/es\\\/\"},{\"@type\":\"ListItem\",\"position\":2,\"name\":\"PRODUCTOS\",\"item\":\"https:\\\/\\\/giatsu.com\\\/es\\\/productos\\\/\"},{\"@type\":\"ListItem\",\"position\":3,\"name\":\"CONJUNTO CONDUCTO MEDIA PRESION INVISIBLE\"}]},{\"@type\":\"WebSite\",\"@id\":\"https:\\\/\\\/giatsu.com\\\/es\\\/#website\",\"url\":\"https:\\\/\\\/giatsu.com\\\/es\\\/\",\"name\":\"GIATSU\",\"description\":\"Quality Comfort Everywhere\",\"potentialAction\":[{\"@type\":\"SearchAction\",\"target\":{\"@type\":\"EntryPoint\",\"urlTemplate\":\"https:\\\/\\\/giatsu.com\\\/es\\\/?s={search_term_string}\"},\"query-input\":{\"@type\":\"PropertyValueSpecification\",\"valueRequired\":true,\"valueName\":\"search_term_string\"}}],\"inLanguage\":\"es\"}]}<\/script>\n<!-- \/ Yoast SEO plugin. -->","yoast_head_json":{"title":"CONJUNTO CONDUCTO MEDIA PRESION INVISIBLE","description":"Dise\u00f1ado para elevar tus expectativas en cuanto a rendimiento y comodidad. Este sistema, impulsado por una centr\u00edfuga invisible, redefine la eficiencia al eliminar cualquier obst\u00e1culo visual en tu espacio, mientras trabaja incansablemente para proporcionar un flujo de aire excepcional.","robots":{"index":"index","follow":"follow","max-snippet":"max-snippet:-1","max-image-preview":"max-image-preview:large","max-video-preview":"max-video-preview:-1"},"canonical":"https:\/\/giatsu.com\/es\/industrial\/big-duct\/conjunto-conducto-media-potencia-vrf\/","og_locale":"es_ES","og_type":"article","og_title":"CONJUNTO CONDUCTO MEDIA PRESION INVISIBLE","og_description":"Dise\u00f1ado para elevar tus expectativas en cuanto a rendimiento y comodidad. Este sistema, impulsado por una centr\u00edfuga invisible, redefine la eficiencia al eliminar cualquier obst\u00e1culo visual en tu espacio, mientras trabaja incansablemente para proporcionar un flujo de aire excepcional.","og_url":"https:\/\/giatsu.com\/es\/industrial\/big-duct\/conjunto-conducto-media-potencia-vrf\/","og_site_name":"GIATSU","article_modified_time":"2024-07-08T09:36:27+00:00","og_image":[{"width":800,"height":800,"url":"https:\/\/giatsu.com\/wp-content\/uploads\/2023\/10\/conducto-media-4f51d9.webp","type":"image\/webp"}],"twitter_card":"summary_large_image","schema":{"@context":"https:\/\/schema.org","@graph":[{"@type":"WebPage","@id":"https:\/\/giatsu.com\/es\/industrial\/big-duct\/conjunto-conducto-media-potencia-vrf\/","url":"https:\/\/giatsu.com\/es\/industrial\/big-duct\/conjunto-conducto-media-potencia-vrf\/","name":"CONJUNTO CONDUCTO MEDIA PRESION INVISIBLE","isPartOf":{"@id":"https:\/\/giatsu.com\/es\/#website"},"primaryImageOfPage":{"@id":"https:\/\/giatsu.com\/es\/industrial\/big-duct\/conjunto-conducto-media-potencia-vrf\/#primaryimage"},"image":{"@id":"https:\/\/giatsu.com\/es\/industrial\/big-duct\/conjunto-conducto-media-potencia-vrf\/#primaryimage"},"thumbnailUrl":"https:\/\/giatsu.com\/wp-content\/uploads\/2023\/10\/conducto-media-4f51d9.webp","datePublished":"2023-06-06T07:03:31+00:00","dateModified":"2024-07-08T09:36:27+00:00","description":"Dise\u00f1ado para elevar tus expectativas en cuanto a rendimiento y comodidad. Este sistema, impulsado por una centr\u00edfuga invisible, redefine la eficiencia al eliminar cualquier obst\u00e1culo visual en tu espacio, mientras trabaja incansablemente para proporcionar un flujo de aire excepcional.","breadcrumb":{"@id":"https:\/\/giatsu.com\/es\/industrial\/big-duct\/conjunto-conducto-media-potencia-vrf\/#breadcrumb"},"inLanguage":"es","potentialAction":[{"@type":"ReadAction","target":["https:\/\/giatsu.com\/es\/industrial\/big-duct\/conjunto-conducto-media-potencia-vrf\/"]}]},{"@type":"ImageObject","inLanguage":"es","@id":"https:\/\/giatsu.com\/es\/industrial\/big-duct\/conjunto-conducto-media-potencia-vrf\/#primaryimage","url":"https:\/\/giatsu.com\/wp-content\/uploads\/2023\/10\/conducto-media-4f51d9.webp","contentUrl":"https:\/\/giatsu.com\/wp-content\/uploads\/2023\/10\/conducto-media-4f51d9.webp","width":800,"height":800},{"@type":"BreadcrumbList","@id":"https:\/\/giatsu.com\/es\/industrial\/big-duct\/conjunto-conducto-media-potencia-vrf\/#breadcrumb","itemListElement":[{"@type":"ListItem","position":1,"name":"Home","item":"https:\/\/giatsu.com\/es\/"},{"@type":"ListItem","position":2,"name":"PRODUCTOS","item":"https:\/\/giatsu.com\/es\/productos\/"},{"@type":"ListItem","position":3,"name":"CONJUNTO CONDUCTO MEDIA PRESION INVISIBLE"}]},{"@type":"WebSite","@id":"https:\/\/giatsu.com\/es\/#website","url":"https:\/\/giatsu.com\/es\/","name":"GIATSU","description":"Quality Comfort Everywhere","potentialAction":[{"@type":"SearchAction","target":{"@type":"EntryPoint","urlTemplate":"https:\/\/giatsu.com\/es\/?s={search_term_string}"},"query-input":{"@type":"PropertyValueSpecification","valueRequired":true,"valueName":"search_term_string"}}],"inLanguage":"es"}]}},"_links":{"self":[{"href":"https:\/\/giatsu.com\/es\/wp-json\/wp\/v2\/product\/8304","targetHints":{"allow":["GET"]}}],"collection":[{"href":"https:\/\/giatsu.com\/es\/wp-json\/wp\/v2\/product"}],"about":[{"href":"https:\/\/giatsu.com\/es\/wp-json\/wp\/v2\/types\/product"}],"wp:featuredmedia":[{"embeddable":true,"href":"https:\/\/giatsu.com\/es\/wp-json\/wp\/v2\/media\/11540"}],"wp:attachment":[{"href":"https:\/\/giatsu.com\/es\/wp-json\/wp\/v2\/media?parent=8304"}],"wp:term":[{"taxonomy":"product_brand","embeddable":true,"href":"https:\/\/giatsu.com\/es\/wp-json\/wp\/v2\/product_brand?post=8304"},{"taxonomy":"product_cat","embeddable":true,"href":"https:\/\/giatsu.com\/es\/wp-json\/wp\/v2\/product_cat?post=8304"},{"taxonomy":"product_tag","embeddable":true,"href":"https:\/\/giatsu.com\/es\/wp-json\/wp\/v2\/product_tag?post=8304"}],"curies":[{"name":"wp","href":"https:\/\/api.w.org\/{rel}","templated":true}]}}