{"id":8301,"date":"2023-06-06T07:03:24","date_gmt":"2023-06-06T07:03:24","guid":{"rendered":"https:\/\/giatsu.es\/?post_type=product&#038;p=8301"},"modified":"2025-04-16T11:06:37","modified_gmt":"2025-04-16T11:06:37","slug":"chillers-enfriadoras-modulares-inverter","status":"publish","type":"product","link":"https:\/\/giatsu.com\/es\/industrial\/chillers\/chillers-enfriadoras-modulares-inverter\/","title":{"rendered":"CHILLERS ENFRIADORAS MODULARES INVERTER"},"content":{"rendered":"<div class=\"wpb-content-wrapper\"><div class=\"container mb-1 moduloprincipalespictos\">\n<h2 class=\"text-center tituloprincipales\">Caracter\u00edsticas principales<\/h2>\n<div class=\"row row-cols-1 row-cols-md-2 row-cols-xl-3\">\n<div class=\"col-xs-6 col-md-3 order-last\">\n<div class=\"card\">\n                            <img decoding=\"async\" class=\"card-img-top w-100 d-block fit-cover pictoprincipalgrande\" src=\"https:\/\/giatsu.com\/wp-content\/uploads\/2023\/08\/r32-58a8d5.webp\" \/><\/p>\n<div class=\"card-body p-4\">\n<h3 class=\"font-weight-bold card-title\">Refrigerante R32<\/h3>\n<p class=\"card-text\">El gas R32 tiene un \u00edndice de Potencial de Calentamiento Atmosf\u00e9rico (PCA) muy bajo, una gran eficiencia y poder de refrigeraci\u00f3n.<\/p>\n<\/p><\/div><\/div><\/div>\n<div class=\"col-xs-6 col-md-3 order-last\">\n<div class=\"card\">\n                            <img decoding=\"async\" class=\"card-img-top w-100 d-block fit-cover pictoprincipalgrande\" src=\"https:\/\/giatsu.com\/wp-content\/uploads\/2023\/06\/tecnologia_inverter-495dd8.webp\" \/><\/p>\n<div class=\"card-body p-4\">\n<h3 class=\"font-weight-bold card-title\">Tecnolog\u00eda inverter<\/h3>\n<p class=\"card-text\">Al trabajar el compresor de forma continua se consigue un ahorro de hasta el 50% de energ\u00eda con respecto a equipos convencionales.<\/p>\n<\/p><\/div><\/div><\/div><\/div><\/div>\n<hr>\n<p>        [vc_row mobile_bg_img_hidden=\u00bbno\u00bb tablet_bg_img_hidden=\u00bbno\u00bb woodmart_parallax=\u00bb0&#8243; woodmart_gradient_switch=\u00bbno\u00bb row_reverse_mobile=\u00bb0&#8243; row_reverse_tablet=\u00bb0&#8243; woodmart_disable_overflow=\u00bb0&#8243; el_class=\u00bbfilaImgCaracteristica\u00bb][vc_column mobile_bg_img_hidden=\u00bbno\u00bb tablet_bg_img_hidden=\u00bbno\u00bb woodmart_parallax=\u00bb0&#8243; woodmart_sticky_column=\u00bbfalse\u00bb parallax_scroll=\u00bbno\u00bb mobile_reset_margin=\u00bbno\u00bb tablet_reset_margin=\u00bbno\u00bb]<\/p>\n<div class=\"row justify-content-md-center\">\n<div class=\"vc_btn3-container vc_btn3-inline\" id=\"botonDescargarFicha\">\n                        <a target=\"_blank\" class=\"btn btn-light border rounded-4 botondescarga\" href=\"https:\/\/giatsu.com\/documentacion\/\/giatsu-fichas-tecnicas-chillers-enfriadoras-modulares-inverter-aqua-thermal-r32-espanol.pdf\" title=\"\">Descargar ficha t\u00e9cnica<\/a>\n                 <\/div><\/div>\n<div class=\"row\">\n<hr>\n<div class=\"col text-center\"><a target=\"_blank\" href=\"https:\/\/giatsu.com\/documentacion\/\/giatsu-manual-de-usuario-e-instalacion-chillers-enfriadoras-modulares-inverter-aqua-thermal-r32-.pdf\" class=\"btn btn-light border rounded-4 botonDescargaManual botondescarga\">Manual de usuario<\/a><\/div>\n<hr>\n<\/div>\n<\/div>","protected":false},"excerpt":{"rendered":"<p>Descubre nuestra&nbsp;<strong>Chiller Enfriadora de Giatsu<\/strong>, equipada con <strong>full DC inverter<\/strong>, posibilidad de gesti&oacute;n de cascada, bomba de calor y un intercambiador de aire de m&aacute;xima eficiencia.<\/p>\n<p>Es la elecci&oacute;n perfecta para aquellos que buscan un <strong>sistema de refrigeraci&oacute;n de alto rendimiento y versatilidad<\/strong>. Con su&nbsp;tecnolog&iacute;a full DC inverter, garantiza un funcionamiento eficiente y econ&oacute;mico, adaptando la velocidad del compresor seg&uacute;n la demanda de refrigeraci&oacute;n, lo que se traduce en ahorros significativos en el consumo energ&eacute;tico.<\/p>\n<p>Con la funci&oacute;n de cascada, puedes conectar y gestionar varias unidades, maximizando el rendimiento y adapt&aacute;ndote a las necesidades espec&iacute;ficas de tu proyecto.&nbsp;<\/p>\n<p><strong>No solo enfr&iacute;a,&nbsp;tambi&eacute;n funciona como bomba de calor.<\/strong>&nbsp;Esta versatilidad te permite utilizarla tanto para refrigerar como para calentar tu espacio, brind&aacute;ndote un control completo de la temperatura durante todo el a&ntilde;o. Disfruta de un confort excepcional y eficiencia en un solo equipo.<\/p>\n<p>El&nbsp;<strong>intercambiador de aire de m&aacute;xima eficiencia<\/strong>&nbsp;es otra caracter&iacute;stica destacada. Este intercambiador garantiza una transferencia de calor &oacute;ptima, maximizando el rendimiento y la eficiencia energ&eacute;tica.&nbsp;<\/p>\n<p>Es una soluci&oacute;n completa y confiable para tu sistema de refrigeraci&oacute;n. Dise&ntilde;ada con los m&aacute;s altos est&aacute;ndares de calidad, puedes contar con su rendimiento consistente y durabilidad a largo plazo.<\/p>\n<p>Potencias disponibles: 82KW, 164KW<\/p>\n<div class='pictosvoz'><\/div>\n","protected":false},"featured_media":10871,"template":"","meta":{"_monsterinsights_skip_tracking":false,"_monsterinsights_sitenote_active":false,"_monsterinsights_sitenote_note":"","_monsterinsights_sitenote_category":0},"product_brand":[],"product_cat":[580,566],"product_tag":[471,472,473,474],"class_list":{"0":"post-8301","1":"product","2":"type-product","3":"status-publish","4":"has-post-thumbnail","6":"product_cat-chillers","7":"product_cat-industrial","8":"product_tag-gia-mcsu140rn8lb","9":"product_tag-gia-mcsu180rn8lb","10":"product_tag-gia-mcsu75rn8lb","11":"product_tag-gia-mcsu90rn8lb","13":"first","14":"instock","15":"shipping-taxable","16":"product-type-simple"},"yoast_head":"<!-- This site is optimized with the Yoast SEO plugin v27.4 - https:\/\/yoast.com\/product\/yoast-seo-wordpress\/ -->\n<title>Chiller Enfriadora de Giatsu<\/title>\n<meta name=\"description\" content=\"Enfriadora Modular Inverter de Giatsu con tecnolog\u00eda full DC inverter, gesti\u00f3n en cascada, bomba de calor y alto rendimiento energ\u00e9tico.\" \/>\n<meta name=\"robots\" content=\"index, follow, max-snippet:-1, max-image-preview:large, max-video-preview:-1\" \/>\n<link rel=\"canonical\" href=\"https:\/\/giatsu.com\/es\/industrial\/chillers\/chillers-enfriadoras-modulares-inverter\/\" \/>\n<meta property=\"og:locale\" content=\"es_ES\" \/>\n<meta property=\"og:type\" content=\"article\" \/>\n<meta property=\"og:title\" content=\"Chiller Enfriadora de Giatsu\" \/>\n<meta property=\"og:description\" content=\"Enfriadora Modular Inverter de Giatsu con tecnolog\u00eda full DC inverter, gesti\u00f3n en cascada, bomba de calor y alto rendimiento energ\u00e9tico.\" \/>\n<meta property=\"og:url\" content=\"https:\/\/giatsu.com\/es\/industrial\/chillers\/chillers-enfriadoras-modulares-inverter\/\" \/>\n<meta property=\"og:site_name\" content=\"GIATSU\" \/>\n<meta property=\"article:modified_time\" content=\"2025-04-16T11:06:37+00:00\" \/>\n<meta property=\"og:image\" content=\"https:\/\/giatsu.com\/wp-content\/uploads\/2023\/08\/chiller2-e3fe3c.webp\" \/>\n\t<meta property=\"og:image:width\" content=\"800\" \/>\n\t<meta property=\"og:image:height\" content=\"800\" \/>\n\t<meta property=\"og:image:type\" content=\"image\/webp\" \/>\n<meta name=\"twitter:card\" content=\"summary_large_image\" \/>\n<meta name=\"twitter:label1\" content=\"Tiempo de lectura\" \/>\n\t<meta name=\"twitter:data1\" content=\"1 minuto\" \/>\n<script type=\"application\/ld+json\" class=\"yoast-schema-graph\">{\"@context\":\"https:\\\/\\\/schema.org\",\"@graph\":[{\"@type\":\"WebPage\",\"@id\":\"https:\\\/\\\/giatsu.com\\\/es\\\/industrial\\\/chillers\\\/chillers-enfriadoras-modulares-inverter\\\/\",\"url\":\"https:\\\/\\\/giatsu.com\\\/es\\\/industrial\\\/chillers\\\/chillers-enfriadoras-modulares-inverter\\\/\",\"name\":\"Chiller Enfriadora de Giatsu\",\"isPartOf\":{\"@id\":\"https:\\\/\\\/giatsu.com\\\/es\\\/#website\"},\"primaryImageOfPage\":{\"@id\":\"https:\\\/\\\/giatsu.com\\\/es\\\/industrial\\\/chillers\\\/chillers-enfriadoras-modulares-inverter\\\/#primaryimage\"},\"image\":{\"@id\":\"https:\\\/\\\/giatsu.com\\\/es\\\/industrial\\\/chillers\\\/chillers-enfriadoras-modulares-inverter\\\/#primaryimage\"},\"thumbnailUrl\":\"https:\\\/\\\/giatsu.com\\\/wp-content\\\/uploads\\\/2023\\\/08\\\/chiller2-e3fe3c.webp\",\"datePublished\":\"2023-06-06T07:03:24+00:00\",\"dateModified\":\"2025-04-16T11:06:37+00:00\",\"description\":\"Enfriadora Modular Inverter de Giatsu con tecnolog\u00eda full DC inverter, gesti\u00f3n en cascada, bomba de calor y alto rendimiento energ\u00e9tico.\",\"breadcrumb\":{\"@id\":\"https:\\\/\\\/giatsu.com\\\/es\\\/industrial\\\/chillers\\\/chillers-enfriadoras-modulares-inverter\\\/#breadcrumb\"},\"inLanguage\":\"es\",\"potentialAction\":[{\"@type\":\"ReadAction\",\"target\":[\"https:\\\/\\\/giatsu.com\\\/es\\\/industrial\\\/chillers\\\/chillers-enfriadoras-modulares-inverter\\\/\"]}]},{\"@type\":\"ImageObject\",\"inLanguage\":\"es\",\"@id\":\"https:\\\/\\\/giatsu.com\\\/es\\\/industrial\\\/chillers\\\/chillers-enfriadoras-modulares-inverter\\\/#primaryimage\",\"url\":\"https:\\\/\\\/giatsu.com\\\/wp-content\\\/uploads\\\/2023\\\/08\\\/chiller2-e3fe3c.webp\",\"contentUrl\":\"https:\\\/\\\/giatsu.com\\\/wp-content\\\/uploads\\\/2023\\\/08\\\/chiller2-e3fe3c.webp\",\"width\":800,\"height\":800},{\"@type\":\"BreadcrumbList\",\"@id\":\"https:\\\/\\\/giatsu.com\\\/es\\\/industrial\\\/chillers\\\/chillers-enfriadoras-modulares-inverter\\\/#breadcrumb\",\"itemListElement\":[{\"@type\":\"ListItem\",\"position\":1,\"name\":\"Home\",\"item\":\"https:\\\/\\\/giatsu.com\\\/es\\\/\"},{\"@type\":\"ListItem\",\"position\":2,\"name\":\"PRODUCTOS\",\"item\":\"https:\\\/\\\/giatsu.com\\\/es\\\/productos\\\/\"},{\"@type\":\"ListItem\",\"position\":3,\"name\":\"CHILLERS ENFRIADORAS MODULARES INVERTER\"}]},{\"@type\":\"WebSite\",\"@id\":\"https:\\\/\\\/giatsu.com\\\/es\\\/#website\",\"url\":\"https:\\\/\\\/giatsu.com\\\/es\\\/\",\"name\":\"GIATSU\",\"description\":\"Quality Comfort Everywhere\",\"potentialAction\":[{\"@type\":\"SearchAction\",\"target\":{\"@type\":\"EntryPoint\",\"urlTemplate\":\"https:\\\/\\\/giatsu.com\\\/es\\\/?s={search_term_string}\"},\"query-input\":{\"@type\":\"PropertyValueSpecification\",\"valueRequired\":true,\"valueName\":\"search_term_string\"}}],\"inLanguage\":\"es\"}]}<\/script>\n<!-- \/ Yoast SEO plugin. -->","yoast_head_json":{"title":"Chiller Enfriadora de Giatsu","description":"Enfriadora Modular Inverter de Giatsu con tecnolog\u00eda full DC inverter, gesti\u00f3n en cascada, bomba de calor y alto rendimiento energ\u00e9tico.","robots":{"index":"index","follow":"follow","max-snippet":"max-snippet:-1","max-image-preview":"max-image-preview:large","max-video-preview":"max-video-preview:-1"},"canonical":"https:\/\/giatsu.com\/es\/industrial\/chillers\/chillers-enfriadoras-modulares-inverter\/","og_locale":"es_ES","og_type":"article","og_title":"Chiller Enfriadora de Giatsu","og_description":"Enfriadora Modular Inverter de Giatsu con tecnolog\u00eda full DC inverter, gesti\u00f3n en cascada, bomba de calor y alto rendimiento energ\u00e9tico.","og_url":"https:\/\/giatsu.com\/es\/industrial\/chillers\/chillers-enfriadoras-modulares-inverter\/","og_site_name":"GIATSU","article_modified_time":"2025-04-16T11:06:37+00:00","og_image":[{"width":800,"height":800,"url":"https:\/\/giatsu.com\/wp-content\/uploads\/2023\/08\/chiller2-e3fe3c.webp","type":"image\/webp"}],"twitter_card":"summary_large_image","twitter_misc":{"Tiempo de lectura":"1 minuto"},"schema":{"@context":"https:\/\/schema.org","@graph":[{"@type":"WebPage","@id":"https:\/\/giatsu.com\/es\/industrial\/chillers\/chillers-enfriadoras-modulares-inverter\/","url":"https:\/\/giatsu.com\/es\/industrial\/chillers\/chillers-enfriadoras-modulares-inverter\/","name":"Chiller Enfriadora de Giatsu","isPartOf":{"@id":"https:\/\/giatsu.com\/es\/#website"},"primaryImageOfPage":{"@id":"https:\/\/giatsu.com\/es\/industrial\/chillers\/chillers-enfriadoras-modulares-inverter\/#primaryimage"},"image":{"@id":"https:\/\/giatsu.com\/es\/industrial\/chillers\/chillers-enfriadoras-modulares-inverter\/#primaryimage"},"thumbnailUrl":"https:\/\/giatsu.com\/wp-content\/uploads\/2023\/08\/chiller2-e3fe3c.webp","datePublished":"2023-06-06T07:03:24+00:00","dateModified":"2025-04-16T11:06:37+00:00","description":"Enfriadora Modular Inverter de Giatsu con tecnolog\u00eda full DC inverter, gesti\u00f3n en cascada, bomba de calor y alto rendimiento energ\u00e9tico.","breadcrumb":{"@id":"https:\/\/giatsu.com\/es\/industrial\/chillers\/chillers-enfriadoras-modulares-inverter\/#breadcrumb"},"inLanguage":"es","potentialAction":[{"@type":"ReadAction","target":["https:\/\/giatsu.com\/es\/industrial\/chillers\/chillers-enfriadoras-modulares-inverter\/"]}]},{"@type":"ImageObject","inLanguage":"es","@id":"https:\/\/giatsu.com\/es\/industrial\/chillers\/chillers-enfriadoras-modulares-inverter\/#primaryimage","url":"https:\/\/giatsu.com\/wp-content\/uploads\/2023\/08\/chiller2-e3fe3c.webp","contentUrl":"https:\/\/giatsu.com\/wp-content\/uploads\/2023\/08\/chiller2-e3fe3c.webp","width":800,"height":800},{"@type":"BreadcrumbList","@id":"https:\/\/giatsu.com\/es\/industrial\/chillers\/chillers-enfriadoras-modulares-inverter\/#breadcrumb","itemListElement":[{"@type":"ListItem","position":1,"name":"Home","item":"https:\/\/giatsu.com\/es\/"},{"@type":"ListItem","position":2,"name":"PRODUCTOS","item":"https:\/\/giatsu.com\/es\/productos\/"},{"@type":"ListItem","position":3,"name":"CHILLERS ENFRIADORAS MODULARES INVERTER"}]},{"@type":"WebSite","@id":"https:\/\/giatsu.com\/es\/#website","url":"https:\/\/giatsu.com\/es\/","name":"GIATSU","description":"Quality Comfort Everywhere","potentialAction":[{"@type":"SearchAction","target":{"@type":"EntryPoint","urlTemplate":"https:\/\/giatsu.com\/es\/?s={search_term_string}"},"query-input":{"@type":"PropertyValueSpecification","valueRequired":true,"valueName":"search_term_string"}}],"inLanguage":"es"}]}},"_links":{"self":[{"href":"https:\/\/giatsu.com\/es\/wp-json\/wp\/v2\/product\/8301","targetHints":{"allow":["GET"]}}],"collection":[{"href":"https:\/\/giatsu.com\/es\/wp-json\/wp\/v2\/product"}],"about":[{"href":"https:\/\/giatsu.com\/es\/wp-json\/wp\/v2\/types\/product"}],"wp:featuredmedia":[{"embeddable":true,"href":"https:\/\/giatsu.com\/es\/wp-json\/wp\/v2\/media\/10871"}],"wp:attachment":[{"href":"https:\/\/giatsu.com\/es\/wp-json\/wp\/v2\/media?parent=8301"}],"wp:term":[{"taxonomy":"product_brand","embeddable":true,"href":"https:\/\/giatsu.com\/es\/wp-json\/wp\/v2\/product_brand?post=8301"},{"taxonomy":"product_cat","embeddable":true,"href":"https:\/\/giatsu.com\/es\/wp-json\/wp\/v2\/product_cat?post=8301"},{"taxonomy":"product_tag","embeddable":true,"href":"https:\/\/giatsu.com\/es\/wp-json\/wp\/v2\/product_tag?post=8301"}],"curies":[{"name":"wp","href":"https:\/\/api.w.org\/{rel}","templated":true}]}}