{"id":8300,"date":"2023-06-06T07:03:22","date_gmt":"2023-06-06T07:03:22","guid":{"rendered":"https:\/\/giatsu.es\/?post_type=product&#038;p=8300"},"modified":"2025-04-16T08:44:29","modified_gmt":"2025-04-16T08:44:29","slug":"interacumuladores-vitrificados-asf","status":"publish","type":"product","link":"https:\/\/giatsu.com\/es\/aerotermia\/acumuladores\/interacumuladores-vitrificados-asf\/","title":{"rendered":"INTERACUMULADOR VITRIFICADO ASF"},"content":{"rendered":"<div class=\"wpb-content-wrapper\"><div class=\"container mb-1 moduloprincipalespictos\">\n<h2 class=\"text-center tituloprincipales\">Caracter\u00edsticas principales<\/h2>\n<div class=\"row row-cols-1 row-cols-md-2 row-cols-xl-3\">\n<div class=\"col-xs-6 col-md-3 order-last\">\n<div class=\"card\">\n                            <img decoding=\"async\" class=\"card-img-top w-100 d-block fit-cover pictoprincipalgrande\" src=\"https:\/\/giatsu.com\/wp-content\/uploads\/2023\/08\/aislamiento-de-poliuretano-de-alta-densidad-e2510f.webp\" \/><\/p>\n<div class=\"card-body p-4\">\n<h3 class=\"font-weight-bold card-title\">Aislamiento de poliuretano de alta densidad<\/h3>\n<p class=\"card-text\">Permite mantener la temperatura del agua del dep\u00f3sito caliente durante m\u00e1s tiempo gracias a su poder aislante.<\/p>\n<\/p><\/div><\/div><\/div>\n<div class=\"col-xs-6 col-md-3 order-last\">\n<div class=\"card\">\n                            <img decoding=\"async\" class=\"card-img-top w-100 d-block fit-cover pictoprincipalgrande\" src=\"https:\/\/giatsu.com\/wp-content\/uploads\/2023\/08\/anodo-de-magnesio-anticorrosion-88b41c.webp\" \/><\/p>\n<div class=\"card-body p-4\">\n<h3 class=\"font-weight-bold card-title\">\u00c1nodo de magnesio anticorrosi\u00f3n<\/h3>\n<p class=\"card-text\">Incorpora un \u00e1nodo de magnesio anticorrosivo que aumenta la vida \u00fatil de la cuba y de la resistencia.<\/p>\n<\/p><\/div><\/div><\/div><\/div><\/div>\n<hr>\n<p>        [vc_row mobile_bg_img_hidden=\u00bbno\u00bb tablet_bg_img_hidden=\u00bbno\u00bb woodmart_parallax=\u00bb0&#8243; woodmart_gradient_switch=\u00bbno\u00bb row_reverse_mobile=\u00bb0&#8243; row_reverse_tablet=\u00bb0&#8243; woodmart_disable_overflow=\u00bb0&#8243; el_class=\u00bbfilaImgCaracteristica\u00bb][vc_column mobile_bg_img_hidden=\u00bbno\u00bb tablet_bg_img_hidden=\u00bbno\u00bb woodmart_parallax=\u00bb0&#8243; woodmart_sticky_column=\u00bbfalse\u00bb parallax_scroll=\u00bbno\u00bb mobile_reset_margin=\u00bbno\u00bb tablet_reset_margin=\u00bbno\u00bb]<\/p>\n<div class=\"container mb-1\">\n<h3 class=\"text-center\">Informaci\u00f3n t\u00e9cnica<\/h3>\n<div class=\"row row-cols-1 row-cols-md-2 row-cols-xl-3 justify-content-md-center\">\n<div class=\"col-xs-1 col-md-1\">\n<div class=\"card\">\n                            <img decoding=\"async\" class=\"card-img-top w-100 d-block fit-cover pictoprincipalgrande\" src=\"https:\/\/giatsu.com\/wp-content\/uploads\/2023\/08\/revestimiento_vitrificado_ceramico-775931.webp\" \/><\/p>\n<div class=\"card-body p-4\">\n<h4 class=\"card-text textospictospeques\">Revestimiento vitrificado cer\u00e1mico<\/h4>\n<\/p><\/div><\/div><\/div>\n<div class=\"col-xs-1 col-md-1\">\n<div class=\"card\">\n                            <img decoding=\"async\" class=\"card-img-top w-100 d-block fit-cover pictoprincipalgrande\" src=\"https:\/\/giatsu.com\/wp-content\/uploads\/2023\/08\/ahorro_de_consumo_y_espacio-442a30.webp\" \/><\/p>\n<div class=\"card-body p-4\">\n<h4 class=\"card-text textospictospeques\">Ahorro de consumo y espacio<\/h4>\n<\/p><\/div><\/div><\/div><\/div><\/div>\n<div class=\"row justify-content-md-center\">\n<div class=\"vc_btn3-container vc_btn3-inline\" id=\"botonDescargarFicha\">\n                        <a target=\"_blank\" class=\"btn btn-light border rounded-4 botondescarga\" href=\"https:\/\/giatsu.com\/documentacion\/\/giatsu-fichas-tecnicas-interacumuladores-asf-.pdf\" title=\"\">Descargar ficha t\u00e9cnica<\/a>\n                 <\/div><\/div>\n<div class=\"row\">\n<hr>\n<div class=\"col text-center\"><a target=\"_blank\" href=\"https:\/\/giatsu.com\/documentacion\/\/giatsu-manual-de-instalacion-interacumuladores-asf-multiidioma.pdf\" class=\"btn btn-light border rounded-4 botonDescargaManual botondescarga\">Manual de usuario<\/a><\/div>\n<hr>\n<\/div>\n<\/div>","protected":false},"excerpt":{"rendered":"<p>El<strong>&nbsp;interacumulador vitrificado<\/strong>&nbsp;destaca por su resistencia duradera y materiales de calidad.&nbsp;<\/p>\n<p>El <strong>vitrificado cer&aacute;mico de alta resistencia <\/strong>en nuestro interacumulador ASF, garantiza una protecci&oacute;n duradera contra la corrosi&oacute;n y los elementos abrasivos.<\/p>\n<p>Disfruta de un producto que se mantendr&aacute; en condiciones &oacute;ptimas durante a&ntilde;os, brind&aacute;ndote agua caliente confiable y de calidad.<\/p>\n<p>La&nbsp;<strong>gran superficie de intercambio<\/strong>&nbsp;en nuestro interacumulador permite una transferencia de calor eficiente.<\/p>\n<p>Aprovecha al m&aacute;ximo la energ&iacute;a disponible y obt&eacute;n un calentamiento r&aacute;pido y uniforme del agua, sin desperdiciar recursos.<\/p>\n<p>El&nbsp;<strong>aislamiento de poliuretano r&iacute;gido de 40kg\/m3<\/strong>&nbsp;con un espesor de 50mm en nuestro interacumulador garantiza una m&aacute;xima eficiencia energ&eacute;tica.<\/p>\n<p>Minimiza las p&eacute;rdidas de calor&nbsp;y reduce tus costos de calefacci&oacute;n, manteniendo el agua caliente por m&aacute;s tiempo y optimizando el consumo de energ&iacute;a.<\/p>\n<p>Modelos Disponibles: 131L, 168L, 265L, 432L<\/p>\n<div class='divPictosEnergia'>[vc_single_image image=&#8217;10310&#8242; alignment=&#8217;center&#8217; woodmart_inline=&#8217;no&#8217; parallax_scroll=&#8217;no&#8217; el_class=&#8217;imgEnergia&#8217; img_size=&#8217;72&#215;36&#8242;]<\/div>\n<div class='pictosvoz'><\/div>\n","protected":false},"featured_media":9288,"template":"","meta":{"_monsterinsights_skip_tracking":false,"_monsterinsights_sitenote_active":false,"_monsterinsights_sitenote_note":"","_monsterinsights_sitenote_category":0},"product_brand":[],"product_cat":[576,560],"product_tag":[506,507,508,509],"class_list":{"0":"post-8300","1":"product","2":"type-product","3":"status-publish","4":"has-post-thumbnail","6":"product_cat-acumuladores","7":"product_cat-aerotermia","8":"product_tag-gia-ivsf-150asf","9":"product_tag-gia-ivsf-200asf","10":"product_tag-gia-ivsf-300asf","11":"product_tag-gia-ivsf-500asf","13":"first","14":"instock","15":"shipping-taxable","16":"product-type-simple"},"yoast_head":"<!-- This site is optimized with the Yoast SEO plugin v27.3 - https:\/\/yoast.com\/product\/yoast-seo-wordpress\/ -->\n<title>INTERACUMULADOR VITRIFICADO ASF<\/title>\n<meta name=\"description\" content=\"El vitrificado cer\u00e1mico de alta resistencia en nuestro interacumulador ASF garantiza una protecci\u00f3n duradera contra la corrosi\u00f3n y los elementos abrasivos.\" \/>\n<meta name=\"robots\" content=\"index, follow, max-snippet:-1, max-image-preview:large, max-video-preview:-1\" \/>\n<link rel=\"canonical\" href=\"https:\/\/giatsu.com\/es\/aerotermia\/acumuladores\/interacumuladores-vitrificados-asf\/\" \/>\n<meta property=\"og:locale\" content=\"es_ES\" \/>\n<meta property=\"og:type\" content=\"article\" \/>\n<meta property=\"og:title\" content=\"INTERACUMULADOR VITRIFICADO ASF\" \/>\n<meta property=\"og:description\" content=\"El vitrificado cer\u00e1mico de alta resistencia en nuestro interacumulador ASF garantiza una protecci\u00f3n duradera contra la corrosi\u00f3n y los elementos abrasivos.\" \/>\n<meta property=\"og:url\" content=\"https:\/\/giatsu.com\/es\/aerotermia\/acumuladores\/interacumuladores-vitrificados-asf\/\" \/>\n<meta property=\"og:site_name\" content=\"GIATSU\" \/>\n<meta property=\"article:modified_time\" content=\"2025-04-16T08:44:29+00:00\" \/>\n<meta property=\"og:image\" content=\"https:\/\/giatsu.com\/wp-content\/uploads\/2023\/08\/asf-d64b1a.webp\" \/>\n\t<meta property=\"og:image:width\" content=\"800\" \/>\n\t<meta property=\"og:image:height\" content=\"800\" \/>\n\t<meta property=\"og:image:type\" content=\"image\/webp\" \/>\n<meta name=\"twitter:card\" content=\"summary_large_image\" \/>\n<meta name=\"twitter:label1\" content=\"Tiempo de lectura\" \/>\n\t<meta name=\"twitter:data1\" content=\"1 minuto\" \/>\n<script type=\"application\/ld+json\" class=\"yoast-schema-graph\">{\"@context\":\"https:\\\/\\\/schema.org\",\"@graph\":[{\"@type\":\"WebPage\",\"@id\":\"https:\\\/\\\/giatsu.com\\\/es\\\/aerotermia\\\/acumuladores\\\/interacumuladores-vitrificados-asf\\\/\",\"url\":\"https:\\\/\\\/giatsu.com\\\/es\\\/aerotermia\\\/acumuladores\\\/interacumuladores-vitrificados-asf\\\/\",\"name\":\"INTERACUMULADOR VITRIFICADO ASF\",\"isPartOf\":{\"@id\":\"https:\\\/\\\/giatsu.com\\\/es\\\/#website\"},\"primaryImageOfPage\":{\"@id\":\"https:\\\/\\\/giatsu.com\\\/es\\\/aerotermia\\\/acumuladores\\\/interacumuladores-vitrificados-asf\\\/#primaryimage\"},\"image\":{\"@id\":\"https:\\\/\\\/giatsu.com\\\/es\\\/aerotermia\\\/acumuladores\\\/interacumuladores-vitrificados-asf\\\/#primaryimage\"},\"thumbnailUrl\":\"https:\\\/\\\/giatsu.com\\\/wp-content\\\/uploads\\\/2023\\\/08\\\/asf-d64b1a.webp\",\"datePublished\":\"2023-06-06T07:03:22+00:00\",\"dateModified\":\"2025-04-16T08:44:29+00:00\",\"description\":\"El vitrificado cer\u00e1mico de alta resistencia en nuestro interacumulador ASF garantiza una protecci\u00f3n duradera contra la corrosi\u00f3n y los elementos abrasivos.\",\"breadcrumb\":{\"@id\":\"https:\\\/\\\/giatsu.com\\\/es\\\/aerotermia\\\/acumuladores\\\/interacumuladores-vitrificados-asf\\\/#breadcrumb\"},\"inLanguage\":\"es\",\"potentialAction\":[{\"@type\":\"ReadAction\",\"target\":[\"https:\\\/\\\/giatsu.com\\\/es\\\/aerotermia\\\/acumuladores\\\/interacumuladores-vitrificados-asf\\\/\"]}]},{\"@type\":\"ImageObject\",\"inLanguage\":\"es\",\"@id\":\"https:\\\/\\\/giatsu.com\\\/es\\\/aerotermia\\\/acumuladores\\\/interacumuladores-vitrificados-asf\\\/#primaryimage\",\"url\":\"https:\\\/\\\/giatsu.com\\\/wp-content\\\/uploads\\\/2023\\\/08\\\/asf-d64b1a.webp\",\"contentUrl\":\"https:\\\/\\\/giatsu.com\\\/wp-content\\\/uploads\\\/2023\\\/08\\\/asf-d64b1a.webp\",\"width\":800,\"height\":800},{\"@type\":\"BreadcrumbList\",\"@id\":\"https:\\\/\\\/giatsu.com\\\/es\\\/aerotermia\\\/acumuladores\\\/interacumuladores-vitrificados-asf\\\/#breadcrumb\",\"itemListElement\":[{\"@type\":\"ListItem\",\"position\":1,\"name\":\"Home\",\"item\":\"https:\\\/\\\/giatsu.com\\\/es\\\/\"},{\"@type\":\"ListItem\",\"position\":2,\"name\":\"PRODUCTOS\",\"item\":\"https:\\\/\\\/giatsu.com\\\/es\\\/productos\\\/\"},{\"@type\":\"ListItem\",\"position\":3,\"name\":\"INTERACUMULADOR VITRIFICADO ASF\"}]},{\"@type\":\"WebSite\",\"@id\":\"https:\\\/\\\/giatsu.com\\\/es\\\/#website\",\"url\":\"https:\\\/\\\/giatsu.com\\\/es\\\/\",\"name\":\"GIATSU\",\"description\":\"Quality Comfort Everywhere\",\"potentialAction\":[{\"@type\":\"SearchAction\",\"target\":{\"@type\":\"EntryPoint\",\"urlTemplate\":\"https:\\\/\\\/giatsu.com\\\/es\\\/?s={search_term_string}\"},\"query-input\":{\"@type\":\"PropertyValueSpecification\",\"valueRequired\":true,\"valueName\":\"search_term_string\"}}],\"inLanguage\":\"es\"}]}<\/script>\n<!-- \/ Yoast SEO plugin. -->","yoast_head_json":{"title":"INTERACUMULADOR VITRIFICADO ASF","description":"El vitrificado cer\u00e1mico de alta resistencia en nuestro interacumulador ASF garantiza una protecci\u00f3n duradera contra la corrosi\u00f3n y los elementos abrasivos.","robots":{"index":"index","follow":"follow","max-snippet":"max-snippet:-1","max-image-preview":"max-image-preview:large","max-video-preview":"max-video-preview:-1"},"canonical":"https:\/\/giatsu.com\/es\/aerotermia\/acumuladores\/interacumuladores-vitrificados-asf\/","og_locale":"es_ES","og_type":"article","og_title":"INTERACUMULADOR VITRIFICADO ASF","og_description":"El vitrificado cer\u00e1mico de alta resistencia en nuestro interacumulador ASF garantiza una protecci\u00f3n duradera contra la corrosi\u00f3n y los elementos abrasivos.","og_url":"https:\/\/giatsu.com\/es\/aerotermia\/acumuladores\/interacumuladores-vitrificados-asf\/","og_site_name":"GIATSU","article_modified_time":"2025-04-16T08:44:29+00:00","og_image":[{"width":800,"height":800,"url":"https:\/\/giatsu.com\/wp-content\/uploads\/2023\/08\/asf-d64b1a.webp","type":"image\/webp"}],"twitter_card":"summary_large_image","twitter_misc":{"Tiempo de lectura":"1 minuto"},"schema":{"@context":"https:\/\/schema.org","@graph":[{"@type":"WebPage","@id":"https:\/\/giatsu.com\/es\/aerotermia\/acumuladores\/interacumuladores-vitrificados-asf\/","url":"https:\/\/giatsu.com\/es\/aerotermia\/acumuladores\/interacumuladores-vitrificados-asf\/","name":"INTERACUMULADOR VITRIFICADO ASF","isPartOf":{"@id":"https:\/\/giatsu.com\/es\/#website"},"primaryImageOfPage":{"@id":"https:\/\/giatsu.com\/es\/aerotermia\/acumuladores\/interacumuladores-vitrificados-asf\/#primaryimage"},"image":{"@id":"https:\/\/giatsu.com\/es\/aerotermia\/acumuladores\/interacumuladores-vitrificados-asf\/#primaryimage"},"thumbnailUrl":"https:\/\/giatsu.com\/wp-content\/uploads\/2023\/08\/asf-d64b1a.webp","datePublished":"2023-06-06T07:03:22+00:00","dateModified":"2025-04-16T08:44:29+00:00","description":"El vitrificado cer\u00e1mico de alta resistencia en nuestro interacumulador ASF garantiza una protecci\u00f3n duradera contra la corrosi\u00f3n y los elementos abrasivos.","breadcrumb":{"@id":"https:\/\/giatsu.com\/es\/aerotermia\/acumuladores\/interacumuladores-vitrificados-asf\/#breadcrumb"},"inLanguage":"es","potentialAction":[{"@type":"ReadAction","target":["https:\/\/giatsu.com\/es\/aerotermia\/acumuladores\/interacumuladores-vitrificados-asf\/"]}]},{"@type":"ImageObject","inLanguage":"es","@id":"https:\/\/giatsu.com\/es\/aerotermia\/acumuladores\/interacumuladores-vitrificados-asf\/#primaryimage","url":"https:\/\/giatsu.com\/wp-content\/uploads\/2023\/08\/asf-d64b1a.webp","contentUrl":"https:\/\/giatsu.com\/wp-content\/uploads\/2023\/08\/asf-d64b1a.webp","width":800,"height":800},{"@type":"BreadcrumbList","@id":"https:\/\/giatsu.com\/es\/aerotermia\/acumuladores\/interacumuladores-vitrificados-asf\/#breadcrumb","itemListElement":[{"@type":"ListItem","position":1,"name":"Home","item":"https:\/\/giatsu.com\/es\/"},{"@type":"ListItem","position":2,"name":"PRODUCTOS","item":"https:\/\/giatsu.com\/es\/productos\/"},{"@type":"ListItem","position":3,"name":"INTERACUMULADOR VITRIFICADO ASF"}]},{"@type":"WebSite","@id":"https:\/\/giatsu.com\/es\/#website","url":"https:\/\/giatsu.com\/es\/","name":"GIATSU","description":"Quality Comfort Everywhere","potentialAction":[{"@type":"SearchAction","target":{"@type":"EntryPoint","urlTemplate":"https:\/\/giatsu.com\/es\/?s={search_term_string}"},"query-input":{"@type":"PropertyValueSpecification","valueRequired":true,"valueName":"search_term_string"}}],"inLanguage":"es"}]}},"_links":{"self":[{"href":"https:\/\/giatsu.com\/es\/wp-json\/wp\/v2\/product\/8300","targetHints":{"allow":["GET"]}}],"collection":[{"href":"https:\/\/giatsu.com\/es\/wp-json\/wp\/v2\/product"}],"about":[{"href":"https:\/\/giatsu.com\/es\/wp-json\/wp\/v2\/types\/product"}],"wp:featuredmedia":[{"embeddable":true,"href":"https:\/\/giatsu.com\/es\/wp-json\/wp\/v2\/media\/9288"}],"wp:attachment":[{"href":"https:\/\/giatsu.com\/es\/wp-json\/wp\/v2\/media?parent=8300"}],"wp:term":[{"taxonomy":"product_brand","embeddable":true,"href":"https:\/\/giatsu.com\/es\/wp-json\/wp\/v2\/product_brand?post=8300"},{"taxonomy":"product_cat","embeddable":true,"href":"https:\/\/giatsu.com\/es\/wp-json\/wp\/v2\/product_cat?post=8300"},{"taxonomy":"product_tag","embeddable":true,"href":"https:\/\/giatsu.com\/es\/wp-json\/wp\/v2\/product_tag?post=8300"}],"curies":[{"name":"wp","href":"https:\/\/api.w.org\/{rel}","templated":true}]}}