{"id":8295,"date":"2023-06-06T07:03:09","date_gmt":"2023-06-06T07:03:09","guid":{"rendered":"https:\/\/giatsu.es\/?post_type=product&#038;p=8295"},"modified":"2025-07-16T06:08:34","modified_gmt":"2025-07-16T06:08:34","slug":"eco-thermal-monoblock-plus","status":"publish","type":"product","link":"https:\/\/giatsu.com\/es\/aerotermia\/bombas-de-calor\/ecothermal\/eco-thermal-monoblock-plus\/","title":{"rendered":"ECO-THERMAL MONOBLOCK"},"content":{"rendered":"<div class=\"wpb-content-wrapper\"><p>&nbsp;<\/p>\n<div class=\"container mb-1 moduloprincipalespictos\">\n<h2 class=\"text-center tituloprincipales\">Caracter\u00edsticas principales<\/h2>\n<div class=\"row row-cols-1 row-cols-md-2 row-cols-xl-3\">\n<div class=\"col-xs-6 col-md-3 order-last\">\n<div class=\"card\"><img decoding=\"async\" class=\"card-img-top w-100 d-block fit-cover pictoprincipalgrande\" src=\"https:\/\/giatsu.com\/wp-content\/uploads\/2023\/08\/wifi-incluido-cb8169.webp\" \/><\/p>\n<div class=\"card-body p-4\">\n<h3 class=\"font-weight-bold card-title\">Wifi incluido<\/h3>\n<p class=\"card-text\">A trav\u00e9s de la aplicaci\u00f3n GIApp se puede controlar el equipo desde un smartphone, tablet o por voz con Alexa y Google Home.<\/p>\n<\/div>\n<\/div>\n<\/div>\n<div class=\"col-xs-6 col-md-3 order-last\">\n<div class=\"card\"><img decoding=\"async\" class=\"card-img-top w-100 d-block fit-cover pictoprincipalgrande\" src=\"https:\/\/giatsu.com\/wp-content\/uploads\/2023\/08\/control-cableado-c520c6.webp\" \/><\/p>\n<div class=\"card-body p-4\">\n<h3 class=\"font-weight-bold card-title\">Control cableado<\/h3>\n<p class=\"card-text\">Incluye control cableado con programaci\u00f3n semanal.<\/p>\n<\/div>\n<\/div>\n<\/div>\n<div class=\"col-xs-6 col-md-3 order-last\">\n<div class=\"card\"><img decoding=\"async\" class=\"card-img-top w-100 d-block fit-cover pictoprincipalgrande\" src=\"https:\/\/giatsu.com\/wp-content\/uploads\/2023\/08\/amplia_gama_de_funcionamiento-b5a1e5.webp\" \/><\/p>\n<div class=\"card-body p-4\">\n<h3 class=\"font-weight-bold card-title\">Amplio rango de funcionamiento<\/h3>\n<p class=\"card-text\">Permite funcionar con una T\u00aa interior de 16\u00baC a 31 \u00baC y T\u00aa exterior en modo fr\u00edo: de 18\u00baC a 43 \u00baC, y modo calor: de -15 \u00baC a 24 \u00baC.<\/p>\n<\/div>\n<\/div>\n<\/div>\n<div class=\"col-xs-6 col-md-3 order-last\">\n<div class=\"card\"><img decoding=\"async\" class=\"card-img-top w-100 d-block fit-cover pictoprincipalgrande\" src=\"https:\/\/giatsu.com\/wp-content\/uploads\/2023\/08\/r32-58a8d5.webp\" \/><\/p>\n<div class=\"card-body p-4\">\n<h3 class=\"font-weight-bold card-title\">Refrigerante R32<\/h3>\n<p class=\"card-text\">El gas R32 tiene un \u00edndice de Potencial de Calentamiento Atmosf\u00e9rico (PCA) muy bajo, una gran eficiencia y poder de refrigeraci\u00f3n.<\/p>\n<\/div>\n<\/div>\n<\/div>\n<div class=\"col-xs-6 col-md-3 order-last\">\n<div class=\"card\"><img decoding=\"async\" class=\"card-img-top w-100 d-block fit-cover pictoprincipalgrande\" src=\"https:\/\/giatsu.com\/wp-content\/uploads\/2023\/06\/tecnologia_inverter-495dd8.webp\" \/><\/p>\n<div class=\"card-body p-4\">\n<h3 class=\"font-weight-bold card-title\">Tecnolog\u00eda inverter<\/h3>\n<p class=\"card-text\">Al trabajar el compresor de forma continua se consigue un ahorro de hasta el 50% de energ\u00eda con respecto a equipos convencionales.<\/p>\n<\/div>\n<\/div>\n<\/div>\n<div class=\"col-xs-6 col-md-3 order-last\">\n<div class=\"card\"><img decoding=\"async\" class=\"card-img-top w-100 d-block fit-cover pictoprincipalgrande\" src=\"https:\/\/giatsu.com\/wp-content\/uploads\/2023\/08\/modo-frio-y-calor-fde88b.webp\" \/><\/p>\n<div class=\"card-body p-4\">\n<h3 class=\"font-weight-bold card-title\">Modo fr\u00edo\/calor<\/h3>\n<p class=\"card-text\">La unidad es capaz de proporcionar climatizaci\u00f3n y calefacci\u00f3n.<\/p>\n<\/div>\n<\/div>\n<\/div>\n<\/div>\n<\/div>\n<hr \/>\n<p>[vc_row mobile_bg_img_hidden=\u00bbno\u00bb tablet_bg_img_hidden=\u00bbno\u00bb woodmart_parallax=\u00bb0&#8243; woodmart_gradient_switch=\u00bbno\u00bb row_reverse_mobile=\u00bb0&#8243; row_reverse_tablet=\u00bb0&#8243; woodmart_disable_overflow=\u00bb0&#8243; el_class=\u00bbfilaImgCaracteristica\u00bb][vc_column mobile_bg_img_hidden=\u00bbno\u00bb tablet_bg_img_hidden=\u00bbno\u00bb woodmart_parallax=\u00bb0&#8243; woodmart_sticky_column=\u00bbfalse\u00bb parallax_scroll=\u00bbno\u00bb mobile_reset_margin=\u00bbno\u00bb tablet_reset_margin=\u00bbno\u00bb]<\/p>\n<div class=\"container mb-1\">\n<h3 class=\"text-center\">Informaci\u00f3n t\u00e9cnica<\/h3>\n<div class=\"row row-cols-1 row-cols-md-2 row-cols-xl-3 justify-content-md-center\">\n<div class=\"col-xs-1 col-md-1\">\n<div class=\"card\"><img decoding=\"async\" class=\"card-img-top w-100 d-block fit-cover pictoprincipalgrande\" src=\"https:\/\/giatsu.com\/wp-content\/uploads\/2023\/08\/rango_temperatura_configurable-aaef04.webp\" \/><\/p>\n<div class=\"card-body p-4\">\n<h4 class=\"card-text textospictospeques\">Rango de temperatura configurable<\/h4>\n<\/div>\n<\/div>\n<\/div>\n<div class=\"col-xs-1 col-md-1\">\n<div class=\"card\"><img decoding=\"async\" class=\"card-img-top w-100 d-block fit-cover pictoprincipalgrande\" src=\"https:\/\/giatsu.com\/wp-content\/uploads\/2023\/08\/pasarela_modbus-146fc1.webp\" \/><\/p>\n<div class=\"card-body p-4\">\n<h4 class=\"card-text textospictospeques\">Pasarela modbus<\/h4>\n<\/div>\n<\/div>\n<\/div>\n<div class=\"col-xs-1 col-md-1\">\n<div class=\"card\"><img decoding=\"async\" class=\"card-img-top w-100 d-block fit-cover pictoprincipalgrande\" src=\"https:\/\/giatsu.com\/wp-content\/uploads\/2023\/08\/mayor_eficacia_a_baja_temperatura-f40fd9.webp\" \/><\/p>\n<div class=\"card-body p-4\">\n<h4 class=\"card-text textospictospeques\">Mayor eficacia a baja temperatura<\/h4>\n<\/div>\n<\/div>\n<\/div>\n<div class=\"col-xs-1 col-md-1\">\n<div class=\"card\"><img decoding=\"async\" class=\"card-img-top w-100 d-block fit-cover pictoprincipalgrande\" src=\"https:\/\/giatsu.com\/wp-content\/uploads\/2023\/08\/funcion_anti-legionela-ce85aa.webp\" \/><\/p>\n<div class=\"card-body p-4\">\n<h4 class=\"card-text textospictospeques\">Funci\u00f3n anti legionela<\/h4>\n<\/div>\n<\/div>\n<\/div>\n<\/div>\n<\/div>\n<div class=\"row justify-content-md-center\">\n<div id=\"botonDescargarFicha\" class=\"vc_btn3-container vc_btn3-inline\"><a class=\"btn btn-light border rounded-4 botondescarga\" title=\"\" href=\"https:\/\/giatsu.com\/documentacion\/\/giatsu-fichas-tecnicas-ecothermal-eco-thermal-plus-espanol.pdf\" target=\"_blank\" rel=\"noopener\">Descargar ficha t\u00e9cnica<\/a><\/div>\n<\/div>\n<div class=\"row\">\n<hr \/>\n<div class=\"col text-center\"><a class=\"btn btn-light border rounded-4 botonDescargaManual botondescarga\" href=\"https:\/\/giatsu.com\/documentacion\/\/giatsu-manual-de-usuario-e-instalacion-ecothermal--multiidioma.pdf\" target=\"_blank\" rel=\"noopener\">Manual de usuario<\/a><\/div>\n<div class=\"col text-center\"><a class=\"btn btn-light border rounded-4 botonDescargaManual botondescarga\" href=\"https:\/\/giatsu.com\/documentacion\/\/giatsu-manual-de-usuario-e-instalacion-ecothermal--multiidioma.pdf\" target=\"_blank\" rel=\"noopener\">Manual de instalaci\u00f3n<\/a><\/div>\n<hr \/>\n<\/div>\n<\/div>","protected":false},"excerpt":{"rendered":"<p>El\u00a0<strong>Eco-thermal Monoblock de Giatsu<\/strong>\u00a0es un sistema aerot\u00e9rmico de climatizaci\u00f3n que te ofrece una eficiencia excepcional y un confort inigualable.<\/p>\n<p>Con tecnolog\u00eda de vanguardia, esta bomba de calor es capaz de <strong>aprovechar el 75% de la energ\u00eda del aire exterior<\/strong> para proporcionarte calefacci\u00f3n en invierno y refrigeraci\u00f3n en verano, adem\u00e1s de ACS.<\/p>\n<p>Su funcionamiento eficiente te permitir\u00e1 ahorrar en el consumo de energ\u00eda el\u00e9ctrica, significando un importante ahorro econ\u00f3mico en la factura el\u00e9ctrica.<\/p>\n<p>Entre sus principales caracter\u00edsticas encontramos:<\/p>\n<ul>\n<li><strong>Impulsi\u00f3n a 65\u00baC sin uso de resistencia el\u00e9ctrica<\/strong>: El Eco-thermal Monoblock es capaz de impulsar agua a una temperatura de 65\u00baC sin necesidad de utilizar resistencia el\u00e9ctrica de apoyo.<\/li>\n<li><strong>Incluye una resistencia el\u00e9ctrica de serie.<\/strong> Esto te brinda la opci\u00f3n de utilizarla en situaciones donde se requiera un impulso adicional de calor, proporcionando un mayor nivel de comodidad y para la funci\u00f3n anti legionela.<\/li>\n<li><strong>Utiliza tecnolog\u00eda\u00a0Full Inverter DC<\/strong>,\u00a0lo que significa que optimiza el rendimiento y la eficiencia energ\u00e9tica.<\/li>\n<li><strong>Cuenta con un grupo hidr\u00e1ulico integrado<\/strong>, lo que simplifica su instalaci\u00f3n y permite un funcionamiento \u00f3ptimo.<\/li>\n<li>El sistema\u00a0tiene un amplio rango de funcionamiento, por lo que puede adaptarse a diferentes condiciones ambientales: Refrigeraci\u00f3n desde -5\u00b0C a 43\u00b0C. Calefacci\u00f3n desde -25\u00b0C a 43\u00b0C. Agua Caliente Sanitaria desde -25\u00b0C a 43\u00b0C.<\/li>\n<li><strong>Wifi Incluido con todas las funcionalidades<\/strong> controlables desde una app m\u00f3vil dedicada, para que puedas controlar y ajustar las funciones de forma remota. Desde cualquier lugar y en cualquier momento, podr\u00e1s programar la temperatura deseada y disfrutar de un ambiente confortable al regresar a casa.<\/li>\n<li><strong>Sistema de descarche\u00a0inteligente<\/strong> que evita continuos arranques y paradas del compresor.<\/li>\n<li><strong>Modo vacaciones programable<\/strong>\u00a0para proteger la instalaci\u00f3n de la congelaci\u00f3n de tuber\u00edas.<\/li>\n<li><strong>Es respetuosa con el medio ambiente.<\/strong> Al utilizar el aire como fuente de energ\u00eda renovable, contribuye a la reducci\u00f3n de emisiones de CO2, ayudando a preservar nuestro planeta.<\/li>\n<\/ul>\n<p>Potencias Disponibles: 4KW, 6KW, 8KW, 10KW, 12KW, 14KW, 16KW, 18KW, 22KW, 26KW y 30KW.<\/p>\n<div class=\"divPictosEnergia\">[vc_single_image image=&#8217;10505&#8242; alignment=&#8217;center&#8217; woodmart_inline=&#8217;no&#8217; parallax_scroll=&#8217;no&#8217; el_class=&#8217;imgEnergia&#8217; img_size=&#8217;72&#215;36&#8242;][vc_single_image image=&#8217;10510&#8242; alignment=&#8217;center&#8217; woodmart_inline=&#8217;no&#8217; parallax_scroll=&#8217;no&#8217; el_class=&#8217;imgEnergia&#8217; img_size=&#8217;72&#215;36&#8242;]<\/div>\n","protected":false},"featured_media":11056,"template":"","meta":{"_monsterinsights_skip_tracking":false,"_monsterinsights_sitenote_active":false,"_monsterinsights_sitenote_note":"","_monsterinsights_sitenote_category":0},"product_brand":[],"product_cat":[560,575,585],"product_tag":[358,359,360,361,362,363,364,365,366],"class_list":{"0":"post-8295","1":"product","2":"type-product","3":"status-publish","4":"has-post-thumbnail","6":"product_cat-aerotermia","7":"product_cat-bombas-de-calor","8":"product_cat-ecothermal","9":"product_tag-gia-v12wd2n8plus","10":"product_tag-gia-v16wd2n8plus","11":"product_tag-gia-v16wd2rn8plus","12":"product_tag-gia-v18wd2rn8plus","13":"product_tag-gia-v22wd2rn8plus","14":"product_tag-gia-v26wd2rn8plus","15":"product_tag-gia-v30wd2rn8plus","16":"product_tag-gia-v4wd2n8plus","17":"product_tag-gia-v8wd2n8plus","19":"first","20":"instock","21":"shipping-taxable","22":"product-type-simple"},"yoast_head":"<!-- This site is optimized with the Yoast SEO plugin v27.3 - https:\/\/yoast.com\/product\/yoast-seo-wordpress\/ -->\n<title>Eco-thermal Monoblock de Giatsu<\/title>\n<meta name=\"description\" content=\"Con tecnolog\u00eda de vanguardia, esta bomba de calor es capaz de aprovechar el 75% de la energ\u00eda del aire exterior para proporcionarte calefacci\u00f3n en invierno y refrigeraci\u00f3n en verano, adem\u00e1s de ACS.\" \/>\n<meta name=\"robots\" content=\"index, follow, max-snippet:-1, max-image-preview:large, max-video-preview:-1\" \/>\n<link rel=\"canonical\" href=\"https:\/\/giatsu.com\/es\/aerotermia\/bombas-de-calor\/ecothermal\/eco-thermal-monoblock-plus\/\" \/>\n<meta property=\"og:locale\" content=\"es_ES\" \/>\n<meta property=\"og:type\" content=\"article\" \/>\n<meta property=\"og:title\" content=\"Eco-thermal Monoblock de Giatsu\" \/>\n<meta property=\"og:description\" content=\"Con tecnolog\u00eda de vanguardia, esta bomba de calor es capaz de aprovechar el 75% de la energ\u00eda del aire exterior para proporcionarte calefacci\u00f3n en invierno y refrigeraci\u00f3n en verano, adem\u00e1s de ACS.\" \/>\n<meta property=\"og:url\" content=\"https:\/\/giatsu.com\/es\/aerotermia\/bombas-de-calor\/ecothermal\/eco-thermal-monoblock-plus\/\" \/>\n<meta property=\"og:site_name\" content=\"GIATSU\" \/>\n<meta property=\"article:modified_time\" content=\"2025-07-16T06:08:34+00:00\" \/>\n<meta property=\"og:image\" content=\"https:\/\/giatsu.com\/wp-content\/uploads\/2023\/08\/monoblock5-d80b24.webp\" \/>\n\t<meta property=\"og:image:width\" content=\"800\" \/>\n\t<meta property=\"og:image:height\" content=\"800\" \/>\n\t<meta property=\"og:image:type\" content=\"image\/webp\" \/>\n<meta name=\"twitter:card\" content=\"summary_large_image\" \/>\n<meta name=\"twitter:label1\" content=\"Tiempo de lectura\" \/>\n\t<meta name=\"twitter:data1\" content=\"3 minutos\" \/>\n<script type=\"application\/ld+json\" class=\"yoast-schema-graph\">{\"@context\":\"https:\\\/\\\/schema.org\",\"@graph\":[{\"@type\":\"WebPage\",\"@id\":\"https:\\\/\\\/giatsu.com\\\/es\\\/aerotermia\\\/bombas-de-calor\\\/ecothermal\\\/eco-thermal-monoblock-plus\\\/\",\"url\":\"https:\\\/\\\/giatsu.com\\\/es\\\/aerotermia\\\/bombas-de-calor\\\/ecothermal\\\/eco-thermal-monoblock-plus\\\/\",\"name\":\"Eco-thermal Monoblock de Giatsu\",\"isPartOf\":{\"@id\":\"https:\\\/\\\/giatsu.com\\\/es\\\/#website\"},\"primaryImageOfPage\":{\"@id\":\"https:\\\/\\\/giatsu.com\\\/es\\\/aerotermia\\\/bombas-de-calor\\\/ecothermal\\\/eco-thermal-monoblock-plus\\\/#primaryimage\"},\"image\":{\"@id\":\"https:\\\/\\\/giatsu.com\\\/es\\\/aerotermia\\\/bombas-de-calor\\\/ecothermal\\\/eco-thermal-monoblock-plus\\\/#primaryimage\"},\"thumbnailUrl\":\"https:\\\/\\\/giatsu.com\\\/wp-content\\\/uploads\\\/2023\\\/08\\\/monoblock5-d80b24.webp\",\"datePublished\":\"2023-06-06T07:03:09+00:00\",\"dateModified\":\"2025-07-16T06:08:34+00:00\",\"description\":\"Con tecnolog\u00eda de vanguardia, esta bomba de calor es capaz de aprovechar el 75% de la energ\u00eda del aire exterior para proporcionarte calefacci\u00f3n en invierno y refrigeraci\u00f3n en verano, adem\u00e1s de ACS.\",\"breadcrumb\":{\"@id\":\"https:\\\/\\\/giatsu.com\\\/es\\\/aerotermia\\\/bombas-de-calor\\\/ecothermal\\\/eco-thermal-monoblock-plus\\\/#breadcrumb\"},\"inLanguage\":\"es\",\"potentialAction\":[{\"@type\":\"ReadAction\",\"target\":[\"https:\\\/\\\/giatsu.com\\\/es\\\/aerotermia\\\/bombas-de-calor\\\/ecothermal\\\/eco-thermal-monoblock-plus\\\/\"]}]},{\"@type\":\"ImageObject\",\"inLanguage\":\"es\",\"@id\":\"https:\\\/\\\/giatsu.com\\\/es\\\/aerotermia\\\/bombas-de-calor\\\/ecothermal\\\/eco-thermal-monoblock-plus\\\/#primaryimage\",\"url\":\"https:\\\/\\\/giatsu.com\\\/wp-content\\\/uploads\\\/2023\\\/08\\\/monoblock5-d80b24.webp\",\"contentUrl\":\"https:\\\/\\\/giatsu.com\\\/wp-content\\\/uploads\\\/2023\\\/08\\\/monoblock5-d80b24.webp\",\"width\":800,\"height\":800},{\"@type\":\"BreadcrumbList\",\"@id\":\"https:\\\/\\\/giatsu.com\\\/es\\\/aerotermia\\\/bombas-de-calor\\\/ecothermal\\\/eco-thermal-monoblock-plus\\\/#breadcrumb\",\"itemListElement\":[{\"@type\":\"ListItem\",\"position\":1,\"name\":\"Home\",\"item\":\"https:\\\/\\\/giatsu.com\\\/es\\\/\"},{\"@type\":\"ListItem\",\"position\":2,\"name\":\"PRODUCTOS\",\"item\":\"https:\\\/\\\/giatsu.com\\\/es\\\/productos\\\/\"},{\"@type\":\"ListItem\",\"position\":3,\"name\":\"ECO-THERMAL MONOBLOCK\"}]},{\"@type\":\"WebSite\",\"@id\":\"https:\\\/\\\/giatsu.com\\\/es\\\/#website\",\"url\":\"https:\\\/\\\/giatsu.com\\\/es\\\/\",\"name\":\"GIATSU\",\"description\":\"Quality Comfort Everywhere\",\"potentialAction\":[{\"@type\":\"SearchAction\",\"target\":{\"@type\":\"EntryPoint\",\"urlTemplate\":\"https:\\\/\\\/giatsu.com\\\/es\\\/?s={search_term_string}\"},\"query-input\":{\"@type\":\"PropertyValueSpecification\",\"valueRequired\":true,\"valueName\":\"search_term_string\"}}],\"inLanguage\":\"es\"}]}<\/script>\n<!-- \/ Yoast SEO plugin. -->","yoast_head_json":{"title":"Eco-thermal Monoblock de Giatsu","description":"Con tecnolog\u00eda de vanguardia, esta bomba de calor es capaz de aprovechar el 75% de la energ\u00eda del aire exterior para proporcionarte calefacci\u00f3n en invierno y refrigeraci\u00f3n en verano, adem\u00e1s de ACS.","robots":{"index":"index","follow":"follow","max-snippet":"max-snippet:-1","max-image-preview":"max-image-preview:large","max-video-preview":"max-video-preview:-1"},"canonical":"https:\/\/giatsu.com\/es\/aerotermia\/bombas-de-calor\/ecothermal\/eco-thermal-monoblock-plus\/","og_locale":"es_ES","og_type":"article","og_title":"Eco-thermal Monoblock de Giatsu","og_description":"Con tecnolog\u00eda de vanguardia, esta bomba de calor es capaz de aprovechar el 75% de la energ\u00eda del aire exterior para proporcionarte calefacci\u00f3n en invierno y refrigeraci\u00f3n en verano, adem\u00e1s de ACS.","og_url":"https:\/\/giatsu.com\/es\/aerotermia\/bombas-de-calor\/ecothermal\/eco-thermal-monoblock-plus\/","og_site_name":"GIATSU","article_modified_time":"2025-07-16T06:08:34+00:00","og_image":[{"width":800,"height":800,"url":"https:\/\/giatsu.com\/wp-content\/uploads\/2023\/08\/monoblock5-d80b24.webp","type":"image\/webp"}],"twitter_card":"summary_large_image","twitter_misc":{"Tiempo de lectura":"3 minutos"},"schema":{"@context":"https:\/\/schema.org","@graph":[{"@type":"WebPage","@id":"https:\/\/giatsu.com\/es\/aerotermia\/bombas-de-calor\/ecothermal\/eco-thermal-monoblock-plus\/","url":"https:\/\/giatsu.com\/es\/aerotermia\/bombas-de-calor\/ecothermal\/eco-thermal-monoblock-plus\/","name":"Eco-thermal Monoblock de Giatsu","isPartOf":{"@id":"https:\/\/giatsu.com\/es\/#website"},"primaryImageOfPage":{"@id":"https:\/\/giatsu.com\/es\/aerotermia\/bombas-de-calor\/ecothermal\/eco-thermal-monoblock-plus\/#primaryimage"},"image":{"@id":"https:\/\/giatsu.com\/es\/aerotermia\/bombas-de-calor\/ecothermal\/eco-thermal-monoblock-plus\/#primaryimage"},"thumbnailUrl":"https:\/\/giatsu.com\/wp-content\/uploads\/2023\/08\/monoblock5-d80b24.webp","datePublished":"2023-06-06T07:03:09+00:00","dateModified":"2025-07-16T06:08:34+00:00","description":"Con tecnolog\u00eda de vanguardia, esta bomba de calor es capaz de aprovechar el 75% de la energ\u00eda del aire exterior para proporcionarte calefacci\u00f3n en invierno y refrigeraci\u00f3n en verano, adem\u00e1s de ACS.","breadcrumb":{"@id":"https:\/\/giatsu.com\/es\/aerotermia\/bombas-de-calor\/ecothermal\/eco-thermal-monoblock-plus\/#breadcrumb"},"inLanguage":"es","potentialAction":[{"@type":"ReadAction","target":["https:\/\/giatsu.com\/es\/aerotermia\/bombas-de-calor\/ecothermal\/eco-thermal-monoblock-plus\/"]}]},{"@type":"ImageObject","inLanguage":"es","@id":"https:\/\/giatsu.com\/es\/aerotermia\/bombas-de-calor\/ecothermal\/eco-thermal-monoblock-plus\/#primaryimage","url":"https:\/\/giatsu.com\/wp-content\/uploads\/2023\/08\/monoblock5-d80b24.webp","contentUrl":"https:\/\/giatsu.com\/wp-content\/uploads\/2023\/08\/monoblock5-d80b24.webp","width":800,"height":800},{"@type":"BreadcrumbList","@id":"https:\/\/giatsu.com\/es\/aerotermia\/bombas-de-calor\/ecothermal\/eco-thermal-monoblock-plus\/#breadcrumb","itemListElement":[{"@type":"ListItem","position":1,"name":"Home","item":"https:\/\/giatsu.com\/es\/"},{"@type":"ListItem","position":2,"name":"PRODUCTOS","item":"https:\/\/giatsu.com\/es\/productos\/"},{"@type":"ListItem","position":3,"name":"ECO-THERMAL MONOBLOCK"}]},{"@type":"WebSite","@id":"https:\/\/giatsu.com\/es\/#website","url":"https:\/\/giatsu.com\/es\/","name":"GIATSU","description":"Quality Comfort Everywhere","potentialAction":[{"@type":"SearchAction","target":{"@type":"EntryPoint","urlTemplate":"https:\/\/giatsu.com\/es\/?s={search_term_string}"},"query-input":{"@type":"PropertyValueSpecification","valueRequired":true,"valueName":"search_term_string"}}],"inLanguage":"es"}]}},"_links":{"self":[{"href":"https:\/\/giatsu.com\/es\/wp-json\/wp\/v2\/product\/8295","targetHints":{"allow":["GET"]}}],"collection":[{"href":"https:\/\/giatsu.com\/es\/wp-json\/wp\/v2\/product"}],"about":[{"href":"https:\/\/giatsu.com\/es\/wp-json\/wp\/v2\/types\/product"}],"wp:featuredmedia":[{"embeddable":true,"href":"https:\/\/giatsu.com\/es\/wp-json\/wp\/v2\/media\/11056"}],"wp:attachment":[{"href":"https:\/\/giatsu.com\/es\/wp-json\/wp\/v2\/media?parent=8295"}],"wp:term":[{"taxonomy":"product_brand","embeddable":true,"href":"https:\/\/giatsu.com\/es\/wp-json\/wp\/v2\/product_brand?post=8295"},{"taxonomy":"product_cat","embeddable":true,"href":"https:\/\/giatsu.com\/es\/wp-json\/wp\/v2\/product_cat?post=8295"},{"taxonomy":"product_tag","embeddable":true,"href":"https:\/\/giatsu.com\/es\/wp-json\/wp\/v2\/product_tag?post=8295"}],"curies":[{"name":"wp","href":"https:\/\/api.w.org\/{rel}","templated":true}]}}