{"id":8293,"date":"2023-06-06T07:03:04","date_gmt":"2023-06-06T07:03:04","guid":{"rendered":"https:\/\/giatsu.es\/?post_type=product&#038;p=8293"},"modified":"2025-07-16T06:06:31","modified_gmt":"2025-07-16T06:06:31","slug":"eco-thermal-biblock-integrado","status":"publish","type":"product","link":"https:\/\/giatsu.com\/es\/aerotermia\/bombas-de-calor\/ecothermal\/eco-thermal-biblock-integrado\/","title":{"rendered":"ECO-THERMAL BIBLOCK INTEGRADO"},"content":{"rendered":"<div class=\"wpb-content-wrapper\"><p>&nbsp;<\/p>\n<div class=\"container mb-1 moduloprincipalespictos\">\n<h2 class=\"text-center tituloprincipales\">Caracter\u00edsticas principales<\/h2>\n<div class=\"row row-cols-1 row-cols-md-2 row-cols-xl-3\">\n<div class=\"col-xs-6 col-md-3 order-last\">\n<div class=\"card\"><img decoding=\"async\" class=\"card-img-top w-100 d-block fit-cover pictoprincipalgrande\" src=\"https:\/\/giatsu.com\/wp-content\/uploads\/2023\/08\/wifi-incluido-cb8169.webp\" \/><\/p>\n<div class=\"card-body p-4\">\n<h3 class=\"font-weight-bold card-title\">Wifi incluido<\/h3>\n<p class=\"card-text\">A trav\u00e9s de la aplicaci\u00f3n GIApp se puede controlar el equipo desde un smartphone, tablet o por voz con Alexa y Google Home.<\/p>\n<\/div>\n<\/div>\n<\/div>\n<div class=\"col-xs-6 col-md-3 order-last\">\n<div class=\"card\"><img decoding=\"async\" class=\"card-img-top w-100 d-block fit-cover pictoprincipalgrande\" src=\"https:\/\/giatsu.com\/wp-content\/uploads\/2023\/08\/r32-58a8d5.webp\" \/><\/p>\n<div class=\"card-body p-4\">\n<h3 class=\"font-weight-bold card-title\">Refrigerante R32<\/h3>\n<p class=\"card-text\">El gas R32 tiene un \u00edndice de Potencial de Calentamiento Atmosf\u00e9rico (PCA) muy bajo, una gran eficiencia y poder de refrigeraci\u00f3n.<\/p>\n<\/div>\n<\/div>\n<\/div>\n<div class=\"col-xs-6 col-md-3 order-last\">\n<div class=\"card\"><img decoding=\"async\" class=\"card-img-top w-100 d-block fit-cover pictoprincipalgrande\" src=\"https:\/\/giatsu.com\/wp-content\/uploads\/2023\/06\/tecnologia_inverter-495dd8.webp\" \/><\/p>\n<div class=\"card-body p-4\">\n<h3 class=\"font-weight-bold card-title\">Tecnolog\u00eda inverter<\/h3>\n<p class=\"card-text\">Al trabajar el compresor de forma continua se consigue un ahorro de hasta el 50% de energ\u00eda con respecto a equipos convencionales.<\/p>\n<\/div>\n<\/div>\n<\/div>\n<div class=\"col-xs-6 col-md-3 order-last\">\n<div class=\"card\"><img decoding=\"async\" class=\"card-img-top w-100 d-block fit-cover pictoprincipalgrande\" src=\"https:\/\/giatsu.com\/wp-content\/uploads\/2023\/08\/control-remoto-6dcd21.webp\" \/><\/p>\n<div class=\"card-body p-4\">\n<h3 class=\"font-weight-bold card-title\">Control remoto<\/h3>\n<p class=\"card-text\">Incorpora de serie un control remoto que permite el control de distintos par\u00e1metros de las unidades interiores.<\/p>\n<\/div>\n<\/div>\n<\/div>\n<div class=\"col-xs-6 col-md-3 order-last\">\n<div class=\"card\"><img decoding=\"async\" class=\"card-img-top w-100 d-block fit-cover pictoprincipalgrande\" src=\"https:\/\/giatsu.com\/wp-content\/uploads\/2023\/08\/modo-frio-y-calor-fde88b.webp\" \/><\/p>\n<div class=\"card-body p-4\">\n<h3 class=\"font-weight-bold card-title\">Modo fr\u00edo\/calor<\/h3>\n<p class=\"card-text\">La unidad es capaz de proporcionar climatizaci\u00f3n y calefacci\u00f3n.<\/p>\n<\/div>\n<\/div>\n<\/div>\n<\/div>\n<\/div>\n<hr \/>\n<p>[vc_row mobile_bg_img_hidden=\u00bbno\u00bb tablet_bg_img_hidden=\u00bbno\u00bb woodmart_parallax=\u00bb0&#8243; woodmart_gradient_switch=\u00bbno\u00bb row_reverse_mobile=\u00bb0&#8243; row_reverse_tablet=\u00bb0&#8243; woodmart_disable_overflow=\u00bb0&#8243; el_class=\u00bbfilaImgCaracteristica\u00bb][vc_column mobile_bg_img_hidden=\u00bbno\u00bb tablet_bg_img_hidden=\u00bbno\u00bb woodmart_parallax=\u00bb0&#8243; woodmart_sticky_column=\u00bbfalse\u00bb parallax_scroll=\u00bbno\u00bb mobile_reset_margin=\u00bbno\u00bb tablet_reset_margin=\u00bbno\u00bb]<\/p>\n<div class=\"container mb-1\">\n<h3 class=\"text-center\">Informaci\u00f3n t\u00e9cnica<\/h3>\n<div class=\"row row-cols-1 row-cols-md-2 row-cols-xl-3 justify-content-md-center\">\n<div class=\"col-xs-1 col-md-1\">\n<div class=\"card\"><img decoding=\"async\" class=\"card-img-top w-100 d-block fit-cover pictoprincipalgrande\" src=\"https:\/\/giatsu.com\/wp-content\/uploads\/2023\/08\/varios_modos_funcionamiento-70148e.webp\" \/><\/p>\n<div class=\"card-body p-4\">\n<h4 class=\"card-text textospictospeques\">Varios modos de funcionamiento<\/h4>\n<\/div>\n<\/div>\n<\/div>\n<div class=\"col-xs-1 col-md-1\">\n<div class=\"card\"><img decoding=\"async\" class=\"card-img-top w-100 d-block fit-cover pictoprincipalgrande\" src=\"https:\/\/giatsu.com\/wp-content\/uploads\/2023\/08\/proteccion_elevada-a5a0e1.webp\" \/><\/p>\n<div class=\"card-body p-4\">\n<h4 class=\"card-text textospictospeques\">Protecci\u00f3n elevada<\/h4>\n<\/div>\n<\/div>\n<\/div>\n<div class=\"col-xs-1 col-md-1\">\n<div class=\"card\"><img decoding=\"async\" class=\"card-img-top w-100 d-block fit-cover pictoprincipalgrande\" src=\"https:\/\/giatsu.com\/wp-content\/uploads\/2023\/08\/pasarela_modbus-146fc1.webp\" \/><\/p>\n<div class=\"card-body p-4\">\n<h4 class=\"card-text textospictospeques\">Pasarela modbus<\/h4>\n<\/div>\n<\/div>\n<\/div>\n<div class=\"col-xs-1 col-md-1\">\n<div class=\"card\"><img decoding=\"async\" class=\"card-img-top w-100 d-block fit-cover pictoprincipalgrande\" src=\"https:\/\/giatsu.com\/wp-content\/uploads\/2023\/08\/mayor_eficacia_a_baja_temperatura-f40fd9.webp\" \/><\/p>\n<div class=\"card-body p-4\">\n<h4 class=\"card-text textospictospeques\">Mayor eficacia a baja temperatura<\/h4>\n<\/div>\n<\/div>\n<\/div>\n<div class=\"col-xs-1 col-md-1\">\n<div class=\"card\"><img decoding=\"async\" class=\"card-img-top w-100 d-block fit-cover pictoprincipalgrande\" src=\"https:\/\/giatsu.com\/wp-content\/uploads\/2023\/08\/funcion_anti-legionela-ce85aa.webp\" \/><\/p>\n<div class=\"card-body p-4\">\n<h4 class=\"card-text textospictospeques\">Funci\u00f3n anti legionela<\/h4>\n<\/div>\n<\/div>\n<\/div>\n<div class=\"col-xs-1 col-md-1\">\n<div class=\"card\"><img decoding=\"async\" class=\"card-img-top w-100 d-block fit-cover pictoprincipalgrande\" src=\"https:\/\/giatsu.com\/wp-content\/uploads\/2023\/08\/amplio_rango_de_funcionamiento2-22fb93.webp\" \/><\/p>\n<div class=\"card-body p-4\">\n<h4 class=\"card-text textospictospeques\">Amplio rango de funcionamiento<\/h4>\n<\/div>\n<\/div>\n<\/div>\n<\/div>\n<\/div>\n<div class=\"row justify-content-md-center\">\n<div id=\"botonDescargarFicha\" class=\"vc_btn3-container vc_btn3-inline\"><a class=\"btn btn-light border rounded-4 botondescarga\" title=\"\" href=\"https:\/\/giatsu.com\/documentacion\/\/giatsu-fichas-tecnicas-ecothermal-eco-thermal-plus-espanol.pdf\" target=\"_blank\" rel=\"noopener\">Descargar ficha t\u00e9cnica<\/a><\/div>\n<\/div>\n<div class=\"row\">\n<hr \/>\n<div class=\"col text-center\"><a class=\"btn btn-light border rounded-4 botonDescargaManual botondescarga\" href=\"https:\/\/giatsu.com\/documentacion\/\/giatsu-manual-de-usuario-ecothermal--espanol.pdf\" target=\"_blank\" rel=\"noopener\">Manual de usuario<\/a><\/div>\n<div class=\"col text-center\"><a class=\"btn btn-light border rounded-4 botonDescargaManual botondescarga\" href=\"https:\/\/giatsu.com\/documentacion\/\/giatsu-manual-de-usuario-e-instalacion-ecothermal--espanol.pdf\" target=\"_blank\" rel=\"noopener\">Manual de instalaci\u00f3n<\/a><\/div>\n<hr \/>\n<\/div>\n<\/div>","protected":false},"excerpt":{"rendered":"<p>El <strong>Sistema Aerot\u00e9rmico Biblock Integrado<\/strong> ha sido dise\u00f1ado para brindarte una soluci\u00f3n completa y eficiente para climatizaci\u00f3n y agua caliente sanitaria. Con caracter\u00edsticas avanzadas y tecnolog\u00eda de vanguardia, destaca en rendimiento y comodidad.<\/p>\n<p>Con <strong>capacidades de hasta 240 litros de agua caliente sanitaria<\/strong> (ACS), asegura un suministro constante de agua caliente para satisfacer las necesidades de toda tu familia. Disfruta de una experiencia de ducha c\u00f3moda y placentera.<\/p>\n<p>El <strong>aislamiento de poliuretano de alta densidad<\/strong>, garantiza una eficiencia \u00f3ptima al reducir las p\u00e9rdidas de calor. Ahorra energ\u00eda y reduce tus costes de calefacci\u00f3n manteniendo el agua caliente por m\u00e1s tiempo, incluso en condiciones ambientales adversas.<\/p>\n<p>Con un <strong>bajo nivel sonoro<\/strong>, ofrece un funcionamiento silencioso para tu mayor comodidad.<\/p>\n<p>Nuestro Biblock integrado Eco-thermal <strong>puede alcanzar temperaturas de hasta 70\u00ba en ACS<\/strong>.<\/p>\n<p>Potencias Disponibles: 4KW,\u00a0 8KW,\u00a0 12KW y 16KW<\/p>\n<div class=\"divPictosEnergia\">[vc_single_image image=&#8217;10505&#8242; alignment=&#8217;center&#8217; woodmart_inline=&#8217;no&#8217; parallax_scroll=&#8217;no&#8217; el_class=&#8217;imgEnergia&#8217; img_size=&#8217;72&#215;36&#8242;][vc_single_image image=&#8217;10510&#8242; alignment=&#8217;center&#8217; woodmart_inline=&#8217;no&#8217; parallax_scroll=&#8217;no&#8217; el_class=&#8217;imgEnergia&#8217; img_size=&#8217;72&#215;36&#8242;]<\/div>\n","protected":false},"featured_media":9323,"template":"","meta":{"_monsterinsights_skip_tracking":false,"_monsterinsights_sitenote_active":false,"_monsterinsights_sitenote_note":"","_monsterinsights_sitenote_category":0},"product_brand":[],"product_cat":[560,575,585],"product_tag":[530,531,532,533,534,535,536,537,538,539,540,541,542,543,544],"class_list":{"0":"post-8293","1":"product","2":"type-product","3":"status-publish","4":"has-post-thumbnail","6":"product_cat-aerotermia","7":"product_cat-bombas-de-calor","8":"product_cat-ecothermal","9":"product_tag-gia-a100-190cd30gn8b","10":"product_tag-gia-a100-240cd30gn8b","11":"product_tag-gia-a160-240cd30gn8b","12":"product_tag-gia-av12wd2n8plus","13":"product_tag-gia-av16wd2n8plus","14":"product_tag-gia-av16wd2rn8plus","15":"product_tag-gia-av4wd2n8plus","16":"product_tag-gia-av8wd2n8plus","17":"product_tag-gia-v12wd2it160-240","18":"product_tag-gia-v16wd2it160-240","19":"product_tag-gia-v16wd2rit160-240","20":"product_tag-gia-v4wd2it100-190","21":"product_tag-gia-v4wd2it100-240","22":"product_tag-gia-v8wd2it100-190","23":"product_tag-gia-v8wd2it100-240","25":"first","26":"instock","27":"shipping-taxable","28":"product-type-simple"},"yoast_head":"<!-- This site is optimized with the Yoast SEO plugin v26.6 - https:\/\/yoast.com\/wordpress\/plugins\/seo\/ -->\n<title>ECO-THERMAL BIBLOCK INTEGRADO<\/title>\n<meta name=\"description\" content=\"El sistema aerot\u00e9rmico Biblock integrado ha sido dise\u00f1ado para brindarte una soluci\u00f3n completa y eficiente para climatizaci\u00f3n y agua caliente sanitaria. Con caracter\u00edsticas avanzadas y tecnolog\u00eda de vanguardia, destaca en rendimiento y comodidad.\" \/>\n<meta name=\"robots\" content=\"index, follow, max-snippet:-1, max-image-preview:large, max-video-preview:-1\" \/>\n<link rel=\"canonical\" href=\"https:\/\/giatsu.com\/es\/aerotermia\/bombas-de-calor\/ecothermal\/eco-thermal-biblock-integrado\/\" \/>\n<meta property=\"og:locale\" content=\"es_ES\" \/>\n<meta property=\"og:type\" content=\"article\" \/>\n<meta property=\"og:title\" content=\"ECO-THERMAL BIBLOCK INTEGRADO\" \/>\n<meta property=\"og:description\" content=\"El sistema aerot\u00e9rmico Biblock integrado ha sido dise\u00f1ado para brindarte una soluci\u00f3n completa y eficiente para climatizaci\u00f3n y agua caliente sanitaria. Con caracter\u00edsticas avanzadas y tecnolog\u00eda de vanguardia, destaca en rendimiento y comodidad.\" \/>\n<meta property=\"og:url\" content=\"https:\/\/giatsu.com\/es\/aerotermia\/bombas-de-calor\/ecothermal\/eco-thermal-biblock-integrado\/\" \/>\n<meta property=\"og:site_name\" content=\"GIATSU\" \/>\n<meta property=\"article:modified_time\" content=\"2025-07-16T06:06:31+00:00\" \/>\n<meta property=\"og:image\" content=\"https:\/\/giatsu.com\/wp-content\/uploads\/2023\/08\/biblock-integrado6-190823.webp\" \/>\n\t<meta property=\"og:image:width\" content=\"800\" \/>\n\t<meta property=\"og:image:height\" content=\"800\" \/>\n\t<meta property=\"og:image:type\" content=\"image\/webp\" \/>\n<meta name=\"twitter:card\" content=\"summary_large_image\" \/>\n<meta name=\"twitter:label1\" content=\"Tiempo de lectura\" \/>\n\t<meta name=\"twitter:data1\" content=\"4 minutos\" \/>\n<script type=\"application\/ld+json\" class=\"yoast-schema-graph\">{\"@context\":\"https:\/\/schema.org\",\"@graph\":[{\"@type\":\"WebPage\",\"@id\":\"https:\/\/giatsu.com\/es\/aerotermia\/bombas-de-calor\/ecothermal\/eco-thermal-biblock-integrado\/\",\"url\":\"https:\/\/giatsu.com\/es\/aerotermia\/bombas-de-calor\/ecothermal\/eco-thermal-biblock-integrado\/\",\"name\":\"ECO-THERMAL BIBLOCK INTEGRADO\",\"isPartOf\":{\"@id\":\"https:\/\/giatsu.com\/es\/#website\"},\"primaryImageOfPage\":{\"@id\":\"https:\/\/giatsu.com\/es\/aerotermia\/bombas-de-calor\/ecothermal\/eco-thermal-biblock-integrado\/#primaryimage\"},\"image\":{\"@id\":\"https:\/\/giatsu.com\/es\/aerotermia\/bombas-de-calor\/ecothermal\/eco-thermal-biblock-integrado\/#primaryimage\"},\"thumbnailUrl\":\"https:\/\/giatsu.com\/wp-content\/uploads\/2023\/08\/biblock-integrado6-190823.webp\",\"datePublished\":\"2023-06-06T07:03:04+00:00\",\"dateModified\":\"2025-07-16T06:06:31+00:00\",\"description\":\"El sistema aerot\u00e9rmico Biblock integrado ha sido dise\u00f1ado para brindarte una soluci\u00f3n completa y eficiente para climatizaci\u00f3n y agua caliente sanitaria. Con caracter\u00edsticas avanzadas y tecnolog\u00eda de vanguardia, destaca en rendimiento y comodidad.\",\"breadcrumb\":{\"@id\":\"https:\/\/giatsu.com\/es\/aerotermia\/bombas-de-calor\/ecothermal\/eco-thermal-biblock-integrado\/#breadcrumb\"},\"inLanguage\":\"es\",\"potentialAction\":[{\"@type\":\"ReadAction\",\"target\":[\"https:\/\/giatsu.com\/es\/aerotermia\/bombas-de-calor\/ecothermal\/eco-thermal-biblock-integrado\/\"]}]},{\"@type\":\"ImageObject\",\"inLanguage\":\"es\",\"@id\":\"https:\/\/giatsu.com\/es\/aerotermia\/bombas-de-calor\/ecothermal\/eco-thermal-biblock-integrado\/#primaryimage\",\"url\":\"https:\/\/giatsu.com\/wp-content\/uploads\/2023\/08\/biblock-integrado6-190823.webp\",\"contentUrl\":\"https:\/\/giatsu.com\/wp-content\/uploads\/2023\/08\/biblock-integrado6-190823.webp\",\"width\":800,\"height\":800},{\"@type\":\"BreadcrumbList\",\"@id\":\"https:\/\/giatsu.com\/es\/aerotermia\/bombas-de-calor\/ecothermal\/eco-thermal-biblock-integrado\/#breadcrumb\",\"itemListElement\":[{\"@type\":\"ListItem\",\"position\":1,\"name\":\"Home\",\"item\":\"https:\/\/giatsu.com\/es\/\"},{\"@type\":\"ListItem\",\"position\":2,\"name\":\"PRODUCTOS\",\"item\":\"https:\/\/giatsu.com\/es\/productos\/\"},{\"@type\":\"ListItem\",\"position\":3,\"name\":\"ECO-THERMAL BIBLOCK INTEGRADO\"}]},{\"@type\":\"WebSite\",\"@id\":\"https:\/\/giatsu.com\/es\/#website\",\"url\":\"https:\/\/giatsu.com\/es\/\",\"name\":\"GIATSU\",\"description\":\"Quality Comfort Everywhere\",\"potentialAction\":[{\"@type\":\"SearchAction\",\"target\":{\"@type\":\"EntryPoint\",\"urlTemplate\":\"https:\/\/giatsu.com\/es\/?s={search_term_string}\"},\"query-input\":{\"@type\":\"PropertyValueSpecification\",\"valueRequired\":true,\"valueName\":\"search_term_string\"}}],\"inLanguage\":\"es\"}]}<\/script>\n<!-- \/ Yoast SEO plugin. -->","yoast_head_json":{"title":"ECO-THERMAL BIBLOCK INTEGRADO","description":"El sistema aerot\u00e9rmico Biblock integrado ha sido dise\u00f1ado para brindarte una soluci\u00f3n completa y eficiente para climatizaci\u00f3n y agua caliente sanitaria. Con caracter\u00edsticas avanzadas y tecnolog\u00eda de vanguardia, destaca en rendimiento y comodidad.","robots":{"index":"index","follow":"follow","max-snippet":"max-snippet:-1","max-image-preview":"max-image-preview:large","max-video-preview":"max-video-preview:-1"},"canonical":"https:\/\/giatsu.com\/es\/aerotermia\/bombas-de-calor\/ecothermal\/eco-thermal-biblock-integrado\/","og_locale":"es_ES","og_type":"article","og_title":"ECO-THERMAL BIBLOCK INTEGRADO","og_description":"El sistema aerot\u00e9rmico Biblock integrado ha sido dise\u00f1ado para brindarte una soluci\u00f3n completa y eficiente para climatizaci\u00f3n y agua caliente sanitaria. Con caracter\u00edsticas avanzadas y tecnolog\u00eda de vanguardia, destaca en rendimiento y comodidad.","og_url":"https:\/\/giatsu.com\/es\/aerotermia\/bombas-de-calor\/ecothermal\/eco-thermal-biblock-integrado\/","og_site_name":"GIATSU","article_modified_time":"2025-07-16T06:06:31+00:00","og_image":[{"width":800,"height":800,"url":"https:\/\/giatsu.com\/wp-content\/uploads\/2023\/08\/biblock-integrado6-190823.webp","type":"image\/webp"}],"twitter_card":"summary_large_image","twitter_misc":{"Tiempo de lectura":"4 minutos"},"schema":{"@context":"https:\/\/schema.org","@graph":[{"@type":"WebPage","@id":"https:\/\/giatsu.com\/es\/aerotermia\/bombas-de-calor\/ecothermal\/eco-thermal-biblock-integrado\/","url":"https:\/\/giatsu.com\/es\/aerotermia\/bombas-de-calor\/ecothermal\/eco-thermal-biblock-integrado\/","name":"ECO-THERMAL BIBLOCK INTEGRADO","isPartOf":{"@id":"https:\/\/giatsu.com\/es\/#website"},"primaryImageOfPage":{"@id":"https:\/\/giatsu.com\/es\/aerotermia\/bombas-de-calor\/ecothermal\/eco-thermal-biblock-integrado\/#primaryimage"},"image":{"@id":"https:\/\/giatsu.com\/es\/aerotermia\/bombas-de-calor\/ecothermal\/eco-thermal-biblock-integrado\/#primaryimage"},"thumbnailUrl":"https:\/\/giatsu.com\/wp-content\/uploads\/2023\/08\/biblock-integrado6-190823.webp","datePublished":"2023-06-06T07:03:04+00:00","dateModified":"2025-07-16T06:06:31+00:00","description":"El sistema aerot\u00e9rmico Biblock integrado ha sido dise\u00f1ado para brindarte una soluci\u00f3n completa y eficiente para climatizaci\u00f3n y agua caliente sanitaria. Con caracter\u00edsticas avanzadas y tecnolog\u00eda de vanguardia, destaca en rendimiento y comodidad.","breadcrumb":{"@id":"https:\/\/giatsu.com\/es\/aerotermia\/bombas-de-calor\/ecothermal\/eco-thermal-biblock-integrado\/#breadcrumb"},"inLanguage":"es","potentialAction":[{"@type":"ReadAction","target":["https:\/\/giatsu.com\/es\/aerotermia\/bombas-de-calor\/ecothermal\/eco-thermal-biblock-integrado\/"]}]},{"@type":"ImageObject","inLanguage":"es","@id":"https:\/\/giatsu.com\/es\/aerotermia\/bombas-de-calor\/ecothermal\/eco-thermal-biblock-integrado\/#primaryimage","url":"https:\/\/giatsu.com\/wp-content\/uploads\/2023\/08\/biblock-integrado6-190823.webp","contentUrl":"https:\/\/giatsu.com\/wp-content\/uploads\/2023\/08\/biblock-integrado6-190823.webp","width":800,"height":800},{"@type":"BreadcrumbList","@id":"https:\/\/giatsu.com\/es\/aerotermia\/bombas-de-calor\/ecothermal\/eco-thermal-biblock-integrado\/#breadcrumb","itemListElement":[{"@type":"ListItem","position":1,"name":"Home","item":"https:\/\/giatsu.com\/es\/"},{"@type":"ListItem","position":2,"name":"PRODUCTOS","item":"https:\/\/giatsu.com\/es\/productos\/"},{"@type":"ListItem","position":3,"name":"ECO-THERMAL BIBLOCK INTEGRADO"}]},{"@type":"WebSite","@id":"https:\/\/giatsu.com\/es\/#website","url":"https:\/\/giatsu.com\/es\/","name":"GIATSU","description":"Quality Comfort Everywhere","potentialAction":[{"@type":"SearchAction","target":{"@type":"EntryPoint","urlTemplate":"https:\/\/giatsu.com\/es\/?s={search_term_string}"},"query-input":{"@type":"PropertyValueSpecification","valueRequired":true,"valueName":"search_term_string"}}],"inLanguage":"es"}]}},"_links":{"self":[{"href":"https:\/\/giatsu.com\/es\/wp-json\/wp\/v2\/product\/8293","targetHints":{"allow":["GET"]}}],"collection":[{"href":"https:\/\/giatsu.com\/es\/wp-json\/wp\/v2\/product"}],"about":[{"href":"https:\/\/giatsu.com\/es\/wp-json\/wp\/v2\/types\/product"}],"wp:featuredmedia":[{"embeddable":true,"href":"https:\/\/giatsu.com\/es\/wp-json\/wp\/v2\/media\/9323"}],"wp:attachment":[{"href":"https:\/\/giatsu.com\/es\/wp-json\/wp\/v2\/media?parent=8293"}],"wp:term":[{"taxonomy":"product_brand","embeddable":true,"href":"https:\/\/giatsu.com\/es\/wp-json\/wp\/v2\/product_brand?post=8293"},{"taxonomy":"product_cat","embeddable":true,"href":"https:\/\/giatsu.com\/es\/wp-json\/wp\/v2\/product_cat?post=8293"},{"taxonomy":"product_tag","embeddable":true,"href":"https:\/\/giatsu.com\/es\/wp-json\/wp\/v2\/product_tag?post=8293"}],"curies":[{"name":"wp","href":"https:\/\/api.w.org\/{rel}","templated":true}]}}