{"id":8292,"date":"2023-06-06T07:03:00","date_gmt":"2023-06-06T07:03:00","guid":{"rendered":"https:\/\/giatsu.es\/?post_type=product&#038;p=8292"},"modified":"2025-01-15T13:12:00","modified_gmt":"2025-01-15T13:12:00","slug":"bomba-de-piscina-lion","status":"publish","type":"product","link":"https:\/\/giatsu.com\/es\/aerotermia\/bombas-de-calor\/bombas-de-piscina\/bomba-de-piscina-lion\/","title":{"rendered":"BOMBA DE PISCINA LION"},"content":{"rendered":"<div class=\"wpb-content-wrapper\"><div class=\"container mb-1 moduloprincipalespictos\">\n<h2 class=\"text-center tituloprincipales\">Caracter\u00edsticas principales<\/h2>\n<div class=\"row row-cols-1 row-cols-md-2 row-cols-xl-3\">\n<div class=\"col-xs-6 col-md-3 order-last\">\n<div class=\"card\">\n                            <img decoding=\"async\" class=\"card-img-top w-100 d-block fit-cover pictoprincipalgrande\" src=\"https:\/\/giatsu.com\/wp-content\/uploads\/2023\/08\/wifi-incluido-cb8169.webp\" \/><\/p>\n<div class=\"card-body p-4\">\n<h3 class=\"font-weight-bold card-title\">WiFi incluido<\/h3>\n<p class=\"card-text\">A trav\u00e9s de la aplicaci\u00f3n GIApp se puede controlar el equipo desde un smartphone, tablet o por voz con Alexa y Google Home.<\/p>\n<\/p><\/div><\/div><\/div>\n<div class=\"col-xs-6 col-md-3 order-last\">\n<div class=\"card\">\n                            <img decoding=\"async\" class=\"card-img-top w-100 d-block fit-cover pictoprincipalgrande\" src=\"https:\/\/giatsu.com\/wp-content\/uploads\/2023\/08\/diseno_compacto-a5c2f3.webp\" \/><\/p>\n<div class=\"card-body p-4\">\n<h3 class=\"font-weight-bold card-title\">Dise\u00f1o compacto<\/h3>\n<p class=\"card-text\">Ahorra espacio gracias a su dise\u00f1o y tama\u00f1o compacto, ideal para usar en ba\u00f1os, oficinas y habitaciones <\/p>\n<\/p><\/div><\/div><\/div>\n<div class=\"col-xs-6 col-md-3 order-last\">\n<div class=\"card\">\n                            <img decoding=\"async\" class=\"card-img-top w-100 d-block fit-cover pictoprincipalgrande\" src=\"https:\/\/giatsu.com\/wp-content\/uploads\/2023\/08\/r32-58a8d5.webp\" \/><\/p>\n<div class=\"card-body p-4\">\n<h3 class=\"font-weight-bold card-title\">Refrigerante R32<\/h3>\n<p class=\"card-text\">El gas R32 tiene un \u00edndice de Potencial de Calentamiento Atmosf\u00e9rico (PCA) muy bajo, una gran eficiencia y poder de refrigeraci\u00f3n.<\/p>\n<\/p><\/div><\/div><\/div>\n<div class=\"col-xs-6 col-md-3 order-last\">\n<div class=\"card\">\n                            <img decoding=\"async\" class=\"card-img-top w-100 d-block fit-cover pictoprincipalgrande\" src=\"https:\/\/giatsu.com\/wp-content\/uploads\/2023\/08\/temporizador-8a6fb8.webp\" \/><\/p>\n<div class=\"card-body p-4\">\n<h3 class=\"font-weight-bold card-title\">Temporizador<\/h3>\n<p class=\"card-text\">Permite programar la hora de funcionamiento y temperatura exacta  del agua, optimizando el consumo.<\/p>\n<\/p><\/div><\/div><\/div><\/div><\/div>\n<hr>\n<p>        [vc_row mobile_bg_img_hidden=\u00bbno\u00bb tablet_bg_img_hidden=\u00bbno\u00bb woodmart_parallax=\u00bb0&#8243; woodmart_gradient_switch=\u00bbno\u00bb row_reverse_mobile=\u00bb0&#8243; row_reverse_tablet=\u00bb0&#8243; woodmart_disable_overflow=\u00bb0&#8243; el_class=\u00bbfilaImgCaracteristica\u00bb][vc_column mobile_bg_img_hidden=\u00bbno\u00bb tablet_bg_img_hidden=\u00bbno\u00bb woodmart_parallax=\u00bb0&#8243; woodmart_sticky_column=\u00bbfalse\u00bb parallax_scroll=\u00bbno\u00bb mobile_reset_margin=\u00bbno\u00bb tablet_reset_margin=\u00bbno\u00bb]<\/p>\n<div class=\"container mb-1\">\n<h3 class=\"text-center\">Informaci\u00f3n t\u00e9cnica<\/h3>\n<div class=\"row row-cols-1 row-cols-md-2 row-cols-xl-3 justify-content-md-center\">\n<div class=\"col-xs-1 col-md-1\">\n<div class=\"card\">\n                            <img decoding=\"async\" class=\"card-img-top w-100 d-block fit-cover pictoprincipalgrande\" src=\"https:\/\/giatsu.com\/wp-content\/uploads\/2023\/08\/rapido_descarche-ebcf26.webp\" \/><\/p>\n<div class=\"card-body p-4\">\n<h4 class=\"card-text textospictospeques\">Descarche r?pido<\/h4>\n<\/p><\/div><\/div><\/div>\n<div class=\"col-xs-1 col-md-1\">\n<div class=\"card\">\n                            <img decoding=\"async\" class=\"card-img-top w-100 d-block fit-cover pictoprincipalgrande\" src=\"https:\/\/giatsu.com\/wp-content\/uploads\/2023\/08\/intercambiador_de_titanio-c0f377.webp\" \/><\/p>\n<div class=\"card-body p-4\">\n<h4 class=\"card-text textospictospeques\">Intercambiador de titanio<\/h4>\n<\/p><\/div><\/div><\/div>\n<div class=\"col-xs-1 col-md-1\">\n<div class=\"card\">\n                            <img decoding=\"async\" class=\"card-img-top w-100 d-block fit-cover pictoprincipalgrande\" src=\"https:\/\/giatsu.com\/wp-content\/uploads\/2023\/08\/control_cableado-c1d085.webp\" \/><\/p>\n<div class=\"card-body p-4\">\n<h4 class=\"card-text textospictospeques\">Control cableado<\/h4>\n<\/p><\/div><\/div><\/div>\n<div class=\"col-xs-1 col-md-1\">\n<div class=\"card\">\n                            <img decoding=\"async\" class=\"card-img-top w-100 d-block fit-cover pictoprincipalgrande\" src=\"https:\/\/giatsu.com\/wp-content\/uploads\/2023\/11\/compresor_y_ventiladores_dc_inverter-98e07d.webp\" \/><\/p>\n<div class=\"card-body p-4\">\n<h4 class=\"card-text textospictospeques\">Compresor y ventiladores DC inverter<\/h4>\n<\/p><\/div><\/div><\/div>\n<div class=\"col-xs-1 col-md-1\">\n<div class=\"card\">\n                            <img decoding=\"async\" class=\"card-img-top w-100 d-block fit-cover pictoprincipalgrande\" src=\"https:\/\/giatsu.com\/wp-content\/uploads\/2023\/08\/auto_diagnostico-36394f.webp\" \/><\/p>\n<div class=\"card-body p-4\">\n<h4 class=\"card-text textospictospeques\">Auto diagn?stico<\/h4>\n<\/p><\/div><\/div><\/div><\/div><\/div>\n<div class=\"row justify-content-md-center\">\n<div class=\"vc_btn3-container vc_btn3-inline\" id=\"botonDescargarFicha\">\n                        <a target=\"_blank\" class=\"btn btn-light border rounded-4 botondescarga\" href=\"https:\/\/giatsu.com\/documentacion\/\/giatsu-fichas-tecnicas-bombas-de-calor-para-piscinas-lion-espanol.pdf\" title=\"\">Descargar ficha t\u00e9cnica<\/a>\n                 <\/div><\/div>\n<div class=\"row\">\n<hr>\n<div class=\"col text-center\"><a target=\"_blank\" href=\"https:\/\/giatsu.com\/documentacion\/\/giatsu-manual-de-usuario-e-instalacion-bombas-de-calor-para-piscinas-lion-multiidioma.pdf\" class=\"btn btn-light border rounded-4 botonDescargaManual botondescarga\">Manual de usuario<\/a><\/div>\n<div class=\"col text-center\"><a target=\"_blank\" href=\"https:\/\/giatsu.com\/documentacion\/\/giatsu-manual-de-usuario-e-instalacion-bombas-de-calor-para-piscinas-lion-multiidioma.pdf\" class=\"btn btn-light border rounded-4 botonDescargaManual botondescarga\">Manual de instalaci\u00f3n<\/a><\/div>\n<hr>\n<\/div>\n<\/div>","protected":false},"excerpt":{"rendered":"<p>La&nbsp;<strong>Bomba de piscina LION de Giatsu<\/strong>&nbsp;permite alargar la temporada de ba&ntilde;o a cualquier estaci&oacute;n, gracias a su amplio rango de temperatura configurable.<\/p>\n<p>Cuenta con m&uacute;ltiples caracter&iacute;sticas de seguridad,&nbsp;autodiagn&oacute;stico y una funci&oacute;n de r&aacute;pido desescarche.<\/p>\n<p>Con<strong>&nbsp;COPs superiores a 12, nuestra bomba de piscina LION es altamente eficiente<\/strong> y te permitir&aacute; ahorrar en tu consumo energ&eacute;tico.<\/p>\n<p>Gracias a su&nbsp;<strong>compresor y ventilador DC Inverter,<\/strong>&nbsp;se adapta autom&aacute;ticamente a las necesidades de tu piscina, ajustando su potencia de manera inteligente y manteniendo un rendimiento &oacute;ptimo en todo momento.<\/p>\n<p>El&nbsp;<strong>intercambiador de titanio&nbsp;<\/strong>garantiza una resistencia excepcional a la corrosi&oacute;n y una transferencia de calor eficiente, asegurando una larga vida &uacute;til y un funcionamiento sin problemas.<\/p>\n<p>La&nbsp;<strong>conectividad wi-Fi<\/strong> incluida&nbsp;te permite controlar y supervisar tu bomba de piscina desde cualquier lugar a trav&eacute;s de tu dispositivo m&oacute;vil. Podr&aacute;s ajustar los par&aacute;metros, programar el funcionamiento y recibir alertas en tiempo real, brind&aacute;ndote comodidad y tranquilidad.<\/p>\n<p>Con un <strong>amplio rango de funcionamiento<\/strong>, la bomba de piscina LION es capaz de adaptarse a diferentes condiciones clim&aacute;ticas y necesidades de tu piscina, asegurando un rendimiento &oacute;ptimo en cualquier momento del a&ntilde;o.<\/p>\n<p>El&nbsp;<strong>temporizador incorporado<\/strong>&nbsp;te permite programar la operaci&oacute;n de la bomba de acuerdo a tus preferencias y horarios, optimizando el uso de energ&iacute;a y facilit&aacute;ndote la gesti&oacute;n de tu piscina.<\/p>\n<p>Funciona con <strong>gas&nbsp;refrigerante R32<\/strong>.<\/p>\n<p>No pierdas la oportunidad de mejorar tu experiencia en el mantenimiento de tu piscina.<\/p>\n<p>Potencias disponibles: 6,8KW, 11KW, 16KW, 19KW<\/p>\n<div class='pictosvoz'><\/div>\n","protected":false},"featured_media":10811,"template":"","meta":{"_monsterinsights_skip_tracking":false,"_monsterinsights_sitenote_active":false,"_monsterinsights_sitenote_note":"","_monsterinsights_sitenote_category":0},"product_brand":[],"product_cat":[560,575,583],"product_tag":[348,349,350,351],"class_list":{"0":"post-8292","1":"product","2":"type-product","3":"status-publish","4":"has-post-thumbnail","6":"product_cat-aerotermia","7":"product_cat-bombas-de-calor","8":"product_cat-bombas-de-piscina","9":"product_tag-gia-swp-o-070lio","10":"product_tag-gia-swp-o-110lio","11":"product_tag-gia-swp-o-160lio","12":"product_tag-gia-swp-o-190lio","14":"first","15":"instock","16":"shipping-taxable","17":"product-type-simple"},"yoast_head":"<!-- This site is optimized with the Yoast SEO plugin v27.4 - https:\/\/yoast.com\/product\/yoast-seo-wordpress\/ -->\n<title>BOMBA DE PISCINA LION<\/title>\n<meta name=\"description\" content=\"Con COPs superiores a 12, nuestra bomba de piscina LION es altamente eficiente y te permitir\u00e1 ahorrar en tu consumo energ\u00e9tico. Gracias a su compresor DC Inverter y ventilador DC Inverter, se adapta autom\u00e1ticamente a las necesidades de tu piscina, ajustando su potencia de manera inteligente y manteniendo un rendimiento \u00f3ptimo en todo momento.\" \/>\n<meta name=\"robots\" content=\"index, follow, max-snippet:-1, max-image-preview:large, max-video-preview:-1\" \/>\n<link rel=\"canonical\" href=\"https:\/\/giatsu.com\/es\/aerotermia\/bombas-de-calor\/bombas-de-piscina\/bomba-de-piscina-lion\/\" \/>\n<meta property=\"og:locale\" content=\"es_ES\" \/>\n<meta property=\"og:type\" content=\"article\" \/>\n<meta property=\"og:title\" content=\"BOMBA DE PISCINA LION\" \/>\n<meta property=\"og:description\" content=\"Con COPs superiores a 12, nuestra bomba de piscina LION es altamente eficiente y te permitir\u00e1 ahorrar en tu consumo energ\u00e9tico. Gracias a su compresor DC Inverter y ventilador DC Inverter, se adapta autom\u00e1ticamente a las necesidades de tu piscina, ajustando su potencia de manera inteligente y manteniendo un rendimiento \u00f3ptimo en todo momento.\" \/>\n<meta property=\"og:url\" content=\"https:\/\/giatsu.com\/es\/aerotermia\/bombas-de-calor\/bombas-de-piscina\/bomba-de-piscina-lion\/\" \/>\n<meta property=\"og:site_name\" content=\"GIATSU\" \/>\n<meta property=\"article:modified_time\" content=\"2025-01-15T13:12:00+00:00\" \/>\n<meta property=\"og:image\" content=\"https:\/\/giatsu.com\/wp-content\/uploads\/2023\/08\/lion3-61363d.webp\" \/>\n\t<meta property=\"og:image:width\" content=\"800\" \/>\n\t<meta property=\"og:image:height\" content=\"800\" \/>\n\t<meta property=\"og:image:type\" content=\"image\/webp\" \/>\n<meta name=\"twitter:card\" content=\"summary_large_image\" \/>\n<script type=\"application\/ld+json\" class=\"yoast-schema-graph\">{\"@context\":\"https:\\\/\\\/schema.org\",\"@graph\":[{\"@type\":\"WebPage\",\"@id\":\"https:\\\/\\\/giatsu.com\\\/es\\\/aerotermia\\\/bombas-de-calor\\\/bombas-de-piscina\\\/bomba-de-piscina-lion\\\/\",\"url\":\"https:\\\/\\\/giatsu.com\\\/es\\\/aerotermia\\\/bombas-de-calor\\\/bombas-de-piscina\\\/bomba-de-piscina-lion\\\/\",\"name\":\"BOMBA DE PISCINA LION\",\"isPartOf\":{\"@id\":\"https:\\\/\\\/giatsu.com\\\/es\\\/#website\"},\"primaryImageOfPage\":{\"@id\":\"https:\\\/\\\/giatsu.com\\\/es\\\/aerotermia\\\/bombas-de-calor\\\/bombas-de-piscina\\\/bomba-de-piscina-lion\\\/#primaryimage\"},\"image\":{\"@id\":\"https:\\\/\\\/giatsu.com\\\/es\\\/aerotermia\\\/bombas-de-calor\\\/bombas-de-piscina\\\/bomba-de-piscina-lion\\\/#primaryimage\"},\"thumbnailUrl\":\"https:\\\/\\\/giatsu.com\\\/wp-content\\\/uploads\\\/2023\\\/08\\\/lion3-61363d.webp\",\"datePublished\":\"2023-06-06T07:03:00+00:00\",\"dateModified\":\"2025-01-15T13:12:00+00:00\",\"description\":\"Con COPs superiores a 12, nuestra bomba de piscina LION es altamente eficiente y te permitir\u00e1 ahorrar en tu consumo energ\u00e9tico. Gracias a su compresor DC Inverter y ventilador DC Inverter, se adapta autom\u00e1ticamente a las necesidades de tu piscina, ajustando su potencia de manera inteligente y manteniendo un rendimiento \u00f3ptimo en todo momento.\",\"breadcrumb\":{\"@id\":\"https:\\\/\\\/giatsu.com\\\/es\\\/aerotermia\\\/bombas-de-calor\\\/bombas-de-piscina\\\/bomba-de-piscina-lion\\\/#breadcrumb\"},\"inLanguage\":\"es\",\"potentialAction\":[{\"@type\":\"ReadAction\",\"target\":[\"https:\\\/\\\/giatsu.com\\\/es\\\/aerotermia\\\/bombas-de-calor\\\/bombas-de-piscina\\\/bomba-de-piscina-lion\\\/\"]}]},{\"@type\":\"ImageObject\",\"inLanguage\":\"es\",\"@id\":\"https:\\\/\\\/giatsu.com\\\/es\\\/aerotermia\\\/bombas-de-calor\\\/bombas-de-piscina\\\/bomba-de-piscina-lion\\\/#primaryimage\",\"url\":\"https:\\\/\\\/giatsu.com\\\/wp-content\\\/uploads\\\/2023\\\/08\\\/lion3-61363d.webp\",\"contentUrl\":\"https:\\\/\\\/giatsu.com\\\/wp-content\\\/uploads\\\/2023\\\/08\\\/lion3-61363d.webp\",\"width\":800,\"height\":800},{\"@type\":\"BreadcrumbList\",\"@id\":\"https:\\\/\\\/giatsu.com\\\/es\\\/aerotermia\\\/bombas-de-calor\\\/bombas-de-piscina\\\/bomba-de-piscina-lion\\\/#breadcrumb\",\"itemListElement\":[{\"@type\":\"ListItem\",\"position\":1,\"name\":\"Home\",\"item\":\"https:\\\/\\\/giatsu.com\\\/es\\\/\"},{\"@type\":\"ListItem\",\"position\":2,\"name\":\"PRODUCTOS\",\"item\":\"https:\\\/\\\/giatsu.com\\\/es\\\/productos\\\/\"},{\"@type\":\"ListItem\",\"position\":3,\"name\":\"BOMBA DE PISCINA LION\"}]},{\"@type\":\"WebSite\",\"@id\":\"https:\\\/\\\/giatsu.com\\\/es\\\/#website\",\"url\":\"https:\\\/\\\/giatsu.com\\\/es\\\/\",\"name\":\"GIATSU\",\"description\":\"Quality Comfort Everywhere\",\"potentialAction\":[{\"@type\":\"SearchAction\",\"target\":{\"@type\":\"EntryPoint\",\"urlTemplate\":\"https:\\\/\\\/giatsu.com\\\/es\\\/?s={search_term_string}\"},\"query-input\":{\"@type\":\"PropertyValueSpecification\",\"valueRequired\":true,\"valueName\":\"search_term_string\"}}],\"inLanguage\":\"es\"}]}<\/script>\n<!-- \/ Yoast SEO plugin. -->","yoast_head_json":{"title":"BOMBA DE PISCINA LION","description":"Con COPs superiores a 12, nuestra bomba de piscina LION es altamente eficiente y te permitir\u00e1 ahorrar en tu consumo energ\u00e9tico. Gracias a su compresor DC Inverter y ventilador DC Inverter, se adapta autom\u00e1ticamente a las necesidades de tu piscina, ajustando su potencia de manera inteligente y manteniendo un rendimiento \u00f3ptimo en todo momento.","robots":{"index":"index","follow":"follow","max-snippet":"max-snippet:-1","max-image-preview":"max-image-preview:large","max-video-preview":"max-video-preview:-1"},"canonical":"https:\/\/giatsu.com\/es\/aerotermia\/bombas-de-calor\/bombas-de-piscina\/bomba-de-piscina-lion\/","og_locale":"es_ES","og_type":"article","og_title":"BOMBA DE PISCINA LION","og_description":"Con COPs superiores a 12, nuestra bomba de piscina LION es altamente eficiente y te permitir\u00e1 ahorrar en tu consumo energ\u00e9tico. Gracias a su compresor DC Inverter y ventilador DC Inverter, se adapta autom\u00e1ticamente a las necesidades de tu piscina, ajustando su potencia de manera inteligente y manteniendo un rendimiento \u00f3ptimo en todo momento.","og_url":"https:\/\/giatsu.com\/es\/aerotermia\/bombas-de-calor\/bombas-de-piscina\/bomba-de-piscina-lion\/","og_site_name":"GIATSU","article_modified_time":"2025-01-15T13:12:00+00:00","og_image":[{"width":800,"height":800,"url":"https:\/\/giatsu.com\/wp-content\/uploads\/2023\/08\/lion3-61363d.webp","type":"image\/webp"}],"twitter_card":"summary_large_image","schema":{"@context":"https:\/\/schema.org","@graph":[{"@type":"WebPage","@id":"https:\/\/giatsu.com\/es\/aerotermia\/bombas-de-calor\/bombas-de-piscina\/bomba-de-piscina-lion\/","url":"https:\/\/giatsu.com\/es\/aerotermia\/bombas-de-calor\/bombas-de-piscina\/bomba-de-piscina-lion\/","name":"BOMBA DE PISCINA LION","isPartOf":{"@id":"https:\/\/giatsu.com\/es\/#website"},"primaryImageOfPage":{"@id":"https:\/\/giatsu.com\/es\/aerotermia\/bombas-de-calor\/bombas-de-piscina\/bomba-de-piscina-lion\/#primaryimage"},"image":{"@id":"https:\/\/giatsu.com\/es\/aerotermia\/bombas-de-calor\/bombas-de-piscina\/bomba-de-piscina-lion\/#primaryimage"},"thumbnailUrl":"https:\/\/giatsu.com\/wp-content\/uploads\/2023\/08\/lion3-61363d.webp","datePublished":"2023-06-06T07:03:00+00:00","dateModified":"2025-01-15T13:12:00+00:00","description":"Con COPs superiores a 12, nuestra bomba de piscina LION es altamente eficiente y te permitir\u00e1 ahorrar en tu consumo energ\u00e9tico. Gracias a su compresor DC Inverter y ventilador DC Inverter, se adapta autom\u00e1ticamente a las necesidades de tu piscina, ajustando su potencia de manera inteligente y manteniendo un rendimiento \u00f3ptimo en todo momento.","breadcrumb":{"@id":"https:\/\/giatsu.com\/es\/aerotermia\/bombas-de-calor\/bombas-de-piscina\/bomba-de-piscina-lion\/#breadcrumb"},"inLanguage":"es","potentialAction":[{"@type":"ReadAction","target":["https:\/\/giatsu.com\/es\/aerotermia\/bombas-de-calor\/bombas-de-piscina\/bomba-de-piscina-lion\/"]}]},{"@type":"ImageObject","inLanguage":"es","@id":"https:\/\/giatsu.com\/es\/aerotermia\/bombas-de-calor\/bombas-de-piscina\/bomba-de-piscina-lion\/#primaryimage","url":"https:\/\/giatsu.com\/wp-content\/uploads\/2023\/08\/lion3-61363d.webp","contentUrl":"https:\/\/giatsu.com\/wp-content\/uploads\/2023\/08\/lion3-61363d.webp","width":800,"height":800},{"@type":"BreadcrumbList","@id":"https:\/\/giatsu.com\/es\/aerotermia\/bombas-de-calor\/bombas-de-piscina\/bomba-de-piscina-lion\/#breadcrumb","itemListElement":[{"@type":"ListItem","position":1,"name":"Home","item":"https:\/\/giatsu.com\/es\/"},{"@type":"ListItem","position":2,"name":"PRODUCTOS","item":"https:\/\/giatsu.com\/es\/productos\/"},{"@type":"ListItem","position":3,"name":"BOMBA DE PISCINA LION"}]},{"@type":"WebSite","@id":"https:\/\/giatsu.com\/es\/#website","url":"https:\/\/giatsu.com\/es\/","name":"GIATSU","description":"Quality Comfort Everywhere","potentialAction":[{"@type":"SearchAction","target":{"@type":"EntryPoint","urlTemplate":"https:\/\/giatsu.com\/es\/?s={search_term_string}"},"query-input":{"@type":"PropertyValueSpecification","valueRequired":true,"valueName":"search_term_string"}}],"inLanguage":"es"}]}},"_links":{"self":[{"href":"https:\/\/giatsu.com\/es\/wp-json\/wp\/v2\/product\/8292","targetHints":{"allow":["GET"]}}],"collection":[{"href":"https:\/\/giatsu.com\/es\/wp-json\/wp\/v2\/product"}],"about":[{"href":"https:\/\/giatsu.com\/es\/wp-json\/wp\/v2\/types\/product"}],"wp:featuredmedia":[{"embeddable":true,"href":"https:\/\/giatsu.com\/es\/wp-json\/wp\/v2\/media\/10811"}],"wp:attachment":[{"href":"https:\/\/giatsu.com\/es\/wp-json\/wp\/v2\/media?parent=8292"}],"wp:term":[{"taxonomy":"product_brand","embeddable":true,"href":"https:\/\/giatsu.com\/es\/wp-json\/wp\/v2\/product_brand?post=8292"},{"taxonomy":"product_cat","embeddable":true,"href":"https:\/\/giatsu.com\/es\/wp-json\/wp\/v2\/product_cat?post=8292"},{"taxonomy":"product_tag","embeddable":true,"href":"https:\/\/giatsu.com\/es\/wp-json\/wp\/v2\/product_tag?post=8292"}],"curies":[{"name":"wp","href":"https:\/\/api.w.org\/{rel}","templated":true}]}}