{"id":8290,"date":"2023-06-06T07:02:55","date_gmt":"2023-06-06T07:02:55","guid":{"rendered":"https:\/\/giatsu.es\/?post_type=product&#038;p=8290"},"modified":"2025-07-16T06:02:28","modified_gmt":"2025-07-16T06:02:28","slug":"acumulador-aerotermico-con-aportacion-solar-vaws","status":"publish","type":"product","link":"https:\/\/giatsu.com\/es\/aerotermia\/acumuladores-aerotermicos\/acumulador-aerotermico-con-aportacion-solar-vaws\/","title":{"rendered":"ACUMULADOR AEROTERMICO CON APORTACION SOLAR VAW+S"},"content":{"rendered":"<div class=\"wpb-content-wrapper\"><div class=\"container mb-1 moduloprincipalespictos\">\n<h2 class=\"text-center tituloprincipales\">Caracter\u00edsticas principales<\/h2>\n<div class=\"row row-cols-1 row-cols-md-2 row-cols-xl-3\">\n<div class=\"col-xs-6 col-md-3 order-last\">\n<div class=\"card\"><img decoding=\"async\" class=\"card-img-top w-100 d-block fit-cover pictoprincipalgrande\" src=\"https:\/\/giatsu.com\/wp-content\/uploads\/2023\/08\/wifi-incluido-cb8169.webp\" \/><\/p>\n<div class=\"card-body p-4\">\n<h3 class=\"font-weight-bold card-title\">Wifi incluido<\/h3>\n<p class=\"card-text\">A trav\u00e9s de la aplicaci\u00f3n GIApp se puede controlar el equipo desde un smartphone, tablet o por voz con Alexa y Google Home.<\/p>\n<\/div>\n<\/div>\n<\/div>\n<div class=\"col-xs-6 col-md-3 order-last\">\n<div class=\"card\"><img decoding=\"async\" class=\"card-img-top w-100 d-block fit-cover pictoprincipalgrande\" src=\"https:\/\/giatsu.com\/wp-content\/uploads\/2023\/08\/facil_control_e_instalacion-2bc27d.webp\" \/><\/p>\n<div class=\"card-body p-4\">\n<h3 class=\"font-weight-bold card-title\">F\u00e1cil control e instalaci\u00f3n<\/h3>\n<p class=\"card-text\">Para cualquier instalaci\u00f3n de climatizaci\u00f3n por conductos de manera f\u00e1cil y sencilla.<\/p>\n<\/div>\n<\/div>\n<\/div>\n<div class=\"col-xs-6 col-md-3 order-last\">\n<div class=\"card\"><img decoding=\"async\" class=\"card-img-top w-100 d-block fit-cover pictoprincipalgrande\" src=\"https:\/\/giatsu.com\/wp-content\/uploads\/2023\/08\/antilegionela-51edba.webp\" \/><\/p>\n<div class=\"card-body p-4\">\n<h3 class=\"font-weight-bold card-title\">Anti-legionela<\/h3>\n<p class=\"card-text\">Protecci\u00f3n contra la bacteria desarrollada en equipos de agua y torres de refrigeraci\u00f3n.<\/p>\n<\/div>\n<\/div>\n<\/div>\n<div class=\"col-xs-6 col-md-3 order-last\">\n<div class=\"card\"><img decoding=\"async\" class=\"card-img-top w-100 d-block fit-cover pictoprincipalgrande\" src=\"https:\/\/giatsu.com\/wp-content\/uploads\/2023\/08\/compatible-con-energia-solar-8962e7.webp\" \/><\/p>\n<div class=\"card-body p-4\">\n<h3 class=\"font-weight-bold card-title\">Compatible con energ\u00eda solar<\/h3>\n<p class=\"card-text\">El equipo est\u00e1 preparado para funcionar junto a equipos termosolares, aumentando la eficiencia de la instalaci\u00f3n.<\/p>\n<\/div>\n<\/div>\n<\/div>\n<div class=\"col-xs-6 col-md-3 order-last\">\n<div class=\"card\"><img decoding=\"async\" class=\"card-img-top w-100 d-block fit-cover pictoprincipalgrande\" src=\"https:\/\/giatsu.com\/wp-content\/uploads\/2023\/08\/maxima-temperatura-de-salida-de-agua-cf2d09.webp\" \/><\/p>\n<div class=\"card-body p-4\">\n<h3 class=\"font-weight-bold card-title\">M\u00e1xima temperatura de salida de agua<\/h3>\n<p class=\"card-text\">Es la temperatura caliente m\u00e1xima a la que puede salir el agua teniendo por defecto un grado de salida especificado.<\/p>\n<\/div>\n<\/div>\n<\/div>\n<\/div>\n<\/div>\n<hr \/>\n<p>[vc_row mobile_bg_img_hidden=\u00bbno\u00bb tablet_bg_img_hidden=\u00bbno\u00bb woodmart_parallax=\u00bb0&#8243; woodmart_gradient_switch=\u00bbno\u00bb row_reverse_mobile=\u00bb0&#8243; row_reverse_tablet=\u00bb0&#8243; woodmart_disable_overflow=\u00bb0&#8243; el_class=\u00bbfilaImgCaracteristica\u00bb][vc_column mobile_bg_img_hidden=\u00bbno\u00bb tablet_bg_img_hidden=\u00bbno\u00bb woodmart_parallax=\u00bb0&#8243; woodmart_sticky_column=\u00bbfalse\u00bb parallax_scroll=\u00bbno\u00bb mobile_reset_margin=\u00bbno\u00bb tablet_reset_margin=\u00bbno\u00bb]<\/p>\n<div class=\"container mb-1\">\n<h3 class=\"text-center\">Informaci\u00f3n t\u00e9cnica<\/h3>\n<div class=\"row row-cols-1 row-cols-md-2 row-cols-xl-3 justify-content-md-center\">\n<div class=\"col-xs-1 col-md-1\">\n<div class=\"card\"><img decoding=\"async\" class=\"card-img-top w-100 d-block fit-cover pictoprincipalgrande\" src=\"https:\/\/giatsu.com\/wp-content\/uploads\/2023\/08\/tanque_acero_inox-6d0546.webp\" \/><\/p>\n<div class=\"card-body p-4\">\n<h4 class=\"card-text textospictospeques\">Tanque de acero inoxidable<\/h4>\n<\/div>\n<\/div>\n<\/div>\n<div class=\"col-xs-1 col-md-1\">\n<div class=\"card\"><img decoding=\"async\" class=\"card-img-top w-100 d-block fit-cover pictoprincipalgrande\" src=\"https:\/\/giatsu.com\/wp-content\/uploads\/2023\/08\/sustituye_calentador_y_termo-2404a1.webp\" \/><\/p>\n<div class=\"card-body p-4\">\n<h4 class=\"card-text textospictospeques\">Sustituye calentador y termo<\/h4>\n<\/div>\n<\/div>\n<\/div>\n<div class=\"col-xs-1 col-md-1\">\n<div class=\"card\"><img decoding=\"async\" class=\"card-img-top w-100 d-block fit-cover pictoprincipalgrande\" src=\"https:\/\/giatsu.com\/wp-content\/uploads\/2023\/08\/funcion_descarche-8cb55b.webp\" \/><\/p>\n<div class=\"card-body p-4\">\n<h4 class=\"card-text textospictospeques\">Funci\u00f3n descarche<\/h4>\n<\/div>\n<\/div>\n<\/div>\n<\/div>\n<\/div>\n<div class=\"row justify-content-md-center\">\n<div id=\"botonDescargarFicha\" class=\"vc_btn3-container vc_btn3-inline\"><a class=\"btn btn-light border rounded-4 botondescarga\" title=\"\" href=\"https:\/\/giatsu.com\/documentacion\/\/giatsu-fichas-tecnicas-bombas-de-calor-para-acs-vaw-espanol.pdf\" target=\"_blank\" rel=\"noopener\">Descargar ficha t\u00e9cnica<\/a><\/div>\n<\/div>\n<div class=\"row\">\n<hr \/>\n<div class=\"col text-center\"><a class=\"btn btn-light border rounded-4 botonDescargaManual botondescarga\" href=\"https:\/\/giatsu.com\/documentacion\/\/giatsu-manual-de-usuario-e-instalacion-acumuladores-aerotermicos--multiidioma.pdf\" target=\"_blank\" rel=\"noopener\">Manual de usuario<\/a><\/div>\n<div class=\"col text-center\"><a class=\"btn btn-light border rounded-4 botonDescargaManual botondescarga\" href=\"https:\/\/giatsu.com\/documentacion\/\/giatsu-manual-de-usuario-e-instalacion-acumuladores-aerotermicos--multiidioma.pdf\" target=\"_blank\" rel=\"noopener\">Manual de instalaci\u00f3n<\/a><\/div>\n<hr \/>\n<\/div>\n<\/div>","protected":false},"excerpt":{"rendered":"<p>El\u00a0<strong>acumulador aerot\u00e9rmico con aportaci\u00f3n solar VAW+S<\/strong> est\u00e1 dise\u00f1ado para brindarte potencia y rendimiento excepcional en la producci\u00f3n de agua caliente.<\/p>\n<p>Con caracter\u00edsticas avanzadas y tecnolog\u00eda de vanguardia,\u00a0destaca en eficiencia y durabilidad.<\/p>\n<p><strong>Garantiza\u00a0m\u00e1xima eficiencia\u00a0incluso a altas temperaturas<\/strong>. Disfruta de un suministro constante de agua caliente y aprovecha al m\u00e1ximo su potencial.<\/p>\n<p><strong>Ahorra energ\u00eda\u00a0y reduce tus costes<\/strong> gracias a su eficiencia A+.<\/p>\n<p><strong>La integraci\u00f3n de un sistema solar t\u00e9rmico<\/strong>\u00a0es una caracter\u00edstica clave de nuestro producto.\u00a0Optimiza el uso de la energ\u00eda solar en tu sistema de agua caliente,\u00a0mant\u00e9n el control total y disfruta de una soluci\u00f3n sostenible y eficiente.<\/p>\n<p>Fabricado con <strong>acero inoxidable de alta calidad<\/strong>, nuestros acumuladores t\u00e9rmicos ofrecen durabilidad y resistencia excepcionales. Olv\u00eddate de problemas de corrosi\u00f3n y disfruta de un producto de calidad que te acompa\u00f1ar\u00e1 a largo plazo.<\/p>\n<p>La\u00a0<strong>funci\u00f3n antilegionela<\/strong> es una prioridad en nuestra oferta.\u00a0La impulsi\u00f3n a 70\u00bac\u00a0 \u00a0garantiza un suministro de agua caliente seguro y saludable para ti y tu familia.<\/p>\n<p>Modelos disponibles: 500L<\/p>\n<div class=\"divPictosEnergia\">[vc_single_image image=&#8217;12661&#8242; alignment=&#8217;center&#8217; woodmart_inline=&#8217;no&#8217; parallax_scroll=&#8217;no&#8217; el_class=&#8217;imgEnergia&#8217; img_size=&#8217;72&#215;36&#8242;]<\/div>\n","protected":false},"featured_media":10851,"template":"","meta":{"_monsterinsights_skip_tracking":false,"_monsterinsights_sitenote_active":false,"_monsterinsights_sitenote_note":"","_monsterinsights_sitenote_category":0},"product_brand":[],"product_cat":[577,560],"product_tag":[354,355,356,608,357],"class_list":{"0":"post-8290","1":"product","2":"type-product","3":"status-publish","4":"has-post-thumbnail","6":"product_cat-acumuladores-aerotermicos","7":"product_cat-aerotermia","8":"product_tag-gia-ats-o-150vaw","9":"product_tag-gia-ats-o-200vaw","10":"product_tag-gia-ats-o-300vaw","11":"product_tag-gia-ats-o-300vawt","12":"product_tag-gia-ats-o-500vaw","14":"first","15":"instock","16":"shipping-taxable","17":"product-type-simple"},"yoast_head":"<!-- This site is optimized with the Yoast SEO plugin v26.6 - https:\/\/yoast.com\/wordpress\/plugins\/seo\/ -->\n<title>Acumulador aerot\u00e9rmico con aportaci\u00f3n solar VAW+S<\/title>\n<meta name=\"description\" content=\"Con caracter\u00edsticas avanzadas y tecnolog\u00eda de vanguardia, destaca en eficiencia y durabilidad. Garantiza m\u00e1xima eficiencia incluso a altas temperaturas. Disfruta de un suministro constante de agua caliente y aprovecha al m\u00e1ximo su potencial.\" \/>\n<meta name=\"robots\" content=\"index, follow, max-snippet:-1, max-image-preview:large, max-video-preview:-1\" \/>\n<link rel=\"canonical\" href=\"https:\/\/giatsu.com\/es\/aerotermia\/acumuladores-aerotermicos\/acumulador-aerotermico-con-aportacion-solar-vaws\/\" \/>\n<meta property=\"og:locale\" content=\"es_ES\" \/>\n<meta property=\"og:type\" content=\"article\" \/>\n<meta property=\"og:title\" content=\"Acumulador aerot\u00e9rmico con aportaci\u00f3n solar VAW+S\" \/>\n<meta property=\"og:description\" content=\"Con caracter\u00edsticas avanzadas y tecnolog\u00eda de vanguardia, destaca en eficiencia y durabilidad. Garantiza m\u00e1xima eficiencia incluso a altas temperaturas. Disfruta de un suministro constante de agua caliente y aprovecha al m\u00e1ximo su potencial.\" \/>\n<meta property=\"og:url\" content=\"https:\/\/giatsu.com\/es\/aerotermia\/acumuladores-aerotermicos\/acumulador-aerotermico-con-aportacion-solar-vaws\/\" \/>\n<meta property=\"og:site_name\" content=\"GIATSU\" \/>\n<meta property=\"article:modified_time\" content=\"2025-07-16T06:02:28+00:00\" \/>\n<meta property=\"og:image\" content=\"https:\/\/giatsu.com\/wp-content\/uploads\/2023\/08\/vaws-7170c9.webp\" \/>\n\t<meta property=\"og:image:width\" content=\"800\" \/>\n\t<meta property=\"og:image:height\" content=\"800\" \/>\n\t<meta property=\"og:image:type\" content=\"image\/webp\" \/>\n<meta name=\"twitter:card\" content=\"summary_large_image\" \/>\n<meta name=\"twitter:label1\" content=\"Tiempo de lectura\" \/>\n\t<meta name=\"twitter:data1\" content=\"3 minutos\" \/>\n<script type=\"application\/ld+json\" class=\"yoast-schema-graph\">{\"@context\":\"https:\/\/schema.org\",\"@graph\":[{\"@type\":\"WebPage\",\"@id\":\"https:\/\/giatsu.com\/es\/aerotermia\/acumuladores-aerotermicos\/acumulador-aerotermico-con-aportacion-solar-vaws\/\",\"url\":\"https:\/\/giatsu.com\/es\/aerotermia\/acumuladores-aerotermicos\/acumulador-aerotermico-con-aportacion-solar-vaws\/\",\"name\":\"Acumulador aerot\u00e9rmico con aportaci\u00f3n solar VAW+S\",\"isPartOf\":{\"@id\":\"https:\/\/giatsu.com\/es\/#website\"},\"primaryImageOfPage\":{\"@id\":\"https:\/\/giatsu.com\/es\/aerotermia\/acumuladores-aerotermicos\/acumulador-aerotermico-con-aportacion-solar-vaws\/#primaryimage\"},\"image\":{\"@id\":\"https:\/\/giatsu.com\/es\/aerotermia\/acumuladores-aerotermicos\/acumulador-aerotermico-con-aportacion-solar-vaws\/#primaryimage\"},\"thumbnailUrl\":\"https:\/\/giatsu.com\/wp-content\/uploads\/2023\/08\/vaws-7170c9.webp\",\"datePublished\":\"2023-06-06T07:02:55+00:00\",\"dateModified\":\"2025-07-16T06:02:28+00:00\",\"description\":\"Con caracter\u00edsticas avanzadas y tecnolog\u00eda de vanguardia, destaca en eficiencia y durabilidad. Garantiza m\u00e1xima eficiencia incluso a altas temperaturas. Disfruta de un suministro constante de agua caliente y aprovecha al m\u00e1ximo su potencial.\",\"breadcrumb\":{\"@id\":\"https:\/\/giatsu.com\/es\/aerotermia\/acumuladores-aerotermicos\/acumulador-aerotermico-con-aportacion-solar-vaws\/#breadcrumb\"},\"inLanguage\":\"es\",\"potentialAction\":[{\"@type\":\"ReadAction\",\"target\":[\"https:\/\/giatsu.com\/es\/aerotermia\/acumuladores-aerotermicos\/acumulador-aerotermico-con-aportacion-solar-vaws\/\"]}]},{\"@type\":\"ImageObject\",\"inLanguage\":\"es\",\"@id\":\"https:\/\/giatsu.com\/es\/aerotermia\/acumuladores-aerotermicos\/acumulador-aerotermico-con-aportacion-solar-vaws\/#primaryimage\",\"url\":\"https:\/\/giatsu.com\/wp-content\/uploads\/2023\/08\/vaws-7170c9.webp\",\"contentUrl\":\"https:\/\/giatsu.com\/wp-content\/uploads\/2023\/08\/vaws-7170c9.webp\",\"width\":800,\"height\":800},{\"@type\":\"BreadcrumbList\",\"@id\":\"https:\/\/giatsu.com\/es\/aerotermia\/acumuladores-aerotermicos\/acumulador-aerotermico-con-aportacion-solar-vaws\/#breadcrumb\",\"itemListElement\":[{\"@type\":\"ListItem\",\"position\":1,\"name\":\"Home\",\"item\":\"https:\/\/giatsu.com\/es\/\"},{\"@type\":\"ListItem\",\"position\":2,\"name\":\"PRODUCTOS\",\"item\":\"https:\/\/giatsu.com\/es\/productos\/\"},{\"@type\":\"ListItem\",\"position\":3,\"name\":\"ACUMULADOR AEROTERMICO CON APORTACION SOLAR VAW+S\"}]},{\"@type\":\"WebSite\",\"@id\":\"https:\/\/giatsu.com\/es\/#website\",\"url\":\"https:\/\/giatsu.com\/es\/\",\"name\":\"GIATSU\",\"description\":\"Quality Comfort Everywhere\",\"potentialAction\":[{\"@type\":\"SearchAction\",\"target\":{\"@type\":\"EntryPoint\",\"urlTemplate\":\"https:\/\/giatsu.com\/es\/?s={search_term_string}\"},\"query-input\":{\"@type\":\"PropertyValueSpecification\",\"valueRequired\":true,\"valueName\":\"search_term_string\"}}],\"inLanguage\":\"es\"}]}<\/script>\n<!-- \/ Yoast SEO plugin. -->","yoast_head_json":{"title":"Acumulador aerot\u00e9rmico con aportaci\u00f3n solar VAW+S","description":"Con caracter\u00edsticas avanzadas y tecnolog\u00eda de vanguardia, destaca en eficiencia y durabilidad. Garantiza m\u00e1xima eficiencia incluso a altas temperaturas. Disfruta de un suministro constante de agua caliente y aprovecha al m\u00e1ximo su potencial.","robots":{"index":"index","follow":"follow","max-snippet":"max-snippet:-1","max-image-preview":"max-image-preview:large","max-video-preview":"max-video-preview:-1"},"canonical":"https:\/\/giatsu.com\/es\/aerotermia\/acumuladores-aerotermicos\/acumulador-aerotermico-con-aportacion-solar-vaws\/","og_locale":"es_ES","og_type":"article","og_title":"Acumulador aerot\u00e9rmico con aportaci\u00f3n solar VAW+S","og_description":"Con caracter\u00edsticas avanzadas y tecnolog\u00eda de vanguardia, destaca en eficiencia y durabilidad. Garantiza m\u00e1xima eficiencia incluso a altas temperaturas. Disfruta de un suministro constante de agua caliente y aprovecha al m\u00e1ximo su potencial.","og_url":"https:\/\/giatsu.com\/es\/aerotermia\/acumuladores-aerotermicos\/acumulador-aerotermico-con-aportacion-solar-vaws\/","og_site_name":"GIATSU","article_modified_time":"2025-07-16T06:02:28+00:00","og_image":[{"width":800,"height":800,"url":"https:\/\/giatsu.com\/wp-content\/uploads\/2023\/08\/vaws-7170c9.webp","type":"image\/webp"}],"twitter_card":"summary_large_image","twitter_misc":{"Tiempo de lectura":"3 minutos"},"schema":{"@context":"https:\/\/schema.org","@graph":[{"@type":"WebPage","@id":"https:\/\/giatsu.com\/es\/aerotermia\/acumuladores-aerotermicos\/acumulador-aerotermico-con-aportacion-solar-vaws\/","url":"https:\/\/giatsu.com\/es\/aerotermia\/acumuladores-aerotermicos\/acumulador-aerotermico-con-aportacion-solar-vaws\/","name":"Acumulador aerot\u00e9rmico con aportaci\u00f3n solar VAW+S","isPartOf":{"@id":"https:\/\/giatsu.com\/es\/#website"},"primaryImageOfPage":{"@id":"https:\/\/giatsu.com\/es\/aerotermia\/acumuladores-aerotermicos\/acumulador-aerotermico-con-aportacion-solar-vaws\/#primaryimage"},"image":{"@id":"https:\/\/giatsu.com\/es\/aerotermia\/acumuladores-aerotermicos\/acumulador-aerotermico-con-aportacion-solar-vaws\/#primaryimage"},"thumbnailUrl":"https:\/\/giatsu.com\/wp-content\/uploads\/2023\/08\/vaws-7170c9.webp","datePublished":"2023-06-06T07:02:55+00:00","dateModified":"2025-07-16T06:02:28+00:00","description":"Con caracter\u00edsticas avanzadas y tecnolog\u00eda de vanguardia, destaca en eficiencia y durabilidad. Garantiza m\u00e1xima eficiencia incluso a altas temperaturas. Disfruta de un suministro constante de agua caliente y aprovecha al m\u00e1ximo su potencial.","breadcrumb":{"@id":"https:\/\/giatsu.com\/es\/aerotermia\/acumuladores-aerotermicos\/acumulador-aerotermico-con-aportacion-solar-vaws\/#breadcrumb"},"inLanguage":"es","potentialAction":[{"@type":"ReadAction","target":["https:\/\/giatsu.com\/es\/aerotermia\/acumuladores-aerotermicos\/acumulador-aerotermico-con-aportacion-solar-vaws\/"]}]},{"@type":"ImageObject","inLanguage":"es","@id":"https:\/\/giatsu.com\/es\/aerotermia\/acumuladores-aerotermicos\/acumulador-aerotermico-con-aportacion-solar-vaws\/#primaryimage","url":"https:\/\/giatsu.com\/wp-content\/uploads\/2023\/08\/vaws-7170c9.webp","contentUrl":"https:\/\/giatsu.com\/wp-content\/uploads\/2023\/08\/vaws-7170c9.webp","width":800,"height":800},{"@type":"BreadcrumbList","@id":"https:\/\/giatsu.com\/es\/aerotermia\/acumuladores-aerotermicos\/acumulador-aerotermico-con-aportacion-solar-vaws\/#breadcrumb","itemListElement":[{"@type":"ListItem","position":1,"name":"Home","item":"https:\/\/giatsu.com\/es\/"},{"@type":"ListItem","position":2,"name":"PRODUCTOS","item":"https:\/\/giatsu.com\/es\/productos\/"},{"@type":"ListItem","position":3,"name":"ACUMULADOR AEROTERMICO CON APORTACION SOLAR VAW+S"}]},{"@type":"WebSite","@id":"https:\/\/giatsu.com\/es\/#website","url":"https:\/\/giatsu.com\/es\/","name":"GIATSU","description":"Quality Comfort Everywhere","potentialAction":[{"@type":"SearchAction","target":{"@type":"EntryPoint","urlTemplate":"https:\/\/giatsu.com\/es\/?s={search_term_string}"},"query-input":{"@type":"PropertyValueSpecification","valueRequired":true,"valueName":"search_term_string"}}],"inLanguage":"es"}]}},"_links":{"self":[{"href":"https:\/\/giatsu.com\/es\/wp-json\/wp\/v2\/product\/8290","targetHints":{"allow":["GET"]}}],"collection":[{"href":"https:\/\/giatsu.com\/es\/wp-json\/wp\/v2\/product"}],"about":[{"href":"https:\/\/giatsu.com\/es\/wp-json\/wp\/v2\/types\/product"}],"wp:featuredmedia":[{"embeddable":true,"href":"https:\/\/giatsu.com\/es\/wp-json\/wp\/v2\/media\/10851"}],"wp:attachment":[{"href":"https:\/\/giatsu.com\/es\/wp-json\/wp\/v2\/media?parent=8290"}],"wp:term":[{"taxonomy":"product_brand","embeddable":true,"href":"https:\/\/giatsu.com\/es\/wp-json\/wp\/v2\/product_brand?post=8290"},{"taxonomy":"product_cat","embeddable":true,"href":"https:\/\/giatsu.com\/es\/wp-json\/wp\/v2\/product_cat?post=8290"},{"taxonomy":"product_tag","embeddable":true,"href":"https:\/\/giatsu.com\/es\/wp-json\/wp\/v2\/product_tag?post=8290"}],"curies":[{"name":"wp","href":"https:\/\/api.w.org\/{rel}","templated":true}]}}