{"id":8284,"date":"2023-06-06T07:02:37","date_gmt":"2023-06-06T07:02:37","guid":{"rendered":"https:\/\/giatsu.es\/?post_type=product&#038;p=8284"},"modified":"2025-09-19T12:17:15","modified_gmt":"2025-09-19T12:17:15","slug":"avo-duo","status":"publish","type":"product","link":"https:\/\/giatsu.com\/es\/agua\/termos-electricos\/avo-duo\/","title":{"rendered":"TERMO ELECTRICO AVO DUO"},"content":{"rendered":"<div class=\"wpb-content-wrapper\"><div class=\"container mb-1 moduloprincipalespictos\">\n<h2 class=\"text-center tituloprincipales\">Caracter\u00edsticas principales<\/h2>\n<div class=\"row row-cols-1 row-cols-md-2 row-cols-xl-3\">\n<div class=\"col-xs-6 col-md-3 order-last\">\n<div class=\"card\">\n                            <img decoding=\"async\" class=\"card-img-top w-100 d-block fit-cover pictoprincipalgrande\" src=\"https:\/\/giatsu.com\/wp-content\/uploads\/2023\/08\/wifi-incluido-cb8169.webp\" \/><\/p>\n<div class=\"card-body p-4\">\n<h3 class=\"font-weight-bold card-title\">wifi incluido<\/h3>\n<p class=\"card-text\">A trav\u00e9s de la aplicaci\u00f3n GIApp se puede controlar el equipo desde un smartphone, tablet o por voz con Alexa y Google Home.<\/p>\n<\/p><\/div><\/div><\/div>\n<div class=\"col-xs-6 col-md-3 order-last\">\n<div class=\"card\">\n                            <img decoding=\"async\" class=\"card-img-top w-100 d-block fit-cover pictoprincipalgrande\" src=\"https:\/\/giatsu.com\/wp-content\/uploads\/2023\/08\/anodo_electronico-559b8a.webp\" \/><\/p>\n<div class=\"card-body p-4\">\n<h3 class=\"font-weight-bold card-title\">\u00c1nodo Electr\u00f3nico<\/h3>\n<p class=\"card-text\">El \u00e1nodo electr\u00f3nico no precisa mantenimiento, repercutiendo en una mayor protecci\u00f3n contra la corrosi\u00f3n durante la vida \u00fatil del termo.<\/p>\n<\/p><\/div><\/div><\/div>\n<div class=\"col-xs-6 col-md-3 order-last\">\n<div class=\"card\">\n                            <img decoding=\"async\" class=\"card-img-top w-100 d-block fit-cover pictoprincipalgrande\" src=\"https:\/\/giatsu.com\/wp-content\/uploads\/2023\/08\/modo_smart-d6223e.webp\" \/><\/p>\n<div class=\"card-body p-4\">\n<h3 class=\"font-weight-bold card-title\">Modo Smart<\/h3>\n<p class=\"card-text\">HTW Smart Plus se adec\u00faa autom\u00e1ticamente a los h\u00e1bitos de cada usuario, consiguiendo una temperatura precisa en funci\u00f3n de la demanda real  y un ahorro de hasta el 20% en el consumo.<\/p>\n<\/p><\/div><\/div><\/div>\n<div class=\"col-xs-6 col-md-3 order-last\">\n<div class=\"card\">\n                            <img decoding=\"async\" class=\"card-img-top w-100 d-block fit-cover pictoprincipalgrande\" src=\"https:\/\/giatsu.com\/wp-content\/uploads\/2023\/08\/doble-tanque-f47aa1.webp\" \/><\/p>\n<div class=\"card-body p-4\">\n<h3 class=\"font-weight-bold card-title\">Doble tanque<\/h3>\n<p class=\"card-text\">Posee dos tanques separados, hecho que le permite proporcionar agua caliente de forma m\u00e1s r\u00e1pida que un termo convencional.<\/p>\n<\/p><\/div><\/div><\/div>\n<div class=\"col-xs-6 col-md-3 order-last\">\n<div class=\"card\">\n                            <img decoding=\"async\" class=\"card-img-top w-100 d-block fit-cover pictoprincipalgrande\" src=\"https:\/\/giatsu.com\/wp-content\/uploads\/2023\/08\/instalacion-reversible-e23ff4.webp\" \/><\/p>\n<div class=\"card-body p-4\">\n<h3 class=\"font-weight-bold card-title\">Instalaci\u00f3n reversible<\/h3>\n<p class=\"card-text\">Puede ser instalado tanto vertical como horizontalmente.<\/p>\n<\/p><\/div><\/div><\/div><\/div><\/div>\n<hr>\n<p>        [vc_row mobile_bg_img_hidden=\u00bbno\u00bb tablet_bg_img_hidden=\u00bbno\u00bb woodmart_parallax=\u00bb0&#8243; woodmart_gradient_switch=\u00bbno\u00bb row_reverse_mobile=\u00bb0&#8243; row_reverse_tablet=\u00bb0&#8243; woodmart_disable_overflow=\u00bb0&#8243; el_class=\u00bbfilaImgCaracteristica\u00bb][vc_column mobile_bg_img_hidden=\u00bbno\u00bb tablet_bg_img_hidden=\u00bbno\u00bb woodmart_parallax=\u00bb0&#8243; woodmart_sticky_column=\u00bbfalse\u00bb parallax_scroll=\u00bbno\u00bb mobile_reset_margin=\u00bbno\u00bb tablet_reset_margin=\u00bbno\u00bb]<\/p>\n<div class=\"container mb-1\">\n<h3 class=\"text-center\">Informaci\u00f3n t\u00e9cnica<\/h3>\n<div class=\"row row-cols-1 row-cols-md-2 row-cols-xl-3 justify-content-md-center\">\n<div class=\"col-xs-1 col-md-1\">\n<div class=\"card\">\n                            <img decoding=\"async\" class=\"card-img-top w-100 d-block fit-cover pictoprincipalgrande\" src=\"https:\/\/giatsu.com\/wp-content\/uploads\/2023\/08\/resistencia-blindada-290a6d.webp\" \/><\/p>\n<div class=\"card-body p-4\">\n<h4 class=\"card-text textospictospeques\">Resistencia blindada<\/h4>\n<\/p><\/div><\/div><\/div>\n<div class=\"col-xs-1 col-md-1\">\n<div class=\"card\">\n                            <img decoding=\"async\" class=\"card-img-top w-100 d-block fit-cover pictoprincipalgrande\" src=\"https:\/\/giatsu.com\/wp-content\/uploads\/2023\/08\/funcion-anti-congelante-bdb344.webp\" \/><\/p>\n<div class=\"card-body p-4\">\n<h4 class=\"card-text textospictospeques\">Funci\u00f3n anticongelante<\/h4>\n<\/p><\/div><\/div><\/div>\n<div class=\"col-xs-1 col-md-1\">\n<div class=\"card\">\n                            <img decoding=\"async\" class=\"card-img-top w-100 d-block fit-cover pictoprincipalgrande\" src=\"https:\/\/giatsu.com\/wp-content\/uploads\/2023\/08\/proteccion_contra_el_sobrecalentamiento_en_seco-2c9e53.webp\" \/><\/p>\n<div class=\"card-body p-4\">\n<h4 class=\"card-text textospictospeques\">Protecci\u00f3n contra el sobrecalentamiento en seco<\/h4>\n<\/p><\/div><\/div><\/div>\n<div class=\"col-xs-1 col-md-1\">\n<div class=\"card\">\n                            <img decoding=\"async\" class=\"card-img-top w-100 d-block fit-cover pictoprincipalgrande\" src=\"https:\/\/giatsu.com\/wp-content\/uploads\/2023\/08\/display_tactil_multifuncional-ee077c.webp\" \/><\/p>\n<div class=\"card-body p-4\">\n<h4 class=\"card-text textospictospeques\">Display t\u00e1ctil multifuncional<\/h4>\n<\/p><\/div><\/div><\/div>\n<div class=\"col-xs-1 col-md-1\">\n<div class=\"card\">\n                            <img decoding=\"async\" class=\"card-img-top w-100 d-block fit-cover pictoprincipalgrande\" src=\"https:\/\/giatsu.com\/wp-content\/uploads\/2023\/08\/aislamiento_de-poliuretano_alta_densidad-a91c43.webp\" \/><\/p>\n<div class=\"card-body p-4\">\n<h4 class=\"card-text textospictospeques\">Aislamiento de poliuretano alta densidad<\/h4>\n<\/p><\/div><\/div><\/div><\/div><\/div>\n<div class=\"row justify-content-md-center\">\n<div class=\"vc_btn3-container vc_btn3-inline\" id=\"botonDescargarFicha\">\n                        <a target=\"_blank\" class=\"btn btn-light border rounded-4 botondescarga\" href=\"https:\/\/giatsu.com\/documentacion\/\/giatsu-fichas-tecnicas-termos-electricos-avo-duo-multiidioma.pdf\" title=\"\">Descargar ficha t\u00e9cnica<\/a>\n                 <\/div><\/div>\n<\/div>","protected":false},"excerpt":{"rendered":"<p>El <strong>Termo El&eacute;ctrico Doble Tanque Reversible AVO DUO<\/strong> se adapta a tu estilo de vida y te brinda una experiencia de agua caliente excepcional.<\/p>\n<p>Con caracter&iacute;sticas avanzadas y tecnolog&iacute;a innovadora, nuestro producto es la elecci&oacute;n perfecta para tu hogar.<\/p>\n<p>La <strong>funci&oacute;n Smart<\/strong> aprende tus h&aacute;bitos de consumo y se ajusta autom&aacute;ticamente para brindarte agua caliente cuando m&aacute;s las necesites. Disfruta de una experiencia personalizada y eficiente que se adapta a tu rutina diaria.<\/p>\n<p>Con la <strong>conectividad v&iacute;a wifi <\/strong>y el control por APP, tienes el poder de manejar tu calentador de agua desde cualquier lugar. Ajusta la temperatura, programas horarios y recibe notificaciones personalizadas, todo con la comodidad de tu tel&eacute;fono inteligente. Mant&eacute;n el control total en tus manos.<\/p>\n<p>El <strong>doble tanque<\/strong> permite calentar el agua m&aacute;s r&aacute;pido y de manera m&aacute;s eficiente. Olv&iacute;date de las esperas prolongadas y disfruta de agua caliente al instante, incluso en los momentos m&aacute;s ocupados.<\/p>\n<p>&nbsp;Aprovecha al m&aacute;ximo el espacio disponible sin comprometer el rendimiento ni el estilo.<\/p>\n<p>Capacidades disponibles: 50L, 80L, 100L<\/p>\n<div class='divPictosEnergia'>[vc_single_image image=&#8217;9193&#8242; alignment=&#8217;center&#8217; woodmart_inline=&#8217;no&#8217; parallax_scroll=&#8217;no&#8217; el_class=&#8217;imgEnergia&#8217; img_size=&#8217;72&#215;36&#8242;]<\/div>\n<div class='pictosvoz'><\/div>\n","protected":false},"featured_media":9433,"template":"","meta":{"_monsterinsights_skip_tracking":false,"_monsterinsights_sitenote_active":false,"_monsterinsights_sitenote_note":"","_monsterinsights_sitenote_category":0},"product_brand":[],"product_cat":[565,579],"product_tag":[484,485,486,487],"class_list":{"0":"post-8284","1":"product","2":"type-product","3":"status-publish","4":"has-post-thumbnail","6":"product_cat-agua","7":"product_cat-termos-electricos","8":"product_tag-gia-td-030avod","9":"product_tag-gia-td-050avod","10":"product_tag-gia-td-080avod","11":"product_tag-gia-td-100avod","13":"first","14":"instock","15":"shipping-taxable","16":"product-type-simple"},"yoast_head":"<!-- This site is optimized with the Yoast SEO plugin v26.6 - https:\/\/yoast.com\/wordpress\/plugins\/seo\/ -->\n<title>Termo El\u00e9ctrico Doble Tanque Reversible AVO DUO<\/title>\n<meta name=\"description\" content=\"La funci\u00f3n Smart aprende tus h\u00e1bitos de consumo y se ajusta autom\u00e1ticamente para brindarte agua caliente cuando m\u00e1s las necesites. Disfruta de una experiencia personalizada y eficiente que se adapta a tu rutina diaria.\" \/>\n<meta name=\"robots\" content=\"index, follow, max-snippet:-1, max-image-preview:large, max-video-preview:-1\" \/>\n<link rel=\"canonical\" href=\"https:\/\/giatsu.com\/es\/agua\/termos-electricos\/avo-duo\/\" \/>\n<meta property=\"og:locale\" content=\"es_ES\" \/>\n<meta property=\"og:type\" content=\"article\" \/>\n<meta property=\"og:title\" content=\"Termo El\u00e9ctrico Doble Tanque Reversible AVO DUO\" \/>\n<meta property=\"og:description\" content=\"La funci\u00f3n Smart aprende tus h\u00e1bitos de consumo y se ajusta autom\u00e1ticamente para brindarte agua caliente cuando m\u00e1s las necesites. Disfruta de una experiencia personalizada y eficiente que se adapta a tu rutina diaria.\" \/>\n<meta property=\"og:url\" content=\"https:\/\/giatsu.com\/es\/agua\/termos-electricos\/avo-duo\/\" \/>\n<meta property=\"og:site_name\" content=\"GIATSU\" \/>\n<meta property=\"article:modified_time\" content=\"2025-09-19T12:17:15+00:00\" \/>\n<meta property=\"og:image\" content=\"https:\/\/giatsu.com\/wp-content\/uploads\/2023\/08\/avo-duo3-3ad358.webp\" \/>\n\t<meta property=\"og:image:width\" content=\"800\" \/>\n\t<meta property=\"og:image:height\" content=\"800\" \/>\n\t<meta property=\"og:image:type\" content=\"image\/webp\" \/>\n<meta name=\"twitter:card\" content=\"summary_large_image\" \/>\n<meta name=\"twitter:label1\" content=\"Tiempo de lectura\" \/>\n\t<meta name=\"twitter:data1\" content=\"1 minuto\" \/>\n<script type=\"application\/ld+json\" class=\"yoast-schema-graph\">{\"@context\":\"https:\/\/schema.org\",\"@graph\":[{\"@type\":\"WebPage\",\"@id\":\"https:\/\/giatsu.com\/es\/agua\/termos-electricos\/avo-duo\/\",\"url\":\"https:\/\/giatsu.com\/es\/agua\/termos-electricos\/avo-duo\/\",\"name\":\"Termo El\u00e9ctrico Doble Tanque Reversible AVO DUO\",\"isPartOf\":{\"@id\":\"https:\/\/giatsu.com\/es\/#website\"},\"primaryImageOfPage\":{\"@id\":\"https:\/\/giatsu.com\/es\/agua\/termos-electricos\/avo-duo\/#primaryimage\"},\"image\":{\"@id\":\"https:\/\/giatsu.com\/es\/agua\/termos-electricos\/avo-duo\/#primaryimage\"},\"thumbnailUrl\":\"https:\/\/giatsu.com\/wp-content\/uploads\/2023\/08\/avo-duo3-3ad358.webp\",\"datePublished\":\"2023-06-06T07:02:37+00:00\",\"dateModified\":\"2025-09-19T12:17:15+00:00\",\"description\":\"La funci\u00f3n Smart aprende tus h\u00e1bitos de consumo y se ajusta autom\u00e1ticamente para brindarte agua caliente cuando m\u00e1s las necesites. Disfruta de una experiencia personalizada y eficiente que se adapta a tu rutina diaria.\",\"breadcrumb\":{\"@id\":\"https:\/\/giatsu.com\/es\/agua\/termos-electricos\/avo-duo\/#breadcrumb\"},\"inLanguage\":\"es\",\"potentialAction\":[{\"@type\":\"ReadAction\",\"target\":[\"https:\/\/giatsu.com\/es\/agua\/termos-electricos\/avo-duo\/\"]}]},{\"@type\":\"ImageObject\",\"inLanguage\":\"es\",\"@id\":\"https:\/\/giatsu.com\/es\/agua\/termos-electricos\/avo-duo\/#primaryimage\",\"url\":\"https:\/\/giatsu.com\/wp-content\/uploads\/2023\/08\/avo-duo3-3ad358.webp\",\"contentUrl\":\"https:\/\/giatsu.com\/wp-content\/uploads\/2023\/08\/avo-duo3-3ad358.webp\",\"width\":800,\"height\":800},{\"@type\":\"BreadcrumbList\",\"@id\":\"https:\/\/giatsu.com\/es\/agua\/termos-electricos\/avo-duo\/#breadcrumb\",\"itemListElement\":[{\"@type\":\"ListItem\",\"position\":1,\"name\":\"Home\",\"item\":\"https:\/\/giatsu.com\/es\/\"},{\"@type\":\"ListItem\",\"position\":2,\"name\":\"PRODUCTOS\",\"item\":\"https:\/\/giatsu.com\/es\/productos\/\"},{\"@type\":\"ListItem\",\"position\":3,\"name\":\"TERMO ELECTRICO AVO DUO\"}]},{\"@type\":\"WebSite\",\"@id\":\"https:\/\/giatsu.com\/es\/#website\",\"url\":\"https:\/\/giatsu.com\/es\/\",\"name\":\"GIATSU\",\"description\":\"Quality Comfort Everywhere\",\"potentialAction\":[{\"@type\":\"SearchAction\",\"target\":{\"@type\":\"EntryPoint\",\"urlTemplate\":\"https:\/\/giatsu.com\/es\/?s={search_term_string}\"},\"query-input\":{\"@type\":\"PropertyValueSpecification\",\"valueRequired\":true,\"valueName\":\"search_term_string\"}}],\"inLanguage\":\"es\"}]}<\/script>\n<!-- \/ Yoast SEO plugin. -->","yoast_head_json":{"title":"Termo El\u00e9ctrico Doble Tanque Reversible AVO DUO","description":"La funci\u00f3n Smart aprende tus h\u00e1bitos de consumo y se ajusta autom\u00e1ticamente para brindarte agua caliente cuando m\u00e1s las necesites. Disfruta de una experiencia personalizada y eficiente que se adapta a tu rutina diaria.","robots":{"index":"index","follow":"follow","max-snippet":"max-snippet:-1","max-image-preview":"max-image-preview:large","max-video-preview":"max-video-preview:-1"},"canonical":"https:\/\/giatsu.com\/es\/agua\/termos-electricos\/avo-duo\/","og_locale":"es_ES","og_type":"article","og_title":"Termo El\u00e9ctrico Doble Tanque Reversible AVO DUO","og_description":"La funci\u00f3n Smart aprende tus h\u00e1bitos de consumo y se ajusta autom\u00e1ticamente para brindarte agua caliente cuando m\u00e1s las necesites. Disfruta de una experiencia personalizada y eficiente que se adapta a tu rutina diaria.","og_url":"https:\/\/giatsu.com\/es\/agua\/termos-electricos\/avo-duo\/","og_site_name":"GIATSU","article_modified_time":"2025-09-19T12:17:15+00:00","og_image":[{"width":800,"height":800,"url":"https:\/\/giatsu.com\/wp-content\/uploads\/2023\/08\/avo-duo3-3ad358.webp","type":"image\/webp"}],"twitter_card":"summary_large_image","twitter_misc":{"Tiempo de lectura":"1 minuto"},"schema":{"@context":"https:\/\/schema.org","@graph":[{"@type":"WebPage","@id":"https:\/\/giatsu.com\/es\/agua\/termos-electricos\/avo-duo\/","url":"https:\/\/giatsu.com\/es\/agua\/termos-electricos\/avo-duo\/","name":"Termo El\u00e9ctrico Doble Tanque Reversible AVO DUO","isPartOf":{"@id":"https:\/\/giatsu.com\/es\/#website"},"primaryImageOfPage":{"@id":"https:\/\/giatsu.com\/es\/agua\/termos-electricos\/avo-duo\/#primaryimage"},"image":{"@id":"https:\/\/giatsu.com\/es\/agua\/termos-electricos\/avo-duo\/#primaryimage"},"thumbnailUrl":"https:\/\/giatsu.com\/wp-content\/uploads\/2023\/08\/avo-duo3-3ad358.webp","datePublished":"2023-06-06T07:02:37+00:00","dateModified":"2025-09-19T12:17:15+00:00","description":"La funci\u00f3n Smart aprende tus h\u00e1bitos de consumo y se ajusta autom\u00e1ticamente para brindarte agua caliente cuando m\u00e1s las necesites. Disfruta de una experiencia personalizada y eficiente que se adapta a tu rutina diaria.","breadcrumb":{"@id":"https:\/\/giatsu.com\/es\/agua\/termos-electricos\/avo-duo\/#breadcrumb"},"inLanguage":"es","potentialAction":[{"@type":"ReadAction","target":["https:\/\/giatsu.com\/es\/agua\/termos-electricos\/avo-duo\/"]}]},{"@type":"ImageObject","inLanguage":"es","@id":"https:\/\/giatsu.com\/es\/agua\/termos-electricos\/avo-duo\/#primaryimage","url":"https:\/\/giatsu.com\/wp-content\/uploads\/2023\/08\/avo-duo3-3ad358.webp","contentUrl":"https:\/\/giatsu.com\/wp-content\/uploads\/2023\/08\/avo-duo3-3ad358.webp","width":800,"height":800},{"@type":"BreadcrumbList","@id":"https:\/\/giatsu.com\/es\/agua\/termos-electricos\/avo-duo\/#breadcrumb","itemListElement":[{"@type":"ListItem","position":1,"name":"Home","item":"https:\/\/giatsu.com\/es\/"},{"@type":"ListItem","position":2,"name":"PRODUCTOS","item":"https:\/\/giatsu.com\/es\/productos\/"},{"@type":"ListItem","position":3,"name":"TERMO ELECTRICO AVO DUO"}]},{"@type":"WebSite","@id":"https:\/\/giatsu.com\/es\/#website","url":"https:\/\/giatsu.com\/es\/","name":"GIATSU","description":"Quality Comfort Everywhere","potentialAction":[{"@type":"SearchAction","target":{"@type":"EntryPoint","urlTemplate":"https:\/\/giatsu.com\/es\/?s={search_term_string}"},"query-input":{"@type":"PropertyValueSpecification","valueRequired":true,"valueName":"search_term_string"}}],"inLanguage":"es"}]}},"_links":{"self":[{"href":"https:\/\/giatsu.com\/es\/wp-json\/wp\/v2\/product\/8284","targetHints":{"allow":["GET"]}}],"collection":[{"href":"https:\/\/giatsu.com\/es\/wp-json\/wp\/v2\/product"}],"about":[{"href":"https:\/\/giatsu.com\/es\/wp-json\/wp\/v2\/types\/product"}],"wp:featuredmedia":[{"embeddable":true,"href":"https:\/\/giatsu.com\/es\/wp-json\/wp\/v2\/media\/9433"}],"wp:attachment":[{"href":"https:\/\/giatsu.com\/es\/wp-json\/wp\/v2\/media?parent=8284"}],"wp:term":[{"taxonomy":"product_brand","embeddable":true,"href":"https:\/\/giatsu.com\/es\/wp-json\/wp\/v2\/product_brand?post=8284"},{"taxonomy":"product_cat","embeddable":true,"href":"https:\/\/giatsu.com\/es\/wp-json\/wp\/v2\/product_cat?post=8284"},{"taxonomy":"product_tag","embeddable":true,"href":"https:\/\/giatsu.com\/es\/wp-json\/wp\/v2\/product_tag?post=8284"}],"curies":[{"name":"wp","href":"https:\/\/api.w.org\/{rel}","templated":true}]}}