{"id":8283,"date":"2023-06-06T07:02:34","date_gmt":"2023-06-06T07:02:34","guid":{"rendered":"https:\/\/giatsu.es\/?post_type=product&#038;p=8283"},"modified":"2025-09-19T12:19:05","modified_gmt":"2025-09-19T12:19:05","slug":"termo-electrico-capricornio-eco","status":"publish","type":"product","link":"https:\/\/giatsu.com\/es\/agua\/termos-electricos\/termo-electrico-capricornio-eco\/","title":{"rendered":"TERMO ELECTRICO CAPRICORNIO ECO"},"content":{"rendered":"<div class=\"wpb-content-wrapper\"><div class=\"container mb-1 moduloprincipalespictos\">\n<h2 class=\"text-center tituloprincipales\">Caracter\u00edsticas principales<\/h2>\n<div class=\"row row-cols-1 row-cols-md-2 row-cols-xl-3\">\n<div class=\"col-xs-6 col-md-3 order-last\">\n<div class=\"card\">\n                            <img decoding=\"async\" class=\"card-img-top w-100 d-block fit-cover pictoprincipalgrande\" src=\"https:\/\/giatsu.com\/wp-content\/uploads\/2023\/08\/aislamiento-de-poliuretano-de-alta-densidad-e2510f.webp\" \/><\/p>\n<div class=\"card-body p-4\">\n<h3 class=\"font-weight-bold card-title\">Aislamiento de poliuretano de alta densidad<\/h3>\n<p class=\"card-text\">Permite mantener la temperatura del agua del dep\u00f3sito caliente durante m\u00e1s tiempo gracias a su poder aislante.<\/p>\n<\/p><\/div><\/div><\/div>\n<div class=\"col-xs-6 col-md-3 order-last\">\n<div class=\"card\">\n                            <img decoding=\"async\" class=\"card-img-top w-100 d-block fit-cover pictoprincipalgrande\" src=\"https:\/\/giatsu.com\/wp-content\/uploads\/2023\/08\/anodo-de-magnesio-anticorrosion-88b41c.webp\" \/><\/p>\n<div class=\"card-body p-4\">\n<h3 class=\"font-weight-bold card-title\">\u00c1nodo de magnesio anticorrosi\u00f3n<\/h3>\n<p class=\"card-text\">Incorpora un \u00e1nodo de magnesio anticorrosivo que aumenta la vida \u00fatil de la cuba y de la resistencia.<\/p>\n<\/p><\/div><\/div><\/div>\n<div class=\"col-xs-6 col-md-3 order-last\">\n<div class=\"card\">\n                            <img decoding=\"async\" class=\"card-img-top w-100 d-block fit-cover pictoprincipalgrande\" src=\"https:\/\/giatsu.com\/wp-content\/uploads\/2023\/08\/valvula-de-seguridad-212379.webp\" \/><\/p>\n<div class=\"card-body p-4\">\n<h3 class=\"font-weight-bold card-title\">V\u00e1lvula de seguridad<\/h3>\n<p class=\"card-text\">Con este elemento de seguridad se evita posibles roturas y fugas de agua.<\/p>\n<\/p><\/div><\/div><\/div><\/div><\/div>\n<hr>\n<p>        [vc_row mobile_bg_img_hidden=\u00bbno\u00bb tablet_bg_img_hidden=\u00bbno\u00bb woodmart_parallax=\u00bb0&#8243; woodmart_gradient_switch=\u00bbno\u00bb row_reverse_mobile=\u00bb0&#8243; row_reverse_tablet=\u00bb0&#8243; woodmart_disable_overflow=\u00bb0&#8243; el_class=\u00bbfilaImgCaracteristica\u00bb][vc_column mobile_bg_img_hidden=\u00bbno\u00bb tablet_bg_img_hidden=\u00bbno\u00bb woodmart_parallax=\u00bb0&#8243; woodmart_sticky_column=\u00bbfalse\u00bb parallax_scroll=\u00bbno\u00bb mobile_reset_margin=\u00bbno\u00bb tablet_reset_margin=\u00bbno\u00bb]<\/p>\n<div class=\"container mb-1\">\n<h3 class=\"text-center\">Informaci\u00f3n t\u00e9cnica<\/h3>\n<div class=\"row row-cols-1 row-cols-md-2 row-cols-xl-3 justify-content-md-center\">\n<div class=\"col-xs-1 col-md-1\">\n<div class=\"card\">\n                            <img decoding=\"async\" class=\"card-img-top w-100 d-block fit-cover pictoprincipalgrande\" src=\"https:\/\/giatsu.com\/wp-content\/uploads\/2023\/08\/tanque-esmaltado-en-polvo-seco-5f2e43.webp\" \/><\/p>\n<div class=\"card-body p-4\">\n<h4 class=\"card-text textospictospeques\">Tanque esmaltado en polvo seco<\/h4>\n<\/p><\/div><\/div><\/div>\n<div class=\"col-xs-1 col-md-1\">\n<div class=\"card\">\n                            <img decoding=\"async\" class=\"card-img-top w-100 d-block fit-cover pictoprincipalgrande\" src=\"https:\/\/giatsu.com\/wp-content\/uploads\/2023\/08\/resistencia_incoloy-840-932d36.webp\" \/><\/p>\n<div class=\"card-body p-4\">\n<h4 class=\"card-text textospictospeques\">Resistencia incoloy 840<\/h4>\n<\/p><\/div><\/div><\/div><\/div><\/div>\n<div class=\"row justify-content-md-center\">\n<div class=\"vc_btn3-container vc_btn3-inline\" id=\"botonDescargarFicha\">\n                        <a target=\"_blank\" class=\"btn btn-light border rounded-4 botondescarga\" href=\"https:\/\/giatsu.com\/documentacion\/\/giatsu-fichas-tecnicas-termos-electricos-capricornio-eco-multiidioma.pdf\" title=\"\">Descargar ficha t\u00e9cnica<\/a>\n                 <\/div><\/div>\n<div class=\"row\">\n<hr>\n<div class=\"col text-center\"><a target=\"_blank\" href=\"https:\/\/giatsu.com\/documentacion\/\/giatsu-manual-de-usuario-e-instalacion-termos-electricos-capricornio-eco-multiidioma.pdf\" class=\"btn btn-light border rounded-4 botonDescargaManual botondescarga\">Manual de usuario<\/a><\/div>\n<div class=\"col text-center\"><a target=\"_blank\" href=\"https:\/\/giatsu.com\/documentacion\/\/giatsu-manual-de-usuario-e-instalacion-termos-electricos-capricornio-eco-multiidioma.pdf\" class=\"btn btn-light border rounded-4 botonDescargaManual botondescarga\">Manual de instalaci\u00f3n<\/a><\/div>\n<hr>\n<\/div>\n<\/div>","protected":false},"excerpt":{"rendered":"<p>El <strong>Termo El&eacute;ctrico Vertical CAPRICORNIO ECO<\/strong> que redefine tus expectativas.&nbsp;<\/p>\n<p>Nuestro producto est&aacute; dise&ntilde;ado para brindarte una experiencia excepcional de agua caliente, combinando caracter&iacute;sticas avanzadas y tecnolog&iacute;a de vanguardia.<\/p>\n<p>La <strong>resistencia incoloy 840<\/strong> es una de nuestras caracter&iacute;sticas destacadas. Ofrece una mayor resistencia a la corrosi&oacute;n, asegurando una vida &uacute;til prolongada y un rendimiento &oacute;ptimo en todo momento. Disfruta de agua caliente sin preocuparte por los efectos del tiempo y los agentes corrosivos.<\/p>\n<p>Capricornio ECO destaca por su <strong>corto tiempo de calentamiento<\/strong>, lo que significa que podr&aacute; disfrutar de agua caliente en cuesti&oacute;n de minutos. Olv&iacute;date de las esperas necesarias y aprovecha al m&aacute;ximo tu tiempo.<\/p>\n<p>El <strong>aislamiento de poliuretano de alta densidad<\/strong> garantiza una eficiencia energ&eacute;tica excepcional al mantener el calor dentro del calentador.&nbsp;<\/p>\n<p>Con el regulador de temperatura, puedes ajustar la temperatura del agua seg&uacute;n tus preferencias y necesidades. Personaliza tu experiencia de agua caliente para un confort absoluto.<\/p>\n<p>Capacidades disponibles: 30L, 50L, 80L, 100L<\/p>\n<div class='divPictosEnergia'>[vc_single_image image=&#8217;9193&#8242; alignment=&#8217;center&#8217; woodmart_inline=&#8217;no&#8217; parallax_scroll=&#8217;no&#8217; el_class=&#8217;imgEnergia&#8217; img_size=&#8217;72&#215;36&#8242;][vc_single_image image=&#8217;10310&#8242; alignment=&#8217;center&#8217; woodmart_inline=&#8217;no&#8217; parallax_scroll=&#8217;no&#8217; el_class=&#8217;imgEnergia&#8217; img_size=&#8217;72&#215;36&#8242;]<\/div>\n<div class='pictosvoz'><\/div>\n","protected":false},"featured_media":9413,"template":"","meta":{"_monsterinsights_skip_tracking":false,"_monsterinsights_sitenote_active":false,"_monsterinsights_sitenote_note":"","_monsterinsights_sitenote_category":0},"product_brand":[],"product_cat":[565,579],"product_tag":[480,481,482,483],"class_list":{"0":"post-8283","1":"product","2":"type-product","3":"status-publish","4":"has-post-thumbnail","6":"product_cat-agua","7":"product_cat-termos-electricos","8":"product_tag-gia-tv-100caprieco","9":"product_tag-gia-tv-30caprieco","10":"product_tag-gia-tv-50caprieco","11":"product_tag-gia-tv-80caprieco","13":"first","14":"instock","15":"shipping-taxable","16":"product-type-simple"},"yoast_head":"<!-- This site is optimized with the Yoast SEO plugin v26.6 - https:\/\/yoast.com\/wordpress\/plugins\/seo\/ -->\n<title>TERMO ELECTRICO CAPRICORNIO ECO<\/title>\n<meta name=\"description\" content=\"Capricornio ECO destaca por su corto tiempo de calentamiento, lo que significa que podr\u00e1 disfrutar de agua caliente en cuesti\u00f3n de minutos. Olv\u00eddate de las esperas necesarias y aprovecha al m\u00e1ximo tu tiempo\" \/>\n<meta name=\"robots\" content=\"index, follow, max-snippet:-1, max-image-preview:large, max-video-preview:-1\" \/>\n<link rel=\"canonical\" href=\"https:\/\/giatsu.com\/es\/agua\/termos-electricos\/termo-electrico-capricornio-eco\/\" \/>\n<meta property=\"og:locale\" content=\"es_ES\" \/>\n<meta property=\"og:type\" content=\"article\" \/>\n<meta property=\"og:title\" content=\"TERMO ELECTRICO CAPRICORNIO ECO\" \/>\n<meta property=\"og:description\" content=\"Capricornio ECO destaca por su corto tiempo de calentamiento, lo que significa que podr\u00e1 disfrutar de agua caliente en cuesti\u00f3n de minutos. Olv\u00eddate de las esperas necesarias y aprovecha al m\u00e1ximo tu tiempo\" \/>\n<meta property=\"og:url\" content=\"https:\/\/giatsu.com\/es\/agua\/termos-electricos\/termo-electrico-capricornio-eco\/\" \/>\n<meta property=\"og:site_name\" content=\"GIATSU\" \/>\n<meta property=\"article:modified_time\" content=\"2025-09-19T12:19:05+00:00\" \/>\n<meta property=\"og:image\" content=\"https:\/\/giatsu.com\/wp-content\/uploads\/2023\/08\/capricornio2-a9c554.webp\" \/>\n\t<meta property=\"og:image:width\" content=\"800\" \/>\n\t<meta property=\"og:image:height\" content=\"800\" \/>\n\t<meta property=\"og:image:type\" content=\"image\/webp\" \/>\n<meta name=\"twitter:card\" content=\"summary_large_image\" \/>\n<meta name=\"twitter:label1\" content=\"Tiempo de lectura\" \/>\n\t<meta name=\"twitter:data1\" content=\"1 minuto\" \/>\n<script type=\"application\/ld+json\" class=\"yoast-schema-graph\">{\"@context\":\"https:\/\/schema.org\",\"@graph\":[{\"@type\":\"WebPage\",\"@id\":\"https:\/\/giatsu.com\/es\/agua\/termos-electricos\/termo-electrico-capricornio-eco\/\",\"url\":\"https:\/\/giatsu.com\/es\/agua\/termos-electricos\/termo-electrico-capricornio-eco\/\",\"name\":\"TERMO ELECTRICO CAPRICORNIO ECO\",\"isPartOf\":{\"@id\":\"https:\/\/giatsu.com\/es\/#website\"},\"primaryImageOfPage\":{\"@id\":\"https:\/\/giatsu.com\/es\/agua\/termos-electricos\/termo-electrico-capricornio-eco\/#primaryimage\"},\"image\":{\"@id\":\"https:\/\/giatsu.com\/es\/agua\/termos-electricos\/termo-electrico-capricornio-eco\/#primaryimage\"},\"thumbnailUrl\":\"https:\/\/giatsu.com\/wp-content\/uploads\/2023\/08\/capricornio2-a9c554.webp\",\"datePublished\":\"2023-06-06T07:02:34+00:00\",\"dateModified\":\"2025-09-19T12:19:05+00:00\",\"description\":\"Capricornio ECO destaca por su corto tiempo de calentamiento, lo que significa que podr\u00e1 disfrutar de agua caliente en cuesti\u00f3n de minutos. Olv\u00eddate de las esperas necesarias y aprovecha al m\u00e1ximo tu tiempo\",\"breadcrumb\":{\"@id\":\"https:\/\/giatsu.com\/es\/agua\/termos-electricos\/termo-electrico-capricornio-eco\/#breadcrumb\"},\"inLanguage\":\"es\",\"potentialAction\":[{\"@type\":\"ReadAction\",\"target\":[\"https:\/\/giatsu.com\/es\/agua\/termos-electricos\/termo-electrico-capricornio-eco\/\"]}]},{\"@type\":\"ImageObject\",\"inLanguage\":\"es\",\"@id\":\"https:\/\/giatsu.com\/es\/agua\/termos-electricos\/termo-electrico-capricornio-eco\/#primaryimage\",\"url\":\"https:\/\/giatsu.com\/wp-content\/uploads\/2023\/08\/capricornio2-a9c554.webp\",\"contentUrl\":\"https:\/\/giatsu.com\/wp-content\/uploads\/2023\/08\/capricornio2-a9c554.webp\",\"width\":800,\"height\":800},{\"@type\":\"BreadcrumbList\",\"@id\":\"https:\/\/giatsu.com\/es\/agua\/termos-electricos\/termo-electrico-capricornio-eco\/#breadcrumb\",\"itemListElement\":[{\"@type\":\"ListItem\",\"position\":1,\"name\":\"Home\",\"item\":\"https:\/\/giatsu.com\/es\/\"},{\"@type\":\"ListItem\",\"position\":2,\"name\":\"PRODUCTOS\",\"item\":\"https:\/\/giatsu.com\/es\/productos\/\"},{\"@type\":\"ListItem\",\"position\":3,\"name\":\"TERMO ELECTRICO CAPRICORNIO ECO\"}]},{\"@type\":\"WebSite\",\"@id\":\"https:\/\/giatsu.com\/es\/#website\",\"url\":\"https:\/\/giatsu.com\/es\/\",\"name\":\"GIATSU\",\"description\":\"Quality Comfort Everywhere\",\"potentialAction\":[{\"@type\":\"SearchAction\",\"target\":{\"@type\":\"EntryPoint\",\"urlTemplate\":\"https:\/\/giatsu.com\/es\/?s={search_term_string}\"},\"query-input\":{\"@type\":\"PropertyValueSpecification\",\"valueRequired\":true,\"valueName\":\"search_term_string\"}}],\"inLanguage\":\"es\"}]}<\/script>\n<!-- \/ Yoast SEO plugin. -->","yoast_head_json":{"title":"TERMO ELECTRICO CAPRICORNIO ECO","description":"Capricornio ECO destaca por su corto tiempo de calentamiento, lo que significa que podr\u00e1 disfrutar de agua caliente en cuesti\u00f3n de minutos. Olv\u00eddate de las esperas necesarias y aprovecha al m\u00e1ximo tu tiempo","robots":{"index":"index","follow":"follow","max-snippet":"max-snippet:-1","max-image-preview":"max-image-preview:large","max-video-preview":"max-video-preview:-1"},"canonical":"https:\/\/giatsu.com\/es\/agua\/termos-electricos\/termo-electrico-capricornio-eco\/","og_locale":"es_ES","og_type":"article","og_title":"TERMO ELECTRICO CAPRICORNIO ECO","og_description":"Capricornio ECO destaca por su corto tiempo de calentamiento, lo que significa que podr\u00e1 disfrutar de agua caliente en cuesti\u00f3n de minutos. Olv\u00eddate de las esperas necesarias y aprovecha al m\u00e1ximo tu tiempo","og_url":"https:\/\/giatsu.com\/es\/agua\/termos-electricos\/termo-electrico-capricornio-eco\/","og_site_name":"GIATSU","article_modified_time":"2025-09-19T12:19:05+00:00","og_image":[{"width":800,"height":800,"url":"https:\/\/giatsu.com\/wp-content\/uploads\/2023\/08\/capricornio2-a9c554.webp","type":"image\/webp"}],"twitter_card":"summary_large_image","twitter_misc":{"Tiempo de lectura":"1 minuto"},"schema":{"@context":"https:\/\/schema.org","@graph":[{"@type":"WebPage","@id":"https:\/\/giatsu.com\/es\/agua\/termos-electricos\/termo-electrico-capricornio-eco\/","url":"https:\/\/giatsu.com\/es\/agua\/termos-electricos\/termo-electrico-capricornio-eco\/","name":"TERMO ELECTRICO CAPRICORNIO ECO","isPartOf":{"@id":"https:\/\/giatsu.com\/es\/#website"},"primaryImageOfPage":{"@id":"https:\/\/giatsu.com\/es\/agua\/termos-electricos\/termo-electrico-capricornio-eco\/#primaryimage"},"image":{"@id":"https:\/\/giatsu.com\/es\/agua\/termos-electricos\/termo-electrico-capricornio-eco\/#primaryimage"},"thumbnailUrl":"https:\/\/giatsu.com\/wp-content\/uploads\/2023\/08\/capricornio2-a9c554.webp","datePublished":"2023-06-06T07:02:34+00:00","dateModified":"2025-09-19T12:19:05+00:00","description":"Capricornio ECO destaca por su corto tiempo de calentamiento, lo que significa que podr\u00e1 disfrutar de agua caliente en cuesti\u00f3n de minutos. Olv\u00eddate de las esperas necesarias y aprovecha al m\u00e1ximo tu tiempo","breadcrumb":{"@id":"https:\/\/giatsu.com\/es\/agua\/termos-electricos\/termo-electrico-capricornio-eco\/#breadcrumb"},"inLanguage":"es","potentialAction":[{"@type":"ReadAction","target":["https:\/\/giatsu.com\/es\/agua\/termos-electricos\/termo-electrico-capricornio-eco\/"]}]},{"@type":"ImageObject","inLanguage":"es","@id":"https:\/\/giatsu.com\/es\/agua\/termos-electricos\/termo-electrico-capricornio-eco\/#primaryimage","url":"https:\/\/giatsu.com\/wp-content\/uploads\/2023\/08\/capricornio2-a9c554.webp","contentUrl":"https:\/\/giatsu.com\/wp-content\/uploads\/2023\/08\/capricornio2-a9c554.webp","width":800,"height":800},{"@type":"BreadcrumbList","@id":"https:\/\/giatsu.com\/es\/agua\/termos-electricos\/termo-electrico-capricornio-eco\/#breadcrumb","itemListElement":[{"@type":"ListItem","position":1,"name":"Home","item":"https:\/\/giatsu.com\/es\/"},{"@type":"ListItem","position":2,"name":"PRODUCTOS","item":"https:\/\/giatsu.com\/es\/productos\/"},{"@type":"ListItem","position":3,"name":"TERMO ELECTRICO CAPRICORNIO ECO"}]},{"@type":"WebSite","@id":"https:\/\/giatsu.com\/es\/#website","url":"https:\/\/giatsu.com\/es\/","name":"GIATSU","description":"Quality Comfort Everywhere","potentialAction":[{"@type":"SearchAction","target":{"@type":"EntryPoint","urlTemplate":"https:\/\/giatsu.com\/es\/?s={search_term_string}"},"query-input":{"@type":"PropertyValueSpecification","valueRequired":true,"valueName":"search_term_string"}}],"inLanguage":"es"}]}},"_links":{"self":[{"href":"https:\/\/giatsu.com\/es\/wp-json\/wp\/v2\/product\/8283","targetHints":{"allow":["GET"]}}],"collection":[{"href":"https:\/\/giatsu.com\/es\/wp-json\/wp\/v2\/product"}],"about":[{"href":"https:\/\/giatsu.com\/es\/wp-json\/wp\/v2\/types\/product"}],"wp:featuredmedia":[{"embeddable":true,"href":"https:\/\/giatsu.com\/es\/wp-json\/wp\/v2\/media\/9413"}],"wp:attachment":[{"href":"https:\/\/giatsu.com\/es\/wp-json\/wp\/v2\/media?parent=8283"}],"wp:term":[{"taxonomy":"product_brand","embeddable":true,"href":"https:\/\/giatsu.com\/es\/wp-json\/wp\/v2\/product_brand?post=8283"},{"taxonomy":"product_cat","embeddable":true,"href":"https:\/\/giatsu.com\/es\/wp-json\/wp\/v2\/product_cat?post=8283"},{"taxonomy":"product_tag","embeddable":true,"href":"https:\/\/giatsu.com\/es\/wp-json\/wp\/v2\/product_tag?post=8283"}],"curies":[{"name":"wp","href":"https:\/\/api.w.org\/{rel}","templated":true}]}}