{"id":8282,"date":"2023-06-06T07:02:32","date_gmt":"2023-06-06T07:02:32","guid":{"rendered":"https:\/\/giatsu.es\/?post_type=product&#038;p=8282"},"modified":"2025-09-19T12:20:21","modified_gmt":"2025-09-19T12:20:21","slug":"termo-electrico-intelligent","status":"publish","type":"product","link":"https:\/\/giatsu.com\/es\/agua\/termos-electricos\/termo-electrico-intelligent\/","title":{"rendered":"TERMO EL\u00c9CTRICO INTELLIGENT"},"content":{"rendered":"<div class=\"wpb-content-wrapper\"><div class=\"container mb-1 moduloprincipalespictos\">\n<h2 class=\"text-center tituloprincipales\">Caracter\u00edsticas principales<\/h2>\n<div class=\"row row-cols-1 row-cols-md-2 row-cols-xl-3\">\n<div class=\"col-xs-6 col-md-3 order-last\">\n<div class=\"card\">\n                            <img decoding=\"async\" class=\"card-img-top w-100 d-block fit-cover pictoprincipalgrande\" src=\"https:\/\/giatsu.com\/wp-content\/uploads\/2023\/08\/wifi-incluido-cb8169.webp\" \/><\/p>\n<div class=\"card-body p-4\">\n<h3 class=\"font-weight-bold card-title\">wifi incluido<\/h3>\n<p class=\"card-text\">A trav\u00e9s de la aplicaci\u00f3n GIApp se puede controlar el equipo desde un smartphone, tablet o por voz con Alexa y Google Home.<\/p>\n<\/p><\/div><\/div><\/div>\n<div class=\"col-xs-6 col-md-3 order-last\">\n<div class=\"card\">\n                            <img decoding=\"async\" class=\"card-img-top w-100 d-block fit-cover pictoprincipalgrande\" src=\"https:\/\/giatsu.com\/wp-content\/uploads\/2023\/08\/anodo_electronico-559b8a.webp\" \/><\/p>\n<div class=\"card-body p-4\">\n<h3 class=\"font-weight-bold card-title\">\u00c1nodo Electr\u00f3nico<\/h3>\n<p class=\"card-text\">El \u00e1nodo electr\u00f3nico no precisa mantenimiento, repercutiendo en una mayor protecci\u00f3n contra la corrosi\u00f3n durante la vida \u00fatil del termo.<\/p>\n<\/p><\/div><\/div><\/div>\n<div class=\"col-xs-6 col-md-3 order-last\">\n<div class=\"card\">\n                            <img decoding=\"async\" class=\"card-img-top w-100 d-block fit-cover pictoprincipalgrande\" src=\"https:\/\/giatsu.com\/wp-content\/uploads\/2023\/08\/modo_smart-d6223e.webp\" \/><\/p>\n<div class=\"card-body p-4\">\n<h3 class=\"font-weight-bold card-title\">Modo Smart<\/h3>\n<p class=\"card-text\">HTW Smart Plus se adec\u00faa autom\u00e1ticamente a los h\u00e1bitos de cada usuario, consiguiendo una temperatura precisa en funci\u00f3n de la demanda real  y un ahorro de hasta el 20% en el consumo.<\/p>\n<\/p><\/div><\/div><\/div>\n<div class=\"col-xs-6 col-md-3 order-last\">\n<div class=\"card\">\n                            <img decoding=\"async\" class=\"card-img-top w-100 d-block fit-cover pictoprincipalgrande\" src=\"https:\/\/giatsu.com\/wp-content\/uploads\/2023\/08\/resistencia-blindada-a9307e.webp\" \/><\/p>\n<div class=\"card-body p-4\">\n<h3 class=\"font-weight-bold card-title\">Resistencia blindada<\/h3>\n<p class=\"card-text\">Resistencia protegida de la corrosi\u00f3n y la acumulaci\u00f3n de dep\u00f3sitos minerales que pueden afectar al rendimiento del termo.<\/p>\n<\/p><\/div><\/div><\/div><\/div><\/div>\n<hr>\n<p>        [vc_row mobile_bg_img_hidden=\u00bbno\u00bb tablet_bg_img_hidden=\u00bbno\u00bb woodmart_parallax=\u00bb0&#8243; woodmart_gradient_switch=\u00bbno\u00bb row_reverse_mobile=\u00bb0&#8243; row_reverse_tablet=\u00bb0&#8243; woodmart_disable_overflow=\u00bb0&#8243; el_class=\u00bbfilaImgCaracteristica\u00bb][vc_column mobile_bg_img_hidden=\u00bbno\u00bb tablet_bg_img_hidden=\u00bbno\u00bb woodmart_parallax=\u00bb0&#8243; woodmart_sticky_column=\u00bbfalse\u00bb parallax_scroll=\u00bbno\u00bb mobile_reset_margin=\u00bbno\u00bb tablet_reset_margin=\u00bbno\u00bb]<\/p>\n<div class=\"container mb-1\">\n<h3 class=\"text-center\">Informaci\u00f3n t\u00e9cnica<\/h3>\n<div class=\"row row-cols-1 row-cols-md-2 row-cols-xl-3 justify-content-md-center\">\n<div class=\"col-xs-1 col-md-1\">\n<div class=\"card\">\n                            <img decoding=\"async\" class=\"card-img-top w-100 d-block fit-cover pictoprincipalgrande\" src=\"https:\/\/giatsu.com\/wp-content\/uploads\/2023\/08\/funcion-anti-congelante-bdb344.webp\" \/><\/p>\n<div class=\"card-body p-4\">\n<h4 class=\"card-text textospictospeques\">Funci\u00f3n anticongelante<\/h4>\n<\/p><\/div><\/div><\/div>\n<div class=\"col-xs-1 col-md-1\">\n<div class=\"card\">\n                            <img decoding=\"async\" class=\"card-img-top w-100 d-block fit-cover pictoprincipalgrande\" src=\"https:\/\/giatsu.com\/wp-content\/uploads\/2023\/08\/proteccion_contra_el_sobrecalentamiento_en_seco-2c9e53.webp\" \/><\/p>\n<div class=\"card-body p-4\">\n<h4 class=\"card-text textospictospeques\">Protecci\u00f3n contra el sobrecalentamiento en seco<\/h4>\n<\/p><\/div><\/div><\/div>\n<div class=\"col-xs-1 col-md-1\">\n<div class=\"card\">\n                            <img decoding=\"async\" class=\"card-img-top w-100 d-block fit-cover pictoprincipalgrande\" src=\"https:\/\/giatsu.com\/wp-content\/uploads\/2023\/08\/funcion_anti-legionela-ce85aa.webp\" \/><\/p>\n<div class=\"card-body p-4\">\n<h4 class=\"card-text textospictospeques\">Funci\u00f3n anti legionela<\/h4>\n<\/p><\/div><\/div><\/div>\n<div class=\"col-xs-1 col-md-1\">\n<div class=\"card\">\n                            <img decoding=\"async\" class=\"card-img-top w-100 d-block fit-cover pictoprincipalgrande\" src=\"https:\/\/giatsu.com\/wp-content\/uploads\/2023\/08\/aislamiento_de-poliuretano_alta_densidad-a91c43.webp\" \/><\/p>\n<div class=\"card-body p-4\">\n<h4 class=\"card-text textospictospeques\">Aislamiento de poliuretano alta densidad<\/h4>\n<\/p><\/div><\/div><\/div><\/div><\/div>\n<div class=\"row justify-content-md-center\">\n<div class=\"vc_btn3-container vc_btn3-inline\" id=\"botonDescargarFicha\">\n                        <a target=\"_blank\" class=\"btn btn-light border rounded-4 botondescarga\" href=\"https:\/\/giatsu.com\/documentacion\/\/giatsu-fichas-tecnicas-termos-electricos-intelligent-multiidioma.pdf\" title=\"\">Descargar ficha t\u00e9cnica<\/a>\n                 <\/div><\/div>\n<div class=\"row\">\n<hr>\n<div class=\"col text-center\"><a target=\"_blank\" href=\"https:\/\/giatsu.com\/documentacion\/\/giatsu-manual-de-usuario-e-instalacion-termos-electricos-intelligent-multiidioma.pdf\" class=\"btn btn-light border rounded-4 botonDescargaManual botondescarga\">Manual de usuario<\/a><\/div>\n<div class=\"col text-center\"><a target=\"_blank\" href=\"https:\/\/giatsu.com\/documentacion\/\/giatsu-manual-de-usuario-e-instalacion-termos-electricos-intelligent-multiidioma.pdf\" class=\"btn btn-light border rounded-4 botonDescargaManual botondescarga\">Manual de instalaci\u00f3n<\/a><\/div>\n<hr>\n<\/div>\n<\/div>","protected":false},"excerpt":{"rendered":"<p>Nuestro <strong>Termo El&eacute;ctrico INTELLIGENT<\/strong> est&aacute; dise&ntilde;ado para brindarte una experiencia de agua caliente excepcional, combinando funcionalidad avanzada con tecnolog&iacute;a inteligente.<\/p>\n<p>Con la <strong>funci&oacute;n Smart<\/strong>, aprende tus h&aacute;bitos de consumo para adaptarse a tus necesidades. A medida que lo utilizas, el calentador se ajusta autom&aacute;ticamente para brindarte la temperatura adecuada en los momentos precisos. Disfruta de una experiencia personalizada y eficiente.<\/p>\n<p>La <strong>conectividad v&iacute;a Wifi <\/strong>y el control por APP te ofrecen un acceso f&aacute;cil y conveniente al control de tu calentador de agua. Desde cualquier lugar y en cualquier momento, puede ajustar la temperatura, programar horarios y recibir notificaciones personalizadas. Mant&eacute;n el control total en tus manos.<\/p>\n<p>Incluye un <strong>&aacute;nodo electr&oacute;nico de &uacute;ltima generaci&oacute;n<\/strong>, este componente innovador prolonga la vida &uacute;til del termo y reduce la acumulaci&oacute;n de sedimentos. Ahorra tiempo y esfuerzo, y disfruta de un termo de agua confiable y de bajo mantenimiento.<\/p>\n<p>El <strong>aislamiento de poliuretano de alta densidad<\/strong> garantiza una eficiencia energ&eacute;tica excepcional. Mant&eacute;n el calor en el interior del termo y disfruta de un rendimiento &oacute;ptimo. Reduce tus costos de energ&iacute;a y contribuye a un futuro m&aacute;s sostenible.<\/p>\n<p>Potencias disponibles: 30L&nbsp; 50L&nbsp; 80L<\/p>\n<div class='divPictosEnergia'>[vc_single_image image=&#8217;9193&#8242; alignment=&#8217;center&#8217; woodmart_inline=&#8217;no&#8217; parallax_scroll=&#8217;no&#8217; el_class=&#8217;imgEnergia&#8217; img_size=&#8217;72&#215;36&#8242;]<\/div>\n<div class='pictosvoz'><\/div>\n","protected":false},"featured_media":9158,"template":"","meta":{"_monsterinsights_skip_tracking":false,"_monsterinsights_sitenote_active":false,"_monsterinsights_sitenote_note":"","_monsterinsights_sitenote_category":0},"product_brand":[],"product_cat":[565,579],"product_tag":[476,477,478,479],"class_list":{"0":"post-8282","1":"product","2":"type-product","3":"status-publish","4":"has-post-thumbnail","6":"product_cat-agua","7":"product_cat-termos-electricos","8":"product_tag-gia-tv-030int","9":"product_tag-gia-tv-050int","10":"product_tag-gia-tv-080int","11":"product_tag-gia-tv-100int","13":"first","14":"instock","15":"shipping-taxable","16":"product-type-simple"},"yoast_head":"<!-- This site is optimized with the Yoast SEO plugin v27.4 - https:\/\/yoast.com\/product\/yoast-seo-wordpress\/ -->\n<title>Termo El\u00e9ctrico INTELLIGENT<\/title>\n<meta name=\"description\" content=\"El Termo El\u00e9ctrico Intelligent de Giatsu ofrece conectividad Wi-Fi y funci\u00f3n Smart que aprende tus h\u00e1bitos de consumo para optimizar el rendimiento y ahorrar energ\u00eda. Incluye \u00e1nodo electr\u00f3nico de bajo mantenimiento y est\u00e1 disponible en capacidades de 30, 50, 80 y 100 litros.\" \/>\n<meta name=\"robots\" content=\"index, follow, max-snippet:-1, max-image-preview:large, max-video-preview:-1\" \/>\n<link rel=\"canonical\" href=\"https:\/\/giatsu.com\/es\/agua\/termos-electricos\/termo-electrico-intelligent\/\" \/>\n<meta property=\"og:locale\" content=\"es_ES\" \/>\n<meta property=\"og:type\" content=\"article\" \/>\n<meta property=\"og:title\" content=\"Termo El\u00e9ctrico INTELLIGENT\" \/>\n<meta property=\"og:description\" content=\"El Termo El\u00e9ctrico Intelligent de Giatsu ofrece conectividad Wi-Fi y funci\u00f3n Smart que aprende tus h\u00e1bitos de consumo para optimizar el rendimiento y ahorrar energ\u00eda. Incluye \u00e1nodo electr\u00f3nico de bajo mantenimiento y est\u00e1 disponible en capacidades de 30, 50, 80 y 100 litros.\" \/>\n<meta property=\"og:url\" content=\"https:\/\/giatsu.com\/es\/agua\/termos-electricos\/termo-electrico-intelligent\/\" \/>\n<meta property=\"og:site_name\" content=\"GIATSU\" \/>\n<meta property=\"article:modified_time\" content=\"2025-09-19T12:20:21+00:00\" \/>\n<meta property=\"og:image\" content=\"https:\/\/giatsu.com\/wp-content\/uploads\/2023\/08\/intelligent5-865966.webp\" \/>\n\t<meta property=\"og:image:width\" content=\"800\" \/>\n\t<meta property=\"og:image:height\" content=\"800\" \/>\n\t<meta property=\"og:image:type\" content=\"image\/webp\" \/>\n<meta name=\"twitter:card\" content=\"summary_large_image\" \/>\n<meta name=\"twitter:label1\" content=\"Tiempo de lectura\" \/>\n\t<meta name=\"twitter:data1\" content=\"1 minuto\" \/>\n<script type=\"application\/ld+json\" class=\"yoast-schema-graph\">{\"@context\":\"https:\\\/\\\/schema.org\",\"@graph\":[{\"@type\":\"WebPage\",\"@id\":\"https:\\\/\\\/giatsu.com\\\/es\\\/agua\\\/termos-electricos\\\/termo-electrico-intelligent\\\/\",\"url\":\"https:\\\/\\\/giatsu.com\\\/es\\\/agua\\\/termos-electricos\\\/termo-electrico-intelligent\\\/\",\"name\":\"Termo El\u00e9ctrico INTELLIGENT\",\"isPartOf\":{\"@id\":\"https:\\\/\\\/giatsu.com\\\/es\\\/#website\"},\"primaryImageOfPage\":{\"@id\":\"https:\\\/\\\/giatsu.com\\\/es\\\/agua\\\/termos-electricos\\\/termo-electrico-intelligent\\\/#primaryimage\"},\"image\":{\"@id\":\"https:\\\/\\\/giatsu.com\\\/es\\\/agua\\\/termos-electricos\\\/termo-electrico-intelligent\\\/#primaryimage\"},\"thumbnailUrl\":\"https:\\\/\\\/giatsu.com\\\/wp-content\\\/uploads\\\/2023\\\/08\\\/intelligent5-865966.webp\",\"datePublished\":\"2023-06-06T07:02:32+00:00\",\"dateModified\":\"2025-09-19T12:20:21+00:00\",\"description\":\"El Termo El\u00e9ctrico Intelligent de Giatsu ofrece conectividad Wi-Fi y funci\u00f3n Smart que aprende tus h\u00e1bitos de consumo para optimizar el rendimiento y ahorrar energ\u00eda. Incluye \u00e1nodo electr\u00f3nico de bajo mantenimiento y est\u00e1 disponible en capacidades de 30, 50, 80 y 100 litros.\",\"breadcrumb\":{\"@id\":\"https:\\\/\\\/giatsu.com\\\/es\\\/agua\\\/termos-electricos\\\/termo-electrico-intelligent\\\/#breadcrumb\"},\"inLanguage\":\"es\",\"potentialAction\":[{\"@type\":\"ReadAction\",\"target\":[\"https:\\\/\\\/giatsu.com\\\/es\\\/agua\\\/termos-electricos\\\/termo-electrico-intelligent\\\/\"]}]},{\"@type\":\"ImageObject\",\"inLanguage\":\"es\",\"@id\":\"https:\\\/\\\/giatsu.com\\\/es\\\/agua\\\/termos-electricos\\\/termo-electrico-intelligent\\\/#primaryimage\",\"url\":\"https:\\\/\\\/giatsu.com\\\/wp-content\\\/uploads\\\/2023\\\/08\\\/intelligent5-865966.webp\",\"contentUrl\":\"https:\\\/\\\/giatsu.com\\\/wp-content\\\/uploads\\\/2023\\\/08\\\/intelligent5-865966.webp\",\"width\":800,\"height\":800},{\"@type\":\"BreadcrumbList\",\"@id\":\"https:\\\/\\\/giatsu.com\\\/es\\\/agua\\\/termos-electricos\\\/termo-electrico-intelligent\\\/#breadcrumb\",\"itemListElement\":[{\"@type\":\"ListItem\",\"position\":1,\"name\":\"Home\",\"item\":\"https:\\\/\\\/giatsu.com\\\/es\\\/\"},{\"@type\":\"ListItem\",\"position\":2,\"name\":\"PRODUCTOS\",\"item\":\"https:\\\/\\\/giatsu.com\\\/es\\\/productos\\\/\"},{\"@type\":\"ListItem\",\"position\":3,\"name\":\"TERMO EL\u00c9CTRICO INTELLIGENT\"}]},{\"@type\":\"WebSite\",\"@id\":\"https:\\\/\\\/giatsu.com\\\/es\\\/#website\",\"url\":\"https:\\\/\\\/giatsu.com\\\/es\\\/\",\"name\":\"GIATSU\",\"description\":\"Quality Comfort Everywhere\",\"potentialAction\":[{\"@type\":\"SearchAction\",\"target\":{\"@type\":\"EntryPoint\",\"urlTemplate\":\"https:\\\/\\\/giatsu.com\\\/es\\\/?s={search_term_string}\"},\"query-input\":{\"@type\":\"PropertyValueSpecification\",\"valueRequired\":true,\"valueName\":\"search_term_string\"}}],\"inLanguage\":\"es\"}]}<\/script>\n<!-- \/ Yoast SEO plugin. -->","yoast_head_json":{"title":"Termo El\u00e9ctrico INTELLIGENT","description":"El Termo El\u00e9ctrico Intelligent de Giatsu ofrece conectividad Wi-Fi y funci\u00f3n Smart que aprende tus h\u00e1bitos de consumo para optimizar el rendimiento y ahorrar energ\u00eda. Incluye \u00e1nodo electr\u00f3nico de bajo mantenimiento y est\u00e1 disponible en capacidades de 30, 50, 80 y 100 litros.","robots":{"index":"index","follow":"follow","max-snippet":"max-snippet:-1","max-image-preview":"max-image-preview:large","max-video-preview":"max-video-preview:-1"},"canonical":"https:\/\/giatsu.com\/es\/agua\/termos-electricos\/termo-electrico-intelligent\/","og_locale":"es_ES","og_type":"article","og_title":"Termo El\u00e9ctrico INTELLIGENT","og_description":"El Termo El\u00e9ctrico Intelligent de Giatsu ofrece conectividad Wi-Fi y funci\u00f3n Smart que aprende tus h\u00e1bitos de consumo para optimizar el rendimiento y ahorrar energ\u00eda. Incluye \u00e1nodo electr\u00f3nico de bajo mantenimiento y est\u00e1 disponible en capacidades de 30, 50, 80 y 100 litros.","og_url":"https:\/\/giatsu.com\/es\/agua\/termos-electricos\/termo-electrico-intelligent\/","og_site_name":"GIATSU","article_modified_time":"2025-09-19T12:20:21+00:00","og_image":[{"width":800,"height":800,"url":"https:\/\/giatsu.com\/wp-content\/uploads\/2023\/08\/intelligent5-865966.webp","type":"image\/webp"}],"twitter_card":"summary_large_image","twitter_misc":{"Tiempo de lectura":"1 minuto"},"schema":{"@context":"https:\/\/schema.org","@graph":[{"@type":"WebPage","@id":"https:\/\/giatsu.com\/es\/agua\/termos-electricos\/termo-electrico-intelligent\/","url":"https:\/\/giatsu.com\/es\/agua\/termos-electricos\/termo-electrico-intelligent\/","name":"Termo El\u00e9ctrico INTELLIGENT","isPartOf":{"@id":"https:\/\/giatsu.com\/es\/#website"},"primaryImageOfPage":{"@id":"https:\/\/giatsu.com\/es\/agua\/termos-electricos\/termo-electrico-intelligent\/#primaryimage"},"image":{"@id":"https:\/\/giatsu.com\/es\/agua\/termos-electricos\/termo-electrico-intelligent\/#primaryimage"},"thumbnailUrl":"https:\/\/giatsu.com\/wp-content\/uploads\/2023\/08\/intelligent5-865966.webp","datePublished":"2023-06-06T07:02:32+00:00","dateModified":"2025-09-19T12:20:21+00:00","description":"El Termo El\u00e9ctrico Intelligent de Giatsu ofrece conectividad Wi-Fi y funci\u00f3n Smart que aprende tus h\u00e1bitos de consumo para optimizar el rendimiento y ahorrar energ\u00eda. Incluye \u00e1nodo electr\u00f3nico de bajo mantenimiento y est\u00e1 disponible en capacidades de 30, 50, 80 y 100 litros.","breadcrumb":{"@id":"https:\/\/giatsu.com\/es\/agua\/termos-electricos\/termo-electrico-intelligent\/#breadcrumb"},"inLanguage":"es","potentialAction":[{"@type":"ReadAction","target":["https:\/\/giatsu.com\/es\/agua\/termos-electricos\/termo-electrico-intelligent\/"]}]},{"@type":"ImageObject","inLanguage":"es","@id":"https:\/\/giatsu.com\/es\/agua\/termos-electricos\/termo-electrico-intelligent\/#primaryimage","url":"https:\/\/giatsu.com\/wp-content\/uploads\/2023\/08\/intelligent5-865966.webp","contentUrl":"https:\/\/giatsu.com\/wp-content\/uploads\/2023\/08\/intelligent5-865966.webp","width":800,"height":800},{"@type":"BreadcrumbList","@id":"https:\/\/giatsu.com\/es\/agua\/termos-electricos\/termo-electrico-intelligent\/#breadcrumb","itemListElement":[{"@type":"ListItem","position":1,"name":"Home","item":"https:\/\/giatsu.com\/es\/"},{"@type":"ListItem","position":2,"name":"PRODUCTOS","item":"https:\/\/giatsu.com\/es\/productos\/"},{"@type":"ListItem","position":3,"name":"TERMO EL\u00c9CTRICO INTELLIGENT"}]},{"@type":"WebSite","@id":"https:\/\/giatsu.com\/es\/#website","url":"https:\/\/giatsu.com\/es\/","name":"GIATSU","description":"Quality Comfort Everywhere","potentialAction":[{"@type":"SearchAction","target":{"@type":"EntryPoint","urlTemplate":"https:\/\/giatsu.com\/es\/?s={search_term_string}"},"query-input":{"@type":"PropertyValueSpecification","valueRequired":true,"valueName":"search_term_string"}}],"inLanguage":"es"}]}},"_links":{"self":[{"href":"https:\/\/giatsu.com\/es\/wp-json\/wp\/v2\/product\/8282","targetHints":{"allow":["GET"]}}],"collection":[{"href":"https:\/\/giatsu.com\/es\/wp-json\/wp\/v2\/product"}],"about":[{"href":"https:\/\/giatsu.com\/es\/wp-json\/wp\/v2\/types\/product"}],"wp:featuredmedia":[{"embeddable":true,"href":"https:\/\/giatsu.com\/es\/wp-json\/wp\/v2\/media\/9158"}],"wp:attachment":[{"href":"https:\/\/giatsu.com\/es\/wp-json\/wp\/v2\/media?parent=8282"}],"wp:term":[{"taxonomy":"product_brand","embeddable":true,"href":"https:\/\/giatsu.com\/es\/wp-json\/wp\/v2\/product_brand?post=8282"},{"taxonomy":"product_cat","embeddable":true,"href":"https:\/\/giatsu.com\/es\/wp-json\/wp\/v2\/product_cat?post=8282"},{"taxonomy":"product_tag","embeddable":true,"href":"https:\/\/giatsu.com\/es\/wp-json\/wp\/v2\/product_tag?post=8282"}],"curies":[{"name":"wp","href":"https:\/\/api.w.org\/{rel}","templated":true}]}}