{"id":8280,"date":"2023-06-06T07:02:26","date_gmt":"2023-06-06T07:02:26","guid":{"rendered":"https:\/\/giatsu.es\/?post_type=product&#038;p=8280"},"modified":"2025-09-19T12:22:39","modified_gmt":"2025-09-19T12:22:39","slug":"termo-electrico-reversible-piscis","status":"publish","type":"product","link":"https:\/\/giatsu.com\/es\/agua\/termos-electricos\/termo-electrico-reversible-piscis\/","title":{"rendered":"TERMO EL\u00c9CTRICO REVERSIBLE PISCIS"},"content":{"rendered":"<div class=\"wpb-content-wrapper\"><div class=\"container mb-1 moduloprincipalespictos\">\n<h2 class=\"text-center tituloprincipales\">Caracter\u00edsticas principales<\/h2>\n<div class=\"row row-cols-1 row-cols-md-2 row-cols-xl-3\">\n<div class=\"col-xs-6 col-md-3 order-last\">\n<div class=\"card\">\n                            <img decoding=\"async\" class=\"card-img-top w-100 d-block fit-cover pictoprincipalgrande\" src=\"https:\/\/giatsu.com\/wp-content\/uploads\/2023\/08\/aislamiento-de-poliuretano-de-alta-densidad-e2510f.webp\" \/><\/p>\n<div class=\"card-body p-4\">\n<h3 class=\"font-weight-bold card-title\">Aislamiento de poliuretano de alta densidad<\/h3>\n<p class=\"card-text\">Permite mantener la temperatura del agua del dep\u00f3sito caliente durante m\u00e1s tiempo gracias a su poder aislante.<\/p>\n<\/p><\/div><\/div><\/div>\n<div class=\"col-xs-6 col-md-3 order-last\">\n<div class=\"card\">\n                            <img decoding=\"async\" class=\"card-img-top w-100 d-block fit-cover pictoprincipalgrande\" src=\"https:\/\/giatsu.com\/wp-content\/uploads\/2023\/08\/instalacion-reversible-e23ff4.webp\" \/><\/p>\n<div class=\"card-body p-4\">\n<h3 class=\"font-weight-bold card-title\">Instalaci\u00f3n reversible<\/h3>\n<p class=\"card-text\">Puede ser instalado tanto vertical como horizontalmente.<\/p>\n<\/p><\/div><\/div><\/div>\n<div class=\"col-xs-6 col-md-3 order-last\">\n<div class=\"card\">\n                            <img decoding=\"async\" class=\"card-img-top w-100 d-block fit-cover pictoprincipalgrande\" src=\"https:\/\/giatsu.com\/wp-content\/uploads\/2023\/08\/valvula-de-seguridad-212379.webp\" \/><\/p>\n<div class=\"card-body p-4\">\n<h3 class=\"font-weight-bold card-title\">V\u00e1lvula de seguridad<\/h3>\n<p class=\"card-text\">Con este elemento de seguridad se evita posibles roturas y fugas de agua.<\/p>\n<\/p><\/div><\/div><\/div><\/div><\/div>\n<hr>\n<p>        [vc_row mobile_bg_img_hidden=\u00bbno\u00bb tablet_bg_img_hidden=\u00bbno\u00bb woodmart_parallax=\u00bb0&#8243; woodmart_gradient_switch=\u00bbno\u00bb row_reverse_mobile=\u00bb0&#8243; row_reverse_tablet=\u00bb0&#8243; woodmart_disable_overflow=\u00bb0&#8243; el_class=\u00bbfilaImgCaracteristica\u00bb][vc_column mobile_bg_img_hidden=\u00bbno\u00bb tablet_bg_img_hidden=\u00bbno\u00bb woodmart_parallax=\u00bb0&#8243; woodmart_sticky_column=\u00bbfalse\u00bb parallax_scroll=\u00bbno\u00bb mobile_reset_margin=\u00bbno\u00bb tablet_reset_margin=\u00bbno\u00bb]<\/p>\n<div class=\"container mb-1\">\n<h3 class=\"text-center\">Informaci\u00f3n t\u00e9cnica<\/h3>\n<div class=\"row row-cols-1 row-cols-md-2 row-cols-xl-3 justify-content-md-center\">\n<div class=\"col-xs-1 col-md-1\">\n<div class=\"card\">\n                            <img decoding=\"async\" class=\"card-img-top w-100 d-block fit-cover pictoprincipalgrande\" src=\"https:\/\/giatsu.com\/wp-content\/uploads\/2023\/08\/tanque-esmaltado-en-polvo-seco-5f2e43.webp\" \/><\/p>\n<div class=\"card-body p-4\">\n<h4 class=\"card-text textospictospeques\">Tanque esmaltado en polvo seco<\/h4>\n<\/p><\/div><\/div><\/div>\n<div class=\"col-xs-1 col-md-1\">\n<div class=\"card\">\n                            <img decoding=\"async\" class=\"card-img-top w-100 d-block fit-cover pictoprincipalgrande\" src=\"https:\/\/giatsu.com\/wp-content\/uploads\/2023\/08\/resistencia_incoloy-840-932d36.webp\" \/><\/p>\n<div class=\"card-body p-4\">\n<h4 class=\"card-text textospictospeques\">Resistencia incoloy 840<\/h4>\n<\/p><\/div><\/div><\/div>\n<div class=\"col-xs-1 col-md-1\">\n<div class=\"card\">\n                            <img decoding=\"async\" class=\"card-img-top w-100 d-block fit-cover pictoprincipalgrande\" src=\"https:\/\/giatsu.com\/wp-content\/uploads\/2023\/08\/anodo_magnesio_anti-corrosion-f888d7.webp\" \/><\/p>\n<div class=\"card-body p-4\">\n<h4 class=\"card-text textospictospeques\">\u00c1nodo magnesio anti corrosi\u00f3n<\/h4>\n<\/p><\/div><\/div><\/div><\/div><\/div>\n<div class=\"row justify-content-md-center\">\n<div class=\"vc_btn3-container vc_btn3-inline\" id=\"botonDescargarFicha\">\n                        <a target=\"_blank\" class=\"btn btn-light border rounded-4 botondescarga\" href=\"https:\/\/giatsu.com\/documentacion\/\/giatsu-fichas-tecnicas-termos-electricos-piscis-espanol.pdf\" title=\"\">Descargar ficha t\u00e9cnica<\/a>\n                 <\/div><\/div>\n<div class=\"row\">\n<hr>\n<div class=\"col text-center\"><a target=\"_blank\" href=\"https:\/\/giatsu.com\/documentacion\/\/giatsu-manual-de-usuario-e-instalacion-termos-electricos-piscis-multiidioma.pdf\" class=\"btn btn-light border rounded-4 botonDescargaManual botondescarga\">Manual de usuario<\/a><\/div>\n<div class=\"col text-center\"><a target=\"_blank\" href=\"https:\/\/giatsu.com\/documentacion\/\/giatsu-manual-de-usuario-e-instalacion-termos-electricos-piscis-multiidioma.pdf\" class=\"btn btn-light border rounded-4 botonDescargaManual botondescarga\">Manual de instalaci\u00f3n<\/a><\/div>\n<hr>\n<\/div>\n<\/div>","protected":false},"excerpt":{"rendered":"<p>El&nbsp;<strong>Termo El&eacute;ctrico Reversible Piscis de Giatsu<\/strong> destaca por su corto tiempo de calentamiento, lo que significa que tendr&aacute;s agua caliente en cuesti&oacute;n de minutos. Di adi&oacute;s a las largas esperas y disfruta de una experiencia c&oacute;moda y conveniente.<\/p>\n<p>Con una <strong>amplia variedad de litrages disponibles<\/strong>, desde 30L hasta 150L, encontrar&aacute;s el tama&ntilde;o perfecto para satisfacer tus necesidades espec&iacute;ficas de ACS.<\/p>\n<p>La calidad y el aislamiento son fundamentales en nuestro producto. Con un&nbsp;<strong>aislamiento de poliuretano de alta densidad<\/strong>, garantizamos una p&eacute;rdida m&iacute;nima de calor y un mayor rendimiento energ&eacute;tico. Disfruta de agua caliente por m&aacute;s tiempo, mientras ahorras en costos de energ&iacute;a.<\/p>\n<p>Cuenta con una<strong> instalaci&oacute;n reversible o multiposici&oacute;n<\/strong>, lo que significa que se adapta a cualquier espacio, para que puedas aprovechar al m&aacute;ximo tu &aacute;rea disponible sin comprometer la funcionalidad ni la eficiencia.<\/p>\n<p>Capacidades disponibles: 30L, 50L, 80L, 100L, 150L<\/p>\n<div class='divPictosEnergia'>[vc_single_image image=&#8217;9193&#8242; alignment=&#8217;center&#8217; woodmart_inline=&#8217;no&#8217; parallax_scroll=&#8217;no&#8217; el_class=&#8217;imgEnergia&#8217; img_size=&#8217;72&#215;36&#8242;]<\/div>\n<div class='pictosvoz'><\/div>\n","protected":false},"featured_media":9453,"template":"","meta":{"_monsterinsights_skip_tracking":false,"_monsterinsights_sitenote_active":false,"_monsterinsights_sitenote_note":"","_monsterinsights_sitenote_category":0},"product_brand":[],"product_cat":[565,579],"product_tag":[488,489,490,491,492],"class_list":{"0":"post-8280","1":"product","2":"type-product","3":"status-publish","4":"has-post-thumbnail","6":"product_cat-agua","7":"product_cat-termos-electricos","8":"product_tag-gia-tr-100pisc2","9":"product_tag-gia-tr-150pisc2","10":"product_tag-gia-tr-30pisc2","11":"product_tag-gia-tr-50pisc2","12":"product_tag-gia-tr-80pisc2","14":"first","15":"instock","16":"shipping-taxable","17":"product-type-simple"},"yoast_head":"<!-- This site is optimized with the Yoast SEO plugin v27.4 - https:\/\/yoast.com\/product\/yoast-seo-wordpress\/ -->\n<title>Termo El\u00e9ctrico Reversible Piscis<\/title>\n<meta name=\"description\" content=\"Termo el\u00e9ctrico con sistema reversible, aislamiento de alta densidad para eficiencia energ\u00e9tica y calentamiento r\u00e1pido. Disponible en capacidades de 30L a 150L, con instalaci\u00f3n multiposici\u00f3n.\" \/>\n<meta name=\"robots\" content=\"index, follow, max-snippet:-1, max-image-preview:large, max-video-preview:-1\" \/>\n<link rel=\"canonical\" href=\"https:\/\/giatsu.com\/es\/agua\/termos-electricos\/termo-electrico-reversible-piscis\/\" \/>\n<meta property=\"og:locale\" content=\"es_ES\" \/>\n<meta property=\"og:type\" content=\"article\" \/>\n<meta property=\"og:title\" content=\"Termo El\u00e9ctrico Reversible Piscis\" \/>\n<meta property=\"og:description\" content=\"Termo el\u00e9ctrico con sistema reversible, aislamiento de alta densidad para eficiencia energ\u00e9tica y calentamiento r\u00e1pido. Disponible en capacidades de 30L a 150L, con instalaci\u00f3n multiposici\u00f3n.\" \/>\n<meta property=\"og:url\" content=\"https:\/\/giatsu.com\/es\/agua\/termos-electricos\/termo-electrico-reversible-piscis\/\" \/>\n<meta property=\"og:site_name\" content=\"GIATSU\" \/>\n<meta property=\"article:modified_time\" content=\"2025-09-19T12:22:39+00:00\" \/>\n<meta property=\"og:image\" content=\"https:\/\/giatsu.com\/wp-content\/uploads\/2023\/08\/piscis2-144af2.webp\" \/>\n\t<meta property=\"og:image:width\" content=\"800\" \/>\n\t<meta property=\"og:image:height\" content=\"800\" \/>\n\t<meta property=\"og:image:type\" content=\"image\/webp\" \/>\n<meta name=\"twitter:card\" content=\"summary_large_image\" \/>\n<meta name=\"twitter:label1\" content=\"Tiempo de lectura\" \/>\n\t<meta name=\"twitter:data1\" content=\"1 minuto\" \/>\n<script type=\"application\/ld+json\" class=\"yoast-schema-graph\">{\"@context\":\"https:\\\/\\\/schema.org\",\"@graph\":[{\"@type\":\"WebPage\",\"@id\":\"https:\\\/\\\/giatsu.com\\\/es\\\/agua\\\/termos-electricos\\\/termo-electrico-reversible-piscis\\\/\",\"url\":\"https:\\\/\\\/giatsu.com\\\/es\\\/agua\\\/termos-electricos\\\/termo-electrico-reversible-piscis\\\/\",\"name\":\"Termo El\u00e9ctrico Reversible Piscis\",\"isPartOf\":{\"@id\":\"https:\\\/\\\/giatsu.com\\\/es\\\/#website\"},\"primaryImageOfPage\":{\"@id\":\"https:\\\/\\\/giatsu.com\\\/es\\\/agua\\\/termos-electricos\\\/termo-electrico-reversible-piscis\\\/#primaryimage\"},\"image\":{\"@id\":\"https:\\\/\\\/giatsu.com\\\/es\\\/agua\\\/termos-electricos\\\/termo-electrico-reversible-piscis\\\/#primaryimage\"},\"thumbnailUrl\":\"https:\\\/\\\/giatsu.com\\\/wp-content\\\/uploads\\\/2023\\\/08\\\/piscis2-144af2.webp\",\"datePublished\":\"2023-06-06T07:02:26+00:00\",\"dateModified\":\"2025-09-19T12:22:39+00:00\",\"description\":\"Termo el\u00e9ctrico con sistema reversible, aislamiento de alta densidad para eficiencia energ\u00e9tica y calentamiento r\u00e1pido. Disponible en capacidades de 30L a 150L, con instalaci\u00f3n multiposici\u00f3n.\",\"breadcrumb\":{\"@id\":\"https:\\\/\\\/giatsu.com\\\/es\\\/agua\\\/termos-electricos\\\/termo-electrico-reversible-piscis\\\/#breadcrumb\"},\"inLanguage\":\"es\",\"potentialAction\":[{\"@type\":\"ReadAction\",\"target\":[\"https:\\\/\\\/giatsu.com\\\/es\\\/agua\\\/termos-electricos\\\/termo-electrico-reversible-piscis\\\/\"]}]},{\"@type\":\"ImageObject\",\"inLanguage\":\"es\",\"@id\":\"https:\\\/\\\/giatsu.com\\\/es\\\/agua\\\/termos-electricos\\\/termo-electrico-reversible-piscis\\\/#primaryimage\",\"url\":\"https:\\\/\\\/giatsu.com\\\/wp-content\\\/uploads\\\/2023\\\/08\\\/piscis2-144af2.webp\",\"contentUrl\":\"https:\\\/\\\/giatsu.com\\\/wp-content\\\/uploads\\\/2023\\\/08\\\/piscis2-144af2.webp\",\"width\":800,\"height\":800},{\"@type\":\"BreadcrumbList\",\"@id\":\"https:\\\/\\\/giatsu.com\\\/es\\\/agua\\\/termos-electricos\\\/termo-electrico-reversible-piscis\\\/#breadcrumb\",\"itemListElement\":[{\"@type\":\"ListItem\",\"position\":1,\"name\":\"Home\",\"item\":\"https:\\\/\\\/giatsu.com\\\/es\\\/\"},{\"@type\":\"ListItem\",\"position\":2,\"name\":\"PRODUCTOS\",\"item\":\"https:\\\/\\\/giatsu.com\\\/es\\\/productos\\\/\"},{\"@type\":\"ListItem\",\"position\":3,\"name\":\"TERMO EL\u00c9CTRICO REVERSIBLE PISCIS\"}]},{\"@type\":\"WebSite\",\"@id\":\"https:\\\/\\\/giatsu.com\\\/es\\\/#website\",\"url\":\"https:\\\/\\\/giatsu.com\\\/es\\\/\",\"name\":\"GIATSU\",\"description\":\"Quality Comfort Everywhere\",\"potentialAction\":[{\"@type\":\"SearchAction\",\"target\":{\"@type\":\"EntryPoint\",\"urlTemplate\":\"https:\\\/\\\/giatsu.com\\\/es\\\/?s={search_term_string}\"},\"query-input\":{\"@type\":\"PropertyValueSpecification\",\"valueRequired\":true,\"valueName\":\"search_term_string\"}}],\"inLanguage\":\"es\"}]}<\/script>\n<!-- \/ Yoast SEO plugin. -->","yoast_head_json":{"title":"Termo El\u00e9ctrico Reversible Piscis","description":"Termo el\u00e9ctrico con sistema reversible, aislamiento de alta densidad para eficiencia energ\u00e9tica y calentamiento r\u00e1pido. Disponible en capacidades de 30L a 150L, con instalaci\u00f3n multiposici\u00f3n.","robots":{"index":"index","follow":"follow","max-snippet":"max-snippet:-1","max-image-preview":"max-image-preview:large","max-video-preview":"max-video-preview:-1"},"canonical":"https:\/\/giatsu.com\/es\/agua\/termos-electricos\/termo-electrico-reversible-piscis\/","og_locale":"es_ES","og_type":"article","og_title":"Termo El\u00e9ctrico Reversible Piscis","og_description":"Termo el\u00e9ctrico con sistema reversible, aislamiento de alta densidad para eficiencia energ\u00e9tica y calentamiento r\u00e1pido. Disponible en capacidades de 30L a 150L, con instalaci\u00f3n multiposici\u00f3n.","og_url":"https:\/\/giatsu.com\/es\/agua\/termos-electricos\/termo-electrico-reversible-piscis\/","og_site_name":"GIATSU","article_modified_time":"2025-09-19T12:22:39+00:00","og_image":[{"width":800,"height":800,"url":"https:\/\/giatsu.com\/wp-content\/uploads\/2023\/08\/piscis2-144af2.webp","type":"image\/webp"}],"twitter_card":"summary_large_image","twitter_misc":{"Tiempo de lectura":"1 minuto"},"schema":{"@context":"https:\/\/schema.org","@graph":[{"@type":"WebPage","@id":"https:\/\/giatsu.com\/es\/agua\/termos-electricos\/termo-electrico-reversible-piscis\/","url":"https:\/\/giatsu.com\/es\/agua\/termos-electricos\/termo-electrico-reversible-piscis\/","name":"Termo El\u00e9ctrico Reversible Piscis","isPartOf":{"@id":"https:\/\/giatsu.com\/es\/#website"},"primaryImageOfPage":{"@id":"https:\/\/giatsu.com\/es\/agua\/termos-electricos\/termo-electrico-reversible-piscis\/#primaryimage"},"image":{"@id":"https:\/\/giatsu.com\/es\/agua\/termos-electricos\/termo-electrico-reversible-piscis\/#primaryimage"},"thumbnailUrl":"https:\/\/giatsu.com\/wp-content\/uploads\/2023\/08\/piscis2-144af2.webp","datePublished":"2023-06-06T07:02:26+00:00","dateModified":"2025-09-19T12:22:39+00:00","description":"Termo el\u00e9ctrico con sistema reversible, aislamiento de alta densidad para eficiencia energ\u00e9tica y calentamiento r\u00e1pido. Disponible en capacidades de 30L a 150L, con instalaci\u00f3n multiposici\u00f3n.","breadcrumb":{"@id":"https:\/\/giatsu.com\/es\/agua\/termos-electricos\/termo-electrico-reversible-piscis\/#breadcrumb"},"inLanguage":"es","potentialAction":[{"@type":"ReadAction","target":["https:\/\/giatsu.com\/es\/agua\/termos-electricos\/termo-electrico-reversible-piscis\/"]}]},{"@type":"ImageObject","inLanguage":"es","@id":"https:\/\/giatsu.com\/es\/agua\/termos-electricos\/termo-electrico-reversible-piscis\/#primaryimage","url":"https:\/\/giatsu.com\/wp-content\/uploads\/2023\/08\/piscis2-144af2.webp","contentUrl":"https:\/\/giatsu.com\/wp-content\/uploads\/2023\/08\/piscis2-144af2.webp","width":800,"height":800},{"@type":"BreadcrumbList","@id":"https:\/\/giatsu.com\/es\/agua\/termos-electricos\/termo-electrico-reversible-piscis\/#breadcrumb","itemListElement":[{"@type":"ListItem","position":1,"name":"Home","item":"https:\/\/giatsu.com\/es\/"},{"@type":"ListItem","position":2,"name":"PRODUCTOS","item":"https:\/\/giatsu.com\/es\/productos\/"},{"@type":"ListItem","position":3,"name":"TERMO EL\u00c9CTRICO REVERSIBLE PISCIS"}]},{"@type":"WebSite","@id":"https:\/\/giatsu.com\/es\/#website","url":"https:\/\/giatsu.com\/es\/","name":"GIATSU","description":"Quality Comfort Everywhere","potentialAction":[{"@type":"SearchAction","target":{"@type":"EntryPoint","urlTemplate":"https:\/\/giatsu.com\/es\/?s={search_term_string}"},"query-input":{"@type":"PropertyValueSpecification","valueRequired":true,"valueName":"search_term_string"}}],"inLanguage":"es"}]}},"_links":{"self":[{"href":"https:\/\/giatsu.com\/es\/wp-json\/wp\/v2\/product\/8280","targetHints":{"allow":["GET"]}}],"collection":[{"href":"https:\/\/giatsu.com\/es\/wp-json\/wp\/v2\/product"}],"about":[{"href":"https:\/\/giatsu.com\/es\/wp-json\/wp\/v2\/types\/product"}],"wp:featuredmedia":[{"embeddable":true,"href":"https:\/\/giatsu.com\/es\/wp-json\/wp\/v2\/media\/9453"}],"wp:attachment":[{"href":"https:\/\/giatsu.com\/es\/wp-json\/wp\/v2\/media?parent=8280"}],"wp:term":[{"taxonomy":"product_brand","embeddable":true,"href":"https:\/\/giatsu.com\/es\/wp-json\/wp\/v2\/product_brand?post=8280"},{"taxonomy":"product_cat","embeddable":true,"href":"https:\/\/giatsu.com\/es\/wp-json\/wp\/v2\/product_cat?post=8280"},{"taxonomy":"product_tag","embeddable":true,"href":"https:\/\/giatsu.com\/es\/wp-json\/wp\/v2\/product_tag?post=8280"}],"curies":[{"name":"wp","href":"https:\/\/api.w.org\/{rel}","templated":true}]}}