{"id":14029,"date":"2026-02-13T07:44:31","date_gmt":"2026-02-13T07:44:31","guid":{"rendered":"https:\/\/giatsu.com\/?post_type=product&#038;p=14029"},"modified":"2026-02-13T07:48:11","modified_gmt":"2026-02-13T07:48:11","slug":"unidad-exterior-multisplit-ix41b2","status":"publish","type":"product","link":"https:\/\/giatsu.com\/es\/splits\/multisplit\/unidad-exterior-multisplit-ix41b2\/","title":{"rendered":"UNIDAD EXTERIOR MULTISPLIT IX41B2"},"content":{"rendered":"<div class=\"wpb-content-wrapper\"><p>&nbsp;<\/p>\n<div class=\"container mb-1 moduloprincipalespictos\">\n<h2 class=\"text-center tituloprincipales\">Caracter\u00edsticas principales<\/h2>\n<div class=\"row row-cols-1 row-cols-md-2 row-cols-xl-3\">\n<div class=\"col-xs-6 col-md-3 order-last\">\n<div class=\"card\">\n<p><img decoding=\"async\" class=\"card-img-top w-100 d-block fit-cover pictoprincipalgrande\" src=\"https:\/\/giatsu.com\/wp-content\/uploads\/2023\/06\/tecnologia_inverter-495dd8.webp\" \/><\/p>\n<div class=\"card-body p-4\">\n<h3 class=\"font-weight-bold card-title\">Tecnolog\u00eda inverter<\/h3>\n<p class=\"card-text\">Al trabajar el compresor de forma continua se consigue un ahorro de hasta el 50% de energ\u00eda con respecto a equipos convencionales.<\/p>\n<\/div>\n<\/div>\n<\/div>\n<div class=\"col-xs-6 col-md-3 order-last\">\n<div class=\"card\">\n<p><img decoding=\"async\" class=\"card-img-top w-100 d-block fit-cover pictoprincipalgrande\" src=\"https:\/\/giatsu.com\/wp-content\/uploads\/2025\/04\/carcasa-antioxidacion-f040c8.webp\" \/><\/p>\n<div class=\"card-body p-4\">\n<h3 class=\"font-weight-bold card-title\">Carcasa antioxidaci\u00f3n<\/h3>\n<p class=\"card-text\">La carcasa tiene un preparado que la protege de la oxidaci\u00f3n.<\/p>\n<\/div>\n<\/div>\n<\/div>\n<div class=\"col-xs-6 col-md-3 order-last\">\n<div class=\"card\">\n<p><img decoding=\"async\" class=\"card-img-top w-100 d-block fit-cover pictoprincipalgrande\" src=\"https:\/\/giatsu.com\/wp-content\/uploads\/2025\/04\/mayor-eficiencia-c824f6.webp\" \/><\/p>\n<div class=\"card-body p-4\">\n<h3 class=\"font-weight-bold card-title\">Mayor eficiencia<\/h3>\n<p class=\"card-text\">La unidad es capaz de obtener un mayor rendimiento con un menor consumo de energ\u00eda.<\/p>\n<\/div>\n<\/div>\n<\/div>\n<\/div>\n<\/div>\n<hr \/>\n<p>[vc_row mobile_bg_img_hidden=\u00bbno\u00bb tablet_bg_img_hidden=\u00bbno\u00bb woodmart_parallax=\u00bb0&#8243; woodmart_gradient_switch=\u00bbno\u00bb row_reverse_mobile=\u00bb0&#8243; row_reverse_tablet=\u00bb0&#8243; woodmart_disable_overflow=\u00bb0&#8243; el_class=\u00bbfilaImgCaracteristica\u00bb][vc_column mobile_bg_img_hidden=\u00bbno\u00bb tablet_bg_img_hidden=\u00bbno\u00bb woodmart_parallax=\u00bb0&#8243; woodmart_sticky_column=\u00bbfalse\u00bb parallax_scroll=\u00bbno\u00bb mobile_reset_margin=\u00bbno\u00bb tablet_reset_margin=\u00bbno\u00bb]<\/p>\n<div class=\"container mb-1\">\n<h3 class=\"text-center\">Informaci\u00f3n t\u00e9cnica<\/h3>\n<div class=\"row row-cols-1 row-cols-md-2 row-cols-xl-3 justify-content-md-center\">\n<div class=\"col-xs-1 col-md-1\">\n<div class=\"card\">\n<p><img decoding=\"async\" class=\"card-img-top w-100 d-block fit-cover pictoprincipalgrande\" src=\"https:\/\/giatsu.com\/wp-content\/uploads\/2023\/06\/hasta_12_velocidades_de_funcionamiento-fe2ecc.webp\" \/><\/p>\n<div class=\"card-body p-4\">\n<h4 class=\"card-text textospictospeques\">Hasta 12 velocidades de funcionamiento<\/h4>\n<\/div>\n<\/div>\n<\/div>\n<div class=\"col-xs-1 col-md-1\">\n<div class=\"card\">\n<p><img decoding=\"async\" class=\"card-img-top w-100 d-block fit-cover pictoprincipalgrande\" src=\"https:\/\/giatsu.com\/wp-content\/uploads\/2023\/08\/hasta_5_unidades_conectables-bb7d95.webp\" \/><\/p>\n<div class=\"card-body p-4\">\n<h4 class=\"card-text textospictospeques\">Hasta 5 unidades conectables<\/h4>\n<\/div>\n<\/div>\n<\/div>\n<\/div>\n<\/div>\n<div class=\"row justify-content-md-center\">\n<div id=\"botonDescargarFicha\" class=\"vc_btn3-container vc_btn3-inline\"><a class=\"btn btn-light border rounded-4 botondescarga\" title=\"\" href=\"https:\/\/giatsu.com\/documentacion\/\/giatsu-fichas-tecnicas-multisplits-ix41b2r32-espanol.pdf\" target=\"_blank\" rel=\"noopener\">Descargar ficha t\u00e9cnica<\/a><\/div>\n<\/div>\n<div class=\"row\">\n<hr \/>\n<div class=\"col text-center\"><a class=\"btn btn-light border rounded-4 botonDescargaManual botondescarga\" href=\"https:\/\/giatsu.com\/documentacion\/\/giatsu-manual-de-usuario-multisplits-ix41b2r32-multiidioma.pdf\" target=\"_blank\" rel=\"noopener\">Manual de usuario<\/a><\/div>\n<div class=\"col text-center\"><a class=\"btn btn-light border rounded-4 botonDescargaManual botondescarga\" href=\"https:\/\/giatsu.com\/documentacion\/\/giatsu-manual-de-instalacion-multisplits-ix41b2r32-multiidioma.pdf\" target=\"_blank\" rel=\"noopener\">Manual de instalaci\u00f3n<\/a><\/div>\n<hr \/>\n<\/div>\n<\/div>","protected":false},"excerpt":{"rendered":"<p>La <strong>Unidad Exterior\u00a0Multisplit IX41B2<\/strong>\u00a0ofrece m\u00e1xima potencia en un m\u00ednimo espacio. Aprovecha al m\u00e1ximo cada cent\u00edmetro de tu entorno sin comprometer la capacidad de climatizaci\u00f3n.<\/p>\n<p><strong>Equipada con la tecnolog\u00eda DC Inverter<\/strong>, esta unidad garantiza un funcionamiento eficiente y un ahorro energ\u00e9tico. El sistema ajusta autom\u00e1ticamente la velocidad del compresor de acuerdo con las necesidades de refrigeraci\u00f3n o calefacci\u00f3n, lo que resulta en un consumo energ\u00e9tico \u00f3ptimo y una mayor eficiencia.<\/p>\n<p><strong>Es extremadamente ligera y compacta<\/strong>, esto facilita su instalaci\u00f3n y transporte, ahorrando tiempo y esfuerzo en el proceso. Est\u00e1 dise\u00f1ada con los m\u00e1s altos est\u00e1ndares de calidad y durabilidad, asegurando un funcionamiento confiable y de larga duraci\u00f3n.<\/p>\n<p>La unidad exterior multisplit\u00a0permite una infinidad de combinaciones, hasta 5 unidades interiores y la posibilidad de combinar diferentes gamas de producto (conductos, suelo\/techo, consolas, cassettes y split pared).<\/p>\n<p><strong>10 a\u00f1os de garant\u00eda en el compresor.<\/strong><\/p>\n<p>Potencias disponibles: 4,1KW, 5,2KW, 6,1KW, 8KW, 8,2KW, 10,5KW, 12KW<\/p>\n<div class=\"divPictosEnergia\">[vc_single_image image=&#8217;10410&#8242; alignment=&#8217;center&#8217; woodmart_inline=&#8217;no&#8217; parallax_scroll=&#8217;no&#8217; el_class=&#8217;imgEnergia&#8217; img_size=&#8217;72&#215;36&#8242;][vc_single_image image=&#8217;10510&#8242; alignment=&#8217;center&#8217; woodmart_inline=&#8217;no&#8217; parallax_scroll=&#8217;no&#8217; el_class=&#8217;imgEnergia&#8217; img_size=&#8217;72&#215;36&#8242;][vc_single_image image=&#8217;10405&#8242; alignment=&#8217;center&#8217; woodmart_inline=&#8217;no&#8217; parallax_scroll=&#8217;no&#8217; el_class=&#8217;imgEnergia&#8217; img_size=&#8217;72&#215;36&#8242;]<\/div>\n<div class=\"pictosvoz\"><\/div>\n","protected":false},"featured_media":13074,"template":"","meta":{"_monsterinsights_skip_tracking":false,"_monsterinsights_sitenote_active":false,"_monsterinsights_sitenote_note":"","_monsterinsights_sitenote_category":0},"product_brand":[],"product_cat":[568,558],"product_tag":[],"class_list":{"0":"post-14029","1":"product","2":"type-product","3":"status-publish","4":"has-post-thumbnail","6":"product_cat-multisplit","7":"product_cat-splits","9":"first","10":"instock","11":"shipping-taxable","12":"product-type-simple"},"yoast_head":"<!-- This site is optimized with the Yoast SEO plugin v26.6 - https:\/\/yoast.com\/wordpress\/plugins\/seo\/ -->\n<title>UNIDAD EXTERIOR MULTISPLIT IX41B2<\/title>\n<meta name=\"description\" content=\"Equipada con la tecnolog\u00eda DC Inverter, esta unidad exterior garantiza un funcionamiento eficiente y ahorro energ\u00e9tico. El sistema ajusta autom\u00e1ticamente la velocidad del compresor de acuerdo con las necesidades de refrigeraci\u00f3n o calefacci\u00f3n, lo que resulta en un consumo energ\u00e9tico \u00f3ptimo y una mayor eficiencia.\" \/>\n<meta name=\"robots\" content=\"index, follow, max-snippet:-1, max-image-preview:large, max-video-preview:-1\" \/>\n<link rel=\"canonical\" href=\"https:\/\/giatsu.com\/es\/splits\/multisplit\/unidad-exterior-multisplit-ix41b2\/\" \/>\n<meta property=\"og:locale\" content=\"es_ES\" \/>\n<meta property=\"og:type\" content=\"article\" \/>\n<meta property=\"og:title\" content=\"UNIDAD EXTERIOR MULTISPLIT IX41B2\" \/>\n<meta property=\"og:description\" content=\"Equipada con la tecnolog\u00eda DC Inverter, esta unidad exterior garantiza un funcionamiento eficiente y ahorro energ\u00e9tico. El sistema ajusta autom\u00e1ticamente la velocidad del compresor de acuerdo con las necesidades de refrigeraci\u00f3n o calefacci\u00f3n, lo que resulta en un consumo energ\u00e9tico \u00f3ptimo y una mayor eficiencia.\" \/>\n<meta property=\"og:url\" content=\"https:\/\/giatsu.com\/es\/splits\/multisplit\/unidad-exterior-multisplit-ix41b2\/\" \/>\n<meta property=\"og:site_name\" content=\"GIATSU\" \/>\n<meta property=\"article:modified_time\" content=\"2026-02-13T07:48:11+00:00\" \/>\n<meta property=\"og:image\" content=\"https:\/\/giatsu.com\/wp-content\/uploads\/2025\/03\/ix41b2-frontal-4b9929.webp\" \/>\n\t<meta property=\"og:image:width\" content=\"500\" \/>\n\t<meta property=\"og:image:height\" content=\"500\" \/>\n\t<meta property=\"og:image:type\" content=\"image\/webp\" \/>\n<meta name=\"twitter:card\" content=\"summary_large_image\" \/>\n<meta name=\"twitter:label1\" content=\"Tiempo de lectura\" \/>\n\t<meta name=\"twitter:data1\" content=\"2 minutos\" \/>\n<script type=\"application\/ld+json\" class=\"yoast-schema-graph\">{\"@context\":\"https:\/\/schema.org\",\"@graph\":[{\"@type\":\"WebPage\",\"@id\":\"https:\/\/giatsu.com\/es\/splits\/multisplit\/unidad-exterior-multisplit-ix41b2\/\",\"url\":\"https:\/\/giatsu.com\/es\/splits\/multisplit\/unidad-exterior-multisplit-ix41b2\/\",\"name\":\"UNIDAD EXTERIOR MULTISPLIT IX41B2\",\"isPartOf\":{\"@id\":\"https:\/\/giatsu.com\/es\/#website\"},\"primaryImageOfPage\":{\"@id\":\"https:\/\/giatsu.com\/es\/splits\/multisplit\/unidad-exterior-multisplit-ix41b2\/#primaryimage\"},\"image\":{\"@id\":\"https:\/\/giatsu.com\/es\/splits\/multisplit\/unidad-exterior-multisplit-ix41b2\/#primaryimage\"},\"thumbnailUrl\":\"https:\/\/giatsu.com\/wp-content\/uploads\/2025\/03\/ix41b2-frontal-4b9929.webp\",\"datePublished\":\"2026-02-13T07:44:31+00:00\",\"dateModified\":\"2026-02-13T07:48:11+00:00\",\"description\":\"Equipada con la tecnolog\u00eda DC Inverter, esta unidad exterior garantiza un funcionamiento eficiente y ahorro energ\u00e9tico. El sistema ajusta autom\u00e1ticamente la velocidad del compresor de acuerdo con las necesidades de refrigeraci\u00f3n o calefacci\u00f3n, lo que resulta en un consumo energ\u00e9tico \u00f3ptimo y una mayor eficiencia.\",\"breadcrumb\":{\"@id\":\"https:\/\/giatsu.com\/es\/splits\/multisplit\/unidad-exterior-multisplit-ix41b2\/#breadcrumb\"},\"inLanguage\":\"es\",\"potentialAction\":[{\"@type\":\"ReadAction\",\"target\":[\"https:\/\/giatsu.com\/es\/splits\/multisplit\/unidad-exterior-multisplit-ix41b2\/\"]}]},{\"@type\":\"ImageObject\",\"inLanguage\":\"es\",\"@id\":\"https:\/\/giatsu.com\/es\/splits\/multisplit\/unidad-exterior-multisplit-ix41b2\/#primaryimage\",\"url\":\"https:\/\/giatsu.com\/wp-content\/uploads\/2025\/03\/ix41b2-frontal-4b9929.webp\",\"contentUrl\":\"https:\/\/giatsu.com\/wp-content\/uploads\/2025\/03\/ix41b2-frontal-4b9929.webp\",\"width\":500,\"height\":500},{\"@type\":\"BreadcrumbList\",\"@id\":\"https:\/\/giatsu.com\/es\/splits\/multisplit\/unidad-exterior-multisplit-ix41b2\/#breadcrumb\",\"itemListElement\":[{\"@type\":\"ListItem\",\"position\":1,\"name\":\"Home\",\"item\":\"https:\/\/giatsu.com\/es\/\"},{\"@type\":\"ListItem\",\"position\":2,\"name\":\"PRODUCTOS\",\"item\":\"https:\/\/giatsu.com\/es\/productos\/\"},{\"@type\":\"ListItem\",\"position\":3,\"name\":\"UNIDAD EXTERIOR MULTISPLIT IX41B2\"}]},{\"@type\":\"WebSite\",\"@id\":\"https:\/\/giatsu.com\/es\/#website\",\"url\":\"https:\/\/giatsu.com\/es\/\",\"name\":\"GIATSU\",\"description\":\"Quality Comfort Everywhere\",\"potentialAction\":[{\"@type\":\"SearchAction\",\"target\":{\"@type\":\"EntryPoint\",\"urlTemplate\":\"https:\/\/giatsu.com\/es\/?s={search_term_string}\"},\"query-input\":{\"@type\":\"PropertyValueSpecification\",\"valueRequired\":true,\"valueName\":\"search_term_string\"}}],\"inLanguage\":\"es\"}]}<\/script>\n<!-- \/ Yoast SEO plugin. -->","yoast_head_json":{"title":"UNIDAD EXTERIOR MULTISPLIT IX41B2","description":"Equipada con la tecnolog\u00eda DC Inverter, esta unidad exterior garantiza un funcionamiento eficiente y ahorro energ\u00e9tico. El sistema ajusta autom\u00e1ticamente la velocidad del compresor de acuerdo con las necesidades de refrigeraci\u00f3n o calefacci\u00f3n, lo que resulta en un consumo energ\u00e9tico \u00f3ptimo y una mayor eficiencia.","robots":{"index":"index","follow":"follow","max-snippet":"max-snippet:-1","max-image-preview":"max-image-preview:large","max-video-preview":"max-video-preview:-1"},"canonical":"https:\/\/giatsu.com\/es\/splits\/multisplit\/unidad-exterior-multisplit-ix41b2\/","og_locale":"es_ES","og_type":"article","og_title":"UNIDAD EXTERIOR MULTISPLIT IX41B2","og_description":"Equipada con la tecnolog\u00eda DC Inverter, esta unidad exterior garantiza un funcionamiento eficiente y ahorro energ\u00e9tico. El sistema ajusta autom\u00e1ticamente la velocidad del compresor de acuerdo con las necesidades de refrigeraci\u00f3n o calefacci\u00f3n, lo que resulta en un consumo energ\u00e9tico \u00f3ptimo y una mayor eficiencia.","og_url":"https:\/\/giatsu.com\/es\/splits\/multisplit\/unidad-exterior-multisplit-ix41b2\/","og_site_name":"GIATSU","article_modified_time":"2026-02-13T07:48:11+00:00","og_image":[{"width":500,"height":500,"url":"https:\/\/giatsu.com\/wp-content\/uploads\/2025\/03\/ix41b2-frontal-4b9929.webp","type":"image\/webp"}],"twitter_card":"summary_large_image","twitter_misc":{"Tiempo de lectura":"2 minutos"},"schema":{"@context":"https:\/\/schema.org","@graph":[{"@type":"WebPage","@id":"https:\/\/giatsu.com\/es\/splits\/multisplit\/unidad-exterior-multisplit-ix41b2\/","url":"https:\/\/giatsu.com\/es\/splits\/multisplit\/unidad-exterior-multisplit-ix41b2\/","name":"UNIDAD EXTERIOR MULTISPLIT IX41B2","isPartOf":{"@id":"https:\/\/giatsu.com\/es\/#website"},"primaryImageOfPage":{"@id":"https:\/\/giatsu.com\/es\/splits\/multisplit\/unidad-exterior-multisplit-ix41b2\/#primaryimage"},"image":{"@id":"https:\/\/giatsu.com\/es\/splits\/multisplit\/unidad-exterior-multisplit-ix41b2\/#primaryimage"},"thumbnailUrl":"https:\/\/giatsu.com\/wp-content\/uploads\/2025\/03\/ix41b2-frontal-4b9929.webp","datePublished":"2026-02-13T07:44:31+00:00","dateModified":"2026-02-13T07:48:11+00:00","description":"Equipada con la tecnolog\u00eda DC Inverter, esta unidad exterior garantiza un funcionamiento eficiente y ahorro energ\u00e9tico. El sistema ajusta autom\u00e1ticamente la velocidad del compresor de acuerdo con las necesidades de refrigeraci\u00f3n o calefacci\u00f3n, lo que resulta en un consumo energ\u00e9tico \u00f3ptimo y una mayor eficiencia.","breadcrumb":{"@id":"https:\/\/giatsu.com\/es\/splits\/multisplit\/unidad-exterior-multisplit-ix41b2\/#breadcrumb"},"inLanguage":"es","potentialAction":[{"@type":"ReadAction","target":["https:\/\/giatsu.com\/es\/splits\/multisplit\/unidad-exterior-multisplit-ix41b2\/"]}]},{"@type":"ImageObject","inLanguage":"es","@id":"https:\/\/giatsu.com\/es\/splits\/multisplit\/unidad-exterior-multisplit-ix41b2\/#primaryimage","url":"https:\/\/giatsu.com\/wp-content\/uploads\/2025\/03\/ix41b2-frontal-4b9929.webp","contentUrl":"https:\/\/giatsu.com\/wp-content\/uploads\/2025\/03\/ix41b2-frontal-4b9929.webp","width":500,"height":500},{"@type":"BreadcrumbList","@id":"https:\/\/giatsu.com\/es\/splits\/multisplit\/unidad-exterior-multisplit-ix41b2\/#breadcrumb","itemListElement":[{"@type":"ListItem","position":1,"name":"Home","item":"https:\/\/giatsu.com\/es\/"},{"@type":"ListItem","position":2,"name":"PRODUCTOS","item":"https:\/\/giatsu.com\/es\/productos\/"},{"@type":"ListItem","position":3,"name":"UNIDAD EXTERIOR MULTISPLIT IX41B2"}]},{"@type":"WebSite","@id":"https:\/\/giatsu.com\/es\/#website","url":"https:\/\/giatsu.com\/es\/","name":"GIATSU","description":"Quality Comfort Everywhere","potentialAction":[{"@type":"SearchAction","target":{"@type":"EntryPoint","urlTemplate":"https:\/\/giatsu.com\/es\/?s={search_term_string}"},"query-input":{"@type":"PropertyValueSpecification","valueRequired":true,"valueName":"search_term_string"}}],"inLanguage":"es"}]}},"_links":{"self":[{"href":"https:\/\/giatsu.com\/es\/wp-json\/wp\/v2\/product\/14029","targetHints":{"allow":["GET"]}}],"collection":[{"href":"https:\/\/giatsu.com\/es\/wp-json\/wp\/v2\/product"}],"about":[{"href":"https:\/\/giatsu.com\/es\/wp-json\/wp\/v2\/types\/product"}],"wp:featuredmedia":[{"embeddable":true,"href":"https:\/\/giatsu.com\/es\/wp-json\/wp\/v2\/media\/13074"}],"wp:attachment":[{"href":"https:\/\/giatsu.com\/es\/wp-json\/wp\/v2\/media?parent=14029"}],"wp:term":[{"taxonomy":"product_brand","embeddable":true,"href":"https:\/\/giatsu.com\/es\/wp-json\/wp\/v2\/product_brand?post=14029"},{"taxonomy":"product_cat","embeddable":true,"href":"https:\/\/giatsu.com\/es\/wp-json\/wp\/v2\/product_cat?post=14029"},{"taxonomy":"product_tag","embeddable":true,"href":"https:\/\/giatsu.com\/es\/wp-json\/wp\/v2\/product_tag?post=14029"}],"curies":[{"name":"wp","href":"https:\/\/api.w.org\/{rel}","templated":true}]}}