{"id":14025,"date":"2026-02-12T12:02:51","date_gmt":"2026-02-12T12:02:51","guid":{"rendered":"https:\/\/giatsu.com\/?post_type=product&#038;p=14025"},"modified":"2026-04-20T08:32:14","modified_gmt":"2026-04-20T08:32:14","slug":"aroma-plus-b","status":"publish","type":"product","link":"https:\/\/giatsu.com\/es\/splits\/splits-1x1\/aroma-plus-b\/","title":{"rendered":"AROMA PLUS B"},"content":{"rendered":"<div class=\"wpb-content-wrapper\"><div class=\"container mb-1 moduloprincipalespictos\">\n<h2 class=\"text-center tituloprincipales\">Caracter\u00edsticas principales<\/h2>\n<div class=\"row row-cols-1 row-cols-md-2 row-cols-xl-3\">\n<div class=\"col-xs-6 col-md-3 order-last\">\n<div class=\"card\">\n                            <img decoding=\"async\" class=\"card-img-top w-100 d-block fit-cover pictoprincipalgrande\" src=\"https:\/\/giatsu.com\/wp-content\/uploads\/2025\/03\/flujo-de-aire-3d-24d3af.webp\" \/><\/p>\n<div class=\"card-body p-4\">\n<h3 class=\"font-weight-bold card-title\">Flujo de aire 3D<\/h3>\n<p class=\"card-text\">Sistema que garantiza una distribuci\u00f3n uniforme que llega a todos los rincones.<\/p>\n<\/p><\/div><\/div><\/div>\n<div class=\"col-xs-6 col-md-3 order-last\">\n<div class=\"card\">\n                            <img decoding=\"async\" class=\"card-img-top w-100 d-block fit-cover pictoprincipalgrande\" src=\"https:\/\/giatsu.com\/wp-content\/uploads\/2025\/03\/acabado-mate-f6607d.webp\" \/><\/p>\n<div class=\"card-body p-4\">\n<h3 class=\"font-weight-bold card-title\">Acabado mate<\/h3>\n<p class=\"card-text\">El acabado mate con su textura suave, fusiona elegancia y originalidad con una est\u00e9tica moderna y discreta.<\/p>\n<\/p><\/div><\/div><\/div>\n<div class=\"col-xs-6 col-md-3 order-last\">\n<div class=\"card\">\n                            <img decoding=\"async\" class=\"card-img-top w-100 d-block fit-cover pictoprincipalgrande\" src=\"https:\/\/giatsu.com\/wp-content\/uploads\/2026\/02\/10-anos-de-garantia-796f57.webp\" \/><\/p>\n<div class=\"card-body p-4\">\n<h3 class=\"font-weight-bold card-title\">10 a\u00f1os de garant\u00eda<\/h3>\n<p class=\"card-text\">10 a\u00f1os de garant\u00eda en el compresor<\/p>\n<\/p><\/div><\/div><\/div>\n<div class=\"col-xs-6 col-md-3 order-last\">\n<div class=\"card\">\n                            <img decoding=\"async\" class=\"card-img-top w-100 d-block fit-cover pictoprincipalgrande\" src=\"https:\/\/giatsu.com\/wp-content\/uploads\/2026\/02\/facil-acceso-al-cableado-a0207f.webp\" \/><\/p>\n<div class=\"card-body p-4\">\n<h3 class=\"font-weight-bold card-title\">F\u00e1cil acceso al cableado<\/h3>\n<p class=\"card-text\">Accesibilidad para simplifica la instalaci\u00f3n y el mantenimiento del equipo.<\/p>\n<\/p><\/div><\/div><\/div>\n<div class=\"col-xs-6 col-md-3 order-last\">\n<div class=\"card\">\n                            <img decoding=\"async\" class=\"card-img-top w-100 d-block fit-cover pictoprincipalgrande\" src=\"https:\/\/giatsu.com\/wp-content\/uploads\/2026\/02\/pcb-extraible-328968.webp\" \/><\/p>\n<div class=\"card-body p-4\">\n<h3 class=\"font-weight-bold card-title\">PCB extraible<\/h3>\n<p class=\"card-text\">Facilita el mantenimiento y la sustituci\u00f3n r\u00e1pida de componentes electr\u00f3nicos.<\/p>\n<\/p><\/div><\/div><\/div>\n<div class=\"col-xs-6 col-md-3 order-last\">\n<div class=\"card\">\n                            <img decoding=\"async\" class=\"card-img-top w-100 d-block fit-cover pictoprincipalgrande\" src=\"https:\/\/giatsu.com\/wp-content\/uploads\/2026\/02\/inteligencia-artificial-a546c0.webp\" \/><\/p>\n<div class=\"card-body p-4\">\n<h3 class=\"font-weight-bold card-title\">Inteligencia Artificial<\/h3>\n<p class=\"card-text\">Utiliza inteligencia artificial para un funcionamiento m\u00e1s inteligente y adaptativo.<\/p>\n<\/p><\/div><\/div><\/div>\n<div class=\"col-xs-6 col-md-3 order-last\">\n<div class=\"card\">\n                            <img decoding=\"async\" class=\"card-img-top w-100 d-block fit-cover pictoprincipalgrande\" src=\"https:\/\/giatsu.com\/wp-content\/uploads\/2026\/02\/autolimpieza-a-56o-1ca4c4.webp\" \/><\/p>\n<div class=\"card-body p-4\">\n<h3 class=\"font-weight-bold card-title\">Auto-limpieza<\/h3>\n<p class=\"card-text\">El ventilador de la unidad interior dispone de un modo de rotaci\u00f3n inversa que le permite eliminar el agua condensada y polvo.<\/p>\n<\/p><\/div><\/div><\/div>\n<div class=\"col-xs-6 col-md-3 order-last\">\n<div class=\"card\">\n                            <img decoding=\"async\" class=\"card-img-top w-100 d-block fit-cover pictoprincipalgrande\" src=\"https:\/\/giatsu.com\/wp-content\/uploads\/2026\/02\/sensor-de-humedad-db4e0d.webp\" \/><\/p>\n<div class=\"card-body p-4\">\n<h3 class=\"font-weight-bold card-title\">Nivel de humedad ajustable<\/h3>\n<p class=\"card-text\">Reduce la cantidad de humedad en el aire hasta alcanzar el nivel de humedad deseado.<\/p>\n<\/p><\/div><\/div><\/div>\n<div class=\"col-xs-6 col-md-3 order-last\">\n<div class=\"card\">\n                            <img decoding=\"async\" class=\"card-img-top w-100 d-block fit-cover pictoprincipalgrande\" src=\"https:\/\/giatsu.com\/wp-content\/uploads\/2026\/02\/presion-sonora-19db-ab2bf5.webp\" \/><\/p>\n<div class=\"card-body p-4\">\n<h3 class=\"font-weight-bold card-title\">Presi\u00f3n sonora 19dB<\/h3>\n<p class=\"card-text\">Presi\u00f3n sonora m\u00ednima de la unidad.<\/p>\n<\/p><\/div><\/div><\/div><\/div><\/div>\n<hr>\n<p>        [vc_row mobile_bg_img_hidden=\u00bbno\u00bb tablet_bg_img_hidden=\u00bbno\u00bb woodmart_parallax=\u00bb0&#8243; woodmart_gradient_switch=\u00bbno\u00bb row_reverse_mobile=\u00bb0&#8243; row_reverse_tablet=\u00bb0&#8243; woodmart_disable_overflow=\u00bb0&#8243; el_class=\u00bbfilaImgCaracteristica\u00bb][vc_column mobile_bg_img_hidden=\u00bbno\u00bb tablet_bg_img_hidden=\u00bbno\u00bb woodmart_parallax=\u00bb0&#8243; woodmart_sticky_column=\u00bbfalse\u00bb parallax_scroll=\u00bbno\u00bb mobile_reset_margin=\u00bbno\u00bb tablet_reset_margin=\u00bbno\u00bb]<\/p>\n<div class=\"row justify-content-md-center\">\n<div class=\"vc_btn3-container vc_btn3-inline\" id=\"botonDescargarFicha\">\n                        <a target=\"_blank\" class=\"btn btn-light border rounded-4 botondescarga\" href=\"https:\/\/giatsu.com\/documentacion\/\/giatsu-fichas-tecnicas-split-pared-1x1-aroma-plus-b-espanol.pdf\" title=\"\">Descargar ficha t\u00e9cnica<\/a>\n                 <\/div><\/div>\n<\/div>","protected":false},"excerpt":{"rendered":"<p class=\"MsoNormal\"><strong>Split AROMA Plus B &ndash; Bienestar e innovaci&oacute;n en el hogar<\/strong><\/p>\n<p class=\"MsoNormal\">El&nbsp;<strong>Split AROMA Plus B<\/strong>&nbsp;est&aacute; dise&ntilde;ado para ofrecer una climatizaci&oacute;n m&aacute;s inteligente, eficiente y saludable en cualquier espacio. Gracias a la <strong>IA integrada<\/strong>,&nbsp;<strong>sensor de control de humedad<\/strong>&nbsp;y sistema de&nbsp;<strong>aire 3D<\/strong>, el equipo optimiza autom&aacute;ticamente el funcionamiento para mantener la temperatura ideal con el m&aacute;ximo confort.<\/p>\n<p class=\"MsoNormal\">Su&nbsp;<strong>panel mate<\/strong>&nbsp;aporta un dise&ntilde;o moderno y elegante, mientras que su funcionamiento&nbsp;<strong>ultrasilencioso de solo 19 dB<\/strong>&nbsp;permite disfrutar de un ambiente tranquilo en cualquier estancia.<\/p>\n<p class=\"MsoNormal\"><strong>Caracter&iacute;sticas destacadas<\/strong><\/p>\n<ul style=\"margin-top: 0cm\" type=\"disc\">\n<li class=\"MsoNormal\"><strong>Inteligencia Artificial<\/strong>&nbsp;para optimizar el rendimiento<\/li>\n<li class=\"MsoNormal\"><strong>Sensor de humedad<\/strong>&nbsp;para un mayor confort<\/li>\n<li class=\"MsoNormal\"><strong>Distribuci&oacute;n de aire 3D<\/strong>&nbsp;uniforme<\/li>\n<li class=\"MsoNormal\"><strong>Panel con acabado mate<\/strong>&nbsp;elegante<\/li>\n<li class=\"MsoNormal\"><strong>Funcionamiento silencioso<\/strong>&nbsp;desde 19 dB<\/li>\n<li class=\"MsoNormal\"><strong>Wifi incluido<\/strong>&nbsp;compatible con Alexa y Google Home<\/li>\n<li class=\"MsoNormal\"><strong>Control iFeel<\/strong>&nbsp;para una temperatura m&aacute;s precisa<\/li>\n<li class=\"MsoNormal\"><strong>Autolimpieza a 56&ordm;<\/strong>&nbsp;para un aire m&aacute;s saludable<\/li>\n<li class=\"MsoNormal\"><strong>Triple filtro<\/strong>: catalizador, carb&oacute;n activo e iones de plata para mejorar la calidad del aire<\/li>\n<li class=\"MsoNormal\"><strong>Golden Fin<\/strong>&nbsp;para mayor durabilidad del equipo<\/li>\n<li class=\"MsoNormal\"><strong>Placa electr&oacute;nica de alta fiabilidad<\/strong><\/li>\n<li class=\"MsoNormal\"><strong>PCB extra&iacute;ble y f&aacute;cil acceso al cableado<\/strong><\/li>\n<li class=\"MsoNormal\"><strong>Soporte de nivel incluido para instalaci&oacute;n<\/strong><\/li>\n<li class=\"MsoNormal\"><strong>10 a&ntilde;os de garant&iacute;a<\/strong><\/li>\n<\/ul>\n<div class='divPictosEnergia'>[vc_single_image image=&#8217;14073&#8242; alignment=&#8217;center&#8217; woodmart_inline=&#8217;no&#8217; parallax_scroll=&#8217;no&#8217; el_class=&#8217;imgEnergia&#8217; img_size=&#8217;72&#215;36&#8242;][vc_single_image image=&#8217;14068&#8242; alignment=&#8217;center&#8217; woodmart_inline=&#8217;no&#8217; parallax_scroll=&#8217;no&#8217; el_class=&#8217;imgEnergia&#8217; img_size=&#8217;72&#215;36&#8242;]<\/div>\n<div class='pictosvoz'>[vc_single_image image=&#8217;13599&#8242; alignment=&#8217;center&#8217; woodmart_inline=&#8217;no&#8217; parallax_scroll=&#8217;no&#8217; el_class=&#8217;imgEnergia&#8217; img_size=&#8217;65&#215;65&#8242;][vc_single_image image=&#8217;13604&#8242; alignment=&#8217;center&#8217; woodmart_inline=&#8217;no&#8217; parallax_scroll=&#8217;no&#8217; el_class=&#8217;imgEnergia&#8217; img_size=&#8217;65&#215;65&#8242;]<\/div>\n","protected":false},"featured_media":14112,"template":"","meta":{"_monsterinsights_skip_tracking":false,"_monsterinsights_sitenote_active":false,"_monsterinsights_sitenote_note":"","_monsterinsights_sitenote_category":0},"product_brand":[],"product_cat":[558,567],"product_tag":[672],"class_list":{"0":"post-14025","1":"product","2":"type-product","3":"status-publish","4":"has-post-thumbnail","6":"product_cat-splits","7":"product_cat-splits-1x1","8":"product_tag-split","10":"first","11":"instock","12":"shipping-taxable","13":"product-type-simple"},"yoast_head":"<!-- This site is optimized with the Yoast SEO plugin v27.4 - https:\/\/yoast.com\/product\/yoast-seo-wordpress\/ -->\n<title>Aire acondicionado Split Giatsu AROMA Plus B con WiFi, IA y triple filtro<\/title>\n<meta name=\"description\" content=\"El Split Giatsu AROMA Plus B ofrece climatizaci\u00f3n inteligente con IA, aire 3D, sensor de humedad, triple filtrado y WiFi compatible con Alexa y Google Home. Silencioso, eficiente y f\u00e1cil de instalar.\" \/>\n<meta name=\"robots\" content=\"index, follow, max-snippet:-1, max-image-preview:large, max-video-preview:-1\" \/>\n<link rel=\"canonical\" href=\"https:\/\/giatsu.com\/es\/splits\/splits-1x1\/aroma-plus-b\/\" \/>\n<meta property=\"og:locale\" content=\"es_ES\" \/>\n<meta property=\"og:type\" content=\"article\" \/>\n<meta property=\"og:title\" content=\"Aire acondicionado Split Giatsu AROMA Plus B con WiFi, IA y triple filtro\" \/>\n<meta property=\"og:description\" content=\"El Split Giatsu AROMA Plus B ofrece climatizaci\u00f3n inteligente con IA, aire 3D, sensor de humedad, triple filtrado y WiFi compatible con Alexa y Google Home. Silencioso, eficiente y f\u00e1cil de instalar.\" \/>\n<meta property=\"og:url\" content=\"https:\/\/giatsu.com\/es\/splits\/splits-1x1\/aroma-plus-b\/\" \/>\n<meta property=\"og:site_name\" content=\"GIATSU\" \/>\n<meta property=\"article:modified_time\" content=\"2026-04-20T08:32:14+00:00\" \/>\n<meta property=\"og:image\" content=\"https:\/\/giatsu.com\/wp-content\/uploads\/2026\/02\/aroma-plus-b-9c1037.webp\" \/>\n\t<meta property=\"og:image:width\" content=\"2000\" \/>\n\t<meta property=\"og:image:height\" content=\"2000\" \/>\n\t<meta property=\"og:image:type\" content=\"image\/webp\" \/>\n<meta name=\"twitter:card\" content=\"summary_large_image\" \/>\n<meta name=\"twitter:label1\" content=\"Tiempo de lectura\" \/>\n\t<meta name=\"twitter:data1\" content=\"1 minuto\" \/>\n<script type=\"application\/ld+json\" class=\"yoast-schema-graph\">{\"@context\":\"https:\\\/\\\/schema.org\",\"@graph\":[{\"@type\":\"WebPage\",\"@id\":\"https:\\\/\\\/giatsu.com\\\/es\\\/splits\\\/splits-1x1\\\/aroma-plus-b\\\/\",\"url\":\"https:\\\/\\\/giatsu.com\\\/es\\\/splits\\\/splits-1x1\\\/aroma-plus-b\\\/\",\"name\":\"Aire acondicionado Split Giatsu AROMA Plus B con WiFi, IA y triple filtro\",\"isPartOf\":{\"@id\":\"https:\\\/\\\/giatsu.com\\\/es\\\/#website\"},\"primaryImageOfPage\":{\"@id\":\"https:\\\/\\\/giatsu.com\\\/es\\\/splits\\\/splits-1x1\\\/aroma-plus-b\\\/#primaryimage\"},\"image\":{\"@id\":\"https:\\\/\\\/giatsu.com\\\/es\\\/splits\\\/splits-1x1\\\/aroma-plus-b\\\/#primaryimage\"},\"thumbnailUrl\":\"https:\\\/\\\/giatsu.com\\\/wp-content\\\/uploads\\\/2026\\\/02\\\/aroma-plus-b-9c1037.webp\",\"datePublished\":\"2026-02-12T12:02:51+00:00\",\"dateModified\":\"2026-04-20T08:32:14+00:00\",\"description\":\"El Split Giatsu AROMA Plus B ofrece climatizaci\u00f3n inteligente con IA, aire 3D, sensor de humedad, triple filtrado y WiFi compatible con Alexa y Google Home. Silencioso, eficiente y f\u00e1cil de instalar.\",\"breadcrumb\":{\"@id\":\"https:\\\/\\\/giatsu.com\\\/es\\\/splits\\\/splits-1x1\\\/aroma-plus-b\\\/#breadcrumb\"},\"inLanguage\":\"es\",\"potentialAction\":[{\"@type\":\"ReadAction\",\"target\":[\"https:\\\/\\\/giatsu.com\\\/es\\\/splits\\\/splits-1x1\\\/aroma-plus-b\\\/\"]}]},{\"@type\":\"ImageObject\",\"inLanguage\":\"es\",\"@id\":\"https:\\\/\\\/giatsu.com\\\/es\\\/splits\\\/splits-1x1\\\/aroma-plus-b\\\/#primaryimage\",\"url\":\"https:\\\/\\\/giatsu.com\\\/wp-content\\\/uploads\\\/2026\\\/02\\\/aroma-plus-b-9c1037.webp\",\"contentUrl\":\"https:\\\/\\\/giatsu.com\\\/wp-content\\\/uploads\\\/2026\\\/02\\\/aroma-plus-b-9c1037.webp\",\"width\":2000,\"height\":2000},{\"@type\":\"BreadcrumbList\",\"@id\":\"https:\\\/\\\/giatsu.com\\\/es\\\/splits\\\/splits-1x1\\\/aroma-plus-b\\\/#breadcrumb\",\"itemListElement\":[{\"@type\":\"ListItem\",\"position\":1,\"name\":\"Home\",\"item\":\"https:\\\/\\\/giatsu.com\\\/es\\\/\"},{\"@type\":\"ListItem\",\"position\":2,\"name\":\"PRODUCTOS\",\"item\":\"https:\\\/\\\/giatsu.com\\\/es\\\/productos\\\/\"},{\"@type\":\"ListItem\",\"position\":3,\"name\":\"AROMA PLUS B\"}]},{\"@type\":\"WebSite\",\"@id\":\"https:\\\/\\\/giatsu.com\\\/es\\\/#website\",\"url\":\"https:\\\/\\\/giatsu.com\\\/es\\\/\",\"name\":\"GIATSU\",\"description\":\"Quality Comfort Everywhere\",\"potentialAction\":[{\"@type\":\"SearchAction\",\"target\":{\"@type\":\"EntryPoint\",\"urlTemplate\":\"https:\\\/\\\/giatsu.com\\\/es\\\/?s={search_term_string}\"},\"query-input\":{\"@type\":\"PropertyValueSpecification\",\"valueRequired\":true,\"valueName\":\"search_term_string\"}}],\"inLanguage\":\"es\"}]}<\/script>\n<!-- \/ Yoast SEO plugin. -->","yoast_head_json":{"title":"Aire acondicionado Split Giatsu AROMA Plus B con WiFi, IA y triple filtro","description":"El Split Giatsu AROMA Plus B ofrece climatizaci\u00f3n inteligente con IA, aire 3D, sensor de humedad, triple filtrado y WiFi compatible con Alexa y Google Home. Silencioso, eficiente y f\u00e1cil de instalar.","robots":{"index":"index","follow":"follow","max-snippet":"max-snippet:-1","max-image-preview":"max-image-preview:large","max-video-preview":"max-video-preview:-1"},"canonical":"https:\/\/giatsu.com\/es\/splits\/splits-1x1\/aroma-plus-b\/","og_locale":"es_ES","og_type":"article","og_title":"Aire acondicionado Split Giatsu AROMA Plus B con WiFi, IA y triple filtro","og_description":"El Split Giatsu AROMA Plus B ofrece climatizaci\u00f3n inteligente con IA, aire 3D, sensor de humedad, triple filtrado y WiFi compatible con Alexa y Google Home. Silencioso, eficiente y f\u00e1cil de instalar.","og_url":"https:\/\/giatsu.com\/es\/splits\/splits-1x1\/aroma-plus-b\/","og_site_name":"GIATSU","article_modified_time":"2026-04-20T08:32:14+00:00","og_image":[{"width":2000,"height":2000,"url":"https:\/\/giatsu.com\/wp-content\/uploads\/2026\/02\/aroma-plus-b-9c1037.webp","type":"image\/webp"}],"twitter_card":"summary_large_image","twitter_misc":{"Tiempo de lectura":"1 minuto"},"schema":{"@context":"https:\/\/schema.org","@graph":[{"@type":"WebPage","@id":"https:\/\/giatsu.com\/es\/splits\/splits-1x1\/aroma-plus-b\/","url":"https:\/\/giatsu.com\/es\/splits\/splits-1x1\/aroma-plus-b\/","name":"Aire acondicionado Split Giatsu AROMA Plus B con WiFi, IA y triple filtro","isPartOf":{"@id":"https:\/\/giatsu.com\/es\/#website"},"primaryImageOfPage":{"@id":"https:\/\/giatsu.com\/es\/splits\/splits-1x1\/aroma-plus-b\/#primaryimage"},"image":{"@id":"https:\/\/giatsu.com\/es\/splits\/splits-1x1\/aroma-plus-b\/#primaryimage"},"thumbnailUrl":"https:\/\/giatsu.com\/wp-content\/uploads\/2026\/02\/aroma-plus-b-9c1037.webp","datePublished":"2026-02-12T12:02:51+00:00","dateModified":"2026-04-20T08:32:14+00:00","description":"El Split Giatsu AROMA Plus B ofrece climatizaci\u00f3n inteligente con IA, aire 3D, sensor de humedad, triple filtrado y WiFi compatible con Alexa y Google Home. Silencioso, eficiente y f\u00e1cil de instalar.","breadcrumb":{"@id":"https:\/\/giatsu.com\/es\/splits\/splits-1x1\/aroma-plus-b\/#breadcrumb"},"inLanguage":"es","potentialAction":[{"@type":"ReadAction","target":["https:\/\/giatsu.com\/es\/splits\/splits-1x1\/aroma-plus-b\/"]}]},{"@type":"ImageObject","inLanguage":"es","@id":"https:\/\/giatsu.com\/es\/splits\/splits-1x1\/aroma-plus-b\/#primaryimage","url":"https:\/\/giatsu.com\/wp-content\/uploads\/2026\/02\/aroma-plus-b-9c1037.webp","contentUrl":"https:\/\/giatsu.com\/wp-content\/uploads\/2026\/02\/aroma-plus-b-9c1037.webp","width":2000,"height":2000},{"@type":"BreadcrumbList","@id":"https:\/\/giatsu.com\/es\/splits\/splits-1x1\/aroma-plus-b\/#breadcrumb","itemListElement":[{"@type":"ListItem","position":1,"name":"Home","item":"https:\/\/giatsu.com\/es\/"},{"@type":"ListItem","position":2,"name":"PRODUCTOS","item":"https:\/\/giatsu.com\/es\/productos\/"},{"@type":"ListItem","position":3,"name":"AROMA PLUS B"}]},{"@type":"WebSite","@id":"https:\/\/giatsu.com\/es\/#website","url":"https:\/\/giatsu.com\/es\/","name":"GIATSU","description":"Quality Comfort Everywhere","potentialAction":[{"@type":"SearchAction","target":{"@type":"EntryPoint","urlTemplate":"https:\/\/giatsu.com\/es\/?s={search_term_string}"},"query-input":{"@type":"PropertyValueSpecification","valueRequired":true,"valueName":"search_term_string"}}],"inLanguage":"es"}]}},"_links":{"self":[{"href":"https:\/\/giatsu.com\/es\/wp-json\/wp\/v2\/product\/14025","targetHints":{"allow":["GET"]}}],"collection":[{"href":"https:\/\/giatsu.com\/es\/wp-json\/wp\/v2\/product"}],"about":[{"href":"https:\/\/giatsu.com\/es\/wp-json\/wp\/v2\/types\/product"}],"wp:featuredmedia":[{"embeddable":true,"href":"https:\/\/giatsu.com\/es\/wp-json\/wp\/v2\/media\/14112"}],"wp:attachment":[{"href":"https:\/\/giatsu.com\/es\/wp-json\/wp\/v2\/media?parent=14025"}],"wp:term":[{"taxonomy":"product_brand","embeddable":true,"href":"https:\/\/giatsu.com\/es\/wp-json\/wp\/v2\/product_brand?post=14025"},{"taxonomy":"product_cat","embeddable":true,"href":"https:\/\/giatsu.com\/es\/wp-json\/wp\/v2\/product_cat?post=14025"},{"taxonomy":"product_tag","embeddable":true,"href":"https:\/\/giatsu.com\/es\/wp-json\/wp\/v2\/product_tag?post=14025"}],"curies":[{"name":"wp","href":"https:\/\/api.w.org\/{rel}","templated":true}]}}