{"id":14024,"date":"2026-02-12T12:02:49","date_gmt":"2026-02-12T12:02:49","guid":{"rendered":"https:\/\/giatsu.com\/?post_type=product&#038;p=14024"},"modified":"2026-04-21T06:35:44","modified_gmt":"2026-04-21T06:35:44","slug":"aroma-3","status":"publish","type":"product","link":"https:\/\/giatsu.com\/es\/splits\/splits-1x1\/aroma-3\/","title":{"rendered":"AROMA 3"},"content":{"rendered":"<div class=\"wpb-content-wrapper\"><div class=\"container mb-1 moduloprincipalespictos\">\n<h2 class=\"text-center tituloprincipales\">Caracter\u00edsticas principales<\/h2>\n<div class=\"row row-cols-1 row-cols-md-2 row-cols-xl-3\">\n<div class=\"col-xs-6 col-md-3 order-last\">\n<div class=\"card\">\n                            <img decoding=\"async\" class=\"card-img-top w-100 d-block fit-cover pictoprincipalgrande\" src=\"https:\/\/giatsu.com\/wp-content\/uploads\/2026\/04\/wifi-incluido-b76275.webp\" \/><\/p>\n<div class=\"card-body p-4\">\n<h3 class=\"font-weight-bold card-title\">Wifi incluido<\/h3>\n<p class=\"card-text\">A trav\u00e9s de la aplicaci\u00f3n GIApp se puede controlar el equipo desde un smartphone, tablet o por voz con Alexa y Google Home.<\/p>\n<\/p><\/div><\/div><\/div>\n<div class=\"col-xs-6 col-md-3 order-last\">\n<div class=\"card\">\n                            <img decoding=\"async\" class=\"card-img-top w-100 d-block fit-cover pictoprincipalgrande\" src=\"https:\/\/giatsu.com\/wp-content\/uploads\/2026\/02\/presion-sonora-19db-ab2bf5.webp\" \/><\/p>\n<div class=\"card-body p-4\">\n<h3 class=\"font-weight-bold card-title\">Presi\u00f3n sonora 19dB<\/h3>\n<p class=\"card-text\">Presi\u00f3n sonora m\u00ednima de la unidad.<\/p>\n<\/p><\/div><\/div><\/div>\n<div class=\"col-xs-6 col-md-3 order-last\">\n<div class=\"card\">\n                            <img decoding=\"async\" class=\"card-img-top w-100 d-block fit-cover pictoprincipalgrande\" src=\"https:\/\/giatsu.com\/wp-content\/uploads\/2026\/02\/autolimpieza-a-56o-1ca4c4.webp\" \/><\/p>\n<div class=\"card-body p-4\">\n<h3 class=\"font-weight-bold card-title\">Auto-limpieza<\/h3>\n<p class=\"card-text\">El ventilador de la unidad interior dispone de un modo de rotaci\u00f3n inversa que le permite eliminar el agua condensada y polvo.<\/p>\n<\/p><\/div><\/div><\/div>\n<div class=\"col-xs-6 col-md-3 order-last\">\n<div class=\"card\">\n                            <img decoding=\"async\" class=\"card-img-top w-100 d-block fit-cover pictoprincipalgrande\" src=\"https:\/\/giatsu.com\/wp-content\/uploads\/2026\/02\/inteligencia-artificial-a546c0.webp\" \/><\/p>\n<div class=\"card-body p-4\">\n<h3 class=\"font-weight-bold card-title\">Inteligencia Artificial<\/h3>\n<p class=\"card-text\">Utiliza inteligencia artificial para un funcionamiento m\u00e1s inteligente y adaptativo.<\/p>\n<\/p><\/div><\/div><\/div>\n<div class=\"col-xs-6 col-md-3 order-last\">\n<div class=\"card\">\n                            <img decoding=\"async\" class=\"card-img-top w-100 d-block fit-cover pictoprincipalgrande\" src=\"https:\/\/giatsu.com\/wp-content\/uploads\/2026\/02\/pcb-extraible-328968.webp\" \/><\/p>\n<div class=\"card-body p-4\">\n<h3 class=\"font-weight-bold card-title\">PCB extraible<\/h3>\n<p class=\"card-text\">Facilita el mantenimiento y la sustituci\u00f3n r\u00e1pida de componentes electr\u00f3nicos.<\/p>\n<\/p><\/div><\/div><\/div>\n<div class=\"col-xs-6 col-md-3 order-last\">\n<div class=\"card\">\n                            <img decoding=\"async\" class=\"card-img-top w-100 d-block fit-cover pictoprincipalgrande\" src=\"https:\/\/giatsu.com\/wp-content\/uploads\/2026\/02\/facil-acceso-al-cableado-a0207f.webp\" \/><\/p>\n<div class=\"card-body p-4\">\n<h3 class=\"font-weight-bold card-title\">F\u00e1cil acceso al cableado<\/h3>\n<p class=\"card-text\">Accesibilidad para simplifica la instalaci\u00f3n y el mantenimiento del equipo.<\/p>\n<\/p><\/div><\/div><\/div>\n<div class=\"col-xs-6 col-md-3 order-last\">\n<div class=\"card\">\n                            <img decoding=\"async\" class=\"card-img-top w-100 d-block fit-cover pictoprincipalgrande\" src=\"https:\/\/giatsu.com\/wp-content\/uploads\/2026\/02\/soporte-de-pared-con-nivel-incorporado-25d944.webp\" \/><\/p>\n<div class=\"card-body p-4\">\n<h3 class=\"font-weight-bold card-title\">Soporte de pared con nivel incorporado<\/h3>\n<p class=\"card-text\">Incorpora nivelador en el soporte para facilitar la instalaci\u00f3n horizontal del equipo.<\/p>\n<\/p><\/div><\/div><\/div><\/div><\/div>\n<hr>\n<p>        [vc_row mobile_bg_img_hidden=\u00bbno\u00bb tablet_bg_img_hidden=\u00bbno\u00bb woodmart_parallax=\u00bb0&#8243; woodmart_gradient_switch=\u00bbno\u00bb row_reverse_mobile=\u00bb0&#8243; row_reverse_tablet=\u00bb0&#8243; woodmart_disable_overflow=\u00bb0&#8243; el_class=\u00bbfilaImgCaracteristica\u00bb][vc_column mobile_bg_img_hidden=\u00bbno\u00bb tablet_bg_img_hidden=\u00bbno\u00bb woodmart_parallax=\u00bb0&#8243; woodmart_sticky_column=\u00bbfalse\u00bb parallax_scroll=\u00bbno\u00bb mobile_reset_margin=\u00bbno\u00bb tablet_reset_margin=\u00bbno\u00bb]<\/p>\n<div class=\"row justify-content-md-center\">\n<div class=\"vc_btn3-container vc_btn3-inline\" id=\"botonDescargarFicha\">\n                        <a target=\"_blank\" class=\"btn btn-light border rounded-4 botondescarga\" href=\"https:\/\/giatsu.com\/documentacion\/\/giatsu-fichas-tecnicas-split-pared-1x1-aroma-3-espanol.pdf\" title=\"\">Descargar ficha t\u00e9cnica<\/a>\n                 <\/div><\/div>\n<\/div>","protected":false},"excerpt":{"rendered":"<p><span style=\"font-size: inherit\">El Split AROMA 3 combina innovaci&oacute;n y comodidad gracias a su configuraci&oacute;n wifi integrada, inteligencia artificial y funciones que facilitan el confort y la eficiencia energ&eacute;tica.<\/span><\/p>\n<p><span style=\"font-size: inherit\">El equipo incorpora funciones inteligentes como el modo ECO +IA o la auto limpieza a 56&ordm; para optimizar el rendimiento energ&eacute;tico del split y prolongar su vida &uacute;til. Dispone de un soporte de pared con nivel incorporado, PCB extra&iacute;ble y f&aacute;cil acceso al cableado para facilitar la instalaci&oacute;n y el mantenimiento.&nbsp;<\/span><\/p>\n<p><span style=\"font-size: inherit\"><strong>Caracter&iacute;sticas destacadas:<\/strong><\/span><\/p>\n<ul>\n<li><strong>Alta eficiencia energ&eacute;tica<\/strong>: A+++ SEER y A+++ SCOP<\/li>\n<li><strong>Placa electr&oacute;nica de alta fiabilidad<\/strong><\/li>\n<li><strong>Auto limpieza a 56&ordm;<\/strong> y soporte de nivel<\/li>\n<li><strong>Dise&ntilde;o silencioso<\/strong>: s&oacute;lo 19 dB<\/li>\n<li><strong>F&aacute;cil mantenimiento<\/strong> gracias a PCB extra&iacute;ble y acceso cableado<\/li>\n<li><strong>Wifi integrado<\/strong>: controla encendido, apagado, temporizador y m&aacute;s desde cualquier lugar<\/li>\n<li><strong>Compatible con Google Home y Alexa<\/strong><\/li>\n<li><strong>Triple filtro Golden Film<\/strong>: elimina polvo, al&eacute;rgenos y olores<\/li>\n<\/ul>\n<p>&nbsp;<\/p>\n<p><span style=\"font-size: inherit\"><strong>Potencias disponibles:<\/strong> 2,6?kW, 3,5?kW, 5,2?kW y 7,1?kW<\/span><\/p>\n<div class='pictosvoz'>[vc_single_image image=&#8217;13599&#8242; alignment=&#8217;center&#8217; woodmart_inline=&#8217;no&#8217; parallax_scroll=&#8217;no&#8217; el_class=&#8217;imgEnergia&#8217; img_size=&#8217;65&#215;65&#8242;][vc_single_image image=&#8217;13604&#8242; alignment=&#8217;center&#8217; woodmart_inline=&#8217;no&#8217; parallax_scroll=&#8217;no&#8217; el_class=&#8217;imgEnergia&#8217; img_size=&#8217;65&#215;65&#8242;]<\/div>\n","protected":false},"featured_media":14033,"template":"","meta":{"_monsterinsights_skip_tracking":false,"_monsterinsights_sitenote_active":false,"_monsterinsights_sitenote_note":"","_monsterinsights_sitenote_category":0},"product_brand":[],"product_cat":[558,567],"product_tag":[672],"class_list":{"0":"post-14024","1":"product","2":"type-product","3":"status-publish","4":"has-post-thumbnail","6":"product_cat-splits","7":"product_cat-splits-1x1","8":"product_tag-split","10":"first","11":"instock","12":"shipping-taxable","13":"product-type-simple"},"yoast_head":"<!-- This site is optimized with the Yoast SEO plugin v27.4 - https:\/\/yoast.com\/product\/yoast-seo-wordpress\/ -->\n<title>Split AROMA 3 Giatsu ? Aire Acondicionado Inteligente, Silencioso y A+++<\/title>\n<meta name=\"description\" content=\"Disfruta del confort total con el Split AROMA 3 de Giatsu. Triple filtro Golden Film, aire 3D, auto limpieza 56\u00ba, WiFi compatible con Alexa y Google Home, y eficiencia A+++ SEER\/SCOP. Silencioso y f\u00e1cil de mantener.\" \/>\n<meta name=\"robots\" content=\"index, follow, max-snippet:-1, max-image-preview:large, max-video-preview:-1\" \/>\n<link rel=\"canonical\" href=\"https:\/\/giatsu.com\/es\/splits\/splits-1x1\/aroma-3\/\" \/>\n<meta property=\"og:locale\" content=\"es_ES\" \/>\n<meta property=\"og:type\" content=\"article\" \/>\n<meta property=\"og:title\" content=\"Split AROMA 3 Giatsu ? Aire Acondicionado Inteligente, Silencioso y A+++\" \/>\n<meta property=\"og:description\" content=\"Disfruta del confort total con el Split AROMA 3 de Giatsu. Triple filtro Golden Film, aire 3D, auto limpieza 56\u00ba, WiFi compatible con Alexa y Google Home, y eficiencia A+++ SEER\/SCOP. Silencioso y f\u00e1cil de mantener.\" \/>\n<meta property=\"og:url\" content=\"https:\/\/giatsu.com\/es\/splits\/splits-1x1\/aroma-3\/\" \/>\n<meta property=\"og:site_name\" content=\"GIATSU\" \/>\n<meta property=\"article:modified_time\" content=\"2026-04-21T06:35:44+00:00\" \/>\n<meta property=\"og:image\" content=\"https:\/\/giatsu.com\/wp-content\/uploads\/2026\/02\/aroma-3-075ef3.webp\" \/>\n\t<meta property=\"og:image:width\" content=\"2000\" \/>\n\t<meta property=\"og:image:height\" content=\"2000\" \/>\n\t<meta property=\"og:image:type\" content=\"image\/webp\" \/>\n<meta name=\"twitter:card\" content=\"summary_large_image\" \/>\n<meta name=\"twitter:label1\" content=\"Tiempo de lectura\" \/>\n\t<meta name=\"twitter:data1\" content=\"1 minuto\" \/>\n<script type=\"application\/ld+json\" class=\"yoast-schema-graph\">{\"@context\":\"https:\\\/\\\/schema.org\",\"@graph\":[{\"@type\":\"WebPage\",\"@id\":\"https:\\\/\\\/giatsu.com\\\/es\\\/splits\\\/splits-1x1\\\/aroma-3\\\/\",\"url\":\"https:\\\/\\\/giatsu.com\\\/es\\\/splits\\\/splits-1x1\\\/aroma-3\\\/\",\"name\":\"Split AROMA 3 Giatsu ? Aire Acondicionado Inteligente, Silencioso y A+++\",\"isPartOf\":{\"@id\":\"https:\\\/\\\/giatsu.com\\\/es\\\/#website\"},\"primaryImageOfPage\":{\"@id\":\"https:\\\/\\\/giatsu.com\\\/es\\\/splits\\\/splits-1x1\\\/aroma-3\\\/#primaryimage\"},\"image\":{\"@id\":\"https:\\\/\\\/giatsu.com\\\/es\\\/splits\\\/splits-1x1\\\/aroma-3\\\/#primaryimage\"},\"thumbnailUrl\":\"https:\\\/\\\/giatsu.com\\\/wp-content\\\/uploads\\\/2026\\\/02\\\/aroma-3-075ef3.webp\",\"datePublished\":\"2026-02-12T12:02:49+00:00\",\"dateModified\":\"2026-04-21T06:35:44+00:00\",\"description\":\"Disfruta del confort total con el Split AROMA 3 de Giatsu. Triple filtro Golden Film, aire 3D, auto limpieza 56\u00ba, WiFi compatible con Alexa y Google Home, y eficiencia A+++ SEER\\\/SCOP. Silencioso y f\u00e1cil de mantener.\",\"breadcrumb\":{\"@id\":\"https:\\\/\\\/giatsu.com\\\/es\\\/splits\\\/splits-1x1\\\/aroma-3\\\/#breadcrumb\"},\"inLanguage\":\"es\",\"potentialAction\":[{\"@type\":\"ReadAction\",\"target\":[\"https:\\\/\\\/giatsu.com\\\/es\\\/splits\\\/splits-1x1\\\/aroma-3\\\/\"]}]},{\"@type\":\"ImageObject\",\"inLanguage\":\"es\",\"@id\":\"https:\\\/\\\/giatsu.com\\\/es\\\/splits\\\/splits-1x1\\\/aroma-3\\\/#primaryimage\",\"url\":\"https:\\\/\\\/giatsu.com\\\/wp-content\\\/uploads\\\/2026\\\/02\\\/aroma-3-075ef3.webp\",\"contentUrl\":\"https:\\\/\\\/giatsu.com\\\/wp-content\\\/uploads\\\/2026\\\/02\\\/aroma-3-075ef3.webp\",\"width\":2000,\"height\":2000},{\"@type\":\"BreadcrumbList\",\"@id\":\"https:\\\/\\\/giatsu.com\\\/es\\\/splits\\\/splits-1x1\\\/aroma-3\\\/#breadcrumb\",\"itemListElement\":[{\"@type\":\"ListItem\",\"position\":1,\"name\":\"Home\",\"item\":\"https:\\\/\\\/giatsu.com\\\/es\\\/\"},{\"@type\":\"ListItem\",\"position\":2,\"name\":\"PRODUCTOS\",\"item\":\"https:\\\/\\\/giatsu.com\\\/es\\\/productos\\\/\"},{\"@type\":\"ListItem\",\"position\":3,\"name\":\"AROMA 3\"}]},{\"@type\":\"WebSite\",\"@id\":\"https:\\\/\\\/giatsu.com\\\/es\\\/#website\",\"url\":\"https:\\\/\\\/giatsu.com\\\/es\\\/\",\"name\":\"GIATSU\",\"description\":\"Quality Comfort Everywhere\",\"potentialAction\":[{\"@type\":\"SearchAction\",\"target\":{\"@type\":\"EntryPoint\",\"urlTemplate\":\"https:\\\/\\\/giatsu.com\\\/es\\\/?s={search_term_string}\"},\"query-input\":{\"@type\":\"PropertyValueSpecification\",\"valueRequired\":true,\"valueName\":\"search_term_string\"}}],\"inLanguage\":\"es\"}]}<\/script>\n<!-- \/ Yoast SEO plugin. -->","yoast_head_json":{"title":"Split AROMA 3 Giatsu ? Aire Acondicionado Inteligente, Silencioso y A+++","description":"Disfruta del confort total con el Split AROMA 3 de Giatsu. Triple filtro Golden Film, aire 3D, auto limpieza 56\u00ba, WiFi compatible con Alexa y Google Home, y eficiencia A+++ SEER\/SCOP. Silencioso y f\u00e1cil de mantener.","robots":{"index":"index","follow":"follow","max-snippet":"max-snippet:-1","max-image-preview":"max-image-preview:large","max-video-preview":"max-video-preview:-1"},"canonical":"https:\/\/giatsu.com\/es\/splits\/splits-1x1\/aroma-3\/","og_locale":"es_ES","og_type":"article","og_title":"Split AROMA 3 Giatsu ? Aire Acondicionado Inteligente, Silencioso y A+++","og_description":"Disfruta del confort total con el Split AROMA 3 de Giatsu. Triple filtro Golden Film, aire 3D, auto limpieza 56\u00ba, WiFi compatible con Alexa y Google Home, y eficiencia A+++ SEER\/SCOP. Silencioso y f\u00e1cil de mantener.","og_url":"https:\/\/giatsu.com\/es\/splits\/splits-1x1\/aroma-3\/","og_site_name":"GIATSU","article_modified_time":"2026-04-21T06:35:44+00:00","og_image":[{"width":2000,"height":2000,"url":"https:\/\/giatsu.com\/wp-content\/uploads\/2026\/02\/aroma-3-075ef3.webp","type":"image\/webp"}],"twitter_card":"summary_large_image","twitter_misc":{"Tiempo de lectura":"1 minuto"},"schema":{"@context":"https:\/\/schema.org","@graph":[{"@type":"WebPage","@id":"https:\/\/giatsu.com\/es\/splits\/splits-1x1\/aroma-3\/","url":"https:\/\/giatsu.com\/es\/splits\/splits-1x1\/aroma-3\/","name":"Split AROMA 3 Giatsu ? Aire Acondicionado Inteligente, Silencioso y A+++","isPartOf":{"@id":"https:\/\/giatsu.com\/es\/#website"},"primaryImageOfPage":{"@id":"https:\/\/giatsu.com\/es\/splits\/splits-1x1\/aroma-3\/#primaryimage"},"image":{"@id":"https:\/\/giatsu.com\/es\/splits\/splits-1x1\/aroma-3\/#primaryimage"},"thumbnailUrl":"https:\/\/giatsu.com\/wp-content\/uploads\/2026\/02\/aroma-3-075ef3.webp","datePublished":"2026-02-12T12:02:49+00:00","dateModified":"2026-04-21T06:35:44+00:00","description":"Disfruta del confort total con el Split AROMA 3 de Giatsu. Triple filtro Golden Film, aire 3D, auto limpieza 56\u00ba, WiFi compatible con Alexa y Google Home, y eficiencia A+++ SEER\/SCOP. Silencioso y f\u00e1cil de mantener.","breadcrumb":{"@id":"https:\/\/giatsu.com\/es\/splits\/splits-1x1\/aroma-3\/#breadcrumb"},"inLanguage":"es","potentialAction":[{"@type":"ReadAction","target":["https:\/\/giatsu.com\/es\/splits\/splits-1x1\/aroma-3\/"]}]},{"@type":"ImageObject","inLanguage":"es","@id":"https:\/\/giatsu.com\/es\/splits\/splits-1x1\/aroma-3\/#primaryimage","url":"https:\/\/giatsu.com\/wp-content\/uploads\/2026\/02\/aroma-3-075ef3.webp","contentUrl":"https:\/\/giatsu.com\/wp-content\/uploads\/2026\/02\/aroma-3-075ef3.webp","width":2000,"height":2000},{"@type":"BreadcrumbList","@id":"https:\/\/giatsu.com\/es\/splits\/splits-1x1\/aroma-3\/#breadcrumb","itemListElement":[{"@type":"ListItem","position":1,"name":"Home","item":"https:\/\/giatsu.com\/es\/"},{"@type":"ListItem","position":2,"name":"PRODUCTOS","item":"https:\/\/giatsu.com\/es\/productos\/"},{"@type":"ListItem","position":3,"name":"AROMA 3"}]},{"@type":"WebSite","@id":"https:\/\/giatsu.com\/es\/#website","url":"https:\/\/giatsu.com\/es\/","name":"GIATSU","description":"Quality Comfort Everywhere","potentialAction":[{"@type":"SearchAction","target":{"@type":"EntryPoint","urlTemplate":"https:\/\/giatsu.com\/es\/?s={search_term_string}"},"query-input":{"@type":"PropertyValueSpecification","valueRequired":true,"valueName":"search_term_string"}}],"inLanguage":"es"}]}},"_links":{"self":[{"href":"https:\/\/giatsu.com\/es\/wp-json\/wp\/v2\/product\/14024","targetHints":{"allow":["GET"]}}],"collection":[{"href":"https:\/\/giatsu.com\/es\/wp-json\/wp\/v2\/product"}],"about":[{"href":"https:\/\/giatsu.com\/es\/wp-json\/wp\/v2\/types\/product"}],"wp:featuredmedia":[{"embeddable":true,"href":"https:\/\/giatsu.com\/es\/wp-json\/wp\/v2\/media\/14033"}],"wp:attachment":[{"href":"https:\/\/giatsu.com\/es\/wp-json\/wp\/v2\/media?parent=14024"}],"wp:term":[{"taxonomy":"product_brand","embeddable":true,"href":"https:\/\/giatsu.com\/es\/wp-json\/wp\/v2\/product_brand?post=14024"},{"taxonomy":"product_cat","embeddable":true,"href":"https:\/\/giatsu.com\/es\/wp-json\/wp\/v2\/product_cat?post=14024"},{"taxonomy":"product_tag","embeddable":true,"href":"https:\/\/giatsu.com\/es\/wp-json\/wp\/v2\/product_tag?post=14024"}],"curies":[{"name":"wp","href":"https:\/\/api.w.org\/{rel}","templated":true}]}}