{"id":13935,"date":"2025-09-16T14:01:08","date_gmt":"2025-09-16T14:01:08","guid":{"rendered":"https:\/\/giatsu.com\/?post_type=product&#038;p=13935"},"modified":"2025-11-28T08:20:28","modified_gmt":"2025-11-28T08:20:28","slug":"desumidificadores-dr","status":"publish","type":"product","link":"https:\/\/giatsu.com\/es\/portable-2\/deshumidificadores\/desumidificadores-dr\/","title":{"rendered":"DESUMIDIFICADORES DR"},"content":{"rendered":"<div class=\"wpb-content-wrapper\"><div class=\"container mb-1 moduloprincipalespictos\">\n<h2 class=\"text-center tituloprincipales\">Caracter\u00edsticas principales<\/h2>\n<div class=\"row row-cols-1 row-cols-md-2 row-cols-xl-3\">\n<div class=\"col-xs-6 col-md-3 order-last\">\n<div class=\"card\">\n                            <img decoding=\"async\" class=\"card-img-top w-100 d-block fit-cover pictoprincipalgrande\" src=\"https:\/\/giatsu.com\/wp-content\/uploads\/2023\/08\/diseno_compacto-a5c2f3.webp\" \/><\/p>\n<div class=\"card-body p-4\">\n<h3 class=\"font-weight-bold card-title\">Dise\u00f1o compacto<\/h3>\n<p class=\"card-text\">Ahorra espacio gracias a su dise\u00f1o y tama\u00f1o compacto, ideal para usar en ba\u00f1os, oficinas y habitaciones <\/p>\n<\/p><\/div><\/div><\/div>\n<div class=\"col-xs-6 col-md-3 order-last\">\n<div class=\"card\">\n                            <img decoding=\"async\" class=\"card-img-top w-100 d-block fit-cover pictoprincipalgrande\" src=\"https:\/\/giatsu.com\/wp-content\/uploads\/2025\/10\/funcion-de-drenaje-continuo-834fe1.webp\" \/><\/p>\n<div class=\"card-body p-4\">\n<h3 class=\"font-weight-bold card-title\">Funci\u00f3n de drenaje continuo<\/h3>\n<p class=\"card-text\">Permite al usuario despreocuparse de vaciar el dep\u00f3sito tan a menudo.<\/p>\n<\/p><\/div><\/div><\/div>\n<div class=\"col-xs-6 col-md-3 order-last\">\n<div class=\"card\">\n                            <img decoding=\"async\" class=\"card-img-top w-100 d-block fit-cover pictoprincipalgrande\" src=\"https:\/\/giatsu.com\/wp-content\/uploads\/2025\/10\/nivel-de-humedad-ajustable-6d8b9a.webp\" \/><\/p>\n<div class=\"card-body p-4\">\n<h3 class=\"font-weight-bold card-title\">Nivel de humedad ajustable<\/h3>\n<p class=\"card-text\">Reduce la cantidad de humedad en el aire hasta alcanzar el nivel de humedad deseado.<\/p>\n<\/p><\/div><\/div><\/div>\n<div class=\"col-xs-6 col-md-3 order-last\">\n<div class=\"card\">\n                            <img decoding=\"async\" class=\"card-img-top w-100 d-block fit-cover pictoprincipalgrande\" src=\"https:\/\/giatsu.com\/wp-content\/uploads\/2025\/05\/wifi-incluido-3b7119.webp\" \/><\/p>\n<div class=\"card-body p-4\">\n<h3 class=\"font-weight-bold card-title\">wifi incluido<\/h3>\n<p class=\"card-text\">Clasificaci\u00f3n de wifi incluido dentro del mapa de gama.<\/p>\n<\/p><\/div><\/div><\/div><\/div><\/div>\n<hr>\n<p>        [vc_row mobile_bg_img_hidden=\u00bbno\u00bb tablet_bg_img_hidden=\u00bbno\u00bb woodmart_parallax=\u00bb0&#8243; woodmart_gradient_switch=\u00bbno\u00bb row_reverse_mobile=\u00bb0&#8243; row_reverse_tablet=\u00bb0&#8243; woodmart_disable_overflow=\u00bb0&#8243; el_class=\u00bbfilaImgCaracteristica\u00bb][vc_column mobile_bg_img_hidden=\u00bbno\u00bb tablet_bg_img_hidden=\u00bbno\u00bb woodmart_parallax=\u00bb0&#8243; woodmart_sticky_column=\u00bbfalse\u00bb parallax_scroll=\u00bbno\u00bb mobile_reset_margin=\u00bbno\u00bb tablet_reset_margin=\u00bbno\u00bb]<\/p>\n<div class=\"container mb-1\">\n<h3 class=\"text-center\">Informaci\u00f3n t\u00e9cnica<\/h3>\n<div class=\"row row-cols-1 row-cols-md-2 row-cols-xl-3 justify-content-md-center\">\n<div class=\"col-xs-1 col-md-1\">\n<div class=\"card\">\n                            <img decoding=\"async\" class=\"card-img-top w-100 d-block fit-cover pictoprincipalgrande\" src=\"https:\/\/giatsu.com\/wp-content\/uploads\/2025\/10\/secado-de-ropa-373f9c.webp\" \/><\/p>\n<div class=\"card-body p-4\">\n<h4 class=\"card-text textospictospeques\">Secado de ropa<\/h4>\n<\/p><\/div><\/div><\/div>\n<div class=\"col-xs-1 col-md-1\">\n<div class=\"card\">\n                            <img decoding=\"async\" class=\"card-img-top w-100 d-block fit-cover pictoprincipalgrande\" src=\"https:\/\/giatsu.com\/wp-content\/uploads\/2023\/08\/temporizador_24_h-f6c646.webp\" \/><\/p>\n<div class=\"card-body p-4\">\n<h4 class=\"card-text textospictospeques\">Temporizador 24h<\/h4>\n<\/p><\/div><\/div><\/div>\n<div class=\"col-xs-1 col-md-1\">\n<div class=\"card\">\n                            <img decoding=\"async\" class=\"card-img-top w-100 d-block fit-cover pictoprincipalgrande\" src=\"https:\/\/giatsu.com\/wp-content\/uploads\/2025\/10\/tanque_de_agua_extraible-792f2e.webp\" \/><\/p>\n<div class=\"card-body p-4\">\n<h4 class=\"card-text textospictospeques\">Tanque de agua extra\u00edble<\/h4>\n<\/p><\/div><\/div><\/div>\n<div class=\"col-xs-1 col-md-1\">\n<div class=\"card\">\n                            <img decoding=\"async\" class=\"card-img-top w-100 d-block fit-cover pictoprincipalgrande\" src=\"https:\/\/giatsu.com\/wp-content\/uploads\/2025\/10\/bloqueo_para_ninos-1b93aa.webp\" \/><\/p>\n<div class=\"card-body p-4\">\n<h4 class=\"card-text textospictospeques\">Bloqueo para ni\u00f1os<\/h4>\n<\/p><\/div><\/div><\/div><\/div><\/div>\n<div class=\"row justify-content-md-center\">\n<div class=\"vc_btn3-container vc_btn3-inline\" id=\"botonDescargarFicha\">\n                        <a target=\"_blank\" class=\"btn btn-light border rounded-4 botondescarga\" href=\"https:\/\/giatsu.com\/documentacion\/\/giatsu-fichas-tecnicas-deshumidificadores-dr-espanol.pdf\" title=\"\">Descargar ficha t\u00e9cnica<\/a>\n                 <\/div><\/div>\n<div class=\"row\">\n<hr>\n<div class=\"col text-center\"><a target=\"_blank\" href=\"https:\/\/giatsu.com\/documentacion\/\/giatsu-manual-de-usuario-e-instalacion-deshumidificadores-dr-multiidioma.pdf\" class=\"btn btn-light border rounded-4 botonDescargaManual botondescarga\">Manual de usuario<\/a><\/div>\n<div class=\"col text-center\"><a target=\"_blank\" href=\"https:\/\/giatsu.com\/documentacion\/\/giatsu-manual-de-usuario-e-instalacion-deshumidificadores-dr-multiidioma.pdf\" class=\"btn btn-light border rounded-4 botonDescargaManual botondescarga\">Manual de instalaci\u00f3n<\/a><\/div>\n<hr>\n<\/div>\n<\/div>","protected":false},"excerpt":{"rendered":"<p data-start=\"492\" data-end=\"800\">La gama de <strong>Deshumidificadores<\/strong> <strong data-start=\"500\" data-end=\"513\">Giatsu DR<\/strong> llega para revolucionar el cuidado del aire en casa.<\/p>\n<p data-start=\"492\" data-end=\"800\">Dise&ntilde;ados para eliminar el exceso de humedad y crear ambientes m&aacute;s sanos, estos deshumidificadores ofrecen una experiencia &uacute;nica: eficiencia energ&eacute;tica, tecnolog&iacute;a inteligente y un dise&ntilde;o compacto que se adapta a cualquier espacio.<\/p>\n<p data-start=\"802\" data-end=\"953\">Con capacidades desde <strong data-start=\"824\" data-end=\"849\">12L hasta 70L por d&iacute;a<\/strong>, los Giatsu DR son la soluci&oacute;n perfecta tanto para habitaciones peque&ntilde;as como para grandes estancias.<\/p>\n<p data-start=\"802\" data-end=\"953\">&nbsp;<\/p>\n<h2 data-start=\"960\" data-end=\"991\"><strong data-start=\"963\" data-end=\"989\">Beneficios principales<\/strong><\/h2>\n<ul data-start=\"992\" data-end=\"1544\">\n<li data-start=\"992\" data-end=\"1087\">\n<p data-start=\"994\" data-end=\"1087\"><strong data-start=\"994\" data-end=\"1022\">Respira aire m&aacute;s limpio:<\/strong> reducen la humedad, evitan moho, condensaci&oacute;n y malos olores.<\/p>\n<\/li>\n<li data-start=\"1088\" data-end=\"1173\">\n<p data-start=\"1090\" data-end=\"1173\"><strong data-start=\"1090\" data-end=\"1116\">Bienestar en el hogar:<\/strong> protegen muebles, ropa y paredes del exceso de humedad.<\/p>\n<\/li>\n<li data-start=\"1174\" data-end=\"1265\">\n<p data-start=\"1176\" data-end=\"1265\"><strong data-start=\"1176\" data-end=\"1203\">Pr&aacute;cticos y vers&aacute;tiles:<\/strong> incluyen funci&oacute;n <strong data-start=\"1221\" data-end=\"1239\">secado de ropa<\/strong>, ideal para interiores.<\/p>\n<\/li>\n<li data-start=\"1266\" data-end=\"1361\">\n<p data-start=\"1268\" data-end=\"1361\"><strong data-start=\"1268\" data-end=\"1289\">Control sencillo:<\/strong> manejo electr&oacute;nico, temporizador 24h y niveles de humedad ajustables.<\/p>\n<\/li>\n<li data-start=\"1362\" data-end=\"1463\">\n<p data-start=\"1364\" data-end=\"1463\"><strong data-start=\"1364\" data-end=\"1392\">Tecnolog&iacute;a a tu alcance:<\/strong> Incorporan <strong>wifi<\/strong> para un control m&aacute;s inteligente.<\/p>\n<\/li>\n<li data-start=\"1464\" data-end=\"1544\">\n<p data-start=\"1466\" data-end=\"1544\"><strong data-start=\"1466\" data-end=\"1501\">Seguridad para toda la familia:<\/strong> bloqueo para ni&ntilde;os y sistema anti-hielo.<\/p>\n<\/li>\n<\/ul>\n<p>&nbsp;<\/p>\n<h2 data-start=\"1551\" data-end=\"1586\"><strong data-start=\"1554\" data-end=\"1584\">Caracter&iacute;sticas destacadas<\/strong><\/h2>\n<ul data-start=\"1587\" data-end=\"1974\">\n<li data-start=\"1587\" data-end=\"1658\">\n<p data-start=\"1589\" data-end=\"1658\">Capacidades de deshumidificaci&oacute;n: <strong data-start=\"1623\" data-end=\"1655\">12L, 20L, 30L, 50L y 70L<\/strong>.<\/p>\n<\/li>\n<li data-start=\"1659\" data-end=\"1703\">\n<p data-start=\"1661\" data-end=\"1703\">Cobertura: desde <strong data-start=\"1678\" data-end=\"1700\">15 m&sup2; hasta 140 m&sup2;<\/strong>.<\/p>\n<\/li>\n<li data-start=\"1704\" data-end=\"1762\">\n<p data-start=\"1706\" data-end=\"1762\">Dep&oacute;sito extra&iacute;ble con opci&oacute;n de <strong data-start=\"1739\" data-end=\"1759\">drenaje continuo<\/strong>.<\/p>\n<\/li>\n<li data-start=\"1763\" data-end=\"1844\">\n<p data-start=\"1765\" data-end=\"1844\"><strong data-start=\"1765\" data-end=\"1791\">Gas refrigerante R-290<\/strong>, m&aacute;s eficiente y respetuoso con el medio ambiente.<\/p>\n<\/li>\n<li data-start=\"1904\" data-end=\"1974\">\n<p data-start=\"1906\" data-end=\"1974\"><strong data-start=\"1906\" data-end=\"1935\">3 a&ntilde;os de garant&iacute;a Giatsu<\/strong>, con el compromiso de calidad total.<\/p>\n<\/li>\n<\/ul>\n<p>&nbsp;<\/p>\n<p>Elimina la humedad y gana en confort con los <strong data-start=\"2405\" data-end=\"2444\">nuevos deshumidificadores Giatsu DR<\/strong>.<br data-start=\"2445\" data-end=\"2448\" \/>Una gama pensada para tu bienestar, con la eficiencia y confianza de siempre.<\/p>\n<div class='pictosvoz'>[vc_single_image image=&#8217;13599&#8242; alignment=&#8217;center&#8217; woodmart_inline=&#8217;no&#8217; parallax_scroll=&#8217;no&#8217; el_class=&#8217;imgEnergia&#8217; img_size=&#8217;65&#215;65&#8242;][vc_single_image image=&#8217;13604&#8242; alignment=&#8217;center&#8217; woodmart_inline=&#8217;no&#8217; parallax_scroll=&#8217;no&#8217; el_class=&#8217;imgEnergia&#8217; img_size=&#8217;65&#215;65&#8242;]<\/div>\n","protected":false},"featured_media":13937,"template":"","meta":{"_monsterinsights_skip_tracking":false,"_monsterinsights_sitenote_active":false,"_monsterinsights_sitenote_note":"","_monsterinsights_sitenote_category":0},"product_brand":[],"product_cat":[909,908],"product_tag":[],"class_list":{"0":"post-13935","1":"product","2":"type-product","3":"status-publish","4":"has-post-thumbnail","6":"product_cat-deshumidificadores","7":"product_cat-portable-2","9":"first","10":"instock","11":"featured","12":"shipping-taxable","13":"product-type-simple"},"yoast_head":"<!-- This site is optimized with the Yoast SEO plugin v27.4 - https:\/\/yoast.com\/product\/yoast-seo-wordpress\/ -->\n<title>Deshumidificadores Giatsu<\/title>\n<meta name=\"description\" content=\"Dise\u00f1ados para eliminar el exceso de humedad y crear ambientes m\u00e1s sanos, estos deshumidificadores ofrecen una experiencia \u00fanica: eficiencia energ\u00e9tica, tecnolog\u00eda inteligente y un dise\u00f1o compacto que se adapta a cualquier espacio.\" \/>\n<meta name=\"robots\" content=\"index, follow, max-snippet:-1, max-image-preview:large, max-video-preview:-1\" \/>\n<link rel=\"canonical\" href=\"https:\/\/giatsu.com\/es\/portable-2\/deshumidificadores\/desumidificadores-dr\/\" \/>\n<meta property=\"og:locale\" content=\"es_ES\" \/>\n<meta property=\"og:type\" content=\"article\" \/>\n<meta property=\"og:title\" content=\"Deshumidificadores Giatsu\" \/>\n<meta property=\"og:description\" content=\"Dise\u00f1ados para eliminar el exceso de humedad y crear ambientes m\u00e1s sanos, estos deshumidificadores ofrecen una experiencia \u00fanica: eficiencia energ\u00e9tica, tecnolog\u00eda inteligente y un dise\u00f1o compacto que se adapta a cualquier espacio.\" \/>\n<meta property=\"og:url\" content=\"https:\/\/giatsu.com\/es\/portable-2\/deshumidificadores\/desumidificadores-dr\/\" \/>\n<meta property=\"og:site_name\" content=\"GIATSU\" \/>\n<meta property=\"article:modified_time\" content=\"2025-11-28T08:20:28+00:00\" \/>\n<meta property=\"og:image\" content=\"https:\/\/giatsu.com\/wp-content\/uploads\/2025\/09\/dr-12l-6213e0.webp\" \/>\n\t<meta property=\"og:image:width\" content=\"1500\" \/>\n\t<meta property=\"og:image:height\" content=\"1500\" \/>\n\t<meta property=\"og:image:type\" content=\"image\/webp\" \/>\n<meta name=\"twitter:card\" content=\"summary_large_image\" \/>\n<meta name=\"twitter:label1\" content=\"Tiempo de lectura\" \/>\n\t<meta name=\"twitter:data1\" content=\"1 minuto\" \/>\n<script type=\"application\/ld+json\" class=\"yoast-schema-graph\">{\"@context\":\"https:\\\/\\\/schema.org\",\"@graph\":[{\"@type\":\"WebPage\",\"@id\":\"https:\\\/\\\/giatsu.com\\\/es\\\/portable-2\\\/deshumidificadores\\\/desumidificadores-dr\\\/\",\"url\":\"https:\\\/\\\/giatsu.com\\\/es\\\/portable-2\\\/deshumidificadores\\\/desumidificadores-dr\\\/\",\"name\":\"Deshumidificadores Giatsu\",\"isPartOf\":{\"@id\":\"https:\\\/\\\/giatsu.com\\\/es\\\/#website\"},\"primaryImageOfPage\":{\"@id\":\"https:\\\/\\\/giatsu.com\\\/es\\\/portable-2\\\/deshumidificadores\\\/desumidificadores-dr\\\/#primaryimage\"},\"image\":{\"@id\":\"https:\\\/\\\/giatsu.com\\\/es\\\/portable-2\\\/deshumidificadores\\\/desumidificadores-dr\\\/#primaryimage\"},\"thumbnailUrl\":\"https:\\\/\\\/giatsu.com\\\/wp-content\\\/uploads\\\/2025\\\/09\\\/dr-12l-6213e0.webp\",\"datePublished\":\"2025-09-16T14:01:08+00:00\",\"dateModified\":\"2025-11-28T08:20:28+00:00\",\"description\":\"Dise\u00f1ados para eliminar el exceso de humedad y crear ambientes m\u00e1s sanos, estos deshumidificadores ofrecen una experiencia \u00fanica: eficiencia energ\u00e9tica, tecnolog\u00eda inteligente y un dise\u00f1o compacto que se adapta a cualquier espacio.\",\"breadcrumb\":{\"@id\":\"https:\\\/\\\/giatsu.com\\\/es\\\/portable-2\\\/deshumidificadores\\\/desumidificadores-dr\\\/#breadcrumb\"},\"inLanguage\":\"es\",\"potentialAction\":[{\"@type\":\"ReadAction\",\"target\":[\"https:\\\/\\\/giatsu.com\\\/es\\\/portable-2\\\/deshumidificadores\\\/desumidificadores-dr\\\/\"]}]},{\"@type\":\"ImageObject\",\"inLanguage\":\"es\",\"@id\":\"https:\\\/\\\/giatsu.com\\\/es\\\/portable-2\\\/deshumidificadores\\\/desumidificadores-dr\\\/#primaryimage\",\"url\":\"https:\\\/\\\/giatsu.com\\\/wp-content\\\/uploads\\\/2025\\\/09\\\/dr-12l-6213e0.webp\",\"contentUrl\":\"https:\\\/\\\/giatsu.com\\\/wp-content\\\/uploads\\\/2025\\\/09\\\/dr-12l-6213e0.webp\",\"width\":1500,\"height\":1500},{\"@type\":\"BreadcrumbList\",\"@id\":\"https:\\\/\\\/giatsu.com\\\/es\\\/portable-2\\\/deshumidificadores\\\/desumidificadores-dr\\\/#breadcrumb\",\"itemListElement\":[{\"@type\":\"ListItem\",\"position\":1,\"name\":\"Home\",\"item\":\"https:\\\/\\\/giatsu.com\\\/es\\\/\"},{\"@type\":\"ListItem\",\"position\":2,\"name\":\"PRODUCTOS\",\"item\":\"https:\\\/\\\/giatsu.com\\\/es\\\/productos\\\/\"},{\"@type\":\"ListItem\",\"position\":3,\"name\":\"DESUMIDIFICADORES DR\"}]},{\"@type\":\"WebSite\",\"@id\":\"https:\\\/\\\/giatsu.com\\\/es\\\/#website\",\"url\":\"https:\\\/\\\/giatsu.com\\\/es\\\/\",\"name\":\"GIATSU\",\"description\":\"Quality Comfort Everywhere\",\"potentialAction\":[{\"@type\":\"SearchAction\",\"target\":{\"@type\":\"EntryPoint\",\"urlTemplate\":\"https:\\\/\\\/giatsu.com\\\/es\\\/?s={search_term_string}\"},\"query-input\":{\"@type\":\"PropertyValueSpecification\",\"valueRequired\":true,\"valueName\":\"search_term_string\"}}],\"inLanguage\":\"es\"}]}<\/script>\n<!-- \/ Yoast SEO plugin. -->","yoast_head_json":{"title":"Deshumidificadores Giatsu","description":"Dise\u00f1ados para eliminar el exceso de humedad y crear ambientes m\u00e1s sanos, estos deshumidificadores ofrecen una experiencia \u00fanica: eficiencia energ\u00e9tica, tecnolog\u00eda inteligente y un dise\u00f1o compacto que se adapta a cualquier espacio.","robots":{"index":"index","follow":"follow","max-snippet":"max-snippet:-1","max-image-preview":"max-image-preview:large","max-video-preview":"max-video-preview:-1"},"canonical":"https:\/\/giatsu.com\/es\/portable-2\/deshumidificadores\/desumidificadores-dr\/","og_locale":"es_ES","og_type":"article","og_title":"Deshumidificadores Giatsu","og_description":"Dise\u00f1ados para eliminar el exceso de humedad y crear ambientes m\u00e1s sanos, estos deshumidificadores ofrecen una experiencia \u00fanica: eficiencia energ\u00e9tica, tecnolog\u00eda inteligente y un dise\u00f1o compacto que se adapta a cualquier espacio.","og_url":"https:\/\/giatsu.com\/es\/portable-2\/deshumidificadores\/desumidificadores-dr\/","og_site_name":"GIATSU","article_modified_time":"2025-11-28T08:20:28+00:00","og_image":[{"width":1500,"height":1500,"url":"https:\/\/giatsu.com\/wp-content\/uploads\/2025\/09\/dr-12l-6213e0.webp","type":"image\/webp"}],"twitter_card":"summary_large_image","twitter_misc":{"Tiempo de lectura":"1 minuto"},"schema":{"@context":"https:\/\/schema.org","@graph":[{"@type":"WebPage","@id":"https:\/\/giatsu.com\/es\/portable-2\/deshumidificadores\/desumidificadores-dr\/","url":"https:\/\/giatsu.com\/es\/portable-2\/deshumidificadores\/desumidificadores-dr\/","name":"Deshumidificadores Giatsu","isPartOf":{"@id":"https:\/\/giatsu.com\/es\/#website"},"primaryImageOfPage":{"@id":"https:\/\/giatsu.com\/es\/portable-2\/deshumidificadores\/desumidificadores-dr\/#primaryimage"},"image":{"@id":"https:\/\/giatsu.com\/es\/portable-2\/deshumidificadores\/desumidificadores-dr\/#primaryimage"},"thumbnailUrl":"https:\/\/giatsu.com\/wp-content\/uploads\/2025\/09\/dr-12l-6213e0.webp","datePublished":"2025-09-16T14:01:08+00:00","dateModified":"2025-11-28T08:20:28+00:00","description":"Dise\u00f1ados para eliminar el exceso de humedad y crear ambientes m\u00e1s sanos, estos deshumidificadores ofrecen una experiencia \u00fanica: eficiencia energ\u00e9tica, tecnolog\u00eda inteligente y un dise\u00f1o compacto que se adapta a cualquier espacio.","breadcrumb":{"@id":"https:\/\/giatsu.com\/es\/portable-2\/deshumidificadores\/desumidificadores-dr\/#breadcrumb"},"inLanguage":"es","potentialAction":[{"@type":"ReadAction","target":["https:\/\/giatsu.com\/es\/portable-2\/deshumidificadores\/desumidificadores-dr\/"]}]},{"@type":"ImageObject","inLanguage":"es","@id":"https:\/\/giatsu.com\/es\/portable-2\/deshumidificadores\/desumidificadores-dr\/#primaryimage","url":"https:\/\/giatsu.com\/wp-content\/uploads\/2025\/09\/dr-12l-6213e0.webp","contentUrl":"https:\/\/giatsu.com\/wp-content\/uploads\/2025\/09\/dr-12l-6213e0.webp","width":1500,"height":1500},{"@type":"BreadcrumbList","@id":"https:\/\/giatsu.com\/es\/portable-2\/deshumidificadores\/desumidificadores-dr\/#breadcrumb","itemListElement":[{"@type":"ListItem","position":1,"name":"Home","item":"https:\/\/giatsu.com\/es\/"},{"@type":"ListItem","position":2,"name":"PRODUCTOS","item":"https:\/\/giatsu.com\/es\/productos\/"},{"@type":"ListItem","position":3,"name":"DESUMIDIFICADORES DR"}]},{"@type":"WebSite","@id":"https:\/\/giatsu.com\/es\/#website","url":"https:\/\/giatsu.com\/es\/","name":"GIATSU","description":"Quality Comfort Everywhere","potentialAction":[{"@type":"SearchAction","target":{"@type":"EntryPoint","urlTemplate":"https:\/\/giatsu.com\/es\/?s={search_term_string}"},"query-input":{"@type":"PropertyValueSpecification","valueRequired":true,"valueName":"search_term_string"}}],"inLanguage":"es"}]}},"_links":{"self":[{"href":"https:\/\/giatsu.com\/es\/wp-json\/wp\/v2\/product\/13935","targetHints":{"allow":["GET"]}}],"collection":[{"href":"https:\/\/giatsu.com\/es\/wp-json\/wp\/v2\/product"}],"about":[{"href":"https:\/\/giatsu.com\/es\/wp-json\/wp\/v2\/types\/product"}],"wp:featuredmedia":[{"embeddable":true,"href":"https:\/\/giatsu.com\/es\/wp-json\/wp\/v2\/media\/13937"}],"wp:attachment":[{"href":"https:\/\/giatsu.com\/es\/wp-json\/wp\/v2\/media?parent=13935"}],"wp:term":[{"taxonomy":"product_brand","embeddable":true,"href":"https:\/\/giatsu.com\/es\/wp-json\/wp\/v2\/product_brand?post=13935"},{"taxonomy":"product_cat","embeddable":true,"href":"https:\/\/giatsu.com\/es\/wp-json\/wp\/v2\/product_cat?post=13935"},{"taxonomy":"product_tag","embeddable":true,"href":"https:\/\/giatsu.com\/es\/wp-json\/wp\/v2\/product_tag?post=13935"}],"curies":[{"name":"wp","href":"https:\/\/api.w.org\/{rel}","templated":true}]}}