{"id":13355,"date":"2025-04-03T14:52:23","date_gmt":"2025-04-03T14:52:23","guid":{"rendered":"https:\/\/giatsu.com\/?post_type=product&#038;p=13355"},"modified":"2025-09-19T12:15:36","modified_gmt":"2025-09-19T12:15:36","slug":"sua","status":"publish","type":"product","link":"https:\/\/giatsu.com\/es\/agua\/calentador-a-gas\/sua\/","title":{"rendered":"CALENTADOR ATMOSF\u00c9RICO SUA"},"content":{"rendered":"<div class=\"wpb-content-wrapper\"><div class=\"container mb-1 moduloprincipalespictos\">\n<h2 class=\"text-center tituloprincipales\">Caracter\u00edsticas principales<\/h2>\n<div class=\"row row-cols-1 row-cols-md-2 row-cols-xl-3\">\n<div class=\"col-xs-6 col-md-3 order-last\">\n<div class=\"card\">\n                            <img decoding=\"async\" class=\"card-img-top w-100 d-block fit-cover pictoprincipalgrande\" src=\"https:\/\/giatsu.com\/wp-content\/uploads\/2023\/08\/slim-55326d.webp\" \/><\/p>\n<div class=\"card-body p-4\">\n<h3 class=\"font-weight-bold card-title\">Dise\u00f1o slim<\/h3>\n<p class=\"card-text\">Dispone de un dise\u00f1o con perfil reducido.<\/p>\n<\/p><\/div><\/div><\/div>\n<div class=\"col-xs-6 col-md-3 order-last\">\n<div class=\"card\">\n                            <img decoding=\"async\" class=\"card-img-top w-100 d-block fit-cover pictoprincipalgrande\" src=\"https:\/\/giatsu.com\/wp-content\/uploads\/2023\/08\/led-9ce7c9.webp\" \/><\/p>\n<div class=\"card-body p-4\">\n<h3 class=\"font-weight-bold card-title\">Pantalla LED<\/h3>\n<p class=\"card-text\">Una gran pantalla LED informa sobre el funcionamiento del sistema de aire acondicionado.<\/p>\n<\/p><\/div><\/div><\/div>\n<div class=\"col-xs-6 col-md-3 order-last\">\n<div class=\"card\">\n                            <img decoding=\"async\" class=\"card-img-top w-100 d-block fit-cover pictoprincipalgrande\" src=\"https:\/\/giatsu.com\/wp-content\/uploads\/2023\/08\/clase-6-nox-ea2613.webp\" \/><\/p>\n<div class=\"card-body p-4\">\n<h3 class=\"font-weight-bold card-title\">Clase 6 NOx<\/h3>\n<p class=\"card-text\">Las emisiones de NOx de este calentador est\u00e1n por debajo de 56mg\/ kWh.<\/p>\n<\/p><\/div><\/div><\/div>\n<div class=\"col-xs-6 col-md-3 order-last\">\n<div class=\"card\">\n                            <img decoding=\"async\" class=\"card-img-top w-100 d-block fit-cover pictoprincipalgrande\" src=\"https:\/\/giatsu.com\/wp-content\/uploads\/2023\/08\/sin-llama-piloto-c253ba.webp\" \/><\/p>\n<div class=\"card-body p-4\">\n<h3 class=\"font-weight-bold card-title\">Sin llama piloto<\/h3>\n<p class=\"card-text\">La llama solo se enciende al producirse una demanda de agua caliente consiguiendo un uso m\u00e1s seguro y un mayor ahorro.<\/p>\n<\/p><\/div><\/div><\/div><\/div><\/div>\n<hr>\n<p>        [vc_row mobile_bg_img_hidden=\u00bbno\u00bb tablet_bg_img_hidden=\u00bbno\u00bb woodmart_parallax=\u00bb0&#8243; woodmart_gradient_switch=\u00bbno\u00bb row_reverse_mobile=\u00bb0&#8243; row_reverse_tablet=\u00bb0&#8243; woodmart_disable_overflow=\u00bb0&#8243; el_class=\u00bbfilaImgCaracteristica\u00bb][vc_column mobile_bg_img_hidden=\u00bbno\u00bb tablet_bg_img_hidden=\u00bbno\u00bb woodmart_parallax=\u00bb0&#8243; woodmart_sticky_column=\u00bbfalse\u00bb parallax_scroll=\u00bbno\u00bb mobile_reset_margin=\u00bbno\u00bb tablet_reset_margin=\u00bbno\u00bb]<\/p>\n<div class=\"container mb-1\">\n<h3 class=\"text-center\">Informaci\u00f3n t\u00e9cnica<\/h3>\n<div class=\"row row-cols-1 row-cols-md-2 row-cols-xl-3 justify-content-md-center\">\n<div class=\"col-xs-1 col-md-1\">\n<div class=\"card\">\n                            <img decoding=\"async\" class=\"card-img-top w-100 d-block fit-cover pictoprincipalgrande\" src=\"https:\/\/giatsu.com\/wp-content\/uploads\/2023\/08\/intercambiador_de_cobre_libre_de_oxigeno-622e44.webp\" \/><\/p>\n<div class=\"card-body p-4\">\n<h4 class=\"card-text textospictospeques\">Intercambiador de cobre libre de ox\u00edgeno<\/h4>\n<\/p><\/div><\/div><\/div>\n<div class=\"col-xs-1 col-md-1\">\n<div class=\"card\">\n                            <img decoding=\"async\" class=\"card-img-top w-100 d-block fit-cover pictoprincipalgrande\" src=\"https:\/\/giatsu.com\/wp-content\/uploads\/2023\/08\/gran_produccion_de_acs-1434de.webp\" \/><\/p>\n<div class=\"card-body p-4\">\n<h4 class=\"card-text textospictospeques\">Gran producci\u00f3n de ACS<\/h4>\n<\/p><\/div><\/div><\/div>\n<div class=\"col-xs-1 col-md-1\">\n<div class=\"card\">\n                            <img decoding=\"async\" class=\"card-img-top w-100 d-block fit-cover pictoprincipalgrande\" src=\"https:\/\/giatsu.com\/wp-content\/uploads\/2023\/08\/sensor_de_gas_y_temperatura-e09d39.webp\" \/><\/p>\n<div class=\"card-body p-4\">\n<h4 class=\"card-text textospictospeques\">Sensor de gas y temperatura<\/h4>\n<\/p><\/div><\/div><\/div><\/div><\/div>\n<div class=\"row justify-content-md-center\">\n<div class=\"vc_btn3-container vc_btn3-inline\" id=\"botonDescargarFicha\">\n                        <a target=\"_blank\" class=\"btn btn-light border rounded-4 botondescarga\" href=\"https:\/\/giatsu.com\/documentacion\/\/giatsu-fichas-tecnicas-calentadores-a-gas-sua-espanol.pdf\" title=\"\">Descargar ficha t\u00e9cnica<\/a>\n                 <\/div><\/div>\n<div class=\"row\">\n<hr>\n<div class=\"col text-center\"><a target=\"_blank\" href=\"https:\/\/giatsu.com\/documentacion\/\/giatsu-manual-de-usuario-e-instalacion-calentadores-a-gas-sua-multiidioma.pdf\" class=\"btn btn-light border rounded-4 botonDescargaManual botondescarga\">Manual de usuario<\/a><\/div>\n<div class=\"col text-center\"><a target=\"_blank\" href=\"https:\/\/giatsu.com\/documentacion\/\/giatsu-manual-de-usuario-e-instalacion-calentadores-a-gas-sua-multiidioma.pdf\" class=\"btn btn-light border rounded-4 botonDescargaManual botondescarga\">Manual de instalaci\u00f3n<\/a><\/div>\n<hr>\n<\/div>\n<div class=\"container mb-1 videoweb\">\n            <style>\n       .errordiv { padding:10px; margin:10px; border: 1px solid #555555;color: #000000;background-color: #f8f8f8; width:500px; }#iframe1 {visibility:visible;opacity:1;vertical-align:top;}.ai-info-bottom-iframe { position: fixed; z-index: 10000; bottom:0; left: 0; margin: 0px; text-align: center; width: 100%; background-color: #ff9999; padding-left: 5px;padding-bottom: 5px; border-top: 1px solid #aaa } a.ai-bold {font-weight: bold;}#ai-layer-div-iframe1 p {height:100%;margin:0;padding:0}<\/style><script type=\"text\/javascript\">var ai_iframe_width_iframe1 = 0;var ai_iframe_height_iframe1 = 0;function aiReceiveMessageiframe1(event) {  aiProcessMessage(event,\"iframe1\", \"true\",\"\",\"false\",\"false\");}if (window.addEventListener) {  window.addEventListener(\"message\", aiReceiveMessageiframe1);} else if (el.attachEvent)  {  el.attachEvent(\"message\", aiReceiveMessageiframe1);}var aiOnloadScrollTop=\"true\";var aiShowDebug=false;\n\t\tif (typeof aiReadyCallbacks === 'undefined') {\n\t\t\tvar aiReadyCallbacks = [];\n\t\t} else if (!(aiReadyCallbacks instanceof Array)) {\n\t\t\tvar aiReadyCallbacks = [];\n\t\t}    function aiShowIframeId(id_iframe) { jQuery(\"#\"+id_iframe).css(\"visibility\", \"visible\");    }    function aiResizeIframeHeight(height) { aiResizeIframeHeight(height,iframe1); }    function aiResizeIframeHeightId(height,width,id) {aiResizeIframeHeightById(id,height);}<\/script><iframe id=\"iframe1\"  name=\"iframe1\"  src=\"https:\/\/www.youtube.com\/embed\/iEsdN5PP4po?rel=0&#038;controls=0&#038;showinfo=0&#038;modestbranding=1&#038;theme=light\"  width=\"100%\"  height=\"600\"  frameborder=\"0\"  border=\"0\"  allowtransparency=\"true\"  loading=\"lazy\"  style=\";border-width: 0px;;border: none;;width:100%;;height:600px;\" ><\/iframe><script type=\"text\/javascript\">var ifrm_iframe1 = document.getElementById(\"iframe1\");var hiddenTabsDoneiframe1 = false;\nfunction resizeCallbackiframe1() {}<\/script><script type=\"text\/javascript\"><\/script><p style=\"display:block !important; visibility:visible !important;margin: -18px 14px 0 0;padding-left: 3px;padding-top:3px;background: white; overflow: hidden; position: relative; line-height:15px;width: fit-content;\"><small style=\"display:block !important;visibility:visible !important\">powered by Advanced iFrame<\/small><\/p>\n           <\/div>\n<\/div>","protected":false},"excerpt":{"rendered":"<p class=\"MsoNormal\" style=\"margin-bottom: 15.0pt;text-align: justify;line-height: normal;background: white;vertical-align: baseline\"><span style=\"font-family: Roboto\">El Calentador atmosf&eacute;rico SUA es la opci&oacute;n ideal para quienes buscan un suministro de agua caliente eficiente y confiable.&nbsp;<\/span><\/p>\n<p class=\"MsoNormal\" style=\"margin-bottom: 15.0pt;text-align: justify;line-height: normal;background: white;vertical-align: baseline\"><span style=\"font-family: Roboto\">Incorpora tecnolog&iacute;a Low NOx, lo que se traduce en un menor impacto ambiental.<\/span><\/p>\n<p class=\"MsoNormal\" style=\"margin-bottom: 15.0pt;text-align: justify;line-height: normal;background: white;vertical-align: baseline\"><span style=\"font-family: Roboto\">Su dise&ntilde;o delgado y su intercambiador de cobre libre de ox&iacute;geno aseguran un rendimiento &oacute;ptimo y una larga vida &uacute;til.<\/span><\/p>\n<p class=\"MsoNormal\" style=\"margin-bottom: 15.0pt;text-align: justify;line-height: normal;background: white;vertical-align: baseline\"><span style=\"font-family: Roboto\">Caracter&iacute;sticas destacadas:<\/span><\/p>\n<ul>\n<li class=\"MsoNormal\" style=\"text-align: justify;line-height: normal;background: white;vertical-align: baseline\"><span style=\"font-family: Roboto\"><strong>Eficiencia energ&eacute;tica sobresaliente, con clasificaci&oacute;n A<\/strong>, lo que garantiza un menor consumo y ahorro en cada uso.<\/span><\/li>\n<li class=\"MsoNormal\" style=\"text-align: justify;line-height: normal;background: white;vertical-align: baseline\"><span style=\"font-family: Roboto\"><strong>Bajas emisiones contaminantes de NOx (Low NOx 6)<\/strong>, cumpliendo con los est&aacute;ndares ecol&oacute;gicos m&aacute;s exigentes.<\/span><\/li>\n<li class=\"MsoNormal\" style=\"text-align: justify;line-height: normal;background: white;vertical-align: baseline\"><span style=\"font-family: Roboto\">Alto rendimiento en agua caliente sanitaria (ACS), ofreciendo un <strong>flujo de hasta 11 litros por minuto<\/strong>.<\/span><\/li>\n<li class=\"MsoNormal\" style=\"text-align: justify;line-height: normal;background: white;vertical-align: baseline\"><span style=\"font-family: Roboto\">Sistema de <strong>encendido electr&oacute;nico sin llama piloto<\/strong>, lo que evita el gasto continuo de gas cuando no est&aacute; en uso.<\/span><\/li>\n<li class=\"MsoNormal\" style=\"text-align: justify;line-height: normal;background: white;vertical-align: baseline\"><span style=\"font-family: Roboto\"><strong>Sensor de gases<\/strong>: Incluye dos sensores de seguridad que desconectan el calentador autom&aacute;ticamente en caso de acumulaci&oacute;n de humo o sobrecalentamiento del agua.<\/span><\/li>\n<li class=\"MsoNormal\" style=\"text-align: justify;line-height: normal;background: white;vertical-align: baseline\"><span style=\"font-family: Roboto\"><strong>Pantalla LED de f&aacute;cil lectur<\/strong>a, que permite visualizar la temperatura con precisi&oacute;n.<\/span><\/li>\n<li class=\"MsoNormal\" style=\"text-align: justify;line-height: normal;background: white;vertical-align: baseline\"><strong><span style=\"font-family: Roboto\">Capacidades disponibles: 11L GLP y 11L GN<\/span><\/strong><\/li>\n<\/ul>\n<p class=\"MsoNormal\" style=\"margin-bottom: 15.0pt;text-align: justify;line-height: normal;background: white;vertical-align: baseline\"><span style=\"font-family: Roboto\">Alimentaci&oacute;n electrica es 3V DC (2 pilas tipo D 1.5V R20P)<\/span><\/p>\n<p class=\"MsoNormal\" style=\"margin-bottom: 15.0pt;text-align: justify;line-height: normal;background: white;vertical-align: baseline\"><span style=\"font-family: Roboto\">Tipos de gas: GN gas natural. GLP gas butano \/ propano<\/span><\/p>\n<div class='divPictosEnergia'>[vc_single_image image=&#8217;9138&#8242; alignment=&#8217;center&#8217; woodmart_inline=&#8217;no&#8217; parallax_scroll=&#8217;no&#8217; el_class=&#8217;imgEnergia&#8217; img_size=&#8217;72&#215;36&#8242;][vc_single_image image=&#8217;13412&#8242; alignment=&#8217;center&#8217; woodmart_inline=&#8217;no&#8217; parallax_scroll=&#8217;no&#8217; el_class=&#8217;imgEnergia&#8217; img_size=&#8217;72&#215;36&#8242;]<\/div>\n<div class='pictosvoz'><\/div>\n","protected":false},"featured_media":13402,"template":"","meta":{"_monsterinsights_skip_tracking":false,"_monsterinsights_sitenote_active":false,"_monsterinsights_sitenote_note":"","_monsterinsights_sitenote_category":0},"product_brand":[],"product_cat":[565,578],"product_tag":[],"class_list":{"0":"post-13355","1":"product","2":"type-product","3":"status-publish","4":"has-post-thumbnail","6":"product_cat-agua","7":"product_cat-calentador-a-gas","9":"first","10":"instock","11":"shipping-taxable","12":"product-type-simple"},"yoast_head":"<!-- This site is optimized with the Yoast SEO plugin v27.4 - https:\/\/yoast.com\/product\/yoast-seo-wordpress\/ -->\n<title>Calentador a Gas SUA<\/title>\n<meta name=\"description\" content=\"Un calentador con alta eficiencia energ\u00e9tica, bajas emisiones de NOx, encendido sin llama piloto y dise\u00f1o compacto. Ideal para un hogar moderno, seguro y ecol\u00f3gico\" \/>\n<meta name=\"robots\" content=\"index, follow, max-snippet:-1, max-image-preview:large, max-video-preview:-1\" \/>\n<link rel=\"canonical\" href=\"https:\/\/giatsu.com\/es\/agua\/calentador-a-gas\/sua\/\" \/>\n<meta property=\"og:locale\" content=\"es_ES\" \/>\n<meta property=\"og:type\" content=\"article\" \/>\n<meta property=\"og:title\" content=\"Calentador a Gas SUA\" \/>\n<meta property=\"og:description\" content=\"Un calentador con alta eficiencia energ\u00e9tica, bajas emisiones de NOx, encendido sin llama piloto y dise\u00f1o compacto. Ideal para un hogar moderno, seguro y ecol\u00f3gico\" \/>\n<meta property=\"og:url\" content=\"https:\/\/giatsu.com\/es\/agua\/calentador-a-gas\/sua\/\" \/>\n<meta property=\"og:site_name\" content=\"GIATSU\" \/>\n<meta property=\"article:modified_time\" content=\"2025-09-19T12:15:36+00:00\" \/>\n<meta property=\"og:image\" content=\"https:\/\/giatsu.com\/wp-content\/uploads\/2025\/04\/sua-93c07b.webp\" \/>\n\t<meta property=\"og:image:width\" content=\"500\" \/>\n\t<meta property=\"og:image:height\" content=\"500\" \/>\n\t<meta property=\"og:image:type\" content=\"image\/webp\" \/>\n<meta name=\"twitter:card\" content=\"summary_large_image\" \/>\n<meta name=\"twitter:label1\" content=\"Tiempo de lectura\" \/>\n\t<meta name=\"twitter:data1\" content=\"1 minuto\" \/>\n<script type=\"application\/ld+json\" class=\"yoast-schema-graph\">{\"@context\":\"https:\\\/\\\/schema.org\",\"@graph\":[{\"@type\":\"WebPage\",\"@id\":\"https:\\\/\\\/giatsu.com\\\/es\\\/agua\\\/calentador-a-gas\\\/sua\\\/\",\"url\":\"https:\\\/\\\/giatsu.com\\\/es\\\/agua\\\/calentador-a-gas\\\/sua\\\/\",\"name\":\"Calentador a Gas SUA\",\"isPartOf\":{\"@id\":\"https:\\\/\\\/giatsu.com\\\/es\\\/#website\"},\"primaryImageOfPage\":{\"@id\":\"https:\\\/\\\/giatsu.com\\\/es\\\/agua\\\/calentador-a-gas\\\/sua\\\/#primaryimage\"},\"image\":{\"@id\":\"https:\\\/\\\/giatsu.com\\\/es\\\/agua\\\/calentador-a-gas\\\/sua\\\/#primaryimage\"},\"thumbnailUrl\":\"https:\\\/\\\/giatsu.com\\\/wp-content\\\/uploads\\\/2025\\\/04\\\/sua-93c07b.webp\",\"datePublished\":\"2025-04-03T14:52:23+00:00\",\"dateModified\":\"2025-09-19T12:15:36+00:00\",\"description\":\"Un calentador con alta eficiencia energ\u00e9tica, bajas emisiones de NOx, encendido sin llama piloto y dise\u00f1o compacto. Ideal para un hogar moderno, seguro y ecol\u00f3gico\",\"breadcrumb\":{\"@id\":\"https:\\\/\\\/giatsu.com\\\/es\\\/agua\\\/calentador-a-gas\\\/sua\\\/#breadcrumb\"},\"inLanguage\":\"es\",\"potentialAction\":[{\"@type\":\"ReadAction\",\"target\":[\"https:\\\/\\\/giatsu.com\\\/es\\\/agua\\\/calentador-a-gas\\\/sua\\\/\"]}]},{\"@type\":\"ImageObject\",\"inLanguage\":\"es\",\"@id\":\"https:\\\/\\\/giatsu.com\\\/es\\\/agua\\\/calentador-a-gas\\\/sua\\\/#primaryimage\",\"url\":\"https:\\\/\\\/giatsu.com\\\/wp-content\\\/uploads\\\/2025\\\/04\\\/sua-93c07b.webp\",\"contentUrl\":\"https:\\\/\\\/giatsu.com\\\/wp-content\\\/uploads\\\/2025\\\/04\\\/sua-93c07b.webp\",\"width\":500,\"height\":500},{\"@type\":\"BreadcrumbList\",\"@id\":\"https:\\\/\\\/giatsu.com\\\/es\\\/agua\\\/calentador-a-gas\\\/sua\\\/#breadcrumb\",\"itemListElement\":[{\"@type\":\"ListItem\",\"position\":1,\"name\":\"Home\",\"item\":\"https:\\\/\\\/giatsu.com\\\/es\\\/\"},{\"@type\":\"ListItem\",\"position\":2,\"name\":\"PRODUCTOS\",\"item\":\"https:\\\/\\\/giatsu.com\\\/es\\\/productos\\\/\"},{\"@type\":\"ListItem\",\"position\":3,\"name\":\"CALENTADOR ATMOSF\u00c9RICO SUA\"}]},{\"@type\":\"WebSite\",\"@id\":\"https:\\\/\\\/giatsu.com\\\/es\\\/#website\",\"url\":\"https:\\\/\\\/giatsu.com\\\/es\\\/\",\"name\":\"GIATSU\",\"description\":\"Quality Comfort Everywhere\",\"potentialAction\":[{\"@type\":\"SearchAction\",\"target\":{\"@type\":\"EntryPoint\",\"urlTemplate\":\"https:\\\/\\\/giatsu.com\\\/es\\\/?s={search_term_string}\"},\"query-input\":{\"@type\":\"PropertyValueSpecification\",\"valueRequired\":true,\"valueName\":\"search_term_string\"}}],\"inLanguage\":\"es\"}]}<\/script>\n<!-- \/ Yoast SEO plugin. -->","yoast_head_json":{"title":"Calentador a Gas SUA","description":"Un calentador con alta eficiencia energ\u00e9tica, bajas emisiones de NOx, encendido sin llama piloto y dise\u00f1o compacto. Ideal para un hogar moderno, seguro y ecol\u00f3gico","robots":{"index":"index","follow":"follow","max-snippet":"max-snippet:-1","max-image-preview":"max-image-preview:large","max-video-preview":"max-video-preview:-1"},"canonical":"https:\/\/giatsu.com\/es\/agua\/calentador-a-gas\/sua\/","og_locale":"es_ES","og_type":"article","og_title":"Calentador a Gas SUA","og_description":"Un calentador con alta eficiencia energ\u00e9tica, bajas emisiones de NOx, encendido sin llama piloto y dise\u00f1o compacto. Ideal para un hogar moderno, seguro y ecol\u00f3gico","og_url":"https:\/\/giatsu.com\/es\/agua\/calentador-a-gas\/sua\/","og_site_name":"GIATSU","article_modified_time":"2025-09-19T12:15:36+00:00","og_image":[{"width":500,"height":500,"url":"https:\/\/giatsu.com\/wp-content\/uploads\/2025\/04\/sua-93c07b.webp","type":"image\/webp"}],"twitter_card":"summary_large_image","twitter_misc":{"Tiempo de lectura":"1 minuto"},"schema":{"@context":"https:\/\/schema.org","@graph":[{"@type":"WebPage","@id":"https:\/\/giatsu.com\/es\/agua\/calentador-a-gas\/sua\/","url":"https:\/\/giatsu.com\/es\/agua\/calentador-a-gas\/sua\/","name":"Calentador a Gas SUA","isPartOf":{"@id":"https:\/\/giatsu.com\/es\/#website"},"primaryImageOfPage":{"@id":"https:\/\/giatsu.com\/es\/agua\/calentador-a-gas\/sua\/#primaryimage"},"image":{"@id":"https:\/\/giatsu.com\/es\/agua\/calentador-a-gas\/sua\/#primaryimage"},"thumbnailUrl":"https:\/\/giatsu.com\/wp-content\/uploads\/2025\/04\/sua-93c07b.webp","datePublished":"2025-04-03T14:52:23+00:00","dateModified":"2025-09-19T12:15:36+00:00","description":"Un calentador con alta eficiencia energ\u00e9tica, bajas emisiones de NOx, encendido sin llama piloto y dise\u00f1o compacto. Ideal para un hogar moderno, seguro y ecol\u00f3gico","breadcrumb":{"@id":"https:\/\/giatsu.com\/es\/agua\/calentador-a-gas\/sua\/#breadcrumb"},"inLanguage":"es","potentialAction":[{"@type":"ReadAction","target":["https:\/\/giatsu.com\/es\/agua\/calentador-a-gas\/sua\/"]}]},{"@type":"ImageObject","inLanguage":"es","@id":"https:\/\/giatsu.com\/es\/agua\/calentador-a-gas\/sua\/#primaryimage","url":"https:\/\/giatsu.com\/wp-content\/uploads\/2025\/04\/sua-93c07b.webp","contentUrl":"https:\/\/giatsu.com\/wp-content\/uploads\/2025\/04\/sua-93c07b.webp","width":500,"height":500},{"@type":"BreadcrumbList","@id":"https:\/\/giatsu.com\/es\/agua\/calentador-a-gas\/sua\/#breadcrumb","itemListElement":[{"@type":"ListItem","position":1,"name":"Home","item":"https:\/\/giatsu.com\/es\/"},{"@type":"ListItem","position":2,"name":"PRODUCTOS","item":"https:\/\/giatsu.com\/es\/productos\/"},{"@type":"ListItem","position":3,"name":"CALENTADOR ATMOSF\u00c9RICO SUA"}]},{"@type":"WebSite","@id":"https:\/\/giatsu.com\/es\/#website","url":"https:\/\/giatsu.com\/es\/","name":"GIATSU","description":"Quality Comfort Everywhere","potentialAction":[{"@type":"SearchAction","target":{"@type":"EntryPoint","urlTemplate":"https:\/\/giatsu.com\/es\/?s={search_term_string}"},"query-input":{"@type":"PropertyValueSpecification","valueRequired":true,"valueName":"search_term_string"}}],"inLanguage":"es"}]}},"_links":{"self":[{"href":"https:\/\/giatsu.com\/es\/wp-json\/wp\/v2\/product\/13355","targetHints":{"allow":["GET"]}}],"collection":[{"href":"https:\/\/giatsu.com\/es\/wp-json\/wp\/v2\/product"}],"about":[{"href":"https:\/\/giatsu.com\/es\/wp-json\/wp\/v2\/types\/product"}],"wp:featuredmedia":[{"embeddable":true,"href":"https:\/\/giatsu.com\/es\/wp-json\/wp\/v2\/media\/13402"}],"wp:attachment":[{"href":"https:\/\/giatsu.com\/es\/wp-json\/wp\/v2\/media?parent=13355"}],"wp:term":[{"taxonomy":"product_brand","embeddable":true,"href":"https:\/\/giatsu.com\/es\/wp-json\/wp\/v2\/product_brand?post=13355"},{"taxonomy":"product_cat","embeddable":true,"href":"https:\/\/giatsu.com\/es\/wp-json\/wp\/v2\/product_cat?post=13355"},{"taxonomy":"product_tag","embeddable":true,"href":"https:\/\/giatsu.com\/es\/wp-json\/wp\/v2\/product_tag?post=13355"}],"curies":[{"name":"wp","href":"https:\/\/api.w.org\/{rel}","templated":true}]}}