{"id":13069,"date":"2025-03-14T07:24:53","date_gmt":"2025-03-14T07:24:53","guid":{"rendered":"https:\/\/giatsu.com\/?post_type=product&#038;p=13069"},"modified":"2025-07-25T11:56:04","modified_gmt":"2025-07-25T11:56:04","slug":"conductos-inspira","status":"publish","type":"product","link":"https:\/\/giatsu.com\/es\/comercial\/conductos\/conductos-inspira\/","title":{"rendered":"CONDUCTOS INSPIRA"},"content":{"rendered":"<div class=\"wpb-content-wrapper\"><p>&nbsp;<\/p>\n<div class=\"container mb-1 moduloprincipalespictos\">\n<h2 class=\"text-center tituloprincipales\">Caracter\u00edsticas principales<\/h2>\n<div class=\"row row-cols-1 row-cols-md-2 row-cols-xl-3\">\n<div class=\"col-xs-6 col-md-3 order-last\">\n<div class=\"card\"><img decoding=\"async\" class=\"card-img-top w-100 d-block fit-cover pictoprincipalgrande\" src=\"https:\/\/giatsu.com\/wp-content\/uploads\/2023\/08\/wifi-incluido-cb8169.webp\" \/><\/p>\n<div class=\"card-body p-4\">\n<h3 class=\"font-weight-bold card-title\">wifi incluido<\/h3>\n<p class=\"card-text\">A trav\u00e9s de la aplicaci\u00f3n GIApp se puede controlar el equipo desde un smartphone, tablet o por voz con Alexa y Google Home.<\/p>\n<\/div>\n<\/div>\n<\/div>\n<div class=\"col-xs-6 col-md-3 order-last\">\n<div class=\"card\"><img decoding=\"async\" class=\"card-img-top w-100 d-block fit-cover pictoprincipalgrande\" src=\"https:\/\/giatsu.com\/wp-content\/uploads\/2023\/08\/altura-reducida-bca5bc.webp\" \/><\/p>\n<div class=\"card-body p-4\">\n<h3 class=\"font-weight-bold card-title\">Altura reducida<\/h3>\n<p class=\"card-text\">La altura de la unidad interior es especialmente reducida.<\/p>\n<\/div>\n<\/div>\n<\/div>\n<div class=\"col-xs-6 col-md-3 order-last\">\n<div class=\"card\"><img decoding=\"async\" class=\"card-img-top w-100 d-block fit-cover pictoprincipalgrande\" src=\"https:\/\/giatsu.com\/wp-content\/uploads\/2023\/08\/bomba-de-condensados-8f2ae0.webp\" \/><\/p>\n<div class=\"card-body p-4\">\n<h3 class=\"font-weight-bold card-title\">Bomba de condensados<\/h3>\n<p class=\"card-text\">La unidad dispone de bomba de condensados incorporada de serie.<\/p>\n<\/div>\n<\/div>\n<\/div>\n<div class=\"col-xs-6 col-md-3 order-last\">\n<div class=\"card\"><img decoding=\"async\" class=\"card-img-top w-100 d-block fit-cover pictoprincipalgrande\" src=\"https:\/\/giatsu.com\/wp-content\/uploads\/2025\/04\/flexibilidad-instalacion-a8b958.webp\" \/><\/p>\n<div class=\"card-body p-4\">\n<h3 class=\"font-weight-bold card-title\">Flexibilidad instalaci\u00f3n<\/h3>\n<p class=\"card-text\">Tiene m\u00faltiples posibilidades de instalaci\u00f3n, bien sea en la pared o en el techo.<\/p>\n<\/div>\n<\/div>\n<\/div>\n<\/div>\n<\/div>\n<hr \/>\n<p>[vc_row mobile_bg_img_hidden=\u00bbno\u00bb tablet_bg_img_hidden=\u00bbno\u00bb woodmart_parallax=\u00bb0&#8243; woodmart_gradient_switch=\u00bbno\u00bb row_reverse_mobile=\u00bb0&#8243; row_reverse_tablet=\u00bb0&#8243; woodmart_disable_overflow=\u00bb0&#8243; el_class=\u00bbfilaImgCaracteristica\u00bb][vc_column mobile_bg_img_hidden=\u00bbno\u00bb tablet_bg_img_hidden=\u00bbno\u00bb woodmart_parallax=\u00bb0&#8243; woodmart_sticky_column=\u00bbfalse\u00bb parallax_scroll=\u00bbno\u00bb mobile_reset_margin=\u00bbno\u00bb tablet_reset_margin=\u00bbno\u00bb]<\/p>\n<div class=\"container mb-1\">\n<h3 class=\"text-center\">Informaci\u00f3n t\u00e9cnica<\/h3>\n<div class=\"row row-cols-1 row-cols-md-2 row-cols-xl-3 justify-content-md-center\">\n<div class=\"col-xs-1 col-md-1\">\n<div class=\"card\"><img decoding=\"async\" class=\"card-img-top w-100 d-block fit-cover pictoprincipalgrande\" src=\"https:\/\/giatsu.com\/wp-content\/uploads\/2023\/08\/contacto-on-off-y-alarma-e8b7e6.webp\" \/><\/p>\n<div class=\"card-body p-4\">\n<h4 class=\"card-text textospictospeques\">Contacto ON\/ OFF y alarma<\/h4>\n<\/div>\n<\/div>\n<\/div>\n<div class=\"col-xs-1 col-md-1\">\n<div class=\"card\"><img decoding=\"async\" class=\"card-img-top w-100 d-block fit-cover pictoprincipalgrande\" src=\"https:\/\/giatsu.com\/wp-content\/uploads\/2023\/08\/gran_longitud_de_instalacion-48be95.webp\" \/><\/p>\n<div class=\"card-body p-4\">\n<h4 class=\"card-text textospictospeques\">Gran longitud de instalaci\u00f3n<\/h4>\n<\/div>\n<\/div>\n<\/div>\n<div class=\"col-xs-1 col-md-1\">\n<div class=\"card\"><img decoding=\"async\" class=\"card-img-top w-100 d-block fit-cover pictoprincipalgrande\" src=\"https:\/\/giatsu.com\/wp-content\/uploads\/2024\/02\/r-32-b46f41.webp\" \/><\/p>\n<div class=\"card-body p-4\">\n<h4 class=\"card-text textospictospeques\">R 32<\/h4>\n<\/div>\n<\/div>\n<\/div>\n<div class=\"col-xs-1 col-md-1\">\n<div class=\"card\"><img decoding=\"async\" class=\"card-img-top w-100 d-block fit-cover pictoprincipalgrande\" src=\"https:\/\/giatsu.com\/wp-content\/uploads\/2023\/08\/control_cableado-c1d085.webp\" \/><\/p>\n<div class=\"card-body p-4\">\n<h4 class=\"card-text textospictospeques\">Control cableado<\/h4>\n<\/div>\n<\/div>\n<\/div>\n<div class=\"col-xs-1 col-md-1\">\n<div class=\"card\"><img decoding=\"async\" class=\"card-img-top w-100 d-block fit-cover pictoprincipalgrande\" src=\"https:\/\/giatsu.com\/wp-content\/uploads\/2023\/08\/auto_restart-50f34a.webp\" \/><\/p>\n<div class=\"card-body p-4\">\n<h4 class=\"card-text textospictospeques\">Auto restart<\/h4>\n<\/div>\n<\/div>\n<\/div>\n<div class=\"col-xs-1 col-md-1\">\n<div class=\"card\"><img decoding=\"async\" class=\"card-img-top w-100 d-block fit-cover pictoprincipalgrande\" src=\"https:\/\/giatsu.com\/wp-content\/uploads\/2025\/03\/auto_limpieza-7e4e91.webp\" \/><\/p>\n<div class=\"card-body p-4\">\n<h4 class=\"card-text textospictospeques\">Auto limpieza<\/h4>\n<\/div>\n<\/div>\n<\/div>\n<\/div>\n<\/div>\n<div class=\"row justify-content-md-center\">\n<div id=\"botonDescargarFicha\" class=\"vc_btn3-container vc_btn3-inline\"><a class=\"btn btn-light border rounded-4 botondescarga\" title=\"\" href=\"https:\/\/giatsu.com\/documentacion\/\/giatsu-fichas-tecnicas-conductos-lcac-inspira-espanol.pdf\" target=\"_blank\" rel=\"noopener\">Descargar ficha t\u00e9cnica<\/a><\/div>\n<\/div>\n<\/div>","protected":false},"excerpt":{"rendered":"<p>Te presentamos los nuevos <strong>Conductos INSPIRA de Giatsu, <\/strong>esta gama ha sido dise\u00f1ada para adaptarse con flexibilidad a todos los entornos, combinando innovaci\u00f3n tecnol\u00f3gica, rendimiento y facilidad de instalaci\u00f3n.<\/p>\n<p>Los equipos Inspira est\u00e1n preparados para funcionar en condiciones clim\u00e1ticas extremas,\u00a0<strong>operando de forma estable en refrigeraci\u00f3n incluso a 53\u00b0C de temperatura ambiente<\/strong>. El recubrimiento Golden Fin en el intercambiador proporciona una protecci\u00f3n superior frente a la corrosi\u00f3n y oxidaci\u00f3n, alargando la vida \u00fatil del sistema.<\/p>\n<p><strong>Principales ventajas:<\/strong><\/p>\n<p>\u2022 <strong>Dise\u00f1o compacto (200mm de altura):<\/strong> Estructura compacta tipo slim, ideal para techos con espacio limitado y proyectos con requerimientos exigentes.<\/p>\n<p>\u2022 <strong>w<\/strong><strong>i fi integrado:<\/strong> Control y monitorizaci\u00f3n desde GIApp en cualquier dispositivo m\u00f3vil.<\/p>\n<p>\u2022 <strong>Instalaci\u00f3n flexible: <\/strong>Instalaci\u00f3n en posici\u00f3n vertical u horizontal (seg\u00fan modelo), con opciones de retorno posterior o inferior y hasta 75 metros de longitud total de instalaci\u00f3n. Admite hasta 30 metros de diferencia de altura entre unidades.<\/p>\n<p>\u2022 <strong>Bomba de condensados de alto rendimiento:<\/strong> Incorpora bomba con elevaci\u00f3n de hasta 1.200 mm y drenaje dual, lo que facilita la instalaci\u00f3n en diferentes configuraciones.<\/p>\n<p>\u2022 <strong>Enfriamiento y calefacci\u00f3n r\u00e1pida:<\/strong> Ajuste autom\u00e1tico a las condiciones del entorno, alcanzando la temperatura deseada hasta un 20% m\u00e1s r\u00e1pido que sistemas convencionales.<\/p>\n<p>&nbsp;<\/p>\n<p><strong>Otras caracter\u00edsticas destacadas:<\/strong><\/p>\n<p>&#8211; <strong>Golden Fin:<\/strong> recubrimiento anticorrosivo que prolonga la vida \u00fatil del equipo.<\/p>\n<p>&#8211; <strong>Funci\u00f3n Auto-Restart:<\/strong> recuperaci\u00f3n autom\u00e1tica tras cortes de energ\u00eda.<\/p>\n<p>&#8211; <strong>Contactos On\/Off y alarma:<\/strong> para integraci\u00f3n con sistemas de control externos.<\/p>\n<p><strong>&#8211; Funci\u00f3n de auto-limpieza<\/strong> que mejora la eficiencia y prolonga el rendimiento.<\/p>\n<p><strong>&#8211; Modo vacaciones<\/strong>, que mantiene una temperatura m\u00ednima de 8 grados cent\u00edgrados durante ausencias prolongadas.<\/p>\n<p><strong>&#8211; Arranque a bajo voltaje (175V)<\/strong>, gracias a la tecnolog\u00eda de compensaci\u00f3n autom\u00e1tica.<\/p>\n<p>Potencias disponibles: 3.5KW, 5.2KW 7.1KW, 8.2KW, 10.5KW, 14KW, 16KW<\/p>\n<p>&nbsp;<\/p>\n<p><strong>Inspira el cambio en la climatizaci\u00f3n, vers\u00e1til, eficiente e inteligente.<\/strong><\/p>\n<p>&nbsp;<\/p>\n<div class=\"divPictosEnergia\">[vc_single_image image=&#8217;10410&#8242; alignment=&#8217;center&#8217; woodmart_inline=&#8217;no&#8217; parallax_scroll=&#8217;no&#8217; el_class=&#8217;imgEnergia&#8217; img_size=&#8217;72&#215;36&#8242;][vc_single_image image=&#8217;10510&#8242; alignment=&#8217;center&#8217; woodmart_inline=&#8217;no&#8217; parallax_scroll=&#8217;no&#8217; el_class=&#8217;imgEnergia&#8217; img_size=&#8217;72&#215;36&#8242;][vc_single_image image=&#8217;10405&#8242; alignment=&#8217;center&#8217; woodmart_inline=&#8217;no&#8217; parallax_scroll=&#8217;no&#8217; el_class=&#8217;imgEnergia&#8217; img_size=&#8217;72&#215;36&#8242;]<\/div>\n","protected":false},"featured_media":13229,"template":"","meta":{"_monsterinsights_skip_tracking":false,"_monsterinsights_sitenote_active":false,"_monsterinsights_sitenote_note":"","_monsterinsights_sitenote_category":0},"product_brand":[],"product_cat":[559,570],"product_tag":[],"class_list":{"0":"post-13069","1":"product","2":"type-product","3":"status-publish","4":"has-post-thumbnail","6":"product_cat-comercial","7":"product_cat-conductos","9":"first","10":"instock","11":"featured","12":"shipping-taxable","13":"product-type-simple"},"yoast_head":"<!-- This site is optimized with the Yoast SEO plugin v26.6 - https:\/\/yoast.com\/wordpress\/plugins\/seo\/ -->\n<title>Conducto INSPIRA Giatsu | Aire Acondicionado Slim con WiFi y Alta Eficiencia<\/title>\n<meta name=\"description\" content=\"El Conducto INSPIRA de Giatsu ofrece dise\u00f1o ultracompacto de 200 mm, bomba de condensados de 1200 mm y WiFi integrado. Adaptabilidad, eficiencia y confort para cualquier espacio\" \/>\n<meta name=\"robots\" content=\"index, follow, max-snippet:-1, max-image-preview:large, max-video-preview:-1\" \/>\n<link rel=\"canonical\" href=\"https:\/\/giatsu.com\/es\/comercial\/conductos\/conductos-inspira\/\" \/>\n<meta property=\"og:locale\" content=\"es_ES\" \/>\n<meta property=\"og:type\" content=\"article\" \/>\n<meta property=\"og:title\" content=\"Conducto INSPIRA Giatsu | Aire Acondicionado Slim con WiFi y Alta Eficiencia\" \/>\n<meta property=\"og:description\" content=\"El Conducto INSPIRA de Giatsu ofrece dise\u00f1o ultracompacto de 200 mm, bomba de condensados de 1200 mm y WiFi integrado. Adaptabilidad, eficiencia y confort para cualquier espacio\" \/>\n<meta property=\"og:url\" content=\"https:\/\/giatsu.com\/es\/comercial\/conductos\/conductos-inspira\/\" \/>\n<meta property=\"og:site_name\" content=\"GIATSU\" \/>\n<meta property=\"article:modified_time\" content=\"2025-07-25T11:56:04+00:00\" \/>\n<meta property=\"og:image\" content=\"https:\/\/giatsu.com\/wp-content\/uploads\/2025\/03\/conducto-inspira3-65bd79.webp\" \/>\n\t<meta property=\"og:image:width\" content=\"500\" \/>\n\t<meta property=\"og:image:height\" content=\"500\" \/>\n\t<meta property=\"og:image:type\" content=\"image\/webp\" \/>\n<meta name=\"twitter:card\" content=\"summary_large_image\" \/>\n<meta name=\"twitter:label1\" content=\"Tiempo de lectura\" \/>\n\t<meta name=\"twitter:data1\" content=\"3 minutos\" \/>\n<script type=\"application\/ld+json\" class=\"yoast-schema-graph\">{\"@context\":\"https:\/\/schema.org\",\"@graph\":[{\"@type\":\"WebPage\",\"@id\":\"https:\/\/giatsu.com\/es\/comercial\/conductos\/conductos-inspira\/\",\"url\":\"https:\/\/giatsu.com\/es\/comercial\/conductos\/conductos-inspira\/\",\"name\":\"Conducto INSPIRA Giatsu | Aire Acondicionado Slim con WiFi y Alta Eficiencia\",\"isPartOf\":{\"@id\":\"https:\/\/giatsu.com\/es\/#website\"},\"primaryImageOfPage\":{\"@id\":\"https:\/\/giatsu.com\/es\/comercial\/conductos\/conductos-inspira\/#primaryimage\"},\"image\":{\"@id\":\"https:\/\/giatsu.com\/es\/comercial\/conductos\/conductos-inspira\/#primaryimage\"},\"thumbnailUrl\":\"https:\/\/giatsu.com\/wp-content\/uploads\/2025\/03\/conducto-inspira3-65bd79.webp\",\"datePublished\":\"2025-03-14T07:24:53+00:00\",\"dateModified\":\"2025-07-25T11:56:04+00:00\",\"description\":\"El Conducto INSPIRA de Giatsu ofrece dise\u00f1o ultracompacto de 200 mm, bomba de condensados de 1200 mm y WiFi integrado. Adaptabilidad, eficiencia y confort para cualquier espacio\",\"breadcrumb\":{\"@id\":\"https:\/\/giatsu.com\/es\/comercial\/conductos\/conductos-inspira\/#breadcrumb\"},\"inLanguage\":\"es\",\"potentialAction\":[{\"@type\":\"ReadAction\",\"target\":[\"https:\/\/giatsu.com\/es\/comercial\/conductos\/conductos-inspira\/\"]}]},{\"@type\":\"ImageObject\",\"inLanguage\":\"es\",\"@id\":\"https:\/\/giatsu.com\/es\/comercial\/conductos\/conductos-inspira\/#primaryimage\",\"url\":\"https:\/\/giatsu.com\/wp-content\/uploads\/2025\/03\/conducto-inspira3-65bd79.webp\",\"contentUrl\":\"https:\/\/giatsu.com\/wp-content\/uploads\/2025\/03\/conducto-inspira3-65bd79.webp\",\"width\":500,\"height\":500},{\"@type\":\"BreadcrumbList\",\"@id\":\"https:\/\/giatsu.com\/es\/comercial\/conductos\/conductos-inspira\/#breadcrumb\",\"itemListElement\":[{\"@type\":\"ListItem\",\"position\":1,\"name\":\"Home\",\"item\":\"https:\/\/giatsu.com\/es\/\"},{\"@type\":\"ListItem\",\"position\":2,\"name\":\"PRODUCTOS\",\"item\":\"https:\/\/giatsu.com\/es\/productos\/\"},{\"@type\":\"ListItem\",\"position\":3,\"name\":\"CONDUCTOS INSPIRA\"}]},{\"@type\":\"WebSite\",\"@id\":\"https:\/\/giatsu.com\/es\/#website\",\"url\":\"https:\/\/giatsu.com\/es\/\",\"name\":\"GIATSU\",\"description\":\"Quality Comfort Everywhere\",\"potentialAction\":[{\"@type\":\"SearchAction\",\"target\":{\"@type\":\"EntryPoint\",\"urlTemplate\":\"https:\/\/giatsu.com\/es\/?s={search_term_string}\"},\"query-input\":{\"@type\":\"PropertyValueSpecification\",\"valueRequired\":true,\"valueName\":\"search_term_string\"}}],\"inLanguage\":\"es\"}]}<\/script>\n<!-- \/ Yoast SEO plugin. -->","yoast_head_json":{"title":"Conducto INSPIRA Giatsu | Aire Acondicionado Slim con WiFi y Alta Eficiencia","description":"El Conducto INSPIRA de Giatsu ofrece dise\u00f1o ultracompacto de 200 mm, bomba de condensados de 1200 mm y WiFi integrado. Adaptabilidad, eficiencia y confort para cualquier espacio","robots":{"index":"index","follow":"follow","max-snippet":"max-snippet:-1","max-image-preview":"max-image-preview:large","max-video-preview":"max-video-preview:-1"},"canonical":"https:\/\/giatsu.com\/es\/comercial\/conductos\/conductos-inspira\/","og_locale":"es_ES","og_type":"article","og_title":"Conducto INSPIRA Giatsu | Aire Acondicionado Slim con WiFi y Alta Eficiencia","og_description":"El Conducto INSPIRA de Giatsu ofrece dise\u00f1o ultracompacto de 200 mm, bomba de condensados de 1200 mm y WiFi integrado. Adaptabilidad, eficiencia y confort para cualquier espacio","og_url":"https:\/\/giatsu.com\/es\/comercial\/conductos\/conductos-inspira\/","og_site_name":"GIATSU","article_modified_time":"2025-07-25T11:56:04+00:00","og_image":[{"width":500,"height":500,"url":"https:\/\/giatsu.com\/wp-content\/uploads\/2025\/03\/conducto-inspira3-65bd79.webp","type":"image\/webp"}],"twitter_card":"summary_large_image","twitter_misc":{"Tiempo de lectura":"3 minutos"},"schema":{"@context":"https:\/\/schema.org","@graph":[{"@type":"WebPage","@id":"https:\/\/giatsu.com\/es\/comercial\/conductos\/conductos-inspira\/","url":"https:\/\/giatsu.com\/es\/comercial\/conductos\/conductos-inspira\/","name":"Conducto INSPIRA Giatsu | Aire Acondicionado Slim con WiFi y Alta Eficiencia","isPartOf":{"@id":"https:\/\/giatsu.com\/es\/#website"},"primaryImageOfPage":{"@id":"https:\/\/giatsu.com\/es\/comercial\/conductos\/conductos-inspira\/#primaryimage"},"image":{"@id":"https:\/\/giatsu.com\/es\/comercial\/conductos\/conductos-inspira\/#primaryimage"},"thumbnailUrl":"https:\/\/giatsu.com\/wp-content\/uploads\/2025\/03\/conducto-inspira3-65bd79.webp","datePublished":"2025-03-14T07:24:53+00:00","dateModified":"2025-07-25T11:56:04+00:00","description":"El Conducto INSPIRA de Giatsu ofrece dise\u00f1o ultracompacto de 200 mm, bomba de condensados de 1200 mm y WiFi integrado. Adaptabilidad, eficiencia y confort para cualquier espacio","breadcrumb":{"@id":"https:\/\/giatsu.com\/es\/comercial\/conductos\/conductos-inspira\/#breadcrumb"},"inLanguage":"es","potentialAction":[{"@type":"ReadAction","target":["https:\/\/giatsu.com\/es\/comercial\/conductos\/conductos-inspira\/"]}]},{"@type":"ImageObject","inLanguage":"es","@id":"https:\/\/giatsu.com\/es\/comercial\/conductos\/conductos-inspira\/#primaryimage","url":"https:\/\/giatsu.com\/wp-content\/uploads\/2025\/03\/conducto-inspira3-65bd79.webp","contentUrl":"https:\/\/giatsu.com\/wp-content\/uploads\/2025\/03\/conducto-inspira3-65bd79.webp","width":500,"height":500},{"@type":"BreadcrumbList","@id":"https:\/\/giatsu.com\/es\/comercial\/conductos\/conductos-inspira\/#breadcrumb","itemListElement":[{"@type":"ListItem","position":1,"name":"Home","item":"https:\/\/giatsu.com\/es\/"},{"@type":"ListItem","position":2,"name":"PRODUCTOS","item":"https:\/\/giatsu.com\/es\/productos\/"},{"@type":"ListItem","position":3,"name":"CONDUCTOS INSPIRA"}]},{"@type":"WebSite","@id":"https:\/\/giatsu.com\/es\/#website","url":"https:\/\/giatsu.com\/es\/","name":"GIATSU","description":"Quality Comfort Everywhere","potentialAction":[{"@type":"SearchAction","target":{"@type":"EntryPoint","urlTemplate":"https:\/\/giatsu.com\/es\/?s={search_term_string}"},"query-input":{"@type":"PropertyValueSpecification","valueRequired":true,"valueName":"search_term_string"}}],"inLanguage":"es"}]}},"_links":{"self":[{"href":"https:\/\/giatsu.com\/es\/wp-json\/wp\/v2\/product\/13069","targetHints":{"allow":["GET"]}}],"collection":[{"href":"https:\/\/giatsu.com\/es\/wp-json\/wp\/v2\/product"}],"about":[{"href":"https:\/\/giatsu.com\/es\/wp-json\/wp\/v2\/types\/product"}],"wp:featuredmedia":[{"embeddable":true,"href":"https:\/\/giatsu.com\/es\/wp-json\/wp\/v2\/media\/13229"}],"wp:attachment":[{"href":"https:\/\/giatsu.com\/es\/wp-json\/wp\/v2\/media?parent=13069"}],"wp:term":[{"taxonomy":"product_brand","embeddable":true,"href":"https:\/\/giatsu.com\/es\/wp-json\/wp\/v2\/product_brand?post=13069"},{"taxonomy":"product_cat","embeddable":true,"href":"https:\/\/giatsu.com\/es\/wp-json\/wp\/v2\/product_cat?post=13069"},{"taxonomy":"product_tag","embeddable":true,"href":"https:\/\/giatsu.com\/es\/wp-json\/wp\/v2\/product_tag?post=13069"}],"curies":[{"name":"wp","href":"https:\/\/api.w.org\/{rel}","templated":true}]}}