{"id":13006,"date":"2025-03-06T07:57:57","date_gmt":"2025-03-06T07:57:57","guid":{"rendered":"https:\/\/giatsu.com\/?post_type=product&#038;p=13006"},"modified":"2025-07-16T06:38:40","modified_gmt":"2025-07-16T06:38:40","slug":"aroma-plus","status":"publish","type":"product","link":"https:\/\/giatsu.com\/es\/splits\/splits-1x1\/aroma-plus\/","title":{"rendered":"AROMA PLUS"},"content":{"rendered":"<div class=\"wpb-content-wrapper\"><p>&nbsp;<\/p>\n<div class=\"container mb-1 moduloprincipalespictos\">\n<h2 class=\"text-center tituloprincipales\">Caracter\u00edsticas principales<\/h2>\n<div class=\"row row-cols-1 row-cols-md-2 row-cols-xl-3\">\n<div class=\"col-xs-6 col-md-3 order-last\">\n<div class=\"card\"><img decoding=\"async\" class=\"card-img-top w-100 d-block fit-cover pictoprincipalgrande\" src=\"https:\/\/giatsu.com\/wp-content\/uploads\/2023\/06\/versatilidad-2d1bce.webp\" \/><\/p>\n<div class=\"card-body p-4\">\n<h3 class=\"font-weight-bold card-title\">Versatilidad<\/h3>\n<p class=\"card-text\">Soporta grandes distancias de instalaci\u00f3n: 50 m de distancia y 25 m de desnivel (para el modelo 7,1 kW).<\/p>\n<\/div>\n<\/div>\n<\/div>\n<div class=\"col-xs-6 col-md-3 order-last\">\n<div class=\"card\"><img decoding=\"async\" class=\"card-img-top w-100 d-block fit-cover pictoprincipalgrande\" src=\"https:\/\/giatsu.com\/wp-content\/uploads\/2024\/05\/eficiente-985b20.webp\" \/><\/p>\n<div class=\"card-body p-4\">\n<h3 class=\"font-weight-bold card-title\">Eficiente<\/h3>\n<p class=\"card-text\">Clasificaci\u00f3n A+++ en fr\u00edo y A++ en calor<\/p>\n<\/div>\n<\/div>\n<\/div>\n<div class=\"col-xs-6 col-md-3 order-last\">\n<div class=\"card\"><img decoding=\"async\" class=\"card-img-top w-100 d-block fit-cover pictoprincipalgrande\" src=\"https:\/\/giatsu.com\/wp-content\/uploads\/2023\/08\/wifi-incluido-cb8169.webp\" \/><\/p>\n<div class=\"card-body p-4\">\n<h3 class=\"font-weight-bold card-title\">wifi incluido<\/h3>\n<p class=\"card-text\">A trav\u00e9s de la aplicaci\u00f3n GIApp se puede controlar el equipo desde un smartphone, tablet o por voz con Alexa y Google Home.<\/p>\n<\/div>\n<\/div>\n<\/div>\n<div class=\"col-xs-6 col-md-3 order-last\">\n<div class=\"card\"><img decoding=\"async\" class=\"card-img-top w-100 d-block fit-cover pictoprincipalgrande\" src=\"https:\/\/giatsu.com\/wp-content\/uploads\/2025\/03\/acabado-mate-f6607d.webp\" \/><\/p>\n<div class=\"card-body p-4\">\n<h3 class=\"font-weight-bold card-title\">Acabado mate<\/h3>\n<p class=\"card-text\">El acabado mate con su textura suave, fusiona elegancia y originalidad con una est\u00e9tica moderna y discreta.<\/p>\n<\/div>\n<\/div>\n<\/div>\n<\/div>\n<\/div>\n<hr \/>\n<p>[vc_row mobile_bg_img_hidden=\u00bbno\u00bb tablet_bg_img_hidden=\u00bbno\u00bb woodmart_parallax=\u00bb0&#8243; woodmart_gradient_switch=\u00bbno\u00bb row_reverse_mobile=\u00bb0&#8243; row_reverse_tablet=\u00bb0&#8243; woodmart_disable_overflow=\u00bb0&#8243; el_class=\u00bbfilaImgCaracteristica\u00bb][vc_column mobile_bg_img_hidden=\u00bbno\u00bb tablet_bg_img_hidden=\u00bbno\u00bb woodmart_parallax=\u00bb0&#8243; woodmart_sticky_column=\u00bbfalse\u00bb parallax_scroll=\u00bbno\u00bb mobile_reset_margin=\u00bbno\u00bb tablet_reset_margin=\u00bbno\u00bb]<\/p>\n<div class=\"container mb-1\">\n<h3 class=\"text-center\">Informaci\u00f3n t\u00e9cnica<\/h3>\n<div class=\"row row-cols-1 row-cols-md-2 row-cols-xl-3 justify-content-md-center\">\n<div class=\"col-xs-1 col-md-1\">\n<div class=\"card\"><img decoding=\"async\" class=\"card-img-top w-100 d-block fit-cover pictoprincipalgrande\" src=\"https:\/\/giatsu.com\/wp-content\/uploads\/2023\/08\/modo-noche-b8d8e1.webp\" \/><\/p>\n<div class=\"card-body p-4\">\n<h4 class=\"card-text textospictospeques\">Modo noche<\/h4>\n<\/div>\n<\/div>\n<\/div>\n<div class=\"col-xs-1 col-md-1\">\n<div class=\"card\"><img decoding=\"async\" class=\"card-img-top w-100 d-block fit-cover pictoprincipalgrande\" src=\"https:\/\/giatsu.com\/wp-content\/uploads\/2023\/08\/deshumificador-0818c1.webp\" \/><\/p>\n<div class=\"card-body p-4\">\n<h4 class=\"card-text textospictospeques\">Deshumidificador<\/h4>\n<\/div>\n<\/div>\n<\/div>\n<div class=\"col-xs-1 col-md-1\">\n<div class=\"card\"><img decoding=\"async\" class=\"card-img-top w-100 d-block fit-cover pictoprincipalgrande\" src=\"https:\/\/giatsu.com\/wp-content\/uploads\/2023\/08\/temporizador_24_h-f6c646.webp\" \/><\/p>\n<div class=\"card-body p-4\">\n<h4 class=\"card-text textospictospeques\">Temporizador 24h<\/h4>\n<\/div>\n<\/div>\n<\/div>\n<div class=\"col-xs-1 col-md-1\">\n<div class=\"card\"><img decoding=\"async\" class=\"card-img-top w-100 d-block fit-cover pictoprincipalgrande\" src=\"https:\/\/giatsu.com\/wp-content\/uploads\/2024\/04\/proteccion_golden_fin-76b666.webp\" \/><\/p>\n<div class=\"card-body p-4\">\n<h4 class=\"card-text textospictospeques\">Protecci\u00f3n Golden Fin<\/h4>\n<\/div>\n<\/div>\n<\/div>\n<div class=\"col-xs-1 col-md-1\">\n<div class=\"card\"><img decoding=\"async\" class=\"card-img-top w-100 d-block fit-cover pictoprincipalgrande\" src=\"https:\/\/giatsu.com\/wp-content\/uploads\/2023\/08\/detector_de_fuga-ec-33dc19.webp\" \/><\/p>\n<div class=\"card-body p-4\">\n<h4 class=\"card-text textospictospeques\">Detector de fuga (EC)<\/h4>\n<\/div>\n<\/div>\n<\/div>\n<div class=\"col-xs-1 col-md-1\">\n<div class=\"card\"><img decoding=\"async\" class=\"card-img-top w-100 d-block fit-cover pictoprincipalgrande\" src=\"https:\/\/giatsu.com\/wp-content\/uploads\/2023\/08\/desague_por_ambos_lados-030c35.webp\" \/><\/p>\n<div class=\"card-body p-4\">\n<h4 class=\"card-text textospictospeques\">Desag\u00fce por ambos lados<\/h4>\n<\/div>\n<\/div>\n<\/div>\n<\/div>\n<\/div>\n<div class=\"row justify-content-md-center\">\n<div id=\"botonDescargarFicha\" class=\"vc_btn3-container vc_btn3-inline\"><a class=\"btn btn-light border rounded-4 botondescarga\" title=\"\" href=\"https:\/\/giatsu.com\/documentacion\/\/giatsu-fichas-tecnicas-split-pared-1x1-aroma-plus-espanol.pdf\" target=\"_blank\" rel=\"noopener\">Descargar ficha t\u00e9cnica<\/a><\/div>\n<\/div>\n<div class=\"row\">\n<hr \/>\n<div class=\"col text-center\"><a class=\"btn btn-light border rounded-4 botonDescargaManual botondescarga\" href=\"https:\/\/giatsu.com\/documentacion\/\/giatsu-manual-de-usuario-e-instalacion-split-pared-1x1-aroma-plus-multiidioma.pdf\" target=\"_blank\" rel=\"noopener\">Manual de usuario<\/a><\/div>\n<hr \/>\n<\/div>\n<div class=\"container mb-1 videoweb\"><style>\n       .errordiv { padding:10px; margin:10px; border: 1px solid #555555;color: #000000;background-color: #f8f8f8; width:500px; }#iframe1 {visibility:visible;opacity:1;vertical-align:top;}.ai-info-bottom-iframe { position: fixed; z-index: 10000; bottom:0; left: 0; margin: 0px; text-align: center; width: 100%; background-color: #ff9999; padding-left: 5px;padding-bottom: 5px; border-top: 1px solid #aaa } a.ai-bold {font-weight: bold;}#ai-layer-div-iframe1 p {height:100%;margin:0;padding:0}<\/style><script type=\"text\/javascript\">var ai_iframe_width_iframe1 = 0;var ai_iframe_height_iframe1 = 0;function aiReceiveMessageiframe1(event) {  aiProcessMessage(event,\"iframe1\", \"true\");}if (window.addEventListener) {  window.addEventListener(\"message\", aiReceiveMessageiframe1);} else if (el.attachEvent)  {  el.attachEvent(\"message\", aiReceiveMessageiframe1);}var aiOnloadScrollTop=\"true\";var aiShowDebug=false;\n\t\tif (typeof aiReadyCallbacks === 'undefined') {\n\t\t\tvar aiReadyCallbacks = [];\n\t\t} else if (!(aiReadyCallbacks instanceof Array)) {\n\t\t\tvar aiReadyCallbacks = [];\n\t\t}    function aiShowIframeId(id_iframe) { jQuery(\"#\"+id_iframe).css(\"visibility\", \"visible\");    }    function aiResizeIframeHeight(height) { aiResizeIframeHeight(height,iframe1); }    function aiResizeIframeHeightId(height,width,id) {aiResizeIframeHeightById(id,height);}<\/script><iframe id=\"iframe1\"  name=\"iframe1\"  src=\"https:\/\/www.youtube.com\/embed\/TKIQ_aaeY5M?rel=0&#038;controls=0&#038;showinfo=0&#038;modestbranding=1&#038;theme=light\"  width=\"100%\"  height=\"600\"  frameborder=\"0\"  border=\"0\"  allowtransparency=\"true\"  loading=\"lazy\"  style=\";border-width: 0px;;border: none;;width:100%;height:600px;\" ><\/iframe><script type=\"text\/javascript\">var ifrm_iframe1 = document.getElementById(\"iframe1\");var hiddenTabsDoneiframe1 = false;\nfunction resizeCallbackiframe1() {}<\/script><script type=\"text\/javascript\"><\/script><p style=\"display:block !important; visibility:visible !important;margin: -18px 14px 0 0;padding-left: 3px;padding-top:3px;background: white; overflow: hidden; position: relative; line-height:15px;width: fit-content;\"><small style=\"display:block !important;visibility:visible !important\">powered by Advanced iFrame<\/small><\/p><\/div>\n<\/div>","protected":false},"excerpt":{"rendered":"<p>El Aroma Plus Split 1&#215;1 se posiciona como una de las soluciones m\u00e1s innovadoras y avanzadas del mercado.<\/p>\n<p>Dise\u00f1ado para ofrecer m\u00e1ximo rendimiento con un consumo m\u00ednimo, este equipo destaca por su tecnolog\u00eda de vanguardia, facilidad de instalaci\u00f3n y un dise\u00f1o elegante con acabado mate que se adapta a cualquier entorno.<\/p>\n<p data-pm-slice=\"1 1 [\"><strong>Ultra silencioso con solo 19 dB<\/strong>, ideal para un descanso y confort absoluto.<\/p>\n<p><strong>Principales Caracter\u00edsticas:<\/strong><\/p>\n<ul>\n<li>Eficiencia Energ\u00e9tica A+++ en refrigeraci\u00f3n para un consumo reducido y m\u00e1ximo confort.<\/li>\n<li>Sistema ECO+, que optimiza el rendimiento ajustando los componentes mec\u00e1nicos y electr\u00f3nicos.<\/li>\n<li>Sensor de temperatura en el mando a distancia para ajustes precisos y personalizados.<\/li>\n<li>Modo I-Clean, que congela y calienta la bater\u00eda eliminando polvo, moho y grasa acumulada.<\/li>\n<li>Sistema de filtrado avanzado con filtros Cold Catalyst, Silver Ion y Carb\u00f3n Activo para un aire m\u00e1s limpio y saludable.<\/li>\n<li>Recubrimiento Golden Fin, que protege las bater\u00edas contra la corrosi\u00f3n y prolonga su vida \u00fatil.<\/li>\n<li>Dispone de wifi integrado y compatibilidad con Google Home y Alexa para control remoto mediante app o comandos de voz.<\/li>\n<li>Dise\u00f1o elegante con acabado mate, moderno y discreto para cualquier espacio.<\/li>\n<\/ul>\n<p><strong>10 a\u00f1os de garant\u00eda del compresor.<\/strong><\/p>\n<p>Potencias disponibles: 2,6KW,\u00a0 3,5KW,\u00a0 5,2KW,\u00a0 7,1KW<\/p>\n<div class=\"divPictosEnergia\">[vc_single_image image=&#8217;10410&#8242; alignment=&#8217;center&#8217; woodmart_inline=&#8217;no&#8217; parallax_scroll=&#8217;no&#8217; el_class=&#8217;imgEnergia&#8217; img_size=&#8217;72&#215;36&#8242;][vc_single_image image=&#8217;13014&#8242; alignment=&#8217;center&#8217; woodmart_inline=&#8217;no&#8217; parallax_scroll=&#8217;no&#8217; el_class=&#8217;imgEnergia&#8217; img_size=&#8217;72&#215;36&#8242;][vc_single_image image=&#8217;13009&#8242; alignment=&#8217;center&#8217; woodmart_inline=&#8217;no&#8217; parallax_scroll=&#8217;no&#8217; el_class=&#8217;imgEnergia&#8217; img_size=&#8217;72&#215;36&#8242;]<\/div>\n","protected":false},"featured_media":13029,"template":"","meta":{"_monsterinsights_skip_tracking":false,"_monsterinsights_sitenote_active":false,"_monsterinsights_sitenote_note":"","_monsterinsights_sitenote_category":0},"product_brand":[],"product_cat":[558,567],"product_tag":[],"class_list":{"0":"post-13006","1":"product","2":"type-product","3":"status-publish","4":"has-post-thumbnail","6":"product_cat-splits","7":"product_cat-splits-1x1","9":"first","10":"instock","11":"featured","12":"shipping-taxable","13":"product-type-simple"},"yoast_head":"<!-- This site is optimized with the Yoast SEO plugin v26.6 - https:\/\/yoast.com\/wordpress\/plugins\/seo\/ -->\n<title>Aroma Plus el split con mayor eficiencia energ\u00e9tica<\/title>\n<meta name=\"description\" content=\"Aroma Plus Split 1x1: aire acondicionado A+++ de bajo consumo con tecnolog\u00eda 3D de flujo de aire, filtros avanzados y WiFi integrado. Disfruta de un entorno saludable y confortable con control remoto desde tu smartphone. F\u00e1cil instalaci\u00f3n, mantenimiento optimizado y 10 a\u00f1os de garant\u00eda en el compresor. \u00a1M\u00e1ximo rendimiento con m\u00ednimo consumo!\" \/>\n<meta name=\"robots\" content=\"index, follow, max-snippet:-1, max-image-preview:large, max-video-preview:-1\" \/>\n<link rel=\"canonical\" href=\"https:\/\/giatsu.com\/es\/splits\/splits-1x1\/aroma-plus\/\" \/>\n<meta property=\"og:locale\" content=\"es_ES\" \/>\n<meta property=\"og:type\" content=\"article\" \/>\n<meta property=\"og:title\" content=\"Aroma Plus el split con mayor eficiencia energ\u00e9tica\" \/>\n<meta property=\"og:description\" content=\"Aroma Plus Split 1x1: aire acondicionado A+++ de bajo consumo con tecnolog\u00eda 3D de flujo de aire, filtros avanzados y WiFi integrado. Disfruta de un entorno saludable y confortable con control remoto desde tu smartphone. F\u00e1cil instalaci\u00f3n, mantenimiento optimizado y 10 a\u00f1os de garant\u00eda en el compresor. \u00a1M\u00e1ximo rendimiento con m\u00ednimo consumo!\" \/>\n<meta property=\"og:url\" content=\"https:\/\/giatsu.com\/es\/splits\/splits-1x1\/aroma-plus\/\" \/>\n<meta property=\"og:site_name\" content=\"GIATSU\" \/>\n<meta property=\"article:modified_time\" content=\"2025-07-16T06:38:40+00:00\" \/>\n<meta property=\"og:image\" content=\"https:\/\/giatsu.com\/wp-content\/uploads\/2025\/03\/aroma-plus-1x1-963510.webp\" \/>\n\t<meta property=\"og:image:width\" content=\"500\" \/>\n\t<meta property=\"og:image:height\" content=\"500\" \/>\n\t<meta property=\"og:image:type\" content=\"image\/webp\" \/>\n<meta name=\"twitter:card\" content=\"summary_large_image\" \/>\n<meta name=\"twitter:label1\" content=\"Tiempo de lectura\" \/>\n\t<meta name=\"twitter:data1\" content=\"3 minutos\" \/>\n<script type=\"application\/ld+json\" class=\"yoast-schema-graph\">{\"@context\":\"https:\/\/schema.org\",\"@graph\":[{\"@type\":\"WebPage\",\"@id\":\"https:\/\/giatsu.com\/es\/splits\/splits-1x1\/aroma-plus\/\",\"url\":\"https:\/\/giatsu.com\/es\/splits\/splits-1x1\/aroma-plus\/\",\"name\":\"Aroma Plus el split con mayor eficiencia energ\u00e9tica\",\"isPartOf\":{\"@id\":\"https:\/\/giatsu.com\/es\/#website\"},\"primaryImageOfPage\":{\"@id\":\"https:\/\/giatsu.com\/es\/splits\/splits-1x1\/aroma-plus\/#primaryimage\"},\"image\":{\"@id\":\"https:\/\/giatsu.com\/es\/splits\/splits-1x1\/aroma-plus\/#primaryimage\"},\"thumbnailUrl\":\"https:\/\/giatsu.com\/wp-content\/uploads\/2025\/03\/aroma-plus-1x1-963510.webp\",\"datePublished\":\"2025-03-06T07:57:57+00:00\",\"dateModified\":\"2025-07-16T06:38:40+00:00\",\"description\":\"Aroma Plus Split 1x1: aire acondicionado A+++ de bajo consumo con tecnolog\u00eda 3D de flujo de aire, filtros avanzados y WiFi integrado. Disfruta de un entorno saludable y confortable con control remoto desde tu smartphone. F\u00e1cil instalaci\u00f3n, mantenimiento optimizado y 10 a\u00f1os de garant\u00eda en el compresor. \u00a1M\u00e1ximo rendimiento con m\u00ednimo consumo!\",\"breadcrumb\":{\"@id\":\"https:\/\/giatsu.com\/es\/splits\/splits-1x1\/aroma-plus\/#breadcrumb\"},\"inLanguage\":\"es\",\"potentialAction\":[{\"@type\":\"ReadAction\",\"target\":[\"https:\/\/giatsu.com\/es\/splits\/splits-1x1\/aroma-plus\/\"]}]},{\"@type\":\"ImageObject\",\"inLanguage\":\"es\",\"@id\":\"https:\/\/giatsu.com\/es\/splits\/splits-1x1\/aroma-plus\/#primaryimage\",\"url\":\"https:\/\/giatsu.com\/wp-content\/uploads\/2025\/03\/aroma-plus-1x1-963510.webp\",\"contentUrl\":\"https:\/\/giatsu.com\/wp-content\/uploads\/2025\/03\/aroma-plus-1x1-963510.webp\",\"width\":500,\"height\":500},{\"@type\":\"BreadcrumbList\",\"@id\":\"https:\/\/giatsu.com\/es\/splits\/splits-1x1\/aroma-plus\/#breadcrumb\",\"itemListElement\":[{\"@type\":\"ListItem\",\"position\":1,\"name\":\"Home\",\"item\":\"https:\/\/giatsu.com\/es\/\"},{\"@type\":\"ListItem\",\"position\":2,\"name\":\"PRODUCTOS\",\"item\":\"https:\/\/giatsu.com\/es\/productos\/\"},{\"@type\":\"ListItem\",\"position\":3,\"name\":\"AROMA PLUS\"}]},{\"@type\":\"WebSite\",\"@id\":\"https:\/\/giatsu.com\/es\/#website\",\"url\":\"https:\/\/giatsu.com\/es\/\",\"name\":\"GIATSU\",\"description\":\"Quality Comfort Everywhere\",\"potentialAction\":[{\"@type\":\"SearchAction\",\"target\":{\"@type\":\"EntryPoint\",\"urlTemplate\":\"https:\/\/giatsu.com\/es\/?s={search_term_string}\"},\"query-input\":{\"@type\":\"PropertyValueSpecification\",\"valueRequired\":true,\"valueName\":\"search_term_string\"}}],\"inLanguage\":\"es\"}]}<\/script>\n<!-- \/ Yoast SEO plugin. -->","yoast_head_json":{"title":"Aroma Plus el split con mayor eficiencia energ\u00e9tica","description":"Aroma Plus Split 1x1: aire acondicionado A+++ de bajo consumo con tecnolog\u00eda 3D de flujo de aire, filtros avanzados y WiFi integrado. Disfruta de un entorno saludable y confortable con control remoto desde tu smartphone. F\u00e1cil instalaci\u00f3n, mantenimiento optimizado y 10 a\u00f1os de garant\u00eda en el compresor. \u00a1M\u00e1ximo rendimiento con m\u00ednimo consumo!","robots":{"index":"index","follow":"follow","max-snippet":"max-snippet:-1","max-image-preview":"max-image-preview:large","max-video-preview":"max-video-preview:-1"},"canonical":"https:\/\/giatsu.com\/es\/splits\/splits-1x1\/aroma-plus\/","og_locale":"es_ES","og_type":"article","og_title":"Aroma Plus el split con mayor eficiencia energ\u00e9tica","og_description":"Aroma Plus Split 1x1: aire acondicionado A+++ de bajo consumo con tecnolog\u00eda 3D de flujo de aire, filtros avanzados y WiFi integrado. Disfruta de un entorno saludable y confortable con control remoto desde tu smartphone. F\u00e1cil instalaci\u00f3n, mantenimiento optimizado y 10 a\u00f1os de garant\u00eda en el compresor. \u00a1M\u00e1ximo rendimiento con m\u00ednimo consumo!","og_url":"https:\/\/giatsu.com\/es\/splits\/splits-1x1\/aroma-plus\/","og_site_name":"GIATSU","article_modified_time":"2025-07-16T06:38:40+00:00","og_image":[{"width":500,"height":500,"url":"https:\/\/giatsu.com\/wp-content\/uploads\/2025\/03\/aroma-plus-1x1-963510.webp","type":"image\/webp"}],"twitter_card":"summary_large_image","twitter_misc":{"Tiempo de lectura":"3 minutos"},"schema":{"@context":"https:\/\/schema.org","@graph":[{"@type":"WebPage","@id":"https:\/\/giatsu.com\/es\/splits\/splits-1x1\/aroma-plus\/","url":"https:\/\/giatsu.com\/es\/splits\/splits-1x1\/aroma-plus\/","name":"Aroma Plus el split con mayor eficiencia energ\u00e9tica","isPartOf":{"@id":"https:\/\/giatsu.com\/es\/#website"},"primaryImageOfPage":{"@id":"https:\/\/giatsu.com\/es\/splits\/splits-1x1\/aroma-plus\/#primaryimage"},"image":{"@id":"https:\/\/giatsu.com\/es\/splits\/splits-1x1\/aroma-plus\/#primaryimage"},"thumbnailUrl":"https:\/\/giatsu.com\/wp-content\/uploads\/2025\/03\/aroma-plus-1x1-963510.webp","datePublished":"2025-03-06T07:57:57+00:00","dateModified":"2025-07-16T06:38:40+00:00","description":"Aroma Plus Split 1x1: aire acondicionado A+++ de bajo consumo con tecnolog\u00eda 3D de flujo de aire, filtros avanzados y WiFi integrado. Disfruta de un entorno saludable y confortable con control remoto desde tu smartphone. F\u00e1cil instalaci\u00f3n, mantenimiento optimizado y 10 a\u00f1os de garant\u00eda en el compresor. \u00a1M\u00e1ximo rendimiento con m\u00ednimo consumo!","breadcrumb":{"@id":"https:\/\/giatsu.com\/es\/splits\/splits-1x1\/aroma-plus\/#breadcrumb"},"inLanguage":"es","potentialAction":[{"@type":"ReadAction","target":["https:\/\/giatsu.com\/es\/splits\/splits-1x1\/aroma-plus\/"]}]},{"@type":"ImageObject","inLanguage":"es","@id":"https:\/\/giatsu.com\/es\/splits\/splits-1x1\/aroma-plus\/#primaryimage","url":"https:\/\/giatsu.com\/wp-content\/uploads\/2025\/03\/aroma-plus-1x1-963510.webp","contentUrl":"https:\/\/giatsu.com\/wp-content\/uploads\/2025\/03\/aroma-plus-1x1-963510.webp","width":500,"height":500},{"@type":"BreadcrumbList","@id":"https:\/\/giatsu.com\/es\/splits\/splits-1x1\/aroma-plus\/#breadcrumb","itemListElement":[{"@type":"ListItem","position":1,"name":"Home","item":"https:\/\/giatsu.com\/es\/"},{"@type":"ListItem","position":2,"name":"PRODUCTOS","item":"https:\/\/giatsu.com\/es\/productos\/"},{"@type":"ListItem","position":3,"name":"AROMA PLUS"}]},{"@type":"WebSite","@id":"https:\/\/giatsu.com\/es\/#website","url":"https:\/\/giatsu.com\/es\/","name":"GIATSU","description":"Quality Comfort Everywhere","potentialAction":[{"@type":"SearchAction","target":{"@type":"EntryPoint","urlTemplate":"https:\/\/giatsu.com\/es\/?s={search_term_string}"},"query-input":{"@type":"PropertyValueSpecification","valueRequired":true,"valueName":"search_term_string"}}],"inLanguage":"es"}]}},"_links":{"self":[{"href":"https:\/\/giatsu.com\/es\/wp-json\/wp\/v2\/product\/13006","targetHints":{"allow":["GET"]}}],"collection":[{"href":"https:\/\/giatsu.com\/es\/wp-json\/wp\/v2\/product"}],"about":[{"href":"https:\/\/giatsu.com\/es\/wp-json\/wp\/v2\/types\/product"}],"wp:featuredmedia":[{"embeddable":true,"href":"https:\/\/giatsu.com\/es\/wp-json\/wp\/v2\/media\/13029"}],"wp:attachment":[{"href":"https:\/\/giatsu.com\/es\/wp-json\/wp\/v2\/media?parent=13006"}],"wp:term":[{"taxonomy":"product_brand","embeddable":true,"href":"https:\/\/giatsu.com\/es\/wp-json\/wp\/v2\/product_brand?post=13006"},{"taxonomy":"product_cat","embeddable":true,"href":"https:\/\/giatsu.com\/es\/wp-json\/wp\/v2\/product_cat?post=13006"},{"taxonomy":"product_tag","embeddable":true,"href":"https:\/\/giatsu.com\/es\/wp-json\/wp\/v2\/product_tag?post=13006"}],"curies":[{"name":"wp","href":"https:\/\/api.w.org\/{rel}","templated":true}]}}