{"id":12811,"date":"2025-01-20T08:15:12","date_gmt":"2025-01-20T08:15:12","guid":{"rendered":"https:\/\/giatsu.com\/?post_type=product&#038;p=12811"},"modified":"2025-07-03T11:19:29","modified_gmt":"2025-07-03T11:19:29","slug":"fancoil-conducto-media-presion","status":"publish","type":"product","link":"https:\/\/giatsu.com\/es\/aerotermia\/fancoils\/conductos-fancoils\/fancoil-conducto-media-presion\/","title":{"rendered":"FANCOIL CONDUCTO MEDIA PRESI\u00d3N"},"content":{"rendered":"<div class=\"wpb-content-wrapper\"><div class=\"container mb-1 moduloprincipalespictos\">\n<h2 class=\"text-center tituloprincipales\">Caracter\u00edsticas principales<\/h2>\n<div class=\"row row-cols-1 row-cols-md-2 row-cols-xl-3\">\n<div class=\"col-xs-6 col-md-3 order-last\">\n<div class=\"card\">\n                            <img decoding=\"async\" class=\"card-img-top w-100 d-block fit-cover pictoprincipalgrande\" src=\"https:\/\/giatsu.com\/wp-content\/uploads\/2025\/07\/motor-ac-292cb6.webp\" \/><\/p>\n<div class=\"card-body p-4\">\n<h3 class=\"font-weight-bold card-title\">Ventilador AC<\/h3>\n<p class=\"card-text\">Garantiza un funcionamiento silencioso, una eficiencia energ\u00c3\u00a9tica superior y un control preciso del caudal de aire.<\/p>\n<\/p><\/div><\/div><\/div>\n<div class=\"col-xs-6 col-md-3 order-last\">\n<div class=\"card\">\n                            <img decoding=\"async\" class=\"card-img-top w-100 d-block fit-cover pictoprincipalgrande\" src=\"https:\/\/giatsu.com\/wp-content\/uploads\/2025\/06\/filtro-extraible-df35be.webp\" \/><\/p>\n<div class=\"card-body p-4\">\n<h3 class=\"font-weight-bold card-title\">Filtro extra\u00edble<\/h3>\n<p class=\"card-text\">El filtro se extrae con facilidad para su cambio o limpieza.<\/p>\n<\/p><\/div><\/div><\/div>\n<div class=\"col-xs-6 col-md-3 order-last\">\n<div class=\"card\">\n                            <img decoding=\"async\" class=\"card-img-top w-100 d-block fit-cover pictoprincipalgrande\" src=\"https:\/\/giatsu.com\/wp-content\/uploads\/2023\/08\/facil_control_e_instalacion-2bc27d.webp\" \/><\/p>\n<div class=\"card-body p-4\">\n<h3 class=\"font-weight-bold card-title\">F\u00e1cil control e instalaci\u00f3n<\/h3>\n<p class=\"card-text\">Para cualquier instalaci\u00f3n de climatizaci\u00f3n por conductos de manera f\u00e1cil y sencilla.<\/p>\n<\/p><\/div><\/div><\/div><\/div><\/div>\n<hr>\n<p>        [vc_row mobile_bg_img_hidden=\u00bbno\u00bb tablet_bg_img_hidden=\u00bbno\u00bb woodmart_parallax=\u00bb0&#8243; woodmart_gradient_switch=\u00bbno\u00bb row_reverse_mobile=\u00bb0&#8243; row_reverse_tablet=\u00bb0&#8243; woodmart_disable_overflow=\u00bb0&#8243; el_class=\u00bbfilaImgCaracteristica\u00bb][vc_column mobile_bg_img_hidden=\u00bbno\u00bb tablet_bg_img_hidden=\u00bbno\u00bb woodmart_parallax=\u00bb0&#8243; woodmart_sticky_column=\u00bbfalse\u00bb parallax_scroll=\u00bbno\u00bb mobile_reset_margin=\u00bbno\u00bb tablet_reset_margin=\u00bbno\u00bb]<\/p>\n<div class=\"container mb-1\">\n<h3 class=\"text-center\">Informaci\u00f3n t\u00e9cnica<\/h3>\n<div class=\"row row-cols-1 row-cols-md-2 row-cols-xl-3 justify-content-md-center\">\n<div class=\"col-xs-1 col-md-1\">\n<div class=\"card\">\n                            <img decoding=\"async\" class=\"card-img-top w-100 d-block fit-cover pictoprincipalgrande\" src=\"https:\/\/giatsu.com\/wp-content\/uploads\/2025\/06\/valvula-3-vias-opcional-c67145.webp\" \/><\/p>\n<div class=\"card-body p-4\">\n<h4 class=\"card-text textospictospeques\">V\u00e1lvula 3 v\u00edas opcional<\/h4>\n<\/p><\/div><\/div><\/div>\n<div class=\"col-xs-1 col-md-1\">\n<div class=\"card\">\n                            <img decoding=\"async\" class=\"card-img-top w-100 d-block fit-cover pictoprincipalgrande\" src=\"https:\/\/giatsu.com\/wp-content\/uploads\/2025\/06\/2-tubos-4b7d02.webp\" \/><\/p>\n<div class=\"card-body p-4\">\n<h4 class=\"card-text textospictospeques\">2 tubos<\/h4>\n<\/p><\/div><\/div><\/div>\n<div class=\"col-xs-1 col-md-1\">\n<div class=\"card\">\n                            <img decoding=\"async\" class=\"card-img-top w-100 d-block fit-cover pictoprincipalgrande\" src=\"https:\/\/giatsu.com\/wp-content\/uploads\/2023\/08\/control_cableado-c1d085.webp\" \/><\/p>\n<div class=\"card-body p-4\">\n<h4 class=\"card-text textospictospeques\">Control cableado<\/h4>\n<\/p><\/div><\/div><\/div><\/div><\/div>\n<div class=\"row justify-content-md-center\">\n<div class=\"vc_btn3-container vc_btn3-inline\" id=\"botonDescargarFicha\">\n                        <a target=\"_blank\" class=\"btn btn-light border rounded-4 botondescarga\" href=\"https:\/\/giatsu.com\/documentacion\/\/giatsu-fichas-tecnicas-fancoils-fan-coils-conductos-media-presion-2-.pdf\" title=\"\">Descargar ficha t\u00e9cnica<\/a>\n                 <\/div><\/div>\n<\/div>","protected":false},"excerpt":{"rendered":"<p>Compactos, eficientes y vers&aacute;tiles.<\/p>\n<p>Los <strong>Fancoils Conductos de Media Presi&oacute;n de Giatsu,<\/strong> ofrecen un rendimiento &oacute;ptimo en instalaciones donde el espacio es limitado, sin comprometer la eficiencia ni el confort.<\/p>\n<p>Con un <strong>dise&ntilde;o ultracompacto de tan solo 23,5 cm de altura<\/strong>, estos equipos se adaptan perfectamente a falsos techos o zonas con restricciones de altura, siendo ideales para proyectos residenciales o comerciales que requieren discreci&oacute;n y alto rendimiento.<\/p>\n<p>Los fancoils de media presi&oacute;n Giatsu combinan <strong>tecnolog&iacute;a avanzada, eficiencia energ&eacute;tica y un dise&ntilde;o funcional<\/strong> para ofrecerte una soluci&oacute;n fiable y de alto rendimiento, incluso en los espacios m&aacute;s desafiantes.<\/p>\n<p><strong>Principales caracter&iacute;sticas:<\/strong><\/p>\n<ul>\n<li><strong>Filtro extra&iacute;ble de alta eficiencia:<\/strong> f&aacute;cil de mantener, mejora la calidad del aire interior reteniendo polvo, al&eacute;rgenos y otras part&iacute;culas.<\/li>\n<li><strong>F&aacute;cil instalaci&oacute;n,<\/strong> gracias a su peso ligero y dise&ntilde;o accesible que agiliza el montaje.<\/li>\n<li><strong>Control cableado opcional,<\/strong> para una gesti&oacute;n m&aacute;s personalizada del equipo.<\/li>\n<li><strong>V&aacute;lvula de 3 v&iacute;as opcional<\/strong>, que mejora la eficiencia hidr&aacute;ulica del sistema.<\/li>\n<li><strong>Configuraci&oacute;n de 2 tubos<\/strong>, ideal para instalaciones con requerimientos est&aacute;ndar de climatizaci&oacute;n.<\/li>\n<li><strong>Ventilador AC: <\/strong>regula autom&aacute;ticamente la velocidad, reduciendo el consumo el&eacute;ctrico y el nivel sonoro.<\/li>\n<\/ul>\n<p><strong>Potencias disponibles: <\/strong>2,2 kW &ndash; 3,2 kW &ndash; 4 kW &ndash; 5 kW &ndash; 5,8 kW &ndash; 8 kW &ndash; 9,5 kW &ndash; 11,3 kW &ndash; 12,8 kW<\/p>\n<p class=\"MsoNormal\"><span style=\"font-family: Helvetica, sans-serif\">Disponible tambi&eacute;n en DC Inverter hasta agotar existencias.<\/span><\/p>\n<p>&nbsp;<\/p>\n<div class='pictosvoz'><\/div>\n","protected":false},"featured_media":13702,"template":"","meta":{"_monsterinsights_skip_tracking":false,"_monsterinsights_sitenote_active":false,"_monsterinsights_sitenote_note":"","_monsterinsights_sitenote_category":0},"product_brand":[],"product_cat":[560,897,895],"product_tag":[687],"class_list":{"0":"post-12811","1":"product","2":"type-product","3":"status-publish","4":"has-post-thumbnail","6":"product_cat-aerotermia","7":"product_cat-conductos-fancoils","8":"product_cat-fancoils","9":"product_tag-aerotermia","11":"first","12":"instock","13":"shipping-taxable","14":"product-type-simple"},"yoast_head":"<!-- This site is optimized with the Yoast SEO plugin v27.4 - https:\/\/yoast.com\/product\/yoast-seo-wordpress\/ -->\n<title>FANCOILS CONDUCTOS MEDIA PRESI\u00d3N<\/title>\n<meta name=\"description\" content=\"Con un dise\u00f1o ultracompacto de tan solo 23,5 cm de altura, estos equipos se adaptan perfectamente a falsos techos o zonas con restricciones de altura, siendo ideales para proyectos residenciales o comerciales que requieren discreci\u00f3n y alto rendimiento.\" \/>\n<meta name=\"robots\" content=\"index, follow, max-snippet:-1, max-image-preview:large, max-video-preview:-1\" \/>\n<link rel=\"canonical\" href=\"https:\/\/giatsu.com\/es\/aerotermia\/fancoils\/conductos-fancoils\/fancoil-conducto-media-presion\/\" \/>\n<meta property=\"og:locale\" content=\"es_ES\" \/>\n<meta property=\"og:type\" content=\"article\" \/>\n<meta property=\"og:title\" content=\"FANCOILS CONDUCTOS MEDIA PRESI\u00d3N\" \/>\n<meta property=\"og:description\" content=\"Con un dise\u00f1o ultracompacto de tan solo 23,5 cm de altura, estos equipos se adaptan perfectamente a falsos techos o zonas con restricciones de altura, siendo ideales para proyectos residenciales o comerciales que requieren discreci\u00f3n y alto rendimiento.\" \/>\n<meta property=\"og:url\" content=\"https:\/\/giatsu.com\/es\/aerotermia\/fancoils\/conductos-fancoils\/fancoil-conducto-media-presion\/\" \/>\n<meta property=\"og:site_name\" content=\"GIATSU\" \/>\n<meta property=\"article:modified_time\" content=\"2025-07-03T11:19:29+00:00\" \/>\n<meta property=\"og:image\" content=\"https:\/\/giatsu.com\/wp-content\/uploads\/2025\/06\/conducto-491066.webp\" \/>\n\t<meta property=\"og:image:width\" content=\"1500\" \/>\n\t<meta property=\"og:image:height\" content=\"1500\" \/>\n\t<meta property=\"og:image:type\" content=\"image\/webp\" \/>\n<meta name=\"twitter:card\" content=\"summary_large_image\" \/>\n<meta name=\"twitter:label1\" content=\"Tiempo de lectura\" \/>\n\t<meta name=\"twitter:data1\" content=\"1 minuto\" \/>\n<script type=\"application\/ld+json\" class=\"yoast-schema-graph\">{\"@context\":\"https:\\\/\\\/schema.org\",\"@graph\":[{\"@type\":\"WebPage\",\"@id\":\"https:\\\/\\\/giatsu.com\\\/es\\\/aerotermia\\\/fancoils\\\/conductos-fancoils\\\/fancoil-conducto-media-presion\\\/\",\"url\":\"https:\\\/\\\/giatsu.com\\\/es\\\/aerotermia\\\/fancoils\\\/conductos-fancoils\\\/fancoil-conducto-media-presion\\\/\",\"name\":\"FANCOILS CONDUCTOS MEDIA PRESI\u00d3N\",\"isPartOf\":{\"@id\":\"https:\\\/\\\/giatsu.com\\\/es\\\/#website\"},\"primaryImageOfPage\":{\"@id\":\"https:\\\/\\\/giatsu.com\\\/es\\\/aerotermia\\\/fancoils\\\/conductos-fancoils\\\/fancoil-conducto-media-presion\\\/#primaryimage\"},\"image\":{\"@id\":\"https:\\\/\\\/giatsu.com\\\/es\\\/aerotermia\\\/fancoils\\\/conductos-fancoils\\\/fancoil-conducto-media-presion\\\/#primaryimage\"},\"thumbnailUrl\":\"https:\\\/\\\/giatsu.com\\\/wp-content\\\/uploads\\\/2025\\\/06\\\/conducto-491066.webp\",\"datePublished\":\"2025-01-20T08:15:12+00:00\",\"dateModified\":\"2025-07-03T11:19:29+00:00\",\"description\":\"Con un dise\u00f1o ultracompacto de tan solo 23,5 cm de altura, estos equipos se adaptan perfectamente a falsos techos o zonas con restricciones de altura, siendo ideales para proyectos residenciales o comerciales que requieren discreci\u00f3n y alto rendimiento.\",\"breadcrumb\":{\"@id\":\"https:\\\/\\\/giatsu.com\\\/es\\\/aerotermia\\\/fancoils\\\/conductos-fancoils\\\/fancoil-conducto-media-presion\\\/#breadcrumb\"},\"inLanguage\":\"es\",\"potentialAction\":[{\"@type\":\"ReadAction\",\"target\":[\"https:\\\/\\\/giatsu.com\\\/es\\\/aerotermia\\\/fancoils\\\/conductos-fancoils\\\/fancoil-conducto-media-presion\\\/\"]}]},{\"@type\":\"ImageObject\",\"inLanguage\":\"es\",\"@id\":\"https:\\\/\\\/giatsu.com\\\/es\\\/aerotermia\\\/fancoils\\\/conductos-fancoils\\\/fancoil-conducto-media-presion\\\/#primaryimage\",\"url\":\"https:\\\/\\\/giatsu.com\\\/wp-content\\\/uploads\\\/2025\\\/06\\\/conducto-491066.webp\",\"contentUrl\":\"https:\\\/\\\/giatsu.com\\\/wp-content\\\/uploads\\\/2025\\\/06\\\/conducto-491066.webp\",\"width\":1500,\"height\":1500},{\"@type\":\"BreadcrumbList\",\"@id\":\"https:\\\/\\\/giatsu.com\\\/es\\\/aerotermia\\\/fancoils\\\/conductos-fancoils\\\/fancoil-conducto-media-presion\\\/#breadcrumb\",\"itemListElement\":[{\"@type\":\"ListItem\",\"position\":1,\"name\":\"Home\",\"item\":\"https:\\\/\\\/giatsu.com\\\/es\\\/\"},{\"@type\":\"ListItem\",\"position\":2,\"name\":\"PRODUCTOS\",\"item\":\"https:\\\/\\\/giatsu.com\\\/es\\\/productos\\\/\"},{\"@type\":\"ListItem\",\"position\":3,\"name\":\"FANCOIL CONDUCTO MEDIA PRESI\u00d3N\"}]},{\"@type\":\"WebSite\",\"@id\":\"https:\\\/\\\/giatsu.com\\\/es\\\/#website\",\"url\":\"https:\\\/\\\/giatsu.com\\\/es\\\/\",\"name\":\"GIATSU\",\"description\":\"Quality Comfort Everywhere\",\"potentialAction\":[{\"@type\":\"SearchAction\",\"target\":{\"@type\":\"EntryPoint\",\"urlTemplate\":\"https:\\\/\\\/giatsu.com\\\/es\\\/?s={search_term_string}\"},\"query-input\":{\"@type\":\"PropertyValueSpecification\",\"valueRequired\":true,\"valueName\":\"search_term_string\"}}],\"inLanguage\":\"es\"}]}<\/script>\n<!-- \/ Yoast SEO plugin. -->","yoast_head_json":{"title":"FANCOILS CONDUCTOS MEDIA PRESI\u00d3N","description":"Con un dise\u00f1o ultracompacto de tan solo 23,5 cm de altura, estos equipos se adaptan perfectamente a falsos techos o zonas con restricciones de altura, siendo ideales para proyectos residenciales o comerciales que requieren discreci\u00f3n y alto rendimiento.","robots":{"index":"index","follow":"follow","max-snippet":"max-snippet:-1","max-image-preview":"max-image-preview:large","max-video-preview":"max-video-preview:-1"},"canonical":"https:\/\/giatsu.com\/es\/aerotermia\/fancoils\/conductos-fancoils\/fancoil-conducto-media-presion\/","og_locale":"es_ES","og_type":"article","og_title":"FANCOILS CONDUCTOS MEDIA PRESI\u00d3N","og_description":"Con un dise\u00f1o ultracompacto de tan solo 23,5 cm de altura, estos equipos se adaptan perfectamente a falsos techos o zonas con restricciones de altura, siendo ideales para proyectos residenciales o comerciales que requieren discreci\u00f3n y alto rendimiento.","og_url":"https:\/\/giatsu.com\/es\/aerotermia\/fancoils\/conductos-fancoils\/fancoil-conducto-media-presion\/","og_site_name":"GIATSU","article_modified_time":"2025-07-03T11:19:29+00:00","og_image":[{"width":1500,"height":1500,"url":"https:\/\/giatsu.com\/wp-content\/uploads\/2025\/06\/conducto-491066.webp","type":"image\/webp"}],"twitter_card":"summary_large_image","twitter_misc":{"Tiempo de lectura":"1 minuto"},"schema":{"@context":"https:\/\/schema.org","@graph":[{"@type":"WebPage","@id":"https:\/\/giatsu.com\/es\/aerotermia\/fancoils\/conductos-fancoils\/fancoil-conducto-media-presion\/","url":"https:\/\/giatsu.com\/es\/aerotermia\/fancoils\/conductos-fancoils\/fancoil-conducto-media-presion\/","name":"FANCOILS CONDUCTOS MEDIA PRESI\u00d3N","isPartOf":{"@id":"https:\/\/giatsu.com\/es\/#website"},"primaryImageOfPage":{"@id":"https:\/\/giatsu.com\/es\/aerotermia\/fancoils\/conductos-fancoils\/fancoil-conducto-media-presion\/#primaryimage"},"image":{"@id":"https:\/\/giatsu.com\/es\/aerotermia\/fancoils\/conductos-fancoils\/fancoil-conducto-media-presion\/#primaryimage"},"thumbnailUrl":"https:\/\/giatsu.com\/wp-content\/uploads\/2025\/06\/conducto-491066.webp","datePublished":"2025-01-20T08:15:12+00:00","dateModified":"2025-07-03T11:19:29+00:00","description":"Con un dise\u00f1o ultracompacto de tan solo 23,5 cm de altura, estos equipos se adaptan perfectamente a falsos techos o zonas con restricciones de altura, siendo ideales para proyectos residenciales o comerciales que requieren discreci\u00f3n y alto rendimiento.","breadcrumb":{"@id":"https:\/\/giatsu.com\/es\/aerotermia\/fancoils\/conductos-fancoils\/fancoil-conducto-media-presion\/#breadcrumb"},"inLanguage":"es","potentialAction":[{"@type":"ReadAction","target":["https:\/\/giatsu.com\/es\/aerotermia\/fancoils\/conductos-fancoils\/fancoil-conducto-media-presion\/"]}]},{"@type":"ImageObject","inLanguage":"es","@id":"https:\/\/giatsu.com\/es\/aerotermia\/fancoils\/conductos-fancoils\/fancoil-conducto-media-presion\/#primaryimage","url":"https:\/\/giatsu.com\/wp-content\/uploads\/2025\/06\/conducto-491066.webp","contentUrl":"https:\/\/giatsu.com\/wp-content\/uploads\/2025\/06\/conducto-491066.webp","width":1500,"height":1500},{"@type":"BreadcrumbList","@id":"https:\/\/giatsu.com\/es\/aerotermia\/fancoils\/conductos-fancoils\/fancoil-conducto-media-presion\/#breadcrumb","itemListElement":[{"@type":"ListItem","position":1,"name":"Home","item":"https:\/\/giatsu.com\/es\/"},{"@type":"ListItem","position":2,"name":"PRODUCTOS","item":"https:\/\/giatsu.com\/es\/productos\/"},{"@type":"ListItem","position":3,"name":"FANCOIL CONDUCTO MEDIA PRESI\u00d3N"}]},{"@type":"WebSite","@id":"https:\/\/giatsu.com\/es\/#website","url":"https:\/\/giatsu.com\/es\/","name":"GIATSU","description":"Quality Comfort Everywhere","potentialAction":[{"@type":"SearchAction","target":{"@type":"EntryPoint","urlTemplate":"https:\/\/giatsu.com\/es\/?s={search_term_string}"},"query-input":{"@type":"PropertyValueSpecification","valueRequired":true,"valueName":"search_term_string"}}],"inLanguage":"es"}]}},"_links":{"self":[{"href":"https:\/\/giatsu.com\/es\/wp-json\/wp\/v2\/product\/12811","targetHints":{"allow":["GET"]}}],"collection":[{"href":"https:\/\/giatsu.com\/es\/wp-json\/wp\/v2\/product"}],"about":[{"href":"https:\/\/giatsu.com\/es\/wp-json\/wp\/v2\/types\/product"}],"wp:featuredmedia":[{"embeddable":true,"href":"https:\/\/giatsu.com\/es\/wp-json\/wp\/v2\/media\/13702"}],"wp:attachment":[{"href":"https:\/\/giatsu.com\/es\/wp-json\/wp\/v2\/media?parent=12811"}],"wp:term":[{"taxonomy":"product_brand","embeddable":true,"href":"https:\/\/giatsu.com\/es\/wp-json\/wp\/v2\/product_brand?post=12811"},{"taxonomy":"product_cat","embeddable":true,"href":"https:\/\/giatsu.com\/es\/wp-json\/wp\/v2\/product_cat?post=12811"},{"taxonomy":"product_tag","embeddable":true,"href":"https:\/\/giatsu.com\/es\/wp-json\/wp\/v2\/product_tag?post=12811"}],"curies":[{"name":"wp","href":"https:\/\/api.w.org\/{rel}","templated":true}]}}