{"id":12810,"date":"2025-01-20T08:15:10","date_gmt":"2025-01-20T08:15:10","guid":{"rendered":"https:\/\/giatsu.com\/?post_type=product&#038;p=12810"},"modified":"2025-07-16T06:12:46","modified_gmt":"2025-07-16T06:12:46","slug":"fancoil-cassette-4v-90x90-fcass","status":"publish","type":"product","link":"https:\/\/giatsu.com\/es\/aerotermia\/fancoils\/cassettes-fancoils\/fancoil-cassette-4v-90x90-fcass\/","title":{"rendered":"FANCOIL CASSETTE 4V 90X90 FCASS"},"content":{"rendered":"<div class=\"wpb-content-wrapper\"><div class=\"container mb-1 moduloprincipalespictos\">\n<h2 class=\"text-center tituloprincipales\">Caracter\u00edsticas principales<\/h2>\n<div class=\"row row-cols-1 row-cols-md-2 row-cols-xl-3\">\n<div class=\"col-xs-6 col-md-3 order-last\">\n<div class=\"card\">\n                            <img decoding=\"async\" class=\"card-img-top w-100 d-block fit-cover pictoprincipalgrande\" src=\"https:\/\/giatsu.com\/wp-content\/uploads\/2025\/03\/aire-360-dbe5d7.webp\" \/><\/p>\n<div class=\"card-body p-4\">\n<h3 class=\"font-weight-bold card-title\">Aire 360\u00ba<\/h3>\n<p class=\"card-text\">El panel es capaz de difundir un flujo de aire a 360 grados ofreciendo el m\u00e1ximo confort.<\/p>\n<\/p><\/div><\/div><\/div>\n<div class=\"col-xs-6 col-md-3 order-last\">\n<div class=\"card\">\n                            <img decoding=\"async\" class=\"card-img-top w-100 d-block fit-cover pictoprincipalgrande\" src=\"https:\/\/giatsu.com\/wp-content\/uploads\/2023\/08\/numero-de-salidas-de-aire-1db1c1.webp\" \/><\/p>\n<div class=\"card-body p-4\">\n<h3 class=\"font-weight-bold card-title\">N\u00famero de salidas de aire<\/h3>\n<p class=\"card-text\">El n\u00famero de salidas de aire favorece una mayor distribuci\u00f3n del aire.<\/p>\n<\/p><\/div><\/div><\/div>\n<div class=\"col-xs-6 col-md-3 order-last\">\n<div class=\"card\">\n                            <img decoding=\"async\" class=\"card-img-top w-100 d-block fit-cover pictoprincipalgrande\" src=\"https:\/\/giatsu.com\/wp-content\/uploads\/2025\/06\/panel-desmontable-cf8c7d.webp\" \/><\/p>\n<div class=\"card-body p-4\">\n<h3 class=\"font-weight-bold card-title\">Panel desmontable<\/h3>\n<p class=\"card-text\">Las unidades de cassette se componen de 2 partes, el cuerpo y el panel, y \u00c3\u00a9stos son f\u00c3\u00a1cilmente desmontables.<\/p>\n<\/p><\/div><\/div><\/div>\n<div class=\"col-xs-6 col-md-3 order-last\">\n<div class=\"card\">\n                            <img decoding=\"async\" class=\"card-img-top w-100 d-block fit-cover pictoprincipalgrande\" src=\"https:\/\/giatsu.com\/wp-content\/uploads\/2025\/07\/motor-ac-292cb6.webp\" \/><\/p>\n<div class=\"card-body p-4\">\n<h3 class=\"font-weight-bold card-title\">Ventilador AC<\/h3>\n<p class=\"card-text\">Garantiza un funcionamiento silencioso, una eficiencia energ\u00c3\u00a9tica superior y un control preciso del caudal de aire.<\/p>\n<\/p><\/div><\/div><\/div><\/div><\/div>\n<hr>\n<p>        [vc_row mobile_bg_img_hidden=\u00bbno\u00bb tablet_bg_img_hidden=\u00bbno\u00bb woodmart_parallax=\u00bb0&#8243; woodmart_gradient_switch=\u00bbno\u00bb row_reverse_mobile=\u00bb0&#8243; row_reverse_tablet=\u00bb0&#8243; woodmart_disable_overflow=\u00bb0&#8243; el_class=\u00bbfilaImgCaracteristica\u00bb][vc_column mobile_bg_img_hidden=\u00bbno\u00bb tablet_bg_img_hidden=\u00bbno\u00bb woodmart_parallax=\u00bb0&#8243; woodmart_sticky_column=\u00bbfalse\u00bb parallax_scroll=\u00bbno\u00bb mobile_reset_margin=\u00bbno\u00bb tablet_reset_margin=\u00bbno\u00bb]<\/p>\n<div class=\"container mb-1\">\n<h3 class=\"text-center\">Informaci\u00f3n t\u00e9cnica<\/h3>\n<div class=\"row row-cols-1 row-cols-md-2 row-cols-xl-3 justify-content-md-center\">\n<div class=\"col-xs-1 col-md-1\">\n<div class=\"card\">\n                            <img decoding=\"async\" class=\"card-img-top w-100 d-block fit-cover pictoprincipalgrande\" src=\"https:\/\/giatsu.com\/wp-content\/uploads\/2025\/06\/valvula-3-vias-opcional-c67145.webp\" \/><\/p>\n<div class=\"card-body p-4\">\n<h4 class=\"card-text textospictospeques\">V\u00e1lvula 3 v\u00edas opcional<\/h4>\n<\/p><\/div><\/div><\/div>\n<div class=\"col-xs-1 col-md-1\">\n<div class=\"card\">\n                            <img decoding=\"async\" class=\"card-img-top w-100 d-block fit-cover pictoprincipalgrande\" src=\"https:\/\/giatsu.com\/wp-content\/uploads\/2025\/06\/ancho_reducido-b43ce0.webp\" \/><\/p>\n<div class=\"card-body p-4\">\n<h4 class=\"card-text textospictospeques\">Ancho reducido<\/h4>\n<\/p><\/div><\/div><\/div>\n<div class=\"col-xs-1 col-md-1\">\n<div class=\"card\">\n                            <img decoding=\"async\" class=\"card-img-top w-100 d-block fit-cover pictoprincipalgrande\" src=\"https:\/\/giatsu.com\/wp-content\/uploads\/2025\/06\/2-tubos-4b7d02.webp\" \/><\/p>\n<div class=\"card-body p-4\">\n<h4 class=\"card-text textospictospeques\">2 tubos<\/h4>\n<\/p><\/div><\/div><\/div>\n<div class=\"col-xs-1 col-md-1\">\n<div class=\"card\">\n                            <img decoding=\"async\" class=\"card-img-top w-100 d-block fit-cover pictoprincipalgrande\" src=\"https:\/\/giatsu.com\/wp-content\/uploads\/2023\/08\/bomba_de_condensados-426dd1.webp\" \/><\/p>\n<div class=\"card-body p-4\">\n<h4 class=\"card-text textospictospeques\">Bomba de condensados<\/h4>\n<\/p><\/div><\/div><\/div><\/div><\/div>\n<div class=\"row justify-content-md-center\">\n<div class=\"vc_btn3-container vc_btn3-inline\" id=\"botonDescargarFicha\">\n                        <a target=\"_blank\" class=\"btn btn-light border rounded-4 botondescarga\" href=\"https:\/\/giatsu.com\/documentacion\/\/giatsu-fichas-tecnicas-fancoils-fan-coils-cassette-4-vias-espanol.pdf\" title=\"\">Descargar ficha t\u00e9cnica<\/a>\n                 <\/div><\/div>\n<div class=\"row\">\n<hr>\n<div class=\"col text-center\"><a target=\"_blank\" href=\"https:\/\/giatsu.com\/documentacion\/\/giatsu-manual-de-usuario-fancoils-fan-coils-cassette-4-vias-multiidioma.pdf\" class=\"btn btn-light border rounded-4 botonDescargaManual botondescarga\">Manual de usuario<\/a><\/div>\n<div class=\"col text-center\"><a target=\"_blank\" href=\"https:\/\/giatsu.com\/documentacion\/\/giatsu-manual-de-instalacion-fancoils-fan-coils-cassette-4-vias-multiidioma.pdf\" class=\"btn btn-light border rounded-4 botonDescargaManual botondescarga\">Manual de instalaci\u00f3n<\/a><\/div>\n<hr>\n<\/div>\n<\/div>","protected":false},"excerpt":{"rendered":"<p><span style=\"font-family: helvetica, arial, sans-serif;font-size: 12pt\">Descubre el equilibrio perfecto entre rendimiento, eficiencia y confort con el nuevo&nbsp;<strong data-start=\"380\" data-end=\"408\">Cassette 2 Tubos Fancoil<\/strong>&nbsp;de Giatsu. Dise&ntilde;ado para ofrecer una climatizaci&oacute;n eficiente y uniforme, este equipo se adapta f&aacute;cilmente a cualquier espacio gracias a su&nbsp;<strong data-start=\"548\" data-end=\"567\">dise&ntilde;o compacto<\/strong>&nbsp;y su instalaci&oacute;n vers&aacute;til.<\/span><\/p>\n<p><span style=\"font-family: helvetica, arial, sans-serif;font-size: 12pt\">Equipado con un&nbsp;<strong data-start=\"612\" data-end=\"644\">motor AC de alto rendimiento<\/strong>, garantiza una ventilaci&oacute;n potente y constante, optimizando el consumo energ&eacute;tico sin comprometer el confort. Su innovador sistema de&nbsp;<strong data-start=\"779\" data-end=\"800\">4 salidas de aire<\/strong>&nbsp;y&nbsp;<strong data-start=\"803\" data-end=\"829\">flujo de aire circular<\/strong>&nbsp;asegura una distribuci&oacute;n homog&eacute;nea en toda la estancia, eliminando zonas de temperatura desigual y creando un ambiente agradable en cada rinc&oacute;n.<\/span><\/p>\n<p><span style=\"font-family: helvetica, arial, sans-serif;font-size: 12pt\">Incluye una&nbsp;<strong data-start=\"988\" data-end=\"1022\">bomba de condensados integrada<\/strong>&nbsp;que permite un drenaje eficiente, evitando la acumulaci&oacute;n de humedad y manteniendo el ambiente fresco y seco en todo momento. Adem&aacute;s, cuenta con un&nbsp;<strong data-start=\"1171\" data-end=\"1192\">panel desmontable<\/strong>&nbsp;que facilita el mantenimiento y la limpieza del equipo.<\/span><\/p>\n<p><span style=\"font-family: helvetica, arial, sans-serif;font-size: 12pt\">Para una mayor flexibilidad, el equipo incorpora&nbsp;<strong data-start=\"1299\" data-end=\"1323\">controles opcionales<\/strong>&nbsp;y la posibilidad de a&ntilde;adir una&nbsp;<strong data-start=\"1355\" data-end=\"1376\">v&aacute;lvula de 3 v&iacute;as<\/strong>, adapt&aacute;ndose as&iacute; a las necesidades espec&iacute;ficas de cada instalaci&oacute;n.<\/span><\/p>\n<p>&nbsp;<\/p>\n<p><span style=\"font-family: helvetica, arial, sans-serif;font-size: 12pt\">El sistema opera con&nbsp;<strong data-start=\"1467\" data-end=\"1478\">2 tubos<\/strong>, lo que simplifica la instalaci&oacute;n en sistemas de climatizaci&oacute;n convencionales sin renunciar a una experiencia de uso eficiente y confortable.<\/span><\/p>\n<p>&nbsp;<\/p>\n<p><span style=\"font-family: helvetica, arial, sans-serif;font-size: 12pt\"><strong>Potencias disponibles:<\/strong>&nbsp;3,9KW &#8211; 5,8KW &#8211; 7,5kW &#8211; 11KW<\/span><\/p>\n<p>&nbsp;<\/p>\n<div class='pictosvoz'><\/div>\n","protected":false},"featured_media":13756,"template":"","meta":{"_monsterinsights_skip_tracking":false,"_monsterinsights_sitenote_active":false,"_monsterinsights_sitenote_note":"","_monsterinsights_sitenote_category":0},"product_brand":[],"product_cat":[560,896,895],"product_tag":[687],"class_list":{"0":"post-12810","1":"product","2":"type-product","3":"status-publish","4":"has-post-thumbnail","6":"product_cat-aerotermia","7":"product_cat-cassettes-fancoils","8":"product_cat-fancoils","9":"product_tag-aerotermia","11":"first","12":"instock","13":"shipping-taxable","14":"product-type-simple"},"yoast_head":"<!-- This site is optimized with the Yoast SEO plugin v27.4 - https:\/\/yoast.com\/product\/yoast-seo-wordpress\/ -->\n<title>FANCOIL CASSETTE 2 TUBOS GIATSU<\/title>\n<meta name=\"description\" content=\"Gracias a su potente sistema de ventilaci\u00f3n, el aire fresco se distribuye de manera eficiente en todas las esquinas de la habitaci\u00f3n, asegurando un confort \u00f3ptimo en cada rinc\u00f3n.\" \/>\n<meta name=\"robots\" content=\"index, follow, max-snippet:-1, max-image-preview:large, max-video-preview:-1\" \/>\n<link rel=\"canonical\" href=\"https:\/\/giatsu.com\/es\/aerotermia\/fancoils\/cassettes-fancoils\/fancoil-cassette-4v-90x90-fcass\/\" \/>\n<meta property=\"og:locale\" content=\"es_ES\" \/>\n<meta property=\"og:type\" content=\"article\" \/>\n<meta property=\"og:title\" content=\"FANCOIL CASSETTE 2 TUBOS GIATSU\" \/>\n<meta property=\"og:description\" content=\"Gracias a su potente sistema de ventilaci\u00f3n, el aire fresco se distribuye de manera eficiente en todas las esquinas de la habitaci\u00f3n, asegurando un confort \u00f3ptimo en cada rinc\u00f3n.\" \/>\n<meta property=\"og:url\" content=\"https:\/\/giatsu.com\/es\/aerotermia\/fancoils\/cassettes-fancoils\/fancoil-cassette-4v-90x90-fcass\/\" \/>\n<meta property=\"og:site_name\" content=\"GIATSU\" \/>\n<meta property=\"article:modified_time\" content=\"2025-07-16T06:12:46+00:00\" \/>\n<meta property=\"og:image\" content=\"https:\/\/giatsu.com\/wp-content\/uploads\/2025\/07\/fb94cb.webp\" \/>\n\t<meta property=\"og:image:width\" content=\"1500\" \/>\n\t<meta property=\"og:image:height\" content=\"1500\" \/>\n\t<meta property=\"og:image:type\" content=\"image\/webp\" \/>\n<meta name=\"twitter:card\" content=\"summary_large_image\" \/>\n<meta name=\"twitter:label1\" content=\"Tiempo de lectura\" \/>\n\t<meta name=\"twitter:data1\" content=\"1 minuto\" \/>\n<script type=\"application\/ld+json\" class=\"yoast-schema-graph\">{\"@context\":\"https:\\\/\\\/schema.org\",\"@graph\":[{\"@type\":\"WebPage\",\"@id\":\"https:\\\/\\\/giatsu.com\\\/es\\\/aerotermia\\\/fancoils\\\/cassettes-fancoils\\\/fancoil-cassette-4v-90x90-fcass\\\/\",\"url\":\"https:\\\/\\\/giatsu.com\\\/es\\\/aerotermia\\\/fancoils\\\/cassettes-fancoils\\\/fancoil-cassette-4v-90x90-fcass\\\/\",\"name\":\"FANCOIL CASSETTE 2 TUBOS GIATSU\",\"isPartOf\":{\"@id\":\"https:\\\/\\\/giatsu.com\\\/es\\\/#website\"},\"primaryImageOfPage\":{\"@id\":\"https:\\\/\\\/giatsu.com\\\/es\\\/aerotermia\\\/fancoils\\\/cassettes-fancoils\\\/fancoil-cassette-4v-90x90-fcass\\\/#primaryimage\"},\"image\":{\"@id\":\"https:\\\/\\\/giatsu.com\\\/es\\\/aerotermia\\\/fancoils\\\/cassettes-fancoils\\\/fancoil-cassette-4v-90x90-fcass\\\/#primaryimage\"},\"thumbnailUrl\":\"https:\\\/\\\/giatsu.com\\\/wp-content\\\/uploads\\\/2025\\\/07\\\/fb94cb.webp\",\"datePublished\":\"2025-01-20T08:15:10+00:00\",\"dateModified\":\"2025-07-16T06:12:46+00:00\",\"description\":\"Gracias a su potente sistema de ventilaci\u00f3n, el aire fresco se distribuye de manera eficiente en todas las esquinas de la habitaci\u00f3n, asegurando un confort \u00f3ptimo en cada rinc\u00f3n.\",\"breadcrumb\":{\"@id\":\"https:\\\/\\\/giatsu.com\\\/es\\\/aerotermia\\\/fancoils\\\/cassettes-fancoils\\\/fancoil-cassette-4v-90x90-fcass\\\/#breadcrumb\"},\"inLanguage\":\"es\",\"potentialAction\":[{\"@type\":\"ReadAction\",\"target\":[\"https:\\\/\\\/giatsu.com\\\/es\\\/aerotermia\\\/fancoils\\\/cassettes-fancoils\\\/fancoil-cassette-4v-90x90-fcass\\\/\"]}]},{\"@type\":\"ImageObject\",\"inLanguage\":\"es\",\"@id\":\"https:\\\/\\\/giatsu.com\\\/es\\\/aerotermia\\\/fancoils\\\/cassettes-fancoils\\\/fancoil-cassette-4v-90x90-fcass\\\/#primaryimage\",\"url\":\"https:\\\/\\\/giatsu.com\\\/wp-content\\\/uploads\\\/2025\\\/07\\\/fb94cb.webp\",\"contentUrl\":\"https:\\\/\\\/giatsu.com\\\/wp-content\\\/uploads\\\/2025\\\/07\\\/fb94cb.webp\",\"width\":1500,\"height\":1500},{\"@type\":\"BreadcrumbList\",\"@id\":\"https:\\\/\\\/giatsu.com\\\/es\\\/aerotermia\\\/fancoils\\\/cassettes-fancoils\\\/fancoil-cassette-4v-90x90-fcass\\\/#breadcrumb\",\"itemListElement\":[{\"@type\":\"ListItem\",\"position\":1,\"name\":\"Home\",\"item\":\"https:\\\/\\\/giatsu.com\\\/es\\\/\"},{\"@type\":\"ListItem\",\"position\":2,\"name\":\"PRODUCTOS\",\"item\":\"https:\\\/\\\/giatsu.com\\\/es\\\/productos\\\/\"},{\"@type\":\"ListItem\",\"position\":3,\"name\":\"FANCOIL CASSETTE 4V 90X90 FCASS\"}]},{\"@type\":\"WebSite\",\"@id\":\"https:\\\/\\\/giatsu.com\\\/es\\\/#website\",\"url\":\"https:\\\/\\\/giatsu.com\\\/es\\\/\",\"name\":\"GIATSU\",\"description\":\"Quality Comfort Everywhere\",\"potentialAction\":[{\"@type\":\"SearchAction\",\"target\":{\"@type\":\"EntryPoint\",\"urlTemplate\":\"https:\\\/\\\/giatsu.com\\\/es\\\/?s={search_term_string}\"},\"query-input\":{\"@type\":\"PropertyValueSpecification\",\"valueRequired\":true,\"valueName\":\"search_term_string\"}}],\"inLanguage\":\"es\"}]}<\/script>\n<!-- \/ Yoast SEO plugin. -->","yoast_head_json":{"title":"FANCOIL CASSETTE 2 TUBOS GIATSU","description":"Gracias a su potente sistema de ventilaci\u00f3n, el aire fresco se distribuye de manera eficiente en todas las esquinas de la habitaci\u00f3n, asegurando un confort \u00f3ptimo en cada rinc\u00f3n.","robots":{"index":"index","follow":"follow","max-snippet":"max-snippet:-1","max-image-preview":"max-image-preview:large","max-video-preview":"max-video-preview:-1"},"canonical":"https:\/\/giatsu.com\/es\/aerotermia\/fancoils\/cassettes-fancoils\/fancoil-cassette-4v-90x90-fcass\/","og_locale":"es_ES","og_type":"article","og_title":"FANCOIL CASSETTE 2 TUBOS GIATSU","og_description":"Gracias a su potente sistema de ventilaci\u00f3n, el aire fresco se distribuye de manera eficiente en todas las esquinas de la habitaci\u00f3n, asegurando un confort \u00f3ptimo en cada rinc\u00f3n.","og_url":"https:\/\/giatsu.com\/es\/aerotermia\/fancoils\/cassettes-fancoils\/fancoil-cassette-4v-90x90-fcass\/","og_site_name":"GIATSU","article_modified_time":"2025-07-16T06:12:46+00:00","og_image":[{"width":1500,"height":1500,"url":"https:\/\/giatsu.com\/wp-content\/uploads\/2025\/07\/fb94cb.webp","type":"image\/webp"}],"twitter_card":"summary_large_image","twitter_misc":{"Tiempo de lectura":"1 minuto"},"schema":{"@context":"https:\/\/schema.org","@graph":[{"@type":"WebPage","@id":"https:\/\/giatsu.com\/es\/aerotermia\/fancoils\/cassettes-fancoils\/fancoil-cassette-4v-90x90-fcass\/","url":"https:\/\/giatsu.com\/es\/aerotermia\/fancoils\/cassettes-fancoils\/fancoil-cassette-4v-90x90-fcass\/","name":"FANCOIL CASSETTE 2 TUBOS GIATSU","isPartOf":{"@id":"https:\/\/giatsu.com\/es\/#website"},"primaryImageOfPage":{"@id":"https:\/\/giatsu.com\/es\/aerotermia\/fancoils\/cassettes-fancoils\/fancoil-cassette-4v-90x90-fcass\/#primaryimage"},"image":{"@id":"https:\/\/giatsu.com\/es\/aerotermia\/fancoils\/cassettes-fancoils\/fancoil-cassette-4v-90x90-fcass\/#primaryimage"},"thumbnailUrl":"https:\/\/giatsu.com\/wp-content\/uploads\/2025\/07\/fb94cb.webp","datePublished":"2025-01-20T08:15:10+00:00","dateModified":"2025-07-16T06:12:46+00:00","description":"Gracias a su potente sistema de ventilaci\u00f3n, el aire fresco se distribuye de manera eficiente en todas las esquinas de la habitaci\u00f3n, asegurando un confort \u00f3ptimo en cada rinc\u00f3n.","breadcrumb":{"@id":"https:\/\/giatsu.com\/es\/aerotermia\/fancoils\/cassettes-fancoils\/fancoil-cassette-4v-90x90-fcass\/#breadcrumb"},"inLanguage":"es","potentialAction":[{"@type":"ReadAction","target":["https:\/\/giatsu.com\/es\/aerotermia\/fancoils\/cassettes-fancoils\/fancoil-cassette-4v-90x90-fcass\/"]}]},{"@type":"ImageObject","inLanguage":"es","@id":"https:\/\/giatsu.com\/es\/aerotermia\/fancoils\/cassettes-fancoils\/fancoil-cassette-4v-90x90-fcass\/#primaryimage","url":"https:\/\/giatsu.com\/wp-content\/uploads\/2025\/07\/fb94cb.webp","contentUrl":"https:\/\/giatsu.com\/wp-content\/uploads\/2025\/07\/fb94cb.webp","width":1500,"height":1500},{"@type":"BreadcrumbList","@id":"https:\/\/giatsu.com\/es\/aerotermia\/fancoils\/cassettes-fancoils\/fancoil-cassette-4v-90x90-fcass\/#breadcrumb","itemListElement":[{"@type":"ListItem","position":1,"name":"Home","item":"https:\/\/giatsu.com\/es\/"},{"@type":"ListItem","position":2,"name":"PRODUCTOS","item":"https:\/\/giatsu.com\/es\/productos\/"},{"@type":"ListItem","position":3,"name":"FANCOIL CASSETTE 4V 90X90 FCASS"}]},{"@type":"WebSite","@id":"https:\/\/giatsu.com\/es\/#website","url":"https:\/\/giatsu.com\/es\/","name":"GIATSU","description":"Quality Comfort Everywhere","potentialAction":[{"@type":"SearchAction","target":{"@type":"EntryPoint","urlTemplate":"https:\/\/giatsu.com\/es\/?s={search_term_string}"},"query-input":{"@type":"PropertyValueSpecification","valueRequired":true,"valueName":"search_term_string"}}],"inLanguage":"es"}]}},"_links":{"self":[{"href":"https:\/\/giatsu.com\/es\/wp-json\/wp\/v2\/product\/12810","targetHints":{"allow":["GET"]}}],"collection":[{"href":"https:\/\/giatsu.com\/es\/wp-json\/wp\/v2\/product"}],"about":[{"href":"https:\/\/giatsu.com\/es\/wp-json\/wp\/v2\/types\/product"}],"wp:featuredmedia":[{"embeddable":true,"href":"https:\/\/giatsu.com\/es\/wp-json\/wp\/v2\/media\/13756"}],"wp:attachment":[{"href":"https:\/\/giatsu.com\/es\/wp-json\/wp\/v2\/media?parent=12810"}],"wp:term":[{"taxonomy":"product_brand","embeddable":true,"href":"https:\/\/giatsu.com\/es\/wp-json\/wp\/v2\/product_brand?post=12810"},{"taxonomy":"product_cat","embeddable":true,"href":"https:\/\/giatsu.com\/es\/wp-json\/wp\/v2\/product_cat?post=12810"},{"taxonomy":"product_tag","embeddable":true,"href":"https:\/\/giatsu.com\/es\/wp-json\/wp\/v2\/product_tag?post=12810"}],"curies":[{"name":"wp","href":"https:\/\/api.w.org\/{rel}","templated":true}]}}