{"id":12805,"date":"2025-01-20T08:15:00","date_gmt":"2025-01-20T08:15:00","guid":{"rendered":"https:\/\/giatsu.com\/?post_type=product&#038;p=12805"},"modified":"2025-09-19T12:23:21","modified_gmt":"2025-09-19T12:23:21","slug":"vitaheat","status":"publish","type":"product","link":"https:\/\/giatsu.com\/es\/agua\/termos-electricos\/vitaheat\/","title":{"rendered":"VITAHEAT"},"content":{"rendered":"<div class=\"wpb-content-wrapper\"><div class=\"container mb-1 moduloprincipalespictos\">\n<h2 class=\"text-center tituloprincipales\">Caracter\u00edsticas principales<\/h2>\n<div class=\"row row-cols-1 row-cols-md-2 row-cols-xl-3\">\n<div class=\"col-xs-6 col-md-3 order-last\">\n<div class=\"card\">\n                            <img decoding=\"async\" class=\"card-img-top w-100 d-block fit-cover pictoprincipalgrande\" src=\"https:\/\/giatsu.com\/wp-content\/uploads\/2023\/08\/aislamiento-de-poliuretano-de-alta-densidad-e2510f.webp\" \/><\/p>\n<div class=\"card-body p-4\">\n<h3 class=\"font-weight-bold card-title\">Aislamiento de poliuretano de alta densidad<\/h3>\n<p class=\"card-text\">Permite mantener la temperatura del agua del dep\u00f3sito caliente durante m\u00e1s tiempo gracias a su poder aislante.<\/p>\n<\/p><\/div><\/div><\/div>\n<div class=\"col-xs-6 col-md-3 order-last\">\n<div class=\"card\">\n                            <img decoding=\"async\" class=\"card-img-top w-100 d-block fit-cover pictoprincipalgrande\" src=\"https:\/\/giatsu.com\/wp-content\/uploads\/2025\/01\/incoloy-840-58144b.webp\" \/><\/p>\n<div class=\"card-body p-4\">\n<h3 class=\"font-weight-bold card-title\">Incoloy 840<\/h3>\n<p class=\"card-text\">Resistencia de acero inoxidable con alta resistencia a la corrosi\u00f3n.<\/p>\n<\/p><\/div><\/div><\/div><\/div><\/div>\n<hr>\n<p>        [vc_row mobile_bg_img_hidden=\u00bbno\u00bb tablet_bg_img_hidden=\u00bbno\u00bb woodmart_parallax=\u00bb0&#8243; woodmart_gradient_switch=\u00bbno\u00bb row_reverse_mobile=\u00bb0&#8243; row_reverse_tablet=\u00bb0&#8243; woodmart_disable_overflow=\u00bb0&#8243; el_class=\u00bbfilaImgCaracteristica\u00bb][vc_column mobile_bg_img_hidden=\u00bbno\u00bb tablet_bg_img_hidden=\u00bbno\u00bb woodmart_parallax=\u00bb0&#8243; woodmart_sticky_column=\u00bbfalse\u00bb parallax_scroll=\u00bbno\u00bb mobile_reset_margin=\u00bbno\u00bb tablet_reset_margin=\u00bbno\u00bb]<\/p>\n<div class=\"container mb-1\">\n<h3 class=\"text-center\">Informaci\u00f3n t\u00e9cnica<\/h3>\n<div class=\"row row-cols-1 row-cols-md-2 row-cols-xl-3 justify-content-md-center\">\n<div class=\"col-xs-1 col-md-1\">\n<div class=\"card\">\n                            <img decoding=\"async\" class=\"card-img-top w-100 d-block fit-cover pictoprincipalgrande\" src=\"https:\/\/giatsu.com\/wp-content\/uploads\/2023\/08\/tanque-esmaltado-en-polvo-seco-5f2e43.webp\" \/><\/p>\n<div class=\"card-body p-4\">\n<h4 class=\"card-text textospictospeques\">Tanque esmaltado en polvo seco<\/h4>\n<\/p><\/div><\/div><\/div>\n<div class=\"col-xs-1 col-md-1\">\n<div class=\"card\">\n                            <img decoding=\"async\" class=\"card-img-top w-100 d-block fit-cover pictoprincipalgrande\" src=\"https:\/\/giatsu.com\/wp-content\/uploads\/2025\/01\/temperatura_ajustable-cd48b7.webp\" \/><\/p>\n<div class=\"card-body p-4\">\n<h4 class=\"card-text textospictospeques\">Temperatura ajustable<\/h4>\n<\/p><\/div><\/div><\/div>\n<div class=\"col-xs-1 col-md-1\">\n<div class=\"card\">\n                            <img decoding=\"async\" class=\"card-img-top w-100 d-block fit-cover pictoprincipalgrande\" src=\"https:\/\/giatsu.com\/wp-content\/uploads\/2023\/08\/proteccion_contra_el_sobrecalentamiento_en_seco-2c9e53.webp\" \/><\/p>\n<div class=\"card-body p-4\">\n<h4 class=\"card-text textospictospeques\">Protecci\u00f3n contra el sobrecalentamiento en seco<\/h4>\n<\/p><\/div><\/div><\/div>\n<div class=\"col-xs-1 col-md-1\">\n<div class=\"card\">\n                            <img decoding=\"async\" class=\"card-img-top w-100 d-block fit-cover pictoprincipalgrande\" src=\"https:\/\/giatsu.com\/wp-content\/uploads\/2025\/01\/manguitos_electrloticos-12b0c4.webp\" \/><\/p>\n<div class=\"card-body p-4\">\n<h4 class=\"card-text textospictospeques\">Manguitos electrol\u00edticos<\/h4>\n<\/p><\/div><\/div><\/div><\/div><\/div>\n<div class=\"row justify-content-md-center\">\n<div class=\"vc_btn3-container vc_btn3-inline\" id=\"botonDescargarFicha\">\n                        <a target=\"_blank\" class=\"btn btn-light border rounded-4 botondescarga\" href=\"https:\/\/giatsu.com\/documentacion\/\/giatsu-fichas-tecnicas-termos-electricos-vitaheat-espanol.pdf\" title=\"\">Descargar ficha t\u00e9cnica<\/a>\n                 <\/div><\/div>\n<div class=\"row\">\n<hr>\n<div class=\"col text-center\"><a target=\"_blank\" href=\"https:\/\/giatsu.com\/documentacion\/\/giatsu-manual-de-usuario-e-instalacion-termos-electricos-vitaheat-multiidioma.pdf\" class=\"btn btn-light border rounded-4 botonDescargaManual botondescarga\">Manual de usuario<\/a><\/div>\n<hr>\n<\/div>\n<\/div>","protected":false},"excerpt":{"rendered":"<p class=\"MsoNormal\">El termo Vitaheat destaca por su avanzado sistema de regulaci&oacute;n t&eacute;rmica, dise&ntilde;ado para garantizar estabilidad y eficiencia en la temperatura del agua.<\/p>\n<p class=\"MsoNormal\">Beneficios del Vitaheat:<\/p>\n<ul>\n<li>Temperatura uniforme y constante<\/li>\n<li>Instalaci&oacute;n sencilla y r&aacute;pida<\/li>\n<li>Vers&aacute;til y adaptable a distintos espacios<\/li>\n<li>Termostato compacto de alta precisi&oacute;n<\/li>\n<li>Mayor resistencia frente a la corrosi&oacute;n<\/li>\n<\/ul>\n<p class=\"MsoNormal\"><strong>MATERIALES DE ALTA CALIDAD<\/strong><\/p>\n<p class=\"MsoNormal\"><strong>&Aacute;nodo de Magnesio XL <\/strong>(20x300mm): brinda una protecci&oacute;n eficaz contra la corrosi&oacute;n, la presi&oacute;n y agentes agresivos como el &aacute;cido y la cal.<\/p>\n<p class=\"MsoNormal\"><strong>Resistencia INCOLOY 840<\/strong>: fabricada con una aleaci&oacute;n especial que mejora la durabilidad y minimiza la oxidaci&oacute;n en condiciones de alta temperatura.<\/p>\n<p class=\"MsoNormal\"><strong>&Aacute;nodo XL de Magnesio Anticorrosivo: <\/strong>act&uacute;a como una barrera protectora para evitar el desgaste de los componentes met&aacute;licos y del dep&oacute;sito interno, prolongando as&iacute; la vida &uacute;til del equipo.<\/p>\n<p class=\"MsoNormal\">Gracias a la acci&oacute;n del magnesio, los dep&oacute;sitos calc&aacute;reos y la acidez del agua,&nbsp; los factores agresivos afectan primero al &aacute;nodo en lugar de da&ntilde;ar la resistencia, asegurando un funcionamiento eficiente y una mayor longevidad.<\/p>\n<p class=\"MsoNormal\">Capacidades: 30L, 50L, 80L y 100L<\/p>\n<div class='divPictosEnergia'>[vc_single_image image=&#8217;10310&#8242; alignment=&#8217;center&#8217; woodmart_inline=&#8217;no&#8217; parallax_scroll=&#8217;no&#8217; el_class=&#8217;imgEnergia&#8217; img_size=&#8217;72&#215;36&#8242;]<\/div>\n<div class='pictosvoz'>[vc_single_image image=&#8217;13599&#8242; alignment=&#8217;center&#8217; woodmart_inline=&#8217;no&#8217; parallax_scroll=&#8217;no&#8217; el_class=&#8217;imgEnergia&#8217; img_size=&#8217;65&#215;65&#8242;][vc_single_image image=&#8217;13604&#8242; alignment=&#8217;center&#8217; woodmart_inline=&#8217;no&#8217; parallax_scroll=&#8217;no&#8217; el_class=&#8217;imgEnergia&#8217; img_size=&#8217;65&#215;65&#8242;]<\/div>\n","protected":false},"featured_media":13170,"template":"","meta":{"_monsterinsights_skip_tracking":false,"_monsterinsights_sitenote_active":false,"_monsterinsights_sitenote_note":"","_monsterinsights_sitenote_category":0},"product_brand":[],"product_cat":[565,579],"product_tag":[690,693,872],"class_list":{"0":"post-12805","1":"product","2":"type-product","3":"status-publish","4":"has-post-thumbnail","6":"product_cat-agua","7":"product_cat-termos-electricos","8":"product_tag-agua-caliente-sanitaria","9":"product_tag-eficiencia","10":"product_tag-termo-elactrico","12":"first","13":"instock","14":"featured","15":"shipping-taxable","16":"product-type-simple"},"yoast_head":"<!-- This site is optimized with the Yoast SEO plugin v27.4 - https:\/\/yoast.com\/product\/yoast-seo-wordpress\/ -->\n<title>Termo el\u00e9ctrico Vitaheat<\/title>\n<meta name=\"description\" content=\"Termo el\u00e9ctrico que garantiza una temperatura del agua estable y precisa. Incorpora un termostato compacto que optimiza el consumo energ\u00e9tico, y su dise\u00f1o permite una instalaci\u00f3n sencilla. Equipado con un \u00e1nodo de magnesio XL, ofrece una protecci\u00f3n avanzada contra la corrosi\u00f3n, prolongando su vida \u00fatil.\" \/>\n<meta name=\"robots\" content=\"index, follow, max-snippet:-1, max-image-preview:large, max-video-preview:-1\" \/>\n<link rel=\"canonical\" href=\"https:\/\/giatsu.com\/es\/agua\/termos-electricos\/vitaheat\/\" \/>\n<meta property=\"og:locale\" content=\"es_ES\" \/>\n<meta property=\"og:type\" content=\"article\" \/>\n<meta property=\"og:title\" content=\"Termo el\u00e9ctrico Vitaheat\" \/>\n<meta property=\"og:description\" content=\"Termo el\u00e9ctrico que garantiza una temperatura del agua estable y precisa. Incorpora un termostato compacto que optimiza el consumo energ\u00e9tico, y su dise\u00f1o permite una instalaci\u00f3n sencilla. Equipado con un \u00e1nodo de magnesio XL, ofrece una protecci\u00f3n avanzada contra la corrosi\u00f3n, prolongando su vida \u00fatil.\" \/>\n<meta property=\"og:url\" content=\"https:\/\/giatsu.com\/es\/agua\/termos-electricos\/vitaheat\/\" \/>\n<meta property=\"og:site_name\" content=\"GIATSU\" \/>\n<meta property=\"article:modified_time\" content=\"2025-09-19T12:23:21+00:00\" \/>\n<meta property=\"og:image\" content=\"https:\/\/giatsu.com\/wp-content\/uploads\/2025\/03\/vitaheat-3f966a.webp\" \/>\n\t<meta property=\"og:image:width\" content=\"500\" \/>\n\t<meta property=\"og:image:height\" content=\"500\" \/>\n\t<meta property=\"og:image:type\" content=\"image\/webp\" \/>\n<meta name=\"twitter:card\" content=\"summary_large_image\" \/>\n<meta name=\"twitter:label1\" content=\"Tiempo de lectura\" \/>\n\t<meta name=\"twitter:data1\" content=\"2 minutos\" \/>\n<script type=\"application\/ld+json\" class=\"yoast-schema-graph\">{\"@context\":\"https:\\\/\\\/schema.org\",\"@graph\":[{\"@type\":\"WebPage\",\"@id\":\"https:\\\/\\\/giatsu.com\\\/es\\\/agua\\\/termos-electricos\\\/vitaheat\\\/\",\"url\":\"https:\\\/\\\/giatsu.com\\\/es\\\/agua\\\/termos-electricos\\\/vitaheat\\\/\",\"name\":\"Termo el\u00e9ctrico Vitaheat\",\"isPartOf\":{\"@id\":\"https:\\\/\\\/giatsu.com\\\/es\\\/#website\"},\"primaryImageOfPage\":{\"@id\":\"https:\\\/\\\/giatsu.com\\\/es\\\/agua\\\/termos-electricos\\\/vitaheat\\\/#primaryimage\"},\"image\":{\"@id\":\"https:\\\/\\\/giatsu.com\\\/es\\\/agua\\\/termos-electricos\\\/vitaheat\\\/#primaryimage\"},\"thumbnailUrl\":\"https:\\\/\\\/giatsu.com\\\/wp-content\\\/uploads\\\/2025\\\/03\\\/vitaheat-3f966a.webp\",\"datePublished\":\"2025-01-20T08:15:00+00:00\",\"dateModified\":\"2025-09-19T12:23:21+00:00\",\"description\":\"Termo el\u00e9ctrico que garantiza una temperatura del agua estable y precisa. Incorpora un termostato compacto que optimiza el consumo energ\u00e9tico, y su dise\u00f1o permite una instalaci\u00f3n sencilla. Equipado con un \u00e1nodo de magnesio XL, ofrece una protecci\u00f3n avanzada contra la corrosi\u00f3n, prolongando su vida \u00fatil.\",\"breadcrumb\":{\"@id\":\"https:\\\/\\\/giatsu.com\\\/es\\\/agua\\\/termos-electricos\\\/vitaheat\\\/#breadcrumb\"},\"inLanguage\":\"es\",\"potentialAction\":[{\"@type\":\"ReadAction\",\"target\":[\"https:\\\/\\\/giatsu.com\\\/es\\\/agua\\\/termos-electricos\\\/vitaheat\\\/\"]}]},{\"@type\":\"ImageObject\",\"inLanguage\":\"es\",\"@id\":\"https:\\\/\\\/giatsu.com\\\/es\\\/agua\\\/termos-electricos\\\/vitaheat\\\/#primaryimage\",\"url\":\"https:\\\/\\\/giatsu.com\\\/wp-content\\\/uploads\\\/2025\\\/03\\\/vitaheat-3f966a.webp\",\"contentUrl\":\"https:\\\/\\\/giatsu.com\\\/wp-content\\\/uploads\\\/2025\\\/03\\\/vitaheat-3f966a.webp\",\"width\":500,\"height\":500},{\"@type\":\"BreadcrumbList\",\"@id\":\"https:\\\/\\\/giatsu.com\\\/es\\\/agua\\\/termos-electricos\\\/vitaheat\\\/#breadcrumb\",\"itemListElement\":[{\"@type\":\"ListItem\",\"position\":1,\"name\":\"Home\",\"item\":\"https:\\\/\\\/giatsu.com\\\/es\\\/\"},{\"@type\":\"ListItem\",\"position\":2,\"name\":\"PRODUCTOS\",\"item\":\"https:\\\/\\\/giatsu.com\\\/es\\\/productos\\\/\"},{\"@type\":\"ListItem\",\"position\":3,\"name\":\"VITAHEAT\"}]},{\"@type\":\"WebSite\",\"@id\":\"https:\\\/\\\/giatsu.com\\\/es\\\/#website\",\"url\":\"https:\\\/\\\/giatsu.com\\\/es\\\/\",\"name\":\"GIATSU\",\"description\":\"Quality Comfort Everywhere\",\"potentialAction\":[{\"@type\":\"SearchAction\",\"target\":{\"@type\":\"EntryPoint\",\"urlTemplate\":\"https:\\\/\\\/giatsu.com\\\/es\\\/?s={search_term_string}\"},\"query-input\":{\"@type\":\"PropertyValueSpecification\",\"valueRequired\":true,\"valueName\":\"search_term_string\"}}],\"inLanguage\":\"es\"}]}<\/script>\n<!-- \/ Yoast SEO plugin. -->","yoast_head_json":{"title":"Termo el\u00e9ctrico Vitaheat","description":"Termo el\u00e9ctrico que garantiza una temperatura del agua estable y precisa. Incorpora un termostato compacto que optimiza el consumo energ\u00e9tico, y su dise\u00f1o permite una instalaci\u00f3n sencilla. Equipado con un \u00e1nodo de magnesio XL, ofrece una protecci\u00f3n avanzada contra la corrosi\u00f3n, prolongando su vida \u00fatil.","robots":{"index":"index","follow":"follow","max-snippet":"max-snippet:-1","max-image-preview":"max-image-preview:large","max-video-preview":"max-video-preview:-1"},"canonical":"https:\/\/giatsu.com\/es\/agua\/termos-electricos\/vitaheat\/","og_locale":"es_ES","og_type":"article","og_title":"Termo el\u00e9ctrico Vitaheat","og_description":"Termo el\u00e9ctrico que garantiza una temperatura del agua estable y precisa. Incorpora un termostato compacto que optimiza el consumo energ\u00e9tico, y su dise\u00f1o permite una instalaci\u00f3n sencilla. Equipado con un \u00e1nodo de magnesio XL, ofrece una protecci\u00f3n avanzada contra la corrosi\u00f3n, prolongando su vida \u00fatil.","og_url":"https:\/\/giatsu.com\/es\/agua\/termos-electricos\/vitaheat\/","og_site_name":"GIATSU","article_modified_time":"2025-09-19T12:23:21+00:00","og_image":[{"width":500,"height":500,"url":"https:\/\/giatsu.com\/wp-content\/uploads\/2025\/03\/vitaheat-3f966a.webp","type":"image\/webp"}],"twitter_card":"summary_large_image","twitter_misc":{"Tiempo de lectura":"2 minutos"},"schema":{"@context":"https:\/\/schema.org","@graph":[{"@type":"WebPage","@id":"https:\/\/giatsu.com\/es\/agua\/termos-electricos\/vitaheat\/","url":"https:\/\/giatsu.com\/es\/agua\/termos-electricos\/vitaheat\/","name":"Termo el\u00e9ctrico Vitaheat","isPartOf":{"@id":"https:\/\/giatsu.com\/es\/#website"},"primaryImageOfPage":{"@id":"https:\/\/giatsu.com\/es\/agua\/termos-electricos\/vitaheat\/#primaryimage"},"image":{"@id":"https:\/\/giatsu.com\/es\/agua\/termos-electricos\/vitaheat\/#primaryimage"},"thumbnailUrl":"https:\/\/giatsu.com\/wp-content\/uploads\/2025\/03\/vitaheat-3f966a.webp","datePublished":"2025-01-20T08:15:00+00:00","dateModified":"2025-09-19T12:23:21+00:00","description":"Termo el\u00e9ctrico que garantiza una temperatura del agua estable y precisa. Incorpora un termostato compacto que optimiza el consumo energ\u00e9tico, y su dise\u00f1o permite una instalaci\u00f3n sencilla. Equipado con un \u00e1nodo de magnesio XL, ofrece una protecci\u00f3n avanzada contra la corrosi\u00f3n, prolongando su vida \u00fatil.","breadcrumb":{"@id":"https:\/\/giatsu.com\/es\/agua\/termos-electricos\/vitaheat\/#breadcrumb"},"inLanguage":"es","potentialAction":[{"@type":"ReadAction","target":["https:\/\/giatsu.com\/es\/agua\/termos-electricos\/vitaheat\/"]}]},{"@type":"ImageObject","inLanguage":"es","@id":"https:\/\/giatsu.com\/es\/agua\/termos-electricos\/vitaheat\/#primaryimage","url":"https:\/\/giatsu.com\/wp-content\/uploads\/2025\/03\/vitaheat-3f966a.webp","contentUrl":"https:\/\/giatsu.com\/wp-content\/uploads\/2025\/03\/vitaheat-3f966a.webp","width":500,"height":500},{"@type":"BreadcrumbList","@id":"https:\/\/giatsu.com\/es\/agua\/termos-electricos\/vitaheat\/#breadcrumb","itemListElement":[{"@type":"ListItem","position":1,"name":"Home","item":"https:\/\/giatsu.com\/es\/"},{"@type":"ListItem","position":2,"name":"PRODUCTOS","item":"https:\/\/giatsu.com\/es\/productos\/"},{"@type":"ListItem","position":3,"name":"VITAHEAT"}]},{"@type":"WebSite","@id":"https:\/\/giatsu.com\/es\/#website","url":"https:\/\/giatsu.com\/es\/","name":"GIATSU","description":"Quality Comfort Everywhere","potentialAction":[{"@type":"SearchAction","target":{"@type":"EntryPoint","urlTemplate":"https:\/\/giatsu.com\/es\/?s={search_term_string}"},"query-input":{"@type":"PropertyValueSpecification","valueRequired":true,"valueName":"search_term_string"}}],"inLanguage":"es"}]}},"_links":{"self":[{"href":"https:\/\/giatsu.com\/es\/wp-json\/wp\/v2\/product\/12805","targetHints":{"allow":["GET"]}}],"collection":[{"href":"https:\/\/giatsu.com\/es\/wp-json\/wp\/v2\/product"}],"about":[{"href":"https:\/\/giatsu.com\/es\/wp-json\/wp\/v2\/types\/product"}],"wp:featuredmedia":[{"embeddable":true,"href":"https:\/\/giatsu.com\/es\/wp-json\/wp\/v2\/media\/13170"}],"wp:attachment":[{"href":"https:\/\/giatsu.com\/es\/wp-json\/wp\/v2\/media?parent=12805"}],"wp:term":[{"taxonomy":"product_brand","embeddable":true,"href":"https:\/\/giatsu.com\/es\/wp-json\/wp\/v2\/product_brand?post=12805"},{"taxonomy":"product_cat","embeddable":true,"href":"https:\/\/giatsu.com\/es\/wp-json\/wp\/v2\/product_cat?post=12805"},{"taxonomy":"product_tag","embeddable":true,"href":"https:\/\/giatsu.com\/es\/wp-json\/wp\/v2\/product_tag?post=12805"}],"curies":[{"name":"wp","href":"https:\/\/api.w.org\/{rel}","templated":true}]}}