{"id":11907,"date":"2024-02-23T11:50:52","date_gmt":"2024-02-23T11:50:52","guid":{"rendered":"https:\/\/giatsu.com\/?post_type=product&#038;p=11907"},"modified":"2025-07-16T06:23:44","modified_gmt":"2025-07-16T06:23:44","slug":"admira-plus-5","status":"publish","type":"product","link":"https:\/\/giatsu.com\/es\/comercial\/suelo-techo\/admira-plus-5\/","title":{"rendered":"SUELO-TECHO ADMIRA PLUS"},"content":{"rendered":"<div class=\"wpb-content-wrapper\"><p>&nbsp;<\/p>\n<div class=\"container mb-1 moduloprincipalespictos\">\n<h2 class=\"text-center tituloprincipales\">Caracter\u00edsticas principales<\/h2>\n<div class=\"row row-cols-1 row-cols-md-2 row-cols-xl-3\">\n<div class=\"col-xs-6 col-md-3 order-last\">\n<div class=\"card\"><img decoding=\"async\" class=\"card-img-top w-100 d-block fit-cover pictoprincipalgrande\" src=\"https:\/\/giatsu.com\/wp-content\/uploads\/2023\/08\/golden-fin-e40702.webp\" \/><\/p>\n<div class=\"card-body p-4\">\n<h3 class=\"font-weight-bold card-title\">Golden Fin<\/h3>\n<p class=\"card-text\">Este recubrimiento se aplica a las bater\u00edas de la unidad interior y exterior proporcionando protecci\u00f3n contra la corrosi\u00f3n de ambientes salinos.<\/p>\n<\/div>\n<\/div>\n<\/div>\n<div class=\"col-xs-6 col-md-3 order-last\">\n<div class=\"card\"><img decoding=\"async\" class=\"card-img-top w-100 d-block fit-cover pictoprincipalgrande\" src=\"https:\/\/giatsu.com\/wp-content\/uploads\/2023\/08\/wifi-opcional-273a8f.webp\" \/><\/p>\n<div class=\"card-body p-4\">\n<h3 class=\"font-weight-bold card-title\">WIFI opcional<\/h3>\n<p class=\"card-text\">Comprando el WIFIUFO adicional, se puede controlar el equipo desde un smartphone, tablet o por voz con Alexa y Google Home.<\/p>\n<\/div>\n<\/div>\n<\/div>\n<div class=\"col-xs-6 col-md-3 order-last\">\n<div class=\"card\"><img decoding=\"async\" class=\"card-img-top w-100 d-block fit-cover pictoprincipalgrande\" src=\"https:\/\/giatsu.com\/wp-content\/uploads\/2023\/06\/tecnologia_inverter-495dd8.webp\" \/><\/p>\n<div class=\"card-body p-4\">\n<h3 class=\"font-weight-bold card-title\">Tecnolog\u00eda inverter<\/h3>\n<p class=\"card-text\">Al trabajar el compresor de forma continua se consigue un ahorro de hasta el 50% de energ\u00eda con respecto a equipos convencionales.<\/p>\n<\/div>\n<\/div>\n<\/div>\n<\/div>\n<\/div>\n<hr \/>\n<p>[vc_row mobile_bg_img_hidden=\u00bbno\u00bb tablet_bg_img_hidden=\u00bbno\u00bb woodmart_parallax=\u00bb0&#8243; woodmart_gradient_switch=\u00bbno\u00bb row_reverse_mobile=\u00bb0&#8243; row_reverse_tablet=\u00bb0&#8243; woodmart_disable_overflow=\u00bb0&#8243; el_class=\u00bbfilaImgCaracteristica\u00bb][vc_column mobile_bg_img_hidden=\u00bbno\u00bb tablet_bg_img_hidden=\u00bbno\u00bb woodmart_parallax=\u00bb0&#8243; woodmart_sticky_column=\u00bbfalse\u00bb parallax_scroll=\u00bbno\u00bb mobile_reset_margin=\u00bbno\u00bb tablet_reset_margin=\u00bbno\u00bb]<\/p>\n<div class=\"container mb-1\">\n<h3 class=\"text-center\">Informaci\u00f3n t\u00e9cnica<\/h3>\n<div class=\"row row-cols-1 row-cols-md-2 row-cols-xl-3 justify-content-md-center\">\n<div class=\"col-xs-1 col-md-1\">\n<div class=\"card\"><img decoding=\"async\" class=\"card-img-top w-100 d-block fit-cover pictoprincipalgrande\" src=\"https:\/\/giatsu.com\/wp-content\/uploads\/2023\/08\/control_integrado-87949f.webp\" \/><\/p>\n<div class=\"card-body p-4\">\n<h4 class=\"card-text textospictospeques\">Control integrado<\/h4>\n<\/div>\n<\/div>\n<\/div>\n<div class=\"col-xs-1 col-md-1\">\n<div class=\"card\"><img decoding=\"async\" class=\"card-img-top w-100 d-block fit-cover pictoprincipalgrande\" src=\"https:\/\/giatsu.com\/wp-content\/uploads\/2024\/02\/r-32-b46f41.webp\" \/><\/p>\n<div class=\"card-body p-4\">\n<h4 class=\"card-text textospictospeques\">R 32<\/h4>\n<\/div>\n<\/div>\n<\/div>\n<div class=\"col-xs-1 col-md-1\">\n<div class=\"card\"><img decoding=\"async\" class=\"card-img-top w-100 d-block fit-cover pictoprincipalgrande\" src=\"https:\/\/giatsu.com\/wp-content\/uploads\/2023\/08\/temporizador_24_h-f6c646.webp\" \/><\/p>\n<div class=\"card-body p-4\">\n<h4 class=\"card-text textospictospeques\">Temporizador 24h<\/h4>\n<\/div>\n<\/div>\n<\/div>\n<\/div>\n<\/div>\n<div class=\"row justify-content-md-center\">\n<div id=\"botonDescargarFicha\" class=\"vc_btn3-container vc_btn3-inline\"><a class=\"btn btn-light border rounded-4 botondescarga\" title=\"\" href=\"https:\/\/giatsu.com\/documentacion\/\/giatsu-fichas-tecnicas-suelo-techo-lcac-admira-plus-espanol.pdf\" target=\"_blank\" rel=\"noopener\">Descargar ficha t\u00e9cnica<\/a><\/div>\n<\/div>\n<div class=\"row\">\n<hr \/>\n<div class=\"col text-center\"><a class=\"btn btn-light border rounded-4 botonDescargaManual botondescarga\" href=\"https:\/\/giatsu.com\/documentacion\/\/giatsu-manual-de-usuario-e-instalacion-suelo-techo-lcac-admira-plus-multiidioma.pdf\" target=\"_blank\" rel=\"noopener\">Manual de usuario<\/a><\/div>\n<div class=\"col text-center\"><a class=\"btn btn-light border rounded-4 botonDescargaManual botondescarga\" href=\"https:\/\/giatsu.com\/documentacion\/\/giatsu-manual-de-usuario-e-instalacion-suelo-techo-lcac-admira-plus-multiidioma.pdf\" target=\"_blank\" rel=\"noopener\">Manual de instalaci\u00f3n<\/a><\/div>\n<hr \/>\n<\/div>\n<\/div>","protected":false},"excerpt":{"rendered":"<p>El sistema de aire acondicionado <strong>suelo-techo de la serie Admira Plus <\/strong>ofrece soluciones de refrigeraci\u00f3n \/ calefacci\u00f3n, un funcionamiento estable y fiable.<\/p>\n<p>Caracter\u00edsticas principales:<\/p>\n<ul>\n<li>Dos opciones de instalaci\u00f3n en una misma m\u00e1quina: instalaci\u00f3n en el techo para ahorrar espacio o bien instalaci\u00f3n en el suelo para mejorar el flujo de aire caliente.<\/li>\n<li>Dos salidas de condensados para conectar la evacuaci\u00f3n.<\/li>\n<li>Tres opciones de conexi\u00f3n de tuber\u00eda.<\/li>\n<li>El filtro y la rejilla de aire tienen un f\u00e1cil acceso y desmontaje.<\/li>\n<li>F\u00e1cil acceso a los componentes para su mantenimiento.<\/li>\n<li>F\u00e1cil mantenimiento y desmontaje.<\/li>\n<li>wifi (Opcional).<\/li>\n<\/ul>\n<p>Potencias disponibles: 5,2kW, 7,1kw, 9kW, 10,5kW, 12kW, 14kW, 10,5kW, 14kW, 16kW<\/p>\n<div class=\"divPictosEnergia\">[vc_single_image image=&#8217;10410&#8242; alignment=&#8217;center&#8217; woodmart_inline=&#8217;no&#8217; parallax_scroll=&#8217;no&#8217; el_class=&#8217;imgEnergia&#8217; img_size=&#8217;72&#215;36&#8242;][vc_single_image image=&#8217;10510&#8242; alignment=&#8217;center&#8217; woodmart_inline=&#8217;no&#8217; parallax_scroll=&#8217;no&#8217; el_class=&#8217;imgEnergia&#8217; img_size=&#8217;72&#215;36&#8242;][vc_single_image image=&#8217;10405&#8242; alignment=&#8217;center&#8217; woodmart_inline=&#8217;no&#8217; parallax_scroll=&#8217;no&#8217; el_class=&#8217;imgEnergia&#8217; img_size=&#8217;72&#215;36&#8242;]<\/div>\n","protected":false},"featured_media":12125,"template":"","meta":{"_monsterinsights_skip_tracking":false,"_monsterinsights_sitenote_active":false,"_monsterinsights_sitenote_note":"","_monsterinsights_sitenote_category":0},"product_brand":[],"product_cat":[559,572],"product_tag":[692,693,694],"class_list":{"0":"post-11907","1":"product","2":"type-product","3":"status-publish","4":"has-post-thumbnail","6":"product_cat-comercial","7":"product_cat-suelo-techo","8":"product_tag-ahorro-de-energia","9":"product_tag-eficiencia","10":"product_tag-r290","12":"first","13":"instock","14":"shipping-taxable","15":"product-type-simple"},"yoast_head":"<!-- This site is optimized with the Yoast SEO plugin v27.4 - https:\/\/yoast.com\/product\/yoast-seo-wordpress\/ -->\n<title>Suelo-Techo Admira Plus de Giatsu<\/title>\n<meta name=\"description\" content=\"El sistema de aire acondicionado suelo-techo de la serie Admira Plus ofrece soluciones de refrigeraci\u00f3n \/ calefacci\u00f3n, un funcionamiento estable y fiabilidad.\" \/>\n<meta name=\"robots\" content=\"index, follow, max-snippet:-1, max-image-preview:large, max-video-preview:-1\" \/>\n<link rel=\"canonical\" href=\"https:\/\/giatsu.com\/es\/comercial\/suelo-techo\/admira-plus-5\/\" \/>\n<meta property=\"og:locale\" content=\"es_ES\" \/>\n<meta property=\"og:type\" content=\"article\" \/>\n<meta property=\"og:title\" content=\"Suelo-Techo Admira Plus de Giatsu\" \/>\n<meta property=\"og:description\" content=\"El sistema de aire acondicionado suelo-techo de la serie Admira Plus ofrece soluciones de refrigeraci\u00f3n \/ calefacci\u00f3n, un funcionamiento estable y fiabilidad.\" \/>\n<meta property=\"og:url\" content=\"https:\/\/giatsu.com\/es\/comercial\/suelo-techo\/admira-plus-5\/\" \/>\n<meta property=\"og:site_name\" content=\"GIATSU\" \/>\n<meta property=\"article:modified_time\" content=\"2025-07-16T06:23:44+00:00\" \/>\n<meta property=\"og:image\" content=\"https:\/\/giatsu.com\/wp-content\/uploads\/2024\/04\/suelo-techo-admira-plus-618a9b.webp\" \/>\n\t<meta property=\"og:image:width\" content=\"500\" \/>\n\t<meta property=\"og:image:height\" content=\"500\" \/>\n\t<meta property=\"og:image:type\" content=\"image\/webp\" \/>\n<meta name=\"twitter:card\" content=\"summary_large_image\" \/>\n<meta name=\"twitter:label1\" content=\"Tiempo de lectura\" \/>\n\t<meta name=\"twitter:data1\" content=\"2 minutos\" \/>\n<script type=\"application\/ld+json\" class=\"yoast-schema-graph\">{\"@context\":\"https:\\\/\\\/schema.org\",\"@graph\":[{\"@type\":\"WebPage\",\"@id\":\"https:\\\/\\\/giatsu.com\\\/es\\\/comercial\\\/suelo-techo\\\/admira-plus-5\\\/\",\"url\":\"https:\\\/\\\/giatsu.com\\\/es\\\/comercial\\\/suelo-techo\\\/admira-plus-5\\\/\",\"name\":\"Suelo-Techo Admira Plus de Giatsu\",\"isPartOf\":{\"@id\":\"https:\\\/\\\/giatsu.com\\\/es\\\/#website\"},\"primaryImageOfPage\":{\"@id\":\"https:\\\/\\\/giatsu.com\\\/es\\\/comercial\\\/suelo-techo\\\/admira-plus-5\\\/#primaryimage\"},\"image\":{\"@id\":\"https:\\\/\\\/giatsu.com\\\/es\\\/comercial\\\/suelo-techo\\\/admira-plus-5\\\/#primaryimage\"},\"thumbnailUrl\":\"https:\\\/\\\/giatsu.com\\\/wp-content\\\/uploads\\\/2024\\\/04\\\/suelo-techo-admira-plus-618a9b.webp\",\"datePublished\":\"2024-02-23T11:50:52+00:00\",\"dateModified\":\"2025-07-16T06:23:44+00:00\",\"description\":\"El sistema de aire acondicionado suelo-techo de la serie Admira Plus ofrece soluciones de refrigeraci\u00f3n \\\/ calefacci\u00f3n, un funcionamiento estable y fiabilidad.\",\"breadcrumb\":{\"@id\":\"https:\\\/\\\/giatsu.com\\\/es\\\/comercial\\\/suelo-techo\\\/admira-plus-5\\\/#breadcrumb\"},\"inLanguage\":\"es\",\"potentialAction\":[{\"@type\":\"ReadAction\",\"target\":[\"https:\\\/\\\/giatsu.com\\\/es\\\/comercial\\\/suelo-techo\\\/admira-plus-5\\\/\"]}]},{\"@type\":\"ImageObject\",\"inLanguage\":\"es\",\"@id\":\"https:\\\/\\\/giatsu.com\\\/es\\\/comercial\\\/suelo-techo\\\/admira-plus-5\\\/#primaryimage\",\"url\":\"https:\\\/\\\/giatsu.com\\\/wp-content\\\/uploads\\\/2024\\\/04\\\/suelo-techo-admira-plus-618a9b.webp\",\"contentUrl\":\"https:\\\/\\\/giatsu.com\\\/wp-content\\\/uploads\\\/2024\\\/04\\\/suelo-techo-admira-plus-618a9b.webp\",\"width\":500,\"height\":500},{\"@type\":\"BreadcrumbList\",\"@id\":\"https:\\\/\\\/giatsu.com\\\/es\\\/comercial\\\/suelo-techo\\\/admira-plus-5\\\/#breadcrumb\",\"itemListElement\":[{\"@type\":\"ListItem\",\"position\":1,\"name\":\"Home\",\"item\":\"https:\\\/\\\/giatsu.com\\\/es\\\/\"},{\"@type\":\"ListItem\",\"position\":2,\"name\":\"PRODUCTOS\",\"item\":\"https:\\\/\\\/giatsu.com\\\/es\\\/productos\\\/\"},{\"@type\":\"ListItem\",\"position\":3,\"name\":\"SUELO-TECHO ADMIRA PLUS\"}]},{\"@type\":\"WebSite\",\"@id\":\"https:\\\/\\\/giatsu.com\\\/es\\\/#website\",\"url\":\"https:\\\/\\\/giatsu.com\\\/es\\\/\",\"name\":\"GIATSU\",\"description\":\"Quality Comfort Everywhere\",\"potentialAction\":[{\"@type\":\"SearchAction\",\"target\":{\"@type\":\"EntryPoint\",\"urlTemplate\":\"https:\\\/\\\/giatsu.com\\\/es\\\/?s={search_term_string}\"},\"query-input\":{\"@type\":\"PropertyValueSpecification\",\"valueRequired\":true,\"valueName\":\"search_term_string\"}}],\"inLanguage\":\"es\"}]}<\/script>\n<!-- \/ Yoast SEO plugin. -->","yoast_head_json":{"title":"Suelo-Techo Admira Plus de Giatsu","description":"El sistema de aire acondicionado suelo-techo de la serie Admira Plus ofrece soluciones de refrigeraci\u00f3n \/ calefacci\u00f3n, un funcionamiento estable y fiabilidad.","robots":{"index":"index","follow":"follow","max-snippet":"max-snippet:-1","max-image-preview":"max-image-preview:large","max-video-preview":"max-video-preview:-1"},"canonical":"https:\/\/giatsu.com\/es\/comercial\/suelo-techo\/admira-plus-5\/","og_locale":"es_ES","og_type":"article","og_title":"Suelo-Techo Admira Plus de Giatsu","og_description":"El sistema de aire acondicionado suelo-techo de la serie Admira Plus ofrece soluciones de refrigeraci\u00f3n \/ calefacci\u00f3n, un funcionamiento estable y fiabilidad.","og_url":"https:\/\/giatsu.com\/es\/comercial\/suelo-techo\/admira-plus-5\/","og_site_name":"GIATSU","article_modified_time":"2025-07-16T06:23:44+00:00","og_image":[{"width":500,"height":500,"url":"https:\/\/giatsu.com\/wp-content\/uploads\/2024\/04\/suelo-techo-admira-plus-618a9b.webp","type":"image\/webp"}],"twitter_card":"summary_large_image","twitter_misc":{"Tiempo de lectura":"2 minutos"},"schema":{"@context":"https:\/\/schema.org","@graph":[{"@type":"WebPage","@id":"https:\/\/giatsu.com\/es\/comercial\/suelo-techo\/admira-plus-5\/","url":"https:\/\/giatsu.com\/es\/comercial\/suelo-techo\/admira-plus-5\/","name":"Suelo-Techo Admira Plus de Giatsu","isPartOf":{"@id":"https:\/\/giatsu.com\/es\/#website"},"primaryImageOfPage":{"@id":"https:\/\/giatsu.com\/es\/comercial\/suelo-techo\/admira-plus-5\/#primaryimage"},"image":{"@id":"https:\/\/giatsu.com\/es\/comercial\/suelo-techo\/admira-plus-5\/#primaryimage"},"thumbnailUrl":"https:\/\/giatsu.com\/wp-content\/uploads\/2024\/04\/suelo-techo-admira-plus-618a9b.webp","datePublished":"2024-02-23T11:50:52+00:00","dateModified":"2025-07-16T06:23:44+00:00","description":"El sistema de aire acondicionado suelo-techo de la serie Admira Plus ofrece soluciones de refrigeraci\u00f3n \/ calefacci\u00f3n, un funcionamiento estable y fiabilidad.","breadcrumb":{"@id":"https:\/\/giatsu.com\/es\/comercial\/suelo-techo\/admira-plus-5\/#breadcrumb"},"inLanguage":"es","potentialAction":[{"@type":"ReadAction","target":["https:\/\/giatsu.com\/es\/comercial\/suelo-techo\/admira-plus-5\/"]}]},{"@type":"ImageObject","inLanguage":"es","@id":"https:\/\/giatsu.com\/es\/comercial\/suelo-techo\/admira-plus-5\/#primaryimage","url":"https:\/\/giatsu.com\/wp-content\/uploads\/2024\/04\/suelo-techo-admira-plus-618a9b.webp","contentUrl":"https:\/\/giatsu.com\/wp-content\/uploads\/2024\/04\/suelo-techo-admira-plus-618a9b.webp","width":500,"height":500},{"@type":"BreadcrumbList","@id":"https:\/\/giatsu.com\/es\/comercial\/suelo-techo\/admira-plus-5\/#breadcrumb","itemListElement":[{"@type":"ListItem","position":1,"name":"Home","item":"https:\/\/giatsu.com\/es\/"},{"@type":"ListItem","position":2,"name":"PRODUCTOS","item":"https:\/\/giatsu.com\/es\/productos\/"},{"@type":"ListItem","position":3,"name":"SUELO-TECHO ADMIRA PLUS"}]},{"@type":"WebSite","@id":"https:\/\/giatsu.com\/es\/#website","url":"https:\/\/giatsu.com\/es\/","name":"GIATSU","description":"Quality Comfort Everywhere","potentialAction":[{"@type":"SearchAction","target":{"@type":"EntryPoint","urlTemplate":"https:\/\/giatsu.com\/es\/?s={search_term_string}"},"query-input":{"@type":"PropertyValueSpecification","valueRequired":true,"valueName":"search_term_string"}}],"inLanguage":"es"}]}},"_links":{"self":[{"href":"https:\/\/giatsu.com\/es\/wp-json\/wp\/v2\/product\/11907","targetHints":{"allow":["GET"]}}],"collection":[{"href":"https:\/\/giatsu.com\/es\/wp-json\/wp\/v2\/product"}],"about":[{"href":"https:\/\/giatsu.com\/es\/wp-json\/wp\/v2\/types\/product"}],"wp:featuredmedia":[{"embeddable":true,"href":"https:\/\/giatsu.com\/es\/wp-json\/wp\/v2\/media\/12125"}],"wp:attachment":[{"href":"https:\/\/giatsu.com\/es\/wp-json\/wp\/v2\/media?parent=11907"}],"wp:term":[{"taxonomy":"product_brand","embeddable":true,"href":"https:\/\/giatsu.com\/es\/wp-json\/wp\/v2\/product_brand?post=11907"},{"taxonomy":"product_cat","embeddable":true,"href":"https:\/\/giatsu.com\/es\/wp-json\/wp\/v2\/product_cat?post=11907"},{"taxonomy":"product_tag","embeddable":true,"href":"https:\/\/giatsu.com\/es\/wp-json\/wp\/v2\/product_tag?post=11907"}],"curies":[{"name":"wp","href":"https:\/\/api.w.org\/{rel}","templated":true}]}}