{"id":11905,"date":"2024-02-23T11:50:49","date_gmt":"2024-02-23T11:50:49","guid":{"rendered":"https:\/\/giatsu.com\/?post_type=product&#038;p=11905"},"modified":"2025-04-03T14:35:25","modified_gmt":"2025-04-03T14:35:25","slug":"admira-plus-4","status":"publish","type":"product","link":"https:\/\/giatsu.com\/es\/comercial\/consolas\/admira-plus-4\/","title":{"rendered":"CONSOLA ADMIRA PLUS"},"content":{"rendered":"<div class=\"wpb-content-wrapper\"><div class=\"container mb-1 moduloprincipalespictos\">\n<h2 class=\"text-center tituloprincipales\">Caracter\u00edsticas principales<\/h2>\n<div class=\"row row-cols-1 row-cols-md-2 row-cols-xl-3\">\n<div class=\"col-xs-6 col-md-3 order-last\">\n<div class=\"card\">\n                            <img decoding=\"async\" class=\"card-img-top w-100 d-block fit-cover pictoprincipalgrande\" src=\"https:\/\/giatsu.com\/wp-content\/uploads\/2023\/08\/golden-fin-e40702.webp\" \/><\/p>\n<div class=\"card-body p-4\">\n<h3 class=\"font-weight-bold card-title\">Golden Fin<\/h3>\n<p class=\"card-text\">Este recubrimiento se aplica a las bater\u00edas de la unidad interior y exterior proporcionando protecci\u00f3n contra la corrosi\u00f3n de ambientes salinos.<\/p>\n<\/p><\/div><\/div><\/div>\n<div class=\"col-xs-6 col-md-3 order-last\">\n<div class=\"card\">\n                            <img decoding=\"async\" class=\"card-img-top w-100 d-block fit-cover pictoprincipalgrande\" src=\"https:\/\/giatsu.com\/wp-content\/uploads\/2023\/08\/wifi-opcional-273a8f.webp\" \/><\/p>\n<div class=\"card-body p-4\">\n<h3 class=\"font-weight-bold card-title\">WIFI opcional<\/h3>\n<p class=\"card-text\">Comprando el WIFIUFO adicional, se puede controlar el equipo desde un smartphone, tablet o por voz con Alexa y Google Home.<\/p>\n<\/p><\/div><\/div><\/div>\n<div class=\"col-xs-6 col-md-3 order-last\">\n<div class=\"card\">\n                            <img decoding=\"async\" class=\"card-img-top w-100 d-block fit-cover pictoprincipalgrande\" src=\"https:\/\/giatsu.com\/wp-content\/uploads\/2023\/06\/tecnologia_inverter-495dd8.webp\" \/><\/p>\n<div class=\"card-body p-4\">\n<h3 class=\"font-weight-bold card-title\">Tecnolog\u00eda inverter<\/h3>\n<p class=\"card-text\">Al trabajar el compresor de forma continua se consigue un ahorro de hasta el 50% de energ\u00eda con respecto a equipos convencionales.<\/p>\n<\/p><\/div><\/div><\/div><\/div><\/div>\n<hr>\n<p>        [vc_row mobile_bg_img_hidden=\u00bbno\u00bb tablet_bg_img_hidden=\u00bbno\u00bb woodmart_parallax=\u00bb0&#8243; woodmart_gradient_switch=\u00bbno\u00bb row_reverse_mobile=\u00bb0&#8243; row_reverse_tablet=\u00bb0&#8243; woodmart_disable_overflow=\u00bb0&#8243; el_class=\u00bbfilaImgCaracteristica\u00bb][vc_column mobile_bg_img_hidden=\u00bbno\u00bb tablet_bg_img_hidden=\u00bbno\u00bb woodmart_parallax=\u00bb0&#8243; woodmart_sticky_column=\u00bbfalse\u00bb parallax_scroll=\u00bbno\u00bb mobile_reset_margin=\u00bbno\u00bb tablet_reset_margin=\u00bbno\u00bb]<\/p>\n<div class=\"container mb-1\">\n<h3 class=\"text-center\">Informaci\u00f3n t\u00e9cnica<\/h3>\n<div class=\"row row-cols-1 row-cols-md-2 row-cols-xl-3 justify-content-md-center\">\n<div class=\"col-xs-1 col-md-1\">\n<div class=\"card\">\n                            <img decoding=\"async\" class=\"card-img-top w-100 d-block fit-cover pictoprincipalgrande\" src=\"https:\/\/giatsu.com\/wp-content\/uploads\/2023\/08\/control_integrado-87949f.webp\" \/><\/p>\n<div class=\"card-body p-4\">\n<h4 class=\"card-text textospictospeques\">Control integrado<\/h4>\n<\/p><\/div><\/div><\/div>\n<div class=\"col-xs-1 col-md-1\">\n<div class=\"card\">\n                            <img decoding=\"async\" class=\"card-img-top w-100 d-block fit-cover pictoprincipalgrande\" src=\"https:\/\/giatsu.com\/wp-content\/uploads\/2024\/02\/r-32-b46f41.webp\" \/><\/p>\n<div class=\"card-body p-4\">\n<h4 class=\"card-text textospictospeques\">R 32<\/h4>\n<\/p><\/div><\/div><\/div>\n<div class=\"col-xs-1 col-md-1\">\n<div class=\"card\">\n                            <img decoding=\"async\" class=\"card-img-top w-100 d-block fit-cover pictoprincipalgrande\" src=\"https:\/\/giatsu.com\/wp-content\/uploads\/2023\/08\/temporizador_24_h-f6c646.webp\" \/><\/p>\n<div class=\"card-body p-4\">\n<h4 class=\"card-text textospictospeques\">Temporizador 24h<\/h4>\n<\/p><\/div><\/div><\/div><\/div><\/div>\n<div class=\"row justify-content-md-center\">\n<div class=\"vc_btn3-container vc_btn3-inline\" id=\"botonDescargarFicha\">\n                        <a target=\"_blank\" class=\"btn btn-light border rounded-4 botondescarga\" href=\"https:\/\/giatsu.com\/documentacion\/\/giatsu-fichas-tecnicas-consolas-lcac-admira-plus-.pdf\" title=\"\">Descargar ficha t\u00e9cnica<\/a>\n                 <\/div><\/div>\n<\/div>","protected":false},"excerpt":{"rendered":"<p><strong>Consola Admira Plus,<\/strong> dise&ntilde;ada para brindar un mayor confort en grandes superficies.&nbsp;<\/p>\n<p><strong>Caracter&iacute;sticas principales:<\/strong><\/p>\n<ul>\n<li>Mayor confort: ajuste de la velocidad del ventilador para un mejor confort t&eacute;rmico.<\/li>\n<li>Eficiencia: clasificaci&oacute;n A++ en fr&iacute;o y A+++ en calor.<\/li>\n<li>Protecci&oacute;n Golden Fin: recubrimiento de la unidad exterior para proteger contra la corrosi&oacute;n y alargar la vida &uacute;til del equipo.<\/li>\n<li>Flujo de aire 3D: Las lamas de la unidad interior pueden moverse tanto vertical como horizontalmente, consiguiente un flujo de aire m&aacute;s amplio que se expande en diversas direcciones.<\/li>\n<li>Mando a distancia: con programaci&oacute;n 24h.<\/li>\n<li>Modo noche: la unidad interior reduce la velocidad de la ventilaci&oacute;n y apaga la luz de la pantalla.<\/li>\n<li>Funci&oacute;n I Feel: con un sensor de temperatura en el mando a distancia para mayor precisi&oacute;n en la temperatura.<\/li>\n<li>Wifi (opcional).<\/li>\n<\/ul>\n<p>Potencias disponibles: 2,6kW, 3,5kW, 5,2kW<\/p>\n<div class='divPictosEnergia'>[vc_single_image image=&#8217;10410&#8242; alignment=&#8217;center&#8217; woodmart_inline=&#8217;no&#8217; parallax_scroll=&#8217;no&#8217; el_class=&#8217;imgEnergia&#8217; img_size=&#8217;72&#215;36&#8242;][vc_single_image image=&#8217;10510&#8242; alignment=&#8217;center&#8217; woodmart_inline=&#8217;no&#8217; parallax_scroll=&#8217;no&#8217; el_class=&#8217;imgEnergia&#8217; img_size=&#8217;72&#215;36&#8242;][vc_single_image image=&#8217;10405&#8242; alignment=&#8217;center&#8217; woodmart_inline=&#8217;no&#8217; parallax_scroll=&#8217;no&#8217; el_class=&#8217;imgEnergia&#8217; img_size=&#8217;72&#215;36&#8242;]<\/div>\n<div class='pictosvoz'><\/div>\n","protected":false},"featured_media":12120,"template":"","meta":{"_monsterinsights_skip_tracking":false,"_monsterinsights_sitenote_active":false,"_monsterinsights_sitenote_note":"","_monsterinsights_sitenote_category":0},"product_brand":[],"product_cat":[559,571],"product_tag":[],"class_list":{"0":"post-11905","1":"product","2":"type-product","3":"status-publish","4":"has-post-thumbnail","6":"product_cat-comercial","7":"product_cat-consolas","9":"first","10":"instock","11":"shipping-taxable","12":"product-type-simple"},"yoast_head":"<!-- This site is optimized with the Yoast SEO plugin v26.6 - https:\/\/yoast.com\/wordpress\/plugins\/seo\/ -->\n<title>Consola Admira Plus | Consola de aire acondicionado de alta eficiencia<\/title>\n<meta name=\"description\" content=\"Consola dise\u00f1ada para brindar un mayor confort en grandes superficies.\" \/>\n<meta name=\"robots\" content=\"index, follow, max-snippet:-1, max-image-preview:large, max-video-preview:-1\" \/>\n<link rel=\"canonical\" href=\"https:\/\/giatsu.com\/es\/comercial\/consolas\/admira-plus-4\/\" \/>\n<meta property=\"og:locale\" content=\"es_ES\" \/>\n<meta property=\"og:type\" content=\"article\" \/>\n<meta property=\"og:title\" content=\"Consola Admira Plus | Consola de aire acondicionado de alta eficiencia\" \/>\n<meta property=\"og:description\" content=\"Consola dise\u00f1ada para brindar un mayor confort en grandes superficies.\" \/>\n<meta property=\"og:url\" content=\"https:\/\/giatsu.com\/es\/comercial\/consolas\/admira-plus-4\/\" \/>\n<meta property=\"og:site_name\" content=\"GIATSU\" \/>\n<meta property=\"article:modified_time\" content=\"2025-04-03T14:35:25+00:00\" \/>\n<meta property=\"og:image\" content=\"https:\/\/giatsu.com\/wp-content\/uploads\/2024\/04\/consola-admira-plus-bbadcb.webp\" \/>\n\t<meta property=\"og:image:width\" content=\"500\" \/>\n\t<meta property=\"og:image:height\" content=\"500\" \/>\n\t<meta property=\"og:image:type\" content=\"image\/webp\" \/>\n<meta name=\"twitter:card\" content=\"summary_large_image\" \/>\n<meta name=\"twitter:label1\" content=\"Tiempo de lectura\" \/>\n\t<meta name=\"twitter:data1\" content=\"1 minuto\" \/>\n<script type=\"application\/ld+json\" class=\"yoast-schema-graph\">{\"@context\":\"https:\/\/schema.org\",\"@graph\":[{\"@type\":\"WebPage\",\"@id\":\"https:\/\/giatsu.com\/es\/comercial\/consolas\/admira-plus-4\/\",\"url\":\"https:\/\/giatsu.com\/es\/comercial\/consolas\/admira-plus-4\/\",\"name\":\"Consola Admira Plus | Consola de aire acondicionado de alta eficiencia\",\"isPartOf\":{\"@id\":\"https:\/\/giatsu.com\/es\/#website\"},\"primaryImageOfPage\":{\"@id\":\"https:\/\/giatsu.com\/es\/comercial\/consolas\/admira-plus-4\/#primaryimage\"},\"image\":{\"@id\":\"https:\/\/giatsu.com\/es\/comercial\/consolas\/admira-plus-4\/#primaryimage\"},\"thumbnailUrl\":\"https:\/\/giatsu.com\/wp-content\/uploads\/2024\/04\/consola-admira-plus-bbadcb.webp\",\"datePublished\":\"2024-02-23T11:50:49+00:00\",\"dateModified\":\"2025-04-03T14:35:25+00:00\",\"description\":\"Consola dise\u00f1ada para brindar un mayor confort en grandes superficies.\",\"breadcrumb\":{\"@id\":\"https:\/\/giatsu.com\/es\/comercial\/consolas\/admira-plus-4\/#breadcrumb\"},\"inLanguage\":\"es\",\"potentialAction\":[{\"@type\":\"ReadAction\",\"target\":[\"https:\/\/giatsu.com\/es\/comercial\/consolas\/admira-plus-4\/\"]}]},{\"@type\":\"ImageObject\",\"inLanguage\":\"es\",\"@id\":\"https:\/\/giatsu.com\/es\/comercial\/consolas\/admira-plus-4\/#primaryimage\",\"url\":\"https:\/\/giatsu.com\/wp-content\/uploads\/2024\/04\/consola-admira-plus-bbadcb.webp\",\"contentUrl\":\"https:\/\/giatsu.com\/wp-content\/uploads\/2024\/04\/consola-admira-plus-bbadcb.webp\",\"width\":500,\"height\":500},{\"@type\":\"BreadcrumbList\",\"@id\":\"https:\/\/giatsu.com\/es\/comercial\/consolas\/admira-plus-4\/#breadcrumb\",\"itemListElement\":[{\"@type\":\"ListItem\",\"position\":1,\"name\":\"Home\",\"item\":\"https:\/\/giatsu.com\/es\/\"},{\"@type\":\"ListItem\",\"position\":2,\"name\":\"PRODUCTOS\",\"item\":\"https:\/\/giatsu.com\/es\/productos\/\"},{\"@type\":\"ListItem\",\"position\":3,\"name\":\"CONSOLA ADMIRA PLUS\"}]},{\"@type\":\"WebSite\",\"@id\":\"https:\/\/giatsu.com\/es\/#website\",\"url\":\"https:\/\/giatsu.com\/es\/\",\"name\":\"GIATSU\",\"description\":\"Quality Comfort Everywhere\",\"potentialAction\":[{\"@type\":\"SearchAction\",\"target\":{\"@type\":\"EntryPoint\",\"urlTemplate\":\"https:\/\/giatsu.com\/es\/?s={search_term_string}\"},\"query-input\":{\"@type\":\"PropertyValueSpecification\",\"valueRequired\":true,\"valueName\":\"search_term_string\"}}],\"inLanguage\":\"es\"}]}<\/script>\n<!-- \/ Yoast SEO plugin. -->","yoast_head_json":{"title":"Consola Admira Plus | Consola de aire acondicionado de alta eficiencia","description":"Consola dise\u00f1ada para brindar un mayor confort en grandes superficies.","robots":{"index":"index","follow":"follow","max-snippet":"max-snippet:-1","max-image-preview":"max-image-preview:large","max-video-preview":"max-video-preview:-1"},"canonical":"https:\/\/giatsu.com\/es\/comercial\/consolas\/admira-plus-4\/","og_locale":"es_ES","og_type":"article","og_title":"Consola Admira Plus | Consola de aire acondicionado de alta eficiencia","og_description":"Consola dise\u00f1ada para brindar un mayor confort en grandes superficies.","og_url":"https:\/\/giatsu.com\/es\/comercial\/consolas\/admira-plus-4\/","og_site_name":"GIATSU","article_modified_time":"2025-04-03T14:35:25+00:00","og_image":[{"width":500,"height":500,"url":"https:\/\/giatsu.com\/wp-content\/uploads\/2024\/04\/consola-admira-plus-bbadcb.webp","type":"image\/webp"}],"twitter_card":"summary_large_image","twitter_misc":{"Tiempo de lectura":"1 minuto"},"schema":{"@context":"https:\/\/schema.org","@graph":[{"@type":"WebPage","@id":"https:\/\/giatsu.com\/es\/comercial\/consolas\/admira-plus-4\/","url":"https:\/\/giatsu.com\/es\/comercial\/consolas\/admira-plus-4\/","name":"Consola Admira Plus | Consola de aire acondicionado de alta eficiencia","isPartOf":{"@id":"https:\/\/giatsu.com\/es\/#website"},"primaryImageOfPage":{"@id":"https:\/\/giatsu.com\/es\/comercial\/consolas\/admira-plus-4\/#primaryimage"},"image":{"@id":"https:\/\/giatsu.com\/es\/comercial\/consolas\/admira-plus-4\/#primaryimage"},"thumbnailUrl":"https:\/\/giatsu.com\/wp-content\/uploads\/2024\/04\/consola-admira-plus-bbadcb.webp","datePublished":"2024-02-23T11:50:49+00:00","dateModified":"2025-04-03T14:35:25+00:00","description":"Consola dise\u00f1ada para brindar un mayor confort en grandes superficies.","breadcrumb":{"@id":"https:\/\/giatsu.com\/es\/comercial\/consolas\/admira-plus-4\/#breadcrumb"},"inLanguage":"es","potentialAction":[{"@type":"ReadAction","target":["https:\/\/giatsu.com\/es\/comercial\/consolas\/admira-plus-4\/"]}]},{"@type":"ImageObject","inLanguage":"es","@id":"https:\/\/giatsu.com\/es\/comercial\/consolas\/admira-plus-4\/#primaryimage","url":"https:\/\/giatsu.com\/wp-content\/uploads\/2024\/04\/consola-admira-plus-bbadcb.webp","contentUrl":"https:\/\/giatsu.com\/wp-content\/uploads\/2024\/04\/consola-admira-plus-bbadcb.webp","width":500,"height":500},{"@type":"BreadcrumbList","@id":"https:\/\/giatsu.com\/es\/comercial\/consolas\/admira-plus-4\/#breadcrumb","itemListElement":[{"@type":"ListItem","position":1,"name":"Home","item":"https:\/\/giatsu.com\/es\/"},{"@type":"ListItem","position":2,"name":"PRODUCTOS","item":"https:\/\/giatsu.com\/es\/productos\/"},{"@type":"ListItem","position":3,"name":"CONSOLA ADMIRA PLUS"}]},{"@type":"WebSite","@id":"https:\/\/giatsu.com\/es\/#website","url":"https:\/\/giatsu.com\/es\/","name":"GIATSU","description":"Quality Comfort Everywhere","potentialAction":[{"@type":"SearchAction","target":{"@type":"EntryPoint","urlTemplate":"https:\/\/giatsu.com\/es\/?s={search_term_string}"},"query-input":{"@type":"PropertyValueSpecification","valueRequired":true,"valueName":"search_term_string"}}],"inLanguage":"es"}]}},"_links":{"self":[{"href":"https:\/\/giatsu.com\/es\/wp-json\/wp\/v2\/product\/11905","targetHints":{"allow":["GET"]}}],"collection":[{"href":"https:\/\/giatsu.com\/es\/wp-json\/wp\/v2\/product"}],"about":[{"href":"https:\/\/giatsu.com\/es\/wp-json\/wp\/v2\/types\/product"}],"wp:featuredmedia":[{"embeddable":true,"href":"https:\/\/giatsu.com\/es\/wp-json\/wp\/v2\/media\/12120"}],"wp:attachment":[{"href":"https:\/\/giatsu.com\/es\/wp-json\/wp\/v2\/media?parent=11905"}],"wp:term":[{"taxonomy":"product_brand","embeddable":true,"href":"https:\/\/giatsu.com\/es\/wp-json\/wp\/v2\/product_brand?post=11905"},{"taxonomy":"product_cat","embeddable":true,"href":"https:\/\/giatsu.com\/es\/wp-json\/wp\/v2\/product_cat?post=11905"},{"taxonomy":"product_tag","embeddable":true,"href":"https:\/\/giatsu.com\/es\/wp-json\/wp\/v2\/product_tag?post=11905"}],"curies":[{"name":"wp","href":"https:\/\/api.w.org\/{rel}","templated":true}]}}