{"id":11903,"date":"2024-02-23T11:50:47","date_gmt":"2024-02-23T11:50:47","guid":{"rendered":"https:\/\/giatsu.com\/?post_type=product&#038;p=11903"},"modified":"2025-04-03T14:11:58","modified_gmt":"2025-04-03T14:11:58","slug":"admira-plus-2","status":"publish","type":"product","link":"https:\/\/giatsu.com\/es\/comercial\/columnas\/admira-plus-2\/","title":{"rendered":"COLUMNA ADMIRA PLUS"},"content":{"rendered":"<div class=\"wpb-content-wrapper\"><div class=\"container mb-1 moduloprincipalespictos\">\n<h2 class=\"text-center tituloprincipales\">Caracter\u00edsticas principales<\/h2>\n<div class=\"row row-cols-1 row-cols-md-2 row-cols-xl-3\">\n<div class=\"col-xs-6 col-md-3 order-last\">\n<div class=\"card\">\n                            <img decoding=\"async\" class=\"card-img-top w-100 d-block fit-cover pictoprincipalgrande\" src=\"https:\/\/giatsu.com\/wp-content\/uploads\/2024\/04\/autodiagnostico-14a2f0.webp\" \/><\/p>\n<div class=\"card-body p-4\">\n<h3 class=\"font-weight-bold card-title\">Auto-disgn\u00f3stico<\/h3>\n<p class=\"card-text\">Revisa el funcionamiento del equipo y muestra el c\u00f3digo de error en el panel de la unidad interior.<\/p>\n<\/p><\/div><\/div><\/div>\n<div class=\"col-xs-6 col-md-3 order-last\">\n<div class=\"card\">\n                            <img decoding=\"async\" class=\"card-img-top w-100 d-block fit-cover pictoprincipalgrande\" src=\"https:\/\/giatsu.com\/wp-content\/uploads\/2024\/04\/autorestart-b77322.webp\" \/><\/p>\n<div class=\"card-body p-4\">\n<h3 class=\"font-weight-bold card-title\">Auto-restart<\/h3>\n<p class=\"card-text\">En el caso de un corte de electricidad el aparato se reinicia autom\u00e1ticamente con la misma configuraci\u00f3n y modo de antes.<\/p>\n<\/p><\/div><\/div><\/div>\n<div class=\"col-xs-6 col-md-3 order-last\">\n<div class=\"card\">\n                            <img decoding=\"async\" class=\"card-img-top w-100 d-block fit-cover pictoprincipalgrande\" src=\"https:\/\/giatsu.com\/wp-content\/uploads\/2024\/04\/funcion-de-desescarche-0a76be.webp\" \/><\/p>\n<div class=\"card-body p-4\">\n<h3 class=\"font-weight-bold card-title\">Funci\u00f3n de desescarche<\/h3>\n<p class=\"card-text\">Se realiza la descongelaci\u00f3n de forma inteligente, mejora la eficiencia de la calefacci\u00f3n y el ahorro de energ\u00eda.<\/p>\n<\/p><\/div><\/div><\/div><\/div><\/div>\n<hr>\n<p>        [vc_row mobile_bg_img_hidden=\u00bbno\u00bb tablet_bg_img_hidden=\u00bbno\u00bb woodmart_parallax=\u00bb0&#8243; woodmart_gradient_switch=\u00bbno\u00bb row_reverse_mobile=\u00bb0&#8243; row_reverse_tablet=\u00bb0&#8243; woodmart_disable_overflow=\u00bb0&#8243; el_class=\u00bbfilaImgCaracteristica\u00bb][vc_column mobile_bg_img_hidden=\u00bbno\u00bb tablet_bg_img_hidden=\u00bbno\u00bb woodmart_parallax=\u00bb0&#8243; woodmart_sticky_column=\u00bbfalse\u00bb parallax_scroll=\u00bbno\u00bb mobile_reset_margin=\u00bbno\u00bb tablet_reset_margin=\u00bbno\u00bb]<\/p>\n<div class=\"container mb-1\">\n<h3 class=\"text-center\">Informaci\u00f3n t\u00e9cnica<\/h3>\n<div class=\"row row-cols-1 row-cols-md-2 row-cols-xl-3 justify-content-md-center\">\n<div class=\"col-xs-1 col-md-1\">\n<div class=\"card\">\n                            <img decoding=\"async\" class=\"card-img-top w-100 d-block fit-cover pictoprincipalgrande\" src=\"https:\/\/giatsu.com\/wp-content\/uploads\/2023\/08\/control_integrado-87949f.webp\" \/><\/p>\n<div class=\"card-body p-4\">\n<h4 class=\"card-text textospictospeques\">Control integrado<\/h4>\n<\/p><\/div><\/div><\/div>\n<div class=\"col-xs-1 col-md-1\">\n<div class=\"card\">\n                            <img decoding=\"async\" class=\"card-img-top w-100 d-block fit-cover pictoprincipalgrande\" src=\"https:\/\/giatsu.com\/wp-content\/uploads\/2024\/02\/r-32-b46f41.webp\" \/><\/p>\n<div class=\"card-body p-4\">\n<h4 class=\"card-text textospictospeques\">R 32<\/h4>\n<\/p><\/div><\/div><\/div>\n<div class=\"col-xs-1 col-md-1\">\n<div class=\"card\">\n                            <img decoding=\"async\" class=\"card-img-top w-100 d-block fit-cover pictoprincipalgrande\" src=\"https:\/\/giatsu.com\/wp-content\/uploads\/2024\/04\/proteccion_golden_fin-76b666.webp\" \/><\/p>\n<div class=\"card-body p-4\">\n<h4 class=\"card-text textospictospeques\">Protecci\u00f3n Golden Fin<\/h4>\n<\/p><\/div><\/div><\/div>\n<div class=\"col-xs-1 col-md-1\">\n<div class=\"card\">\n                            <img decoding=\"async\" class=\"card-img-top w-100 d-block fit-cover pictoprincipalgrande\" src=\"https:\/\/giatsu.com\/wp-content\/uploads\/2023\/11\/compresor_y_ventiladores_dc_inverter-98e07d.webp\" \/><\/p>\n<div class=\"card-body p-4\">\n<h4 class=\"card-text textospictospeques\">Compresor y ventiladores DC inverter<\/h4>\n<\/p><\/div><\/div><\/div><\/div><\/div>\n<div class=\"row justify-content-md-center\">\n<div class=\"vc_btn3-container vc_btn3-inline\" id=\"botonDescargarFicha\">\n                        <a target=\"_blank\" class=\"btn btn-light border rounded-4 botondescarga\" href=\"https:\/\/giatsu.com\/documentacion\/\/giatsu-fichas-tecnicas-columnas-lcac-admira-plus-espanol.pdf\" title=\"\">Descargar ficha t\u00e9cnica<\/a>\n                 <\/div><\/div>\n<div class=\"row\">\n<hr>\n<div class=\"col text-center\"><a target=\"_blank\" href=\"https:\/\/giatsu.com\/documentacion\/\/giatsu-manual-de-usuario-e-instalacion-columnas-lcac-admira-plus-multiidioma.pdf\" class=\"btn btn-light border rounded-4 botonDescargaManual botondescarga\">Manual de usuario<\/a><\/div>\n<div class=\"col text-center\"><a target=\"_blank\" href=\"https:\/\/giatsu.com\/documentacion\/\/giatsu-manual-de-usuario-e-instalacion-columnas-lcac-admira-plus-multiidioma.pdf\" class=\"btn btn-light border rounded-4 botonDescargaManual botondescarga\">Manual de instalaci\u00f3n<\/a><\/div>\n<hr>\n<\/div>\n<\/div>","protected":false},"excerpt":{"rendered":"<p><strong>Columna Admira Plus, <\/strong>dise&ntilde;ada pensando especialmente en su aplicaci&oacute;n comercial, esta columna es la soluci&oacute;n perfecta para climatizar una variedad de espacios, desde oficinas hasta restaurantes, cines y teatros.<\/p>\n<p>Con un nuevo y elegante dise&ntilde;o que se adapta a cualquier tipo de ambiente interior, nuestra columna combina est&eacute;tica y confort para ofrecer la mejor experiencia de climatizaci&oacute;n.<\/p>\n<p><strong>Caracter&iacute;sticas destacadas:<\/strong><\/p>\n<ul>\n<li>Gas R-32: con una alta eficiencia energ&eacute;tica y un poder de refrigeraci&oacute;n superior, este gas refrigerante tiene un menor impacto en el medio ambiente.<\/li>\n<li>Protecci&oacute;n Golden Fin: la unidad exterior est&aacute; recubierta con este revestimiento especial para proteger contra la corrosi&oacute;n y prolongar la vida &uacute;til del equipo.<\/li>\n<li>Modo noche: ideal para garantizar un ambiente propicio para el descanso, la unidad interior reduce la velocidad de ventilaci&oacute;n y apaga la luz de la pantalla, evitando as&iacute; cualquier interferencia de luz o ruido que pueda perturbar el sue&ntilde;o del usuario.<\/li>\n<li>Funci&oacute;n I Feel: la columna cuenta con esta funci&oacute;n inteligente que ajusta autom&aacute;ticamente la temperatura para mantener un ambiente confortable seg&uacute;n la sensaci&oacute;n t&eacute;rmica del usuario.<\/li>\n<li>Mando a distancia y pantalla LED: para una f&aacute;cil operaci&oacute;n y control, nuestra columna viene equipada con un mando a distancia y una pantalla LED intuitiva.<\/li>\n<\/ul>\n<p>Potencia disponible: 14kW<\/p>\n<div class='divPictosEnergia'>[vc_single_image image=&#8217;10410&#8242; alignment=&#8217;center&#8217; woodmart_inline=&#8217;no&#8217; parallax_scroll=&#8217;no&#8217; el_class=&#8217;imgEnergia&#8217; img_size=&#8217;72&#215;36&#8242;][vc_single_image image=&#8217;10510&#8242; alignment=&#8217;center&#8217; woodmart_inline=&#8217;no&#8217; parallax_scroll=&#8217;no&#8217; el_class=&#8217;imgEnergia&#8217; img_size=&#8217;72&#215;36&#8242;][vc_single_image image=&#8217;10405&#8242; alignment=&#8217;center&#8217; woodmart_inline=&#8217;no&#8217; parallax_scroll=&#8217;no&#8217; el_class=&#8217;imgEnergia&#8217; img_size=&#8217;72&#215;36&#8242;]<\/div>\n<div class='pictosvoz'><\/div>\n","protected":false},"featured_media":12050,"template":"","meta":{"_monsterinsights_skip_tracking":false,"_monsterinsights_sitenote_active":false,"_monsterinsights_sitenote_note":"","_monsterinsights_sitenote_category":0},"product_brand":[],"product_cat":[573,559],"product_tag":[],"class_list":{"0":"post-11903","1":"product","2":"type-product","3":"status-publish","4":"has-post-thumbnail","6":"product_cat-columnas","7":"product_cat-comercial","9":"first","10":"instock","11":"shipping-taxable","12":"product-type-simple"},"yoast_head":"<!-- This site is optimized with the Yoast SEO plugin v27.3 - https:\/\/yoast.com\/product\/yoast-seo-wordpress\/ -->\n<title>Columna Admira Plus | Columna de climatizaci\u00f3n para uso comercial<\/title>\n<meta name=\"description\" content=\"Esta columna es la soluci\u00f3n perfecta para climatizar una variedad de espacios, desde oficinas hasta restaurantes, cines y teatros. Con un nuevo y elegante dise\u00f1o que se adapta a cualquier tipo de ambiente interior, nuestra columna combina est\u00e9tica y confort para ofrecer la mejor experiencia de climatizaci\u00f3n.\" \/>\n<meta name=\"robots\" content=\"index, follow, max-snippet:-1, max-image-preview:large, max-video-preview:-1\" \/>\n<link rel=\"canonical\" href=\"https:\/\/giatsu.com\/es\/comercial\/columnas\/admira-plus-2\/\" \/>\n<meta property=\"og:locale\" content=\"es_ES\" \/>\n<meta property=\"og:type\" content=\"article\" \/>\n<meta property=\"og:title\" content=\"Columna Admira Plus | Columna de climatizaci\u00f3n para uso comercial\" \/>\n<meta property=\"og:description\" content=\"Esta columna es la soluci\u00f3n perfecta para climatizar una variedad de espacios, desde oficinas hasta restaurantes, cines y teatros. Con un nuevo y elegante dise\u00f1o que se adapta a cualquier tipo de ambiente interior, nuestra columna combina est\u00e9tica y confort para ofrecer la mejor experiencia de climatizaci\u00f3n.\" \/>\n<meta property=\"og:url\" content=\"https:\/\/giatsu.com\/es\/comercial\/columnas\/admira-plus-2\/\" \/>\n<meta property=\"og:site_name\" content=\"GIATSU\" \/>\n<meta property=\"article:modified_time\" content=\"2025-04-03T14:11:58+00:00\" \/>\n<meta property=\"og:image\" content=\"https:\/\/giatsu.com\/wp-content\/uploads\/2024\/04\/columna-admira-plus-d3312c.webp\" \/>\n\t<meta property=\"og:image:width\" content=\"500\" \/>\n\t<meta property=\"og:image:height\" content=\"500\" \/>\n\t<meta property=\"og:image:type\" content=\"image\/webp\" \/>\n<meta name=\"twitter:card\" content=\"summary_large_image\" \/>\n<meta name=\"twitter:label1\" content=\"Tiempo de lectura\" \/>\n\t<meta name=\"twitter:data1\" content=\"1 minuto\" \/>\n<script type=\"application\/ld+json\" class=\"yoast-schema-graph\">{\"@context\":\"https:\\\/\\\/schema.org\",\"@graph\":[{\"@type\":\"WebPage\",\"@id\":\"https:\\\/\\\/giatsu.com\\\/es\\\/comercial\\\/columnas\\\/admira-plus-2\\\/\",\"url\":\"https:\\\/\\\/giatsu.com\\\/es\\\/comercial\\\/columnas\\\/admira-plus-2\\\/\",\"name\":\"Columna Admira Plus | Columna de climatizaci\u00f3n para uso comercial\",\"isPartOf\":{\"@id\":\"https:\\\/\\\/giatsu.com\\\/es\\\/#website\"},\"primaryImageOfPage\":{\"@id\":\"https:\\\/\\\/giatsu.com\\\/es\\\/comercial\\\/columnas\\\/admira-plus-2\\\/#primaryimage\"},\"image\":{\"@id\":\"https:\\\/\\\/giatsu.com\\\/es\\\/comercial\\\/columnas\\\/admira-plus-2\\\/#primaryimage\"},\"thumbnailUrl\":\"https:\\\/\\\/giatsu.com\\\/wp-content\\\/uploads\\\/2024\\\/04\\\/columna-admira-plus-d3312c.webp\",\"datePublished\":\"2024-02-23T11:50:47+00:00\",\"dateModified\":\"2025-04-03T14:11:58+00:00\",\"description\":\"Esta columna es la soluci\u00f3n perfecta para climatizar una variedad de espacios, desde oficinas hasta restaurantes, cines y teatros. Con un nuevo y elegante dise\u00f1o que se adapta a cualquier tipo de ambiente interior, nuestra columna combina est\u00e9tica y confort para ofrecer la mejor experiencia de climatizaci\u00f3n.\",\"breadcrumb\":{\"@id\":\"https:\\\/\\\/giatsu.com\\\/es\\\/comercial\\\/columnas\\\/admira-plus-2\\\/#breadcrumb\"},\"inLanguage\":\"es\",\"potentialAction\":[{\"@type\":\"ReadAction\",\"target\":[\"https:\\\/\\\/giatsu.com\\\/es\\\/comercial\\\/columnas\\\/admira-plus-2\\\/\"]}]},{\"@type\":\"ImageObject\",\"inLanguage\":\"es\",\"@id\":\"https:\\\/\\\/giatsu.com\\\/es\\\/comercial\\\/columnas\\\/admira-plus-2\\\/#primaryimage\",\"url\":\"https:\\\/\\\/giatsu.com\\\/wp-content\\\/uploads\\\/2024\\\/04\\\/columna-admira-plus-d3312c.webp\",\"contentUrl\":\"https:\\\/\\\/giatsu.com\\\/wp-content\\\/uploads\\\/2024\\\/04\\\/columna-admira-plus-d3312c.webp\",\"width\":500,\"height\":500},{\"@type\":\"BreadcrumbList\",\"@id\":\"https:\\\/\\\/giatsu.com\\\/es\\\/comercial\\\/columnas\\\/admira-plus-2\\\/#breadcrumb\",\"itemListElement\":[{\"@type\":\"ListItem\",\"position\":1,\"name\":\"Home\",\"item\":\"https:\\\/\\\/giatsu.com\\\/es\\\/\"},{\"@type\":\"ListItem\",\"position\":2,\"name\":\"PRODUCTOS\",\"item\":\"https:\\\/\\\/giatsu.com\\\/es\\\/productos\\\/\"},{\"@type\":\"ListItem\",\"position\":3,\"name\":\"COLUMNA ADMIRA PLUS\"}]},{\"@type\":\"WebSite\",\"@id\":\"https:\\\/\\\/giatsu.com\\\/es\\\/#website\",\"url\":\"https:\\\/\\\/giatsu.com\\\/es\\\/\",\"name\":\"GIATSU\",\"description\":\"Quality Comfort Everywhere\",\"potentialAction\":[{\"@type\":\"SearchAction\",\"target\":{\"@type\":\"EntryPoint\",\"urlTemplate\":\"https:\\\/\\\/giatsu.com\\\/es\\\/?s={search_term_string}\"},\"query-input\":{\"@type\":\"PropertyValueSpecification\",\"valueRequired\":true,\"valueName\":\"search_term_string\"}}],\"inLanguage\":\"es\"}]}<\/script>\n<!-- \/ Yoast SEO plugin. -->","yoast_head_json":{"title":"Columna Admira Plus | Columna de climatizaci\u00f3n para uso comercial","description":"Esta columna es la soluci\u00f3n perfecta para climatizar una variedad de espacios, desde oficinas hasta restaurantes, cines y teatros. Con un nuevo y elegante dise\u00f1o que se adapta a cualquier tipo de ambiente interior, nuestra columna combina est\u00e9tica y confort para ofrecer la mejor experiencia de climatizaci\u00f3n.","robots":{"index":"index","follow":"follow","max-snippet":"max-snippet:-1","max-image-preview":"max-image-preview:large","max-video-preview":"max-video-preview:-1"},"canonical":"https:\/\/giatsu.com\/es\/comercial\/columnas\/admira-plus-2\/","og_locale":"es_ES","og_type":"article","og_title":"Columna Admira Plus | Columna de climatizaci\u00f3n para uso comercial","og_description":"Esta columna es la soluci\u00f3n perfecta para climatizar una variedad de espacios, desde oficinas hasta restaurantes, cines y teatros. Con un nuevo y elegante dise\u00f1o que se adapta a cualquier tipo de ambiente interior, nuestra columna combina est\u00e9tica y confort para ofrecer la mejor experiencia de climatizaci\u00f3n.","og_url":"https:\/\/giatsu.com\/es\/comercial\/columnas\/admira-plus-2\/","og_site_name":"GIATSU","article_modified_time":"2025-04-03T14:11:58+00:00","og_image":[{"width":500,"height":500,"url":"https:\/\/giatsu.com\/wp-content\/uploads\/2024\/04\/columna-admira-plus-d3312c.webp","type":"image\/webp"}],"twitter_card":"summary_large_image","twitter_misc":{"Tiempo de lectura":"1 minuto"},"schema":{"@context":"https:\/\/schema.org","@graph":[{"@type":"WebPage","@id":"https:\/\/giatsu.com\/es\/comercial\/columnas\/admira-plus-2\/","url":"https:\/\/giatsu.com\/es\/comercial\/columnas\/admira-plus-2\/","name":"Columna Admira Plus | Columna de climatizaci\u00f3n para uso comercial","isPartOf":{"@id":"https:\/\/giatsu.com\/es\/#website"},"primaryImageOfPage":{"@id":"https:\/\/giatsu.com\/es\/comercial\/columnas\/admira-plus-2\/#primaryimage"},"image":{"@id":"https:\/\/giatsu.com\/es\/comercial\/columnas\/admira-plus-2\/#primaryimage"},"thumbnailUrl":"https:\/\/giatsu.com\/wp-content\/uploads\/2024\/04\/columna-admira-plus-d3312c.webp","datePublished":"2024-02-23T11:50:47+00:00","dateModified":"2025-04-03T14:11:58+00:00","description":"Esta columna es la soluci\u00f3n perfecta para climatizar una variedad de espacios, desde oficinas hasta restaurantes, cines y teatros. Con un nuevo y elegante dise\u00f1o que se adapta a cualquier tipo de ambiente interior, nuestra columna combina est\u00e9tica y confort para ofrecer la mejor experiencia de climatizaci\u00f3n.","breadcrumb":{"@id":"https:\/\/giatsu.com\/es\/comercial\/columnas\/admira-plus-2\/#breadcrumb"},"inLanguage":"es","potentialAction":[{"@type":"ReadAction","target":["https:\/\/giatsu.com\/es\/comercial\/columnas\/admira-plus-2\/"]}]},{"@type":"ImageObject","inLanguage":"es","@id":"https:\/\/giatsu.com\/es\/comercial\/columnas\/admira-plus-2\/#primaryimage","url":"https:\/\/giatsu.com\/wp-content\/uploads\/2024\/04\/columna-admira-plus-d3312c.webp","contentUrl":"https:\/\/giatsu.com\/wp-content\/uploads\/2024\/04\/columna-admira-plus-d3312c.webp","width":500,"height":500},{"@type":"BreadcrumbList","@id":"https:\/\/giatsu.com\/es\/comercial\/columnas\/admira-plus-2\/#breadcrumb","itemListElement":[{"@type":"ListItem","position":1,"name":"Home","item":"https:\/\/giatsu.com\/es\/"},{"@type":"ListItem","position":2,"name":"PRODUCTOS","item":"https:\/\/giatsu.com\/es\/productos\/"},{"@type":"ListItem","position":3,"name":"COLUMNA ADMIRA PLUS"}]},{"@type":"WebSite","@id":"https:\/\/giatsu.com\/es\/#website","url":"https:\/\/giatsu.com\/es\/","name":"GIATSU","description":"Quality Comfort Everywhere","potentialAction":[{"@type":"SearchAction","target":{"@type":"EntryPoint","urlTemplate":"https:\/\/giatsu.com\/es\/?s={search_term_string}"},"query-input":{"@type":"PropertyValueSpecification","valueRequired":true,"valueName":"search_term_string"}}],"inLanguage":"es"}]}},"_links":{"self":[{"href":"https:\/\/giatsu.com\/es\/wp-json\/wp\/v2\/product\/11903","targetHints":{"allow":["GET"]}}],"collection":[{"href":"https:\/\/giatsu.com\/es\/wp-json\/wp\/v2\/product"}],"about":[{"href":"https:\/\/giatsu.com\/es\/wp-json\/wp\/v2\/types\/product"}],"wp:featuredmedia":[{"embeddable":true,"href":"https:\/\/giatsu.com\/es\/wp-json\/wp\/v2\/media\/12050"}],"wp:attachment":[{"href":"https:\/\/giatsu.com\/es\/wp-json\/wp\/v2\/media?parent=11903"}],"wp:term":[{"taxonomy":"product_brand","embeddable":true,"href":"https:\/\/giatsu.com\/es\/wp-json\/wp\/v2\/product_brand?post=11903"},{"taxonomy":"product_cat","embeddable":true,"href":"https:\/\/giatsu.com\/es\/wp-json\/wp\/v2\/product_cat?post=11903"},{"taxonomy":"product_tag","embeddable":true,"href":"https:\/\/giatsu.com\/es\/wp-json\/wp\/v2\/product_tag?post=11903"}],"curies":[{"name":"wp","href":"https:\/\/api.w.org\/{rel}","templated":true}]}}