{"id":11899,"date":"2024-02-23T11:50:42","date_gmt":"2024-02-23T11:50:42","guid":{"rendered":"https:\/\/giatsu.com\/?post_type=product&#038;p=11899"},"modified":"2025-04-04T08:07:42","modified_gmt":"2025-04-04T08:07:42","slug":"ix54","status":"publish","type":"product","link":"https:\/\/giatsu.com\/es\/industrial\/big-duct\/ix54\/","title":{"rendered":"IX54A"},"content":{"rendered":"<div class=\"wpb-content-wrapper\"><div class=\"container mb-1 moduloprincipalespictos\">\n<h2 class=\"text-center tituloprincipales\">Caracter\u00edsticas principales<\/h2>\n<div class=\"row row-cols-1 row-cols-md-2 row-cols-xl-3\">\n<div class=\"col-xs-6 col-md-3 order-last\">\n<div class=\"card\">\n                            <img decoding=\"async\" class=\"card-img-top w-100 d-block fit-cover pictoprincipalgrande\" src=\"https:\/\/giatsu.com\/wp-content\/uploads\/2023\/08\/control-cableado-c520c6.webp\" \/><\/p>\n<div class=\"card-body p-4\">\n<h3 class=\"font-weight-bold card-title\">Control cableado<\/h3>\n<p class=\"card-text\">Incluye control cableado con programaci\u00f3n semanal.<\/p>\n<\/p><\/div><\/div><\/div>\n<div class=\"col-xs-6 col-md-3 order-last\">\n<div class=\"card\">\n                            <img decoding=\"async\" class=\"card-img-top w-100 d-block fit-cover pictoprincipalgrande\" src=\"https:\/\/giatsu.com\/wp-content\/uploads\/2023\/08\/r32-58a8d5.webp\" \/><\/p>\n<div class=\"card-body p-4\">\n<h3 class=\"font-weight-bold card-title\">Refrigerante R32<\/h3>\n<p class=\"card-text\">El gas R32 tiene un \u00edndice de Potencial de Calentamiento Atmosf\u00e9rico (PCA) muy bajo, una gran eficiencia y poder de refrigeraci\u00f3n.<\/p>\n<\/p><\/div><\/div><\/div>\n<div class=\"col-xs-6 col-md-3 order-last\">\n<div class=\"card\">\n                            <img decoding=\"async\" class=\"card-img-top w-100 d-block fit-cover pictoprincipalgrande\" src=\"https:\/\/giatsu.com\/wp-content\/uploads\/2023\/06\/tecnologia_inverter-495dd8.webp\" \/><\/p>\n<div class=\"card-body p-4\">\n<h3 class=\"font-weight-bold card-title\">Tecnolog\u00eda inverter<\/h3>\n<p class=\"card-text\">Al trabajar el compresor de forma continua se consigue un ahorro de hasta el 50% de energ\u00eda con respecto a equipos convencionales.<\/p>\n<\/p><\/div><\/div><\/div><\/div><\/div>\n<hr>\n<p>        [vc_row mobile_bg_img_hidden=\u00bbno\u00bb tablet_bg_img_hidden=\u00bbno\u00bb woodmart_parallax=\u00bb0&#8243; woodmart_gradient_switch=\u00bbno\u00bb row_reverse_mobile=\u00bb0&#8243; row_reverse_tablet=\u00bb0&#8243; woodmart_disable_overflow=\u00bb0&#8243; el_class=\u00bbfilaImgCaracteristica\u00bb][vc_column mobile_bg_img_hidden=\u00bbno\u00bb tablet_bg_img_hidden=\u00bbno\u00bb woodmart_parallax=\u00bb0&#8243; woodmart_sticky_column=\u00bbfalse\u00bb parallax_scroll=\u00bbno\u00bb mobile_reset_margin=\u00bbno\u00bb tablet_reset_margin=\u00bbno\u00bb]<\/p>\n<div class=\"row justify-content-md-center\">\n<div class=\"vc_btn3-container vc_btn3-inline\" id=\"botonDescargarFicha\">\n                        <a target=\"_blank\" class=\"btn btn-light border rounded-4 botondescarga\" href=\"https:\/\/giatsu.com\/documentacion\/\/giatsu-fichas-tecnicas-conductos-lcac-ix54-espanol.pdf\" title=\"\">Descargar ficha t\u00e9cnica<\/a>\n                 <\/div><\/div>\n<div class=\"row\">\n<hr>\n<div class=\"col text-center\"><a target=\"_blank\" href=\"https:\/\/giatsu.com\/documentacion\/\/giatsu-manual-de-usuario-e-instalacion-big-duct-ix54-multiidioma.pdf\" class=\"btn btn-light border rounded-4 botonDescargaManual botondescarga\">Manual de usuario<\/a><\/div>\n<div class=\"col text-center\"><a target=\"_blank\" href=\"https:\/\/giatsu.com\/documentacion\/\/giatsu-manual-de-usuario-e-instalacion-big-duct-ix54-multiidioma.pdf\" class=\"btn btn-light border rounded-4 botonDescargaManual botondescarga\">Manual de instalaci\u00f3n<\/a><\/div>\n<hr>\n<\/div>\n<\/div>","protected":false},"excerpt":{"rendered":"<p>Descubre nuestro <strong>Big Duct IX54A<\/strong>, dise&ntilde;ado para ofrecer un rendimiento &oacute;ptimo y un m&aacute;ximo confort en climatizaci&oacute;n de grandes espacios.<\/p>\n<p>Con caracter&iacute;sticas como el gas R32, presi&oacute;n est&aacute;tica de hasta 250 Pa y unidades exteriores de descarga frontal, este sistema garantiza un ambiente perfectamente climatizado.<\/p>\n<p><strong>Caracter&iacute;sticas destacadas:<\/strong><\/p>\n<ul>\n<li>Utiliza gas R32 para una mayor eficiencia energ&eacute;tica.<\/li>\n<li>SEER superior a 5,8 y SCOP de 3,9 para un rendimiento excepcional.<\/li>\n<li>Compresor Rotary para un funcionamiento silencioso y eficiente.<\/li>\n<li>Un caudal de aire de 4.400 m3\/h en la unidad interior.<\/li>\n<li>Baja presi&oacute;n sonora desde 52 dB(A) para un ambiente tranquilo.<\/li>\n<li>Presi&oacute;n est&aacute;tica regulable hasta 250Pa en la unidad interior.<\/li>\n<li>Unidades exteriores de descarga lateral para una instalaci&oacute;n m&aacute;s vers&aacute;til.<\/li>\n<li>Permite hasta 100 metros de longitud de tuber&iacute;as para una flexibilidad en la instalaci&oacute;n.<\/li>\n<\/ul>\n<p>Adem&aacute;s, cuenta con un filtro de nylon de larga duraci&oacute;n que reduce los tiempos de sustituci&oacute;n y limpieza, siendo lavable para una f&aacute;cil eliminaci&oacute;n del polvo. Nuestro Big Duct IX54 es la soluci&oacute;n ideal para climatizar grandes vol&uacute;menes con eficiencia y comodidad.<\/p>\n<p>Potencias disponibles: 19kW y 23kW.<\/p>\n<p>&nbsp;<\/p>\n<div class='pictosvoz'><\/div>\n","protected":false},"featured_media":11983,"template":"","meta":{"_monsterinsights_skip_tracking":false,"_monsterinsights_sitenote_active":false,"_monsterinsights_sitenote_note":"","_monsterinsights_sitenote_category":0},"product_brand":[],"product_cat":[590,566],"product_tag":[],"class_list":{"0":"post-11899","1":"product","2":"type-product","3":"status-publish","4":"has-post-thumbnail","6":"product_cat-big-duct","7":"product_cat-industrial","9":"first","10":"instock","11":"shipping-taxable","12":"product-type-simple"},"yoast_head":"<!-- This site is optimized with the Yoast SEO plugin v27.4 - https:\/\/yoast.com\/product\/yoast-seo-wordpress\/ -->\n<title>Big Duct IX54 de Giatsu<\/title>\n<meta name=\"description\" content=\"Un sistema con gas R32, presi\u00f3n est\u00e1tica de hasta 250 Pa y unidades exteriores de descarga frontal. Big Duct IX54 garantiza un ambiente perfectamente climatizado.\" \/>\n<meta name=\"robots\" content=\"index, follow, max-snippet:-1, max-image-preview:large, max-video-preview:-1\" \/>\n<link rel=\"canonical\" href=\"https:\/\/giatsu.com\/es\/industrial\/big-duct\/ix54\/\" \/>\n<meta property=\"og:locale\" content=\"es_ES\" \/>\n<meta property=\"og:type\" content=\"article\" \/>\n<meta property=\"og:title\" content=\"Big Duct IX54 de Giatsu\" \/>\n<meta property=\"og:description\" content=\"Un sistema con gas R32, presi\u00f3n est\u00e1tica de hasta 250 Pa y unidades exteriores de descarga frontal. Big Duct IX54 garantiza un ambiente perfectamente climatizado.\" \/>\n<meta property=\"og:url\" content=\"https:\/\/giatsu.com\/es\/industrial\/big-duct\/ix54\/\" \/>\n<meta property=\"og:site_name\" content=\"GIATSU\" \/>\n<meta property=\"article:modified_time\" content=\"2025-04-04T08:07:42+00:00\" \/>\n<meta property=\"og:image\" content=\"https:\/\/giatsu.com\/wp-content\/uploads\/2024\/03\/big-duct-ix54-e6656a.webp\" \/>\n\t<meta property=\"og:image:width\" content=\"500\" \/>\n\t<meta property=\"og:image:height\" content=\"500\" \/>\n\t<meta property=\"og:image:type\" content=\"image\/webp\" \/>\n<meta name=\"twitter:card\" content=\"summary_large_image\" \/>\n<meta name=\"twitter:label1\" content=\"Tiempo de lectura\" \/>\n\t<meta name=\"twitter:data1\" content=\"1 minuto\" \/>\n<script type=\"application\/ld+json\" class=\"yoast-schema-graph\">{\"@context\":\"https:\\\/\\\/schema.org\",\"@graph\":[{\"@type\":\"WebPage\",\"@id\":\"https:\\\/\\\/giatsu.com\\\/es\\\/industrial\\\/big-duct\\\/ix54\\\/\",\"url\":\"https:\\\/\\\/giatsu.com\\\/es\\\/industrial\\\/big-duct\\\/ix54\\\/\",\"name\":\"Big Duct IX54 de Giatsu\",\"isPartOf\":{\"@id\":\"https:\\\/\\\/giatsu.com\\\/es\\\/#website\"},\"primaryImageOfPage\":{\"@id\":\"https:\\\/\\\/giatsu.com\\\/es\\\/industrial\\\/big-duct\\\/ix54\\\/#primaryimage\"},\"image\":{\"@id\":\"https:\\\/\\\/giatsu.com\\\/es\\\/industrial\\\/big-duct\\\/ix54\\\/#primaryimage\"},\"thumbnailUrl\":\"https:\\\/\\\/giatsu.com\\\/wp-content\\\/uploads\\\/2024\\\/03\\\/big-duct-ix54-e6656a.webp\",\"datePublished\":\"2024-02-23T11:50:42+00:00\",\"dateModified\":\"2025-04-04T08:07:42+00:00\",\"description\":\"Un sistema con gas R32, presi\u00f3n est\u00e1tica de hasta 250 Pa y unidades exteriores de descarga frontal. Big Duct IX54 garantiza un ambiente perfectamente climatizado.\",\"breadcrumb\":{\"@id\":\"https:\\\/\\\/giatsu.com\\\/es\\\/industrial\\\/big-duct\\\/ix54\\\/#breadcrumb\"},\"inLanguage\":\"es\",\"potentialAction\":[{\"@type\":\"ReadAction\",\"target\":[\"https:\\\/\\\/giatsu.com\\\/es\\\/industrial\\\/big-duct\\\/ix54\\\/\"]}]},{\"@type\":\"ImageObject\",\"inLanguage\":\"es\",\"@id\":\"https:\\\/\\\/giatsu.com\\\/es\\\/industrial\\\/big-duct\\\/ix54\\\/#primaryimage\",\"url\":\"https:\\\/\\\/giatsu.com\\\/wp-content\\\/uploads\\\/2024\\\/03\\\/big-duct-ix54-e6656a.webp\",\"contentUrl\":\"https:\\\/\\\/giatsu.com\\\/wp-content\\\/uploads\\\/2024\\\/03\\\/big-duct-ix54-e6656a.webp\",\"width\":500,\"height\":500},{\"@type\":\"BreadcrumbList\",\"@id\":\"https:\\\/\\\/giatsu.com\\\/es\\\/industrial\\\/big-duct\\\/ix54\\\/#breadcrumb\",\"itemListElement\":[{\"@type\":\"ListItem\",\"position\":1,\"name\":\"Home\",\"item\":\"https:\\\/\\\/giatsu.com\\\/es\\\/\"},{\"@type\":\"ListItem\",\"position\":2,\"name\":\"PRODUCTOS\",\"item\":\"https:\\\/\\\/giatsu.com\\\/es\\\/productos\\\/\"},{\"@type\":\"ListItem\",\"position\":3,\"name\":\"IX54A\"}]},{\"@type\":\"WebSite\",\"@id\":\"https:\\\/\\\/giatsu.com\\\/es\\\/#website\",\"url\":\"https:\\\/\\\/giatsu.com\\\/es\\\/\",\"name\":\"GIATSU\",\"description\":\"Quality Comfort Everywhere\",\"potentialAction\":[{\"@type\":\"SearchAction\",\"target\":{\"@type\":\"EntryPoint\",\"urlTemplate\":\"https:\\\/\\\/giatsu.com\\\/es\\\/?s={search_term_string}\"},\"query-input\":{\"@type\":\"PropertyValueSpecification\",\"valueRequired\":true,\"valueName\":\"search_term_string\"}}],\"inLanguage\":\"es\"}]}<\/script>\n<!-- \/ Yoast SEO plugin. -->","yoast_head_json":{"title":"Big Duct IX54 de Giatsu","description":"Un sistema con gas R32, presi\u00f3n est\u00e1tica de hasta 250 Pa y unidades exteriores de descarga frontal. Big Duct IX54 garantiza un ambiente perfectamente climatizado.","robots":{"index":"index","follow":"follow","max-snippet":"max-snippet:-1","max-image-preview":"max-image-preview:large","max-video-preview":"max-video-preview:-1"},"canonical":"https:\/\/giatsu.com\/es\/industrial\/big-duct\/ix54\/","og_locale":"es_ES","og_type":"article","og_title":"Big Duct IX54 de Giatsu","og_description":"Un sistema con gas R32, presi\u00f3n est\u00e1tica de hasta 250 Pa y unidades exteriores de descarga frontal. Big Duct IX54 garantiza un ambiente perfectamente climatizado.","og_url":"https:\/\/giatsu.com\/es\/industrial\/big-duct\/ix54\/","og_site_name":"GIATSU","article_modified_time":"2025-04-04T08:07:42+00:00","og_image":[{"width":500,"height":500,"url":"https:\/\/giatsu.com\/wp-content\/uploads\/2024\/03\/big-duct-ix54-e6656a.webp","type":"image\/webp"}],"twitter_card":"summary_large_image","twitter_misc":{"Tiempo de lectura":"1 minuto"},"schema":{"@context":"https:\/\/schema.org","@graph":[{"@type":"WebPage","@id":"https:\/\/giatsu.com\/es\/industrial\/big-duct\/ix54\/","url":"https:\/\/giatsu.com\/es\/industrial\/big-duct\/ix54\/","name":"Big Duct IX54 de Giatsu","isPartOf":{"@id":"https:\/\/giatsu.com\/es\/#website"},"primaryImageOfPage":{"@id":"https:\/\/giatsu.com\/es\/industrial\/big-duct\/ix54\/#primaryimage"},"image":{"@id":"https:\/\/giatsu.com\/es\/industrial\/big-duct\/ix54\/#primaryimage"},"thumbnailUrl":"https:\/\/giatsu.com\/wp-content\/uploads\/2024\/03\/big-duct-ix54-e6656a.webp","datePublished":"2024-02-23T11:50:42+00:00","dateModified":"2025-04-04T08:07:42+00:00","description":"Un sistema con gas R32, presi\u00f3n est\u00e1tica de hasta 250 Pa y unidades exteriores de descarga frontal. Big Duct IX54 garantiza un ambiente perfectamente climatizado.","breadcrumb":{"@id":"https:\/\/giatsu.com\/es\/industrial\/big-duct\/ix54\/#breadcrumb"},"inLanguage":"es","potentialAction":[{"@type":"ReadAction","target":["https:\/\/giatsu.com\/es\/industrial\/big-duct\/ix54\/"]}]},{"@type":"ImageObject","inLanguage":"es","@id":"https:\/\/giatsu.com\/es\/industrial\/big-duct\/ix54\/#primaryimage","url":"https:\/\/giatsu.com\/wp-content\/uploads\/2024\/03\/big-duct-ix54-e6656a.webp","contentUrl":"https:\/\/giatsu.com\/wp-content\/uploads\/2024\/03\/big-duct-ix54-e6656a.webp","width":500,"height":500},{"@type":"BreadcrumbList","@id":"https:\/\/giatsu.com\/es\/industrial\/big-duct\/ix54\/#breadcrumb","itemListElement":[{"@type":"ListItem","position":1,"name":"Home","item":"https:\/\/giatsu.com\/es\/"},{"@type":"ListItem","position":2,"name":"PRODUCTOS","item":"https:\/\/giatsu.com\/es\/productos\/"},{"@type":"ListItem","position":3,"name":"IX54A"}]},{"@type":"WebSite","@id":"https:\/\/giatsu.com\/es\/#website","url":"https:\/\/giatsu.com\/es\/","name":"GIATSU","description":"Quality Comfort Everywhere","potentialAction":[{"@type":"SearchAction","target":{"@type":"EntryPoint","urlTemplate":"https:\/\/giatsu.com\/es\/?s={search_term_string}"},"query-input":{"@type":"PropertyValueSpecification","valueRequired":true,"valueName":"search_term_string"}}],"inLanguage":"es"}]}},"_links":{"self":[{"href":"https:\/\/giatsu.com\/es\/wp-json\/wp\/v2\/product\/11899","targetHints":{"allow":["GET"]}}],"collection":[{"href":"https:\/\/giatsu.com\/es\/wp-json\/wp\/v2\/product"}],"about":[{"href":"https:\/\/giatsu.com\/es\/wp-json\/wp\/v2\/types\/product"}],"wp:featuredmedia":[{"embeddable":true,"href":"https:\/\/giatsu.com\/es\/wp-json\/wp\/v2\/media\/11983"}],"wp:attachment":[{"href":"https:\/\/giatsu.com\/es\/wp-json\/wp\/v2\/media?parent=11899"}],"wp:term":[{"taxonomy":"product_brand","embeddable":true,"href":"https:\/\/giatsu.com\/es\/wp-json\/wp\/v2\/product_brand?post=11899"},{"taxonomy":"product_cat","embeddable":true,"href":"https:\/\/giatsu.com\/es\/wp-json\/wp\/v2\/product_cat?post=11899"},{"taxonomy":"product_tag","embeddable":true,"href":"https:\/\/giatsu.com\/es\/wp-json\/wp\/v2\/product_tag?post=11899"}],"curies":[{"name":"wp","href":"https:\/\/api.w.org\/{rel}","templated":true}]}}