{"id":11897,"date":"2024-02-23T11:50:39","date_gmt":"2024-02-23T11:50:39","guid":{"rendered":"https:\/\/giatsu.com\/?post_type=product&#038;p=11897"},"modified":"2025-07-16T06:35:31","modified_gmt":"2025-07-16T06:35:31","slug":"suelo-techo-admira-plus-multisplit","status":"publish","type":"product","link":"https:\/\/giatsu.com\/es\/splits\/multisplit\/suelo-techo-admira-plus-multisplit\/","title":{"rendered":"SUELO-TECHO ADMIRA PLUS MULTISPLIT"},"content":{"rendered":"<div class=\"wpb-content-wrapper\"><p>&nbsp;<\/p>\n<div class=\"container mb-1 moduloprincipalespictos\">\n<h2 class=\"text-center tituloprincipales\">Caracter\u00edsticas principales<\/h2>\n<div class=\"row row-cols-1 row-cols-md-2 row-cols-xl-3\">\n<div class=\"col-xs-6 col-md-3 order-last\">\n<div class=\"card\"><img decoding=\"async\" class=\"card-img-top w-100 d-block fit-cover pictoprincipalgrande\" src=\"https:\/\/giatsu.com\/wp-content\/uploads\/2023\/08\/wifi-opcional-273a8f.webp\" \/><\/p>\n<div class=\"card-body p-4\">\n<h3 class=\"font-weight-bold card-title\">WIFI opcional<\/h3>\n<p class=\"card-text\">Comprando el WIFIUFO adicional, se puede controlar el equipo desde un smartphone, tablet o por voz con Alexa y Google Home.<\/p>\n<\/div>\n<\/div>\n<\/div>\n<div class=\"col-xs-6 col-md-3 order-last\">\n<div class=\"card\"><img decoding=\"async\" class=\"card-img-top w-100 d-block fit-cover pictoprincipalgrande\" src=\"https:\/\/giatsu.com\/wp-content\/uploads\/2024\/05\/contacto-on-off-y-alarma-b0cd69.webp\" \/><\/p>\n<div class=\"card-body p-4\">\n<h3 class=\"font-weight-bold card-title\">Contacto ON\/OFF y alarma<\/h3>\n<p class=\"card-text\">La unidad dispone de un contacto ON\/OFF que ofrece la posibilidad de realizar un paro\/marcha de manera remota.<\/p>\n<\/div>\n<\/div>\n<\/div>\n<div class=\"col-xs-6 col-md-3 order-last\">\n<div class=\"card\"><img decoding=\"async\" class=\"card-img-top w-100 d-block fit-cover pictoprincipalgrande\" src=\"https:\/\/giatsu.com\/wp-content\/uploads\/2023\/08\/control-remoto-6dcd21.webp\" \/><\/p>\n<div class=\"card-body p-4\">\n<h3 class=\"font-weight-bold card-title\">Control remoto<\/h3>\n<p class=\"card-text\">Incorpora de serie un control remoto que permite el control de distintos par\u00e1metros de las unidades interiores.<\/p>\n<\/div>\n<\/div>\n<\/div>\n<\/div>\n<\/div>\n<hr \/>\n<p>[vc_row mobile_bg_img_hidden=\u00bbno\u00bb tablet_bg_img_hidden=\u00bbno\u00bb woodmart_parallax=\u00bb0&#8243; woodmart_gradient_switch=\u00bbno\u00bb row_reverse_mobile=\u00bb0&#8243; row_reverse_tablet=\u00bb0&#8243; woodmart_disable_overflow=\u00bb0&#8243; el_class=\u00bbfilaImgCaracteristica\u00bb][vc_column mobile_bg_img_hidden=\u00bbno\u00bb tablet_bg_img_hidden=\u00bbno\u00bb woodmart_parallax=\u00bb0&#8243; woodmart_sticky_column=\u00bbfalse\u00bb parallax_scroll=\u00bbno\u00bb mobile_reset_margin=\u00bbno\u00bb tablet_reset_margin=\u00bbno\u00bb]<\/p>\n<div class=\"container mb-1\">\n<h3 class=\"text-center\">Informaci\u00f3n t\u00e9cnica<\/h3>\n<div class=\"row row-cols-1 row-cols-md-2 row-cols-xl-3 justify-content-md-center\">\n<div class=\"col-xs-1 col-md-1\">\n<div class=\"card\"><img decoding=\"async\" class=\"card-img-top w-100 d-block fit-cover pictoprincipalgrande\" src=\"https:\/\/giatsu.com\/wp-content\/uploads\/2024\/02\/r-32-b46f41.webp\" \/><\/p>\n<div class=\"card-body p-4\">\n<h4 class=\"card-text textospictospeques\">R 32<\/h4>\n<\/div>\n<\/div>\n<\/div>\n<div class=\"col-xs-1 col-md-1\">\n<div class=\"card\"><img decoding=\"async\" class=\"card-img-top w-100 d-block fit-cover pictoprincipalgrande\" src=\"https:\/\/giatsu.com\/wp-content\/uploads\/2023\/08\/temporizador_24_h-f6c646.webp\" \/><\/p>\n<div class=\"card-body p-4\">\n<h4 class=\"card-text textospictospeques\">Temporizador 24h<\/h4>\n<\/div>\n<\/div>\n<\/div>\n<\/div>\n<\/div>\n<div class=\"row justify-content-md-center\">\n<div id=\"botonDescargarFicha\" class=\"vc_btn3-container vc_btn3-inline\"><a class=\"btn btn-light border rounded-4 botondescarga\" title=\"\" href=\"https:\/\/giatsu.com\/documentacion\/\/htw-fichas-tecnicas-multisplits-admira-plus-multi--espanol.pdf\" target=\"_blank\" rel=\"noopener\">Descargar ficha t\u00e9cnica<\/a><\/div>\n<\/div>\n<div class=\"row\">\n<hr \/>\n<div class=\"col text-center\"><a class=\"btn btn-light border rounded-4 botonDescargaManual botondescarga\" href=\"https:\/\/giatsu.com\/documentacion\/\/giatsu-manual-de-usuario-e-instalacion-multisplits-admira-plus-multi--multiidioma.pdf\" target=\"_blank\" rel=\"noopener\">Manual de usuario<\/a><\/div>\n<div class=\"col text-center\"><a class=\"btn btn-light border rounded-4 botonDescargaManual botondescarga\" href=\"https:\/\/giatsu.com\/documentacion\/\/giatsu-manual-de-usuario-e-instalacion-multisplits-admira-plus-multi--multiidioma.pdf\" target=\"_blank\" rel=\"noopener\">Manual de instalaci\u00f3n<\/a><\/div>\n<hr \/>\n<\/div>\n<\/div>","protected":false},"excerpt":{"rendered":"<p><strong>La unidad interior Admira Plus Suelo-Techo\u00a0<\/strong><strong>Multisplit <\/strong>ofrece una soluci\u00f3n de climatizaci\u00f3n vers\u00e1til y resistente para tus espacios.<\/p>\n<p><strong>Destaca por:<\/strong><\/p>\n<ul>\n<li>Su instalaci\u00f3n vers\u00e1til: esta unidad interior se puede instalar tanto en la posici\u00f3n de suelo como en la posici\u00f3n de techo, brindando flexibilidad en la colocaci\u00f3n seg\u00fan las necesidades de tu espacio. Esto te permite adaptar la climatizaci\u00f3n a la distribuci\u00f3n de tu habitaci\u00f3n de manera eficiente.<\/li>\n<li>Su dise\u00f1o robusto y duradero, que asegura una larga vida \u00fatil y un rendimiento confiable. Est\u00e1 construida con materiales de alta calidad que garantizan resistencia y estabilidad, incluso en entornos exigentes.<\/li>\n<li>Proporciona un rendimiento eficiente y un control preciso de la climatizaci\u00f3n en tu espacio. Su capacidad de refrigeraci\u00f3n y calefacci\u00f3n te permite mantener una temperatura ideal en cualquier \u00e9poca del a\u00f1o.<\/li>\n<li>Wifi opcional, para controlar el equipo desde un dispositivo m\u00f3vil a trav\u00e9s de una App. Compatible con Alexa y Google Home.<\/li>\n<\/ul>\n<p>Potencias disponibles: 5,2kW y 7,1kW<\/p>\n","protected":false},"featured_media":12223,"template":"","meta":{"_monsterinsights_skip_tracking":false,"_monsterinsights_sitenote_active":false,"_monsterinsights_sitenote_note":"","_monsterinsights_sitenote_category":0},"product_brand":[],"product_cat":[568,558],"product_tag":[672],"class_list":{"0":"post-11897","1":"product","2":"type-product","3":"status-publish","4":"has-post-thumbnail","6":"product_cat-multisplit","7":"product_cat-splits","8":"product_tag-split","10":"first","11":"instock","12":"shipping-taxable","13":"product-type-simple"},"yoast_head":"<!-- This site is optimized with the Yoast SEO plugin v27.4 - https:\/\/yoast.com\/product\/yoast-seo-wordpress\/ -->\n<title>unidad interior Admira Multisplit Suelo-Techo<\/title>\n<meta name=\"description\" content=\"ofrece una soluci\u00f3n de climatizaci\u00f3n vers\u00e1til y resistente para tus espacios.\" \/>\n<meta name=\"robots\" content=\"index, follow, max-snippet:-1, max-image-preview:large, max-video-preview:-1\" \/>\n<link rel=\"canonical\" href=\"https:\/\/giatsu.com\/es\/splits\/multisplit\/suelo-techo-admira-plus-multisplit\/\" \/>\n<meta property=\"og:locale\" content=\"es_ES\" \/>\n<meta property=\"og:type\" content=\"article\" \/>\n<meta property=\"og:title\" content=\"unidad interior Admira Multisplit Suelo-Techo\" \/>\n<meta property=\"og:description\" content=\"ofrece una soluci\u00f3n de climatizaci\u00f3n vers\u00e1til y resistente para tus espacios.\" \/>\n<meta property=\"og:url\" content=\"https:\/\/giatsu.com\/es\/splits\/multisplit\/suelo-techo-admira-plus-multisplit\/\" \/>\n<meta property=\"og:site_name\" content=\"GIATSU\" \/>\n<meta property=\"article:modified_time\" content=\"2025-07-16T06:35:31+00:00\" \/>\n<meta property=\"og:image\" content=\"https:\/\/giatsu.com\/wp-content\/uploads\/2024\/05\/suelo-techo-multisplit-fb1e4f.webp\" \/>\n\t<meta property=\"og:image:width\" content=\"500\" \/>\n\t<meta property=\"og:image:height\" content=\"500\" \/>\n\t<meta property=\"og:image:type\" content=\"image\/webp\" \/>\n<meta name=\"twitter:card\" content=\"summary_large_image\" \/>\n<meta name=\"twitter:label1\" content=\"Tiempo de lectura\" \/>\n\t<meta name=\"twitter:data1\" content=\"2 minutos\" \/>\n<script type=\"application\/ld+json\" class=\"yoast-schema-graph\">{\"@context\":\"https:\\\/\\\/schema.org\",\"@graph\":[{\"@type\":\"WebPage\",\"@id\":\"https:\\\/\\\/giatsu.com\\\/es\\\/splits\\\/multisplit\\\/suelo-techo-admira-plus-multisplit\\\/\",\"url\":\"https:\\\/\\\/giatsu.com\\\/es\\\/splits\\\/multisplit\\\/suelo-techo-admira-plus-multisplit\\\/\",\"name\":\"unidad interior Admira Multisplit Suelo-Techo\",\"isPartOf\":{\"@id\":\"https:\\\/\\\/giatsu.com\\\/es\\\/#website\"},\"primaryImageOfPage\":{\"@id\":\"https:\\\/\\\/giatsu.com\\\/es\\\/splits\\\/multisplit\\\/suelo-techo-admira-plus-multisplit\\\/#primaryimage\"},\"image\":{\"@id\":\"https:\\\/\\\/giatsu.com\\\/es\\\/splits\\\/multisplit\\\/suelo-techo-admira-plus-multisplit\\\/#primaryimage\"},\"thumbnailUrl\":\"https:\\\/\\\/giatsu.com\\\/wp-content\\\/uploads\\\/2024\\\/05\\\/suelo-techo-multisplit-fb1e4f.webp\",\"datePublished\":\"2024-02-23T11:50:39+00:00\",\"dateModified\":\"2025-07-16T06:35:31+00:00\",\"description\":\"ofrece una soluci\u00f3n de climatizaci\u00f3n vers\u00e1til y resistente para tus espacios.\",\"breadcrumb\":{\"@id\":\"https:\\\/\\\/giatsu.com\\\/es\\\/splits\\\/multisplit\\\/suelo-techo-admira-plus-multisplit\\\/#breadcrumb\"},\"inLanguage\":\"es\",\"potentialAction\":[{\"@type\":\"ReadAction\",\"target\":[\"https:\\\/\\\/giatsu.com\\\/es\\\/splits\\\/multisplit\\\/suelo-techo-admira-plus-multisplit\\\/\"]}]},{\"@type\":\"ImageObject\",\"inLanguage\":\"es\",\"@id\":\"https:\\\/\\\/giatsu.com\\\/es\\\/splits\\\/multisplit\\\/suelo-techo-admira-plus-multisplit\\\/#primaryimage\",\"url\":\"https:\\\/\\\/giatsu.com\\\/wp-content\\\/uploads\\\/2024\\\/05\\\/suelo-techo-multisplit-fb1e4f.webp\",\"contentUrl\":\"https:\\\/\\\/giatsu.com\\\/wp-content\\\/uploads\\\/2024\\\/05\\\/suelo-techo-multisplit-fb1e4f.webp\",\"width\":500,\"height\":500},{\"@type\":\"BreadcrumbList\",\"@id\":\"https:\\\/\\\/giatsu.com\\\/es\\\/splits\\\/multisplit\\\/suelo-techo-admira-plus-multisplit\\\/#breadcrumb\",\"itemListElement\":[{\"@type\":\"ListItem\",\"position\":1,\"name\":\"Home\",\"item\":\"https:\\\/\\\/giatsu.com\\\/es\\\/\"},{\"@type\":\"ListItem\",\"position\":2,\"name\":\"PRODUCTOS\",\"item\":\"https:\\\/\\\/giatsu.com\\\/es\\\/productos\\\/\"},{\"@type\":\"ListItem\",\"position\":3,\"name\":\"SUELO-TECHO ADMIRA PLUS MULTISPLIT\"}]},{\"@type\":\"WebSite\",\"@id\":\"https:\\\/\\\/giatsu.com\\\/es\\\/#website\",\"url\":\"https:\\\/\\\/giatsu.com\\\/es\\\/\",\"name\":\"GIATSU\",\"description\":\"Quality Comfort Everywhere\",\"potentialAction\":[{\"@type\":\"SearchAction\",\"target\":{\"@type\":\"EntryPoint\",\"urlTemplate\":\"https:\\\/\\\/giatsu.com\\\/es\\\/?s={search_term_string}\"},\"query-input\":{\"@type\":\"PropertyValueSpecification\",\"valueRequired\":true,\"valueName\":\"search_term_string\"}}],\"inLanguage\":\"es\"}]}<\/script>\n<!-- \/ Yoast SEO plugin. -->","yoast_head_json":{"title":"unidad interior Admira Multisplit Suelo-Techo","description":"ofrece una soluci\u00f3n de climatizaci\u00f3n vers\u00e1til y resistente para tus espacios.","robots":{"index":"index","follow":"follow","max-snippet":"max-snippet:-1","max-image-preview":"max-image-preview:large","max-video-preview":"max-video-preview:-1"},"canonical":"https:\/\/giatsu.com\/es\/splits\/multisplit\/suelo-techo-admira-plus-multisplit\/","og_locale":"es_ES","og_type":"article","og_title":"unidad interior Admira Multisplit Suelo-Techo","og_description":"ofrece una soluci\u00f3n de climatizaci\u00f3n vers\u00e1til y resistente para tus espacios.","og_url":"https:\/\/giatsu.com\/es\/splits\/multisplit\/suelo-techo-admira-plus-multisplit\/","og_site_name":"GIATSU","article_modified_time":"2025-07-16T06:35:31+00:00","og_image":[{"width":500,"height":500,"url":"https:\/\/giatsu.com\/wp-content\/uploads\/2024\/05\/suelo-techo-multisplit-fb1e4f.webp","type":"image\/webp"}],"twitter_card":"summary_large_image","twitter_misc":{"Tiempo de lectura":"2 minutos"},"schema":{"@context":"https:\/\/schema.org","@graph":[{"@type":"WebPage","@id":"https:\/\/giatsu.com\/es\/splits\/multisplit\/suelo-techo-admira-plus-multisplit\/","url":"https:\/\/giatsu.com\/es\/splits\/multisplit\/suelo-techo-admira-plus-multisplit\/","name":"unidad interior Admira Multisplit Suelo-Techo","isPartOf":{"@id":"https:\/\/giatsu.com\/es\/#website"},"primaryImageOfPage":{"@id":"https:\/\/giatsu.com\/es\/splits\/multisplit\/suelo-techo-admira-plus-multisplit\/#primaryimage"},"image":{"@id":"https:\/\/giatsu.com\/es\/splits\/multisplit\/suelo-techo-admira-plus-multisplit\/#primaryimage"},"thumbnailUrl":"https:\/\/giatsu.com\/wp-content\/uploads\/2024\/05\/suelo-techo-multisplit-fb1e4f.webp","datePublished":"2024-02-23T11:50:39+00:00","dateModified":"2025-07-16T06:35:31+00:00","description":"ofrece una soluci\u00f3n de climatizaci\u00f3n vers\u00e1til y resistente para tus espacios.","breadcrumb":{"@id":"https:\/\/giatsu.com\/es\/splits\/multisplit\/suelo-techo-admira-plus-multisplit\/#breadcrumb"},"inLanguage":"es","potentialAction":[{"@type":"ReadAction","target":["https:\/\/giatsu.com\/es\/splits\/multisplit\/suelo-techo-admira-plus-multisplit\/"]}]},{"@type":"ImageObject","inLanguage":"es","@id":"https:\/\/giatsu.com\/es\/splits\/multisplit\/suelo-techo-admira-plus-multisplit\/#primaryimage","url":"https:\/\/giatsu.com\/wp-content\/uploads\/2024\/05\/suelo-techo-multisplit-fb1e4f.webp","contentUrl":"https:\/\/giatsu.com\/wp-content\/uploads\/2024\/05\/suelo-techo-multisplit-fb1e4f.webp","width":500,"height":500},{"@type":"BreadcrumbList","@id":"https:\/\/giatsu.com\/es\/splits\/multisplit\/suelo-techo-admira-plus-multisplit\/#breadcrumb","itemListElement":[{"@type":"ListItem","position":1,"name":"Home","item":"https:\/\/giatsu.com\/es\/"},{"@type":"ListItem","position":2,"name":"PRODUCTOS","item":"https:\/\/giatsu.com\/es\/productos\/"},{"@type":"ListItem","position":3,"name":"SUELO-TECHO ADMIRA PLUS MULTISPLIT"}]},{"@type":"WebSite","@id":"https:\/\/giatsu.com\/es\/#website","url":"https:\/\/giatsu.com\/es\/","name":"GIATSU","description":"Quality Comfort Everywhere","potentialAction":[{"@type":"SearchAction","target":{"@type":"EntryPoint","urlTemplate":"https:\/\/giatsu.com\/es\/?s={search_term_string}"},"query-input":{"@type":"PropertyValueSpecification","valueRequired":true,"valueName":"search_term_string"}}],"inLanguage":"es"}]}},"_links":{"self":[{"href":"https:\/\/giatsu.com\/es\/wp-json\/wp\/v2\/product\/11897","targetHints":{"allow":["GET"]}}],"collection":[{"href":"https:\/\/giatsu.com\/es\/wp-json\/wp\/v2\/product"}],"about":[{"href":"https:\/\/giatsu.com\/es\/wp-json\/wp\/v2\/types\/product"}],"wp:featuredmedia":[{"embeddable":true,"href":"https:\/\/giatsu.com\/es\/wp-json\/wp\/v2\/media\/12223"}],"wp:attachment":[{"href":"https:\/\/giatsu.com\/es\/wp-json\/wp\/v2\/media?parent=11897"}],"wp:term":[{"taxonomy":"product_brand","embeddable":true,"href":"https:\/\/giatsu.com\/es\/wp-json\/wp\/v2\/product_brand?post=11897"},{"taxonomy":"product_cat","embeddable":true,"href":"https:\/\/giatsu.com\/es\/wp-json\/wp\/v2\/product_cat?post=11897"},{"taxonomy":"product_tag","embeddable":true,"href":"https:\/\/giatsu.com\/es\/wp-json\/wp\/v2\/product_tag?post=11897"}],"curies":[{"name":"wp","href":"https:\/\/api.w.org\/{rel}","templated":true}]}}