{"id":11896,"date":"2024-02-23T11:50:38","date_gmt":"2024-02-23T11:50:38","guid":{"rendered":"https:\/\/giatsu.com\/?post_type=product&#038;p=11896"},"modified":"2025-04-03T13:40:45","modified_gmt":"2025-04-03T13:40:45","slug":"consola-admira-plus-multi","status":"publish","type":"product","link":"https:\/\/giatsu.com\/es\/splits\/multisplit\/consola-admira-plus-multi\/","title":{"rendered":"CONSOLA ADMIRA PLUS MULTI"},"content":{"rendered":"<div class=\"wpb-content-wrapper\"><div class=\"container mb-1 moduloprincipalespictos\">\n<h2 class=\"text-center tituloprincipales\">Caracter\u00edsticas principales<\/h2>\n<div class=\"row row-cols-1 row-cols-md-2 row-cols-xl-3\">\n<div class=\"col-xs-6 col-md-3 order-last\">\n<div class=\"card\">\n                            <img decoding=\"async\" class=\"card-img-top w-100 d-block fit-cover pictoprincipalgrande\" src=\"https:\/\/giatsu.com\/wp-content\/uploads\/2023\/08\/wifi-opcional-273a8f.webp\" \/><\/p>\n<div class=\"card-body p-4\">\n<h3 class=\"font-weight-bold card-title\">WIFI opcional<\/h3>\n<p class=\"card-text\">Comprando el WIFIUFO adicional, se puede controlar el equipo desde un smartphone, tablet o por voz con Alexa y Google Home.<\/p>\n<\/p><\/div><\/div><\/div>\n<div class=\"col-xs-6 col-md-3 order-last\">\n<div class=\"card\">\n                            <img decoding=\"async\" class=\"card-img-top w-100 d-block fit-cover pictoprincipalgrande\" src=\"https:\/\/giatsu.com\/wp-content\/uploads\/2023\/08\/r32-58a8d5.webp\" \/><\/p>\n<div class=\"card-body p-4\">\n<h3 class=\"font-weight-bold card-title\">Refrigerante R32<\/h3>\n<p class=\"card-text\">El gas R32 tiene un \u00edndice de Potencial de Calentamiento Atmosf\u00e9rico (PCA) muy bajo, una gran eficiencia y poder de refrigeraci\u00f3n.<\/p>\n<\/p><\/div><\/div><\/div>\n<div class=\"col-xs-6 col-md-3 order-last\">\n<div class=\"card\">\n                            <img decoding=\"async\" class=\"card-img-top w-100 d-block fit-cover pictoprincipalgrande\" src=\"https:\/\/giatsu.com\/wp-content\/uploads\/2023\/08\/control-remoto-6dcd21.webp\" \/><\/p>\n<div class=\"card-body p-4\">\n<h3 class=\"font-weight-bold card-title\">Control remoto<\/h3>\n<p class=\"card-text\">Incorpora de serie un control remoto que permite el control de distintos par\u00e1metros de las unidades interiores.<\/p>\n<\/p><\/div><\/div><\/div><\/div><\/div>\n<hr>\n<p>        [vc_row mobile_bg_img_hidden=\u00bbno\u00bb tablet_bg_img_hidden=\u00bbno\u00bb woodmart_parallax=\u00bb0&#8243; woodmart_gradient_switch=\u00bbno\u00bb row_reverse_mobile=\u00bb0&#8243; row_reverse_tablet=\u00bb0&#8243; woodmart_disable_overflow=\u00bb0&#8243; el_class=\u00bbfilaImgCaracteristica\u00bb][vc_column mobile_bg_img_hidden=\u00bbno\u00bb tablet_bg_img_hidden=\u00bbno\u00bb woodmart_parallax=\u00bb0&#8243; woodmart_sticky_column=\u00bbfalse\u00bb parallax_scroll=\u00bbno\u00bb mobile_reset_margin=\u00bbno\u00bb tablet_reset_margin=\u00bbno\u00bb]<\/p>\n<div class=\"container mb-1\">\n<h3 class=\"text-center\">Informaci\u00f3n t\u00e9cnica<\/h3>\n<div class=\"row row-cols-1 row-cols-md-2 row-cols-xl-3 justify-content-md-center\">\n<div class=\"col-xs-1 col-md-1\">\n<div class=\"card\">\n                            <img decoding=\"async\" class=\"card-img-top w-100 d-block fit-cover pictoprincipalgrande\" src=\"https:\/\/giatsu.com\/wp-content\/uploads\/2023\/08\/temporizador_24_h-f6c646.webp\" \/><\/p>\n<div class=\"card-body p-4\">\n<h4 class=\"card-text textospictospeques\">Temporizador 24h<\/h4>\n<\/p><\/div><\/div><\/div><\/div><\/div>\n<div class=\"row justify-content-md-center\">\n<div class=\"vc_btn3-container vc_btn3-inline\" id=\"botonDescargarFicha\">\n                        <a target=\"_blank\" class=\"btn btn-light border rounded-4 botondescarga\" href=\"https:\/\/giatsu.com\/documentacion\/\/giatsu-fichas-tecnicas-multisplits-admira-plus-multi--espanol.pdf\" title=\"\">Descargar ficha t\u00e9cnica<\/a>\n                 <\/div><\/div>\n<\/div>","protected":false},"excerpt":{"rendered":"<p><strong>La Unidad Interior Admira Plus Consola Multisplit<\/strong> destaca por su dise&ntilde;o elegante y sencillo, que se adapta perfectamente a cualquier estilo de decoraci&oacute;n. Con su apariencia estilizada y excedente, esta unidad agrega un toque de elegancia a tu espacio.<\/p>\n<p>Adem&aacute;s de su est&eacute;tica atractiva, esta unidad es muy ligera, lo que facilita su instalaci&oacute;n y transporte. Simplifica el proceso de montaje y ahorra tiempo y esfuerzo en la instalaci&oacute;n. Disfruta de la comodidad de un equipo que se adapta f&aacute;cilmente a diferentes entornos y necesidades.<\/p>\n<p>Est&aacute; dise&ntilde;ada con los m&aacute;s altos est&aacute;ndares de calidad y durabilidad, asegurando un funcionamiento confiable y de larga duraci&oacute;n.<\/p>\n<p>La Consola Multisplit Admira Plus de Giatsu destaca por su eficiencia energ&eacute;tica. Tiene una larga vida &uacute;til de producto gracias a la protecci&oacute;n Golden Fin, y es ideal para locales comerciales, oficinas, hoteles, etc.<\/p>\n<p><strong>Caracter&iacute;sticas principales:<\/strong><\/p>\n<ul>\n<li><strong>Mayor confort: <\/strong>ajuste de la velocidad del ventilador para un mejor confort t&eacute;rmico.<\/li>\n<li><strong>Protecci&oacute;n Golden Fin:<\/strong> recubrimiento de la unidad exterior para proteger contra la corrosi&oacute;n y alargar la vida &uacute;til del equipo.<\/li>\n<li><strong>Flujo de aire 3D:<\/strong> las lamas de la unidad interior pueden moverse tanto vertical como horizontalmente, consiguiente un flujo de aire m&aacute;s amplio que se expande en diversas direcciones.<\/li>\n<li><strong>Mando a distancia:<\/strong> con programaci&oacute;n 24h.<\/li>\n<li><strong>Modo noche.&nbsp;<\/strong><\/li>\n<li><strong>Funci&oacute;n I Feel.<\/strong><\/li>\n<li><strong>Wifi<\/strong> (opcional).<\/li>\n<\/ul>\n<p>Potencias disponibles: 2,6kW, 3,5kW, 4,6kW<\/p>\n<div class='pictosvoz'><\/div>\n","protected":false},"featured_media":12218,"template":"","meta":{"_monsterinsights_skip_tracking":false,"_monsterinsights_sitenote_active":false,"_monsterinsights_sitenote_note":"","_monsterinsights_sitenote_category":0},"product_brand":[],"product_cat":[568,558],"product_tag":[672],"class_list":{"0":"post-11896","1":"product","2":"type-product","3":"status-publish","4":"has-post-thumbnail","6":"product_cat-multisplit","7":"product_cat-splits","8":"product_tag-split","10":"first","11":"instock","12":"shipping-taxable","13":"product-type-simple"},"yoast_head":"<!-- This site is optimized with the Yoast SEO plugin v26.6 - https:\/\/yoast.com\/wordpress\/plugins\/seo\/ -->\n<title>Unidad Interior Admira Plus Consola Multisplit<\/title>\n<meta name=\"description\" content=\"se destaca por su dise\u00f1o elegante y sencillo, que se adapta perfectamente a cualquier estilo de decoraci\u00f3n. Con su apariencia estilizada y excedente, esta unidad agrega un toque de elegancia a tu espacio.\" \/>\n<meta name=\"robots\" content=\"index, follow, max-snippet:-1, max-image-preview:large, max-video-preview:-1\" \/>\n<link rel=\"canonical\" href=\"https:\/\/giatsu.com\/es\/splits\/multisplit\/consola-admira-plus-multi\/\" \/>\n<meta property=\"og:locale\" content=\"es_ES\" \/>\n<meta property=\"og:type\" content=\"article\" \/>\n<meta property=\"og:title\" content=\"Unidad Interior Admira Plus Consola Multisplit\" \/>\n<meta property=\"og:description\" content=\"se destaca por su dise\u00f1o elegante y sencillo, que se adapta perfectamente a cualquier estilo de decoraci\u00f3n. Con su apariencia estilizada y excedente, esta unidad agrega un toque de elegancia a tu espacio.\" \/>\n<meta property=\"og:url\" content=\"https:\/\/giatsu.com\/es\/splits\/multisplit\/consola-admira-plus-multi\/\" \/>\n<meta property=\"og:site_name\" content=\"GIATSU\" \/>\n<meta property=\"article:modified_time\" content=\"2025-04-03T13:40:45+00:00\" \/>\n<meta property=\"og:image\" content=\"https:\/\/giatsu.com\/wp-content\/uploads\/2024\/05\/multisplit-consola-422176.webp\" \/>\n\t<meta property=\"og:image:width\" content=\"500\" \/>\n\t<meta property=\"og:image:height\" content=\"500\" \/>\n\t<meta property=\"og:image:type\" content=\"image\/webp\" \/>\n<meta name=\"twitter:card\" content=\"summary_large_image\" \/>\n<meta name=\"twitter:label1\" content=\"Tiempo de lectura\" \/>\n\t<meta name=\"twitter:data1\" content=\"1 minuto\" \/>\n<script type=\"application\/ld+json\" class=\"yoast-schema-graph\">{\"@context\":\"https:\/\/schema.org\",\"@graph\":[{\"@type\":\"WebPage\",\"@id\":\"https:\/\/giatsu.com\/es\/splits\/multisplit\/consola-admira-plus-multi\/\",\"url\":\"https:\/\/giatsu.com\/es\/splits\/multisplit\/consola-admira-plus-multi\/\",\"name\":\"Unidad Interior Admira Plus Consola Multisplit\",\"isPartOf\":{\"@id\":\"https:\/\/giatsu.com\/es\/#website\"},\"primaryImageOfPage\":{\"@id\":\"https:\/\/giatsu.com\/es\/splits\/multisplit\/consola-admira-plus-multi\/#primaryimage\"},\"image\":{\"@id\":\"https:\/\/giatsu.com\/es\/splits\/multisplit\/consola-admira-plus-multi\/#primaryimage\"},\"thumbnailUrl\":\"https:\/\/giatsu.com\/wp-content\/uploads\/2024\/05\/multisplit-consola-422176.webp\",\"datePublished\":\"2024-02-23T11:50:38+00:00\",\"dateModified\":\"2025-04-03T13:40:45+00:00\",\"description\":\"se destaca por su dise\u00f1o elegante y sencillo, que se adapta perfectamente a cualquier estilo de decoraci\u00f3n. Con su apariencia estilizada y excedente, esta unidad agrega un toque de elegancia a tu espacio.\",\"breadcrumb\":{\"@id\":\"https:\/\/giatsu.com\/es\/splits\/multisplit\/consola-admira-plus-multi\/#breadcrumb\"},\"inLanguage\":\"es\",\"potentialAction\":[{\"@type\":\"ReadAction\",\"target\":[\"https:\/\/giatsu.com\/es\/splits\/multisplit\/consola-admira-plus-multi\/\"]}]},{\"@type\":\"ImageObject\",\"inLanguage\":\"es\",\"@id\":\"https:\/\/giatsu.com\/es\/splits\/multisplit\/consola-admira-plus-multi\/#primaryimage\",\"url\":\"https:\/\/giatsu.com\/wp-content\/uploads\/2024\/05\/multisplit-consola-422176.webp\",\"contentUrl\":\"https:\/\/giatsu.com\/wp-content\/uploads\/2024\/05\/multisplit-consola-422176.webp\",\"width\":500,\"height\":500},{\"@type\":\"BreadcrumbList\",\"@id\":\"https:\/\/giatsu.com\/es\/splits\/multisplit\/consola-admira-plus-multi\/#breadcrumb\",\"itemListElement\":[{\"@type\":\"ListItem\",\"position\":1,\"name\":\"Home\",\"item\":\"https:\/\/giatsu.com\/es\/\"},{\"@type\":\"ListItem\",\"position\":2,\"name\":\"PRODUCTOS\",\"item\":\"https:\/\/giatsu.com\/es\/productos\/\"},{\"@type\":\"ListItem\",\"position\":3,\"name\":\"CONSOLA ADMIRA PLUS MULTI\"}]},{\"@type\":\"WebSite\",\"@id\":\"https:\/\/giatsu.com\/es\/#website\",\"url\":\"https:\/\/giatsu.com\/es\/\",\"name\":\"GIATSU\",\"description\":\"Quality Comfort Everywhere\",\"potentialAction\":[{\"@type\":\"SearchAction\",\"target\":{\"@type\":\"EntryPoint\",\"urlTemplate\":\"https:\/\/giatsu.com\/es\/?s={search_term_string}\"},\"query-input\":{\"@type\":\"PropertyValueSpecification\",\"valueRequired\":true,\"valueName\":\"search_term_string\"}}],\"inLanguage\":\"es\"}]}<\/script>\n<!-- \/ Yoast SEO plugin. -->","yoast_head_json":{"title":"Unidad Interior Admira Plus Consola Multisplit","description":"se destaca por su dise\u00f1o elegante y sencillo, que se adapta perfectamente a cualquier estilo de decoraci\u00f3n. Con su apariencia estilizada y excedente, esta unidad agrega un toque de elegancia a tu espacio.","robots":{"index":"index","follow":"follow","max-snippet":"max-snippet:-1","max-image-preview":"max-image-preview:large","max-video-preview":"max-video-preview:-1"},"canonical":"https:\/\/giatsu.com\/es\/splits\/multisplit\/consola-admira-plus-multi\/","og_locale":"es_ES","og_type":"article","og_title":"Unidad Interior Admira Plus Consola Multisplit","og_description":"se destaca por su dise\u00f1o elegante y sencillo, que se adapta perfectamente a cualquier estilo de decoraci\u00f3n. Con su apariencia estilizada y excedente, esta unidad agrega un toque de elegancia a tu espacio.","og_url":"https:\/\/giatsu.com\/es\/splits\/multisplit\/consola-admira-plus-multi\/","og_site_name":"GIATSU","article_modified_time":"2025-04-03T13:40:45+00:00","og_image":[{"width":500,"height":500,"url":"https:\/\/giatsu.com\/wp-content\/uploads\/2024\/05\/multisplit-consola-422176.webp","type":"image\/webp"}],"twitter_card":"summary_large_image","twitter_misc":{"Tiempo de lectura":"1 minuto"},"schema":{"@context":"https:\/\/schema.org","@graph":[{"@type":"WebPage","@id":"https:\/\/giatsu.com\/es\/splits\/multisplit\/consola-admira-plus-multi\/","url":"https:\/\/giatsu.com\/es\/splits\/multisplit\/consola-admira-plus-multi\/","name":"Unidad Interior Admira Plus Consola Multisplit","isPartOf":{"@id":"https:\/\/giatsu.com\/es\/#website"},"primaryImageOfPage":{"@id":"https:\/\/giatsu.com\/es\/splits\/multisplit\/consola-admira-plus-multi\/#primaryimage"},"image":{"@id":"https:\/\/giatsu.com\/es\/splits\/multisplit\/consola-admira-plus-multi\/#primaryimage"},"thumbnailUrl":"https:\/\/giatsu.com\/wp-content\/uploads\/2024\/05\/multisplit-consola-422176.webp","datePublished":"2024-02-23T11:50:38+00:00","dateModified":"2025-04-03T13:40:45+00:00","description":"se destaca por su dise\u00f1o elegante y sencillo, que se adapta perfectamente a cualquier estilo de decoraci\u00f3n. Con su apariencia estilizada y excedente, esta unidad agrega un toque de elegancia a tu espacio.","breadcrumb":{"@id":"https:\/\/giatsu.com\/es\/splits\/multisplit\/consola-admira-plus-multi\/#breadcrumb"},"inLanguage":"es","potentialAction":[{"@type":"ReadAction","target":["https:\/\/giatsu.com\/es\/splits\/multisplit\/consola-admira-plus-multi\/"]}]},{"@type":"ImageObject","inLanguage":"es","@id":"https:\/\/giatsu.com\/es\/splits\/multisplit\/consola-admira-plus-multi\/#primaryimage","url":"https:\/\/giatsu.com\/wp-content\/uploads\/2024\/05\/multisplit-consola-422176.webp","contentUrl":"https:\/\/giatsu.com\/wp-content\/uploads\/2024\/05\/multisplit-consola-422176.webp","width":500,"height":500},{"@type":"BreadcrumbList","@id":"https:\/\/giatsu.com\/es\/splits\/multisplit\/consola-admira-plus-multi\/#breadcrumb","itemListElement":[{"@type":"ListItem","position":1,"name":"Home","item":"https:\/\/giatsu.com\/es\/"},{"@type":"ListItem","position":2,"name":"PRODUCTOS","item":"https:\/\/giatsu.com\/es\/productos\/"},{"@type":"ListItem","position":3,"name":"CONSOLA ADMIRA PLUS MULTI"}]},{"@type":"WebSite","@id":"https:\/\/giatsu.com\/es\/#website","url":"https:\/\/giatsu.com\/es\/","name":"GIATSU","description":"Quality Comfort Everywhere","potentialAction":[{"@type":"SearchAction","target":{"@type":"EntryPoint","urlTemplate":"https:\/\/giatsu.com\/es\/?s={search_term_string}"},"query-input":{"@type":"PropertyValueSpecification","valueRequired":true,"valueName":"search_term_string"}}],"inLanguage":"es"}]}},"_links":{"self":[{"href":"https:\/\/giatsu.com\/es\/wp-json\/wp\/v2\/product\/11896","targetHints":{"allow":["GET"]}}],"collection":[{"href":"https:\/\/giatsu.com\/es\/wp-json\/wp\/v2\/product"}],"about":[{"href":"https:\/\/giatsu.com\/es\/wp-json\/wp\/v2\/types\/product"}],"wp:featuredmedia":[{"embeddable":true,"href":"https:\/\/giatsu.com\/es\/wp-json\/wp\/v2\/media\/12218"}],"wp:attachment":[{"href":"https:\/\/giatsu.com\/es\/wp-json\/wp\/v2\/media?parent=11896"}],"wp:term":[{"taxonomy":"product_brand","embeddable":true,"href":"https:\/\/giatsu.com\/es\/wp-json\/wp\/v2\/product_brand?post=11896"},{"taxonomy":"product_cat","embeddable":true,"href":"https:\/\/giatsu.com\/es\/wp-json\/wp\/v2\/product_cat?post=11896"},{"taxonomy":"product_tag","embeddable":true,"href":"https:\/\/giatsu.com\/es\/wp-json\/wp\/v2\/product_tag?post=11896"}],"curies":[{"name":"wp","href":"https:\/\/api.w.org\/{rel}","templated":true}]}}