{"id":11895,"date":"2024-02-23T11:50:37","date_gmt":"2024-02-23T11:50:37","guid":{"rendered":"https:\/\/giatsu.com\/?post_type=product&#038;p=11895"},"modified":"2025-07-16T06:32:00","modified_gmt":"2025-07-16T06:32:00","slug":"conducto-admira-plus-multisplit","status":"publish","type":"product","link":"https:\/\/giatsu.com\/es\/splits\/multisplit\/conducto-admira-plus-multisplit\/","title":{"rendered":"CONDUCTO ADMIRA PLUS MULTISPLIT"},"content":{"rendered":"<div class=\"wpb-content-wrapper\"><p>&nbsp;<\/p>\n<div class=\"container mb-1 moduloprincipalespictos\">\n<h2 class=\"text-center tituloprincipales\">Caracter\u00edsticas principales<\/h2>\n<div class=\"row row-cols-1 row-cols-md-2 row-cols-xl-3\">\n<div class=\"col-xs-6 col-md-3 order-last\">\n<div class=\"card\"><img decoding=\"async\" class=\"card-img-top w-100 d-block fit-cover pictoprincipalgrande\" src=\"https:\/\/giatsu.com\/wp-content\/uploads\/2023\/08\/wifi-incluido-cb8169.webp\" \/><\/p>\n<div class=\"card-body p-4\">\n<h3 class=\"font-weight-bold card-title\">wifi incluido<\/h3>\n<p class=\"card-text\">A trav\u00e9s de la aplicaci\u00f3n GIApp se puede controlar el equipo desde un smartphone, tablet o por voz con Alexa y Google Home.<\/p>\n<\/div>\n<\/div>\n<\/div>\n<div class=\"col-xs-6 col-md-3 order-last\">\n<div class=\"card\"><img decoding=\"async\" class=\"card-img-top w-100 d-block fit-cover pictoprincipalgrande\" src=\"https:\/\/giatsu.com\/wp-content\/uploads\/2023\/08\/altura-reducida-bca5bc.webp\" \/><\/p>\n<div class=\"card-body p-4\">\n<h3 class=\"font-weight-bold card-title\">Altura reducida<\/h3>\n<p class=\"card-text\">La altura de la unidad interior es especialmente reducida.<\/p>\n<\/div>\n<\/div>\n<\/div>\n<div class=\"col-xs-6 col-md-3 order-last\">\n<div class=\"card\"><img decoding=\"async\" class=\"card-img-top w-100 d-block fit-cover pictoprincipalgrande\" src=\"https:\/\/giatsu.com\/wp-content\/uploads\/2023\/08\/bomba-de-condensados-8f2ae0.webp\" \/><\/p>\n<div class=\"card-body p-4\">\n<h3 class=\"font-weight-bold card-title\">Bomba de condensados<\/h3>\n<p class=\"card-text\">La unidad dispone de bomba de condensados incorporada de serie.<\/p>\n<\/div>\n<\/div>\n<\/div>\n<div class=\"col-xs-6 col-md-3 order-last\">\n<div class=\"card\"><img decoding=\"async\" class=\"card-img-top w-100 d-block fit-cover pictoprincipalgrande\" src=\"https:\/\/giatsu.com\/wp-content\/uploads\/2024\/04\/doble-posicion-de-retorno-34651d.webp\" \/><\/p>\n<div class=\"card-body p-4\">\n<h3 class=\"font-weight-bold card-title\">Doble posici\u00f3n de retorno<\/h3>\n<p class=\"card-text\">Sistema que permite la recirculaci\u00f3n del aire interior, as\u00ed como la entrada de aire fresco del exterior.<\/p>\n<\/div>\n<\/div>\n<\/div>\n<\/div>\n<\/div>\n<hr \/>\n<p>[vc_row mobile_bg_img_hidden=\u00bbno\u00bb tablet_bg_img_hidden=\u00bbno\u00bb woodmart_parallax=\u00bb0&#8243; woodmart_gradient_switch=\u00bbno\u00bb row_reverse_mobile=\u00bb0&#8243; row_reverse_tablet=\u00bb0&#8243; woodmart_disable_overflow=\u00bb0&#8243; el_class=\u00bbfilaImgCaracteristica\u00bb][vc_column mobile_bg_img_hidden=\u00bbno\u00bb tablet_bg_img_hidden=\u00bbno\u00bb woodmart_parallax=\u00bb0&#8243; woodmart_sticky_column=\u00bbfalse\u00bb parallax_scroll=\u00bbno\u00bb mobile_reset_margin=\u00bbno\u00bb tablet_reset_margin=\u00bbno\u00bb]<\/p>\n<div class=\"container mb-1\">\n<h3 class=\"text-center\">Informaci\u00f3n t\u00e9cnica<\/h3>\n<div class=\"row row-cols-1 row-cols-md-2 row-cols-xl-3 justify-content-md-center\">\n<div class=\"col-xs-1 col-md-1\">\n<div class=\"card\"><img decoding=\"async\" class=\"card-img-top w-100 d-block fit-cover pictoprincipalgrande\" src=\"https:\/\/giatsu.com\/wp-content\/uploads\/2023\/08\/contacto-on-off-y-alarma-e8b7e6.webp\" \/><\/p>\n<div class=\"card-body p-4\">\n<h4 class=\"card-text textospictospeques\">Contacto ON\/ OFF y alarma<\/h4>\n<\/div>\n<\/div>\n<\/div>\n<div class=\"col-xs-1 col-md-1\">\n<div class=\"card\"><img decoding=\"async\" class=\"card-img-top w-100 d-block fit-cover pictoprincipalgrande\" src=\"https:\/\/giatsu.com\/wp-content\/uploads\/2024\/02\/r-32-b46f41.webp\" \/><\/p>\n<div class=\"card-body p-4\">\n<h4 class=\"card-text textospictospeques\">R 32<\/h4>\n<\/div>\n<\/div>\n<\/div>\n<div class=\"col-xs-1 col-md-1\">\n<div class=\"card\"><img decoding=\"async\" class=\"card-img-top w-100 d-block fit-cover pictoprincipalgrande\" src=\"https:\/\/giatsu.com\/wp-content\/uploads\/2023\/08\/control_cableado-c1d085.webp\" \/><\/p>\n<div class=\"card-body p-4\">\n<h4 class=\"card-text textospictospeques\">Control cableado<\/h4>\n<\/div>\n<\/div>\n<\/div>\n<\/div>\n<\/div>\n<div class=\"row justify-content-md-center\">\n<div id=\"botonDescargarFicha\" class=\"vc_btn3-container vc_btn3-inline\"><a class=\"btn btn-light border rounded-4 botondescarga\" title=\"\" href=\"https:\/\/giatsu.com\/documentacion\/\/giatsu-fichas-tecnicas-multisplits-admira-plus-multi--espanol.pdf\" target=\"_blank\" rel=\"noopener\">Descargar ficha t\u00e9cnica<\/a><\/div>\n<\/div>\n<div class=\"row\">\n<hr \/>\n<div class=\"col text-center\"><a class=\"btn btn-light border rounded-4 botonDescargaManual botondescarga\" href=\"https:\/\/giatsu.com\/documentacion\/\/giatsu-manual-de-usuario-e-instalacion-multisplits-admira-plus-multi--multiidioma.pdf\" target=\"_blank\" rel=\"noopener\">Manual de usuario<\/a><\/div>\n<div class=\"col text-center\"><a class=\"btn btn-light border rounded-4 botonDescargaManual botondescarga\" href=\"https:\/\/giatsu.com\/documentacion\/\/giatsu-manual-de-usuario-e-instalacion-multisplits-admira-plus-multi--multiidioma.pdf\" target=\"_blank\" rel=\"noopener\">Manual de instalaci\u00f3n<\/a><\/div>\n<hr \/>\n<\/div>\n<\/div>","protected":false},"excerpt":{"rendered":"<p><strong>La Unidad Interior Multisplit Conducto Admira Plus<\/strong> destaca por su altura reducida, lo que la hace ideal para instalaciones con espacios reducidos.<\/p>\n<p>Adem\u00e1s de su tama\u00f1o compacto, esta unidad es ligera y f\u00e1cil de instalar. Simplifica el proceso de instalaci\u00f3n y ahorra tiempo y esfuerzo en el montaje.<\/p>\n<p>Una caracter\u00edstica destacada es la inclusi\u00f3n de wifi en el mando de pared. Esto permite controlar y gestionar la climatizaci\u00f3n de forma conveniente a trav\u00e9s de la conexi\u00f3n remota. Ajusta la temperatura y el modo de funcionamiento desde cualquier lugar de tu hogar u oficina.<\/p>\n<p>Esta unidad interior est\u00e1 dise\u00f1ada con los m\u00e1s altos est\u00e1ndares de calidad y durabilidad, asegurando un funcionamiento confiable y de larga duraci\u00f3n. Disfruta de un sistema de climatizaci\u00f3n eficiente y potente.<\/p>\n<p><strong>Caracter\u00edsticas principales:\u00a0<\/strong><\/p>\n<ul>\n<li><strong>wifi <\/strong>Incluido en toda la gama.<\/li>\n<li><strong>Modo instalaci\u00f3n Horizontal\/Vertical,<\/strong> en todos los modelos excepto para las potencias 2,6kW y 3,5KW.<\/li>\n<li><strong>Recubrimiento Golden Fin<\/strong> de la bater\u00eda.<\/li>\n<li><strong>Modo Turbo:<\/strong> el aire acondicionado maximiza la potencia de refrigeraci\u00f3n y calefacci\u00f3n.<\/li>\n<li><strong>Modo silencioso:<\/strong> la unidad interior reduce la velocidad de la ventilaci\u00f3n y apaga la luz de la pantalla.<\/li>\n<li><strong>Modo ECO.<\/strong><\/li>\n<li><strong>Compatible con AirZone y Koolnova.<\/strong><\/li>\n<\/ul>\n<p>Potencias disponibles: 2.6kW, 3.5kW, 5.2kW, 7.1kW<\/p>\n","protected":false},"featured_media":12213,"template":"","meta":{"_monsterinsights_skip_tracking":false,"_monsterinsights_sitenote_active":false,"_monsterinsights_sitenote_note":"","_monsterinsights_sitenote_category":0},"product_brand":[],"product_cat":[568,558],"product_tag":[672],"class_list":{"0":"post-11895","1":"product","2":"type-product","3":"status-publish","4":"has-post-thumbnail","6":"product_cat-multisplit","7":"product_cat-splits","8":"product_tag-split","10":"first","11":"instock","12":"shipping-taxable","13":"product-type-simple"},"yoast_head":"<!-- This site is optimized with the Yoast SEO plugin v27.4 - https:\/\/yoast.com\/product\/yoast-seo-wordpress\/ -->\n<title>Unidad Interior Multisplit Conducto Admira Plus<\/title>\n<meta name=\"description\" content=\"Destaca por su altura muy reducida, lo que la hace ideal para instalaciones con espacios reducido.\" \/>\n<meta name=\"robots\" content=\"index, follow, max-snippet:-1, max-image-preview:large, max-video-preview:-1\" \/>\n<link rel=\"canonical\" href=\"https:\/\/giatsu.com\/es\/splits\/multisplit\/conducto-admira-plus-multisplit\/\" \/>\n<meta property=\"og:locale\" content=\"es_ES\" \/>\n<meta property=\"og:type\" content=\"article\" \/>\n<meta property=\"og:title\" content=\"Unidad Interior Multisplit Conducto Admira Plus\" \/>\n<meta property=\"og:description\" content=\"Destaca por su altura muy reducida, lo que la hace ideal para instalaciones con espacios reducido.\" \/>\n<meta property=\"og:url\" content=\"https:\/\/giatsu.com\/es\/splits\/multisplit\/conducto-admira-plus-multisplit\/\" \/>\n<meta property=\"og:site_name\" content=\"GIATSU\" \/>\n<meta property=\"article:modified_time\" content=\"2025-07-16T06:32:00+00:00\" \/>\n<meta property=\"og:image\" content=\"https:\/\/giatsu.com\/wp-content\/uploads\/2024\/05\/multisplit-conductos-8db546.webp\" \/>\n\t<meta property=\"og:image:width\" content=\"500\" \/>\n\t<meta property=\"og:image:height\" content=\"500\" \/>\n\t<meta property=\"og:image:type\" content=\"image\/webp\" \/>\n<meta name=\"twitter:card\" content=\"summary_large_image\" \/>\n<meta name=\"twitter:label1\" content=\"Tiempo de lectura\" \/>\n\t<meta name=\"twitter:data1\" content=\"3 minutos\" \/>\n<script type=\"application\/ld+json\" class=\"yoast-schema-graph\">{\"@context\":\"https:\\\/\\\/schema.org\",\"@graph\":[{\"@type\":\"WebPage\",\"@id\":\"https:\\\/\\\/giatsu.com\\\/es\\\/splits\\\/multisplit\\\/conducto-admira-plus-multisplit\\\/\",\"url\":\"https:\\\/\\\/giatsu.com\\\/es\\\/splits\\\/multisplit\\\/conducto-admira-plus-multisplit\\\/\",\"name\":\"Unidad Interior Multisplit Conducto Admira Plus\",\"isPartOf\":{\"@id\":\"https:\\\/\\\/giatsu.com\\\/es\\\/#website\"},\"primaryImageOfPage\":{\"@id\":\"https:\\\/\\\/giatsu.com\\\/es\\\/splits\\\/multisplit\\\/conducto-admira-plus-multisplit\\\/#primaryimage\"},\"image\":{\"@id\":\"https:\\\/\\\/giatsu.com\\\/es\\\/splits\\\/multisplit\\\/conducto-admira-plus-multisplit\\\/#primaryimage\"},\"thumbnailUrl\":\"https:\\\/\\\/giatsu.com\\\/wp-content\\\/uploads\\\/2024\\\/05\\\/multisplit-conductos-8db546.webp\",\"datePublished\":\"2024-02-23T11:50:37+00:00\",\"dateModified\":\"2025-07-16T06:32:00+00:00\",\"description\":\"Destaca por su altura muy reducida, lo que la hace ideal para instalaciones con espacios reducido.\",\"breadcrumb\":{\"@id\":\"https:\\\/\\\/giatsu.com\\\/es\\\/splits\\\/multisplit\\\/conducto-admira-plus-multisplit\\\/#breadcrumb\"},\"inLanguage\":\"es\",\"potentialAction\":[{\"@type\":\"ReadAction\",\"target\":[\"https:\\\/\\\/giatsu.com\\\/es\\\/splits\\\/multisplit\\\/conducto-admira-plus-multisplit\\\/\"]}]},{\"@type\":\"ImageObject\",\"inLanguage\":\"es\",\"@id\":\"https:\\\/\\\/giatsu.com\\\/es\\\/splits\\\/multisplit\\\/conducto-admira-plus-multisplit\\\/#primaryimage\",\"url\":\"https:\\\/\\\/giatsu.com\\\/wp-content\\\/uploads\\\/2024\\\/05\\\/multisplit-conductos-8db546.webp\",\"contentUrl\":\"https:\\\/\\\/giatsu.com\\\/wp-content\\\/uploads\\\/2024\\\/05\\\/multisplit-conductos-8db546.webp\",\"width\":500,\"height\":500},{\"@type\":\"BreadcrumbList\",\"@id\":\"https:\\\/\\\/giatsu.com\\\/es\\\/splits\\\/multisplit\\\/conducto-admira-plus-multisplit\\\/#breadcrumb\",\"itemListElement\":[{\"@type\":\"ListItem\",\"position\":1,\"name\":\"Home\",\"item\":\"https:\\\/\\\/giatsu.com\\\/es\\\/\"},{\"@type\":\"ListItem\",\"position\":2,\"name\":\"PRODUCTOS\",\"item\":\"https:\\\/\\\/giatsu.com\\\/es\\\/productos\\\/\"},{\"@type\":\"ListItem\",\"position\":3,\"name\":\"CONDUCTO ADMIRA PLUS MULTISPLIT\"}]},{\"@type\":\"WebSite\",\"@id\":\"https:\\\/\\\/giatsu.com\\\/es\\\/#website\",\"url\":\"https:\\\/\\\/giatsu.com\\\/es\\\/\",\"name\":\"GIATSU\",\"description\":\"Quality Comfort Everywhere\",\"potentialAction\":[{\"@type\":\"SearchAction\",\"target\":{\"@type\":\"EntryPoint\",\"urlTemplate\":\"https:\\\/\\\/giatsu.com\\\/es\\\/?s={search_term_string}\"},\"query-input\":{\"@type\":\"PropertyValueSpecification\",\"valueRequired\":true,\"valueName\":\"search_term_string\"}}],\"inLanguage\":\"es\"}]}<\/script>\n<!-- \/ Yoast SEO plugin. -->","yoast_head_json":{"title":"Unidad Interior Multisplit Conducto Admira Plus","description":"Destaca por su altura muy reducida, lo que la hace ideal para instalaciones con espacios reducido.","robots":{"index":"index","follow":"follow","max-snippet":"max-snippet:-1","max-image-preview":"max-image-preview:large","max-video-preview":"max-video-preview:-1"},"canonical":"https:\/\/giatsu.com\/es\/splits\/multisplit\/conducto-admira-plus-multisplit\/","og_locale":"es_ES","og_type":"article","og_title":"Unidad Interior Multisplit Conducto Admira Plus","og_description":"Destaca por su altura muy reducida, lo que la hace ideal para instalaciones con espacios reducido.","og_url":"https:\/\/giatsu.com\/es\/splits\/multisplit\/conducto-admira-plus-multisplit\/","og_site_name":"GIATSU","article_modified_time":"2025-07-16T06:32:00+00:00","og_image":[{"width":500,"height":500,"url":"https:\/\/giatsu.com\/wp-content\/uploads\/2024\/05\/multisplit-conductos-8db546.webp","type":"image\/webp"}],"twitter_card":"summary_large_image","twitter_misc":{"Tiempo de lectura":"3 minutos"},"schema":{"@context":"https:\/\/schema.org","@graph":[{"@type":"WebPage","@id":"https:\/\/giatsu.com\/es\/splits\/multisplit\/conducto-admira-plus-multisplit\/","url":"https:\/\/giatsu.com\/es\/splits\/multisplit\/conducto-admira-plus-multisplit\/","name":"Unidad Interior Multisplit Conducto Admira Plus","isPartOf":{"@id":"https:\/\/giatsu.com\/es\/#website"},"primaryImageOfPage":{"@id":"https:\/\/giatsu.com\/es\/splits\/multisplit\/conducto-admira-plus-multisplit\/#primaryimage"},"image":{"@id":"https:\/\/giatsu.com\/es\/splits\/multisplit\/conducto-admira-plus-multisplit\/#primaryimage"},"thumbnailUrl":"https:\/\/giatsu.com\/wp-content\/uploads\/2024\/05\/multisplit-conductos-8db546.webp","datePublished":"2024-02-23T11:50:37+00:00","dateModified":"2025-07-16T06:32:00+00:00","description":"Destaca por su altura muy reducida, lo que la hace ideal para instalaciones con espacios reducido.","breadcrumb":{"@id":"https:\/\/giatsu.com\/es\/splits\/multisplit\/conducto-admira-plus-multisplit\/#breadcrumb"},"inLanguage":"es","potentialAction":[{"@type":"ReadAction","target":["https:\/\/giatsu.com\/es\/splits\/multisplit\/conducto-admira-plus-multisplit\/"]}]},{"@type":"ImageObject","inLanguage":"es","@id":"https:\/\/giatsu.com\/es\/splits\/multisplit\/conducto-admira-plus-multisplit\/#primaryimage","url":"https:\/\/giatsu.com\/wp-content\/uploads\/2024\/05\/multisplit-conductos-8db546.webp","contentUrl":"https:\/\/giatsu.com\/wp-content\/uploads\/2024\/05\/multisplit-conductos-8db546.webp","width":500,"height":500},{"@type":"BreadcrumbList","@id":"https:\/\/giatsu.com\/es\/splits\/multisplit\/conducto-admira-plus-multisplit\/#breadcrumb","itemListElement":[{"@type":"ListItem","position":1,"name":"Home","item":"https:\/\/giatsu.com\/es\/"},{"@type":"ListItem","position":2,"name":"PRODUCTOS","item":"https:\/\/giatsu.com\/es\/productos\/"},{"@type":"ListItem","position":3,"name":"CONDUCTO ADMIRA PLUS MULTISPLIT"}]},{"@type":"WebSite","@id":"https:\/\/giatsu.com\/es\/#website","url":"https:\/\/giatsu.com\/es\/","name":"GIATSU","description":"Quality Comfort Everywhere","potentialAction":[{"@type":"SearchAction","target":{"@type":"EntryPoint","urlTemplate":"https:\/\/giatsu.com\/es\/?s={search_term_string}"},"query-input":{"@type":"PropertyValueSpecification","valueRequired":true,"valueName":"search_term_string"}}],"inLanguage":"es"}]}},"_links":{"self":[{"href":"https:\/\/giatsu.com\/es\/wp-json\/wp\/v2\/product\/11895","targetHints":{"allow":["GET"]}}],"collection":[{"href":"https:\/\/giatsu.com\/es\/wp-json\/wp\/v2\/product"}],"about":[{"href":"https:\/\/giatsu.com\/es\/wp-json\/wp\/v2\/types\/product"}],"wp:featuredmedia":[{"embeddable":true,"href":"https:\/\/giatsu.com\/es\/wp-json\/wp\/v2\/media\/12213"}],"wp:attachment":[{"href":"https:\/\/giatsu.com\/es\/wp-json\/wp\/v2\/media?parent=11895"}],"wp:term":[{"taxonomy":"product_brand","embeddable":true,"href":"https:\/\/giatsu.com\/es\/wp-json\/wp\/v2\/product_brand?post=11895"},{"taxonomy":"product_cat","embeddable":true,"href":"https:\/\/giatsu.com\/es\/wp-json\/wp\/v2\/product_cat?post=11895"},{"taxonomy":"product_tag","embeddable":true,"href":"https:\/\/giatsu.com\/es\/wp-json\/wp\/v2\/product_tag?post=11895"}],"curies":[{"name":"wp","href":"https:\/\/api.w.org\/{rel}","templated":true}]}}