{"id":11892,"date":"2024-02-23T11:50:33","date_gmt":"2024-02-23T11:50:33","guid":{"rendered":"https:\/\/giatsu.com\/?post_type=product&#038;p=11892"},"modified":"2025-07-03T11:18:30","modified_gmt":"2025-07-03T11:18:30","slug":"fancoil-suelo-techo-sin-carcasa","status":"publish","type":"product","link":"https:\/\/giatsu.com\/es\/aerotermia\/fancoils\/suelo-techo-fancoils\/fancoil-suelo-techo-sin-carcasa\/","title":{"rendered":"FANCOIL SUELO TECHO SIN CARCASA"},"content":{"rendered":"<div class=\"wpb-content-wrapper\"><div class=\"container mb-1 moduloprincipalespictos\">\n<h2 class=\"text-center tituloprincipales\">Caracter\u00edsticas principales<\/h2>\n<div class=\"row row-cols-1 row-cols-md-2 row-cols-xl-3\">\n<div class=\"col-xs-6 col-md-3 order-last\">\n<div class=\"card\">\n                            <img decoding=\"async\" class=\"card-img-top w-100 d-block fit-cover pictoprincipalgrande\" src=\"https:\/\/giatsu.com\/wp-content\/uploads\/2025\/07\/motor-ac-292cb6.webp\" \/><\/p>\n<div class=\"card-body p-4\">\n<h3 class=\"font-weight-bold card-title\">Ventilador AC<\/h3>\n<p class=\"card-text\">Garantiza un funcionamiento silencioso, una eficiencia energ\u00c3\u00a9tica superior y un control preciso del caudal de aire.<\/p>\n<\/p><\/div><\/div><\/div>\n<div class=\"col-xs-6 col-md-3 order-last\">\n<div class=\"card\">\n                            <img decoding=\"async\" class=\"card-img-top w-100 d-block fit-cover pictoprincipalgrande\" src=\"https:\/\/giatsu.com\/wp-content\/uploads\/2025\/06\/filtro-extraible-df35be.webp\" \/><\/p>\n<div class=\"card-body p-4\">\n<h3 class=\"font-weight-bold card-title\">Filtro extra\u00edble<\/h3>\n<p class=\"card-text\">El filtro se extrae con facilidad para su cambio o limpieza.<\/p>\n<\/p><\/div><\/div><\/div>\n<div class=\"col-xs-6 col-md-3 order-last\">\n<div class=\"card\">\n                            <img decoding=\"async\" class=\"card-img-top w-100 d-block fit-cover pictoprincipalgrande\" src=\"https:\/\/giatsu.com\/wp-content\/uploads\/2023\/08\/mutliposicion-734a7d.webp\" \/><\/p>\n<div class=\"card-body p-4\">\n<h3 class=\"font-weight-bold card-title\">Multiposici\u00f3n<\/h3>\n<p class=\"card-text\">Cuenta con doble posici\u00f3n, vertical y horizontal, con gran estabilidad en ambas posiciones. <\/p>\n<\/p><\/div><\/div><\/div><\/div><\/div>\n<hr>\n<p>        [vc_row mobile_bg_img_hidden=\u00bbno\u00bb tablet_bg_img_hidden=\u00bbno\u00bb woodmart_parallax=\u00bb0&#8243; woodmart_gradient_switch=\u00bbno\u00bb row_reverse_mobile=\u00bb0&#8243; row_reverse_tablet=\u00bb0&#8243; woodmart_disable_overflow=\u00bb0&#8243; el_class=\u00bbfilaImgCaracteristica\u00bb][vc_column mobile_bg_img_hidden=\u00bbno\u00bb tablet_bg_img_hidden=\u00bbno\u00bb woodmart_parallax=\u00bb0&#8243; woodmart_sticky_column=\u00bbfalse\u00bb parallax_scroll=\u00bbno\u00bb mobile_reset_margin=\u00bbno\u00bb tablet_reset_margin=\u00bbno\u00bb]<\/p>\n<div class=\"container mb-1\">\n<h3 class=\"text-center\">Informaci\u00f3n t\u00e9cnica<\/h3>\n<div class=\"row row-cols-1 row-cols-md-2 row-cols-xl-3 justify-content-md-center\">\n<div class=\"col-xs-1 col-md-1\">\n<div class=\"card\">\n                            <img decoding=\"async\" class=\"card-img-top w-100 d-block fit-cover pictoprincipalgrande\" src=\"https:\/\/giatsu.com\/wp-content\/uploads\/2025\/06\/valvula-3-vias-opcional-c67145.webp\" \/><\/p>\n<div class=\"card-body p-4\">\n<h4 class=\"card-text textospictospeques\">V\u00e1lvula 3 v\u00edas opcional<\/h4>\n<\/p><\/div><\/div><\/div>\n<div class=\"col-xs-1 col-md-1\">\n<div class=\"card\">\n                            <img decoding=\"async\" class=\"card-img-top w-100 d-block fit-cover pictoprincipalgrande\" src=\"https:\/\/giatsu.com\/wp-content\/uploads\/2025\/03\/control-cableado-opcional-0b114a.webp\" \/><\/p>\n<div class=\"card-body p-4\">\n<h4 class=\"card-text textospictospeques\">Control cableado opcional<\/h4>\n<\/p><\/div><\/div><\/div>\n<div class=\"col-xs-1 col-md-1\">\n<div class=\"card\">\n                            <img decoding=\"async\" class=\"card-img-top w-100 d-block fit-cover pictoprincipalgrande\" src=\"https:\/\/giatsu.com\/wp-content\/uploads\/2025\/06\/2-tubos-4b7d02.webp\" \/><\/p>\n<div class=\"card-body p-4\">\n<h4 class=\"card-text textospictospeques\">2 tubos<\/h4>\n<\/p><\/div><\/div><\/div>\n<div class=\"col-xs-1 col-md-1\">\n<div class=\"card\">\n                            <img decoding=\"async\" class=\"card-img-top w-100 d-block fit-cover pictoprincipalgrande\" src=\"https:\/\/giatsu.com\/wp-content\/uploads\/2023\/08\/toma-de-aire-fresco-aec453.webp\" \/><\/p>\n<div class=\"card-body p-4\">\n<h4 class=\"card-text textospictospeques\">Toma de aire fresco<\/h4>\n<\/p><\/div><\/div><\/div>\n<div class=\"col-xs-1 col-md-1\">\n<div class=\"card\">\n                            <img decoding=\"async\" class=\"card-img-top w-100 d-block fit-cover pictoprincipalgrande\" src=\"https:\/\/giatsu.com\/wp-content\/uploads\/2024\/06\/facil_instalacion_mantenimiento-49c01b.webp\" \/><\/p>\n<div class=\"card-body p-4\">\n<h4 class=\"card-text textospictospeques\">F\u00e1cil instalaci\u00f3n mantenimiento<\/h4>\n<\/p><\/div><\/div><\/div><\/div><\/div>\n<div class=\"row justify-content-md-center\">\n<div class=\"vc_btn3-container vc_btn3-inline\" id=\"botonDescargarFicha\">\n                        <a target=\"_blank\" class=\"btn btn-light border rounded-4 botondescarga\" href=\"https:\/\/giatsu.com\/documentacion\/\/giatsu-fichas-tecnicas-fancoils-fan-coils-suelo-techo-con-carcasa-2-espanol.pdf\" title=\"\">Descargar ficha t\u00e9cnica<\/a>\n                 <\/div><\/div>\n<div class=\"row\">\n<hr>\n<div class=\"col text-center\"><a target=\"_blank\" href=\"https:\/\/giatsu.com\/documentacion\/\/giatsu-manual-de-usuario-e-instalacion-fancoils-fan-coils-suelo-techo-sin-carcasa-2-multiidioma.pdf\" class=\"btn btn-light border rounded-4 botonDescargaManual botondescarga\">Manual de usuario<\/a><\/div>\n<div class=\"col text-center\"><a target=\"_blank\" href=\"https:\/\/giatsu.com\/documentacion\/\/giatsu-manual-de-usuario-e-instalacion-fancoils-fan-coils-suelo-techo-sin-carcasa-2-multiidioma.pdf\" class=\"btn btn-light border rounded-4 botonDescargaManual botondescarga\">Manual de instalaci\u00f3n<\/a><\/div>\n<hr>\n<\/div>\n<\/div>","protected":false},"excerpt":{"rendered":"<p>Descubre la innovaci&oacute;n sin l&iacute;mites con el<strong> Fancoil Suelo-Techo sin Carcasa de Giatsu<\/strong>, una soluci&oacute;n creada para ofrecer el m&aacute;ximo rendimiento con un dise&ntilde;o discreto y adaptable a cualquier entorno.<\/p>\n<p><strong>Principales caracter&iacute;sticas:<\/strong><\/p>\n<ul>\n<li>Equipado con un <strong>motor AC<\/strong>, este modelo garantiza un funcionamiento silencioso, una eficiencia energ&eacute;tica superior y un control preciso del caudal de aire.<\/li>\n<li>Su <strong>dise&ntilde;o multiposici&oacute;n<\/strong> permite una instalaci&oacute;n flexible tanto en techo como en suelo, adapt&aacute;ndose a las necesidades espec&iacute;ficas de cada espacio.<\/li>\n<li><strong>Incorpora un filtro extra&iacute;ble<\/strong>, pensado para facilitar el mantenimiento y la instalaci&oacute;n,&nbsp;y una estructura que permite una instalaci&oacute;n r&aacute;pida y sencilla.<\/li>\n<li><strong>Ofrece la posibilidad de toma de aire fresco<\/strong>, mejorando la calidad del aire interior y aportando mayor confort.<\/li>\n<li>Permite integrar un <strong>control cableado opcional<\/strong>, as&iacute; como una <strong>v&aacute;lvula de 3 v&iacute;as opcional<\/strong>.<\/li>\n<li>Est&aacute; dise&ntilde;ado para <strong>sistemas de 2 tubos<\/strong>, lo que lo convierte en una opci&oacute;n eficiente y funcional para aplicaciones residenciales y comerciales.<\/li>\n<\/ul>\n<p><strong>Potencias disponibles: <\/strong>2,7 kW &#8211; 3,6 kW &#8211; 4,5 kW &#8211; 5,4 kW &#8211; 7,2 kW &#8211; 9,0 kW &#8211; 10,8 kW &#8211; 12,6 kW<\/p>\n<p class=\"MsoNormal\"><span style=\"font-family: ''Helvetica'',sans-serif;color: black\">Disponible tambi&eacute;n en DC Inverter hasta agotar existencias.<\/span><\/p>\n<div class='pictosvoz'><\/div>\n","protected":false},"featured_media":13692,"template":"","meta":{"_monsterinsights_skip_tracking":false,"_monsterinsights_sitenote_active":false,"_monsterinsights_sitenote_note":"","_monsterinsights_sitenote_category":0},"product_brand":[],"product_cat":[560,895,900],"product_tag":[687],"class_list":{"0":"post-11892","1":"product","2":"type-product","3":"status-publish","4":"has-post-thumbnail","6":"product_cat-aerotermia","7":"product_cat-fancoils","8":"product_cat-suelo-techo-fancoils","9":"product_tag-aerotermia","11":"first","12":"instock","13":"shipping-taxable","14":"product-type-simple"},"yoast_head":"<!-- This site is optimized with the Yoast SEO plugin v27.4 - https:\/\/yoast.com\/product\/yoast-seo-wordpress\/ -->\n<title>Fancoil Suelo Techo sin carcasa<\/title>\n<meta name=\"description\" content=\"Su dise\u00f1o multiposici\u00f3n permite una instalaci\u00f3n flexible tanto en techo como en suelo, adapt\u00e1ndose a las necesidades espec\u00edficas de cada espacio.\" \/>\n<meta name=\"robots\" content=\"index, follow, max-snippet:-1, max-image-preview:large, max-video-preview:-1\" \/>\n<link rel=\"canonical\" href=\"https:\/\/giatsu.com\/es\/aerotermia\/fancoils\/suelo-techo-fancoils\/fancoil-suelo-techo-sin-carcasa\/\" \/>\n<meta property=\"og:locale\" content=\"es_ES\" \/>\n<meta property=\"og:type\" content=\"article\" \/>\n<meta property=\"og:title\" content=\"Fancoil Suelo Techo sin carcasa\" \/>\n<meta property=\"og:description\" content=\"Su dise\u00f1o multiposici\u00f3n permite una instalaci\u00f3n flexible tanto en techo como en suelo, adapt\u00e1ndose a las necesidades espec\u00edficas de cada espacio.\" \/>\n<meta property=\"og:url\" content=\"https:\/\/giatsu.com\/es\/aerotermia\/fancoils\/suelo-techo-fancoils\/fancoil-suelo-techo-sin-carcasa\/\" \/>\n<meta property=\"og:site_name\" content=\"GIATSU\" \/>\n<meta property=\"article:modified_time\" content=\"2025-07-03T11:18:30+00:00\" \/>\n<meta property=\"og:image\" content=\"https:\/\/giatsu.com\/wp-content\/uploads\/2025\/06\/suelo-techo-sin-carcasa-6b0547.webp\" \/>\n\t<meta property=\"og:image:width\" content=\"1500\" \/>\n\t<meta property=\"og:image:height\" content=\"1500\" \/>\n\t<meta property=\"og:image:type\" content=\"image\/webp\" \/>\n<meta name=\"twitter:card\" content=\"summary_large_image\" \/>\n<meta name=\"twitter:label1\" content=\"Tiempo de lectura\" \/>\n\t<meta name=\"twitter:data1\" content=\"1 minuto\" \/>\n<script type=\"application\/ld+json\" class=\"yoast-schema-graph\">{\"@context\":\"https:\\\/\\\/schema.org\",\"@graph\":[{\"@type\":\"WebPage\",\"@id\":\"https:\\\/\\\/giatsu.com\\\/es\\\/aerotermia\\\/fancoils\\\/suelo-techo-fancoils\\\/fancoil-suelo-techo-sin-carcasa\\\/\",\"url\":\"https:\\\/\\\/giatsu.com\\\/es\\\/aerotermia\\\/fancoils\\\/suelo-techo-fancoils\\\/fancoil-suelo-techo-sin-carcasa\\\/\",\"name\":\"Fancoil Suelo Techo sin carcasa\",\"isPartOf\":{\"@id\":\"https:\\\/\\\/giatsu.com\\\/es\\\/#website\"},\"primaryImageOfPage\":{\"@id\":\"https:\\\/\\\/giatsu.com\\\/es\\\/aerotermia\\\/fancoils\\\/suelo-techo-fancoils\\\/fancoil-suelo-techo-sin-carcasa\\\/#primaryimage\"},\"image\":{\"@id\":\"https:\\\/\\\/giatsu.com\\\/es\\\/aerotermia\\\/fancoils\\\/suelo-techo-fancoils\\\/fancoil-suelo-techo-sin-carcasa\\\/#primaryimage\"},\"thumbnailUrl\":\"https:\\\/\\\/giatsu.com\\\/wp-content\\\/uploads\\\/2025\\\/06\\\/suelo-techo-sin-carcasa-6b0547.webp\",\"datePublished\":\"2024-02-23T11:50:33+00:00\",\"dateModified\":\"2025-07-03T11:18:30+00:00\",\"description\":\"Su dise\u00f1o multiposici\u00f3n permite una instalaci\u00f3n flexible tanto en techo como en suelo, adapt\u00e1ndose a las necesidades espec\u00edficas de cada espacio.\",\"breadcrumb\":{\"@id\":\"https:\\\/\\\/giatsu.com\\\/es\\\/aerotermia\\\/fancoils\\\/suelo-techo-fancoils\\\/fancoil-suelo-techo-sin-carcasa\\\/#breadcrumb\"},\"inLanguage\":\"es\",\"potentialAction\":[{\"@type\":\"ReadAction\",\"target\":[\"https:\\\/\\\/giatsu.com\\\/es\\\/aerotermia\\\/fancoils\\\/suelo-techo-fancoils\\\/fancoil-suelo-techo-sin-carcasa\\\/\"]}]},{\"@type\":\"ImageObject\",\"inLanguage\":\"es\",\"@id\":\"https:\\\/\\\/giatsu.com\\\/es\\\/aerotermia\\\/fancoils\\\/suelo-techo-fancoils\\\/fancoil-suelo-techo-sin-carcasa\\\/#primaryimage\",\"url\":\"https:\\\/\\\/giatsu.com\\\/wp-content\\\/uploads\\\/2025\\\/06\\\/suelo-techo-sin-carcasa-6b0547.webp\",\"contentUrl\":\"https:\\\/\\\/giatsu.com\\\/wp-content\\\/uploads\\\/2025\\\/06\\\/suelo-techo-sin-carcasa-6b0547.webp\",\"width\":1500,\"height\":1500},{\"@type\":\"BreadcrumbList\",\"@id\":\"https:\\\/\\\/giatsu.com\\\/es\\\/aerotermia\\\/fancoils\\\/suelo-techo-fancoils\\\/fancoil-suelo-techo-sin-carcasa\\\/#breadcrumb\",\"itemListElement\":[{\"@type\":\"ListItem\",\"position\":1,\"name\":\"Home\",\"item\":\"https:\\\/\\\/giatsu.com\\\/es\\\/\"},{\"@type\":\"ListItem\",\"position\":2,\"name\":\"PRODUCTOS\",\"item\":\"https:\\\/\\\/giatsu.com\\\/es\\\/productos\\\/\"},{\"@type\":\"ListItem\",\"position\":3,\"name\":\"FANCOIL SUELO TECHO SIN CARCASA\"}]},{\"@type\":\"WebSite\",\"@id\":\"https:\\\/\\\/giatsu.com\\\/es\\\/#website\",\"url\":\"https:\\\/\\\/giatsu.com\\\/es\\\/\",\"name\":\"GIATSU\",\"description\":\"Quality Comfort Everywhere\",\"potentialAction\":[{\"@type\":\"SearchAction\",\"target\":{\"@type\":\"EntryPoint\",\"urlTemplate\":\"https:\\\/\\\/giatsu.com\\\/es\\\/?s={search_term_string}\"},\"query-input\":{\"@type\":\"PropertyValueSpecification\",\"valueRequired\":true,\"valueName\":\"search_term_string\"}}],\"inLanguage\":\"es\"}]}<\/script>\n<!-- \/ Yoast SEO plugin. -->","yoast_head_json":{"title":"Fancoil Suelo Techo sin carcasa","description":"Su dise\u00f1o multiposici\u00f3n permite una instalaci\u00f3n flexible tanto en techo como en suelo, adapt\u00e1ndose a las necesidades espec\u00edficas de cada espacio.","robots":{"index":"index","follow":"follow","max-snippet":"max-snippet:-1","max-image-preview":"max-image-preview:large","max-video-preview":"max-video-preview:-1"},"canonical":"https:\/\/giatsu.com\/es\/aerotermia\/fancoils\/suelo-techo-fancoils\/fancoil-suelo-techo-sin-carcasa\/","og_locale":"es_ES","og_type":"article","og_title":"Fancoil Suelo Techo sin carcasa","og_description":"Su dise\u00f1o multiposici\u00f3n permite una instalaci\u00f3n flexible tanto en techo como en suelo, adapt\u00e1ndose a las necesidades espec\u00edficas de cada espacio.","og_url":"https:\/\/giatsu.com\/es\/aerotermia\/fancoils\/suelo-techo-fancoils\/fancoil-suelo-techo-sin-carcasa\/","og_site_name":"GIATSU","article_modified_time":"2025-07-03T11:18:30+00:00","og_image":[{"width":1500,"height":1500,"url":"https:\/\/giatsu.com\/wp-content\/uploads\/2025\/06\/suelo-techo-sin-carcasa-6b0547.webp","type":"image\/webp"}],"twitter_card":"summary_large_image","twitter_misc":{"Tiempo de lectura":"1 minuto"},"schema":{"@context":"https:\/\/schema.org","@graph":[{"@type":"WebPage","@id":"https:\/\/giatsu.com\/es\/aerotermia\/fancoils\/suelo-techo-fancoils\/fancoil-suelo-techo-sin-carcasa\/","url":"https:\/\/giatsu.com\/es\/aerotermia\/fancoils\/suelo-techo-fancoils\/fancoil-suelo-techo-sin-carcasa\/","name":"Fancoil Suelo Techo sin carcasa","isPartOf":{"@id":"https:\/\/giatsu.com\/es\/#website"},"primaryImageOfPage":{"@id":"https:\/\/giatsu.com\/es\/aerotermia\/fancoils\/suelo-techo-fancoils\/fancoil-suelo-techo-sin-carcasa\/#primaryimage"},"image":{"@id":"https:\/\/giatsu.com\/es\/aerotermia\/fancoils\/suelo-techo-fancoils\/fancoil-suelo-techo-sin-carcasa\/#primaryimage"},"thumbnailUrl":"https:\/\/giatsu.com\/wp-content\/uploads\/2025\/06\/suelo-techo-sin-carcasa-6b0547.webp","datePublished":"2024-02-23T11:50:33+00:00","dateModified":"2025-07-03T11:18:30+00:00","description":"Su dise\u00f1o multiposici\u00f3n permite una instalaci\u00f3n flexible tanto en techo como en suelo, adapt\u00e1ndose a las necesidades espec\u00edficas de cada espacio.","breadcrumb":{"@id":"https:\/\/giatsu.com\/es\/aerotermia\/fancoils\/suelo-techo-fancoils\/fancoil-suelo-techo-sin-carcasa\/#breadcrumb"},"inLanguage":"es","potentialAction":[{"@type":"ReadAction","target":["https:\/\/giatsu.com\/es\/aerotermia\/fancoils\/suelo-techo-fancoils\/fancoil-suelo-techo-sin-carcasa\/"]}]},{"@type":"ImageObject","inLanguage":"es","@id":"https:\/\/giatsu.com\/es\/aerotermia\/fancoils\/suelo-techo-fancoils\/fancoil-suelo-techo-sin-carcasa\/#primaryimage","url":"https:\/\/giatsu.com\/wp-content\/uploads\/2025\/06\/suelo-techo-sin-carcasa-6b0547.webp","contentUrl":"https:\/\/giatsu.com\/wp-content\/uploads\/2025\/06\/suelo-techo-sin-carcasa-6b0547.webp","width":1500,"height":1500},{"@type":"BreadcrumbList","@id":"https:\/\/giatsu.com\/es\/aerotermia\/fancoils\/suelo-techo-fancoils\/fancoil-suelo-techo-sin-carcasa\/#breadcrumb","itemListElement":[{"@type":"ListItem","position":1,"name":"Home","item":"https:\/\/giatsu.com\/es\/"},{"@type":"ListItem","position":2,"name":"PRODUCTOS","item":"https:\/\/giatsu.com\/es\/productos\/"},{"@type":"ListItem","position":3,"name":"FANCOIL SUELO TECHO SIN CARCASA"}]},{"@type":"WebSite","@id":"https:\/\/giatsu.com\/es\/#website","url":"https:\/\/giatsu.com\/es\/","name":"GIATSU","description":"Quality Comfort Everywhere","potentialAction":[{"@type":"SearchAction","target":{"@type":"EntryPoint","urlTemplate":"https:\/\/giatsu.com\/es\/?s={search_term_string}"},"query-input":{"@type":"PropertyValueSpecification","valueRequired":true,"valueName":"search_term_string"}}],"inLanguage":"es"}]}},"_links":{"self":[{"href":"https:\/\/giatsu.com\/es\/wp-json\/wp\/v2\/product\/11892","targetHints":{"allow":["GET"]}}],"collection":[{"href":"https:\/\/giatsu.com\/es\/wp-json\/wp\/v2\/product"}],"about":[{"href":"https:\/\/giatsu.com\/es\/wp-json\/wp\/v2\/types\/product"}],"wp:featuredmedia":[{"embeddable":true,"href":"https:\/\/giatsu.com\/es\/wp-json\/wp\/v2\/media\/13692"}],"wp:attachment":[{"href":"https:\/\/giatsu.com\/es\/wp-json\/wp\/v2\/media?parent=11892"}],"wp:term":[{"taxonomy":"product_brand","embeddable":true,"href":"https:\/\/giatsu.com\/es\/wp-json\/wp\/v2\/product_brand?post=11892"},{"taxonomy":"product_cat","embeddable":true,"href":"https:\/\/giatsu.com\/es\/wp-json\/wp\/v2\/product_cat?post=11892"},{"taxonomy":"product_tag","embeddable":true,"href":"https:\/\/giatsu.com\/es\/wp-json\/wp\/v2\/product_tag?post=11892"}],"curies":[{"name":"wp","href":"https:\/\/api.w.org\/{rel}","templated":true}]}}