{"id":11887,"date":"2024-02-23T11:50:27","date_gmt":"2024-02-23T11:50:27","guid":{"rendered":"https:\/\/giatsu.com\/?post_type=product&#038;p=11887"},"modified":"2025-07-03T10:22:04","modified_gmt":"2025-07-03T10:22:04","slug":"fan-coils-cassette-4-vias-90x90-dc","status":"publish","type":"product","link":"https:\/\/giatsu.com\/es\/aerotermia\/fancoils\/cassettes-fancoils\/fan-coils-cassette-4-vias-90x90-dc\/","title":{"rendered":"FANCOILS CASSETTE 2 TUBOS MKA"},"content":{"rendered":"<div class=\"wpb-content-wrapper\"><div class=\"container mb-1 moduloprincipalespictos\">\n<h2 class=\"text-center tituloprincipales\">Caracter\u00edsticas principales<\/h2>\n<div class=\"row row-cols-1 row-cols-md-2 row-cols-xl-3\">\n<div class=\"col-xs-6 col-md-3 order-last\">\n<div class=\"card\">\n                            <img decoding=\"async\" class=\"card-img-top w-100 d-block fit-cover pictoprincipalgrande\" src=\"https:\/\/giatsu.com\/wp-content\/uploads\/2023\/08\/diseno_compacto-a5c2f3.webp\" \/><\/p>\n<div class=\"card-body p-4\">\n<h3 class=\"font-weight-bold card-title\">Dise\u00f1o compacto<\/h3>\n<p class=\"card-text\">Ahorra espacio gracias a su dise\u00f1o y tama\u00f1o compacto, ideal para usar en ba\u00f1os, oficinas y habitaciones <\/p>\n<\/p><\/div><\/div><\/div>\n<div class=\"col-xs-6 col-md-3 order-last\">\n<div class=\"card\">\n                            <img decoding=\"async\" class=\"card-img-top w-100 d-block fit-cover pictoprincipalgrande\" src=\"https:\/\/giatsu.com\/wp-content\/uploads\/2023\/06\/tecnologia_inverter-495dd8.webp\" \/><\/p>\n<div class=\"card-body p-4\">\n<h3 class=\"font-weight-bold card-title\">Tecnolog\u00eda inverter<\/h3>\n<p class=\"card-text\">Al trabajar el compresor de forma continua se consigue un ahorro de hasta el 50% de energ\u00eda con respecto a equipos convencionales.<\/p>\n<\/p><\/div><\/div><\/div>\n<div class=\"col-xs-6 col-md-3 order-last\">\n<div class=\"card\">\n                            <img decoding=\"async\" class=\"card-img-top w-100 d-block fit-cover pictoprincipalgrande\" src=\"https:\/\/giatsu.com\/wp-content\/uploads\/2025\/03\/aire-360-dbe5d7.webp\" \/><\/p>\n<div class=\"card-body p-4\">\n<h3 class=\"font-weight-bold card-title\">Aire 360\u00ba<\/h3>\n<p class=\"card-text\">El panel es capaz de difundir un flujo de aire a 360 grados ofreciendo el m\u00e1ximo confort.<\/p>\n<\/p><\/div><\/div><\/div>\n<div class=\"col-xs-6 col-md-3 order-last\">\n<div class=\"card\">\n                            <img decoding=\"async\" class=\"card-img-top w-100 d-block fit-cover pictoprincipalgrande\" src=\"https:\/\/giatsu.com\/wp-content\/uploads\/2023\/08\/numero-de-salidas-de-aire-1db1c1.webp\" \/><\/p>\n<div class=\"card-body p-4\">\n<h3 class=\"font-weight-bold card-title\">N\u00famero de salidas de aire<\/h3>\n<p class=\"card-text\">El n\u00famero de salidas de aire favorece una mayor distribuci\u00f3n del aire.<\/p>\n<\/p><\/div><\/div><\/div><\/div><\/div>\n<hr>\n<p>        [vc_row mobile_bg_img_hidden=\u00bbno\u00bb tablet_bg_img_hidden=\u00bbno\u00bb woodmart_parallax=\u00bb0&#8243; woodmart_gradient_switch=\u00bbno\u00bb row_reverse_mobile=\u00bb0&#8243; row_reverse_tablet=\u00bb0&#8243; woodmart_disable_overflow=\u00bb0&#8243; el_class=\u00bbfilaImgCaracteristica\u00bb][vc_column mobile_bg_img_hidden=\u00bbno\u00bb tablet_bg_img_hidden=\u00bbno\u00bb woodmart_parallax=\u00bb0&#8243; woodmart_sticky_column=\u00bbfalse\u00bb parallax_scroll=\u00bbno\u00bb mobile_reset_margin=\u00bbno\u00bb tablet_reset_margin=\u00bbno\u00bb]<\/p>\n<div class=\"container mb-1\">\n<h3 class=\"text-center\">Informaci\u00f3n t\u00e9cnica<\/h3>\n<div class=\"row row-cols-1 row-cols-md-2 row-cols-xl-3 justify-content-md-center\">\n<div class=\"col-xs-1 col-md-1\">\n<div class=\"card\">\n                            <img decoding=\"async\" class=\"card-img-top w-100 d-block fit-cover pictoprincipalgrande\" src=\"https:\/\/giatsu.com\/wp-content\/uploads\/2025\/06\/2-tubos-4b7d02.webp\" \/><\/p>\n<div class=\"card-body p-4\">\n<h4 class=\"card-text textospictospeques\">2 tubos<\/h4>\n<\/p><\/div><\/div><\/div>\n<div class=\"col-xs-1 col-md-1\">\n<div class=\"card\">\n                            <img decoding=\"async\" class=\"card-img-top w-100 d-block fit-cover pictoprincipalgrande\" src=\"https:\/\/giatsu.com\/wp-content\/uploads\/2025\/07\/panel_desmontable-6adfb6.webp\" \/><\/p>\n<div class=\"card-body p-4\">\n<h4 class=\"card-text textospictospeques\">Panel desmontable<\/h4>\n<\/p><\/div><\/div><\/div>\n<div class=\"col-xs-1 col-md-1\">\n<div class=\"card\">\n                            <img decoding=\"async\" class=\"card-img-top w-100 d-block fit-cover pictoprincipalgrande\" src=\"https:\/\/giatsu.com\/wp-content\/uploads\/2023\/08\/entrada_de_aire_fresco-6c617e.webp\" \/><\/p>\n<div class=\"card-body p-4\">\n<h4 class=\"card-text textospictospeques\">Entrada de aire fresco<\/h4>\n<\/p><\/div><\/div><\/div>\n<div class=\"col-xs-1 col-md-1\">\n<div class=\"card\">\n                            <img decoding=\"async\" class=\"card-img-top w-100 d-block fit-cover pictoprincipalgrande\" src=\"https:\/\/giatsu.com\/wp-content\/uploads\/2023\/08\/bomba_de_condensados-426dd1.webp\" \/><\/p>\n<div class=\"card-body p-4\">\n<h4 class=\"card-text textospictospeques\">Bomba de condensados<\/h4>\n<\/p><\/div><\/div><\/div><\/div><\/div>\n<div class=\"row justify-content-md-center\">\n<div class=\"vc_btn3-container vc_btn3-inline\" id=\"botonDescargarFicha\">\n                        <a target=\"_blank\" class=\"btn btn-light border rounded-4 botondescarga\" href=\"https:\/\/giatsu.com\/documentacion\/\/giatsu-fichas-tecnicas-fancoils-fan-coils-cassette-4-vias-.pdf\" title=\"\">Descargar ficha t\u00e9cnica<\/a>\n                 <\/div><\/div>\n<div class=\"row\">\n<hr>\n<div class=\"col text-center\"><a target=\"_blank\" href=\"https:\/\/giatsu.com\/documentacion\/\/giatsu-manual-de-usuario-fancoils-fan-coils-cassette-4-vias-multiidioma.pdf\" class=\"btn btn-light border rounded-4 botonDescargaManual botondescarga\">Manual de usuario<\/a><\/div>\n<div class=\"col text-center\"><a target=\"_blank\" href=\"https:\/\/giatsu.com\/documentacion\/\/giatsu-manual-de-instalacion-fancoils-fan-coils-cassette-4-vias-multiidioma.pdf\" class=\"btn btn-light border rounded-4 botonDescargaManual botondescarga\">Manual de instalaci\u00f3n<\/a><\/div>\n<hr>\n<\/div>\n<\/div>","protected":false},"excerpt":{"rendered":"<p>Descubre el m&aacute;ximo confort y rendimiento con el <strong>Cassette Fancoil de Giatsu<\/strong>, una soluci&oacute;n ideal para climatizar espacios de forma eficiente, uniforme y sin complicaciones.<\/p>\n<p><strong>Caracter&iacute;sticas principales:<\/strong><\/p>\n<ul>\n<li>Dise&ntilde;o de&nbsp;<strong>flujo de aire 360&deg; y 4 salidas de aire&nbsp;<\/strong>que<strong>&nbsp;<\/strong>garantizan una distribuci&oacute;n homog&eacute;nea del aire en todas las direcciones, eliminando zonas de temperatura desigual y proporcionando un confort t&eacute;rmico &oacute;ptimo en cada rinc&oacute;n de la estancia.<\/li>\n<li>Su&nbsp;<strong>panel frontal desmontable<\/strong>&nbsp;facilita las tareas de mantenimiento.<\/li>\n<li><strong>Motor DC Inverter:<\/strong> este modelo garantiza un funcionamiento silencioso, una eficiencia energ&eacute;tica superior y un control preciso del caudal de aire.<\/li>\n<li><strong>Bomba de condensados<\/strong>&nbsp;incluida que asegura un drenaje continuo y eficaz, incluso en ambientes con altos niveles de humedad.<\/li>\n<li><strong>V&aacute;lvula de 3 v&iacute;as opcional&nbsp;<\/strong>que permite una integraci&oacute;n hidr&aacute;ulica m&aacute;s eficiente y precisa.<\/li>\n<li><strong>Dise&ntilde;o compacto y de ancho reducido<\/strong>, lo que permite su instalaci&oacute;n en techos con espacio limitado, sin sacrificar potencia ni est&eacute;tica.&nbsp;<\/li>\n<li>Funciona con<strong>&nbsp;configuraci&oacute;n de 2 tubos<\/strong>, ideal para sistemas de climatizaci&oacute;n sencillos pero efectivos.<\/li>\n<li>Disponible en medidas 90&#215;90 cm.<\/li>\n<\/ul>\n<p><strong>Potencias disponibles:<\/strong> 6,1 kW &#8211; 7,9 kW &#8211; 11,2 kW<\/p>\n<div class='pictosvoz'><\/div>\n","protected":false},"featured_media":13736,"template":"","meta":{"_monsterinsights_skip_tracking":false,"_monsterinsights_sitenote_active":false,"_monsterinsights_sitenote_note":"","_monsterinsights_sitenote_category":0},"product_brand":[],"product_cat":[560,896,895],"product_tag":[687],"class_list":{"0":"post-11887","1":"product","2":"type-product","3":"status-publish","4":"has-post-thumbnail","6":"product_cat-aerotermia","7":"product_cat-cassettes-fancoils","8":"product_cat-fancoils","9":"product_tag-aerotermia","11":"first","12":"instock","13":"shipping-taxable","14":"product-type-simple"},"yoast_head":"<!-- This site is optimized with the Yoast SEO plugin v27.4 - https:\/\/yoast.com\/product\/yoast-seo-wordpress\/ -->\n<title>Cassette Fancoil 4 v\u00edas de Giatsu,<\/title>\n<meta name=\"description\" content=\"Dise\u00f1o de flujo de aire 360\u00b0 y 4 salidas de aire que garantiza una distribuci\u00f3n homog\u00e9nea del aire en todas las direcciones, eliminando zonas de temperatura desigual y proporcionando un confort t\u00e9rmico \u00f3ptimo en cada rinc\u00f3n de la estancia.\" \/>\n<meta name=\"robots\" content=\"index, follow, max-snippet:-1, max-image-preview:large, max-video-preview:-1\" \/>\n<link rel=\"canonical\" href=\"https:\/\/giatsu.com\/es\/aerotermia\/fancoils\/cassettes-fancoils\/fan-coils-cassette-4-vias-90x90-dc\/\" \/>\n<meta property=\"og:locale\" content=\"es_ES\" \/>\n<meta property=\"og:type\" content=\"article\" \/>\n<meta property=\"og:title\" content=\"Cassette Fancoil 4 v\u00edas de Giatsu,\" \/>\n<meta property=\"og:description\" content=\"Dise\u00f1o de flujo de aire 360\u00b0 y 4 salidas de aire que garantiza una distribuci\u00f3n homog\u00e9nea del aire en todas las direcciones, eliminando zonas de temperatura desigual y proporcionando un confort t\u00e9rmico \u00f3ptimo en cada rinc\u00f3n de la estancia.\" \/>\n<meta property=\"og:url\" content=\"https:\/\/giatsu.com\/es\/aerotermia\/fancoils\/cassettes-fancoils\/fan-coils-cassette-4-vias-90x90-dc\/\" \/>\n<meta property=\"og:site_name\" content=\"GIATSU\" \/>\n<meta property=\"article:modified_time\" content=\"2025-07-03T10:22:04+00:00\" \/>\n<meta property=\"og:image\" content=\"https:\/\/giatsu.com\/wp-content\/uploads\/2025\/07\/mka-ec1a6e.webp\" \/>\n\t<meta property=\"og:image:width\" content=\"1500\" \/>\n\t<meta property=\"og:image:height\" content=\"1500\" \/>\n\t<meta property=\"og:image:type\" content=\"image\/webp\" \/>\n<meta name=\"twitter:card\" content=\"summary_large_image\" \/>\n<meta name=\"twitter:label1\" content=\"Tiempo de lectura\" \/>\n\t<meta name=\"twitter:data1\" content=\"1 minuto\" \/>\n<script type=\"application\/ld+json\" class=\"yoast-schema-graph\">{\"@context\":\"https:\\\/\\\/schema.org\",\"@graph\":[{\"@type\":\"WebPage\",\"@id\":\"https:\\\/\\\/giatsu.com\\\/es\\\/aerotermia\\\/fancoils\\\/cassettes-fancoils\\\/fan-coils-cassette-4-vias-90x90-dc\\\/\",\"url\":\"https:\\\/\\\/giatsu.com\\\/es\\\/aerotermia\\\/fancoils\\\/cassettes-fancoils\\\/fan-coils-cassette-4-vias-90x90-dc\\\/\",\"name\":\"Cassette Fancoil 4 v\u00edas de Giatsu,\",\"isPartOf\":{\"@id\":\"https:\\\/\\\/giatsu.com\\\/es\\\/#website\"},\"primaryImageOfPage\":{\"@id\":\"https:\\\/\\\/giatsu.com\\\/es\\\/aerotermia\\\/fancoils\\\/cassettes-fancoils\\\/fan-coils-cassette-4-vias-90x90-dc\\\/#primaryimage\"},\"image\":{\"@id\":\"https:\\\/\\\/giatsu.com\\\/es\\\/aerotermia\\\/fancoils\\\/cassettes-fancoils\\\/fan-coils-cassette-4-vias-90x90-dc\\\/#primaryimage\"},\"thumbnailUrl\":\"https:\\\/\\\/giatsu.com\\\/wp-content\\\/uploads\\\/2025\\\/07\\\/mka-ec1a6e.webp\",\"datePublished\":\"2024-02-23T11:50:27+00:00\",\"dateModified\":\"2025-07-03T10:22:04+00:00\",\"description\":\"Dise\u00f1o de flujo de aire 360\u00b0 y 4 salidas de aire que garantiza una distribuci\u00f3n homog\u00e9nea del aire en todas las direcciones, eliminando zonas de temperatura desigual y proporcionando un confort t\u00e9rmico \u00f3ptimo en cada rinc\u00f3n de la estancia.\",\"breadcrumb\":{\"@id\":\"https:\\\/\\\/giatsu.com\\\/es\\\/aerotermia\\\/fancoils\\\/cassettes-fancoils\\\/fan-coils-cassette-4-vias-90x90-dc\\\/#breadcrumb\"},\"inLanguage\":\"es\",\"potentialAction\":[{\"@type\":\"ReadAction\",\"target\":[\"https:\\\/\\\/giatsu.com\\\/es\\\/aerotermia\\\/fancoils\\\/cassettes-fancoils\\\/fan-coils-cassette-4-vias-90x90-dc\\\/\"]}]},{\"@type\":\"ImageObject\",\"inLanguage\":\"es\",\"@id\":\"https:\\\/\\\/giatsu.com\\\/es\\\/aerotermia\\\/fancoils\\\/cassettes-fancoils\\\/fan-coils-cassette-4-vias-90x90-dc\\\/#primaryimage\",\"url\":\"https:\\\/\\\/giatsu.com\\\/wp-content\\\/uploads\\\/2025\\\/07\\\/mka-ec1a6e.webp\",\"contentUrl\":\"https:\\\/\\\/giatsu.com\\\/wp-content\\\/uploads\\\/2025\\\/07\\\/mka-ec1a6e.webp\",\"width\":1500,\"height\":1500},{\"@type\":\"BreadcrumbList\",\"@id\":\"https:\\\/\\\/giatsu.com\\\/es\\\/aerotermia\\\/fancoils\\\/cassettes-fancoils\\\/fan-coils-cassette-4-vias-90x90-dc\\\/#breadcrumb\",\"itemListElement\":[{\"@type\":\"ListItem\",\"position\":1,\"name\":\"Home\",\"item\":\"https:\\\/\\\/giatsu.com\\\/es\\\/\"},{\"@type\":\"ListItem\",\"position\":2,\"name\":\"PRODUCTOS\",\"item\":\"https:\\\/\\\/giatsu.com\\\/es\\\/productos\\\/\"},{\"@type\":\"ListItem\",\"position\":3,\"name\":\"FANCOILS CASSETTE 2 TUBOS MKA\"}]},{\"@type\":\"WebSite\",\"@id\":\"https:\\\/\\\/giatsu.com\\\/es\\\/#website\",\"url\":\"https:\\\/\\\/giatsu.com\\\/es\\\/\",\"name\":\"GIATSU\",\"description\":\"Quality Comfort Everywhere\",\"potentialAction\":[{\"@type\":\"SearchAction\",\"target\":{\"@type\":\"EntryPoint\",\"urlTemplate\":\"https:\\\/\\\/giatsu.com\\\/es\\\/?s={search_term_string}\"},\"query-input\":{\"@type\":\"PropertyValueSpecification\",\"valueRequired\":true,\"valueName\":\"search_term_string\"}}],\"inLanguage\":\"es\"}]}<\/script>\n<!-- \/ Yoast SEO plugin. -->","yoast_head_json":{"title":"Cassette Fancoil 4 v\u00edas de Giatsu,","description":"Dise\u00f1o de flujo de aire 360\u00b0 y 4 salidas de aire que garantiza una distribuci\u00f3n homog\u00e9nea del aire en todas las direcciones, eliminando zonas de temperatura desigual y proporcionando un confort t\u00e9rmico \u00f3ptimo en cada rinc\u00f3n de la estancia.","robots":{"index":"index","follow":"follow","max-snippet":"max-snippet:-1","max-image-preview":"max-image-preview:large","max-video-preview":"max-video-preview:-1"},"canonical":"https:\/\/giatsu.com\/es\/aerotermia\/fancoils\/cassettes-fancoils\/fan-coils-cassette-4-vias-90x90-dc\/","og_locale":"es_ES","og_type":"article","og_title":"Cassette Fancoil 4 v\u00edas de Giatsu,","og_description":"Dise\u00f1o de flujo de aire 360\u00b0 y 4 salidas de aire que garantiza una distribuci\u00f3n homog\u00e9nea del aire en todas las direcciones, eliminando zonas de temperatura desigual y proporcionando un confort t\u00e9rmico \u00f3ptimo en cada rinc\u00f3n de la estancia.","og_url":"https:\/\/giatsu.com\/es\/aerotermia\/fancoils\/cassettes-fancoils\/fan-coils-cassette-4-vias-90x90-dc\/","og_site_name":"GIATSU","article_modified_time":"2025-07-03T10:22:04+00:00","og_image":[{"width":1500,"height":1500,"url":"https:\/\/giatsu.com\/wp-content\/uploads\/2025\/07\/mka-ec1a6e.webp","type":"image\/webp"}],"twitter_card":"summary_large_image","twitter_misc":{"Tiempo de lectura":"1 minuto"},"schema":{"@context":"https:\/\/schema.org","@graph":[{"@type":"WebPage","@id":"https:\/\/giatsu.com\/es\/aerotermia\/fancoils\/cassettes-fancoils\/fan-coils-cassette-4-vias-90x90-dc\/","url":"https:\/\/giatsu.com\/es\/aerotermia\/fancoils\/cassettes-fancoils\/fan-coils-cassette-4-vias-90x90-dc\/","name":"Cassette Fancoil 4 v\u00edas de Giatsu,","isPartOf":{"@id":"https:\/\/giatsu.com\/es\/#website"},"primaryImageOfPage":{"@id":"https:\/\/giatsu.com\/es\/aerotermia\/fancoils\/cassettes-fancoils\/fan-coils-cassette-4-vias-90x90-dc\/#primaryimage"},"image":{"@id":"https:\/\/giatsu.com\/es\/aerotermia\/fancoils\/cassettes-fancoils\/fan-coils-cassette-4-vias-90x90-dc\/#primaryimage"},"thumbnailUrl":"https:\/\/giatsu.com\/wp-content\/uploads\/2025\/07\/mka-ec1a6e.webp","datePublished":"2024-02-23T11:50:27+00:00","dateModified":"2025-07-03T10:22:04+00:00","description":"Dise\u00f1o de flujo de aire 360\u00b0 y 4 salidas de aire que garantiza una distribuci\u00f3n homog\u00e9nea del aire en todas las direcciones, eliminando zonas de temperatura desigual y proporcionando un confort t\u00e9rmico \u00f3ptimo en cada rinc\u00f3n de la estancia.","breadcrumb":{"@id":"https:\/\/giatsu.com\/es\/aerotermia\/fancoils\/cassettes-fancoils\/fan-coils-cassette-4-vias-90x90-dc\/#breadcrumb"},"inLanguage":"es","potentialAction":[{"@type":"ReadAction","target":["https:\/\/giatsu.com\/es\/aerotermia\/fancoils\/cassettes-fancoils\/fan-coils-cassette-4-vias-90x90-dc\/"]}]},{"@type":"ImageObject","inLanguage":"es","@id":"https:\/\/giatsu.com\/es\/aerotermia\/fancoils\/cassettes-fancoils\/fan-coils-cassette-4-vias-90x90-dc\/#primaryimage","url":"https:\/\/giatsu.com\/wp-content\/uploads\/2025\/07\/mka-ec1a6e.webp","contentUrl":"https:\/\/giatsu.com\/wp-content\/uploads\/2025\/07\/mka-ec1a6e.webp","width":1500,"height":1500},{"@type":"BreadcrumbList","@id":"https:\/\/giatsu.com\/es\/aerotermia\/fancoils\/cassettes-fancoils\/fan-coils-cassette-4-vias-90x90-dc\/#breadcrumb","itemListElement":[{"@type":"ListItem","position":1,"name":"Home","item":"https:\/\/giatsu.com\/es\/"},{"@type":"ListItem","position":2,"name":"PRODUCTOS","item":"https:\/\/giatsu.com\/es\/productos\/"},{"@type":"ListItem","position":3,"name":"FANCOILS CASSETTE 2 TUBOS MKA"}]},{"@type":"WebSite","@id":"https:\/\/giatsu.com\/es\/#website","url":"https:\/\/giatsu.com\/es\/","name":"GIATSU","description":"Quality Comfort Everywhere","potentialAction":[{"@type":"SearchAction","target":{"@type":"EntryPoint","urlTemplate":"https:\/\/giatsu.com\/es\/?s={search_term_string}"},"query-input":{"@type":"PropertyValueSpecification","valueRequired":true,"valueName":"search_term_string"}}],"inLanguage":"es"}]}},"_links":{"self":[{"href":"https:\/\/giatsu.com\/es\/wp-json\/wp\/v2\/product\/11887","targetHints":{"allow":["GET"]}}],"collection":[{"href":"https:\/\/giatsu.com\/es\/wp-json\/wp\/v2\/product"}],"about":[{"href":"https:\/\/giatsu.com\/es\/wp-json\/wp\/v2\/types\/product"}],"wp:featuredmedia":[{"embeddable":true,"href":"https:\/\/giatsu.com\/es\/wp-json\/wp\/v2\/media\/13736"}],"wp:attachment":[{"href":"https:\/\/giatsu.com\/es\/wp-json\/wp\/v2\/media?parent=11887"}],"wp:term":[{"taxonomy":"product_brand","embeddable":true,"href":"https:\/\/giatsu.com\/es\/wp-json\/wp\/v2\/product_brand?post=11887"},{"taxonomy":"product_cat","embeddable":true,"href":"https:\/\/giatsu.com\/es\/wp-json\/wp\/v2\/product_cat?post=11887"},{"taxonomy":"product_tag","embeddable":true,"href":"https:\/\/giatsu.com\/es\/wp-json\/wp\/v2\/product_tag?post=11887"}],"curies":[{"name":"wp","href":"https:\/\/api.w.org\/{rel}","templated":true}]}}