{"id":11885,"date":"2024-02-23T11:50:24","date_gmt":"2024-02-23T11:50:24","guid":{"rendered":"https:\/\/giatsu.com\/?post_type=product&#038;p=11885"},"modified":"2025-07-04T07:27:40","modified_gmt":"2025-07-04T07:27:40","slug":"split-mural","status":"publish","type":"product","link":"https:\/\/giatsu.com\/es\/aerotermia\/fancoils\/split-mural\/split-mural\/","title":{"rendered":"FANCOIL SPLIT MURAL"},"content":{"rendered":"<div class=\"wpb-content-wrapper\"><div class=\"container mb-1 moduloprincipalespictos\">\n<h2 class=\"text-center tituloprincipales\">Caracter\u00edsticas principales<\/h2>\n<div class=\"row row-cols-1 row-cols-md-2 row-cols-xl-3\">\n<div class=\"col-xs-6 col-md-3 order-last\">\n<div class=\"card\">\n                            <img decoding=\"async\" class=\"card-img-top w-100 d-block fit-cover pictoprincipalgrande\" src=\"https:\/\/giatsu.com\/wp-content\/uploads\/2023\/08\/control-cableado-c520c6.webp\" \/><\/p>\n<div class=\"card-body p-4\">\n<h3 class=\"font-weight-bold card-title\">Control cableado<\/h3>\n<p class=\"card-text\">Incluye control cableado con programaci\u00f3n semanal.<\/p>\n<\/p><\/div><\/div><\/div>\n<div class=\"col-xs-6 col-md-3 order-last\">\n<div class=\"card\">\n                            <img decoding=\"async\" class=\"card-img-top w-100 d-block fit-cover pictoprincipalgrande\" src=\"https:\/\/giatsu.com\/wp-content\/uploads\/2023\/08\/facil_control_e_instalacion-2bc27d.webp\" \/><\/p>\n<div class=\"card-body p-4\">\n<h3 class=\"font-weight-bold card-title\">F\u00e1cil control e instalaci\u00f3n<\/h3>\n<p class=\"card-text\">Para cualquier instalaci\u00f3n de climatizaci\u00f3n por conductos de manera f\u00e1cil y sencilla.<\/p>\n<\/p><\/div><\/div><\/div>\n<div class=\"col-xs-6 col-md-3 order-last\">\n<div class=\"card\">\n                            <img decoding=\"async\" class=\"card-img-top w-100 d-block fit-cover pictoprincipalgrande\" src=\"https:\/\/giatsu.com\/wp-content\/uploads\/2025\/06\/filtro-extraible-df35be.webp\" \/><\/p>\n<div class=\"card-body p-4\">\n<h3 class=\"font-weight-bold card-title\">Filtro extra\u00edble<\/h3>\n<p class=\"card-text\">El filtro se extrae con facilidad para su cambio o limpieza.<\/p>\n<\/p><\/div><\/div><\/div><\/div><\/div>\n<hr>\n<p>        [vc_row mobile_bg_img_hidden=\u00bbno\u00bb tablet_bg_img_hidden=\u00bbno\u00bb woodmart_parallax=\u00bb0&#8243; woodmart_gradient_switch=\u00bbno\u00bb row_reverse_mobile=\u00bb0&#8243; row_reverse_tablet=\u00bb0&#8243; woodmart_disable_overflow=\u00bb0&#8243; el_class=\u00bbfilaImgCaracteristica\u00bb][vc_column mobile_bg_img_hidden=\u00bbno\u00bb tablet_bg_img_hidden=\u00bbno\u00bb woodmart_parallax=\u00bb0&#8243; woodmart_sticky_column=\u00bbfalse\u00bb parallax_scroll=\u00bbno\u00bb mobile_reset_margin=\u00bbno\u00bb tablet_reset_margin=\u00bbno\u00bb]<\/p>\n<div class=\"container mb-1\">\n<h3 class=\"text-center\">Informaci\u00f3n t\u00e9cnica<\/h3>\n<div class=\"row row-cols-1 row-cols-md-2 row-cols-xl-3 justify-content-md-center\">\n<div class=\"col-xs-1 col-md-1\">\n<div class=\"card\">\n                            <img decoding=\"async\" class=\"card-img-top w-100 d-block fit-cover pictoprincipalgrande\" src=\"https:\/\/giatsu.com\/wp-content\/uploads\/2025\/06\/valvula-3-vias-opcional-c67145.webp\" \/><\/p>\n<div class=\"card-body p-4\">\n<h4 class=\"card-text textospictospeques\">V\u00e1lvula 3 v\u00edas opcional<\/h4>\n<\/p><\/div><\/div><\/div>\n<div class=\"col-xs-1 col-md-1\">\n<div class=\"card\">\n                            <img decoding=\"async\" class=\"card-img-top w-100 d-block fit-cover pictoprincipalgrande\" src=\"https:\/\/giatsu.com\/wp-content\/uploads\/2025\/06\/2-tubos-4b7d02.webp\" \/><\/p>\n<div class=\"card-body p-4\">\n<h4 class=\"card-text textospictospeques\">2 tubos<\/h4>\n<\/p><\/div><\/div><\/div><\/div><\/div>\n<div class=\"row justify-content-md-center\">\n<div class=\"vc_btn3-container vc_btn3-inline\" id=\"botonDescargarFicha\">\n                        <a target=\"_blank\" class=\"btn btn-light border rounded-4 botondescarga\" href=\"https:\/\/giatsu.com\/documentacion\/\/giatsu-fichas-tecnicas-fancoils-fan-coils-split-mural-2-espanol.pdf\" title=\"\">Descargar ficha t\u00e9cnica<\/a>\n                 <\/div><\/div>\n<div class=\"row\">\n<hr>\n<div class=\"col text-center\"><a target=\"_blank\" href=\"https:\/\/giatsu.com\/documentacion\/\/giatsu-manual-de-usuario-e-instalacion-fancoils-fan-coils-split-mural-2-multiidioma.pdf\" class=\"btn btn-light border rounded-4 botonDescargaManual botondescarga\">Manual de usuario<\/a><\/div>\n<div class=\"col text-center\"><a target=\"_blank\" href=\"https:\/\/giatsu.com\/documentacion\/\/giatsu-manual-de-usuario-e-instalacion-fancoils-fan-coils-split-mural-2-multiidioma.pdf\" class=\"btn btn-light border rounded-4 botonDescargaManual botondescarga\">Manual de instalaci\u00f3n<\/a><\/div>\n<hr>\n<\/div>\n<\/div>","protected":false},"excerpt":{"rendered":"<p>Descubre el Fancoil Split de pared Giatsu, la soluci&oacute;n perfecta para quienes buscan un sistema de climatizaci&oacute;n de alto rendimiento sin renunciar al dise&ntilde;o.<\/p>\n<p>Con un estilo moderno y sofisticado, este equipo se integra armoniosamente en cualquier ambiente, aportando un toque de elegancia a tu espacio. Gracias a su dise&ntilde;o compacto, se adapta f&aacute;cilmente a estancias de todos los tama&ntilde;os, optimizando el espacio.<\/p>\n<p>El Fancoil Split de pared Giatsu est&aacute; dise&ntilde;ado para ofrecer una experiencia de confort superior, combinando tecnolog&iacute;a avanzada con un dise&ntilde;o cuidado al detalle.<\/p>\n<p><strong>Principales caracter&iacute;sticas:<\/strong><\/p>\n<ul>\n<li><strong>Distribuci&oacute;n uniforme del aire<\/strong>, que asegura una climatizaci&oacute;n eficiente y homog&eacute;nea.<\/li>\n<li><strong>Indicador de temperatura en el panel<\/strong>, para un control visual r&aacute;pido y preciso del ambiente.<\/li>\n<li><strong>Filtro extra&iacute;ble<\/strong>, que facilita el mantenimiento y mejora la calidad del aire.<\/li>\n<li><strong>Control remoto<\/strong>, para una gesti&oacute;n c&oacute;moda de todas sus funciones.<\/li>\n<li><strong>V&aacute;lvula de 3 v&iacute;as opcional,<\/strong> que permite una conexi&oacute;n m&aacute;s vers&aacute;til en el sistema hidr&aacute;ulico.<\/li>\n<li><strong>Instalaci&oacute;n r&aacute;pida y sencilla<\/strong>, ideal para ahorrar tiempo y disfrutar cuanto antes de sus beneficios.<\/li>\n<\/ul>\n<p><strong>Potencias disponibles: <\/strong>2,7 kW &#8211; 3,6 kW &#8211; 4,5 kW &#8211; 5,4 kW &#8211; 7,2 kW<\/p>\n<p>&nbsp;<\/p>\n<p>&nbsp;<\/p>\n<p>&nbsp;<\/p>\n<div class='pictosvoz'><\/div>\n","protected":false},"featured_media":13677,"template":"","meta":{"_monsterinsights_skip_tracking":false,"_monsterinsights_sitenote_active":false,"_monsterinsights_sitenote_note":"","_monsterinsights_sitenote_category":0},"product_brand":[],"product_cat":[560,895,899],"product_tag":[687,672],"class_list":{"0":"post-11885","1":"product","2":"type-product","3":"status-publish","4":"has-post-thumbnail","6":"product_cat-aerotermia","7":"product_cat-fancoils","8":"product_cat-split-mural","9":"product_tag-aerotermia","10":"product_tag-split","12":"first","13":"instock","14":"shipping-taxable","15":"product-type-simple"},"yoast_head":"<!-- This site is optimized with the Yoast SEO plugin v27.4 - https:\/\/yoast.com\/product\/yoast-seo-wordpress\/ -->\n<title>Fancoil Split mural Giatsu<\/title>\n<meta name=\"description\" content=\"Gracias a su dise\u00f1o compacto, se adapta f\u00e1cilmente a estancias de todos los tama\u00f1os, optimizando el espacio. Disponible en potencias de 2,7 kW, 3,6 kW, 4,5 kW, 5,4 kW y 7,2 kW, garantiza el m\u00e1ximo confort tanto en \u00e1reas peque\u00f1as como en espacios m\u00e1s amplios.\" \/>\n<meta name=\"robots\" content=\"index, follow, max-snippet:-1, max-image-preview:large, max-video-preview:-1\" \/>\n<link rel=\"canonical\" href=\"https:\/\/giatsu.com\/es\/aerotermia\/fancoils\/split-mural\/split-mural\/\" \/>\n<meta property=\"og:locale\" content=\"es_ES\" \/>\n<meta property=\"og:type\" content=\"article\" \/>\n<meta property=\"og:title\" content=\"Fancoil Split mural Giatsu\" \/>\n<meta property=\"og:description\" content=\"Gracias a su dise\u00f1o compacto, se adapta f\u00e1cilmente a estancias de todos los tama\u00f1os, optimizando el espacio. Disponible en potencias de 2,7 kW, 3,6 kW, 4,5 kW, 5,4 kW y 7,2 kW, garantiza el m\u00e1ximo confort tanto en \u00e1reas peque\u00f1as como en espacios m\u00e1s amplios.\" \/>\n<meta property=\"og:url\" content=\"https:\/\/giatsu.com\/es\/aerotermia\/fancoils\/split-mural\/split-mural\/\" \/>\n<meta property=\"og:site_name\" content=\"GIATSU\" \/>\n<meta property=\"article:modified_time\" content=\"2025-07-04T07:27:40+00:00\" \/>\n<meta property=\"og:image\" content=\"https:\/\/giatsu.com\/wp-content\/uploads\/2025\/06\/split-mural-fancoil-a79866.webp\" \/>\n\t<meta property=\"og:image:width\" content=\"1500\" \/>\n\t<meta property=\"og:image:height\" content=\"1500\" \/>\n\t<meta property=\"og:image:type\" content=\"image\/webp\" \/>\n<meta name=\"twitter:card\" content=\"summary_large_image\" \/>\n<meta name=\"twitter:label1\" content=\"Tiempo de lectura\" \/>\n\t<meta name=\"twitter:data1\" content=\"1 minuto\" \/>\n<script type=\"application\/ld+json\" class=\"yoast-schema-graph\">{\"@context\":\"https:\\\/\\\/schema.org\",\"@graph\":[{\"@type\":\"WebPage\",\"@id\":\"https:\\\/\\\/giatsu.com\\\/es\\\/aerotermia\\\/fancoils\\\/split-mural\\\/split-mural\\\/\",\"url\":\"https:\\\/\\\/giatsu.com\\\/es\\\/aerotermia\\\/fancoils\\\/split-mural\\\/split-mural\\\/\",\"name\":\"Fancoil Split mural Giatsu\",\"isPartOf\":{\"@id\":\"https:\\\/\\\/giatsu.com\\\/es\\\/#website\"},\"primaryImageOfPage\":{\"@id\":\"https:\\\/\\\/giatsu.com\\\/es\\\/aerotermia\\\/fancoils\\\/split-mural\\\/split-mural\\\/#primaryimage\"},\"image\":{\"@id\":\"https:\\\/\\\/giatsu.com\\\/es\\\/aerotermia\\\/fancoils\\\/split-mural\\\/split-mural\\\/#primaryimage\"},\"thumbnailUrl\":\"https:\\\/\\\/giatsu.com\\\/wp-content\\\/uploads\\\/2025\\\/06\\\/split-mural-fancoil-a79866.webp\",\"datePublished\":\"2024-02-23T11:50:24+00:00\",\"dateModified\":\"2025-07-04T07:27:40+00:00\",\"description\":\"Gracias a su dise\u00f1o compacto, se adapta f\u00e1cilmente a estancias de todos los tama\u00f1os, optimizando el espacio. Disponible en potencias de 2,7 kW, 3,6 kW, 4,5 kW, 5,4 kW y 7,2 kW, garantiza el m\u00e1ximo confort tanto en \u00e1reas peque\u00f1as como en espacios m\u00e1s amplios.\",\"breadcrumb\":{\"@id\":\"https:\\\/\\\/giatsu.com\\\/es\\\/aerotermia\\\/fancoils\\\/split-mural\\\/split-mural\\\/#breadcrumb\"},\"inLanguage\":\"es\",\"potentialAction\":[{\"@type\":\"ReadAction\",\"target\":[\"https:\\\/\\\/giatsu.com\\\/es\\\/aerotermia\\\/fancoils\\\/split-mural\\\/split-mural\\\/\"]}]},{\"@type\":\"ImageObject\",\"inLanguage\":\"es\",\"@id\":\"https:\\\/\\\/giatsu.com\\\/es\\\/aerotermia\\\/fancoils\\\/split-mural\\\/split-mural\\\/#primaryimage\",\"url\":\"https:\\\/\\\/giatsu.com\\\/wp-content\\\/uploads\\\/2025\\\/06\\\/split-mural-fancoil-a79866.webp\",\"contentUrl\":\"https:\\\/\\\/giatsu.com\\\/wp-content\\\/uploads\\\/2025\\\/06\\\/split-mural-fancoil-a79866.webp\",\"width\":1500,\"height\":1500},{\"@type\":\"BreadcrumbList\",\"@id\":\"https:\\\/\\\/giatsu.com\\\/es\\\/aerotermia\\\/fancoils\\\/split-mural\\\/split-mural\\\/#breadcrumb\",\"itemListElement\":[{\"@type\":\"ListItem\",\"position\":1,\"name\":\"Home\",\"item\":\"https:\\\/\\\/giatsu.com\\\/es\\\/\"},{\"@type\":\"ListItem\",\"position\":2,\"name\":\"PRODUCTOS\",\"item\":\"https:\\\/\\\/giatsu.com\\\/es\\\/productos\\\/\"},{\"@type\":\"ListItem\",\"position\":3,\"name\":\"FANCOIL SPLIT MURAL\"}]},{\"@type\":\"WebSite\",\"@id\":\"https:\\\/\\\/giatsu.com\\\/es\\\/#website\",\"url\":\"https:\\\/\\\/giatsu.com\\\/es\\\/\",\"name\":\"GIATSU\",\"description\":\"Quality Comfort Everywhere\",\"potentialAction\":[{\"@type\":\"SearchAction\",\"target\":{\"@type\":\"EntryPoint\",\"urlTemplate\":\"https:\\\/\\\/giatsu.com\\\/es\\\/?s={search_term_string}\"},\"query-input\":{\"@type\":\"PropertyValueSpecification\",\"valueRequired\":true,\"valueName\":\"search_term_string\"}}],\"inLanguage\":\"es\"}]}<\/script>\n<!-- \/ Yoast SEO plugin. -->","yoast_head_json":{"title":"Fancoil Split mural Giatsu","description":"Gracias a su dise\u00f1o compacto, se adapta f\u00e1cilmente a estancias de todos los tama\u00f1os, optimizando el espacio. Disponible en potencias de 2,7 kW, 3,6 kW, 4,5 kW, 5,4 kW y 7,2 kW, garantiza el m\u00e1ximo confort tanto en \u00e1reas peque\u00f1as como en espacios m\u00e1s amplios.","robots":{"index":"index","follow":"follow","max-snippet":"max-snippet:-1","max-image-preview":"max-image-preview:large","max-video-preview":"max-video-preview:-1"},"canonical":"https:\/\/giatsu.com\/es\/aerotermia\/fancoils\/split-mural\/split-mural\/","og_locale":"es_ES","og_type":"article","og_title":"Fancoil Split mural Giatsu","og_description":"Gracias a su dise\u00f1o compacto, se adapta f\u00e1cilmente a estancias de todos los tama\u00f1os, optimizando el espacio. Disponible en potencias de 2,7 kW, 3,6 kW, 4,5 kW, 5,4 kW y 7,2 kW, garantiza el m\u00e1ximo confort tanto en \u00e1reas peque\u00f1as como en espacios m\u00e1s amplios.","og_url":"https:\/\/giatsu.com\/es\/aerotermia\/fancoils\/split-mural\/split-mural\/","og_site_name":"GIATSU","article_modified_time":"2025-07-04T07:27:40+00:00","og_image":[{"width":1500,"height":1500,"url":"https:\/\/giatsu.com\/wp-content\/uploads\/2025\/06\/split-mural-fancoil-a79866.webp","type":"image\/webp"}],"twitter_card":"summary_large_image","twitter_misc":{"Tiempo de lectura":"1 minuto"},"schema":{"@context":"https:\/\/schema.org","@graph":[{"@type":"WebPage","@id":"https:\/\/giatsu.com\/es\/aerotermia\/fancoils\/split-mural\/split-mural\/","url":"https:\/\/giatsu.com\/es\/aerotermia\/fancoils\/split-mural\/split-mural\/","name":"Fancoil Split mural Giatsu","isPartOf":{"@id":"https:\/\/giatsu.com\/es\/#website"},"primaryImageOfPage":{"@id":"https:\/\/giatsu.com\/es\/aerotermia\/fancoils\/split-mural\/split-mural\/#primaryimage"},"image":{"@id":"https:\/\/giatsu.com\/es\/aerotermia\/fancoils\/split-mural\/split-mural\/#primaryimage"},"thumbnailUrl":"https:\/\/giatsu.com\/wp-content\/uploads\/2025\/06\/split-mural-fancoil-a79866.webp","datePublished":"2024-02-23T11:50:24+00:00","dateModified":"2025-07-04T07:27:40+00:00","description":"Gracias a su dise\u00f1o compacto, se adapta f\u00e1cilmente a estancias de todos los tama\u00f1os, optimizando el espacio. Disponible en potencias de 2,7 kW, 3,6 kW, 4,5 kW, 5,4 kW y 7,2 kW, garantiza el m\u00e1ximo confort tanto en \u00e1reas peque\u00f1as como en espacios m\u00e1s amplios.","breadcrumb":{"@id":"https:\/\/giatsu.com\/es\/aerotermia\/fancoils\/split-mural\/split-mural\/#breadcrumb"},"inLanguage":"es","potentialAction":[{"@type":"ReadAction","target":["https:\/\/giatsu.com\/es\/aerotermia\/fancoils\/split-mural\/split-mural\/"]}]},{"@type":"ImageObject","inLanguage":"es","@id":"https:\/\/giatsu.com\/es\/aerotermia\/fancoils\/split-mural\/split-mural\/#primaryimage","url":"https:\/\/giatsu.com\/wp-content\/uploads\/2025\/06\/split-mural-fancoil-a79866.webp","contentUrl":"https:\/\/giatsu.com\/wp-content\/uploads\/2025\/06\/split-mural-fancoil-a79866.webp","width":1500,"height":1500},{"@type":"BreadcrumbList","@id":"https:\/\/giatsu.com\/es\/aerotermia\/fancoils\/split-mural\/split-mural\/#breadcrumb","itemListElement":[{"@type":"ListItem","position":1,"name":"Home","item":"https:\/\/giatsu.com\/es\/"},{"@type":"ListItem","position":2,"name":"PRODUCTOS","item":"https:\/\/giatsu.com\/es\/productos\/"},{"@type":"ListItem","position":3,"name":"FANCOIL SPLIT MURAL"}]},{"@type":"WebSite","@id":"https:\/\/giatsu.com\/es\/#website","url":"https:\/\/giatsu.com\/es\/","name":"GIATSU","description":"Quality Comfort Everywhere","potentialAction":[{"@type":"SearchAction","target":{"@type":"EntryPoint","urlTemplate":"https:\/\/giatsu.com\/es\/?s={search_term_string}"},"query-input":{"@type":"PropertyValueSpecification","valueRequired":true,"valueName":"search_term_string"}}],"inLanguage":"es"}]}},"_links":{"self":[{"href":"https:\/\/giatsu.com\/es\/wp-json\/wp\/v2\/product\/11885","targetHints":{"allow":["GET"]}}],"collection":[{"href":"https:\/\/giatsu.com\/es\/wp-json\/wp\/v2\/product"}],"about":[{"href":"https:\/\/giatsu.com\/es\/wp-json\/wp\/v2\/types\/product"}],"wp:featuredmedia":[{"embeddable":true,"href":"https:\/\/giatsu.com\/es\/wp-json\/wp\/v2\/media\/13677"}],"wp:attachment":[{"href":"https:\/\/giatsu.com\/es\/wp-json\/wp\/v2\/media?parent=11885"}],"wp:term":[{"taxonomy":"product_brand","embeddable":true,"href":"https:\/\/giatsu.com\/es\/wp-json\/wp\/v2\/product_brand?post=11885"},{"taxonomy":"product_cat","embeddable":true,"href":"https:\/\/giatsu.com\/es\/wp-json\/wp\/v2\/product_cat?post=11885"},{"taxonomy":"product_tag","embeddable":true,"href":"https:\/\/giatsu.com\/es\/wp-json\/wp\/v2\/product_tag?post=11885"}],"curies":[{"name":"wp","href":"https:\/\/api.w.org\/{rel}","templated":true}]}}